{"id":2942,"date":"2025-10-27T13:54:59","date_gmt":"2025-10-27T13:54:59","guid":{"rendered":"https:\/\/rfid-laundry-tag.com\/?post_type=product&#038;p=2942"},"modified":"2025-10-27T14:13:32","modified_gmt":"2025-10-27T14:13:32","slug":"iron-heating-sealed-rfid-laundry-tag","status":"publish","type":"product","link":"https:\/\/rfid-laundry-tag.com\/vi\/iron-heating-sealed-rfid-laundry-tag\/","title":{"rendered":"Th\u1ebb gi\u1eb7t \u1ee7i RFID ni\u00eam phong b\u1eb1ng s\u1eaft"},"content":{"rendered":"<div>\n<div class=\"auto-hide-last-sibling-br paragraph_1252f paragraph-element\">\n<h2 data-start=\"0\" data-end=\"75\"><strong data-start=\"0\" data-end=\"75\">Th\u1ebb gi\u1eb7t \u1ee7i RFID ni\u00eam phong b\u1eb1ng s\u1eaft \u2013 B\u1ec1n, Hi\u1ec7u qu\u1ea3 v\u00e0 \u0110\u00e1ng tin c\u1eady<\/strong><\/h2>\n<p data-start=\"77\" data-end=\"443\">C\u00e1c <strong data-start=\"81\" data-end=\"121\">Th\u1ebb gi\u1eb7t \u1ee7i RFID ni\u00eam phong b\u1eb1ng s\u1eaft<\/strong> l\u00e0 gi\u1ea3i ph\u00e1p hi\u1ec7u su\u1ea5t cao \u0111\u1ec3 nh\u1eadn d\u1ea1ng v\u00e0 theo d\u00f5i h\u00e0ng d\u1ec7t may, \u0111\u01b0\u1ee3c thi\u1ebft k\u1ebf \u0111\u1eb7c bi\u1ec7t cho c\u00e1c ng\u00e0nh gi\u1eb7t l\u00e0 c\u00f4ng nghi\u1ec7p, ch\u0103m s\u00f3c s\u1ee9c kh\u1ecfe v\u00e0 qu\u1ea3n l\u00fd \u0111\u1ed3ng ph\u1ee5c. V\u1edbi \u0111\u1ed9 b\u1ec1n v\u01b0\u1ee3t tr\u1ed9i, s\u1ea3n ph\u1ea9m ho\u1ea1t \u0111\u1ed9ng t\u1ed1t trong \u0111i\u1ec1u ki\u1ec7n gi\u1eb7t \u1ee7i kh\u1eafc nghi\u1ec7t, \u0111\u1ea3m b\u1ea3o theo d\u00f5i li\u1ec1n m\u1ea1ch v\u00e0 l\u00e2u d\u00e0i c\u00e1c s\u1ea3n ph\u1ea9m gi\u1eb7t l\u00e0 tr\u00ean kh\u1eafp Ch\u00e2u \u00c2u, Hoa K\u1ef3 v\u00e0 Canada.<\/p>\n<h3 data-start=\"445\" data-end=\"462\">L\u1ee3i \u00edch ch\u00ednh:<\/h3>\n<ul data-start=\"463\" data-end=\"937\">\n<li data-start=\"463\" data-end=\"616\">\n<p data-start=\"465\" data-end=\"616\"><strong data-start=\"465\" data-end=\"496\">Ch\u1ed1ng th\u1ea5m n\u01b0\u1edbc v\u00e0 ch\u1ecbu nhi\u1ec7t<\/strong>: Ch\u1ecbu \u0111\u01b0\u1ee3c ch\u1ea5t t\u1ea9y r\u1eeda, thu\u1ed1c t\u1ea9y v\u00e0 nhi\u1ec7t \u0111\u1ed9 cao, \u0111\u1ea3m b\u1ea3o \u0111\u1ed9 b\u1ec1n trong quy tr\u00ecnh gi\u1eb7t l\u00e0 c\u00f4ng nghi\u1ec7p.<\/p>\n<\/li>\n<li data-start=\"617\" data-end=\"731\">\n<p data-start=\"619\" data-end=\"731\"><strong data-start=\"619\" data-end=\"647\">Hi\u1ec7u su\u1ea5t l\u00e2u d\u00e0i<\/strong>: Ch\u1ecbu \u0111\u01b0\u1ee3c t\u1edbi <strong data-start=\"663\" data-end=\"685\">200 chu k\u1ef3 gi\u1eb7t<\/strong> ho\u1eb7c <strong data-start=\"689\" data-end=\"703\">300 l\u1ea7n gi\u1eb7t<\/strong>, \u0111\u1ea3m b\u1ea3o s\u1eed d\u1ee5ng l\u00e2u d\u00e0i.<\/p>\n<\/li>\n<li data-start=\"732\" data-end=\"829\">\n<p data-start=\"734\" data-end=\"829\"><strong data-start=\"734\" data-end=\"757\">Ph\u1ea1m vi \u0111\u1ecdc v\u01b0\u1ee3t tr\u1ed9i<\/strong>: Cung c\u1ea5p kho\u1ea3ng c\u00e1ch \u0111\u1ecdc <strong data-start=\"785\" data-end=\"800\">8-12 m\u00e9t<\/strong> \u0111\u1ec3 qu\u00e9t nhanh v\u00e0 ch\u00ednh x\u00e1c.<\/p>\n<\/li>\n<li data-start=\"830\" data-end=\"937\">\n<p data-start=\"832\" data-end=\"937\"><strong data-start=\"832\" data-end=\"852\">Quay v\u00f2ng nhanh ch\u00f3ng<\/strong>: Th\u1eddi gian giao h\u00e0ng nhanh ch\u00f3ng ch\u1ec9 <strong data-start=\"877\" data-end=\"887\">3 ng\u00e0y<\/strong>, \u0111\u1ea3m b\u1ea3o b\u1ea1n nh\u1eadn \u0111\u01b0\u1ee3c nh\u1eefng g\u00ec b\u1ea1n c\u1ea7n khi b\u1ea1n c\u1ea7n.<\/p>\n<\/li>\n<\/ul>\n<h3 data-start=\"939\" data-end=\"956\">C\u00e1c t\u00ednh n\u0103ng ch\u00ednh:<\/h3>\n<ul data-start=\"957\" data-end=\"1499\">\n<li data-start=\"957\" data-end=\"1123\">\n<p data-start=\"959\" data-end=\"1123\"><strong data-start=\"959\" data-end=\"990\">Ch\u1ed1ng h\u00f3a ch\u1ea5t v\u00e0 n\u01b0\u1edbc<\/strong>: \u0110\u01b0\u1ee3c thi\u1ebft k\u1ebf \u0111\u1ec3 ch\u1ed1ng l\u1ea1i ch\u1ea5t t\u1ea9y r\u1eeda, ch\u1ea5t l\u00e0m m\u1ec1m, thu\u1ed1c t\u1ea9y v\u00e0 x\u1eed l\u00fd b\u1eb1ng ki\u1ec1m, th\u1ebb RFID n\u00e0y v\u1eabn ho\u1ea1t \u0111\u1ed9ng trong \u0111i\u1ec1u ki\u1ec7n kh\u1eafc nghi\u1ec7t.<\/p>\n<\/li>\n<li data-start=\"1124\" data-end=\"1248\">\n<p data-start=\"1126\" data-end=\"1248\"><strong data-start=\"1126\" data-end=\"1152\">C\u00f4ng ngh\u1ec7 h\u00e0n nhi\u1ec7t<\/strong>: D\u1ec5 d\u00e0ng t\u00edch h\u1ee3p v\u1edbi m\u00e1y h\u00e0n nhi\u1ec7t, t\u1ea1o \u0111\u1ed9 b\u00e1m d\u00ednh ch\u1eafc ch\u1eafn v\u00e0 l\u00e2u d\u00e0i tr\u00ean v\u1ea3i.<\/p>\n<\/li>\n<li data-start=\"1249\" data-end=\"1388\">\n<p data-start=\"1251\" data-end=\"1388\"><strong data-start=\"1251\" data-end=\"1272\">C\u00f3 th\u1ec3 \u1ee7i v\u00e0 may<\/strong>: \u1ee8ng d\u1ee5ng linh ho\u1ea1t th\u00f4ng qua ph\u01b0\u01a1ng ph\u00e1p \u00e9p nhi\u1ec7t ho\u1eb7c kh\u00e2u, l\u00fd t\u01b0\u1edfng \u0111\u1ec3 nh\u00fang th\u1ebb v\u00e0o m\u00e9p v\u1ea3i ho\u1eb7c nh\u00e3n ch\u0103m s\u00f3c.<\/p>\n<\/li>\n<li data-start=\"1389\" data-end=\"1499\">\n<p data-start=\"1391\" data-end=\"1499\"><strong data-start=\"1391\" data-end=\"1421\">Ch\u1ecbu nhi\u1ec7t \u0111\u1ed9 cao<\/strong>: \u0110\u01b0\u1ee3c thi\u1ebft k\u1ebf \u0111\u1ec3 ch\u1ecbu \u0111\u01b0\u1ee3c nhi\u1ec7t \u0111\u1ed9 gi\u1eb7t c\u00f4ng nghi\u1ec7p cao v\u00e0 \u1ee9ng su\u1ea5t c\u01a1 h\u1ecdc.<\/p>\n<\/li>\n<\/ul>\n<h3 data-start=\"1501\" data-end=\"1530\">Th\u00f4ng s\u1ed1 k\u1ef9 thu\u1eadt:<\/h3>\n<ul data-start=\"1531\" data-end=\"2169\">\n<li data-start=\"1531\" data-end=\"1653\">\n<p data-start=\"1533\" data-end=\"1653\"><strong data-start=\"1533\" data-end=\"1549\">T\u00f9y ch\u1ecdn k\u00edch th\u01b0\u1edbc<\/strong>: 35mm x 15mm, 58mm x 15mm, 70mm x 10mm, 70mm x 15mm, 75mm x 12mm, 75mm x 15mm (c\u00f3 s\u1eb5n k\u00edch th\u01b0\u1edbc t\u00f9y ch\u1ec9nh).<\/p>\n<\/li>\n<li data-start=\"1654\" data-end=\"1710\">\n<p data-start=\"1656\" data-end=\"1710\"><strong data-start=\"1656\" data-end=\"1674\">Ti\u00eau chu\u1ea9n RFID<\/strong>: ISO\/IEC 18000-6 Lo\u1ea1i C (EPC Gen2).<\/p>\n<\/li>\n<li data-start=\"1711\" data-end=\"1770\">\n<p data-start=\"1713\" data-end=\"1770\"><strong data-start=\"1713\" data-end=\"1729\">T\u00f9y ch\u1ecdn Chip<\/strong>: NXP U CODE 9, Alien H9, v.v.<\/p>\n<\/li>\n<li data-start=\"1771\" data-end=\"1813\">\n<p data-start=\"1773\" data-end=\"1813\"><strong data-start=\"1773\" data-end=\"1783\">K\u00fd \u1ee9c<\/strong>: EPC 128 bit, Ng\u01b0\u1eddi d\u00f9ng 512 bit.<\/p>\n<\/li>\n<li data-start=\"1814\" data-end=\"1852\">\n<p data-start=\"1816\" data-end=\"1852\"><strong data-start=\"1816\" data-end=\"1830\">Ph\u1ea1m vi \u0111\u1ecdc<\/strong>: 8M \u2013 10M (FCC\/ETSI).<\/p>\n<\/li>\n<li data-start=\"1853\" data-end=\"1927\">\n<p data-start=\"1855\" data-end=\"1927\"><strong data-start=\"1855\" data-end=\"1874\">Ph\u01b0\u01a1ng ph\u00e1p g\u1eafn th\u1ebb<\/strong>: Ni\u00eam phong nhi\u1ec7t, keo d\u00e1n n\u00f3ng ho\u1eb7c \u0111\u1ee5c l\u1ed7.<\/p>\n<\/li>\n<li data-start=\"1928\" data-end=\"2042\">\n<p data-start=\"1930\" data-end=\"2042\"><strong data-start=\"1930\" data-end=\"1956\">Nhi\u1ec7t \u0111\u1ed9 v\u00e0 \u0111\u1ed9 \u1ea9m<\/strong>: Ho\u1ea1t \u0111\u1ed9ng gi\u1eefa <strong data-start=\"1975\" data-end=\"1993\">-20\u00b0C \u0111\u1ebfn 110\u00b0C<\/strong>; ph\u1ea1m vi l\u01b0u tr\u1eef <strong data-start=\"2009\" data-end=\"2027\">-40\u00b0C \u0111\u1ebfn 110\u00b0C<\/strong> v\u1edbi 8-95% RH.<\/p>\n<\/li>\n<li data-start=\"2043\" data-end=\"2169\">\n<p data-start=\"2045\" data-end=\"2169\"><strong data-start=\"2045\" data-end=\"2072\">R\u1eeda &amp; Kh\u1eed tr\u00f9ng<\/strong>: Ch\u1ecbu \u0111\u01b0\u1ee3c nhi\u1ec7t \u0111\u1ed9 gi\u1eb7t l\u00ean \u0111\u1ebfn <strong data-start=\"2111\" data-end=\"2119\">90\u00b0C<\/strong> v\u00e0 kh\u1eed tr\u00f9ng t\u1ea1i <strong data-start=\"2141\" data-end=\"2168\">135\u00b0C trong 15-20 ph\u00fat<\/strong>.<\/p>\n<\/li>\n<\/ul>\n<\/div>\n<\/div>\n<h2 data-start=\"2812\" data-end=\"3015\"><strong>B\u1ea3ng d\u1eef li\u1ec7u<\/strong><\/h2>\n<div>\n<div class=\"auto-hide-last-sibling-br paragraph_1252f paragraph-element\">\n<div>\n<table width=\"637\">\n<tbody>\n<tr>\n<td width=\"328\">T\u00ean s\u1ea3n ph\u1ea9m:<\/td>\n<td width=\"309\">Th\u1ebb gi\u1eb7t \u1ee7i RFID ni\u00eam phong b\u1eb1ng s\u1eaft<\/td>\n<\/tr>\n<tr>\n<td width=\"328\">Ti\u00eau chu\u1ea9n RFID:<\/td>\n<td width=\"309\">ISO\/IEC 18000-6 Lo\u1ea1i C (EPC Gen2)<\/td>\n<\/tr>\n<tr>\n<td width=\"328\">K\u00edch th\u01b0\u1edbc &amp; Tr\u1ecdng l\u01b0\u1ee3ng:<\/td>\n<td width=\"309\">\u00a035mm x 15mm; 58mm x 15mm; 70mm x 10mm 70 x 15mm 75 x 12mm 75 x 15mm ho\u1eb7c t\u00f9y ch\u1ec9nh<\/td>\n<\/tr>\n<tr>\n<td width=\"328\">Lo\u1ea1i chip:<\/td>\n<td width=\"309\">Monza 4QT, NXP U CODE 9, Alien H9, v.v.<\/td>\n<\/tr>\n<tr>\n<td width=\"328\">B\u1ed9 nh\u1edb EPC:<\/td>\n<td width=\"309\">128 bit<\/td>\n<\/tr>\n<tr>\n<td width=\"328\">B\u1ed9 nh\u1edb ng\u01b0\u1eddi d\u00f9ng:<\/td>\n<td width=\"309\">512 bit<\/td>\n<\/tr>\n<tr>\n<td width=\"328\">Ph\u1ea1m vi \u0111\u1ecdc (2W ERP FCC):<\/td>\n<td width=\"309\">8 th\u00e1ng ~ 10 th\u00e1ng<\/td>\n<\/tr>\n<tr>\n<td width=\"328\">Ph\u1ea1m vi \u0111\u1ecdc (2W ERP ETSI):<\/td>\n<td width=\"309\">8 th\u00e1ng ~ 10 th\u00e1ng<\/td>\n<\/tr>\n<tr>\n<td width=\"328\">G\u1eafn th\u1ebb:<\/td>\n<td width=\"309\">Keo d\u00e1n d\u1eadp n\u00f3ng, keo d\u00e1n nhi\u1ec7t, l\u1ed7, v.v.<\/td>\n<\/tr>\n<tr>\n<td width=\"328\">Tu\u1ed5i th\u1ecd \u01b0\u1edbc t\u00ednh:<\/td>\n<td width=\"309\">200 chu k\u1ef3 gi\u1eb7t ho\u1eb7c 300 l\u1ea7n<\/td>\n<\/tr>\n<tr>\n<td width=\"328\">Ph\u01b0\u01a1ng ph\u00e1p gi\u1eb7t:<\/td>\n<td width=\"309\">Gi\u1eb7t \u1ee7i, Gi\u1eb7t kh\u00f4<\/td>\n<\/tr>\n<tr>\n<td width=\"328\">\u00c1p su\u1ea5t h\u00fat n\u01b0\u1edbc:<\/td>\n<td width=\"309\">60 thanh<\/td>\n<\/tr>\n<tr>\n<td width=\"328\">Kh\u1ea3 n\u0103ng ch\u1ed1ng n\u01b0\u1edbc:<\/td>\n<td width=\"309\">Ch\u1ed1ng n\u01b0\u1edbc<\/td>\n<\/tr>\n<tr>\n<td width=\"328\">Kh\u1ea3 n\u0103ng kh\u00e1ng h\u00f3a ch\u1ea5t:<\/td>\n<td width=\"309\">Ch\u1ea5t t\u1ea9y r\u1eeda, Ch\u1ea5t l\u00e0m m\u1ec1m, Ch\u1ea5t t\u1ea9y tr\u1eafng (Oxy\/ Clo), Ch\u1ea5t ki\u1ec1m<\/td>\n<\/tr>\n<tr>\n<td width=\"328\">L\u00e0m kh\u00f4 tr\u01b0\u1edbc trong m\u00e1y s\u1ea5y:<\/td>\n<td width=\"309\">125 \u00baC trong 15-20 ph\u00fat<\/td>\n<\/tr>\n<tr>\n<td width=\"328\">Nhi\u1ec7t \u0111\u1ed9 kh\u1eed tr\u00f9ng:<\/td>\n<td width=\"309\">135\u00b0C trong 15-20 ph\u00fat<\/td>\n<\/tr>\n<tr>\n<td width=\"328\">Nhi\u1ec7t \u0111\u1ed9 gi\u1eb7t:<\/td>\n<td width=\"309\">90\u00b0C, T\u1ed1i \u0111a 15 ph\u00fat.<\/td>\n<\/tr>\n<tr>\n<td width=\"328\">\u0110\u1ed9 \u1ea9m\/ Nhi\u1ec7t \u0111\u1ed9-Ho\u1ea1t \u0111\u1ed9ng:<\/td>\n<td width=\"309\">-20 \u0111\u1ebfn 110\u00b0C, 8 \u0111\u1ebfn 95%RH<\/td>\n<\/tr>\n<tr>\n<td width=\"328\">\u0110\u1ed9 \u1ea9m\/ Nhi\u1ec7t \u0111\u1ed9-L\u01b0u tr\u1eef:<\/td>\n<td width=\"309\">-40 \u0111\u1ebfn 110\u00b0C, 8 \u0111\u1ebfn 95%RH<\/td>\n<\/tr>\n<\/tbody>\n<\/table>\n<\/div>\n<\/div>\n<\/div>\n<div><\/div>\n<div class=\"auto-hide-last-sibling-br paragraph_1252f paragraph-element\"><span class=\"AnswerParser_TextContainer__z_Iiv\" data-testid=\"youchat-text\"><strong>Th\u1ebb gi\u1eb7t RFID UHF<\/strong> l\u00e0 gi\u1ea3i ph\u00e1p t\u1ed1i \u01b0u \u0111\u1ec3 qu\u1ea3n l\u00fd hi\u1ec7u qu\u1ea3 qu\u1ea7n \u00e1o l\u00e0m vi\u1ec7c, kh\u0103n t\u1eafm kh\u00e1ch s\u1ea1n v\u00e0 kh\u0103n tr\u1ea3i gi\u01b0\u1eddng b\u1ec7nh vi\u1ec7n. Nh\u1eefng th\u1ebb b\u1ec1n n\u00e0y \u0111\u01b0\u1ee3c thi\u1ebft k\u1ebf \u0111\u1ec3 ch\u1ecbu \u0111\u01b0\u1ee3c nhi\u1ec7t \u0111\u1ed9 cao v\u00e0 h\u00f3a ch\u1ea5t kh\u1eafc nghi\u1ec7t th\u01b0\u1eddng \u0111\u01b0\u1ee3c s\u1eed d\u1ee5ng trong quy tr\u00ecnh gi\u1eb7t c\u00f4ng nghi\u1ec7p. C\u1ea5u tr\u00fac ch\u1eafc ch\u1eafn c\u1ee7a ch\u00fang \u0111\u1ea3m b\u1ea3o r\u1eb1ng ch\u00fang v\u1eabn ho\u1ea1t \u0111\u1ed9ng ngay c\u1ea3 sau nhi\u1ec1u chu k\u1ef3 gi\u1eb7t, khi\u1ebfn ch\u00fang tr\u1edf th\u00e0nh t\u00e0i s\u1ea3n v\u00f4 gi\u00e1 trong b\u1ea5t k\u1ef3 ho\u1ea1t \u0111\u1ed9ng gi\u1eb7t gi\u0169 n\u00e0o.<\/span><span class=\"AnswerParser_TextContainer__z_Iiv\" data-testid=\"youchat-text\">B\u1eb1ng c\u00e1ch t\u00edch h\u1ee3p c\u00f4ng ngh\u1ec7 RFID v\u00e0o h\u1ec7 th\u1ed1ng qu\u1ea3n l\u00fd gi\u1eb7t l\u00e0, b\u1ea1n c\u00f3 th\u1ec3 gi\u1ea3m \u0111\u00e1ng k\u1ec3 chi ph\u00ed x\u1eed l\u00fd. C\u1ed5ng v\u00e0 qu\u1ea7y RFID h\u1ee3p l\u00fd h\u00f3a quy tr\u00ecnh theo d\u00f5i, cho ph\u00e9p b\u1ea1n nhanh ch\u00f3ng \u0111\u1ecbnh v\u1ecb v\u00e0 nh\u1eadn d\u1ea1ng c\u00e1c m\u1eb7t h\u00e0ng gi\u1eb7t l\u00e0. \u0110i\u1ec1u n\u00e0y kh\u00f4ng ch\u1ec9 ti\u1ebft ki\u1ec7m th\u1eddi gian m\u00e0 c\u00f2n n\u00e2ng cao \u0111\u1ed9 ch\u00ednh x\u00e1c c\u1ee7a h\u00e0ng t\u1ed3n kho, cho ph\u00e9p b\u1ea1n theo d\u00f5i chu k\u1ef3 gi\u1eb7t m\u1ed9t c\u00e1ch d\u1ec5 d\u00e0ng. V\u1edbi th\u1ebb gi\u1eb7t l\u00e0 RFID UHF, b\u1ea1n s\u1ebd c\u1ea3i thi\u1ec7n hi\u1ec7u qu\u1ea3 ho\u1ea1t \u0111\u1ed9ng v\u00e0 \u0111\u1ea3m b\u1ea3o r\u1eb1ng c\u00e1c m\u1eb7t h\u00e0ng gi\u1eb7t l\u00e0 c\u1ee7a b\u1ea1n lu\u00f4n \u0111\u01b0\u1ee3c t\u00ednh \u0111\u1ebfn.<\/span><\/div>\n<div><\/div>\n<div>\n<h3 data-start=\"2171\" data-end=\"2219\">\u0110\u01b0\u1ee3c t\u1ed1i \u01b0u h\u00f3a cho ho\u1ea1t \u0111\u1ed9ng gi\u1eb7t l\u00e0 c\u00f4ng nghi\u1ec7p:<\/h3>\n<p data-start=\"2220\" data-end=\"2515\">Th\u1ebb gi\u1eb7t \u1ee7i RFID UHF mang \u0111\u1ebfn kh\u1ea3 n\u0103ng qu\u1ea3n l\u00fd t\u00e0i s\u1ea3n hi\u1ec7u qu\u1ea3 cho \u0111\u1ed3ng ph\u1ee5c c\u00f4ng s\u1edf, kh\u0103n tr\u1ea3i gi\u01b0\u1eddng kh\u00e1ch s\u1ea1n, \u0111\u1ed3 d\u1ec7t may b\u1ec7nh vi\u1ec7n, v.v. V\u1edbi kh\u1ea3 n\u0103ng ch\u1ecbu \u0111\u01b0\u1ee3c nhi\u1ec7t \u0111\u1ed9 cao v\u00e0 h\u00f3a ch\u1ea5t m\u1ea1nh, th\u1ebb v\u1eabn ho\u1ea1t \u0111\u1ed9ng t\u1ed1t ngay c\u1ea3 sau nhi\u1ec1u l\u1ea7n gi\u1eb7t, \u0111\u1ea3m b\u1ea3o quy tr\u00ecnh gi\u1eb7t \u1ee7i c\u1ee7a b\u1ea1n di\u1ec5n ra su\u00f4n s\u1ebb.<\/p>\n<p data-start=\"2517\" data-end=\"2583\">B\u1eb1ng c\u00e1ch t\u00edch h\u1ee3p RFID v\u00e0o h\u1ec7 th\u1ed1ng qu\u1ea3n l\u00fd gi\u1eb7t l\u00e0, b\u1ea1n s\u1ebd \u0111\u1ea1t \u0111\u01b0\u1ee3c:<\/p>\n<ul data-start=\"2584\" data-end=\"2810\">\n<li data-start=\"2584\" data-end=\"2675\">\n<p data-start=\"2586\" data-end=\"2675\"><strong data-start=\"2586\" data-end=\"2609\">Hi\u1ec7u qu\u1ea3 \u0111\u01b0\u1ee3c n\u00e2ng cao<\/strong>: Theo d\u00f5i h\u00e0ng t\u1ed3n kho nhanh h\u01a1n, ch\u00ednh x\u00e1c h\u01a1n gi\u00fap gi\u1ea3m chi ph\u00ed x\u1eed l\u00fd.<\/p>\n<\/li>\n<li data-start=\"2676\" data-end=\"2810\">\n<p data-start=\"2678\" data-end=\"2810\"><strong data-start=\"2678\" data-end=\"2699\">\u0110\u1ed9 ch\u00ednh x\u00e1c \u0111\u01b0\u1ee3c c\u1ea3i thi\u1ec7n<\/strong>:C\u00f4ng ngh\u1ec7 RFID \u0111\u1ea3m b\u1ea3o theo d\u00f5i v\u1ecb tr\u00ed ch\u00ednh x\u00e1c, gi\u1ea3m thi\u1ec3u sai s\u00f3t v\u00e0 \u0111\u1ea3m b\u1ea3o c\u00e1c m\u1eb7t h\u00e0ng \u0111\u01b0\u1ee3c ki\u1ec3m k\u00ea.<\/p>\n<\/li>\n<\/ul>\n<p data-start=\"2812\" data-end=\"3015\"><strong data-start=\"2812\" data-end=\"2853\">Th\u1ebb gi\u1eb7t \u1ee7i RFID ni\u00eam phong b\u1eb1ng s\u1eaft<\/strong> gi\u00fap ho\u1ea1t \u0111\u1ed9ng gi\u1eb7t gi\u0169 c\u1ee7a b\u1ea1n nhanh h\u01a1n, \u0111\u00e1ng tin c\u1eady h\u01a1n v\u00e0 ti\u1ebft ki\u1ec7m chi ph\u00ed h\u01a1n, h\u1ee3p l\u00fd h\u00f3a quy tr\u00ecnh l\u00e0m vi\u1ec7c v\u00e0 \u0111\u1ea3m b\u1ea3o r\u1eb1ng c\u00e1c m\u1eb7t h\u00e0ng c\u1ee7a b\u1ea1n lu\u00f4n c\u00f3 th\u1ec3 theo d\u00f5i \u0111\u01b0\u1ee3c sau m\u1ed7i l\u1ea7n gi\u1eb7t.<\/p>\n<\/div>\n<div data-spm-anchor-id=\"a2700.details.0.i57.23b419c7xXORP0\"><\/div>\n<div class=\"auto-hide-last-sibling-br paragraph_1252f paragraph-element\"><\/div>\n<div class=\"auto-hide-last-sibling-br paragraph_1252f paragraph-element\"><\/div>","protected":false},"excerpt":{"rendered":"<p>Ch\u00fang t\u00f4i l\u00e0 nh\u00e0 s\u1ea3n xu\u1ea5t TOP 5 v\u1ec1 Th\u1ebb gi\u1eb7t \u1ee7i RFID ni\u00eam phong b\u1eb1ng s\u1eaft<strong>.Th\u1ebb gi\u1eb7t RFID<\/strong>\u00a0\u0111\u1ea3m b\u1ea3o \u0111\u1ed9 b\u1ec1n c\u1ee7a v\u1ea3i d\u1ec7t trong ch\u0103m s\u00f3c s\u1ee9c kh\u1ecfe, gi\u1eb7t l\u00e0 v\u00e0 \u0111\u1ed3ng ph\u1ee5c tr\u00ean kh\u1eafp Ch\u00e2u \u00c2u, Hoa K\u1ef3 v\u00e0 Canada\u2014ch\u1ecbu \u0111\u01b0\u1ee3c c\u00e1c chu tr\u00ecnh gi\u1eb7t kh\u1eafc nghi\u1ec7t.<\/p>","protected":false},"featured_media":2943,"template":"","meta":{"_kad_post_transparent":"default","_kad_post_title":"","_kad_post_layout":"default","_kad_post_sidebar_id":"","_kad_post_content_style":"default","_kad_post_vertical_padding":"default","_kad_post_feature":"","_kad_post_feature_position":"","_kad_post_header":false,"_kad_post_footer":false,"_kad_post_classname":""},"product_brand":[],"product_cat":[16],"product_tag":[364,363,338,342,339,65,30],"class_list":{"0":"post-2942","1":"product","2":"type-product","3":"status-publish","4":"has-post-thumbnail","6":"product_cat-uhf-rfid-laundry-tags","7":"product_tag-heating-sealed-rfid-laundry-tag","8":"product_tag-iron-heating-sealed-rfid-laundry-tag","9":"product_tag-rfid-chips-for-uniforms","10":"product_tag-rfid-laundry-tags","11":"product_tag-rfid-washable-tags","12":"product_tag-textile-rfid-laundry-tags","13":"product_tag-uhf-rfid-laundry-tag","15":"first","16":"instock","17":"featured","18":"shipping-taxable","19":"product-type-simple","20":"entry","21":"content-bg","22":"loop-entry"},"_links":{"self":[{"href":"https:\/\/rfid-laundry-tag.com\/vi\/wp-json\/wp\/v2\/product\/2942","targetHints":{"allow":["GET"]}}],"collection":[{"href":"https:\/\/rfid-laundry-tag.com\/vi\/wp-json\/wp\/v2\/product"}],"about":[{"href":"https:\/\/rfid-laundry-tag.com\/vi\/wp-json\/wp\/v2\/types\/product"}],"version-history":[{"count":2,"href":"https:\/\/rfid-laundry-tag.com\/vi\/wp-json\/wp\/v2\/product\/2942\/revisions"}],"predecessor-version":[{"id":2948,"href":"https:\/\/rfid-laundry-tag.com\/vi\/wp-json\/wp\/v2\/product\/2942\/revisions\/2948"}],"wp:featuredmedia":[{"embeddable":true,"href":"https:\/\/rfid-laundry-tag.com\/vi\/wp-json\/wp\/v2\/media\/2943"}],"wp:attachment":[{"href":"https:\/\/rfid-laundry-tag.com\/vi\/wp-json\/wp\/v2\/media?parent=2942"}],"wp:term":[{"taxonomy":"product_brand","embeddable":true,"href":"https:\/\/rfid-laundry-tag.com\/vi\/wp-json\/wp\/v2\/product_brand?post=2942"},{"taxonomy":"product_cat","embeddable":true,"href":"https:\/\/rfid-laundry-tag.com\/vi\/wp-json\/wp\/v2\/product_cat?post=2942"},{"taxonomy":"product_tag","embeddable":true,"href":"https:\/\/rfid-laundry-tag.com\/vi\/wp-json\/wp\/v2\/product_tag?post=2942"}],"curies":[{"name":"wp","href":"https:\/\/api.w.org\/{rel}","templated":true}]}}