{"id":2864,"date":"2024-11-05T13:39:10","date_gmt":"2024-11-05T13:39:10","guid":{"rendered":"https:\/\/rfid-laundry-tag.com\/?post_type=product&#038;p=2864"},"modified":"2024-11-05T13:58:17","modified_gmt":"2024-11-05T13:58:17","slug":"nfc-keychain-ntag213-ntag215-ntag216","status":"publish","type":"product","link":"https:\/\/rfid-laundry-tag.com\/vi\/nfc-keychain-ntag213-ntag215-ntag216\/","title":{"rendered":"M\u00f3c kh\u00f3a NFC Ntag213 Ntag215 Ntag216"},"content":{"rendered":"<h2>M\u00f3c kh\u00f3a NFC Ntag213 Ntag215 Ntag216<\/h2>\n<table class=\"all magic-12\">\n<tbody>\n<tr>\n<td colspan=\"1\" rowspan=\"1\">\n<div class=\"magic-13\">Chip<\/div>\n<\/td>\n<td colspan=\"1\" rowspan=\"1\">\n<div class=\"magic-14\">NTAG\u00ae 213, Ntag215, Ntag216<\/div>\n<\/td>\n<\/tr>\n<tr>\n<td colspan=\"1\" rowspan=\"1\">\n<div class=\"magic-13\">Giao th\u1ee9c<\/div>\n<\/td>\n<td colspan=\"1\" rowspan=\"1\">\n<div class=\"magic-14\">Ti\u00eau chu\u1ea9n ISO14443A<\/div>\n<\/td>\n<\/tr>\n<tr>\n<td colspan=\"1\" rowspan=\"1\">\n<div class=\"magic-13\">K\u00edch c\u1ee1<\/div>\n<\/td>\n<td colspan=\"1\" rowspan=\"1\">\n<div class=\"magic-14\">41*32mm Ho\u1eb7c t\u00f9y ch\u1ec9nh<\/div>\n<\/td>\n<\/tr>\n<tr>\n<td colspan=\"1\" rowspan=\"1\">\n<div class=\"magic-13\">K\u00fd \u1ee9c<\/div>\n<\/td>\n<td colspan=\"1\" rowspan=\"1\">\n<div class=\"magic-14\" data-spm-anchor-id=\"a2700.details.0.i42.450c1986usT9sY\">144 byte, 504 byte, 888 byte<\/div>\n<\/td>\n<\/tr>\n<tr>\n<td colspan=\"1\" rowspan=\"1\">\n<div class=\"magic-13\">T\u00ednh th\u01b0\u1eddng xuy\u00ean<\/div>\n<\/td>\n<td colspan=\"1\" rowspan=\"1\">\n<div class=\"magic-14\">13,56MHz<\/div>\n<\/td>\n<\/tr>\n<tr>\n<td colspan=\"1\" rowspan=\"1\">\n<div class=\"magic-13\">V\u1eadt li\u1ec7u<\/div>\n<\/td>\n<td colspan=\"1\" rowspan=\"1\">\n<div class=\"magic-14\">ABS, Nh\u1ef1a ho\u1eb7c t\u00f9y ch\u1ec9nh<\/div>\n<\/td>\n<\/tr>\n<tr>\n<td colspan=\"1\" rowspan=\"1\">\n<div class=\"magic-13\">Vi\u1ebft s\u1ee9c b\u1ec1n<\/div>\n<\/td>\n<td colspan=\"1\" rowspan=\"1\">\n<div class=\"magic-14\">\u2265100000 chu k\u1ef3<\/div>\n<\/td>\n<\/tr>\n<tr>\n<td colspan=\"1\" rowspan=\"1\">\n<div class=\"magic-13\">Ph\u1ea1m vi \u0111\u1ecdc<\/div>\n<\/td>\n<td colspan=\"1\" rowspan=\"1\">\n<div class=\"magic-14\">1-6cm<\/div>\n<\/td>\n<\/tr>\n<tr>\n<td colspan=\"1\" rowspan=\"1\">\n<div class=\"magic-13\">\u1ee8ng d\u1ee5ng<\/div>\n<\/td>\n<td colspan=\"1\" rowspan=\"1\">\n<div class=\"magic-14\">Ki\u1ec3m so\u00e1t ra v\u00e0o, h\u1ec7 th\u1ed1ng kh\u00f3a c\u1eeda, v.v.<\/div>\n<\/td>\n<\/tr>\n<tr>\n<td colspan=\"1\" rowspan=\"1\">\n<div class=\"magic-13\">M\u00e0u s\u1eafc<\/div>\n<\/td>\n<td colspan=\"1\" rowspan=\"1\">\n<div class=\"magic-14\">\u0110en, v\u00e0ng, \u0111\u1ecf, xanh l\u00e1 c\u00e2y, xanh d\u01b0\u01a1ng, h\u1ed3ng ho\u1eb7c t\u00f9y ch\u1ec9nh.<\/div>\n<\/td>\n<\/tr>\n<tr>\n<td colspan=\"1\" rowspan=\"1\">\n<div class=\"magic-13\">Xe k\u00e9o<\/div>\n<\/td>\n<td colspan=\"1\" rowspan=\"1\">\n<div class=\"magic-14\">In m\u1ed9t m\u00e0u ho\u1eb7c nhi\u1ec1u m\u00e0u, in m\u00e3 v\u1ea1ch ho\u1eb7c m\u00e3 QR, m\u00e3 h\u00f3a d\u1eef li\u1ec7u, v.v.<\/div>\n<\/td>\n<\/tr>\n<tr>\n<td colspan=\"1\" rowspan=\"1\">\n<div class=\"magic-13\">Vi\u1ebft chu k\u1ef3<\/div>\n<\/td>\n<td colspan=\"1\" rowspan=\"1\">\n<div class=\"magic-14\">\u2265100000 chu k\u1ef3<\/div>\n<\/td>\n<\/tr>\n<tr>\n<td colspan=\"1\" rowspan=\"1\">\n<div class=\"magic-13\">Nhi\u1ec7t \u0111\u1ed9 ho\u1ea1t \u0111\u1ed9ng<\/div>\n<\/td>\n<td colspan=\"1\" rowspan=\"1\">\n<div class=\"magic-14\">-20\u2103 \u0111\u1ebfn +55\u2103<\/div>\n<\/td>\n<\/tr>\n<tr>\n<td colspan=\"1\" rowspan=\"1\">\n<div class=\"magic-13\">\u0110\u1ecbnh d\u1ea1ng giao h\u00e0ng<\/div>\n<\/td>\n<td colspan=\"1\" rowspan=\"1\">\n<div class=\"magic-14\" data-spm-anchor-id=\"a2700.details.0.i41.450c1986usT9sY\">100 c\u00e1i\/t\u00fai, 10 t\u00fai\/th\u00f9ng<\/div>\n<\/td>\n<\/tr>\n<\/tbody>\n<\/table>\n<h3>C\u00e1c t\u00ednh n\u0103ng c\u1ee7a chip Ntag213 Ntag215 Ntag216<\/h3>\n<div id=\"featuresXsp\" class=\"features-list toggle-opacity in\">\n<div class=\"features-xsp\">\n<div class=\"collapse-mobile ste-list-ul\">\n<ul class=\"boxes\">\n<li>Truy\u1ec1n d\u1eef li\u1ec7u v\u00e0 cung c\u1ea5p n\u0103ng l\u01b0\u1ee3ng kh\u00f4ng ti\u1ebfp x\u00fac<\/li>\n<li>T\u1ea7n s\u1ed1 ho\u1ea1t \u0111\u1ed9ng 13,56 MHz<\/li>\n<li>Truy\u1ec1n d\u1eef li\u1ec7u 106 kbit\/gi\u00e2y<\/li>\n<li>T\u00ednh to\u00e0n v\u1eb9n d\u1eef li\u1ec7u c\u1ee7a CRC 16 bit, t\u00ednh ch\u1eb5n l\u1ebb, m\u00e3 h\u00f3a bit, \u0111\u1ebfm bit<\/li>\n<li>Kho\u1ea3ng c\u00e1ch ho\u1ea1t \u0111\u1ed9ng l\u00ean t\u1edbi 100 mm (t\u00f9y thu\u1ed9c v\u00e0o nhi\u1ec1u th\u00f4ng s\u1ed1 kh\u00e1c nhau nh\u01b0 c\u01b0\u1eddng \u0111\u1ed9 tr\u01b0\u1eddng v\u00e0 h\u00ecnh d\u1ea1ng \u0103ng-ten)<\/li>\n<li>S\u1ed1 s\u00ea-ri 7 byte (c\u1ea5p \u0111\u1ed9 x\u1ebfp t\u1ea7ng 2 theo ISO\/IEC 14443-3)<\/li>\n<li>G\u01b0\u01a1ng ASCII UID \u0111\u1ec3 t\u1ef1 \u0111\u1ed9ng tu\u1ea7n t\u1ef1 h\u00f3a c\u00e1c th\u00f4ng \u0111i\u1ec7p NDEF<\/li>\n<li>B\u1ed9 \u0111\u1ebfm NFC t\u1ef1 \u0111\u1ed9ng \u0111\u01b0\u1ee3c k\u00edch ho\u1ea1t khi c\u00f3 l\u1ec7nh \u0111\u1ecdc<\/li>\n<li>B\u1ed9 \u0111\u1ebfm NFC ASCII mirror \u0111\u1ec3 t\u1ef1 \u0111\u1ed9ng th\u00eam gi\u00e1 tr\u1ecb b\u1ed9 \u0111\u1ebfm NFC v\u00e0o tin nh\u1eafn NDEF<\/li>\n<li>Ch\u1eef k\u00fd g\u1ed1c d\u1ef1a tr\u00ean ECC<\/li>\n<li>L\u1ec7nh \u0111\u1ecdc nhanh<\/li>\n<li>Ch\u1ed1ng va ch\u1ea1m th\u1ef1c s\u1ef1<\/li>\n<li>\u0110i\u1ec7n dung \u0111\u1ea7u v\u00e0o 50 pF<\/li>\n<\/ul>\n<\/div>\n<div class=\"collapse-mobile ste-list-ul\">\n<ul class=\"boxes\">\n<li>180, 540 ho\u1eb7c 924 byte \u0111\u01b0\u1ee3c s\u1eafp x\u1ebfp th\u00e0nh 45, 135 ho\u1eb7c 231 trang v\u1edbi 4 byte cho m\u1ed7i trang<\/li>\n<li>Khu v\u1ef1c \u0110\u1ecdc\/Ghi mi\u1ec5n ph\u00ed 144, 504 ho\u1eb7c 888 byte d\u00e0nh cho ng\u01b0\u1eddi d\u00f9ng (36, 126 ho\u1eb7c 222 trang)<\/li>\n<li>B\u1ed9 ch\u1ee9a kh\u1ea3 n\u0103ng kh\u1edfi t\u1ea1o 4 byte v\u1edbi c\u00e1c bit truy c\u1eadp c\u00f3 th\u1ec3 l\u1eadp tr\u00ecnh m\u1ed9t l\u1ea7n<\/li>\n<li>Ch\u1ee9c n\u0103ng kh\u00f3a ch\u1ec9 \u0111\u1ecdc c\u00f3 th\u1ec3 l\u1eadp tr\u00ecnh t\u1ea1i ch\u1ed7 cho m\u1ed7i trang trong 16 trang \u0111\u1ea7u ti\u00ean<\/li>\n<li>Ch\u1ee9c n\u0103ng kh\u00f3a ch\u1ec9 \u0111\u1ecdc c\u00f3 th\u1ec3 l\u1eadp tr\u00ecnh t\u1ea1i ch\u1ed7 tr\u00ean 16 trang \u0111\u1ea7u ti\u00ean cho m\u1ed7i trang \u0111\u00f4i \u0111\u1ed1i v\u1edbi NTAG 213 ho\u1eb7c cho m\u1ed7i 16 trang \u0111\u1ed1i v\u1edbi NTAG 215 v\u00e0 NTAG 216<\/li>\n<li>B\u1ea3o v\u1ec7 m\u1eadt kh\u1ea9u c\u00f3 th\u1ec3 c\u1ea5u h\u00ecnh v\u1edbi gi\u1edbi h\u1ea1n t\u00f9y ch\u1ecdn v\u1ec1 s\u1ed1 l\u1ea7n th\u1eed kh\u00f4ng th\u00e0nh c\u00f4ng<\/li>\n<li>H\u1ed7 tr\u1ee3 ch\u1ed1ng r\u00e1ch cho kh\u1ea3 n\u0103ng ch\u1ee9a (CC) v\u00e0 bit kh\u00f3a<\/li>\n<li>Ki\u1ec3m tra t\u00ednh nguy\u00ean b\u1ea3n \u0111\u01b0\u1ee3c ECC h\u1ed7 tr\u1ee3<\/li>\n<li>Th\u1eddi gian l\u01b0u gi\u1eef d\u1eef li\u1ec7u l\u00e0 10 n\u0103m<\/li>\n<li>Vi\u1ebft \u0111\u1ed9 b\u1ec1n 100.000 chu k\u1ef3<\/li>\n<\/ul>\n<\/div>\n<\/div>\n<\/div>\n<h2>M\u00f3c kh\u00f3a NFC l\u00e0 g\u00ec?<\/h2>\n<h3>Hi\u1ec3u v\u1ec1 c\u00f4ng ngh\u1ec7 NFC<\/h3>\n<p>NFC, ho\u1eb7c <strong>Giao ti\u1ebfp tr\u01b0\u1eddng g\u1ea7n<\/strong>, l\u00e0 m\u1ed9t h\u00ecnh th\u1ee9c giao ti\u1ebfp kh\u00f4ng d\u00e2y cho ph\u00e9p c\u00e1c thi\u1ebft b\u1ecb trao \u0111\u1ed5i d\u1eef li\u1ec7u qua kho\u1ea3ng c\u00e1ch ng\u1eafn. Ch\u1ec9 c\u1ea7n ch\u1ea1m v\u00e0o <strong>C\u00f3 h\u1ed7 tr\u1ee3 NFC<\/strong> thi\u1ebft b\u1ecb v\u1edbi m\u1ed9t \u0111\u1ea7u \u0111\u1ecdc t\u01b0\u01a1ng th\u00edch, b\u1ea1n c\u00f3 th\u1ec3 th\u1ef1c hi\u1ec7n nhi\u1ec1u t\u00e1c v\u1ee5 kh\u00e1c nhau\u2014ch\u1eb3ng h\u1ea1n nh\u01b0 thanh to\u00e1n, chia s\u1ebb th\u00f4ng tin li\u00ean l\u1ea1c ho\u1eb7c truy c\u1eadp v\u00e0o c\u00e1c khu v\u1ef1c an to\u00e0n.<\/p>\n<h3>Vai tr\u00f2 c\u1ee7a m\u00f3c kh\u00f3a NFC<\/h3>\n<p>M\u1ed8T <strong>M\u00f3c ch\u00eca kh\u00f3a NFC<\/strong> t\u00edch h\u1ee3p c\u00f4ng ngh\u1ec7 m\u1ea1nh m\u1ebd n\u00e0y v\u00e0o m\u1ed9t \u0111\u1ecbnh d\u1ea1ng nh\u1ecf g\u1ecdn, di \u0111\u1ed9ng. Nh\u1eefng m\u00f3c kh\u00f3a n\u00e0y \u0111\u01b0\u1ee3c trang b\u1ecb m\u1ed9t <strong>Chip NFC<\/strong>, cho ph\u00e9p ng\u01b0\u1eddi d\u00f9ng th\u1ef1c hi\u1ec7n c\u00e1c t\u00e1c v\u1ee5 nh\u01b0 chia s\u1ebb danh thi\u1ebfp k\u1ef9 thu\u1eadt s\u1ed1, \u0111i\u1ec1u khi\u1ec3n thi\u1ebft b\u1ecb nh\u00e0 th\u00f4ng minh ho\u1eb7c truy c\u1eadp v\u00e0o c\u00e1c t\u00f2a nh\u00e0 an ninh ch\u1ec9 b\u1eb1ng m\u1ed9t c\u00fa ch\u1ea1m.<\/p>\n<h2>C\u00e1c t\u00ednh n\u0103ng ch\u00ednh c\u1ee7a m\u00f3c kh\u00f3a NFC<\/h2>\n<h3>T\u00f9y ch\u1ecdn t\u00f9y ch\u1ec9nh<\/h3>\n<p><strong>M\u00f3c kh\u00f3a NFC t\u00f9y ch\u1ec9nh<\/strong> r\u1ea5t linh ho\u1ea1t. Ch\u00fang c\u00f3 th\u1ec3 \u0111\u01b0\u1ee3c c\u00e1 nh\u00e2n h\u00f3a v\u1edbi <strong>logo t\u00f9y ch\u1ec9nh<\/strong>, thi\u1ebft k\u1ebf \u0111\u1ed9c \u0111\u00e1o ho\u1eb7c d\u1eef li\u1ec7u c\u1ee5 th\u1ec3 \u0111\u1ec3 \u0111\u00e1p \u1ee9ng c\u00e1c nhu c\u1ea7u kh\u00e1c nhau. Cho d\u00f9 b\u1ea1n c\u1ea7n m\u1ed9t th\u01b0\u01a1ng hi\u1ec7u <strong>m\u00f3c kh\u00f3a logo<\/strong> cho c\u00e1c s\u1ef1 ki\u1ec7n qu\u1ea3ng c\u00e1o ho\u1eb7c c\u00e1 nh\u00e2n <strong>m\u00f3c kh\u00f3a t\u00f9y ch\u1ec9nh<\/strong> \u0111\u1ec3 s\u1eed d\u1ee5ng h\u00e0ng ng\u00e0y, kh\u1ea3 n\u0103ng l\u00e0 v\u00f4 t\u1eadn.<\/p>\n<h3>Thi\u1ebft k\u1ebf v\u00e0 x\u00e2y d\u1ef1ng b\u1ec1n b\u1ec9<\/h3>\n<p>H\u1ea7u h\u1ebft c\u00e1c m\u00f3c kh\u00f3a NFC \u0111\u01b0\u1ee3c l\u00e0m t\u1eeb v\u1eadt li\u1ec7u ch\u1eafc ch\u1eafn nh\u01b0 <strong>Nh\u1ef1a PVC<\/strong> ho\u1eb7c <strong>nh\u1ef1a epoxy<\/strong>, \u0111\u1ea3m b\u1ea3o \u0111\u1ed9 b\u1ec1n v\u00e0 tu\u1ed5i th\u1ecd. Ch\u00fang \u0111\u01b0\u1ee3c thi\u1ebft k\u1ebf \u0111\u1ec3 ch\u1ecbu \u0111\u01b0\u1ee3c s\u1ef1 hao m\u00f2n h\u00e0ng ng\u00e0y, khi\u1ebfn ch\u00fang tr\u1edf th\u00e0nh ph\u1ee5 ki\u1ec7n \u0111\u00e1ng tin c\u1eady cho b\u1ea5t k\u1ef3 ai.<\/p>\n<h3>T\u00ednh n\u0103ng b\u1ea3o m\u1eadt<\/h3>\n<p>M\u00f3c kh\u00f3a NFC th\u01b0\u1eddng \u0111i k\u00e8m v\u1edbi c\u00e1c t\u00ednh n\u0103ng b\u1ea3o m\u1eadt ti\u00ean ti\u1ebfn, ch\u1eb3ng h\u1ea1n nh\u01b0 <strong>b\u1ea3o v\u1ec7 m\u1eadt kh\u1ea9u<\/strong>, <strong>ch\u1ee9c n\u0103ng ch\u1ed1ng va ch\u1ea1m<\/strong>, V\u00e0 <strong>ch\u1eef k\u00fd nguy\u00ean b\u1ea3n<\/strong>. \u0110i\u1ec1u n\u00e0y \u0111\u1ea3m b\u1ea3o r\u1eb1ng d\u1eef li\u1ec7u \u0111\u01b0\u1ee3c l\u01b0u tr\u1eef tr\u00ean m\u00f3c kh\u00f3a \u0111\u01b0\u1ee3c an to\u00e0n kh\u1ecfi s\u1ef1 truy c\u1eadp tr\u00e1i ph\u00e9p.<\/p>\n<h2>L\u1ee3i \u00edch c\u1ee7a vi\u1ec7c s\u1eed d\u1ee5ng m\u00f3c kh\u00f3a NFC<\/h2>\n<h3>S\u1ef1 ti\u1ec7n l\u1ee3i trong t\u1ea7m tay b\u1ea1n<\/h3>\n<p>H\u00e3y t\u01b0\u1edfng t\u01b0\u1ee3ng b\u1ea1n c\u00f3 th\u1ec3 m\u1edf kh\u00f3a c\u1eeda v\u0103n ph\u00f2ng ho\u1eb7c chia s\u1ebb th\u00f4ng tin li\u00ean l\u1ea1c c\u1ee7a m\u00ecnh v\u1edbi <strong>ch\u1ec9 c\u1ea7n ch\u1ea1m nh\u1eb9<\/strong> m\u00f3c ch\u00eca kh\u00f3a c\u1ee7a b\u1ea1n. M\u00f3c ch\u00eca kh\u00f3a NFC mang l\u1ea1i s\u1ef1 ti\u1ec7n l\u1ee3i v\u00f4 song b\u1eb1ng c\u00e1ch h\u1ee3p l\u00fd h\u00f3a c\u00e1c t\u00e1c v\u1ee5 h\u00e0ng ng\u00e0y v\u00e0 gi\u1ea3m nhu c\u1ea7u s\u1eed d\u1ee5ng ch\u00eca kh\u00f3a v\u1eadt l\u00fd ho\u1eb7c danh thi\u1ebfp.<\/p>\n<h3>\u1ee8ng d\u1ee5ng \u0111a n\u0103ng<\/h3>\n<p>M\u00f3c kh\u00f3a NFC c\u00f3 th\u1ec3 \u0111\u01b0\u1ee3c s\u1eed d\u1ee5ng trong nhi\u1ec1u tr\u01b0\u1eddng h\u1ee3p kh\u00e1c nhau:<\/p>\n<ul>\n<li><strong>Ki\u1ec3m so\u00e1t truy c\u1eadp:<\/strong> Truy c\u1eadp an to\u00e0n v\u00e0o v\u0103n ph\u00f2ng, ph\u00f2ng t\u1eadp th\u1ec3 d\u1ee5c ho\u1eb7c thang m\u00e1y.<\/li>\n<li><strong>Danh thi\u1ebfp k\u1ef9 thu\u1eadt s\u1ed1:<\/strong> Chia s\u1ebb th\u00f4ng tin li\u00ean l\u1ea1c c\u1ee7a b\u1ea1n m\u1ed9t c\u00e1ch d\u1ec5 d\u00e0ng.<\/li>\n<li><strong>X\u00e1c th\u1ef1c s\u1ea3n ph\u1ea9m:<\/strong> X\u00e1c minh t\u00ednh x\u00e1c th\u1ef1c c\u1ee7a s\u1ea3n ph\u1ea9m c\u00f3 th\u01b0\u01a1ng hi\u1ec7u.<\/li>\n<li><strong>\u0110i\u1ec1u khi\u1ec3n nh\u00e0 th\u00f4ng minh:<\/strong> Qu\u1ea3n l\u00fd c\u00e1c thi\u1ebft b\u1ecb nh\u00e0 th\u00f4ng minh c\u1ee7a b\u1ea1n m\u1ed9t c\u00e1ch d\u1ec5 d\u00e0ng.<\/li>\n<\/ul>\n<h3>Gi\u1ea3i ph\u00e1p th\u00e2n thi\u1ec7n v\u1edbi m\u00f4i tr\u01b0\u1eddng<\/h3>\n<p>B\u1eb1ng c\u00e1ch gi\u1ea3m nhu c\u1ea7u s\u1eed d\u1ee5ng ch\u00eca kh\u00f3a v\u1eadt l\u00fd v\u00e0 danh thi\u1ebfp gi\u1ea5y, m\u00f3c kh\u00f3a NFC g\u00f3p ph\u1ea7n t\u1ea1o n\u00ean m\u1ed9t m\u00f4i tr\u01b0\u1eddng b\u1ec1n v\u1eefng h\u01a1n. <strong>v\u1eadt li\u1ec7u c\u00f3 th\u1ec3 t\u00e1i ch\u1ebf<\/strong> v\u00e0 ch\u1ee9c n\u0103ng k\u1ef9 thu\u1eadt s\u1ed1 l\u00e0m cho ch\u00fang tr\u1edf th\u00e0nh s\u1ef1 l\u1ef1a ch\u1ecdn th\u00e2n thi\u1ec7n v\u1edbi m\u00f4i tr\u01b0\u1eddng.<\/p>\n<h2>C\u00e1ch s\u1eed d\u1ee5ng m\u00f3c kh\u00f3a NFC<\/h2>\n<h3>Thi\u1ebft l\u1eadp m\u00f3c kh\u00f3a NFC c\u1ee7a b\u1ea1n<\/h3>\n<p>S\u1eed d\u1ee5ng m\u00f3c kh\u00f3a NFC r\u1ea5t \u0111\u01a1n gi\u1ea3n:<\/p>\n<ol>\n<li><strong>M\u00e3 h\u00f3a Chip NFC:<\/strong> S\u1eed d\u1ee5ng \u1ee9ng d\u1ee5ng t\u01b0\u01a1ng th\u00edch NFC \u0111\u1ec3 l\u1eadp tr\u00ecnh chip v\u1edbi d\u1eef li\u1ec7u mong mu\u1ed1n.<\/li>\n<li><strong>G\u1eafn v\u00e0o ch\u00eca kh\u00f3a c\u1ee7a b\u1ea1n:<\/strong> G\u1eafn m\u00f3c ch\u00eca kh\u00f3a v\u00e0o m\u00f3c ch\u00eca kh\u00f3a ho\u1eb7c t\u00fai x\u00e1ch c\u1ee7a b\u1ea1n.<\/li>\n<li><strong>Nh\u1ea5n v\u00e0 \u0111i:<\/strong> Ch\u1ec9 c\u1ea7n ch\u1ea1m m\u00f3c ch\u00eca kh\u00f3a NFC v\u00e0o \u0111\u1ea7u \u0111\u1ecdc t\u01b0\u01a1ng th\u00edch \u0111\u1ec3 th\u1ef1c hi\u1ec7n h\u00e0nh \u0111\u1ed9ng mong mu\u1ed1n.<\/li>\n<\/ol>\n<h3>Kh\u1ea3 n\u0103ng t\u01b0\u01a1ng th\u00edch v\u1edbi c\u00e1c thi\u1ebft b\u1ecb<\/h3>\n<p>M\u00f3c kh\u00f3a NFC l\u00e0 <strong>t\u01b0\u01a1ng th\u00edch v\u1edbi NFC<\/strong>- \u0111i\u1ec7n tho\u1ea1i th\u00f4ng minh, m\u00e1y t\u00ednh b\u1ea3ng v\u00e0 nhi\u1ec1u \u0111\u1ea7u \u0111\u1ecdc NFC kh\u00e1c nhau. Kh\u1ea3 n\u0103ng t\u01b0\u01a1ng th\u00edch n\u00e0y \u0111\u1ea3m b\u1ea3o kh\u1ea3 n\u0103ng s\u1eed d\u1ee5ng r\u1ed9ng r\u00e3i tr\u00ean nhi\u1ec1u n\u1ec1n t\u1ea3ng v\u00e0 thi\u1ebft b\u1ecb kh\u00e1c nhau, bao g\u1ed3m <strong>Android<\/strong> v\u00e0 iOS.<\/p>\n<h2>\u0110\u00e1nh gi\u00e1 v\u00e0 ph\u1ea3n h\u1ed3i c\u1ee7a kh\u00e1ch h\u00e0ng<\/h2>\n<h3>Ng\u01b0\u1eddi d\u00f9ng n\u00f3i g\u00ec<\/h3>\n<p>Kh\u00e1ch h\u00e0ng \u0111\u00e3 ca ng\u1ee3i m\u00f3c ch\u00eca kh\u00f3a NFC v\u00ec t\u00ednh linh ho\u1ea1t v\u00e0 d\u1ec5 s\u1eed d\u1ee5ng c\u1ee7a ch\u00fang. Nhi\u1ec1u ng\u01b0\u1eddi nh\u1ea5n m\u1ea1nh s\u1ef1 ti\u1ec7n l\u1ee3i khi thay th\u1ebf nhi\u1ec1u th\u1ebb v\u00e0 ch\u00eca kh\u00f3a v\u1eadt l\u00fd b\u1eb1ng m\u1ed9t thi\u1ebft b\u1ecb nh\u1ecf g\u1ecdn duy nh\u1ea5t. Ng\u01b0\u1eddi d\u00f9ng c\u0169ng \u0111\u00e1nh gi\u00e1 cao kh\u1ea3 n\u0103ng <strong>t\u00f9y ch\u1ec9nh<\/strong> m\u00f3c ch\u00eca kh\u00f3a c\u1ee7a h\u1ecd, th\u00eam n\u00e9t c\u00e1 nh\u00e2n cho ph\u1ee5 ki\u1ec7n c\u00f4ng ngh\u1ec7 cao n\u00e0y.<\/p>\n<h3>M\u1ed1i quan t\u00e2m chung<\/h3>\n<p>M\u1ed9t s\u1ed1 ng\u01b0\u1eddi d\u00f9ng \u0111\u00e3 n\u00eau l\u00ean m\u1ed1i quan ng\u1ea1i v\u1ec1 \u0111\u01b0\u1eddng cong h\u1ecdc t\u1eadp ban \u0111\u1ea7u v\u00e0 nhu c\u1ea7u v\u1ec1 thi\u1ebft b\u1ecb h\u1ed7 tr\u1ee3 NFC. Tuy nhi\u00ean, khi \u0111\u00e3 quen v\u1edbi c\u00f4ng ngh\u1ec7 n\u00e0y, h\u1ea7u h\u1ebft \u0111\u1ec1u th\u1ea5y n\u00f3 c\u1ea3i thi\u1ec7n \u0111\u00e1ng k\u1ec3 th\u00f3i quen h\u00e0ng ng\u00e0y c\u1ee7a h\u1ecd.<\/p>\n<h2>C\u00e2u h\u1ecfi th\u01b0\u1eddng g\u1eb7p<\/h2>\n<p><strong>H: Dung l\u01b0\u1ee3ng l\u01b0u tr\u1eef c\u1ee7a m\u00f3c kh\u00f3a NFC l\u00e0 bao nhi\u00eau?<\/strong><br \/>\nA: T\u00f9y thu\u1ed9c v\u00e0o ki\u1ec3u m\u00e1y, m\u00f3c kh\u00f3a NFC c\u00f3 th\u1ec3 l\u01b0u tr\u1eef nhi\u1ec1u l\u01b0\u1ee3ng d\u1eef li\u1ec7u kh\u00e1c nhau, th\u01b0\u1eddng t\u1eeb c\u00e1c URL \u0111\u01a1n gi\u1ea3n \u0111\u1ebfn th\u00f4ng tin li\u00ean l\u1ea1c ph\u1ee9c t\u1ea1p h\u01a1n.<\/p>\n<p><strong>H: T\u00f4i c\u00f3 th\u1ec3 s\u1eed d\u1ee5ng m\u00f3c kh\u00f3a NFC \u0111\u1ec3 thanh to\u00e1n kh\u00f4ng ti\u1ebfp x\u00fac kh\u00f4ng?<\/strong><br \/>\nA: M\u1eb7c d\u00f9 m\u1ed9t s\u1ed1 m\u00f3c kh\u00f3a NFC c\u00f3 th\u1ec3 \u0111\u01b0\u1ee3c l\u1eadp tr\u00ecnh cho ch\u1ee9c n\u0103ng thanh to\u00e1n, nh\u01b0ng \u0111i\u1ec1u n\u00e0y ph\u1ee5 thu\u1ed9c ph\u1ea7n l\u1edbn v\u00e0o lo\u1ea1i chip v\u00e0 kh\u1ea3 n\u0103ng t\u01b0\u01a1ng th\u00edch v\u1edbi h\u1ec7 th\u1ed1ng thanh to\u00e1n.<\/p>\n<p><strong>H: M\u00f3c kh\u00f3a NFC c\u00f3 ch\u1ed1ng n\u01b0\u1edbc kh\u00f4ng?<\/strong><br \/>\nA: Nhi\u1ec1u m\u00f3c kh\u00f3a NFC \u0111\u01b0\u1ee3c thi\u1ebft k\u1ebf ch\u1ed1ng th\u1ea5m n\u01b0\u1edbc ho\u1eb7c ch\u1ecbu n\u01b0\u1edbc, \u0111\u1ea3m b\u1ea3o ch\u00fang c\u00f3 th\u1ec3 ch\u1ecbu \u0111\u01b0\u1ee3c khi s\u1eed d\u1ee5ng h\u00e0ng ng\u00e0y.<\/p>\n<h2>Ph\u1ea7n k\u1ebft lu\u1eadn<\/h2>\n<p>M\u1ed8T <strong>M\u00f3c ch\u00eca kh\u00f3a NFC<\/strong> kh\u00f4ng ch\u1ec9 l\u00e0 m\u1ed9t ph\u1ee5 ki\u1ec7n th\u1eddi trang; \u0111\u00f3 l\u00e0 c\u00e1nh c\u1ed5ng d\u1eabn \u0111\u1ebfn m\u1ed9t cu\u1ed9c s\u1ed1ng th\u00f4ng minh h\u01a1n, k\u1ebft n\u1ed1i h\u01a1n. V\u1edbi <strong>c\u00f3 th\u1ec3 t\u00f9y ch\u1ec9nh<\/strong> T\u00ednh n\u0103ng, b\u1ea3o m\u1eadt m\u1ea1nh m\u1ebd v\u00e0 nhi\u1ec1u \u1ee9ng d\u1ee5ng, \u0111\u00e2y l\u00e0 kho\u1ea3n \u0111\u1ea7u t\u01b0 n\u00e2ng cao c\u1ea3 cu\u1ed9c s\u1ed1ng c\u00e1 nh\u00e2n v\u00e0 ngh\u1ec1 nghi\u1ec7p. Cho d\u00f9 b\u1ea1n l\u00e0 ng\u01b0\u1eddi \u0111am m\u00ea c\u00f4ng ngh\u1ec7 hay chuy\u00ean gia kinh doanh, m\u00f3c kh\u00f3a NFC l\u00e0 c\u00f4ng c\u1ee5 kh\u00f4ng th\u1ec3 thi\u1ebfu trong th\u1eddi \u0111\u1ea1i k\u1ef9 thu\u1eadt s\u1ed1.<\/p>","protected":false},"excerpt":{"rendered":"<p><strong><em>M\u00f3c kh\u00f3a NFC Ntag213 Ntag215 Ntag216<\/em><\/strong> cung c\u1ea5p s\u1ef1 k\u1ebft h\u1ee3p l\u00fd t\u01b0\u1edfng gi\u1eefa t\u00ednh b\u1ea3o m\u1eadt, \u0111\u1ed9 tin c\u1eady v\u00e0 s\u1ef1 ti\u1ec7n l\u1ee3i cho ng\u01b0\u1eddi d\u00f9ng. <strong>c\u00f4ng ngh\u1ec7 kh\u00f4ng ti\u1ebfp x\u00fac<\/strong>, <strong>thi\u1ebft k\u1ebf nh\u1ecf g\u1ecdn<\/strong>, V\u00e0 <strong>t\u00ednh linh ho\u1ea1t \u0111a \u1ee9ng d\u1ee5ng<\/strong> bi\u1ebfn n\u00f3 th\u00e0nh s\u1ef1 l\u1ef1a ch\u1ecdn ho\u00e0n h\u1ea3o cho c\u00e1c h\u1ec7 th\u1ed1ng ki\u1ec3m so\u00e1t ra v\u00e0o, thanh to\u00e1n v\u00e0 nh\u1eadn d\u1ea1ng hi\u1ec7n \u0111\u1ea1i.<\/p>","protected":false},"featured_media":2865,"template":"","meta":{"_kad_post_transparent":"default","_kad_post_title":"","_kad_post_layout":"default","_kad_post_sidebar_id":"","_kad_post_content_style":"default","_kad_post_vertical_padding":"default","_kad_post_feature":"","_kad_post_feature_position":"","_kad_post_header":false,"_kad_post_footer":false,"_kad_post_classname":""},"product_brand":[],"product_cat":[54],"product_tag":[346,349,344,345,343],"class_list":{"0":"post-2864","1":"product","2":"type-product","3":"status-publish","4":"has-post-thumbnail","6":"product_cat-hot-selling-rfid-tags","7":"product_tag-nfc-key-tag","8":"product_tag-nfc-key-tags","9":"product_tag-nfc-keychain","10":"product_tag-rfid-fob","11":"product_tag-rfid-keyfobs","13":"first","14":"instock","15":"shipping-taxable","16":"product-type-simple","17":"entry","18":"content-bg","19":"loop-entry"},"_links":{"self":[{"href":"https:\/\/rfid-laundry-tag.com\/vi\/wp-json\/wp\/v2\/product\/2864","targetHints":{"allow":["GET"]}}],"collection":[{"href":"https:\/\/rfid-laundry-tag.com\/vi\/wp-json\/wp\/v2\/product"}],"about":[{"href":"https:\/\/rfid-laundry-tag.com\/vi\/wp-json\/wp\/v2\/types\/product"}],"version-history":[{"count":2,"href":"https:\/\/rfid-laundry-tag.com\/vi\/wp-json\/wp\/v2\/product\/2864\/revisions"}],"predecessor-version":[{"id":2867,"href":"https:\/\/rfid-laundry-tag.com\/vi\/wp-json\/wp\/v2\/product\/2864\/revisions\/2867"}],"wp:featuredmedia":[{"embeddable":true,"href":"https:\/\/rfid-laundry-tag.com\/vi\/wp-json\/wp\/v2\/media\/2865"}],"wp:attachment":[{"href":"https:\/\/rfid-laundry-tag.com\/vi\/wp-json\/wp\/v2\/media?parent=2864"}],"wp:term":[{"taxonomy":"product_brand","embeddable":true,"href":"https:\/\/rfid-laundry-tag.com\/vi\/wp-json\/wp\/v2\/product_brand?post=2864"},{"taxonomy":"product_cat","embeddable":true,"href":"https:\/\/rfid-laundry-tag.com\/vi\/wp-json\/wp\/v2\/product_cat?post=2864"},{"taxonomy":"product_tag","embeddable":true,"href":"https:\/\/rfid-laundry-tag.com\/vi\/wp-json\/wp\/v2\/product_tag?post=2864"}],"curies":[{"name":"wp","href":"https:\/\/api.w.org\/{rel}","templated":true}]}}