{"id":2860,"date":"2024-11-05T13:06:31","date_gmt":"2024-11-05T13:06:31","guid":{"rendered":"https:\/\/rfid-laundry-tag.com\/?post_type=product&#038;p=2860"},"modified":"2024-11-05T13:13:50","modified_gmt":"2024-11-05T13:13:50","slug":"rfid-keyfobs-abs-iso14443a","status":"publish","type":"product","link":"https:\/\/rfid-laundry-tag.com\/vi\/rfid-keyfobs-abs-iso14443a\/","title":{"rendered":"M\u00f3c kh\u00f3a RFID ABS ISO14443A"},"content":{"rendered":"<h2>M\u00f3c kh\u00f3a RFID ABS ISO14443A<\/h2>\n<table class=\"has-title all magic-13\">\n<tbody>\n<tr>\n<td colspan=\"1\" rowspan=\"2\">\n<div class=\"magic-14\">v\u1eadt li\u1ec7u<\/div>\n<\/td>\n<td colspan=\"1\" rowspan=\"1\">\n<div class=\"magic-15\">V\u1eadt li\u1ec7u \u0103ng ten: L\u00e1 nh\u00f4m<\/div>\n<\/td>\n<\/tr>\n<tr>\n<td colspan=\"1\" rowspan=\"1\">\n<div class=\"magic-15\" data-spm-anchor-id=\"a2700.details.0.i43.3c939b1b0qFtg1\">V\u1eadt li\u1ec7u b\u1ec1 m\u1eb7t: ABS\/da\/g\u1ed7<\/div>\n<\/td>\n<\/tr>\n<tr>\n<td colspan=\"1\" rowspan=\"1\">\n<div class=\"magic-17\">k\u00edch c\u1ee1<\/div>\n<\/td>\n<td colspan=\"1\" rowspan=\"1\">\n<div class=\"magic-15\" data-spm-anchor-id=\"a2700.details.0.i41.3c939b1b0qFtg1\">40,38*31,5mm,35,5*28mm,51,5*32mm,ho\u1eb7c t\u00f9y ch\u1ec9nh<\/div>\n<\/td>\n<\/tr>\n<tr>\n<td colspan=\"1\" rowspan=\"1\">\n<div class=\"magic-17\">Th\u1ee7 c\u00f4ng m\u1ef9 ngh\u1ec7 t\u00f9y ch\u1ec9nh<\/div>\n<\/td>\n<td colspan=\"1\" rowspan=\"1\">\n<div class=\"magic-15\">Logo In l\u1ee5a\/M\u00e3 UID, m\u00e3 series ho\u1eb7c t\u00f9y ch\u1ec9nh<\/div>\n<\/td>\n<\/tr>\n<tr>\n<td colspan=\"1\" rowspan=\"1\">\n<div class=\"magic-17\">Nhi\u1ec7t \u0111\u1ed9 ho\u1ea1t \u0111\u1ed9ng<\/div>\n<\/td>\n<td colspan=\"1\" rowspan=\"1\">\n<div class=\"magic-15\">-20\u00b0C~+90\u00b0C<\/div>\n<\/td>\n<\/tr>\n<tr>\n<td colspan=\"1\" rowspan=\"1\">\n<div class=\"magic-17\">m\u00e3 h\u00f3a<\/div>\n<\/td>\n<td colspan=\"1\" rowspan=\"1\">\n<div class=\"magic-15\">chip c\u00f3 th\u1ec3 ghi C\u00f3 s\u1eb5n<\/div>\n<\/td>\n<\/tr>\n<tr>\n<td colspan=\"1\" rowspan=\"1\">\n<div class=\"magic-17\">t\u00f9y ch\u1ecdn m\u00e0u s\u1eafc<\/div>\n<\/td>\n<td colspan=\"1\" rowspan=\"1\">\n<div class=\"magic-15\" data-spm-anchor-id=\"a2700.details.0.i42.3c939b1b0qFtg1\">\u0110\u1ecf, Xanh, \u0110en, T\u00edm, Cam, V\u00e0ng, (c\u00f3 th\u1ec3 t\u00f9y ch\u1ec9nh)<\/div>\n<\/td>\n<\/tr>\n<tr>\n<td colspan=\"1\" rowspan=\"1\">\n<div class=\"magic-17\">kho\u1ea3ng c\u00e1ch \u0111\u1ecdc<\/div>\n<\/td>\n<td colspan=\"1\" rowspan=\"1\">\n<div class=\"magic-15\">1~10cm (t\u00f9y thu\u1ed9c v\u00e0o ng\u01b0\u1eddi \u0111\u1ecdc)<\/div>\n<\/td>\n<\/tr>\n<tr>\n<td colspan=\"1\" rowspan=\"1\">\n<div class=\"magic-17\">\u1ee9ng d\u1ee5ng<\/div>\n<\/td>\n<td colspan=\"1\" rowspan=\"1\">\n<div class=\"magic-15\" data-spm-anchor-id=\"a2700.details.0.i40.3c939b1b0qFtg1\">h\u1ec7 th\u1ed1ng th\u00e0nh vi\u00ean\/ph\u00f2ng t\u1eadp\/ki\u1ec3m so\u00e1t ra v\u00e0o\/thanh to\u00e1n, v.v.<\/div>\n<\/td>\n<\/tr>\n<\/tbody>\n<\/table>\n<p><strong>M\u00f3c ch\u00eca kh\u00f3a RFID<\/strong> \u0111i \u0111\u1ea7u trong vi\u1ec7c qu\u1ea3n l\u00fd truy c\u1eadp an to\u00e0n, thu\u1eadn ti\u1ec7n. Nh\u1eefng thi\u1ebft b\u1ecb nh\u1ecf, nh\u1eb9 n\u00e0y s\u1eed d\u1ee5ng <strong>Nh\u1eadn d\u1ea1ng t\u1ea7n s\u1ed1 v\u00f4 tuy\u1ebfn<\/strong> C\u00f4ng ngh\u1ec7 (RFID) cho ph\u00e9p v\u00e0o nhanh ch\u00f3ng v\u00e0 li\u1ec1n m\u1ea1ch c\u00e1c khu v\u1ef1c \u0111\u01b0\u1ee3c b\u1ea3o m\u1eadt. Ch\u00fang th\u01b0\u1eddng \u0111\u01b0\u1ee3c s\u1eed d\u1ee5ng trong nhi\u1ec1u ng\u00e0nh c\u00f4ng nghi\u1ec7p kh\u00e1c nhau, bao g\u1ed3m kh\u00e1ch s\u1ea1n, t\u00f2a nh\u00e0 v\u0103n ph\u00f2ng v\u00e0 khu d\u00e2n c\u01b0, cho c\u00e1c h\u1ec7 th\u1ed1ng ki\u1ec3m so\u00e1t ra v\u00e0o an to\u00e0n.<\/p>\n<p>Trong m\u00f4 t\u1ea3 s\u1ea3n ph\u1ea9m n\u00e0y, ch\u00fang t\u00f4i s\u1ebd kh\u00e1m ph\u00e1 c\u00e1c t\u00ednh n\u0103ng v\u00e0 l\u1ee3i \u00edch c\u1ee7a <strong>M\u00f3c ch\u00eca kh\u00f3a RFID<\/strong>, t\u1eadp trung v\u00e0o <strong>ABS ISO14443A<\/strong> \u0111\u1eb7c \u0111i\u1ec3m k\u1ef9 thu\u1eadt. Ch\u00fang t\u00f4i s\u1ebd th\u1ea3o lu\u1eadn l\u00fd do t\u1ea1i sao c\u00e1c fob n\u00e0y l\u00e0 l\u1ef1a ch\u1ecdn \u01b0u ti\u00ean cho c\u1ea3 doanh nghi\u1ec7p v\u00e0 c\u00e1 nh\u00e2n \u0111ang t\u00ecm ki\u1ebfm c\u00e1c gi\u1ea3i ph\u00e1p truy c\u1eadp hi\u1ec7u qu\u1ea3, an to\u00e0n v\u00e0 d\u1ec5 s\u1eed d\u1ee5ng.<\/p>\n<p><strong>M\u00f3c ch\u00eca kh\u00f3a RFID<\/strong> \u0111i \u0111\u1ea7u trong vi\u1ec7c qu\u1ea3n l\u00fd truy c\u1eadp an to\u00e0n, thu\u1eadn ti\u1ec7n. Nh\u1eefng thi\u1ebft b\u1ecb nh\u1ecf, nh\u1eb9 n\u00e0y s\u1eed d\u1ee5ng <strong>Nh\u1eadn d\u1ea1ng t\u1ea7n s\u1ed1 v\u00f4 tuy\u1ebfn<\/strong> C\u00f4ng ngh\u1ec7 (RFID) cho ph\u00e9p v\u00e0o nhanh ch\u00f3ng v\u00e0 li\u1ec1n m\u1ea1ch c\u00e1c khu v\u1ef1c \u0111\u01b0\u1ee3c b\u1ea3o m\u1eadt. Ch\u00fang th\u01b0\u1eddng \u0111\u01b0\u1ee3c s\u1eed d\u1ee5ng trong nhi\u1ec1u ng\u00e0nh c\u00f4ng nghi\u1ec7p kh\u00e1c nhau, bao g\u1ed3m kh\u00e1ch s\u1ea1n, t\u00f2a nh\u00e0 v\u0103n ph\u00f2ng v\u00e0 khu d\u00e2n c\u01b0, cho c\u00e1c h\u1ec7 th\u1ed1ng ki\u1ec3m so\u00e1t ra v\u00e0o an to\u00e0n.<\/p>\n<h2><strong>Ch\u00eca kh\u00f3a RFID l\u00e0 g\u00ec?<\/strong><\/h2>\n<p>M\u1ed8T <strong>Ch\u00eca kh\u00f3a RFID<\/strong> l\u00e0 m\u1ed9t thi\u1ebft b\u1ecb nh\u1ecf g\u1ecdn, di \u0111\u1ed9ng c\u00f3 th\u1ec3 giao ti\u1ebfp v\u1edbi <strong>\u0110\u1ea7u \u0111\u1ecdc RFID<\/strong> \u0111\u1ec3 c\u1ea5p quy\u1ec1n truy c\u1eadp v\u00e0o m\u1ed9t khu v\u1ef1c an to\u00e0n. N\u00f3 th\u01b0\u1eddng ch\u1ee9a m\u1ed9t vi m\u1ea1ch nh\u1ecf v\u00e0 \u0103ng-ten \u0111\u01b0\u1ee3c nh\u00fang trong m\u1ed9t <strong>V\u1ecf ABS<\/strong>. C\u00e1c <strong>T\u1ea7n s\u1ed1 13,56 MHz<\/strong> \u0111\u01b0\u1ee3c s\u1eed d\u1ee5ng b\u1edfi m\u00f3c ch\u00eca kh\u00f3a RFID theo ti\u00eau chu\u1ea9n ISO14443A \u0111\u1ea3m b\u1ea3o ph\u00e1t hi\u1ec7n nhanh ch\u00f3ng v\u00e0 \u0111\u00e1ng tin c\u1eady, khi\u1ebfn ch\u00fang tr\u1edf th\u00e0nh gi\u1ea3i ph\u00e1p c\u1ef1c k\u1ef3 hi\u1ec7u qu\u1ea3 cho h\u1ec7 th\u1ed1ng ki\u1ec3m so\u00e1t ra v\u00e0o.<\/p>\n<p>Kh\u00f4ng gi\u1ed1ng nh\u01b0 ch\u00eca kh\u00f3a ho\u1eb7c th\u1ebb truy\u1ec1n th\u1ed1ng, m\u1ed9t <strong>Ch\u00eca kh\u00f3a RFID<\/strong> kh\u00f4ng y\u00eau c\u1ea7u ti\u1ebfp x\u00fac v\u1eadt l\u00fd v\u1edbi ng\u01b0\u1eddi \u0111\u1ecdc; n\u00f3 ho\u1ea1t \u0111\u1ed9ng tr\u00ean <strong>kh\u00f4ng ti\u1ebfp x\u00fac<\/strong> nguy\u00ean t\u1eafc, gi\u00fap n\u00f3 an to\u00e0n h\u01a1n v\u00e0 ti\u1ec7n l\u1ee3i h\u01a1n. Ng\u01b0\u1eddi d\u00f9ng ch\u1ec9 c\u1ea7n ch\u1ea1m ch\u00eca kh\u00f3a g\u1ea7n \u0111\u1ea7u \u0111\u1ecdc \u0111\u1ec3 truy c\u1eadp, lo\u1ea1i b\u1ecf nhu c\u1ea7u m\u1edf kh\u00f3a th\u1ee7 c\u00f4ng ho\u1eb7c m\u00e3 PIN.<\/p>\n<hr \/>\n<h2><strong>C\u00e1c t\u00ednh n\u0103ng ch\u00ednh c\u1ee7a RFID Key Fob<\/strong><\/h2>\n<h3><strong>1. Ki\u1ec3m so\u00e1t truy c\u1eadp an to\u00e0n<\/strong><\/h3>\n<p>M\u1ed9t trong nh\u1eefng l\u1ee3i th\u1ebf l\u1edbn nh\u1ea5t c\u1ee7a vi\u1ec7c s\u1eed d\u1ee5ng <strong>M\u00f3c ch\u00eca kh\u00f3a RFID<\/strong> l\u00e0 b\u1ea3o m\u1eadt n\u00e2ng cao. C\u00e1c thi\u1ebft b\u1ecb n\u00e0y cung c\u1ea5p nhi\u1ec1u l\u1edbp b\u1ea3o v\u1ec7, bao g\u1ed3m c\u00e1c giao th\u1ee9c m\u00e3 h\u00f3a, ng\u0103n ch\u1eb7n ng\u01b0\u1eddi d\u00f9ng tr\u00e1i ph\u00e9p truy c\u1eadp. <strong>13,56MHz<\/strong> t\u1ea7n s\u1ed1 \u0111\u01b0\u1ee3c s\u1eed d\u1ee5ng b\u1edfi <strong>M\u00f3c ch\u00eca kh\u00f3a ISO14443A<\/strong> \u0111\u1ea3m b\u1ea3o kh\u1ea3 n\u0103ng t\u01b0\u01a1ng th\u00edch cao v\u1edbi nhi\u1ec1u <strong>h\u1ec7 th\u1ed1ng ki\u1ec3m so\u00e1t ra v\u00e0o<\/strong>, t\u1eeb kh\u00f3a kh\u00e1ch s\u1ea1n \u0111\u1ebfn c\u1eeda ra v\u00e0o v\u0103n ph\u00f2ng.<\/p>\n<p>B\u1eb1ng c\u00e1ch s\u1eed d\u1ee5ng c\u00f4ng ngh\u1ec7 RFID, <strong>M\u00f3c ch\u00eca kh\u00f3a RFID<\/strong> l\u1eddi \u0111\u1ec1 ngh\u1ecb <strong>nh\u1eadp c\u1ea3nh kh\u00f4ng c\u1ea7n ch\u00eca kh\u00f3a<\/strong>, gi\u1ea3m nguy c\u01a1 b\u1ebb kh\u00f3a ho\u1eb7c sao ch\u00e9p tr\u00e1i ph\u00e9p. Khi \u0111\u01b0\u1ee3c t\u00edch h\u1ee3p v\u00e0o <strong>ki\u1ec3m so\u00e1t truy c\u1eadp<\/strong> h\u1ec7 th\u1ed1ng, c\u00e1c fob n\u00e0y \u0111\u00f3ng vai tr\u00f2 nh\u01b0 m\u1ed9t m\u00e3 th\u00f4ng b\u00e1o an to\u00e0n \u0111\u1ec3 x\u00e1c minh v\u00e0 x\u00e1c th\u1ef1c ng\u01b0\u1eddi d\u00f9ng v\u1edbi n\u1ed7 l\u1ef1c t\u1ed1i thi\u1ec3u.<\/p>\n<h3><strong>2. K\u1ebft c\u1ea5u ABS b\u1ec1n b\u1ec9<\/strong><\/h3>\n<p>Vi\u1ec7c x\u00e2y d\u1ef1ng <strong>M\u00f3c ch\u00eca kh\u00f3a RFID<\/strong> c\u0169ng quan tr\u1ecdng nh\u01b0 ch\u1ee9c n\u0103ng c\u1ee7a ch\u00fang. Nh\u1eefng chi\u1ebfc ch\u00eca kh\u00f3a n\u00e0y \u0111\u01b0\u1ee3c l\u00e0m t\u1eeb <strong>Nh\u1ef1a ABS<\/strong>, l\u00e0 v\u1eadt li\u1ec7u b\u1ec1n, nh\u1eb9 c\u00f3 th\u1ec3 ch\u1ecbu \u0111\u01b0\u1ee3c nhi\u1ec1u \u0111i\u1ec1u ki\u1ec7n m\u00f4i tr\u01b0\u1eddng kh\u00e1c nhau. Cho d\u00f9 b\u1ea1n s\u1eed d\u1ee5ng ch\u00fang trong m\u00f4i tr\u01b0\u1eddng v\u0103n ph\u00f2ng hay \u0111eo tr\u00ean m\u00f3c ch\u00eca kh\u00f3a, nh\u1eefng chi\u1ebfc m\u00f3c ch\u00eca kh\u00f3a n\u00e0y \u0111\u1ec1u \u0111\u01b0\u1ee3c ch\u1ebf t\u1ea1o \u0111\u1ec3 b\u1ec1n l\u00e2u.<\/p>\n<p>C\u00e1c <strong>V\u1ecf ABS<\/strong> kh\u00f4ng ch\u1ec9 b\u1ea3o v\u1ec7 c\u00e1c th\u00e0nh ph\u1ea7n b\u00ean trong m\u00e0 c\u00f2n \u0111\u1ea3m b\u1ea3o ch\u00eca kh\u00f3a v\u1eabn ho\u1ea1t \u0111\u1ed9ng ngay c\u1ea3 sau th\u1eddi gian d\u00e0i s\u1eed d\u1ee5ng. K\u00edch th\u01b0\u1edbc nh\u1ecf g\u1ecdn v\u00e0 thi\u1ebft k\u1ebf ch\u1eafc ch\u1eafn gi\u00fap ch\u00fang ch\u1ed1ng m\u00e0i m\u00f2n v\u00e0 r\u00e1ch, \u0111\u1ea3m b\u1ea3o gi\u1ea3i ph\u00e1p l\u00e2u d\u00e0i cho nhu c\u1ea7u ki\u1ec3m so\u00e1t ra v\u00e0o.<\/p>\n<h3><strong>3. T\u00edch h\u1ee3p d\u1ec5 d\u00e0ng v\u1edbi h\u1ec7 th\u1ed1ng RFID<\/strong><\/h3>\n<p><strong>M\u00f3c ch\u00eca kh\u00f3a RFID<\/strong> ho\u00e0n to\u00e0n t\u01b0\u01a1ng th\u00edch v\u1edbi h\u1ea7u h\u1ebft <strong>H\u1ec7 th\u1ed1ng RFID<\/strong>. Cho d\u00f9 b\u1ea1n \u0111ang n\u00e2ng c\u1ea5p t\u1eeb th\u1ebb ch\u00eca kh\u00f3a truy\u1ec1n th\u1ed1ng hay c\u00e0i \u0111\u1eb7t h\u1ec7 th\u1ed1ng ki\u1ec3m so\u00e1t ra v\u00e0o ho\u00e0n to\u00e0n m\u1edbi, nh\u1eefng chi\u1ebfc ch\u00eca kh\u00f3a n\u00e0y \u0111\u1ec1u t\u00edch h\u1ee3p li\u1ec1n m\u1ea1ch v\u1edbi c\u01a1 s\u1edf h\u1ea1 t\u1ea7ng hi\u1ec7n c\u00f3. <strong>Ti\u00eau chu\u1ea9n ISO14443A<\/strong> Ti\u00eau chu\u1ea9n n\u00e0y \u0111\u01b0\u1ee3c c\u00f4ng nh\u1eadn r\u1ed9ng r\u00e3i v\u00e0 s\u1eed d\u1ee5ng trong nhi\u1ec1u ng\u00e0nh c\u00f4ng nghi\u1ec7p kh\u00e1c nhau, \u0111\u1ea3m b\u1ea3o kh\u1ea3 n\u0103ng t\u01b0\u01a1ng th\u00edch v\u1edbi \u0111\u1ea7u \u0111\u1ecdc v\u00e0 ph\u1ea7n m\u1ec1m.<\/p>\n<p>H\u01a1n n\u1eefa, nhi\u1ec1u <strong>M\u00f3c ch\u00eca kh\u00f3a RFID<\/strong> l\u00e0 <strong>c\u00f3 th\u1ec3 ghi l\u1ea1i<\/strong>, cho ph\u00e9p c\u00e1c doanh nghi\u1ec7p thay \u0111\u1ed5i th\u00f4ng tin \u0111\u0103ng nh\u1eadp khi c\u1ea7n m\u00e0 kh\u00f4ng c\u1ea7n mua ch\u00eca kh\u00f3a m\u1edbi. \u0110i\u1ec1u n\u00e0y <strong>s\u1ef1 linh ho\u1ea1t<\/strong> khi\u1ebfn m\u00f3c ch\u00eca kh\u00f3a RFID tr\u1edf th\u00e0nh kho\u1ea3n \u0111\u1ea7u t\u01b0 d\u00e0i h\u1ea1n tuy\u1ec7t v\u1eddi cho c\u00e1c t\u1ed5 ch\u1ee9c \u0111ang t\u00ecm ki\u1ebfm gi\u1ea3i ph\u00e1p truy c\u1eadp c\u00f3 kh\u1ea3 n\u0103ng m\u1edf r\u1ed9ng.<\/p>\n<hr \/>\n<h2><strong>T\u1ea1i sao n\u00ean ch\u1ecdn m\u00f3c kh\u00f3a RFID ISO14443A?<\/strong><\/h2>\n<h3><strong>4. T\u1ea7n s\u1ed1 cao \u0111\u1ec3 ph\u1ea3n h\u1ed3i nhanh h\u01a1n<\/strong><\/h3>\n<p><strong>M\u00f3c ch\u00eca kh\u00f3a RFID 13,56 MHz<\/strong>, gi\u1ed1ng nh\u01b0 <strong>Ti\u00eau chu\u1ea9n ISO14443A<\/strong>, cung c\u1ea5p m\u1ed9t d\u1ea3i t\u1ea7n s\u1ed1 cao cho ph\u00e9p <strong>ph\u00e1t hi\u1ec7n nhanh<\/strong> v\u00e0 giao ti\u1ebfp v\u1edbi \u0111\u1ea7u \u0111\u1ecdc RFID. D\u1ea3i t\u1ea7n s\u1ed1 cao n\u00e0y \u0111\u1ea3m b\u1ea3o quy\u1ec1n truy c\u1eadp \u0111\u01b0\u1ee3c c\u1ea5p nhanh ch\u00f3ng v\u00e0 hi\u1ec7u qu\u1ea3, c\u1ea3i thi\u1ec7n tr\u1ea3i nghi\u1ec7m c\u1ee7a ng\u01b0\u1eddi d\u00f9ng.<\/p>\n<p>Khi b\u1ea1n gi\u1eef fob g\u1ea7n \u0111\u1ea7u \u0111\u1ecdc, h\u1ec7 th\u1ed1ng s\u1ebd nhanh ch\u00f3ng x\u00e1c \u0111\u1ecbnh th\u00f4ng tin \u0111\u0103ng nh\u1eadp \u0111\u01b0\u1ee3c l\u01b0u tr\u1eef trong fob, c\u1ea5p quy\u1ec1n truy c\u1eadp trong m\u1ed9t ph\u1ea7n gi\u00e2y. Th\u1eddi gian ph\u1ea3n h\u1ed3i nhanh n\u00e0y \u0111\u1eb7c bi\u1ec7t quan tr\u1ecdng \u1edf nh\u1eefng khu v\u1ef1c c\u00f3 l\u01b0u l\u01b0\u1ee3ng truy c\u1eadp cao, \u0111\u1ea3m b\u1ea3o r\u1eb1ng kh\u00f4ng c\u00f3 h\u00e0ng d\u00e0i ng\u01b0\u1eddi v\u00e0 m\u1ecdi ng\u01b0\u1eddi c\u00f3 th\u1ec3 ra v\u00e0o m\u00e0 kh\u00f4ng ch\u1eadm tr\u1ec5.<\/p>\n<h3><strong>5. T\u00ednh linh ho\u1ea1t tr\u00ean nhi\u1ec1u \u1ee9ng d\u1ee5ng<\/strong><\/h3>\n<p><strong>M\u00f3c ch\u00eca kh\u00f3a RFID<\/strong> r\u1ea5t linh ho\u1ea1t v\u00e0 c\u00f3 th\u1ec3 \u0111\u01b0\u1ee3c s\u1eed d\u1ee5ng trong nhi\u1ec1u \u1ee9ng d\u1ee5ng kh\u00e1c nhau ngo\u00e0i kh\u00f3a c\u1eeda. M\u1ed9t s\u1ed1 c\u00e1ch s\u1eed d\u1ee5ng ph\u1ed5 bi\u1ebfn cho <strong>M\u00f3c ch\u00eca kh\u00f3a RFID<\/strong> bao g\u1ed3m:<\/p>\n<ul>\n<li><strong>L\u1ed1i v\u00e0o ph\u00f2ng kh\u00e1ch s\u1ea1n:<\/strong> Kh\u00e1ch c\u00f3 th\u1ec3 s\u1eed d\u1ee5ng ch\u00eca kh\u00f3a \u0111\u1ec3 m\u1edf kh\u00f3a c\u1eeda ph\u00f2ng kh\u00e1ch s\u1ea1n.<\/li>\n<li><strong>An ninh n\u01a1i l\u00e0m vi\u1ec7c:<\/strong> Nh\u00e2n vi\u00ean c\u00f3 th\u1ec3 s\u1eed d\u1ee5ng ch\u00eca kh\u00f3a \u0111\u1ec3 ra v\u00e0o v\u0103n ph\u00f2ng, ph\u00f2ng m\u00e1y ch\u1ee7 ho\u1eb7c khu v\u1ef1c h\u1ea1n ch\u1ebf.<\/li>\n<li><strong>Thanh to\u00e1n v\u00e0 nh\u1eadn d\u1ea1ng:<\/strong> Ch\u1eafc ch\u1eafn <strong>M\u00f3c ch\u00eca kh\u00f3a RFID<\/strong> c\u0169ng c\u00f3 th\u1ec3 \u0111\u01b0\u1ee3c s\u1eed d\u1ee5ng \u0111\u1ec3 thanh to\u00e1n ho\u1eb7c \u0111\u1ec3 nh\u1eadn d\u1ea1ng trong c\u00e1c ch\u01b0\u01a1ng tr\u00ecnh th\u00e0nh vi\u00ean.<\/li>\n<\/ul>\n<p>Nh\u1edd k\u00edch th\u01b0\u1edbc nh\u1ecf v\u00e0 t\u00ednh di \u0111\u1ed9ng, nh\u1eefng chi\u1ebfc ch\u00eca kh\u00f3a n\u00e0y l\u00e0 gi\u1ea3i ph\u00e1p ti\u1ec7n l\u1ee3i cho nhi\u1ec1u ng\u00e0nh c\u00f4ng nghi\u1ec7p kh\u00e1c nhau.<\/p>\n<h3><strong>6. C\u00f4ng ngh\u1ec7 kh\u00f4ng ti\u1ebfp x\u00fac mang l\u1ea1i s\u1ef1 ti\u1ec7n l\u1ee3i v\u00e0 v\u1ec7 sinh<\/strong><\/h3>\n<p>Trong th\u1ebf gi\u1edbi ng\u00e0y nay, <strong>c\u00f4ng ngh\u1ec7 kh\u00f4ng ti\u1ebfp x\u00fac<\/strong> \u0111\u00e3 nh\u1eadn \u0111\u01b0\u1ee3c s\u1ef1 ch\u00fa \u00fd \u0111\u00e1ng k\u1ec3 do nh\u1eefng l\u1ee3i \u00edch v\u1ec1 m\u1eb7t v\u1ec7 sinh m\u00e0 n\u00f3 mang l\u1ea1i. <strong>M\u00f3c ch\u00eca kh\u00f3a RFID<\/strong> kh\u00f4ng ti\u1ebfp x\u00fac, ngh\u0129a l\u00e0 ng\u01b0\u1eddi d\u00f9ng kh\u00f4ng c\u1ea7n ph\u1ea3i ch\u1ea1m tr\u1ef1c ti\u1ebfp v\u00e0o kh\u00f3a ho\u1eb7c \u0111\u1ea7u \u0111\u1ecdc. \u0110i\u1ec1u n\u00e0y l\u00e0m gi\u1ea3m nguy c\u01a1 l\u00e2y truy\u1ec1n vi tr\u00f9ng v\u00e0 vi khu\u1ea9n, khi\u1ebfn n\u00f3 tr\u1edf th\u00e0nh l\u1ef1a ch\u1ecdn l\u00fd t\u01b0\u1edfng cho c\u00e1c m\u00f4i tr\u01b0\u1eddng nh\u01b0 b\u1ec7nh vi\u1ec7n, tr\u01b0\u1eddng h\u1ecdc v\u00e0 v\u0103n ph\u00f2ng, n\u01a1i v\u1ec7 sinh l\u00e0 r\u1ea5t quan tr\u1ecdng.<\/p>\n<p>H\u01a1n n\u1eefa, \u0111i\u1ec1u n\u00e0y <strong>nh\u1eadp c\u1ea3nh kh\u00f4ng c\u1ea7n ch\u00eca kh\u00f3a<\/strong> h\u1ec7 th\u1ed1ng th\u00eam ti\u1ec7n l\u1ee3i. Ng\u01b0\u1eddi d\u00f9ng kh\u00f4ng c\u1ea7n ph\u1ea3i t\u00ecm ki\u1ebfm ch\u00eca kh\u00f3a ho\u1eb7c nh\u1edb m\u00e3 PIN\u2014h\u1ecd ch\u1ec9 c\u1ea7n mang theo <strong>Ch\u00eca kh\u00f3a RFID<\/strong> tr\u00ean m\u00f3c ch\u00eca kh\u00f3a ho\u1eb7c trong t\u00fai, s\u1eb5n s\u00e0ng s\u1eed d\u1ee5ng b\u1ea5t c\u1ee9 khi n\u00e0o c\u1ea7n.<\/p>\n<p>Nh\u1eefng c\u00e1i n\u00e0y <strong>M\u00f3c ch\u00eca kh\u00f3a RFID<\/strong> ho\u1ea1t \u0111\u1ed9ng \u1edf m\u1ed9t <strong>T\u1ea7n s\u1ed1 13,56 MHz<\/strong>, l\u00e0m cho ch\u00fang t\u01b0\u01a1ng th\u00edch v\u1edbi h\u1ea7u h\u1ebft <strong>\u0110\u1ea7u \u0111\u1ecdc RFID<\/strong> \u0111\u01b0\u1ee3c s\u1eed d\u1ee5ng trong c\u00e1c h\u1ec7 th\u1ed1ng ki\u1ec3m so\u00e1t ra v\u00e0o hi\u1ec7n \u0111\u1ea1i. C\u00e1c fob \u0111\u01b0\u1ee3c l\u00e0m t\u1eeb ch\u1ea5t l\u01b0\u1ee3ng cao <strong>Nh\u1ef1a ABS<\/strong>, \u0111\u1ea3m b\u1ea3o thi\u1ebft k\u1ebf b\u1ec1n v\u00e0 nh\u1eb9, v\u1eeba d\u1ec5 mang theo v\u1eeba b\u1ec1n l\u00e2u.<\/p>\n<hr \/>\n<h2><strong>T\u00e1c \u0111\u1ed9ng m\u00f4i tr\u01b0\u1eddng v\u00e0 t\u00ednh b\u1ec1n v\u1eefng<\/strong><\/h2>\n<p>Khi c\u00e1c t\u1ed5 ch\u1ee9c h\u01b0\u1edbng t\u1edbi <strong>truy c\u1eadp kh\u00f4ng ti\u1ebfp x\u00fac<\/strong> v\u00e0 c\u00e1c gi\u1ea3i ph\u00e1p an ninh, \u0111i\u1ec1u quan tr\u1ecdng l\u00e0 ph\u1ea3i xem x\u00e9t t\u00e1c \u0111\u1ed9ng m\u00f4i tr\u01b0\u1eddng c\u1ee7a c\u00e1c s\u1ea3n ph\u1ea9m n\u00e0y. <strong>Nh\u1ef1a ABS<\/strong> \u0111\u01b0\u1ee3c s\u1eed d\u1ee5ng trong <strong>M\u00f3c ch\u00eca kh\u00f3a RFID<\/strong> l\u00e0 m\u1ed9t v\u1eadt li\u1ec7u c\u00f3 th\u1ec3 t\u00e1i ch\u1ebf r\u1ed9ng r\u00e3i. Ngo\u00e0i ra, <strong>H\u1ec7 th\u1ed1ng RFID<\/strong> b\u1ea3n th\u00e2n ch\u00fang gi\u00fap gi\u1ea3m nhu c\u1ea7u s\u1eed d\u1ee5ng ch\u00eca kh\u00f3a v\u1eadt l\u00fd v\u00e0 \u1ed5 kh\u00f3a truy\u1ec1n th\u1ed1ng, qua \u0111\u00f3 gi\u00fap gi\u1ea3m thi\u1ec3u h\u01a1n n\u1eefa t\u00e1c \u0111\u1ed9ng t\u1ed5ng th\u1ec3 \u0111\u1ebfn m\u00f4i tr\u01b0\u1eddng.<\/p>\n<p>H\u01a1n n\u1eefa, nhi\u1ec1u <strong>M\u00f3c ch\u00eca kh\u00f3a RFID<\/strong> c\u00f3 th\u1ec3 l\u00e0 <strong>\u0111\u01b0\u1ee3c vi\u1ebft l\u1ea1i<\/strong>, ngh\u0129a l\u00e0 kh\u00f4ng c\u1ea7n ph\u1ea3i thay th\u1ebf ch\u00fang li\u00ean t\u1ee5c. \u0110i\u1ec1u n\u00e0y l\u00e0m gi\u1ea3m r\u00e1c th\u1ea3i \u0111i\u1ec7n t\u1eed, khi\u1ebfn ch\u00fang tr\u1edf th\u00e0nh l\u1ef1a ch\u1ecdn b\u1ec1n v\u1eefng cho c\u00e1c doanh nghi\u1ec7p v\u00e0 c\u00e1 nh\u00e2n \u0111ang t\u00ecm ki\u1ebfm gi\u1ea3i ph\u00e1p th\u00e2n thi\u1ec7n v\u1edbi m\u00f4i tr\u01b0\u1eddng.<\/p>\n<hr \/>\n<h2><strong>\u0110\u00e1nh gi\u00e1 v\u00e0 ph\u1ea3n h\u1ed3i c\u1ee7a kh\u00e1ch h\u00e0ng<\/strong><\/h2>\n<p>Nhi\u1ec1u kh\u00e1ch h\u00e0ng \u0111\u00e1nh gi\u00e1 cao s\u1ef1 ti\u1ec7n l\u1ee3i v\u00e0 an to\u00e0n m\u00e0 <strong>M\u00f3c ch\u00eca kh\u00f3a RFID<\/strong> cung c\u1ea5p. Sau \u0111\u00e2y l\u00e0 t\u00f3m t\u1eaft nhanh v\u1ec1 ph\u1ea3n h\u1ed3i ph\u1ed5 bi\u1ebfn:<\/p>\n<ul>\n<li><strong>\u201cTruy c\u1eadp thu\u1eadn ti\u1ec7n v\u00e0 nhanh ch\u00f3ng!\u201d<\/strong> \u2013 Nhi\u1ec1u ng\u01b0\u1eddi d\u00f9ng nh\u1ea5n m\u1ea1nh \u0111\u1ebfn t\u1ed1c \u0111\u1ed9 v\u00e0 hi\u1ec7u qu\u1ea3 c\u1ee7a <strong>M\u00f3c ch\u00eca kh\u00f3a RFID<\/strong>Th\u1eddi gian ph\u1ea3n h\u1ed3i nhanh khi\u1ebfn ch\u00fang tr\u1edf th\u00e0nh l\u1ef1a ch\u1ecdn l\u00fd t\u01b0\u1edfng cho nh\u1eefng m\u00f4i tr\u01b0\u1eddng b\u1eadn r\u1ed9n nh\u01b0 t\u00f2a nh\u00e0 v\u0103n ph\u00f2ng v\u00e0 kh\u00e1ch s\u1ea1n.<\/li>\n<li><strong>\u201cB\u1ec1n b\u1ec9 v\u00e0 \u0111\u00e1ng tin c\u1eady\u201d<\/strong> \u2013 Kh\u00e1ch h\u00e0ng c\u0169ng \u0111\u00e1nh gi\u00e1 cao <strong>x\u00e2y d\u1ef1ng b\u1ec1n v\u1eefng<\/strong> c\u1ee7a c\u00e1c m\u00f3c ch\u00eca kh\u00f3a, nhi\u1ec1u ng\u01b0\u1eddi l\u01b0u \u00fd r\u1eb1ng ch\u00fang \u0111\u00e3 ch\u1ecbu \u0111\u01b0\u1ee3c nhi\u1ec1u th\u00e1ng ho\u1eb7c nhi\u1ec1u n\u0103m s\u1eed d\u1ee5ng h\u00e0ng ng\u00e0y.<\/li>\n<li><strong>\u201cTuy\u1ec7t v\u1eddi cho kh\u00e1ch s\u1ea1n\u201d<\/strong> \u2013 C\u00e1c doanh nghi\u1ec7p kinh doanh d\u1ecbch v\u1ee5 l\u01b0u tr\u00fa t\u1eadn h\u01b0\u1edfng s\u1ef1 ti\u1ec7n l\u1ee3i khi s\u1eed d\u1ee5ng <strong>M\u00f3c ch\u00eca kh\u00f3a RFID<\/strong> \u0111\u1ec3 kh\u00e1ch c\u00f3 th\u1ec3 ra v\u00e0o m\u00e0 kh\u00f4ng c\u1ea7n d\u00f9ng ch\u00eca kh\u00f3a ph\u00f2ng theo c\u00e1ch truy\u1ec1n th\u1ed1ng.<\/li>\n<\/ul>\n<hr \/>\n<h2><strong>C\u00e2u h\u1ecfi th\u01b0\u1eddng g\u1eb7p<\/strong><\/h2>\n<h3><strong>1. C\u00f3 th\u1ec3 l\u1eadp tr\u00ecnh \u0111\u01b0\u1ee3c ch\u00eca kh\u00f3a RFID kh\u00f4ng?<\/strong><\/h3>\n<p>C\u00f3, nhi\u1ec1u <strong>M\u00f3c ch\u00eca kh\u00f3a RFID<\/strong> l\u00e0 <strong>c\u00f3 th\u1ec3 ghi l\u1ea1i<\/strong>, ngh\u0129a l\u00e0 b\u1ea1n c\u00f3 th\u1ec3 thay \u0111\u1ed5i d\u1eef li\u1ec7u \u0111\u01b0\u1ee3c l\u01b0u tr\u1eef tr\u00ean \u0111\u00f3, ch\u1eb3ng h\u1ea1n nh\u01b0 th\u00f4ng tin \u0111\u0103ng nh\u1eadp.<\/p>\n<h3><strong>2. Ch\u00eca kh\u00f3a RFID c\u00f3 th\u1ec3 truy\u1ec1n t\u00edn hi\u1ec7u \u0111i xa \u0111\u1ebfn m\u1ee9c n\u00e0o?<\/strong><\/h3>\n<p>Ph\u1ea1m vi c\u1ee7a m\u1ed9t <strong>Ch\u00eca kh\u00f3a RFID<\/strong> th\u01b0\u1eddng k\u00e9o d\u00e0i t\u1eeb <strong>0 \u0111\u1ebfn 10 cm<\/strong> t\u00f9y thu\u1ed9c v\u00e0o ng\u01b0\u1eddi \u0111\u1ecdc v\u00e0 \u0111i\u1ec1u ki\u1ec7n m\u00f4i tr\u01b0\u1eddng.<\/p>\n<h3><strong>3. M\u00f3c kh\u00f3a RFID c\u00f3 an to\u00e0n kh\u00f4ng?<\/strong><\/h3>\n<p>\u0110\u00fang, <strong>M\u00f3c ch\u00eca kh\u00f3a RFID<\/strong> r\u1ea5t an to\u00e0n. Ch\u00fang th\u01b0\u1eddng bao g\u1ed3m m\u00e3 h\u00f3a v\u00e0 c\u00e1c t\u00ednh n\u0103ng b\u1ea3o v\u1ec7 kh\u00e1c \u0111\u1ec3 ng\u0103n ch\u1eb7n truy c\u1eadp tr\u00e1i ph\u00e9p.<\/p>\n<h3><strong>4. Ng\u00e0nh c\u00f4ng nghi\u1ec7p n\u00e0o s\u1eed d\u1ee5ng ch\u00eca kh\u00f3a RFID?<\/strong><\/h3>\n<p><strong>M\u00f3c ch\u00eca kh\u00f3a RFID<\/strong> \u0111\u01b0\u1ee3c s\u1eed d\u1ee5ng trong nhi\u1ec1u ng\u00e0nh c\u00f4ng nghi\u1ec7p kh\u00e1c nhau, bao g\u1ed3m kh\u00e1ch s\u1ea1n, ch\u0103m s\u00f3c s\u1ee9c kh\u1ecfe, v\u0103n ph\u00f2ng c\u00f4ng ty v\u00e0 th\u1eadm ch\u00ed c\u1ea3 ch\u00eca kh\u00f3a \u00f4 t\u00f4.<\/p>\n<hr \/>\n<h2><strong>K\u1ebft lu\u1eadn: T\u1ea1i sao n\u00ean mua m\u00f3c ch\u00eca kh\u00f3a RFID?<\/strong><\/h2>\n<p>\u0110\u1ea7u t\u01b0 v\u00e0o <strong>M\u00f3c ch\u00eca kh\u00f3a RFID<\/strong> cung c\u1ea5p b\u1ea3o m\u1eadt, ti\u1ec7n l\u1ee3i v\u00e0 \u0111\u1ed9 b\u1ec1n \u0111\u01b0\u1ee3c c\u1ea3i thi\u1ec7n cho c\u1ea3 doanh nghi\u1ec7p v\u00e0 c\u00e1 nh\u00e2n. Cho d\u00f9 b\u1ea1n \u0111ang mu\u1ed1n h\u1ee3p l\u00fd h\u00f3a <strong>h\u1ec7 th\u1ed1ng ki\u1ec3m so\u00e1t ra v\u00e0o<\/strong>, th\u1ef1c hi\u1ec7n <strong>nh\u1eadp c\u1ea3nh kh\u00f4ng c\u1ea7n ch\u00eca kh\u00f3a<\/strong> trong kh\u00e1ch s\u1ea1n c\u1ee7a b\u1ea1n, ho\u1eb7c c\u1ea3i thi\u1ec7n an ninh trong v\u0103n ph\u00f2ng c\u1ee7a b\u1ea1n, <strong>M\u00f3c ch\u00eca kh\u00f3a RFID<\/strong> l\u00e0 gi\u1ea3i ph\u00e1p th\u1ef1c t\u1ebf, ti\u1ebft ki\u1ec7m chi ph\u00ed v\u00e0 \u0111\u00e1ng tin c\u1eady.<\/p>\n<p>V\u1edbi c\u00f4ng ngh\u1ec7 ti\u00ean ti\u1ebfn c\u1ee7a h\u1ecd, d\u1ec5 d\u00e0ng t\u00edch h\u1ee3p v\u1edbi <strong>H\u1ec7 th\u1ed1ng RFID<\/strong>v\u00e0 x\u00e2y d\u1ef1ng l\u00e2u d\u00e0i, <strong>M\u00f3c ch\u00eca kh\u00f3a RFID<\/strong> \u0111\u1ea1i di\u1ec7n cho gi\u1ea3i ph\u00e1p h\u01b0\u1edbng t\u1edbi t\u01b0\u01a1ng lai cho nh\u1eefng th\u00e1ch th\u1ee9c v\u1ec1 an ninh hi\u1ec7n nay.<\/p>\n<p>&nbsp;<\/p>","protected":false},"excerpt":{"rendered":"<p><strong>M\u00f3c ch\u00eca kh\u00f3a RFID<\/strong> ABS ISO14443A cung c\u1ea5p c\u00e1c t\u00f9y ch\u1ecdn t\u1ea7n s\u1ed1 k\u00e9p (13,56MHz\/125KHz), thi\u1ebft k\u1ebf b\u1ec1n b\u1ec9, UID c\u00f3 th\u1ec3 l\u1eadp tr\u00ecnh v\u00e0 c\u00e1c t\u00ednh n\u0103ng b\u1ea3o m\u1eadt ti\u00ean ti\u1ebfn nh\u01b0 ch\u1ed1ng sao ch\u00e9p v\u00e0 giao ti\u1ebfp \u0111\u01b0\u1ee3c m\u00e3 h\u00f3a.<\/p>","protected":false},"featured_media":2861,"template":"","meta":{"_kad_post_transparent":"default","_kad_post_title":"","_kad_post_layout":"default","_kad_post_sidebar_id":"","_kad_post_content_style":"default","_kad_post_vertical_padding":"default","_kad_post_feature":"","_kad_post_feature_position":"","_kad_post_header":false,"_kad_post_footer":false,"_kad_post_classname":""},"product_brand":[],"product_cat":[54],"product_tag":[346,344,345,343,351,350],"class_list":{"0":"post-2860","1":"product","2":"type-product","3":"status-publish","4":"has-post-thumbnail","6":"product_cat-hot-selling-rfid-tags","7":"product_tag-nfc-key-tag","8":"product_tag-nfc-keychain","9":"product_tag-rfid-fob","10":"product_tag-rfid-keyfobs","11":"product_tag-rfid-keyfobs-abs","12":"product_tag-rfid-keyfobs-iso14443a","14":"first","15":"instock","16":"shipping-taxable","17":"product-type-simple","18":"entry","19":"content-bg","20":"loop-entry"},"_links":{"self":[{"href":"https:\/\/rfid-laundry-tag.com\/vi\/wp-json\/wp\/v2\/product\/2860","targetHints":{"allow":["GET"]}}],"collection":[{"href":"https:\/\/rfid-laundry-tag.com\/vi\/wp-json\/wp\/v2\/product"}],"about":[{"href":"https:\/\/rfid-laundry-tag.com\/vi\/wp-json\/wp\/v2\/types\/product"}],"version-history":[{"count":2,"href":"https:\/\/rfid-laundry-tag.com\/vi\/wp-json\/wp\/v2\/product\/2860\/revisions"}],"predecessor-version":[{"id":2863,"href":"https:\/\/rfid-laundry-tag.com\/vi\/wp-json\/wp\/v2\/product\/2860\/revisions\/2863"}],"wp:featuredmedia":[{"embeddable":true,"href":"https:\/\/rfid-laundry-tag.com\/vi\/wp-json\/wp\/v2\/media\/2861"}],"wp:attachment":[{"href":"https:\/\/rfid-laundry-tag.com\/vi\/wp-json\/wp\/v2\/media?parent=2860"}],"wp:term":[{"taxonomy":"product_brand","embeddable":true,"href":"https:\/\/rfid-laundry-tag.com\/vi\/wp-json\/wp\/v2\/product_brand?post=2860"},{"taxonomy":"product_cat","embeddable":true,"href":"https:\/\/rfid-laundry-tag.com\/vi\/wp-json\/wp\/v2\/product_cat?post=2860"},{"taxonomy":"product_tag","embeddable":true,"href":"https:\/\/rfid-laundry-tag.com\/vi\/wp-json\/wp\/v2\/product_tag?post=2860"}],"curies":[{"name":"wp","href":"https:\/\/api.w.org\/{rel}","templated":true}]}}