{"id":2853,"date":"2024-11-05T12:54:13","date_gmt":"2024-11-05T12:54:13","guid":{"rendered":"https:\/\/rfid-laundry-tag.com\/?post_type=product&#038;p=2853"},"modified":"2024-11-05T13:04:21","modified_gmt":"2024-11-05T13:04:21","slug":"proximity-abs-tk4100-key-fob","status":"publish","type":"product","link":"https:\/\/rfid-laundry-tag.com\/vi\/proximity-abs-tk4100-key-fob\/","title":{"rendered":"Ch\u00eca kh\u00f3a Proximity ABS TK4100"},"content":{"rendered":"<h2>Ch\u00eca kh\u00f3a Proximity ABS TK4100<\/h2>\n<table class=\"has-title all magic-13\">\n<tbody>\n<tr>\n<td colspan=\"1\" rowspan=\"2\">\n<div class=\"magic-14\">v\u1eadt li\u1ec7u<\/div>\n<\/td>\n<td colspan=\"1\" rowspan=\"1\">\n<div class=\"magic-15\">V\u1eadt li\u1ec7u \u0103ng ten: L\u00e1 nh\u00f4m<\/div>\n<\/td>\n<\/tr>\n<tr>\n<td colspan=\"1\" rowspan=\"1\">\n<div class=\"magic-15\">V\u1eadt li\u1ec7u b\u1ec1 m\u1eb7t: ABS\/da\/g\u1ed7<\/div>\n<\/td>\n<\/tr>\n<tr>\n<td colspan=\"1\" rowspan=\"1\">\n<div class=\"magic-17\">k\u00edch c\u1ee1<\/div>\n<\/td>\n<td colspan=\"1\" rowspan=\"1\">\n<div class=\"magic-15\" data-spm-anchor-id=\"a2700.details.0.i41.3c939b1b0qFtg1\">40,38*31,5mm,35,5*28mm,51,5*32mm,ho\u1eb7c t\u00f9y ch\u1ec9nh<\/div>\n<\/td>\n<\/tr>\n<tr>\n<td colspan=\"1\" rowspan=\"1\">\n<div class=\"magic-17\">Th\u1ee7 c\u00f4ng m\u1ef9 ngh\u1ec7 t\u00f9y ch\u1ec9nh<\/div>\n<\/td>\n<td colspan=\"1\" rowspan=\"1\">\n<div class=\"magic-15\">Logo In l\u1ee5a\/M\u00e3 UID, m\u00e3 series ho\u1eb7c t\u00f9y ch\u1ec9nh<\/div>\n<\/td>\n<\/tr>\n<tr>\n<td colspan=\"1\" rowspan=\"1\">\n<div class=\"magic-17\">Nhi\u1ec7t \u0111\u1ed9 ho\u1ea1t \u0111\u1ed9ng<\/div>\n<\/td>\n<td colspan=\"1\" rowspan=\"1\">\n<div class=\"magic-15\">-20\u00b0C~+90\u00b0C<\/div>\n<\/td>\n<\/tr>\n<tr>\n<td colspan=\"1\" rowspan=\"1\">\n<div class=\"magic-17\">m\u00e3 h\u00f3a<\/div>\n<\/td>\n<td colspan=\"1\" rowspan=\"1\">\n<div class=\"magic-15\">chip c\u00f3 th\u1ec3 ghi C\u00f3 s\u1eb5n<\/div>\n<\/td>\n<\/tr>\n<tr>\n<td colspan=\"1\" rowspan=\"1\">\n<div class=\"magic-17\">t\u00f9y ch\u1ecdn m\u00e0u s\u1eafc<\/div>\n<\/td>\n<td colspan=\"1\" rowspan=\"1\">\n<div class=\"magic-15\">\u0110\u1ecf, Xanh, \u0110en, T\u00edm, Cam, V\u00e0ng, (c\u00f3 th\u1ec3 t\u00f9y ch\u1ec9nh)<\/div>\n<\/td>\n<\/tr>\n<tr>\n<td colspan=\"1\" rowspan=\"1\">\n<div class=\"magic-17\">kho\u1ea3ng c\u00e1ch \u0111\u1ecdc<\/div>\n<\/td>\n<td colspan=\"1\" rowspan=\"1\">\n<div class=\"magic-15\">1~10cm (t\u00f9y thu\u1ed9c v\u00e0o ng\u01b0\u1eddi \u0111\u1ecdc)<\/div>\n<\/td>\n<\/tr>\n<tr>\n<td colspan=\"1\" rowspan=\"1\">\n<div class=\"magic-17\">\u1ee9ng d\u1ee5ng<\/div>\n<\/td>\n<td colspan=\"1\" rowspan=\"1\">\n<div class=\"magic-15\" data-spm-anchor-id=\"a2700.details.0.i40.3c939b1b0qFtg1\">h\u1ec7 th\u1ed1ng th\u00e0nh vi\u00ean\/ph\u00f2ng t\u1eadp\/ki\u1ec3m so\u00e1t ra v\u00e0o\/thanh to\u00e1n, v.v.<\/div>\n<\/td>\n<\/tr>\n<\/tbody>\n<\/table>\n<p>&nbsp;<\/p>\n<p>M\u1ed7i <strong>Ch\u00eca kh\u00f3a Proximity ABS TK4100<\/strong> \u0111\u01b0\u1ee3c l\u1eadp tr\u00ecnh s\u1eb5n v\u1edbi m\u1ed9t s\u1ed1 ID ch\u1eef s\u1ed1 duy nh\u1ea5t, khi\u1ebfn n\u00f3 tr\u1edf th\u00e0nh l\u1ef1a ch\u1ecdn l\u00fd t\u01b0\u1edfng \u0111\u1ec3 s\u1eed d\u1ee5ng trong RFID <strong>H\u1ec7 th\u1ed1ng ki\u1ec3m so\u00e1t ra v\u00e0o ti\u1ec7m c\u1eadn<\/strong>. C\u00e1c m\u00f3c ch\u00eca kh\u00f3a n\u00e0y \u0111\u01b0\u1ee3c thi\u1ebft k\u1ebf \u0111\u1ec3 t\u00edch h\u1ee3p li\u1ec1n m\u1ea1ch v\u1edbi c\u00e1c h\u1ec7 th\u1ed1ng qu\u1ea3n l\u00fd ra v\u00e0o c\u1eeda, kh\u00f3a \u0111i\u1ec7n v\u00e0 th\u1eadm ch\u00ed c\u1ea3 \u0111i\u1ec7n tho\u1ea1i c\u1eeda c\u00f3 video, \u0111\u1ea3m b\u1ea3o kh\u1ea3 n\u0103ng m\u1edf kh\u00f3a an to\u00e0n v\u00e0 \u0111\u00e1ng tin c\u1eady.<\/p>\n<p>C\u00e1c m\u00f3c ch\u00eca kh\u00f3a \u0111\u01b0\u1ee3c ch\u1ebf t\u1ea1o b\u1eb1ng v\u1eadt li\u1ec7u b\u1ec1n <strong>V\u1eadt li\u1ec7u ABS<\/strong>, cung c\u1ea5p <strong>kh\u00f4ng th\u1ea5m n\u01b0\u1edbc<\/strong> b\u1ea3o v\u1ec7 \u0111\u1ec3 \u0111\u1ea3m b\u1ea3o hi\u1ec7u su\u1ea5t l\u00e2u d\u00e0i trong nhi\u1ec1u m\u00f4i tr\u01b0\u1eddng kh\u00e1c nhau. M\u1ed7i m\u00f3c ch\u00eca kh\u00f3a \u0111\u01b0\u1ee3c g\u1eafn v\u00e0o m\u1ed9t <strong>m\u00f3c ch\u00eca kh\u00f3a kim lo\u1ea1i<\/strong>, gi\u00fap d\u1ec5 d\u00e0ng mang theo v\u00e0 g\u1eafn v\u00e0o m\u00f3c ch\u00eca kh\u00f3a ho\u1eb7c d\u00e2y \u0111eo. \u0110i\u1ec1u n\u00e0y gi\u00fap ng\u01b0\u1eddi d\u00f9ng thu\u1eadn ti\u1ec7n trong khi v\u1eabn duy tr\u00ec ch\u1ee9c n\u0103ng c\u1ee7a ch\u00fang trong \u0111i\u1ec1u ki\u1ec7n kh\u1eafc nghi\u1ec7t.<\/p>\n<p>Nh\u1eefng chi\u1ebfc ch\u00eca kh\u00f3a n\u00e0y \u0111\u01b0\u1ee3c s\u1eed d\u1ee5ng r\u1ed9ng r\u00e3i trong <strong>h\u1ec7 th\u1ed1ng ki\u1ec3m so\u00e1t ra v\u00e0o<\/strong>, cho ph\u00e9p c\u00e1c ch\u1ee9c n\u0103ng nh\u01b0 m\u1edf kh\u00f3a c\u1eeda, qu\u1ea3n l\u00fd m\u1eadt kh\u1ea9u v\u00e0 quy\u1ec1n truy c\u1eadp. Ch\u00fang l\u00e0 <strong>t\u01b0\u01a1ng th\u00edch v\u1edbi c\u00e1c thi\u1ebft b\u1ecb truy c\u1eadp EM ID ti\u00eau chu\u1ea9n<\/strong> ho\u1eb7c <strong>\u0110\u1ea7u \u0111\u1ecdc ID<\/strong>, khi\u1ebfn ch\u00fang tr\u1edf n\u00ean c\u1ef1c k\u1ef3 linh ho\u1ea1t cho nhi\u1ec1u \u1ee9ng d\u1ee5ng ki\u1ec3m so\u00e1t ra v\u00e0o kh\u00e1c nhau.<\/p>","protected":false},"excerpt":{"rendered":"<p>C\u00e1c <strong>Ch\u00eca kh\u00f3a Proximity ABS TK4100<\/strong> l\u00e0 m\u1ed9t ch\u00eca kh\u00f3a RFID c\u00f3 \u0111\u1ed9 tin c\u1eady cao, b\u1ec1n v\u00e0 an to\u00e0n ph\u00f9 h\u1ee3p v\u1edbi nhi\u1ec1u h\u1ec7 th\u1ed1ng ki\u1ec3m so\u00e1t ra v\u00e0o kh\u00e1c nhau. \u0110\u01b0\u1ee3c l\u1eadp tr\u00ecnh s\u1eb5n v\u1edbi m\u1ed9t ID duy nh\u1ea5t, n\u00f3 \u0111\u01b0\u1ee3c s\u1eed d\u1ee5ng r\u1ed9ng r\u00e3i cho <strong>m\u1edf kh\u00f3a c\u1eeda<\/strong>, <strong>qu\u1ea3n l\u00fd m\u1eadt kh\u1ea9u<\/strong>v\u00e0 nhi\u1ec1u h\u01a1n n\u1eefa. \u0110\u01b0\u1ee3c l\u00e0m b\u1eb1ng v\u1eadt li\u1ec7u ABS ch\u1ed1ng th\u1ea5m n\u01b0\u1edbc v\u1edbi m\u00f3c ch\u00eca kh\u00f3a b\u1eb1ng kim lo\u1ea1i, l\u00fd t\u01b0\u1edfng \u0111\u1ec3 s\u1eed d\u1ee5ng c\u1ea3 trong nh\u00e0 v\u00e0 ngo\u00e0i tr\u1eddi.<\/p>","protected":false},"featured_media":2855,"template":"","meta":{"_kad_post_transparent":"default","_kad_post_title":"","_kad_post_layout":"default","_kad_post_sidebar_id":"","_kad_post_content_style":"default","_kad_post_vertical_padding":"default","_kad_post_feature":"","_kad_post_feature_position":"","_kad_post_header":false,"_kad_post_footer":false,"_kad_post_classname":""},"product_brand":[],"product_cat":[54],"product_tag":[348,346,349,344,345,343],"class_list":{"0":"post-2853","1":"product","2":"type-product","3":"status-publish","4":"has-post-thumbnail","6":"product_cat-hot-selling-rfid-tags","7":"product_tag-nfc-key-fobs-ntag213","8":"product_tag-nfc-key-tag","9":"product_tag-nfc-key-tags","10":"product_tag-nfc-keychain","11":"product_tag-rfid-fob","12":"product_tag-rfid-keyfobs","14":"first","15":"instock","16":"shipping-taxable","17":"product-type-simple","18":"entry","19":"content-bg","20":"loop-entry"},"_links":{"self":[{"href":"https:\/\/rfid-laundry-tag.com\/vi\/wp-json\/wp\/v2\/product\/2853","targetHints":{"allow":["GET"]}}],"collection":[{"href":"https:\/\/rfid-laundry-tag.com\/vi\/wp-json\/wp\/v2\/product"}],"about":[{"href":"https:\/\/rfid-laundry-tag.com\/vi\/wp-json\/wp\/v2\/types\/product"}],"version-history":[{"count":2,"href":"https:\/\/rfid-laundry-tag.com\/vi\/wp-json\/wp\/v2\/product\/2853\/revisions"}],"predecessor-version":[{"id":2859,"href":"https:\/\/rfid-laundry-tag.com\/vi\/wp-json\/wp\/v2\/product\/2853\/revisions\/2859"}],"wp:featuredmedia":[{"embeddable":true,"href":"https:\/\/rfid-laundry-tag.com\/vi\/wp-json\/wp\/v2\/media\/2855"}],"wp:attachment":[{"href":"https:\/\/rfid-laundry-tag.com\/vi\/wp-json\/wp\/v2\/media?parent=2853"}],"wp:term":[{"taxonomy":"product_brand","embeddable":true,"href":"https:\/\/rfid-laundry-tag.com\/vi\/wp-json\/wp\/v2\/product_brand?post=2853"},{"taxonomy":"product_cat","embeddable":true,"href":"https:\/\/rfid-laundry-tag.com\/vi\/wp-json\/wp\/v2\/product_cat?post=2853"},{"taxonomy":"product_tag","embeddable":true,"href":"https:\/\/rfid-laundry-tag.com\/vi\/wp-json\/wp\/v2\/product_tag?post=2853"}],"curies":[{"name":"wp","href":"https:\/\/api.w.org\/{rel}","templated":true}]}}