{"id":2850,"date":"2024-11-05T12:42:51","date_gmt":"2024-11-05T12:42:51","guid":{"rendered":"https:\/\/rfid-laundry-tag.com\/?post_type=product&#038;p=2850"},"modified":"2024-11-05T12:49:55","modified_gmt":"2024-11-05T12:49:55","slug":"nfc-key-fobs-ntag213","status":"publish","type":"product","link":"https:\/\/rfid-laundry-tag.com\/vi\/nfc-key-fobs-ntag213\/","title":{"rendered":"M\u00f3c ch\u00eca kh\u00f3a NFC Ntag213"},"content":{"rendered":"<h2>M\u00f3c ch\u00eca kh\u00f3a NFC Ntag213<\/h2>\n<p>M\u00f3c ch\u00eca kh\u00f3a NFC, ch\u1eb3ng h\u1ea1n nh\u01b0 Ntag213, \u0111ang c\u00e1ch m\u1ea1ng h\u00f3a c\u00e1ch ch\u00fang ta t\u01b0\u01a1ng t\u00e1c v\u1edbi m\u00f4i tr\u01b0\u1eddng xung quanh, cung c\u1ea5p c\u00e1c gi\u1ea3i ph\u00e1p an to\u00e0n, kh\u00f4ng ti\u1ebfp x\u00fac \u0111\u1ec3 ki\u1ec3m so\u00e1t truy c\u1eadp, nh\u1eadn d\u1ea1ng, v.v. Cho d\u00f9 b\u1ea1n c\u1ea7n h\u1ec7 th\u1ed1ng ra v\u00e0o kh\u00f4ng c\u1ea7n ch\u00eca kh\u00f3a cho v\u0103n ph\u00f2ng, kh\u00e1ch s\u1ea1n hay xe c\u00e1 nh\u00e2n, m\u00f3c ch\u00eca kh\u00f3a NFC Ntag213 \u0111\u1ec1u mang \u0111\u1ebfn tr\u1ea3i nghi\u1ec7m li\u1ec1n m\u1ea1ch v\u00e0 \u0111\u00e1ng tin c\u1eady. M\u00f4 t\u1ea3 s\u1ea3n ph\u1ea9m n\u00e0y \u0111i s\u00e2u v\u00e0o c\u00e1c l\u1ee3i \u00edch, t\u00ednh n\u0103ng v\u00e0 c\u00f4ng d\u1ee5ng c\u1ee7a M\u00f3c ch\u00eca kh\u00f3a NFC Ntag213, cung c\u1ea5p th\u00f4ng tin chi ti\u1ebft to\u00e0n di\u1ec7n cho nh\u1eefng ai \u0111ang c\u00e2n nh\u1eafc c\u00f4ng ngh\u1ec7 ti\u00ean ti\u1ebfn n\u00e0y.<\/p>\n<hr \/>\n<h2>T\u1ed5ng quan s\u1ea3n ph\u1ea9m<\/h2>\n<p>C\u00e1c <strong>Ch\u00eca kh\u00f3a NFC Ntag213<\/strong> l\u00e0 thi\u1ebft b\u1ecb kh\u00f4ng ti\u1ebfp x\u00fac hi\u1ec7u su\u1ea5t cao t\u1eadn d\u1ee5ng c\u00f4ng ngh\u1ec7 giao ti\u1ebfp tr\u01b0\u1eddng g\u1ea7n (NFC). \u0110\u01b0\u1ee3c thi\u1ebft k\u1ebf nh\u1ecf g\u1ecdn, an to\u00e0n v\u00e0 th\u00e2n thi\u1ec7n v\u1edbi ng\u01b0\u1eddi d\u00f9ng, m\u00f3c ch\u00eca kh\u00f3a n\u00e0y cho ph\u00e9p s\u1eed d\u1ee5ng nhi\u1ec1u \u1ee9ng d\u1ee5ng kh\u00e1c nhau bao g\u1ed3m ki\u1ec3m so\u00e1t truy c\u1eadp, h\u1ec7 th\u1ed1ng thanh to\u00e1n v\u00e0 x\u00e1c th\u1ef1c s\u1ea3n ph\u1ea9m. T\u1eadp trung v\u00e0o t\u00ednh b\u1ea3o m\u1eadt, d\u1ec5 s\u1eed d\u1ee5ng v\u00e0 hi\u1ec7u qu\u1ea3, m\u00f3c ch\u00eca kh\u00f3a Ntag213 cung c\u1ea5p ch\u1ee9c n\u0103ng v\u01b0\u1ee3t tr\u1ed9i cho doanh nghi\u1ec7p, kh\u00e1ch s\u1ea1n, nh\u00e0 ri\u00eang v\u00e0 nhi\u1ec1u n\u01a1i kh\u00e1c.<\/p>\n<h3>T\u1ea1i sao n\u00ean mua m\u00f3c kh\u00f3a NFC Ntag213?<\/h3>\n<p>Ntag213 kh\u00f4ng ch\u1ec9 l\u00e0 m\u1ed9t m\u00f3c ch\u00eca kh\u00f3a\u2014m\u00e0 c\u00f2n l\u00e0 gi\u1ea3i ph\u00e1p truy c\u1eadp \u0111\u00e1ng tin c\u1eady v\u00e0 an to\u00e0n. K\u1ebft h\u1ee3p hi\u1ec7u su\u1ea5t ch\u1ea5t l\u01b0\u1ee3ng cao, d\u1ec5 t\u00edch h\u1ee3p v\u00e0 kh\u1ea3 n\u0103ng t\u01b0\u01a1ng th\u00edch v\u1edbi c\u00e1c h\u1ec7 th\u1ed1ng hi\u1ec7n c\u00f3, \u0111\u00e2y l\u00e0 l\u1ef1a ch\u1ecdn l\u00fd t\u01b0\u1edfng cho c\u00e1c doanh nghi\u1ec7p mu\u1ed1n n\u00e2ng c\u1ea5p c\u00e1c bi\u1ec7n ph\u00e1p b\u1ea3o m\u1eadt ho\u1eb7c c\u00e1 nh\u00e2n mu\u1ed1n t\u00ecm c\u00e1ch qu\u1ea3n l\u00fd quy\u1ec1n truy c\u1eadp hi\u1ec7u qu\u1ea3 h\u01a1n. Sau \u0111\u00e2y l\u00e0 l\u00fd do t\u1ea1i sao s\u1ea3n ph\u1ea9m n\u00e0y \u0111\u00e1ng \u0111\u1ec3 \u0111\u1ea7u t\u01b0:<\/p>\n<ul>\n<li><strong>B\u1ea3o m\u1eadt \u0111\u00e1ng tin c\u1eady:<\/strong> V\u1edbi m\u00e3 h\u00f3a t\u00edch h\u1ee3p v\u00e0 m\u00e3 \u0111\u1ecbnh danh duy nh\u1ea5t (UID), ch\u00eca kh\u00f3a n\u00e0y \u0111\u1ea3m b\u1ea3o truy c\u1eadp an to\u00e0n m\u00e0 kh\u00f4ng c\u00f3 nguy c\u01a1 b\u1ecb sao ch\u00e9p ho\u1eb7c s\u1eed d\u1ee5ng tr\u00e1i ph\u00e9p.<\/li>\n<li><strong>\u0110\u1ed9 b\u1ec1n l\u00e2u d\u00e0i:<\/strong> \u0110\u01b0\u1ee3c thi\u1ebft k\u1ebf \u0111\u1ec3 s\u1eed d\u1ee5ng h\u00e0ng ng\u00e0y, M\u00f3c kh\u00f3a NFC Ntag213 c\u00f3 tu\u1ed5i th\u1ecd cao v\u1edbi chu k\u1ef3 ghi l\u00ean \u0111\u1ebfn 100.000 l\u1ea7n v\u00e0 th\u1eddi gian l\u01b0u gi\u1eef d\u1eef li\u1ec7u l\u00e0 10 n\u0103m.<\/li>\n<li><strong>Kh\u1ea3 n\u0103ng t\u01b0\u01a1ng th\u00edch \u0111a d\u1ea1ng:<\/strong> Kh\u1ea3 n\u0103ng t\u01b0\u01a1ng th\u00edch c\u1ee7a n\u00f3 v\u1edbi c\u1ea3 hai <strong>H\u1ec7 th\u1ed1ng RFID 13,56 MHz<\/strong> V\u00e0 <strong>Thi\u1ebft b\u1ecb h\u1ed7 tr\u1ee3 NFC<\/strong> l\u00e0m cho n\u00f3 tr\u1edf th\u00e0nh gi\u1ea3i ph\u00e1p \u0111a n\u0103ng cho nhi\u1ec1u \u1ee9ng d\u1ee5ng kh\u00e1c nhau.<\/li>\n<\/ul>\n<p>H\u00e3y c\u00f9ng t\u00ecm hi\u1ec3u s\u00e2u h\u01a1n v\u1ec1 c\u00e1c t\u00ednh n\u0103ng v\u00e0 l\u1ee3i \u00edch ch\u00ednh c\u1ee7a M\u00f3c kh\u00f3a NFC Ntag213.<\/p>\n<hr \/>\n<h2>C\u00f4ng ngh\u1ec7 NFC: X\u01b0\u01a1ng s\u1ed1ng c\u1ee7a c\u00e1c gi\u1ea3i ph\u00e1p b\u1ea3o m\u1eadt hi\u1ec7n \u0111\u1ea1i<\/h2>\n<p>C\u00f4ng ngh\u1ec7 NFC (Giao ti\u1ebfp t\u1ea7m g\u1ea7n) l\u00e0 \u0111\u1ed9ng l\u1ef1c th\u00fac \u0111\u1ea9y c\u00e1c h\u1ec7 th\u1ed1ng truy c\u1eadp kh\u00f4ng ti\u1ebfp x\u00fac. <strong>Ntag213<\/strong> l\u00e0 m\u1ed9t trong nh\u1eefng th\u1ebb NFC ph\u1ed5 bi\u1ebfn nh\u1ea5t \u0111\u01b0\u1ee3c ph\u00e1t tri\u1ec3n b\u1edfi <strong>Ch\u1ea5t b\u00e1n d\u1eabn NXP\u00ae<\/strong>, tu\u00e2n th\u1ee7 theo <strong>Th\u1ebb lo\u1ea1i 2 c\u1ee7a Di\u1ec5n \u0111\u00e0n NFC<\/strong> ti\u00eau chu\u1ea9n. S\u1ef1 tu\u00e2n th\u1ee7 n\u00e0y \u0111\u1ea3m b\u1ea3o r\u1eb1ng thi\u1ebft b\u1ecb ho\u1ea1t \u0111\u1ed9ng li\u1ec1n m\u1ea1ch v\u1edbi \u0111i\u1ec7n tho\u1ea1i th\u00f4ng minh, m\u00e1y t\u00ednh b\u1ea3ng h\u1ed7 tr\u1ee3 NFC v\u00e0 \u0111\u1ea7u \u0111\u1ecdc NFC chuy\u00ean d\u1ee5ng.<\/p>\n<h3>T\u00edch h\u1ee3p li\u1ec1n m\u1ea1ch v\u1edbi h\u1ec7 th\u1ed1ng ki\u1ec3m so\u00e1t ra v\u00e0o<\/h3>\n<p>Cho d\u00f9 \u0111\u00f3 l\u00e0 m\u1ed9t <strong>h\u1ec7 th\u1ed1ng ra v\u00e0o kh\u00e1ch s\u1ea1n<\/strong>, <strong>v\u0103n ph\u00f2ng kh\u00f4ng c\u1ea7n ch\u00eca kh\u00f3a<\/strong>ho\u1eb7c h\u1ec7 th\u1ed1ng ki\u1ec3m so\u00e1t truy c\u1eadp c\u00e1 nh\u00e2n, c\u00f4ng ngh\u1ec7 NFC \u0111\u01a1n gi\u1ea3n h\u00f3a quy tr\u00ecnh. <strong>Ch\u00eca kh\u00f3a NFC Ntag213<\/strong> l\u00e0 m\u1ed9t th\u00e0nh ph\u1ea7n quan tr\u1ecdng c\u1ee7a c\u00e1c gi\u1ea3i ph\u00e1p truy c\u1eadp hi\u1ec7n \u0111\u1ea1i, cung c\u1ea5p m\u1ed9t <strong>ph\u01b0\u01a1ng ph\u00e1p an to\u00e0n, kh\u00f4ng ti\u1ebfp x\u00fac<\/strong> \u0111\u1ec3 m\u1edf kh\u00f3a c\u1eeda, v\u00e0o khu v\u1ef1c h\u1ea1n ch\u1ebf v\u00e0 th\u1eadm ch\u00ed l\u00e0 thanh to\u00e1n. V\u1edbi c\u00e1c t\u00ednh n\u0103ng ti\u1ec7m c\u1eadn tr\u1ef1c quan, ng\u01b0\u1eddi d\u00f9ng c\u00f3 th\u1ec3 m\u1edf kh\u00f3a c\u1eeda ch\u1ec9 b\u1eb1ng c\u00e1ch gi\u1eef ch\u00eca kh\u00f3a g\u1ea7n \u0111\u1ea7u \u0111\u1ecdc h\u1ed7 tr\u1ee3 NFC.<\/p>\n<h3>T\u0103ng c\u01b0\u1eddng s\u1ef1 ti\u1ec7n l\u1ee3i cho ng\u01b0\u1eddi d\u00f9ng<\/h3>\n<p>C\u00f4ng ngh\u1ec7 NFC lo\u1ea1i b\u1ecf nhu c\u1ea7u s\u1eed d\u1ee5ng ch\u00eca kh\u00f3a truy\u1ec1n th\u1ed1ng ho\u1eb7c th\u1ebb v\u1eadt l\u00fd, cho ph\u00e9p truy c\u1eadp nhanh h\u01a1n v\u00e0 hi\u1ec7u qu\u1ea3 h\u01a1n. <strong>kho\u1ea3ng c\u00e1ch \u0111\u1ecdc<\/strong> l\u00ean \u0111\u1ebfn 100mm (t\u00f9y thu\u1ed9c v\u00e0o h\u00ecnh d\u1ea1ng \u0103ng-ten) \u0111\u1ea3m b\u1ea3o r\u1eb1ng m\u00f3c ch\u00eca kh\u00f3a c\u00f3 th\u1ec3 \u0111\u01b0\u1ee3c qu\u00e9t d\u1ec5 d\u00e0ng m\u00e0 kh\u00f4ng c\u1ea7n ti\u1ebfp x\u00fac tr\u1ef1c ti\u1ebfp. T\u00ednh n\u0103ng n\u00e0y mang l\u1ea1i s\u1ef1 ti\u1ec7n l\u1ee3i h\u01a1n cho c\u1ea3 ch\u1ee7 doanh nghi\u1ec7p v\u00e0 ng\u01b0\u1eddi d\u00f9ng.<\/p>\n<hr \/>\n<h2>C\u00e1c t\u00ednh n\u0103ng ch\u00ednh c\u1ee7a ch\u00eca kh\u00f3a NFC Ntag213<\/h2>\n<h3>1. <strong>C\u00e1c t\u00ednh n\u0103ng b\u1ea3o m\u1eadt t\u00edch h\u1ee3p \u0111\u1ec3 truy c\u1eadp an to\u00e0n<\/strong><\/h3>\n<p>B\u1ea3o m\u1eadt l\u00e0 \u01b0u ti\u00ean h\u00e0ng \u0111\u1ea7u khi n\u00f3i \u0111\u1ebfn ki\u1ec3m so\u00e1t truy c\u1eadp v\u00e0 <strong>M\u00f3c ch\u00eca kh\u00f3a NFC Ntag213<\/strong> mang l\u1ea1i \u0111i\u1ec1u \u0111\u00f3. V\u1edbi <strong>UID 7 byte duy nh\u1ea5t<\/strong>, thi\u1ebft b\u1ecb \u0111\u1ea3m b\u1ea3o m\u1ed7i m\u00f3c ch\u00eca kh\u00f3a l\u00e0 duy nh\u1ea5t, ng\u0103n ch\u1eb7n vi\u1ec7c sao ch\u00e9p tr\u00e1i ph\u00e9p. <strong>b\u1ea3o v\u1ec7 m\u1eadt kh\u1ea9u<\/strong> V\u00e0 <strong>Ch\u1eef k\u00fd g\u1ed1c d\u1ef1a tr\u00ean ECC<\/strong> b\u1ea3o v\u1ec7 d\u1eef li\u1ec7u t\u1ed1t h\u01a1n v\u00e0 \u0111\u1ea3m b\u1ea3o ch\u00eca kh\u00f3a kh\u00f4ng th\u1ec3 b\u1ecb can thi\u1ec7p.<\/p>\n<ul>\n<li><strong>B\u1ea3o v\u1ec7 m\u1eadt kh\u1ea9u<\/strong>:Kh\u1ea3 n\u0103ng c\u1ea5u h\u00ecnh m\u1eadt kh\u1ea9u 32 bit \u0111\u1ea3m b\u1ea3o r\u1eb1ng ch\u1ec9 nh\u1eefng ng\u01b0\u1eddi d\u00f9ng \u0111\u01b0\u1ee3c \u1ee7y quy\u1ec1n m\u1edbi c\u00f3 th\u1ec3 truy c\u1eadp h\u1ec7 th\u1ed1ng.<\/li>\n<li><strong>Ch\u1eef k\u00fd ECC<\/strong>: C\u00e1c <strong>Ch\u1eef k\u00fd g\u1ed1c d\u1ef1a tr\u00ean ECC<\/strong> cung c\u1ea5p th\u00eam m\u1ed9t l\u1edbp b\u1ea3o m\u1eadt, khi\u1ebfn k\u1ebb gian kh\u00f3 c\u00f3 th\u1ec3 l\u00e0m gi\u1ea3 ch\u00eca kh\u00f3a.<\/li>\n<\/ul>\n<h3>2. <strong>S\u1eed d\u1ee5ng \u0111a \u1ee9ng d\u1ee5ng<\/strong><\/h3>\n<p>M\u1ed9t trong nh\u1eefng l\u1ee3i th\u1ebf quan tr\u1ecdng nh\u1ea5t c\u1ee7a <strong>M\u00f3c ch\u00eca kh\u00f3a NFC Ntag213<\/strong> l\u00e0 t\u00ednh linh ho\u1ea1t c\u1ee7a n\u00f3. N\u00f3 c\u00f3 th\u1ec3 \u0111\u01b0\u1ee3c s\u1eed d\u1ee5ng cho nhi\u1ec1u \u1ee9ng d\u1ee5ng kh\u00e1c nhau, bao g\u1ed3m:<\/p>\n<ul>\n<li><strong>Ki\u1ec3m so\u00e1t truy c\u1eadp:<\/strong> \u0110\u01b0\u1ee3c s\u1eed d\u1ee5ng \u0111\u1ec3 m\u1edf kh\u00f3a c\u1eeda \u1edf v\u0103n ph\u00f2ng, kh\u00e1ch s\u1ea1n ho\u1eb7c nh\u00e0 ri\u00eang.<\/li>\n<li><strong>H\u1ec7 th\u1ed1ng thanh to\u00e1n:<\/strong> Thanh to\u00e1n an to\u00e0n, kh\u00f4ng ti\u1ebfp x\u00fac th\u00f4ng qua t\u00edch h\u1ee3p NFC tr\u00ean thi\u1ebft b\u1ecb di \u0111\u1ed9ng.<\/li>\n<li><strong>X\u00e1c th\u1ef1c s\u1ea3n ph\u1ea9m:<\/strong> X\u00e1c minh t\u00ednh x\u00e1c th\u1ef1c c\u1ee7a s\u1ea3n ph\u1ea9m ho\u1eb7c h\u00e0ng h\u00f3a cao c\u1ea5p.<\/li>\n<li><strong>Qu\u1ea3ng c\u00e1o th\u00f4ng minh:<\/strong> T\u0103ng c\u01b0\u1eddng c\u00e1c chi\u1ebfn d\u1ecbch ti\u1ebfp th\u1ecb ngo\u00e0i tr\u1eddi b\u1eb1ng c\u00e1ch s\u1eed d\u1ee5ng th\u1ebb NFC nh\u00fang trong ph\u01b0\u01a1ng ti\u1ec7n in.<\/li>\n<\/ul>\n<h3>3. <strong>\u0110\u1ed9 b\u1ec1n v\u00e0 tu\u1ed5i th\u1ecd<\/strong><\/h3>\n<p>V\u1edbi m\u1ed9t <strong>\u0111\u1ed9 b\u1ec1n ghi 100.000 chu k\u1ef3<\/strong> v\u00e0 m\u1ed9t <strong>th\u1eddi gian l\u01b0u gi\u1eef d\u1eef li\u1ec7u l\u00e0 10 n\u0103m<\/strong>, c\u00e1c <strong>M\u00f3c ch\u00eca kh\u00f3a NFC Ntag213<\/strong> \u0111\u01b0\u1ee3c ch\u1ebf t\u1ea1o \u0111\u1ec3 b\u1ec1n l\u00e2u. Cho d\u00f9 s\u1eed d\u1ee5ng h\u00e0ng ng\u00e0y trong m\u00f4i tr\u01b0\u1eddng v\u0103n ph\u00f2ng b\u1eadn r\u1ed9n hay l\u00e0 m\u1ed9t ph\u1ea7n c\u1ee7a \u1ee9ng d\u1ee5ng \u00edt l\u01b0u l\u01b0\u1ee3ng truy c\u1eadp, ch\u00eca kh\u00f3a n\u00e0y c\u00f3 th\u1ec3 ch\u1ecbu \u0111\u01b0\u1ee3c vi\u1ec7c s\u1eed d\u1ee5ng l\u00e2u d\u00e0i m\u00e0 kh\u00f4ng b\u1ecb suy gi\u1ea3m hi\u1ec7u su\u1ea5t.<\/p>\n<h3>4. <strong>Thi\u1ebft k\u1ebf nh\u1ecf g\u1ecdn v\u00e0 nh\u1eb9<\/strong><\/h3>\n<p>M\u00f3c ch\u00eca kh\u00f3a Ntag213 nh\u1ecf g\u1ecdn v\u00e0 nh\u1eb9, gi\u00fap b\u1ea1n d\u1ec5 d\u00e0ng mang theo b\u00ean m\u00ecnh. N\u00f3 l\u00e0 <strong>t\u01b0\u01a1ng th\u00edch v\u1edbi m\u00f3c ch\u00eca kh\u00f3a<\/strong>, cho ph\u00e9p ng\u01b0\u1eddi d\u00f9ng g\u1eafn n\u00f3 v\u00e0o ch\u00eca kh\u00f3a c\u1ee7a h\u1ecd \u0111\u1ec3 truy c\u1eadp thu\u1eadn ti\u1ec7n. <strong>d\u1ea5u ch\u00e2n nh\u1ecf<\/strong> l\u00e0m cho n\u00f3 tr\u1edf n\u00ean l\u00fd t\u01b0\u1edfng cho c\u00e1c \u1ee9ng d\u1ee5ng y\u00eau c\u1ea7u gi\u1ea3i ph\u00e1p ti\u1ebft ki\u1ec7m kh\u00f4ng gian, ch\u1eb3ng h\u1ea1n nh\u01b0 th\u1ebb nh\u00fang trong nh\u00e3n s\u1ea3n ph\u1ea9m ho\u1eb7c th\u1ebb ch\u01a1i game.<\/p>\n<hr \/>\n<h2>T\u00e1c \u0111\u1ed9ng m\u00f4i tr\u01b0\u1eddng v\u00e0 t\u00ednh b\u1ec1n v\u1eefng<\/h2>\n<p>Khi c\u00e1c doanh nghi\u1ec7p v\u00e0 ng\u01b0\u1eddi ti\u00eau d\u00f9ng ti\u1ebfp t\u1ee5c \u01b0u ti\u00ean t\u00ednh b\u1ec1n v\u1eefng, <strong>M\u00f3c ch\u00eca kh\u00f3a NFC Ntag213<\/strong> \u0111\u01b0\u1ee3c thi\u1ebft k\u1ebf v\u1edbi \u00fd th\u1ee9c tr\u00e1ch nhi\u1ec7m v\u1edbi m\u00f4i tr\u01b0\u1eddng. <strong>ti\u00eau th\u1ee5 n\u0103ng l\u01b0\u1ee3ng th\u1ea5p<\/strong> v\u00e0 \u0111\u1ed9 b\u1ec1n l\u00e2u d\u00e0i g\u00f3p ph\u1ea7n gi\u1ea3m thi\u1ec3u ch\u1ea5t th\u1ea3i v\u00e0 \u00edt ph\u1ea3i thay th\u1ebf h\u01a1n theo th\u1eddi gian. Ngo\u00e0i ra, nh\u01b0 m\u1ed9t <strong>th\u1ebb RFID th\u1ee5 \u0111\u1ed9ng<\/strong>, Ntag213 kh\u00f4ng c\u1ea7n pin \u0111\u1ec3 ho\u1ea1t \u0111\u1ed9ng, gi\u00fap gi\u1ea3m thi\u1ec3u t\u1ed1i \u0111a t\u00e1c \u0111\u1ed9ng \u0111\u1ebfn m\u00f4i tr\u01b0\u1eddng.<\/p>\n<hr \/>\n<h2>C\u00e1ch s\u1eed d\u1ee5ng ch\u00eca kh\u00f3a NFC Ntag213<\/h2>\n<p>S\u1eed d\u1ee5ng <strong>M\u00f3c ch\u00eca kh\u00f3a NFC Ntag213<\/strong> \u0111\u01a1n gi\u1ea3n v\u00e0 d\u1ec5 hi\u1ec3u:<\/p>\n<ol>\n<li><strong>L\u1eadp tr\u00ecnh<\/strong>:S\u1eed d\u1ee5ng ph\u1ea7n m\u1ec1m ho\u1eb7c \u0111\u1ea7u \u0111\u1ecdc NFC t\u01b0\u01a1ng th\u00edch \u0111\u1ec3 l\u1eadp tr\u00ecnh ch\u00eca kh\u00f3a v\u1edbi c\u00e1c th\u00f4ng tin c\u1ea7n thi\u1ebft, ch\u1eb3ng h\u1ea1n nh\u01b0 th\u00f4ng tin \u0111\u0103ng nh\u1eadp ho\u1eb7c th\u00f4ng tin thanh to\u00e1n.<\/li>\n<li><strong>T\u00edch h\u1ee3p<\/strong>: T\u00edch h\u1ee3p ch\u00eca kh\u00f3a v\u1edbi h\u1ec7 th\u1ed1ng ki\u1ec3m so\u00e1t ra v\u00e0o ho\u1eb7c thi\u1ebft b\u1ecb \u0111\u1ea7u cu\u1ed1i thanh to\u00e1n h\u1ed7 tr\u1ee3 NFC.<\/li>\n<li><strong>K\u00edch ho\u1ea1t<\/strong>: Gi\u1eef ch\u00eca kh\u00f3a g\u1ea7n \u0111\u1ea7u \u0111\u1ecdc NFC \u0111\u1ec3 truy c\u1eadp ho\u1eb7c ho\u00e0n t\u1ea5t giao d\u1ecbch. <strong>kh\u00f4ng ti\u1ebfp x\u00fac<\/strong> t\u01b0\u01a1ng t\u00e1c \u0111\u1ea3m b\u1ea3o s\u1eed d\u1ee5ng tr\u01a1n tru v\u00e0 hi\u1ec7u qu\u1ea3.<\/li>\n<\/ol>\n<hr \/>\n<h2>\u0110\u00e1nh gi\u00e1 c\u1ee7a kh\u00e1ch h\u00e0ng<\/h2>\n<p>Nhi\u1ec1u ng\u01b0\u1eddi d\u00f9ng \u0111\u00e3 khen ng\u1ee3i <strong>M\u00f3c ch\u00eca kh\u00f3a NFC Ntag213<\/strong> cho n\u00f3 <strong>d\u1ec5 s\u1eed d\u1ee5ng<\/strong>, <strong>b\u1ea3o v\u1ec7<\/strong>, V\u00e0 <strong>\u0111\u1ed9 tin c\u1eady<\/strong>. Sau \u0111\u00e2y l\u00e0 m\u1ed9t s\u1ed1 l\u1eddi ch\u1ee9ng th\u1ef1c t\u1eeb kh\u00e1ch h\u00e0ng h\u00e0i l\u00f2ng:<\/p>\n<ul>\n<li><strong>John D., Tr\u01b0\u1edfng ph\u00f2ng V\u0103n ph\u00f2ng<\/strong>: \u201cNtag213 gi\u00fap vi\u1ec7c ra v\u00e0o t\u00f2a nh\u00e0 v\u0103n ph\u00f2ng c\u1ee7a ch\u00fang t\u00f4i d\u1ec5 d\u00e0ng h\u01a1n bao gi\u1edd h\u1ebft. N\u00f3 an to\u00e0n, d\u1ec5 s\u1eed d\u1ee5ng v\u00e0 t\u00f4i kh\u00f4ng c\u00f2n ph\u1ea3i lo l\u1eafng v\u1ec1 vi\u1ec7c m\u1ea5t ch\u00eca kh\u00f3a n\u1eefa.\u201d<\/li>\n<li><strong>Sarah T., Ch\u1ee7 Kh\u00e1ch s\u1ea1n<\/strong>: \u201cCh\u00fang t\u00f4i \u0111\u00e3 tri\u1ec3n khai Ntag213 cho h\u1ec7 th\u1ed1ng ch\u00eca kh\u00f3a kh\u00e1ch s\u1ea1n c\u1ee7a m\u00ecnh v\u00e0 n\u00f3 \u0111\u00e3 c\u1ea3i thi\u1ec7n \u0111\u00e1ng k\u1ec3 s\u1ef1 h\u00e0i l\u00f2ng c\u1ee7a kh\u00e1ch. N\u00f3 nhanh ch\u00f3ng, an to\u00e0n v\u00e0 r\u1ea5t ti\u1ec7n l\u1ee3i.\u201d<\/li>\n<\/ul>\n<hr \/>\n<h2>C\u00e2u h\u1ecfi th\u01b0\u1eddng g\u1eb7p<\/h2>\n<h3>C\u00e2u h\u1ecfi 1: T\u00f4i c\u00f3 th\u1ec3 t\u1ef1 l\u1eadp tr\u00ecnh ch\u00eca kh\u00f3a Ntag213 kh\u00f4ng?<\/h3>\n<p>C\u00f3, b\u1ea1n c\u00f3 th\u1ec3 l\u1eadp tr\u00ecnh ch\u00eca kh\u00f3a Ntag213 b\u1eb1ng \u0111\u1ea7u \u0111\u1ecdc NFC v\u00e0 ph\u1ea7n m\u1ec1m t\u01b0\u01a1ng th\u00edch. \u0110i\u1ec1u n\u00e0y gi\u00fap d\u1ec5 d\u00e0ng t\u00edch h\u1ee3p ch\u00eca kh\u00f3a v\u1edbi c\u00e1c h\u1ec7 th\u1ed1ng hi\u1ec7n c\u00f3 c\u1ee7a b\u1ea1n.<\/p>\n<h3>C\u00e2u h\u1ecfi 2: Pin c\u1ee7a ch\u00eca kh\u00f3a Ntag213 c\u00f3 th\u1ec3 s\u1eed d\u1ee5ng \u0111\u01b0\u1ee3c trong bao l\u00e2u?<\/h3>\n<p>M\u00f3c ch\u00eca kh\u00f3a Ntag213 kh\u00f4ng c\u1ea7n pin v\u00ec n\u00f3 ho\u1ea1t \u0111\u1ed9ng b\u1eb1ng <strong>c\u00f4ng ngh\u1ec7 RFID th\u1ee5 \u0111\u1ed9ng<\/strong>, l\u1ea5y n\u0103ng l\u01b0\u1ee3ng t\u1eeb \u0111\u1ea7u \u0111\u1ecdc NFC khi \u1edf g\u1ea7n.<\/p>\n<h3>C\u00e2u h\u1ecfi 3: Ph\u1ea1m vi \u0111\u1ecdc c\u1ee7a ch\u00eca kh\u00f3a NFC Ntag213 l\u00e0 bao nhi\u00eau?<\/h3>\n<p>Ph\u1ea1m vi \u0111\u1ecdc th\u00f4ng th\u01b0\u1eddng l\u00ean t\u1edbi 100mm, t\u00f9y thu\u1ed9c v\u00e0o c\u00e1c y\u1ebfu t\u1ed1 nh\u01b0 <strong>thi\u1ebft k\u1ebf \u0103ng-ten c\u1ee7a ng\u01b0\u1eddi \u0111\u1ecdc<\/strong> v\u00e0 c\u01b0\u1eddng \u0111\u1ed9 tr\u01b0\u1eddng.<\/p>\n<hr \/>\n<h2>K\u1ebft lu\u1eadn: T\u1ea1i sao n\u00ean ch\u1ecdn m\u00f3c kh\u00f3a NFC Ntag213?<\/h2>\n<p>C\u00e1c <strong>M\u00f3c ch\u00eca kh\u00f3a NFC Ntag213<\/strong> cung c\u1ea5p s\u1ef1 k\u1ebft h\u1ee3p l\u00fd t\u01b0\u1edfng gi\u1eefa t\u00ednh b\u1ea3o m\u1eadt, \u0111\u1ed9 tin c\u1eady v\u00e0 s\u1ef1 ti\u1ec7n l\u1ee3i cho ng\u01b0\u1eddi d\u00f9ng. <strong>c\u00f4ng ngh\u1ec7 kh\u00f4ng ti\u1ebfp x\u00fac<\/strong>, <strong>thi\u1ebft k\u1ebf nh\u1ecf g\u1ecdn<\/strong>, V\u00e0 <strong>t\u00ednh linh ho\u1ea1t \u0111a \u1ee9ng d\u1ee5ng<\/strong> bi\u1ebfn n\u00f3 th\u00e0nh s\u1ef1 l\u1ef1a ch\u1ecdn ho\u00e0n h\u1ea3o cho c\u00e1c h\u1ec7 th\u1ed1ng ki\u1ec3m so\u00e1t truy c\u1eadp, thanh to\u00e1n v\u00e0 nh\u1eadn d\u1ea1ng hi\u1ec7n \u0111\u1ea1i. Cho d\u00f9 b\u1ea1n l\u00e0 doanh nghi\u1ec7p mu\u1ed1n n\u00e2ng cao c\u01a1 s\u1edf h\u1ea1 t\u1ea7ng b\u1ea3o m\u1eadt hay ng\u01b0\u1eddi ti\u00eau d\u00f9ng \u0111ang t\u00ecm ki\u1ebfm gi\u1ea3i ph\u00e1p ti\u1ec7n l\u1ee3i, an to\u00e0n cho nhu c\u1ea7u truy c\u1eadp c\u00e1 nh\u00e2n c\u1ee7a m\u00ecnh, Ntag213 l\u00e0 m\u1ed9t kho\u1ea3n \u0111\u1ea7u t\u01b0 kh\u00f4n ngoan.<\/p>\n<p>B\u1ea3o v\u1ec7 quy\u1ec1n truy c\u1eadp c\u1ee7a b\u1ea1n ngay h\u00f4m nay v\u1edbi <strong>M\u00f3c ch\u00eca kh\u00f3a NFC Ntag213<\/strong>\u2014t\u01b0\u01a1ng lai c\u1ee7a b\u1ea3o m\u1eadt kh\u00f4ng ti\u1ebfp x\u00fac \u0111\u00e3 \u1edf \u0111\u00e2y.<\/p>","protected":false},"excerpt":{"rendered":"<p><strong>M\u00f3c ch\u00eca kh\u00f3a NFC Ntag213<\/strong> cung c\u1ea5p s\u1ef1 k\u1ebft h\u1ee3p l\u00fd t\u01b0\u1edfng gi\u1eefa t\u00ednh b\u1ea3o m\u1eadt, \u0111\u1ed9 tin c\u1eady v\u00e0 s\u1ef1 ti\u1ec7n l\u1ee3i cho ng\u01b0\u1eddi d\u00f9ng. <strong>c\u00f4ng ngh\u1ec7 kh\u00f4ng ti\u1ebfp x\u00fac<\/strong>, <strong>thi\u1ebft k\u1ebf nh\u1ecf g\u1ecdn<\/strong>, V\u00e0 <strong>t\u00ednh linh ho\u1ea1t \u0111a \u1ee9ng d\u1ee5ng<\/strong> bi\u1ebfn n\u00f3 th\u00e0nh s\u1ef1 l\u1ef1a ch\u1ecdn ho\u00e0n h\u1ea3o cho c\u00e1c h\u1ec7 th\u1ed1ng ki\u1ec3m so\u00e1t ra v\u00e0o, thanh to\u00e1n v\u00e0 nh\u1eadn d\u1ea1ng hi\u1ec7n \u0111\u1ea1i.<\/p>","protected":false},"featured_media":2845,"template":"","meta":{"_kad_post_transparent":"default","_kad_post_title":"","_kad_post_layout":"default","_kad_post_sidebar_id":"","_kad_post_content_style":"default","_kad_post_vertical_padding":"default","_kad_post_feature":"","_kad_post_feature_position":"","_kad_post_header":false,"_kad_post_footer":false,"_kad_post_classname":""},"product_brand":[],"product_cat":[54],"product_tag":[348,346,349,344,345,343],"class_list":{"0":"post-2850","1":"product","2":"type-product","3":"status-publish","4":"has-post-thumbnail","6":"product_cat-hot-selling-rfid-tags","7":"product_tag-nfc-key-fobs-ntag213","8":"product_tag-nfc-key-tag","9":"product_tag-nfc-key-tags","10":"product_tag-nfc-keychain","11":"product_tag-rfid-fob","12":"product_tag-rfid-keyfobs","14":"first","15":"instock","16":"shipping-taxable","17":"product-type-simple","18":"entry","19":"content-bg","20":"loop-entry"},"_links":{"self":[{"href":"https:\/\/rfid-laundry-tag.com\/vi\/wp-json\/wp\/v2\/product\/2850","targetHints":{"allow":["GET"]}}],"collection":[{"href":"https:\/\/rfid-laundry-tag.com\/vi\/wp-json\/wp\/v2\/product"}],"about":[{"href":"https:\/\/rfid-laundry-tag.com\/vi\/wp-json\/wp\/v2\/types\/product"}],"version-history":[{"count":2,"href":"https:\/\/rfid-laundry-tag.com\/vi\/wp-json\/wp\/v2\/product\/2850\/revisions"}],"predecessor-version":[{"id":2852,"href":"https:\/\/rfid-laundry-tag.com\/vi\/wp-json\/wp\/v2\/product\/2850\/revisions\/2852"}],"wp:featuredmedia":[{"embeddable":true,"href":"https:\/\/rfid-laundry-tag.com\/vi\/wp-json\/wp\/v2\/media\/2845"}],"wp:attachment":[{"href":"https:\/\/rfid-laundry-tag.com\/vi\/wp-json\/wp\/v2\/media?parent=2850"}],"wp:term":[{"taxonomy":"product_brand","embeddable":true,"href":"https:\/\/rfid-laundry-tag.com\/vi\/wp-json\/wp\/v2\/product_brand?post=2850"},{"taxonomy":"product_cat","embeddable":true,"href":"https:\/\/rfid-laundry-tag.com\/vi\/wp-json\/wp\/v2\/product_cat?post=2850"},{"taxonomy":"product_tag","embeddable":true,"href":"https:\/\/rfid-laundry-tag.com\/vi\/wp-json\/wp\/v2\/product_tag?post=2850"}],"curies":[{"name":"wp","href":"https:\/\/api.w.org\/{rel}","templated":true}]}}