{"id":285,"date":"2024-06-26T10:45:44","date_gmt":"2024-06-26T10:45:44","guid":{"rendered":"https:\/\/rfid-laundry-tag.com\/?post_type=product&#038;p=285"},"modified":"2024-06-26T10:45:44","modified_gmt":"2024-06-26T10:45:44","slug":"rfid-nfc-inlay","status":"publish","type":"product","link":"https:\/\/rfid-laundry-tag.com\/vi\/rfid-nfc-inlay\/","title":{"rendered":"L\u1edbp ph\u1ee7 RFID NFC"},"content":{"rendered":"<div><strong>L\u1edbp ph\u1ee7 RFID NFC<\/strong> c\u00f3 hai lo\u1ea1i, \u01b0\u1edbt v\u00e0 kh\u00f4. M\u1ed9t l\u1edbp ph\u1ee7 RFID NFC \u01b0\u1edbt c\u00f3 l\u1edbp n\u1ec1n d\u00ednh, trong khi l\u1edbp ph\u1ee7 kh\u00f4 th\u00ec kh\u00f4ng. Ch\u00fang cung c\u1ea5p t\u00f9y ch\u1ecdn th\u1ebb ho\u1ea1t \u0111\u1ed9ng \u1edf t\u1ea7n s\u1ed1 13,56 MHz \u0111\u01b0\u1ee3c thi\u1ebft k\u1ebf ri\u00eang cho c\u00e1c nh\u00e0 s\u1ea3n xu\u1ea5t thi\u1ebft b\u1ecb g\u1ed1c (OEM). C\u1ea3 chip nh\u1edb ISO 15693 v\u00e0 14443 NFC \u0111\u1ec1u c\u00f3 s\u1eb5n cho c\u00e1c l\u1edbp ph\u1ee7 n\u00e0y.<\/div>\n<div><\/div>\n<div class=\"text-title\"><strong><span class=\"magic-26\" style=\"font-family: Arial;\" data-spm-anchor-id=\"a2700.details.0.i47.6f4d7d7dnursE7\">Kh\u1ea3m kh\u00f4<\/span><\/strong><\/div>\n<div class=\"text-content\"><span class=\"magic-6\" style=\"font-family: Arial;\">N\u00f3i m\u1ed9t c\u00e1ch \u0111\u01a1n gi\u1ea3n, RFID dry inlay l\u00e0 s\u1ef1 k\u1ebft h\u1ee3p gi\u1eefa chip RFID v\u00e0 \u0103ng-ten. N\u00f3 c\u00f3 th\u1ec3 \u0111\u01b0\u1ee3c s\u1eed d\u1ee5ng \u0111\u1ec3 l\u00e0m nh\u00e3n d\u00e1n NFC, nh\u00e3n RFID, v\u00e9 RFID v\u00e0 nhi\u1ec1u lo\u1ea1i th\u1ebb RFID kh\u00e1c nhau. <\/span><\/p>\n<div data-spm-anchor-id=\"a2700.details.0.i46.6f4d7d7dnursE7\"><span class=\"magic-6\" style=\"font-family: Arial;\"> \u0102ng-ten c\u1ee7a inlay kh\u00f4 l\u00e0 nh\u00f4m kh\u1eafc, m\u1ecfng h\u01a1n so v\u1edbi cu\u1ed9n d\u00e2y \u0111\u1ed3ng. H\u00ecnh d\u1ea1ng c\u1ee7a \u0103ng-ten c\u00f3 th\u1ec3 \u0111\u01b0\u1ee3c t\u00f9y ch\u1ec9nh v\u00e0 thi\u1ebft k\u1ebf l\u1ea1i theo y\u00eau c\u1ea7u.<\/span><\/p>\n<div><\/div>\n<\/div>\n<\/div>\n<div>\n<div class=\"text-title\"><strong><span class=\"magic-26\" style=\"font-family: Arial;\">Kh\u1ea3m \u01b0\u1edbt<\/span><\/strong><\/div>\n<div class=\"text-content\"><span class=\"magic-6\" style=\"font-family: Arial;\" data-spm-anchor-id=\"a2700.details.0.i49.6f4d7d7dnursE7\">L\u1edbp ph\u1ee7 RFID kh\u00f4 \u0111\u01b0\u1ee3c th\u00eam ch\u1ea5t k\u1ebft d\u00ednh \u0111\u01b0\u1ee3c g\u1ecdi l\u00e0 l\u1edbp ph\u1ee7 \u01b0\u1edbt. N\u00f3 c\u00f3 th\u1ec3 \u0111\u01b0\u1ee3c s\u1eed d\u1ee5ng tr\u1ef1c ti\u1ebfp nh\u01b0 nh\u00e3n RFID ho\u1eb7c nh\u00e3n d\u00e1n NFC n\u1ebfu b\u1ea1n kh\u00f4ng c\u1ea7n in tr\u00ean b\u1ec1 m\u1eb7t. Vi\u1ec7c d\u00e1n tr\u00ean c\u00e1c v\u1eadt th\u1ec3 c\u00f3 th\u1ec3 ti\u1ebft ki\u1ec7m chi ph\u00ed v\u00e0 \u0111\u1ea1t \u0111\u01b0\u1ee3c c\u00f9ng m\u1ee5c \u0111\u00edch. N\u00f3 c\u0169ng \u0111\u01b0\u1ee3c \u1ee9ng d\u1ee5ng r\u1ed9ng r\u00e3i trong vi\u1ec7c s\u1ea3n xu\u1ea5t th\u1ebb RFID. \u0102ng-ten c\u1ee7a l\u1edbp ph\u1ee7 \u01b0\u1edbt l\u00e0 l\u1edbp kh\u1eafc nh\u00f4m, m\u1ecfng h\u01a1n so v\u1edbi cu\u1ed9n d\u00e2y \u0111\u1ed3ng. H\u00ecnh d\u1ea1ng c\u1ee7a \u0103ng-ten c\u00f3 th\u1ec3 \u0111\u01b0\u1ee3c t\u00f9y ch\u1ec9nh v\u00e0 thi\u1ebft k\u1ebf l\u1ea1i theo y\u00eau c\u1ea7u.<\/span><\/p>\n<div><span class=\"magic-6\" style=\"font-family: Arial;\">\u00a0<\/span><\/div>\n<div data-spm-anchor-id=\"a2700.details.0.i48.6f4d7d7dnursE7\">\n<table class=\"hight-light-first-column all magic-14\">\n<tbody>\n<tr>\n<td colspan=\"1\" rowspan=\"1\">\n<div class=\"magic-15\"><b>V\u1eadt li\u1ec7u<\/b><\/div>\n<\/td>\n<td colspan=\"1\" rowspan=\"1\">\n<div class=\"magic-16\" data-spm-anchor-id=\"a2700.details.0.i34.21f6414cWQ4Zrf\">Gi\u1ea5y\/Gi\u1ea5y nhi\u1ec7t\/V\u1ea3i\/PVC\/PET\/Epoxy\/Ch\u1ed1ng kim lo\u1ea1i<\/div>\n<\/td>\n<\/tr>\n<tr>\n<td colspan=\"1\" rowspan=\"1\">\n<div class=\"magic-15\"><b>K\u00edch c\u1ee1<\/b><\/div>\n<\/td>\n<td colspan=\"1\" rowspan=\"1\">\n<div class=\"magic-16\">\u0110\u01b0\u1eddng k\u00ednh 18mm, \u0110\u01b0\u1eddng k\u00ednh 20mm, \u0110\u01b0\u1eddng k\u00ednh 22mm, \u0110\u01b0\u1eddng k\u00ednh 25mm, 25*25mm, 30*30mm, 40*40mm, 50*50mm ho\u1eb7c k\u00edch th\u01b0\u1edbc t\u00f9y ch\u1ec9nh.<\/div>\n<\/td>\n<\/tr>\n<tr>\n<td colspan=\"1\" rowspan=\"1\">\n<div class=\"magic-15\"><b>In \u1ea5n<\/b><\/div>\n<\/td>\n<td colspan=\"1\" rowspan=\"1\">\n<div class=\"magic-16\">Kh\u00f4ng c\u1ea7n in<\/div>\n<\/td>\n<\/tr>\n<tr>\n<td colspan=\"1\" rowspan=\"1\">\n<div class=\"magic-15\"><b>Chip c\u00f3 s\u1eb5n<\/b><\/div>\n<\/td>\n<td colspan=\"1\" rowspan=\"1\">\n<div class=\"magic-16\">MIFARE Classic\u00ae 1K; MIFARE Classic\u00ae 4K; MIFARE Ultralight\u00ae; MIFARE Ultralight\u00ae C;<\/p>\n<div>NTAG 213, Ntag215, NTAG 216 ho\u1eb7c Chip t\u00f9y ch\u1ec9nh. T\u00f4i m\u00e3 SLIX, v.v.<\/div>\n<\/div>\n<\/td>\n<\/tr>\n<tr>\n<td colspan=\"1\" rowspan=\"1\">\n<div class=\"magic-21\"><b>Giao th\u1ee9c:<\/b><\/div>\n<\/td>\n<td colspan=\"4\" rowspan=\"1\">\n<div class=\"magic-22\">ISO\/IEC 14443 Lo\u1ea1i A<\/div>\n<\/td>\n<\/tr>\n<tr>\n<td colspan=\"1\" rowspan=\"1\">\n<div class=\"magic-26\"><b>Th\u1ee7 c\u00f4ng m\u1ef9 ngh\u1ec7:<\/b><\/div>\n<\/td>\n<td colspan=\"4\" rowspan=\"1\">\n<div class=\"magic-22\" data-spm-anchor-id=\"a2700.details.0.i33.21f6414cWQ4Zrf\">In \u1ea5n, m\u00e3 v\u1ea1ch, m\u00e3 QR, v.v.<\/div>\n<\/td>\n<\/tr>\n<\/tbody>\n<\/table>\n<\/div>\n<\/div>\n<\/div>","protected":false},"excerpt":{"rendered":"<p>RFID HF\/NFC Inlay ho\u1eb7c Transponder, m\u1ed9t lo\u1ea1i linh ki\u1ec7n ch\u01b0a ho\u00e0n thi\u1ec7n, c\u00f3 th\u1ec3 \u0111\u01b0\u1ee3c chuy\u1ec3n \u0111\u1ed5i th\u00e0nh nhi\u1ec1u m\u1eb7t h\u00e0ng kh\u00e1c nhau nh\u01b0 v\u00e9, huy hi\u1ec7u, nh\u00e3n ho\u1eb7c th\u1ebb. \u0110\u1ed3ng th\u1eddi, c\u00e1c inlay RFID HF NFC n\u00e0y c\u00f3 th\u1ec3 \u0111\u01b0\u1ee3c s\u1ea3n xu\u1ea5t theo nhi\u1ec1u k\u00edch c\u1ee1, t\u00f9y ch\u1ec9nh \u0111\u1ec3 \u0111\u00e1p \u1ee9ng nhu c\u1ea7u c\u1ee5 th\u1ec3 c\u1ee7a b\u1ea1n.<\/p>","protected":false},"featured_media":287,"template":"","meta":{"_kad_post_transparent":"default","_kad_post_title":"","_kad_post_layout":"default","_kad_post_sidebar_id":"","_kad_post_content_style":"default","_kad_post_vertical_padding":"default","_kad_post_feature":"","_kad_post_feature_position":"","_kad_post_header":false,"_kad_post_footer":false,"_kad_post_classname":""},"product_brand":[],"product_cat":[54],"product_tag":[112,111,110],"class_list":{"0":"post-285","1":"product","2":"type-product","3":"status-publish","4":"has-post-thumbnail","6":"product_cat-hot-selling-rfid-tags","7":"product_tag-13-56mhz-rfid-inlay","8":"product_tag-nfc-inlay","9":"product_tag-rfid-nfc-inlay","11":"first","12":"instock","13":"shipping-taxable","14":"product-type-simple","15":"entry","16":"content-bg","17":"loop-entry"},"_links":{"self":[{"href":"https:\/\/rfid-laundry-tag.com\/vi\/wp-json\/wp\/v2\/product\/285","targetHints":{"allow":["GET"]}}],"collection":[{"href":"https:\/\/rfid-laundry-tag.com\/vi\/wp-json\/wp\/v2\/product"}],"about":[{"href":"https:\/\/rfid-laundry-tag.com\/vi\/wp-json\/wp\/v2\/types\/product"}],"version-history":[{"count":0,"href":"https:\/\/rfid-laundry-tag.com\/vi\/wp-json\/wp\/v2\/product\/285\/revisions"}],"wp:featuredmedia":[{"embeddable":true,"href":"https:\/\/rfid-laundry-tag.com\/vi\/wp-json\/wp\/v2\/media\/287"}],"wp:attachment":[{"href":"https:\/\/rfid-laundry-tag.com\/vi\/wp-json\/wp\/v2\/media?parent=285"}],"wp:term":[{"taxonomy":"product_brand","embeddable":true,"href":"https:\/\/rfid-laundry-tag.com\/vi\/wp-json\/wp\/v2\/product_brand?post=285"},{"taxonomy":"product_cat","embeddable":true,"href":"https:\/\/rfid-laundry-tag.com\/vi\/wp-json\/wp\/v2\/product_cat?post=285"},{"taxonomy":"product_tag","embeddable":true,"href":"https:\/\/rfid-laundry-tag.com\/vi\/wp-json\/wp\/v2\/product_tag?post=285"}],"curies":[{"name":"wp","href":"https:\/\/api.w.org\/{rel}","templated":true}]}}