{"id":2843,"date":"2024-11-05T12:37:22","date_gmt":"2024-11-05T12:37:22","guid":{"rendered":"https:\/\/rfid-laundry-tag.com\/?post_type=product&#038;p=2843"},"modified":"2024-11-05T12:37:24","modified_gmt":"2024-11-05T12:37:24","slug":"rfid-keyfobs-mifare-s50-1k","status":"publish","type":"product","link":"https:\/\/rfid-laundry-tag.com\/vi\/rfid-keyfobs-mifare-s50-1k\/","title":{"rendered":"M\u00f3c kh\u00f3a RFID Mifare S50 1K"},"content":{"rendered":"<h2>M\u00f3c kh\u00f3a RFID Mifare S50 1K<\/h2>\n<p><span class=\"AnswerParser_TextContainer__z_Iiv\" data-testid=\"youchat-text\">S\u1ef1 \u0111a n\u0103ng <strong>Ch\u00eca kh\u00f3a RFID<\/strong> \u0111\u1ea1i di\u1ec7n cho s\u1ef1 k\u1ebft h\u1ee3p ho\u00e0n h\u1ea3o gi\u1eefa s\u1ef1 ti\u1ec7n l\u1ee3i v\u00e0 b\u1ea3o m\u1eadt cho c\u00e1c h\u1ec7 th\u1ed1ng ki\u1ec3m so\u00e1t ra v\u00e0o hi\u1ec7n \u0111\u1ea1i. C\u00f3 s\u1eb5n \u1edf c\u1ea3 t\u1ea7n s\u1ed1 13,56MHz v\u00e0 125KHz, c\u00e1c thi\u1ebft b\u1ecb nh\u1ecf g\u1ecdn n\u00e0y cung c\u1ea5p kh\u1ea3 n\u0103ng nh\u1eadn d\u1ea1ng \u0111\u00e1ng tin c\u1eady v\u00e0 qu\u1ea3n l\u00fd ra v\u00e0o li\u1ec1n m\u1ea1ch cho nhi\u1ec1u \u1ee9ng d\u1ee5ng kh\u00e1c nhau.<\/span><\/p>\n<p>NXP<sup>\u00ae<\/sup>\u00a0\u0111\u00e3 ph\u00e1t tri\u1ec3n MIFARE<sup>\u00ae<\/sup>\u00a0MF1ICS50 \u0111\u01b0\u1ee3c s\u1eed d\u1ee5ng trong th\u1ebb th\u00f4ng minh kh\u00f4ng ti\u1ebfp x\u00fac theo ti\u00eau chu\u1ea9n ISO\/IEC 14443 Lo\u1ea1i A.<\/p>\n<p>IC MIFARE MF1ICS50 \u0111\u01b0\u1ee3c s\u1eed d\u1ee5ng trong c\u00e1c \u1ee9ng d\u1ee5ng nh\u01b0 b\u00e1n v\u00e9 ph\u01b0\u01a1ng ti\u1ec7n giao th\u00f4ng c\u00f4ng c\u1ed9ng, n\u01a1i c\u00e1c th\u00e0nh ph\u1ed1 l\u1edbn \u0111\u00e3 \u00e1p d\u1ee5ng MIFARE l\u00e0m gi\u1ea3i ph\u00e1p b\u00e1n v\u00e9 \u0111i\u1ec7n t\u1eed \u0111\u01b0\u1ee3c l\u1ef1a ch\u1ecdn.<\/p>\n<p>Ch\u1ee9c n\u0103ng ch\u1ed1ng va ch\u1ea1m th\u00f4ng minh cho ph\u00e9p v\u1eadn h\u00e0nh nhi\u1ec1u h\u01a1n m\u1ed9t th\u1ebb c\u00f9ng l\u00fac t\u1ea1i hi\u1ec7n tr\u01b0\u1eddng. Thu\u1eadt to\u00e1n ch\u1ed1ng va ch\u1ea1m ch\u1ecdn t\u1eebng th\u1ebb ri\u00eang l\u1ebb v\u00e0 \u0111\u1ea3m b\u1ea3o th\u1ef1c hi\u1ec7n giao d\u1ecbch v\u1edbi th\u1ebb \u0111\u00e3 ch\u1ecdn \u0111\u01b0\u1ee3c th\u1ef1c hi\u1ec7n ch\u00ednh x\u00e1c m\u00e0 kh\u00f4ng l\u00e0m h\u1ecfng d\u1eef li\u1ec7u do c\u00e1c th\u1ebb kh\u00e1c t\u1ea1i hi\u1ec7n tr\u01b0\u1eddng g\u00e2y ra.<\/p>\n<p>MF1ICS50 \u0111\u01b0\u1ee3c thi\u1ebft k\u1ebf \u0111\u1ec3 t\u00edch h\u1ee3p \u0111\u01a1n gi\u1ea3n v\u00e0 thu\u1eadn ti\u1ec7n cho ng\u01b0\u1eddi d\u00f9ng. \u0110i\u1ec1u n\u00e0y c\u00f3 th\u1ec3 cho ph\u00e9p x\u1eed l\u00fd to\u00e0n b\u1ed9 c\u00e1c giao d\u1ecbch mua v\u00e9 trong v\u00f2ng ch\u01b0a \u0111\u1ea7y 100 ms. Do \u0111\u00f3, ng\u01b0\u1eddi d\u00f9ng th\u1ebb MF1ICS50 kh\u00f4ng b\u1ecb bu\u1ed9c ph\u1ea3i d\u1eebng l\u1ea1i \u1edf \u0111\u1ea7u \u0111\u1ecdc d\u1eabn \u0111\u1ebfn l\u01b0u l\u01b0\u1ee3ng cao t\u1ea1i c\u00e1c c\u1ed5ng v\u00e0 gi\u1ea3m th\u1eddi gian l\u00ean xe bu\u00fdt. Th\u1ebb d\u1ef1a tr\u00ean s\u1ea3n ph\u1ea9m MIFARE c\u0169ng c\u00f3 th\u1ec3 v\u1eabn n\u1eb1m trong v\u00ed trong su\u1ed1t giao d\u1ecbch, ngay c\u1ea3 khi c\u00f3 ti\u1ec1n xu trong \u0111\u00f3.<\/p>\n<h3>T\u00ednh n\u0103ng c\u1ee7a chip Mifare S50 1K<\/h3>\n<div id=\"featuresXsp\" class=\"features-list\">\n<div class=\"features-xsp\">\n<div class=\"collapse-mobile ste-list\">\n<h3>MIFARE, Giao di\u1ec7n RF (ISO\/IEC 14443 A)<\/h3>\n<ul class=\"boxes\">\n<li>Truy\u1ec1n d\u1eef li\u1ec7u v\u00e0 cung c\u1ea5p n\u0103ng l\u01b0\u1ee3ng kh\u00f4ng ti\u1ebfp x\u00fac (kh\u00f4ng c\u1ea7n pin)<\/li>\n<li>Kho\u1ea3ng c\u00e1ch ho\u1ea1t \u0111\u1ed9ng: L\u00ean \u0111\u1ebfn 100mm (t\u00f9y thu\u1ed9c v\u00e0o h\u00ecnh d\u1ea1ng \u0103ng-ten)<\/li>\n<li>T\u1ea7n s\u1ed1 ho\u1ea1t \u0111\u1ed9ng: 13,56 MHz<\/li>\n<li>Truy\u1ec1n d\u1eef li\u1ec7u: 106 kbit\/gi\u00e2y<\/li>\n<li>T\u00ednh to\u00e0n v\u1eb9n d\u1eef li\u1ec7u: CRC 16 bit, t\u00ednh ch\u1eb5n l\u1ebb, m\u00e3 h\u00f3a bit, \u0111\u1ebfm bit<\/li>\n<li>Ch\u1ed1ng va ch\u1ea1m<\/li>\n<li>Giao d\u1ecbch b\u00e1n v\u00e9 th\u00f4ng th\u01b0\u1eddng: &lt; 100 ms (bao g\u1ed3m qu\u1ea3n l\u00fd sao l\u01b0u)<\/li>\n<\/ul>\n<\/div>\n<div class=\"collapse-mobile ste-list\">\n<h3>B\u1ed9 nh\u1edb EEPROM<\/h3>\n<ul class=\"boxes\">\n<li>1 kB \u2013 4 kB, \u0111\u01b0\u1ee3c t\u1ed5 ch\u1ee9c th\u00e0nh 16 sector v\u1edbi 4 kh\u1ed1i, m\u1ed7i kh\u1ed1i 16 byte (m\u1ed9t kh\u1ed1i g\u1ed3m 16 byte)<\/li>\n<li>\u0110i\u1ec1u ki\u1ec7n truy c\u1eadp do ng\u01b0\u1eddi d\u00f9ng x\u00e1c \u0111\u1ecbnh cho m\u1ed7i kh\u1ed1i b\u1ed9 nh\u1edb<\/li>\n<li>L\u01b0u gi\u1eef d\u1eef li\u1ec7u trong 10 n\u0103m<\/li>\n<li>\u0110\u1ed9 b\u1ec1n ghi 100.000 \u2013 200.000 chu k\u1ef3<\/li>\n<\/ul>\n<\/div>\n<div class=\"collapse-mobile ste-list\">\n<h3>B\u1ea3o v\u1ec7<\/h3>\n<ul class=\"boxes\">\n<li>X\u00e1c th\u1ef1c ba l\u1ea7n t\u01b0\u01a1ng h\u1ed7 (ISO\/IEC DIS 9798-2)<\/li>\n<li>M\u1ed9t b\u1ed9 ri\u00eang bi\u1ec7t g\u1ed3m hai kh\u00f3a cho m\u1ed7i khu v\u1ef1c (cho m\u1ed7i \u1ee9ng d\u1ee5ng) \u0111\u1ec3 h\u1ed7 tr\u1ee3 nhi\u1ec1u \u1ee9ng d\u1ee5ng v\u1edbi h\u1ec7 th\u1ed1ng ph\u00e2n c\u1ea5p kh\u00f3a<\/li>\n<li>M\u1ed9t s\u1ed1 s\u00ea-ri duy nh\u1ea5t cho m\u1ed7i thi\u1ebft b\u1ecb<\/li>\n<\/ul>\n<\/div>\n<div class=\"collapse-mobile ste-list\">\n<h3>T\u00f9y ch\u1ecdn giao h\u00e0ng<\/h3>\n<ul class=\"boxes\">\n<li>Ch\u1ebft tr\u00ean wafer<\/li>\n<li>Va ch\u1ea1m v\u00e0o khu\u00f4n tr\u00ean wafer<\/li>\n<li>M\u00f4-\u0111un th\u1ebb kh\u00f4ng ti\u1ebfp x\u00fac MOA4 ho\u1eb7c MOA2<\/li>\n<\/ul>\n<\/div>\n<\/div>\n<\/div>\n<h2 class=\"AnswerParser_AnswerParserH2__SIHnF\">T\u1ed5ng quan s\u1ea3n ph\u1ea9m v\u00e0 th\u00f4ng s\u1ed1 k\u1ef9 thu\u1eadt<\/h2>\n<p><span class=\"AnswerParser_TextContainer__z_Iiv\" data-testid=\"youchat-text\">M\u00f3c ch\u00eca kh\u00f3a RFID c\u1ee7a ch\u00fang t\u00f4i c\u00f3 c\u00e1c t\u00ednh n\u0103ng sau:<\/span><\/p>\n<ul class=\"AnswerParser_AnswerParserUnorderedList__P_1FW\">\n<li class=\"AnswerParser_ListItem__XqLOV\" translate=\"yes\">T\u00f9y ch\u1ecdn t\u1ea7n s\u1ed1 k\u00e9p: 13,56MHz<\/li>\n<li class=\"AnswerParser_ListItem__XqLOV\" translate=\"yes\">K\u1ebft c\u1ea5u b\u1eb1ng da ho\u1eb7c ABS b\u1ec1n b\u1ec9<\/li>\n<li class=\"AnswerParser_ListItem__XqLOV\" translate=\"yes\">T\u01b0\u01a1ng th\u00edch v\u1edbi c\u00e1c h\u1ec7 th\u1ed1ng ki\u1ec3m so\u00e1t truy c\u1eadp ch\u00ednh<\/li>\n<li class=\"AnswerParser_ListItem__XqLOV\" translate=\"yes\">UID c\u00f3 th\u1ec3 l\u1eadp tr\u00ecnh<\/li>\n<li class=\"AnswerParser_ListItem__XqLOV\" translate=\"yes\">Thi\u1ebft k\u1ebf ch\u1ed1ng n\u01b0\u1edbc<\/li>\n<li class=\"AnswerParser_ListItem__XqLOV\" translate=\"yes\">B\u1ea3o v\u1ec7 ch\u1eb7n t\u00edn hi\u1ec7u<\/li>\n<\/ul>\n<h2 class=\"AnswerParser_AnswerParserH2__SIHnF\">T\u00ednh n\u0103ng b\u1ea3o m\u1eadt n\u00e2ng cao<\/h2>\n<p><span class=\"AnswerParser_TextContainer__z_Iiv\" data-testid=\"youchat-text\">T\u00ednh b\u1ea3o m\u1eadt l\u00e0 y\u1ebfu t\u1ed1 quan tr\u1ecdng nh\u1ea5t trong thi\u1ebft k\u1ebf m\u00f3c ch\u00eca kh\u00f3a c\u1ee7a ch\u00fang t\u00f4i:<\/span><\/p>\n<ul class=\"AnswerParser_AnswerParserUnorderedList__P_1FW\">\n<li class=\"AnswerParser_ListItem__XqLOV\" translate=\"yes\"><strong>C\u00f4ng ngh\u1ec7 ch\u1ed1ng sao ch\u00e9p<\/strong>: Ng\u0103n ch\u1eb7n s\u1ef1 tr\u00f9ng l\u1eb7p tr\u00e1i ph\u00e9p<\/li>\n<li class=\"AnswerParser_ListItem__XqLOV\" translate=\"yes\"><strong>Truy\u1ec1n th\u00f4ng \u0111\u01b0\u1ee3c m\u00e3 h\u00f3a<\/strong>: Truy\u1ec1n d\u1eef li\u1ec7u an to\u00e0n<\/li>\n<li class=\"AnswerParser_ListItem__XqLOV\" translate=\"yes\"><strong>M\u00e3 \u0111\u1ecbnh danh duy nh\u1ea5t<\/strong>: M\u1ed7i ch\u00eca kh\u00f3a c\u00f3 m\u1ed9t UID ri\u00eang bi\u1ec7t<\/li>\n<li class=\"AnswerParser_ListItem__XqLOV\" translate=\"yes\"><strong>B\u1ea3o v\u1ec7 t\u00edn hi\u1ec7u<\/strong>: C\u00f4ng ngh\u1ec7 l\u1ed3ng Faraday t\u00f9y ch\u1ecdn c\u00f3 s\u1eb5n<\/li>\n<\/ul>\n<h2 class=\"AnswerParser_AnswerParserH2__SIHnF\">\u1ee8ng d\u1ee5ng v\u00e0 tr\u01b0\u1eddng h\u1ee3p s\u1eed d\u1ee5ng<\/h2>\n<p><span class=\"AnswerParser_TextContainer__z_Iiv\" data-testid=\"youchat-text\">Nh\u1eefng th\u1ee9 \u0111a n\u0103ng n\u00e0y <strong>M\u00f3c kh\u00f3a RFID Mifare S50 1K<\/strong> xu\u1ea5t s\u1eafc trong:<\/span><\/p>\n<ul class=\"AnswerParser_AnswerParserUnorderedList__P_1FW\">\n<li class=\"AnswerParser_ListItem__XqLOV\" translate=\"yes\">H\u1ec7 th\u1ed1ng ki\u1ec3m so\u00e1t ra v\u00e0o c\u1eeda<\/li>\n<li class=\"AnswerParser_ListItem__XqLOV\" translate=\"yes\">Truy c\u1eadp ph\u00f2ng kh\u00e1ch s\u1ea1n<\/li>\n<li class=\"AnswerParser_ListItem__XqLOV\" translate=\"yes\">M\u1edf c\u1eeda xe kh\u00f4ng c\u1ea7n ch\u00eca kh\u00f3a<\/li>\n<li class=\"AnswerParser_ListItem__XqLOV\" translate=\"yes\">Theo d\u00f5i ch\u1ea5m c\u00f4ng<\/li>\n<li class=\"AnswerParser_ListItem__XqLOV\" translate=\"yes\">H\u1ec7 th\u1ed1ng thanh to\u00e1n<\/li>\n<li class=\"AnswerParser_ListItem__XqLOV\" translate=\"yes\">Qu\u1ea3n l\u00fd th\u00e0nh vi\u00ean c\u00e2u l\u1ea1c b\u1ed9\/SPA<\/li>\n<li class=\"AnswerParser_ListItem__XqLOV\" translate=\"yes\">Ki\u1ec3m so\u00e1t ra v\u00e0o b\u00e3i \u0111\u1eadu xe<\/li>\n<\/ul>\n<h2 class=\"AnswerParser_AnswerParserH2__SIHnF\">Thi\u1ebft k\u1ebf v\u00e0 \u0111\u1ed9 b\u1ec1n<\/h2>\n<p><span class=\"AnswerParser_TextContainer__z_Iiv\" data-testid=\"youchat-text\">M\u00f3c ch\u00eca kh\u00f3a c\u1ee7a ch\u00fang t\u00f4i \u0111\u01b0\u1ee3c thi\u1ebft k\u1ebf \u0111\u1ec3 c\u00f3 \u0111\u1ed9 b\u1ec1n cao:<\/span><\/p>\n<ul class=\"AnswerParser_AnswerParserUnorderedList__P_1FW\">\n<li class=\"AnswerParser_ListItem__XqLOV\" translate=\"yes\">V\u1ecf ABS ch\u1ed1ng va \u0111\u1eadp<\/li>\n<li class=\"AnswerParser_ListItem__XqLOV\" translate=\"yes\">L\u1ef1a ch\u1ecdn c\u00e1c lo\u1ea1i da cao c\u1ea5p<\/li>\n<li class=\"AnswerParser_ListItem__XqLOV\" translate=\"yes\">M\u00f3c ch\u00eca kh\u00f3a gia c\u1ed1<\/li>\n<li class=\"AnswerParser_ListItem__XqLOV\" translate=\"yes\">K\u1ebft c\u1ea5u ch\u1ed1ng ch\u1ecbu th\u1eddi ti\u1ebft<\/li>\n<li class=\"AnswerParser_ListItem__XqLOV\" translate=\"yes\">C\u00f3 s\u1eb5n nhi\u1ec1u m\u00e0u s\u1eafc<\/li>\n<\/ul>\n<h2 class=\"AnswerParser_AnswerParserH2__SIHnF\">B\u1ea3ng th\u00f4ng s\u1ed1 k\u1ef9 thu\u1eadt<\/h2>\n<div class=\"AnswerParser_TableContainer__Erb6v\" data-testid=\"table-container\">\n<table>\n<thead>\n<tr>\n<th style=\"text-align: left;\">T\u00ednh n\u0103ng<\/th>\n<th style=\"text-align: left;\">\u0110\u1eb7c \u0111i\u1ec3m k\u1ef9 thu\u1eadt<\/th>\n<\/tr>\n<\/thead>\n<tbody>\n<tr>\n<td>T\u00f9y ch\u1ecdn t\u1ea7n s\u1ed1<\/td>\n<td>13,56MHz<\/td>\n<\/tr>\n<tr>\n<td>Ph\u1ea1m vi \u0111\u1ecdc<\/td>\n<td>L\u00ean \u0111\u1ebfn 5cm<\/td>\n<\/tr>\n<tr>\n<td>K\u00fd \u1ee9c<\/td>\n<td>1K (Mifare S50)<\/td>\n<\/tr>\n<tr>\n<td>V\u1eadt li\u1ec7u<\/td>\n<td>ABS ho\u1eb7c Da<\/td>\n<\/tr>\n<tr>\n<td>K\u00edch c\u1ee1<\/td>\n<td>40mm x 30mm x 6mm<\/td>\n<\/tr>\n<tr>\n<td>Nhi\u1ec7t \u0111\u1ed9 ho\u1ea1t \u0111\u1ed9ng<\/td>\n<td>-20\u00b0C \u0111\u1ebfn +70\u00b0C<\/td>\n<\/tr>\n<\/tbody>\n<\/table>\n<\/div>\n<h2 class=\"AnswerParser_AnswerParserH2__SIHnF\">T\u00f9y ch\u1ecdn t\u00f9y ch\u1ec9nh<\/h2>\n<p><span class=\"AnswerParser_TextContainer__z_Iiv\" data-testid=\"youchat-text\">Ch\u00fang t\u00f4i cung c\u1ea5p d\u1ecbch v\u1ee5 t\u00f9y ch\u1ec9nh m\u1edf r\u1ed9ng:<\/span><\/p>\n<ul class=\"AnswerParser_AnswerParserUnorderedList__P_1FW\">\n<li class=\"AnswerParser_ListItem__XqLOV\" translate=\"yes\">In logo<\/li>\n<li class=\"AnswerParser_ListItem__XqLOV\" translate=\"yes\">M\u00e0u s\u1eafc t\u00f9y ch\u1ec9nh<\/li>\n<li class=\"AnswerParser_ListItem__XqLOV\" translate=\"yes\">M\u00e3 h\u00f3a s\u1ed1 s\u00ea-ri<\/li>\n<li class=\"AnswerParser_ListItem__XqLOV\" translate=\"yes\">Bao b\u00ec \u0111\u1eb7c bi\u1ec7t<\/li>\n<li class=\"AnswerParser_ListItem__XqLOV\" translate=\"yes\">C\u00f3 s\u1eb5n s\u1ed1 l\u01b0\u1ee3ng l\u1edbn<\/li>\n<\/ul>\n<h3 class=\"AnswerParser_AnswerParserH3__Mpe4s\">L\u1ee3i \u00edch ch\u00ednh:<\/h3>\n<ol class=\"AnswerParser_AnswerParserOrderedList__kl_2Y\">\n<li class=\"AnswerParser_ListItem__XqLOV\" translate=\"yes\"><strong>S\u1ef1 ti\u1ec7n l\u1ee3i<\/strong>: D\u1ec5 d\u00e0ng mang theo v\u00e0 s\u1eed d\u1ee5ng<\/li>\n<li class=\"AnswerParser_ListItem__XqLOV\" translate=\"yes\"><strong>\u0110\u1ed9 b\u1ec1n<\/strong>: \u0110\u01b0\u1ee3c x\u00e2y d\u1ef1ng \u0111\u1ec3 t\u1ed3n t\u1ea1i l\u00e2u d\u00e0i<\/li>\n<li class=\"AnswerParser_ListItem__XqLOV\" translate=\"yes\"><strong>T\u00ednh linh ho\u1ea1t<\/strong>: Nhi\u1ec1u \u1ee9ng d\u1ee5ng<\/li>\n<li class=\"AnswerParser_ListItem__XqLOV\" translate=\"yes\"><strong>B\u1ea3o v\u1ec7<\/strong>: M\u00e3 h\u00f3a n\u00e2ng cao<\/li>\n<li class=\"AnswerParser_ListItem__XqLOV\" translate=\"yes\"><strong>T\u00f9y ch\u1ec9nh<\/strong>: T\u00f9y ch\u1ecdn linh ho\u1ea1t<\/li>\n<\/ol>\n<blockquote><p><span class=\"AnswerParser_TextContainer__z_Iiv\" data-testid=\"youchat-text\">\u201cCh\u00eca kh\u00f3a RFID c\u1ee7a ch\u00fang t\u00f4i mang l\u1ea1i s\u1ef1 c\u00e2n b\u1eb1ng ho\u00e0n h\u1ea3o gi\u1eefa t\u00ednh b\u1ea3o m\u1eadt v\u00e0 s\u1ef1 ti\u1ec7n l\u1ee3i cho nhu c\u1ea7u ki\u1ec3m so\u00e1t ra v\u00e0o hi\u1ec7n \u0111\u1ea1i.\u201d<\/span><\/p><\/blockquote>\n<h2 class=\"AnswerParser_AnswerParserH2__SIHnF\">C\u00e0i \u0111\u1eb7t v\u00e0 thi\u1ebft l\u1eadp<\/h2>\n<p><span class=\"AnswerParser_TextContainer__z_Iiv\" data-testid=\"youchat-text\">Quy tr\u00ecnh th\u1ef1c hi\u1ec7n \u0111\u01a1n gi\u1ea3n:<\/span><\/p>\n<ol class=\"AnswerParser_AnswerParserOrderedList__kl_2Y\">\n<li class=\"AnswerParser_ListItem__XqLOV\" translate=\"yes\">Ch\u1ecdn lo\u1ea1i t\u1ea7n s\u1ed1<\/li>\n<li class=\"AnswerParser_ListItem__XqLOV\" translate=\"yes\">M\u00e3 \u0111\u1ecbnh danh duy nh\u1ea5t c\u1ee7a ch\u01b0\u01a1ng tr\u00ecnh<\/li>\n<li class=\"AnswerParser_ListItem__XqLOV\" translate=\"yes\">\u0110\u0103ng k\u00fd v\u1edbi h\u1ec7 th\u1ed1ng ki\u1ec3m so\u00e1t ra v\u00e0o<\/li>\n<li class=\"AnswerParser_ListItem__XqLOV\" translate=\"yes\">Ki\u1ec3m tra ch\u1ee9c n\u0103ng<\/li>\n<li class=\"AnswerParser_ListItem__XqLOV\" translate=\"yes\">Tri\u1ec3n khai cho ng\u01b0\u1eddi d\u00f9ng<\/li>\n<\/ol>\n<h2 class=\"AnswerParser_AnswerParserH2__SIHnF\">Th\u00f4ng tin \u0111\u1eb7t h\u00e0ng<\/h2>\n<ul class=\"AnswerParser_AnswerParserUnorderedList__P_1FW\">\n<li class=\"AnswerParser_ListItem__XqLOV\" translate=\"yes\">\u0110\u01a1n h\u00e0ng t\u1ed1i thi\u1ec3u: 200 chi\u1ebfc<\/li>\n<li class=\"AnswerParser_ListItem__XqLOV\" translate=\"yes\">C\u00f3 gi\u1ea3m gi\u00e1 s\u1ed1 l\u01b0\u1ee3ng l\u1edbn<\/li>\n<li class=\"AnswerParser_ListItem__XqLOV\" translate=\"yes\">Ch\u00e0o m\u1eebng \u0111\u01a1n \u0111\u1eb7t h\u00e0ng m\u1eabu<\/li>\n<li class=\"AnswerParser_ListItem__XqLOV\" translate=\"yes\">Th\u1eddi gian giao h\u00e0ng nhanh ch\u00f3ng<\/li>\n<li class=\"AnswerParser_ListItem__XqLOV\" translate=\"yes\">H\u1ed7 tr\u1ee3 k\u1ef9 thu\u1eadt bao g\u1ed3m<\/li>\n<\/ul>\n<p><span class=\"AnswerParser_TextContainer__z_Iiv\" data-testid=\"youchat-text\">H\u00e3y li\u00ean h\u1ec7 v\u1edbi ch\u00fang t\u00f4i ngay h\u00f4m nay \u0111\u1ec3 bi\u1ebft gi\u00e1 v\u00e0 th\u1ea3o lu\u1eadn v\u1ec1 c\u00e1ch c\u00e1c m\u00f3c kh\u00f3a RFID c\u1ee7a ch\u00fang t\u00f4i c\u00f3 th\u1ec3 n\u00e2ng cao h\u1ec7 th\u1ed1ng ki\u1ec3m so\u00e1t ra v\u00e0o c\u1ee7a b\u1ea1n. C\u00e1c gi\u1ea3i ph\u00e1p t\u00f9y ch\u1ec9nh v\u00e0 gi\u00e1 theo s\u1ed1 l\u01b0\u1ee3ng c\u00f3 s\u1eb5n theo y\u00eau c\u1ea7u.<\/span><\/p>","protected":false},"excerpt":{"rendered":"<p>RFID Keyfobs Mifare S50 1K, c\u1ee7a ch\u00fang t\u00f4i <strong>M\u00f3c ch\u00eca kh\u00f3a RFID<\/strong> cung c\u1ea5p t\u00f9y ch\u1ecdn t\u1ea7n s\u1ed1 k\u00e9p (13,56MHz\/125KHz), thi\u1ebft k\u1ebf b\u1ec1n b\u1ec9, UID c\u00f3 th\u1ec3 l\u1eadp tr\u00ecnh v\u00e0 c\u00e1c t\u00ednh n\u0103ng b\u1ea3o m\u1eadt ti\u00ean ti\u1ebfn nh\u01b0 ch\u1ed1ng sao ch\u00e9p v\u00e0 giao ti\u1ebfp \u0111\u01b0\u1ee3c m\u00e3 h\u00f3a.<\/p>","protected":false},"featured_media":2844,"template":"","meta":{"_kad_post_transparent":"default","_kad_post_title":"","_kad_post_layout":"default","_kad_post_sidebar_id":"","_kad_post_content_style":"default","_kad_post_vertical_padding":"default","_kad_post_feature":"","_kad_post_feature_position":"","_kad_post_header":false,"_kad_post_footer":false,"_kad_post_classname":""},"product_brand":[],"product_cat":[54],"product_tag":[347,346,344,345,343],"class_list":{"0":"post-2843","1":"product","2":"type-product","3":"status-publish","4":"has-post-thumbnail","6":"product_cat-hot-selling-rfid-tags","7":"product_tag-mifare-key-fobs","8":"product_tag-nfc-key-tag","9":"product_tag-nfc-keychain","10":"product_tag-rfid-fob","11":"product_tag-rfid-keyfobs","13":"first","14":"instock","15":"shipping-taxable","16":"product-type-simple","17":"entry","18":"content-bg","19":"loop-entry"},"_links":{"self":[{"href":"https:\/\/rfid-laundry-tag.com\/vi\/wp-json\/wp\/v2\/product\/2843","targetHints":{"allow":["GET"]}}],"collection":[{"href":"https:\/\/rfid-laundry-tag.com\/vi\/wp-json\/wp\/v2\/product"}],"about":[{"href":"https:\/\/rfid-laundry-tag.com\/vi\/wp-json\/wp\/v2\/types\/product"}],"version-history":[{"count":2,"href":"https:\/\/rfid-laundry-tag.com\/vi\/wp-json\/wp\/v2\/product\/2843\/revisions"}],"predecessor-version":[{"id":2849,"href":"https:\/\/rfid-laundry-tag.com\/vi\/wp-json\/wp\/v2\/product\/2843\/revisions\/2849"}],"wp:featuredmedia":[{"embeddable":true,"href":"https:\/\/rfid-laundry-tag.com\/vi\/wp-json\/wp\/v2\/media\/2844"}],"wp:attachment":[{"href":"https:\/\/rfid-laundry-tag.com\/vi\/wp-json\/wp\/v2\/media?parent=2843"}],"wp:term":[{"taxonomy":"product_brand","embeddable":true,"href":"https:\/\/rfid-laundry-tag.com\/vi\/wp-json\/wp\/v2\/product_brand?post=2843"},{"taxonomy":"product_cat","embeddable":true,"href":"https:\/\/rfid-laundry-tag.com\/vi\/wp-json\/wp\/v2\/product_cat?post=2843"},{"taxonomy":"product_tag","embeddable":true,"href":"https:\/\/rfid-laundry-tag.com\/vi\/wp-json\/wp\/v2\/product_tag?post=2843"}],"curies":[{"name":"wp","href":"https:\/\/api.w.org\/{rel}","templated":true}]}}