{"id":2830,"date":"2024-11-04T15:27:11","date_gmt":"2024-11-04T15:27:11","guid":{"rendered":"https:\/\/rfid-laundry-tag.com\/?post_type=product&#038;p=2830"},"modified":"2024-11-04T15:36:34","modified_gmt":"2024-11-04T15:36:34","slug":"washable-laundry-rfid-tags-manufacturer","status":"publish","type":"product","link":"https:\/\/rfid-laundry-tag.com\/vi\/washable-laundry-rfid-tags-manufacturer\/","title":{"rendered":"Nh\u00e0 s\u1ea3n xu\u1ea5t th\u1ebb RFID gi\u1eb7t \u1ee7i c\u00f3 th\u1ec3 gi\u1eb7t \u0111\u01b0\u1ee3c"},"content":{"rendered":"<div>\n<div class=\"auto-hide-last-sibling-br paragraph_1252f paragraph-element\">\n<h1 class=\"AnswerParser_AnswerParserH1__6UNv6\">Nh\u00e0 s\u1ea3n xu\u1ea5t th\u1ebb RFID gi\u1eb7t \u1ee7i c\u00f3 th\u1ec3 gi\u1eb7t \u0111\u01b0\u1ee3c<\/h1>\n<h1 class=\"AnswerParser_AnswerParserH1__6UNv6\">Th\u1ebb RFID gi\u1eb7t \u0111\u01b0\u1ee3c<\/h1>\n<table width=\"637\">\n<tbody>\n<tr>\n<td width=\"328\">T\u00ean s\u1ea3n ph\u1ea9m:<\/td>\n<td width=\"309\">Th\u1ebb RFID gi\u1eb7t \u0111\u01b0\u1ee3c<\/td>\n<\/tr>\n<tr>\n<td width=\"328\">Ti\u00eau chu\u1ea9n RFID:<\/td>\n<td width=\"309\">ISO\/IEC 18000-6 Lo\u1ea1i C (EPC Gen2)<\/td>\n<\/tr>\n<tr>\n<td width=\"328\">K\u00edch th\u01b0\u1edbc &amp; Tr\u1ecdng l\u01b0\u1ee3ng:<\/td>\n<td width=\"309\">70\u00d715mm, 0,6g<\/td>\n<\/tr>\n<tr>\n<td width=\"328\">Lo\u1ea1i chip:<\/td>\n<td width=\"309\">Impinj Monza 4QT,NXP U M\u00c3 8,NXP U M\u00c3 9<\/td>\n<\/tr>\n<tr>\n<td width=\"328\">B\u1ed9 nh\u1edb EPC:<\/td>\n<td width=\"309\">128 bit<\/td>\n<\/tr>\n<tr>\n<td width=\"328\">B\u1ed9 nh\u1edb ng\u01b0\u1eddi d\u00f9ng:<\/td>\n<td width=\"309\">512 bit<\/td>\n<\/tr>\n<tr>\n<td width=\"328\">Ph\u1ea1m vi \u0111\u1ecdc (2W ERP FCC):<\/td>\n<td width=\"309\">8 ph\u00fat<\/td>\n<\/tr>\n<tr>\n<td width=\"328\">Ph\u1ea1m vi \u0111\u1ecdc (2W ERP ETSI):<\/td>\n<td width=\"309\">8 ph\u00fat<\/td>\n<\/tr>\n<tr>\n<td width=\"328\">G\u1eafn th\u1ebb:<\/td>\n<td width=\"309\">May, keo d\u00e1n d\u1eadp n\u00f3ng<\/td>\n<\/tr>\n<tr>\n<td width=\"328\">Tu\u1ed5i th\u1ecd \u01b0\u1edbc t\u00ednh:<\/td>\n<td width=\"309\">200 chu k\u1ef3 gi\u1eb7t ho\u1eb7c 3 n\u0103m, t\u00f9y theo \u0111i\u1ec1u ki\u1ec7n n\u00e0o \u0111\u1ebfn tr\u01b0\u1edbc<\/td>\n<\/tr>\n<tr>\n<td width=\"328\">Ph\u01b0\u01a1ng ph\u00e1p gi\u1eb7t:<\/td>\n<td width=\"309\">Gi\u1eb7t \u1ee7i, Gi\u1eb7t kh\u00f4<\/td>\n<\/tr>\n<tr>\n<td width=\"328\">\u00c1p su\u1ea5t h\u00fat n\u01b0\u1edbc:<\/td>\n<td width=\"309\">60 thanh<\/td>\n<\/tr>\n<tr>\n<td width=\"328\">Kh\u1ea3 n\u0103ng ch\u1ed1ng n\u01b0\u1edbc:<\/td>\n<td width=\"309\">Ch\u1ed1ng n\u01b0\u1edbc<\/td>\n<\/tr>\n<tr>\n<td width=\"328\">Kh\u1ea3 n\u0103ng kh\u00e1ng h\u00f3a ch\u1ea5t:<\/td>\n<td width=\"309\">Ch\u1ea5t t\u1ea9y r\u1eeda, Ch\u1ea5t l\u00e0m m\u1ec1m, Ch\u1ea5t t\u1ea9y tr\u1eafng (Oxy\/ Clo), Ch\u1ea5t ki\u1ec1m<\/td>\n<\/tr>\n<tr>\n<td width=\"328\">L\u00e0m kh\u00f4 tr\u01b0\u1edbc trong m\u00e1y s\u1ea5y:<\/td>\n<td width=\"309\">125 \u00baC trong 15-20 ph\u00fat<\/td>\n<\/tr>\n<tr>\n<td width=\"328\">Nhi\u1ec7t \u0111\u1ed9 kh\u1eed tr\u00f9ng:<\/td>\n<td width=\"309\">135\u00b0C trong 15-20 ph\u00fat<\/td>\n<\/tr>\n<tr>\n<td width=\"328\">Nhi\u1ec7t \u0111\u1ed9 gi\u1eb7t:<\/td>\n<td width=\"309\">90\u00b0C, T\u1ed1i \u0111a 15 ph\u00fat.<\/td>\n<\/tr>\n<tr>\n<td width=\"328\">\u0110\u1ed9 \u1ea9m\/ Nhi\u1ec7t \u0111\u1ed9-Ho\u1ea1t \u0111\u1ed9ng:<\/td>\n<td width=\"309\">-20 \u0111\u1ebfn 110\u00b0C, 8 \u0111\u1ebfn 95%RH<\/td>\n<\/tr>\n<tr>\n<td width=\"328\">\u0110\u1ed9 \u1ea9m\/ Nhi\u1ec7t \u0111\u1ed9-L\u01b0u tr\u1eef:<\/td>\n<td width=\"309\">-40 \u0111\u1ebfn 110\u00b0C, 8 \u0111\u1ebfn 95%RH<\/td>\n<\/tr>\n<\/tbody>\n<\/table>\n<\/div>\n<div class=\"auto-hide-last-sibling-br paragraph_1252f paragraph-element\"><\/div>\n<\/div>\n<div class=\"auto-hide-last-sibling-br paragraph_1252f paragraph-element\">\n<div data-spm-anchor-id=\"a2700.details.0.i57.23b419c7xXORP0\"><span class=\"AnswerParser_TextContainer__z_Iiv\" data-testid=\"youchat-text\"><strong>Th\u1ebb RFID gi\u1eb7t \u0111\u01b0\u1ee3c<\/strong>\u00a0\u0111ang c\u00e1ch m\u1ea1ng h\u00f3a c\u00e1ch c\u00e1c t\u1ed5 ch\u1ee9c n\u00e0y theo d\u00f5i v\u00e0 qu\u1ea3n l\u00fd v\u1ea3i lanh, \u0111\u1ed3ng ph\u1ee5c v\u00e0 c\u00e1c lo\u1ea1i h\u00e0ng may m\u1eb7c kh\u00e1c. L\u00e0 nh\u00e0 s\u1ea3n xu\u1ea5t h\u00e0ng \u0111\u1ea7u c\u00e1c lo\u1ea1i th\u1ebb s\u00e1ng t\u1ea1o n\u00e0y, ch\u00fang t\u00f4i cung c\u1ea5p c\u00e1c gi\u1ea3i ph\u00e1p ch\u1ea5t l\u01b0\u1ee3ng cao, b\u1ec1n v\u00e0 \u0111\u00e1ng tin c\u1eady gi\u00fap n\u00e2ng cao hi\u1ec7u qu\u1ea3 ho\u1ea1t \u0111\u1ed9ng v\u00e0 gi\u1ea3m chi ph\u00ed.<\/span><span class=\"AnswerParser_TextContainer__z_Iiv\" data-testid=\"youchat-text\">C\u1ee7a ch\u00fang t\u00f4i\u00a0<strong>th\u1ebb gi\u1eb7t RFID ch\u1ed1ng th\u1ea5m n\u01b0\u1edbc c\u00f3 th\u1ec3 gi\u1eb7t \u0111\u01b0\u1ee3c<\/strong> \u0111\u01b0\u1ee3c thi\u1ebft k\u1ebf \u0111\u1ec3 ch\u1ecbu \u0111\u01b0\u1ee3c s\u1ef1 kh\u1eafc nghi\u1ec7t c\u1ee7a quy tr\u00ecnh gi\u1eb7t l\u00e0 c\u00f4ng nghi\u1ec7p, \u0111\u1ea3m b\u1ea3o h\u1ec7 th\u1ed1ng theo d\u00f5i v\u00e0 qu\u1ea3n l\u00fd c\u1ee7a b\u1ea1n v\u1eabn hi\u1ec7u qu\u1ea3 ngay c\u1ea3 sau nhi\u1ec1u chu k\u1ef3 gi\u1eb7t. V\u1edbi tu\u1ed5i th\u1ecd l\u00ean \u0111\u1ebfn 200 l\u1ea7n gi\u1eb7t ho\u1eb7c ba n\u0103m, nh\u1eefng th\u1ebb n\u00e0y l\u00e0 kho\u1ea3n \u0111\u1ea7u t\u01b0 th\u00f4ng minh cho b\u1ea5t k\u1ef3 ho\u1ea1t \u0111\u1ed9ng gi\u1eb7t l\u00e0 n\u00e0o.<\/span><\/div>\n<\/div>\n<div data-spm-anchor-id=\"a2700.details.0.i57.23b419c7xXORP0\"><\/div>\n<div class=\"auto-hide-last-sibling-br paragraph_1252f paragraph-element\">\n<h2 class=\"AnswerParser_AnswerParserH2__SIHnF\">S\u01a1 l\u01b0\u1ee3c s\u1ea3n ph\u1ea9m<\/h2>\n<h3 class=\"AnswerParser_AnswerParserH3__Mpe4s\">1. Th\u1ebb RFID gi\u1eb7t \u0111\u01b0\u1ee3c l\u00e0 g\u00ec?<\/h3>\n<p><span class=\"AnswerParser_TextContainer__z_Iiv\" data-testid=\"youchat-text\">Th\u1ebb RFID gi\u1eb7t \u0111\u01b0\u1ee3c l\u00e0 th\u1ebb chuy\u00ean d\u1ee5ng \u0111\u01b0\u1ee3c thi\u1ebft k\u1ebf \u0111\u1ec3 theo d\u00f5i h\u00e0ng d\u1ec7t may trong ho\u1ea1t \u0111\u1ed9ng gi\u1eb7t l\u00e0. Ch\u00fang s\u1eed d\u1ee5ng c\u00f4ng ngh\u1ec7 RFID \u0111\u1ec3 truy\u1ec1n d\u1eef li\u1ec7u \u0111\u1ebfn \u0111\u1ea7u \u0111\u1ecdc RFID, cho ph\u00e9p theo d\u00f5i v\u00e0 qu\u1ea3n l\u00fd t\u1ef1 \u0111\u1ed9ng c\u00e1c m\u1eb7t h\u00e0ng gi\u1eb7t l\u00e0. Nh\u1eefng th\u1ebb n\u00e0y r\u1ea5t c\u1ea7n thi\u1ebft cho c\u00e1c ng\u00e0nh c\u00f4ng nghi\u1ec7p \u0111\u00f2i h\u1ecfi ki\u1ec3m so\u00e1t h\u00e0ng t\u1ed3n kho ch\u00ednh x\u00e1c v\u00e0 qu\u1ea3n l\u00fd h\u00e0ng may m\u1eb7c hi\u1ec7u qu\u1ea3.<\/span><\/p>\n<h3 class=\"AnswerParser_AnswerParserH3__Mpe4s\">2. C\u00e1c t\u00ednh n\u0103ng ch\u00ednh c\u1ee7a th\u1ebb RFID gi\u1eb7t l\u00e0 c\u00f3 th\u1ec3 gi\u1eb7t c\u1ee7a ch\u00fang t\u00f4i<\/h3>\n<p><span class=\"AnswerParser_TextContainer__z_Iiv\" data-testid=\"youchat-text\">Th\u1ebb gi\u1eb7t RFID c\u1ee7a ch\u00fang t\u00f4i c\u00f3 m\u1ed9t s\u1ed1 t\u00ednh n\u0103ng khi\u1ebfn ch\u00fang tr\u1edf n\u00ean l\u00fd t\u01b0\u1edfng cho nhi\u1ec1u \u1ee9ng d\u1ee5ng gi\u1eb7t \u1ee7i kh\u00e1c nhau. Ch\u00fang \u0111\u01b0\u1ee3c l\u00e0m t\u1eeb v\u1eadt li\u1ec7u b\u1ec1n c\u00f3 th\u1ec3 ch\u1ecbu \u0111\u01b0\u1ee3c nhi\u1ec7t \u0111\u1ed9 cao v\u00e0 h\u00f3a ch\u1ea5t kh\u1eafc nghi\u1ec7t, \u0111\u1ea3m b\u1ea3o \u0111\u1ed9 b\u1ec1n v\u00e0 \u0111\u1ed9 tin c\u1eady. C\u00e1c th\u1ebb c\u0169ng \u0111\u01b0\u1ee3c thi\u1ebft k\u1ebf \u0111\u1ec3 may ho\u1eb7c d\u00e1n v\u00e0o qu\u1ea7n \u00e1o, mang l\u1ea1i s\u1ef1 linh ho\u1ea1t trong c\u00e1ch s\u1eed d\u1ee5ng.<\/span><\/p>\n<h3 class=\"AnswerParser_AnswerParserH3__Mpe4s\">3. L\u1ee3i \u00edch c\u1ee7a vi\u1ec7c s\u1eed d\u1ee5ng th\u1ebb RFID gi\u1eb7t \u0111\u01b0\u1ee3c<\/h3>\n<p><span class=\"AnswerParser_TextContainer__z_Iiv\" data-testid=\"youchat-text\">Vi\u1ec7c tri\u1ec3n khai th\u1ebb gi\u1eb7t l\u00e0 RFID trong ho\u1ea1t \u0111\u1ed9ng c\u1ee7a b\u1ea1n c\u00f3 th\u1ec3 mang l\u1ea1i nh\u1eefng l\u1ee3i \u00edch \u0111\u00e1ng k\u1ec3, bao g\u1ed3m c\u1ea3i thi\u1ec7n \u0111\u1ed9 ch\u00ednh x\u00e1c c\u1ee7a h\u00e0ng t\u1ed3n kho, gi\u1ea3m chi ph\u00ed lao \u0111\u1ed9ng v\u00e0 t\u0103ng c\u01b0\u1eddng b\u1ea3o m\u1eadt. B\u1eb1ng c\u00e1ch t\u1ef1 \u0111\u1ed9ng h\u00f3a quy tr\u00ecnh theo d\u00f5i, c\u00e1c doanh nghi\u1ec7p c\u00f3 th\u1ec3 h\u1ee3p l\u00fd h\u00f3a vi\u1ec7c qu\u1ea3n l\u00fd gi\u1eb7t l\u00e0 v\u00e0 t\u1eadp trung v\u00e0o vi\u1ec7c cung c\u1ea5p d\u1ecbch v\u1ee5 t\u1ed1t h\u01a1n cho kh\u00e1ch h\u00e0ng.<\/span><\/p>\n<h3 class=\"AnswerParser_AnswerParserH3__Mpe4s\">4. Th\u00f4ng s\u1ed1 k\u1ef9 thu\u1eadt<\/h3>\n<p><span class=\"AnswerParser_TextContainer__z_Iiv\" data-testid=\"youchat-text\">Th\u1ebb gi\u1eb7t RFID ch\u1ed1ng th\u1ea5m n\u01b0\u1edbc c\u00f3 th\u1ec3 gi\u1eb7t \u0111\u01b0\u1ee3c c\u1ee7a ch\u00fang t\u00f4i \u0111\u00e1p \u1ee9ng ti\u00eau chu\u1ea9n ISO\/IEC 18000-6 Type C (EPC Gen2). Sau \u0111\u00e2y l\u00e0 m\u1ed9t s\u1ed1 th\u00f4ng s\u1ed1 k\u1ef9 thu\u1eadt ch\u00ednh:<\/span><\/p>\n<ul class=\"AnswerParser_AnswerParserUnorderedList__P_1FW\">\n<li class=\"AnswerParser_ListItem__XqLOV\" translate=\"yes\"><strong>K\u00edch th\u01b0\u1edbc &amp; Tr\u1ecdng l\u01b0\u1ee3ng<\/strong>: 70\u00d715 mm, 0,6g<\/li>\n<li class=\"AnswerParser_ListItem__XqLOV\" translate=\"yes\"><strong>Lo\u1ea1i Chip<\/strong>: Impinj Monza 4QT, NXP U M\u00c3 8, NXP U M\u00c3 9<\/li>\n<li class=\"AnswerParser_ListItem__XqLOV\" translate=\"yes\"><strong>B\u1ed9 nh\u1edb EPC<\/strong>: 128 bit<\/li>\n<li class=\"AnswerParser_ListItem__XqLOV\" translate=\"yes\"><strong>B\u1ed9 nh\u1edb ng\u01b0\u1eddi d\u00f9ng<\/strong>: 512 bit<\/li>\n<li class=\"AnswerParser_ListItem__XqLOV\" translate=\"yes\"><strong>Ph\u1ea1m vi \u0111\u1ecdc<\/strong>: L\u00ean \u0111\u1ebfn 8 m\u00e9t<\/li>\n<li class=\"AnswerParser_ListItem__XqLOV\" translate=\"yes\"><strong>Tu\u1ed5i th\u1ecd \u01b0\u1edbc t\u00ednh<\/strong>: 200 l\u1ea7n gi\u1eb7t ho\u1eb7c 3 n\u0103m<\/li>\n<\/ul>\n<h3 class=\"AnswerParser_AnswerParserH3__Mpe4s\">5. H\u01b0\u1edbng d\u1eabn s\u1eed d\u1ee5ng<\/h3>\n<p><span class=\"AnswerParser_TextContainer__z_Iiv\" data-testid=\"youchat-text\">\u0110\u1ec3 \u0111\u1ea3m b\u1ea3o hi\u1ec7u su\u1ea5t t\u1ed1i \u01b0u c\u1ee7a Th\u1ebb RFID gi\u1eb7t l\u00e0 c\u00f3 th\u1ec3 gi\u1eb7t \u0111\u01b0\u1ee3c, h\u00e3y l\u00e0m theo c\u00e1c h\u01b0\u1edbng d\u1eabn s\u1eed d\u1ee5ng sau:<\/span><\/p>\n<ul class=\"AnswerParser_AnswerParserUnorderedList__P_1FW\">\n<li class=\"AnswerParser_ListItem__XqLOV\" translate=\"yes\"><strong>\u0110\u00e1nh d\u1ea5u<\/strong>:Th\u1ebb c\u00f3 th\u1ec3 \u0111\u01b0\u1ee3c kh\u00e2u v\u00e0o qu\u1ea7n \u00e1o ho\u1eb7c g\u1eafn b\u1eb1ng keo d\u00e1n n\u00f3ng.<\/li>\n<li class=\"AnswerParser_ListItem__XqLOV\" translate=\"yes\"><strong>Gi\u1eb7t gi\u0169<\/strong>: Th\u00edch h\u1ee3p cho quy tr\u00ecnh gi\u1eb7t l\u00e0 v\u00e0 gi\u1eb7t kh\u00f4.<\/li>\n<li class=\"AnswerParser_ListItem__XqLOV\" translate=\"yes\"><strong>Ch\u1ed1ng n\u01b0\u1edbc<\/strong>: \u0110\u01b0\u1ee3c thi\u1ebft k\u1ebf \u0111\u1ec3 ch\u1ecbu \u0111\u01b0\u1ee3c \u00e1p su\u1ea5t h\u00fat n\u01b0\u1edbc l\u00ean t\u1edbi 60 bar.<\/li>\n<\/ul>\n<h3 class=\"AnswerParser_AnswerParserH3__Mpe4s\">6. T\u00e1c \u0111\u1ed9ng m\u00f4i tr\u01b0\u1eddng<\/h3>\n<p><span class=\"AnswerParser_TextContainer__z_Iiv\" data-testid=\"youchat-text\">Th\u1ebb gi\u1eb7t RFID c\u1ee7a ch\u00fang t\u00f4i \u0111\u01b0\u1ee3c thi\u1ebft k\u1ebf v\u1edbi m\u1ee5c ti\u00eau h\u01b0\u1edbng \u0111\u1ebfn t\u00ednh b\u1ec1n v\u1eefng. Ch\u00fang \u0111\u01b0\u1ee3c l\u00e0m t\u1eeb v\u1eadt li\u1ec7u c\u00f3 kh\u1ea3 n\u0103ng ch\u1ed1ng l\u1ea1i c\u00e1c h\u00f3a ch\u1ea5t gi\u1eb7t th\u00f4ng th\u01b0\u1eddng, gi\u00fap gi\u1ea3m nhu c\u1ea7u thay th\u1ebf th\u01b0\u1eddng xuy\u00ean. \u0110i\u1ec1u n\u00e0y kh\u00f4ng ch\u1ec9 gi\u00fap gi\u1ea3m ch\u1ea5t th\u1ea3i m\u00e0 c\u00f2n g\u00f3p ph\u1ea7n v\u00e0o ho\u1ea1t \u0111\u1ed9ng gi\u1eb7t b\u1ec1n v\u1eefng h\u01a1n.<\/span><\/p>\n<h3 class=\"AnswerParser_AnswerParserH3__Mpe4s\">7. \u0110\u00e1nh gi\u00e1 c\u1ee7a kh\u00e1ch h\u00e0ng<\/h3>\n<p><span class=\"AnswerParser_TextContainer__z_Iiv\" data-testid=\"youchat-text\">Kh\u00e1ch h\u00e0ng c\u1ee7a ch\u00fang t\u00f4i lu\u00f4n khen ng\u1ee3i th\u1ebb gi\u1eb7t RFID c\u00f3 th\u1ec3 gi\u1eb7t c\u1ee7a ch\u00fang t\u00f4i v\u00ec \u0111\u1ed9 b\u1ec1n v\u00e0 hi\u1ec7u qu\u1ea3 c\u1ee7a ch\u00fang. Nhi\u1ec1u ng\u01b0\u1eddi \u0111\u00e3 b\u00e1o c\u00e1o nh\u1eefng c\u1ea3i ti\u1ebfn \u0111\u00e1ng k\u1ec3 trong quy tr\u00ecnh qu\u1ea3n l\u00fd gi\u1eb7t \u1ee7i c\u1ee7a h\u1ecd, tr\u00edch d\u1eabn vi\u1ec7c gi\u1ea3m th\u1ea5t tho\u00e1t v\u00e0 t\u0103ng hi\u1ec7u qu\u1ea3. Sau \u0111\u00e2y l\u00e0 nh\u1eefng g\u00ec m\u1ed9t trong nh\u1eefng kh\u00e1ch h\u00e0ng c\u1ee7a ch\u00fang t\u00f4i \u0111\u00e3 n\u00f3i:<\/span><\/p>\n<blockquote><p><span class=\"AnswerParser_TextContainer__z_Iiv\" data-testid=\"youchat-text\">\u201cK\u1ec3 t\u1eeb khi ch\u00fang t\u00f4i b\u1eaft \u0111\u1ea7u s\u1eed d\u1ee5ng c\u00e1c th\u1ebb RFID n\u00e0y, \u0111\u1ed9 ch\u00ednh x\u00e1c c\u1ee7a h\u00e0ng t\u1ed3n kho \u0111\u00e3 \u0111\u01b0\u1ee3c c\u1ea3i thi\u1ec7n \u0111\u00e1ng k\u1ec3. B\u00e2y gi\u1edd ch\u00fang t\u00f4i c\u00f3 th\u1ec3 d\u1ec5 d\u00e0ng theo d\u00f5i m\u1ecdi lo\u1ea1i qu\u1ea7n \u00e1o!\u201d<\/span><\/p><\/blockquote>\n<h3 class=\"AnswerParser_AnswerParserH3__Mpe4s\">8. C\u00e2u h\u1ecfi th\u01b0\u1eddng g\u1eb7p<\/h3>\n<p><span class=\"AnswerParser_TextContainer__z_Iiv\" data-testid=\"youchat-text\"><strong>H: Th\u1ebb gi\u1eb7t RFID c\u00f3 tu\u1ed5i th\u1ecd bao l\u00e2u?<\/strong><br \/>\nA: Th\u1ebb c\u1ee7a ch\u00fang t\u00f4i \u0111\u01b0\u1ee3c thi\u1ebft k\u1ebf \u0111\u1ec3 s\u1eed d\u1ee5ng \u0111\u01b0\u1ee3c t\u1edbi 200 l\u1ea7n gi\u1eb7t ho\u1eb7c ba n\u0103m, t\u00f9y theo \u0111i\u1ec1u ki\u1ec7n n\u00e0o \u0111\u1ebfn tr\u01b0\u1edbc.<\/span><\/p>\n<p><span class=\"AnswerParser_TextContainer__z_Iiv\" data-testid=\"youchat-text\"><strong>H: Nh\u1eefng th\u1ebb n\u00e0y c\u00f3 ch\u1ecbu \u0111\u01b0\u1ee3c nhi\u1ec7t \u0111\u1ed9 cao kh\u00f4ng?<\/strong><br \/>\nA: C\u00f3, th\u1ebb gi\u1eb7t RFID c\u1ee7a ch\u00fang t\u00f4i c\u00f3 th\u1ec3 ch\u1ecbu \u0111\u01b0\u1ee3c nhi\u1ec7t \u0111\u1ed9 cao trong qu\u00e1 tr\u00ecnh gi\u1eb7t v\u00e0 s\u1ea5y.<\/span><\/p>\n<p><span class=\"AnswerParser_TextContainer__z_Iiv\" data-testid=\"youchat-text\"><strong>H: T\u00f4i c\u00f3 th\u1ec3 \u0111\u1eb7t mua nh\u1eefng th\u1ebb n\u00e0y nh\u01b0 th\u1ebf n\u00e0o?<\/strong><br \/>\nA: Vui l\u00f2ng \u0111i\u1ec1n v\u00e0o m\u1eabu y\u00eau c\u1ea7u b\u00ean d\u01b0\u1edbi v\u00e0 cho ch\u00fang t\u00f4i bi\u1ebft lo\u1ea1i \u0111\u1ea7u \u0111\u1ecdc RFID ho\u1eb7c thi\u1ebft l\u1eadp \u0103ng-ten b\u1ea1n c\u1ea7n.<\/span><\/p>\n<h3 class=\"AnswerParser_AnswerParserH3__Mpe4s\">9. S\u1ea3n ph\u1ea9m li\u00ean quan<\/h3>\n<p><span class=\"AnswerParser_TextContainer__z_Iiv\" data-testid=\"youchat-text\">Ngo\u00e0i th\u1ebb gi\u1eb7t RFID c\u00f3 th\u1ec3 gi\u1eb7t \u0111\u01b0\u1ee3c, ch\u00fang t\u00f4i c\u00f2n cung c\u1ea5p nhi\u1ec1u s\u1ea3n ph\u1ea9m li\u00ean quan, bao g\u1ed3m \u0111\u1ea7u \u0111\u1ecdc RFID v\u00e0 \u0103ng-ten, \u0111\u1ec3 ho\u00e0n thi\u1ec7n h\u1ec7 th\u1ed1ng qu\u1ea3n l\u00fd gi\u1eb7t l\u00e0 c\u1ee7a b\u1ea1n. C\u00e1c gi\u1ea3i ph\u00e1p c\u1ee7a ch\u00fang t\u00f4i \u0111\u01b0\u1ee3c thi\u1ebft k\u1ebf \u0111\u1ec3 ho\u1ea1t \u0111\u1ed9ng li\u1ec1n m\u1ea1ch v\u1edbi nhau, cung c\u1ea5p cho b\u1ea1n h\u1ec7 th\u1ed1ng theo d\u00f5i v\u00e0 qu\u1ea3n l\u00fd to\u00e0n di\u1ec7n.<\/span><\/p>\n<h3 class=\"AnswerParser_AnswerParserH3__Mpe4s\">10. Li\u00ean h\u1ec7 v\u1edbi ch\u00fang t\u00f4i<\/h3>\n<p><span class=\"AnswerParser_TextContainer__z_Iiv\" data-testid=\"youchat-text\">\u0110\u1ec3 bi\u1ebft th\u00eam th\u00f4ng tin v\u1ec1 th\u1ebb RFID gi\u1eb7t l\u00e0 c\u00f3 th\u1ec3 gi\u1eb7t \u0111\u01b0\u1ee3c c\u1ee7a ch\u00fang t\u00f4i ho\u1eb7c \u0111\u1ec3 th\u1ea3o lu\u1eadn v\u1ec1 nhu c\u1ea7u c\u1ee5 th\u1ec3 c\u1ee7a b\u1ea1n, vui l\u00f2ng\u00a0<strong>li\u00ean h\u1ec7 v\u1edbi ch\u00fang t\u00f4i<\/strong>. \u0110\u1ed9i ng\u0169 c\u1ee7a ch\u00fang t\u00f4i s\u1eb5n s\u00e0ng h\u1ed7 tr\u1ee3 b\u1ea1n t\u00ecm ra gi\u1ea3i ph\u00e1p t\u1ed1t nh\u1ea5t cho ho\u1ea1t \u0111\u1ed9ng gi\u1eb7t l\u00e0 c\u1ee7a b\u1ea1n.<\/span><\/p>\n<hr \/>\n<p><span class=\"AnswerParser_TextContainer__z_Iiv\" data-testid=\"youchat-text\">B\u1eb1ng c\u00e1ch l\u1ef1a ch\u1ecdn c\u1ee7a ch\u00fang t\u00f4i\u00a0<strong>th\u1ebb RFID gi\u1eb7t \u0111\u01b0\u1ee3c<\/strong>, b\u1ea1n \u0111ang \u0111\u1ea7u t\u01b0 v\u00e0o m\u1ed9t gi\u1ea3i ph\u00e1p kh\u00f4ng ch\u1ec9 n\u00e2ng cao hi\u1ec7u qu\u1ea3 ho\u1ea1t \u0111\u1ed9ng c\u1ee7a b\u1ea1n m\u00e0 c\u00f2n g\u00f3p ph\u1ea7n v\u00e0o m\u1ed9t t\u01b0\u01a1ng lai b\u1ec1n v\u1eefng h\u01a1n. V\u1edbi cam k\u1ebft v\u1ec1 ch\u1ea5t l\u01b0\u1ee3ng v\u00e0 s\u1ef1 h\u00e0i l\u00f2ng c\u1ee7a kh\u00e1ch h\u00e0ng, b\u1ea1n c\u00f3 th\u1ec3 tin t\u01b0\u1edfng ch\u00fang t\u00f4i s\u1ebd cung c\u1ea5p c\u00e1c gi\u1ea3i ph\u00e1p RFID t\u1ed1t nh\u1ea5t cho nhu c\u1ea7u qu\u1ea3n l\u00fd gi\u1eb7t l\u00e0 c\u1ee7a b\u1ea1n. \u0110\u1eebng ng\u1ea7n ng\u1ea1i li\u00ean h\u1ec7 v\u00e0 kh\u00e1m ph\u00e1 c\u00e1ch c\u00e1c s\u1ea3n ph\u1ea9m c\u1ee7a ch\u00fang t\u00f4i c\u00f3 th\u1ec3 bi\u1ebfn \u0111\u1ed5i ho\u1ea1t \u0111\u1ed9ng gi\u1eb7t l\u00e0 c\u1ee7a b\u1ea1n ngay h\u00f4m nay!<\/span><\/p>\n<p>&nbsp;<\/p>\n<\/div>\n<div class=\"auto-hide-last-sibling-br paragraph_1252f paragraph-element\"><\/div>","protected":false},"excerpt":{"rendered":"<p>Kh\u00e1m ph\u00e1 c\u1ee7a ch\u00fang t\u00f4i <strong>Th\u1ebb gi\u1eb7t RFID c\u00f3 th\u1ec3 gi\u1eb7t \u0111\u01b0\u1ee3c<\/strong>! Ho\u00e0n h\u1ea3o \u0111\u1ec3 theo d\u00f5i \u0111\u1ed3 v\u1ea3i v\u00e0 \u0111\u1ed3ng ph\u1ee5c, b\u1ec1n, kh\u00f4ng th\u1ea5m n\u01b0\u1edbc v\u00e0 \u0111\u01b0\u1ee3c thi\u1ebft k\u1ebf \u0111\u1ec3 qu\u1ea3n l\u00fd gi\u1eb7t l\u00e0 li\u1ec1n m\u1ea1ch.<\/p>","protected":false},"featured_media":2825,"template":"","meta":{"_kad_post_transparent":"default","_kad_post_title":"","_kad_post_layout":"default","_kad_post_sidebar_id":"","_kad_post_content_style":"default","_kad_post_vertical_padding":"default","_kad_post_feature":"","_kad_post_feature_position":"","_kad_post_header":false,"_kad_post_footer":false,"_kad_post_classname":""},"product_brand":[],"product_cat":[16],"product_tag":[340,31,65,30,341],"class_list":{"0":"post-2830","1":"product","2":"type-product","3":"status-publish","4":"has-post-thumbnail","6":"product_cat-uhf-rfid-laundry-tags","7":"product_tag-rfid-chips","8":"product_tag-rfid-tag-for-linen-laundry","9":"product_tag-textile-rfid-laundry-tags","10":"product_tag-uhf-rfid-laundry-tag","11":"product_tag-washable-laundry-rfid-tags-manufacturer","13":"first","14":"instock","15":"featured","16":"shipping-taxable","17":"product-type-simple","18":"entry","19":"content-bg","20":"loop-entry"},"_links":{"self":[{"href":"https:\/\/rfid-laundry-tag.com\/vi\/wp-json\/wp\/v2\/product\/2830","targetHints":{"allow":["GET"]}}],"collection":[{"href":"https:\/\/rfid-laundry-tag.com\/vi\/wp-json\/wp\/v2\/product"}],"about":[{"href":"https:\/\/rfid-laundry-tag.com\/vi\/wp-json\/wp\/v2\/types\/product"}],"version-history":[{"count":2,"href":"https:\/\/rfid-laundry-tag.com\/vi\/wp-json\/wp\/v2\/product\/2830\/revisions"}],"predecessor-version":[{"id":2832,"href":"https:\/\/rfid-laundry-tag.com\/vi\/wp-json\/wp\/v2\/product\/2830\/revisions\/2832"}],"wp:featuredmedia":[{"embeddable":true,"href":"https:\/\/rfid-laundry-tag.com\/vi\/wp-json\/wp\/v2\/media\/2825"}],"wp:attachment":[{"href":"https:\/\/rfid-laundry-tag.com\/vi\/wp-json\/wp\/v2\/media?parent=2830"}],"wp:term":[{"taxonomy":"product_brand","embeddable":true,"href":"https:\/\/rfid-laundry-tag.com\/vi\/wp-json\/wp\/v2\/product_brand?post=2830"},{"taxonomy":"product_cat","embeddable":true,"href":"https:\/\/rfid-laundry-tag.com\/vi\/wp-json\/wp\/v2\/product_cat?post=2830"},{"taxonomy":"product_tag","embeddable":true,"href":"https:\/\/rfid-laundry-tag.com\/vi\/wp-json\/wp\/v2\/product_tag?post=2830"}],"curies":[{"name":"wp","href":"https:\/\/api.w.org\/{rel}","templated":true}]}}