{"id":283,"date":"2024-06-26T10:23:21","date_gmt":"2024-06-26T10:23:21","guid":{"rendered":"https:\/\/rfid-laundry-tag.com\/?post_type=product&#038;p=283"},"modified":"2024-07-16T16:23:55","modified_gmt":"2024-07-16T16:23:55","slug":"uhf-rfid-inlay","status":"publish","type":"product","link":"https:\/\/rfid-laundry-tag.com\/vi\/uhf-rfid-inlay\/","title":{"rendered":"L\u1edbp ph\u1ee7 RFID UHF"},"content":{"rendered":"<div class=\"J_module\">\n<div class=\"ife-detail-decorate-table\">\n<table class=\"has-title is-zebra all magic-13\">\n<tbody>\n<tr>\n<td colspan=\"2\" rowspan=\"1\">\n<div class=\"magic-23\">\n<div class=\"magic-15\" data-spm-anchor-id=\"a2700.pc-decorate.0.i151.408c3333ouNNMP\"><span class=\"magic-24\" style=\"color: #2196ed;\"><b class=\"magic-25\" data-spm-anchor-id=\"a2700.pc-decorate.0.i28.5f51333385WVJq\">Th\u00f4ng s\u1ed1 k\u1ef9 thu\u1eadt c\u01a1 kh\u00ed<\/b><\/span><\/div>\n<\/div>\n<\/td>\n<\/tr>\n<tr>\n<td colspan=\"1\" rowspan=\"1\">\n<div class=\"magic-28\">V\u1eadt li\u1ec7u c\u01a1 b\u1ea3n<\/div>\n<\/td>\n<td colspan=\"1\" rowspan=\"1\">\n<div class=\"magic-29\">TH\u00da C\u01afNG<\/div>\n<\/td>\n<\/tr>\n<tr>\n<td colspan=\"1\" rowspan=\"1\">\n<div class=\"magic-28\">V\u1eadt li\u1ec7u l\u00f3t<\/div>\n<\/td>\n<td colspan=\"1\" rowspan=\"1\">\n<div class=\"magic-29\">Gi\u1ea5y tr\u00e1ng 80g<\/div>\n<\/td>\n<\/tr>\n<tr>\n<td colspan=\"1\" rowspan=\"1\">\n<div class=\"magic-28\">V\u1eadt li\u1ec7u \u0111\u00e1y<\/div>\n<\/td>\n<td colspan=\"1\" rowspan=\"1\">\n<div class=\"magic-29\">Gi\u1ea5y ph\u00e1t h\u00e0nh<\/div>\n<\/td>\n<\/tr>\n<tr>\n<td colspan=\"1\" rowspan=\"1\">\n<div class=\"magic-28\">S\u1ed1 l\u01b0\u1ee3ng<\/div>\n<\/td>\n<td colspan=\"1\" rowspan=\"1\">\n<div class=\"magic-29\">2500 C\u00c1I\/Cu\u1ed9n (C\u00f3 th\u1ec3 t\u00f9y ch\u1ec9nh)<\/div>\n<\/td>\n<\/tr>\n<tr>\n<td colspan=\"1\" rowspan=\"1\">\n<div class=\"magic-28\">\u0110\u01b0\u1eddng k\u00ednh b\u00ean trong c\u1ee7a cu\u1ed9n<\/div>\n<\/td>\n<td colspan=\"1\" rowspan=\"1\">\n<div class=\"magic-29\">76,2mm<\/div>\n<\/td>\n<\/tr>\n<tr>\n<td colspan=\"1\" rowspan=\"1\">\n<div class=\"magic-28\">K\u00edch th\u01b0\u1edbc th\u1ebb<\/div>\n<\/td>\n<td colspan=\"1\" rowspan=\"1\">\n<div class=\"magic-29\">98 * 15mm<\/div>\n<\/td>\n<\/tr>\n<tr>\n<td colspan=\"1\" rowspan=\"1\">\n<div class=\"magic-28\">K\u00edch th\u01b0\u1edbc \u0102ng-ten<\/div>\n<\/td>\n<td colspan=\"1\" rowspan=\"1\">\n<div class=\"magic-29\">95 * 8mm<\/div>\n<\/td>\n<\/tr>\n<tr>\n<td colspan=\"2\" rowspan=\"1\">\n<div class=\"magic-23\">\n<div class=\"magic-15\" data-spm-anchor-id=\"a2700.pc-decorate.0.i158.408c3333ouNNMP\"><span class=\"magic-24\" style=\"color: #2196ed;\"><b data-spm-anchor-id=\"a2700.pc-decorate.0.i11.562b3333nh3oh1\">Th\u00f4ng s\u1ed1 k\u1ef9 thu\u1eadt \u0111i\u1ec7n<\/b><\/span><\/div>\n<\/div>\n<\/td>\n<\/tr>\n<tr>\n<td colspan=\"1\" rowspan=\"1\">\n<div class=\"magic-28\">Giao th\u1ee9c giao di\u1ec7n kh\u00f4ng kh\u00ed<\/div>\n<\/td>\n<td colspan=\"1\" rowspan=\"1\">\n<div class=\"magic-29\">EPC To\u00e0n C\u1ea7u Class1 Gen2 ISO18000-6C<\/div>\n<\/td>\n<\/tr>\n<tr>\n<td colspan=\"1\" rowspan=\"1\">\n<div class=\"magic-28\">T\u00ednh th\u01b0\u1eddng xuy\u00ean<\/div>\n<\/td>\n<td colspan=\"1\" rowspan=\"1\">\n<div class=\"magic-29\">To\u00e0n c\u1ea7u 860-960MHz<\/div>\n<\/td>\n<\/tr>\n<tr>\n<td colspan=\"1\" rowspan=\"1\">\n<div class=\"magic-28\">Lo\u1ea1i IC<\/div>\n<\/td>\n<td colspan=\"1\" rowspan=\"1\">\n<div class=\"magic-29\">D\u00f2ng NXP UCODE (Ki\u1ec3m tra th\u00f4ng s\u1ed1 chip)<\/div>\n<\/td>\n<\/tr>\n<tr>\n<td colspan=\"1\" rowspan=\"1\">\n<div class=\"magic-28\">Cu\u1ed9c s\u1ed1ng lC<\/div>\n<\/td>\n<td colspan=\"1\" rowspan=\"1\">\n<div class=\"magic-29\">100.000 l\u1ea7n<\/div>\n<\/td>\n<\/tr>\n<tr>\n<td colspan=\"1\" rowspan=\"1\">\n<div class=\"magic-28\">L\u01b0u gi\u1eef d\u1eef li\u1ec7u<\/div>\n<\/td>\n<td colspan=\"1\" rowspan=\"1\">\n<div class=\"magic-29\">10 n\u0103m<\/div>\n<\/td>\n<\/tr>\n<tr>\n<td colspan=\"1\" rowspan=\"1\">\n<div class=\"magic-28\">B\u1ec1 m\u1eb7t \u1ee9ng d\u1ee5ng<\/div>\n<\/td>\n<td colspan=\"1\" rowspan=\"1\">\n<div class=\"magic-29\">B\u1ec1 m\u1eb7t kh\u00f4ng ph\u1ea3i kim lo\u1ea1i<\/div>\n<\/td>\n<\/tr>\n<tr>\n<td colspan=\"1\" rowspan=\"1\">\n<div class=\"magic-28\">Ph\u1ea1m vi \u0111\u1ecdc<\/div>\n<\/td>\n<td colspan=\"1\" rowspan=\"1\">\n<div class=\"magic-29\">Kho\u1ea3ng 12 m (Ti\u00eau chu\u1ea9n Hoa K\u1ef3, C\u1ea7m tay 1W)<\/div>\n<\/td>\n<\/tr>\n<tr>\n<td colspan=\"2\" rowspan=\"1\">\n<div class=\"magic-23\">\n<div class=\"magic-15\" data-spm-anchor-id=\"a2700.pc-decorate.0.i165.408c3333ouNNMP\"><span class=\"magic-24\" style=\"color: #2196ed;\"><b data-spm-anchor-id=\"a2700.pc-decorate.0.i24.42813333eBT2Nf\">S\u1ee9c \u0111\u1ec1 kh\u00e1ng c\u1ee7a m\u00f4i tr\u01b0\u1eddng<\/b><\/span><\/div>\n<\/div>\n<\/td>\n<\/tr>\n<tr>\n<td colspan=\"1\" rowspan=\"1\">\n<div class=\"magic-28\">Nhi\u1ec7t \u0111\u1ed9 ho\u1ea1t \u0111\u1ed9ng<\/div>\n<\/td>\n<td colspan=\"1\" rowspan=\"1\">\n<div class=\"magic-29\">-20\u2103~80\u2103<\/div>\n<\/td>\n<\/tr>\n<tr>\n<td colspan=\"1\" rowspan=\"1\">\n<div class=\"magic-28\">Nhi\u1ec7t \u0111\u1ed9 l\u01b0u tr\u1eef<\/div>\n<\/td>\n<td colspan=\"1\" rowspan=\"1\">\n<div class=\"magic-29\">-20\u00b0C~100\u00b0C<\/div>\n<\/td>\n<\/tr>\n<tr>\n<td colspan=\"1\" rowspan=\"1\">\n<div class=\"magic-28\">\u0110\u1ed9 \u1ea9m l\u01b0u tr\u1eef<\/div>\n<\/td>\n<td colspan=\"1\" rowspan=\"1\">\n<div class=\"magic-29\">20~90 % \u0110\u1ed9 \u1ea9m t\u01b0\u01a1ng \u0111\u1ed1i<\/div>\n<\/td>\n<\/tr>\n<tr>\n<td colspan=\"1\" rowspan=\"1\">\n<div class=\"magic-28\">H\u1ea1n s\u1eed d\u1ee5ng<\/div>\n<\/td>\n<td colspan=\"1\" rowspan=\"1\">\n<div class=\"magic-29\">20\u00b0C\uff5e30\u00b0C, 40\uff5e60% \u0110\u1ed9 \u1ea9m li\u00ean quan, Tr\u00ean 2 n\u0103m;<\/div>\n<\/td>\n<\/tr>\n<\/tbody>\n<\/table>\n<\/div>\n<\/div>\n<div class=\"J_module\">\n<div class=\"ife-detail-decorate-table\">\n<table class=\"has-title is-zebra all magic-13\">\n<tbody>\n<tr>\n<td colspan=\"5\" rowspan=\"1\">\n<div class=\"magic-23\">\n<div class=\"magic-15\" data-spm-anchor-id=\"a2700.pc-decorate.0.i50.42813333eBT2Nf\"><b><span class=\"magic-24\" style=\"color: #2196ed;\">Tham s\u1ed1 Chip:\u00a0<\/span><span class=\"magic-24\" style=\"color: #2196ed;\">M\u00e3 NXP<\/span><span class=\"magic-8\" style=\"color: #2196ed;\"><span class=\"magic-24\" data-spm-anchor-id=\"a2700.pc-decorate.0.i51.27d333338zw2ok\">Chip D\u00f2ng<\/span><\/span><\/b><\/div>\n<\/div>\n<\/td>\n<\/tr>\n<tr>\n<td colspan=\"1\" rowspan=\"1\">\n<div class=\"magic-34\">\n<div class=\"magic-15\">Tham s\u1ed1 Chip<\/div>\n<\/div>\n<\/td>\n<td colspan=\"1\" rowspan=\"1\">\n<div class=\"magic-30\">\n<div class=\"magic-15\" data-spm-anchor-id=\"a2700.pc-decorate.0.i11.4fe73333sMMc4J\">UCODE8<\/div>\n<\/div>\n<\/td>\n<td colspan=\"1\" rowspan=\"1\">\n<div class=\"magic-31\">\n<div class=\"magic-15\" data-spm-anchor-id=\"a2700.pc-decorate.0.i12.4fe73333sMMc4J\">M\u00e3 s\u1ed1 9<\/div>\n<\/div>\n<\/td>\n<td colspan=\"1\" rowspan=\"1\">\n<div class=\"magic-32\">\n<div class=\"magic-15\" data-spm-anchor-id=\"0.0.0.i9.20624f05xIYcLw\">UCODE9xe<\/div>\n<\/div>\n<\/td>\n<td colspan=\"1\" rowspan=\"1\">\n<div class=\"magic-32\">\n<div class=\"magic-15\" data-spm-anchor-id=\"0.0.0.i11.20624f05xIYcLw\">M\u00e3 UCODE9xm<\/div>\n<\/div>\n<\/td>\n<\/tr>\n<tr>\n<td colspan=\"1\" rowspan=\"1\">\n<div class=\"magic-34\">\n<div class=\"magic-15\">EPC<\/div>\n<\/div>\n<\/td>\n<td colspan=\"1\" rowspan=\"1\">\n<div class=\"magic-30\">\n<div class=\"magic-15\">128 bit<\/div>\n<\/div>\n<\/td>\n<td colspan=\"1\" rowspan=\"1\">\n<div class=\"magic-31\">\n<div class=\"magic-15\">96 bit<\/div>\n<\/div>\n<\/td>\n<td colspan=\"1\" rowspan=\"1\">\n<div class=\"magic-32\">\n<div class=\"magic-15\">128 bit<\/div>\n<\/div>\n<\/td>\n<td colspan=\"1\" rowspan=\"1\">\n<div class=\"magic-32\">\n<div class=\"magic-15\" data-spm-anchor-id=\"a2700.pc-decorate.0.i22.4fe73333sMMc4J\">T\u1ed1i \u0111a 496 bit<\/div>\n<\/div>\n<\/td>\n<\/tr>\n<tr>\n<td colspan=\"1\" rowspan=\"1\">\n<div class=\"magic-34\">\n<div class=\"magic-15\">T\u00cdNH N\u0102NG<\/div>\n<\/div>\n<\/td>\n<td colspan=\"1\" rowspan=\"1\">\n<div class=\"magic-30\">\n<div class=\"magic-15\">96 bit<\/div>\n<\/div>\n<\/td>\n<td colspan=\"1\" rowspan=\"1\">\n<div class=\"magic-31\">\n<div class=\"magic-15\">96 bit<\/div>\n<\/div>\n<\/td>\n<td colspan=\"1\" rowspan=\"1\">\n<div class=\"magic-32\">\n<div class=\"magic-15\">96 bit<\/div>\n<\/div>\n<\/td>\n<td colspan=\"1\" rowspan=\"1\">\n<div class=\"magic-32\">\n<div class=\"magic-15\">96 bit<\/div>\n<\/div>\n<\/td>\n<\/tr>\n<tr>\n<td colspan=\"1\" rowspan=\"1\">\n<div class=\"magic-34\">\n<div class=\"magic-15\">Khu v\u1ef1c ng\u01b0\u1eddi d\u00f9ng<\/div>\n<\/div>\n<\/td>\n<td colspan=\"1\" rowspan=\"1\">\n<div class=\"magic-30\">\n<div class=\"magic-15\">0<\/div>\n<\/div>\n<\/td>\n<td colspan=\"1\" rowspan=\"1\">\n<div class=\"magic-31\">\n<div class=\"magic-15\" data-spm-anchor-id=\"a2700.pc-decorate.0.i18.4fe73333sMMc4J\">0<\/div>\n<\/div>\n<\/td>\n<td colspan=\"1\" rowspan=\"1\">\n<div class=\"magic-32\">\n<div class=\"magic-15\" data-spm-anchor-id=\"a2700.pc-decorate.0.i20.4fe73333sMMc4J\">0<\/div>\n<\/div>\n<\/td>\n<td colspan=\"1\" rowspan=\"1\">\n<div class=\"magic-32\">\n<div class=\"magic-15\" data-spm-anchor-id=\"a2700.pc-decorate.0.i21.4fe73333sMMc4J\">T\u1ed1i \u0111a 752 bit<\/div>\n<\/div>\n<\/td>\n<\/tr>\n<\/tbody>\n<\/table>\n<\/div>\n<div><\/div>\n<div class=\"auto-hide-last-sibling-br paragraph_9dc5f paragraph-element\">Th\u1ebb nh\u00fang \u01b0\u1edbt RFID UHF l\u00e0 c\u00f4ng c\u1ee5 \u0111a n\u0103ng c\u00f3 \u1ee9ng d\u1ee5ng trong nhi\u1ec1u l\u0129nh v\u1ef1c, bao g\u1ed3m:<\/div>\n<ol class=\"auto-hide-last-sibling-br\">\n<li>\n<div class=\"auto-hide-last-sibling-br paragraph_9dc5f paragraph-element\">H\u1ec7 th\u1ed1ng qu\u1ea3n l\u00fd h\u00e0ng t\u1ed3n kho: Nh\u1eefng mi\u1ebfng d\u00e1n n\u00e0y \u0111\u01b0\u1ee3c nh\u00fang v\u00e0o nh\u00e3n d\u00e1n PET ho\u1eb7c gi\u1ea5y nhi\u1ec7t, c\u00f3 th\u1ec3 g\u1eafn th\u1ebb t\u00e0i s\u1ea3n \u0111\u1ec3 theo d\u00f5i v\u00e0 qu\u1ea3n l\u00fd theo th\u1eddi gian th\u1ef1c.<\/div>\n<\/li>\n<li>\n<div class=\"auto-hide-last-sibling-br paragraph_9dc5f paragraph-element\">Qu\u1ea3n l\u00fd chu\u1ed7i cung \u1ee9ng: V\u1edbi m\u00e1y qu\u00e9t RFID, c\u00e1c th\u1ebb n\u00e0y \u0111\u01b0\u1ee3c g\u1eafn v\u00e0o t\u00e0i s\u1ea3n gi\u00fap theo d\u00f5i h\u00e0ng h\u00f3a theo th\u1eddi gian th\u1ef1c trong to\u00e0n b\u1ed9 chu\u1ed7i cung \u1ee9ng, t\u1eeb s\u1ea3n xu\u1ea5t \u0111\u1ebfn ph\u00e2n ph\u1ed1i \u0111\u1ebfn b\u00e1n l\u1ebb, gi\u00fap t\u0103ng c\u01b0\u1eddng t\u00ednh minh b\u1ea1ch v\u00e0 hi\u1ec7u qu\u1ea3 ho\u1ea1t \u0111\u1ed9ng.<\/div>\n<\/li>\n<li>\n<div class=\"auto-hide-last-sibling-br paragraph_9dc5f paragraph-element\">Theo d\u00f5i t\u00e0i s\u1ea3n: Ph\u00f9 h\u1ee3p v\u1edbi c\u00e1c ng\u00e0nh c\u00f4ng nghi\u1ec7p nh\u01b0 x\u00e2y d\u1ef1ng, s\u1ea3n xu\u1ea5t v\u00e0 h\u1eadu c\u1ea7n, cho ph\u00e9p theo d\u00f5i t\u00e0i s\u1ea3n nh\u01b0 thi\u1ebft b\u1ecb, ph\u01b0\u01a1ng ti\u1ec7n v\u00e0 c\u00f4ng c\u1ee5, t\u1ed1i \u01b0u h\u00f3a ngu\u1ed3n l\u1ef1c v\u00e0 gi\u1ea3m thi\u1ec3u t\u1ed5n th\u1ea5t.<\/div>\n<\/li>\n<li>\n<div class=\"auto-hide-last-sibling-br paragraph_9dc5f paragraph-element\">B\u00e1n l\u1ebb: \u0110\u01b0\u1ee3c d\u00e1n tr\u00ean bao b\u00ec, c\u00e1c th\u1ebb n\u00e0y cho ph\u00e9p \u0111\u1ea7u \u0111\u1ecdc RFID trong kho h\u00e0ng thu th\u1eadp d\u1eef li\u1ec7u c\u1ee7a t\u1eebng m\u1eb7t h\u00e0ng ngay l\u1eadp t\u1ee9c. \u0110\u01b0\u1ee3c t\u00edch h\u1ee3p v\u1edbi h\u1ec7 th\u1ed1ng qu\u1ea3n l\u00fd h\u00e0ng t\u1ed3n kho, c\u00e1c th\u1ebb n\u00e0y c\u00f3 th\u1ec3 gi\u00fap c\u1ea3i thi\u1ec7n \u0111\u1ed9 ch\u00ednh x\u00e1c c\u1ee7a h\u00e0ng t\u1ed3n kho, gi\u1ea3m t\u00ecnh tr\u1ea1ng h\u1ebft h\u00e0ng v\u00e0 n\u00e2ng cao tr\u1ea3i nghi\u1ec7m mua s\u1eafm cho kh\u00e1ch h\u00e0ng.<\/div>\n<\/li>\n<li>\n<div class=\"auto-hide-last-sibling-br paragraph_9dc5f paragraph-element\">Ki\u1ec3m so\u00e1t ra v\u00e0o: L\u00fd t\u01b0\u1edfng \u0111\u1ec3 \u0111\u1ea3m b\u1ea3o ra v\u00e0o an to\u00e0n trong c\u00e1c t\u00f2a nh\u00e0, b\u00e3i \u0111\u1eadu xe, s\u1ef1 ki\u1ec7n v\u00e0 nhi\u1ec1u b\u1ed1i c\u1ea3nh kh\u00e1c, c\u00e1c th\u1ebb n\u00e0y g\u00f3p ph\u1ea7n t\u1ea1o n\u00ean h\u1ec7 th\u1ed1ng qu\u1ea3n l\u00fd ra v\u00e0o hi\u1ec7u qu\u1ea3 v\u00e0 an to\u00e0n.<\/div>\n<\/li>\n<li>\n<div class=\"auto-hide-last-sibling-br paragraph_9dc5f paragraph-element\">Y t\u1ebf v\u00e0 ch\u0103m s\u00f3c s\u1ee9c kh\u1ecfe: C\u00e1c th\u1ebb n\u00e0y c\u0169ng c\u00f3 \u1ee9ng d\u1ee5ng quan tr\u1ecdng trong vi\u1ec7c theo d\u00f5i thi\u1ebft b\u1ecb y t\u1ebf, h\u1ed3 s\u01a1 b\u1ec7nh nh\u00e2n v\u00e0 thu\u1ed1c men trong b\u1ec7nh vi\u1ec7n v\u00e0 c\u01a1 s\u1edf ch\u0103m s\u00f3c s\u1ee9c kh\u1ecfe, gi\u00fap n\u00e2ng cao ch\u1ea5t l\u01b0\u1ee3ng ch\u0103m s\u00f3c b\u1ec7nh nh\u00e2n v\u00e0 qu\u1ea3n l\u00fd b\u1ec7nh vi\u1ec7n hi\u1ec7u qu\u1ea3 h\u01a1n.<\/div>\n<\/li>\n<\/ol>\n<div class=\"auto-hide-last-sibling-br paragraph_9dc5f paragraph-element\">T\u00f3m l\u1ea1i, c\u00f4ng ngh\u1ec7 nh\u00fang \u01b0\u1edbt UHF RFID mang l\u1ea1i hi\u1ec7u qu\u1ea3 ho\u1ea1t \u0111\u1ed9ng, \u0111\u1ed9 ch\u00ednh x\u00e1c v\u00e0 t\u00ednh b\u1ea3o m\u1eadt \u0111\u01b0\u1ee3c c\u1ea3i thi\u1ec7n trong nhi\u1ec1u ng\u00e0nh c\u00f4ng nghi\u1ec7p v\u00e0 b\u1ed1i c\u1ea3nh kh\u00e1c nhau.<\/div>\n<\/div>","protected":false},"excerpt":{"rendered":"<div class=\"auto-hide-last-sibling-br paragraph_9dc5f paragraph-element\">L\u1edbp ph\u1ee7 RFID UHF l\u00e0 m\u1ed9t lo\u1ea1i th\u1ebb RFID ho\u1ea1t \u0111\u1ed9ng trong ph\u1ed5 t\u1ea7n s\u1ed1 c\u1ef1c cao. Ch\u00fang th\u01b0\u1eddng bao g\u1ed3m hai ph\u1ea7n:<\/div>\n<ol class=\"auto-hide-last-sibling-br\">\n<li>M\u1ed9t m\u1ea1ch t\u00edch h\u1ee3p (c\u00f2n g\u1ecdi l\u00e0 chip) n\u01a1i l\u01b0u tr\u1eef d\u1eef li\u1ec7u.<\/li>\n<li>M\u1ed9t \u0103ng-ten \u0111\u01b0\u1ee3c s\u1eed d\u1ee5ng \u0111\u1ec3 truy\u1ec1n d\u1eef li\u1ec7u n\u00e0y \u0111\u1ebfn \u0111\u1ea7u \u0111\u1ecdc RFID.<\/li>\n<\/ol>","protected":false},"featured_media":284,"template":"","meta":{"_kad_post_transparent":"default","_kad_post_title":"","_kad_post_layout":"default","_kad_post_sidebar_id":"","_kad_post_content_style":"default","_kad_post_vertical_padding":"default","_kad_post_feature":"","_kad_post_feature_position":"","_kad_post_header":false,"_kad_post_footer":false,"_kad_post_classname":""},"product_brand":[],"product_cat":[54,189],"product_tag":[108,109],"class_list":{"0":"post-283","1":"product","2":"type-product","3":"status-publish","4":"has-post-thumbnail","6":"product_cat-hot-selling-rfid-tags","7":"product_cat-rfid-inlay","8":"product_tag-rfid-inlay","9":"product_tag-uhf-rfid-inlay","11":"first","12":"instock","13":"shipping-taxable","14":"product-type-simple","15":"entry","16":"content-bg","17":"loop-entry"},"_links":{"self":[{"href":"https:\/\/rfid-laundry-tag.com\/vi\/wp-json\/wp\/v2\/product\/283","targetHints":{"allow":["GET"]}}],"collection":[{"href":"https:\/\/rfid-laundry-tag.com\/vi\/wp-json\/wp\/v2\/product"}],"about":[{"href":"https:\/\/rfid-laundry-tag.com\/vi\/wp-json\/wp\/v2\/types\/product"}],"version-history":[{"count":1,"href":"https:\/\/rfid-laundry-tag.com\/vi\/wp-json\/wp\/v2\/product\/283\/revisions"}],"predecessor-version":[{"id":720,"href":"https:\/\/rfid-laundry-tag.com\/vi\/wp-json\/wp\/v2\/product\/283\/revisions\/720"}],"wp:featuredmedia":[{"embeddable":true,"href":"https:\/\/rfid-laundry-tag.com\/vi\/wp-json\/wp\/v2\/media\/284"}],"wp:attachment":[{"href":"https:\/\/rfid-laundry-tag.com\/vi\/wp-json\/wp\/v2\/media?parent=283"}],"wp:term":[{"taxonomy":"product_brand","embeddable":true,"href":"https:\/\/rfid-laundry-tag.com\/vi\/wp-json\/wp\/v2\/product_brand?post=283"},{"taxonomy":"product_cat","embeddable":true,"href":"https:\/\/rfid-laundry-tag.com\/vi\/wp-json\/wp\/v2\/product_cat?post=283"},{"taxonomy":"product_tag","embeddable":true,"href":"https:\/\/rfid-laundry-tag.com\/vi\/wp-json\/wp\/v2\/product_tag?post=283"}],"curies":[{"name":"wp","href":"https:\/\/api.w.org\/{rel}","templated":true}]}}