{"id":281,"date":"2024-06-26T09:42:03","date_gmt":"2024-06-26T09:42:03","guid":{"rendered":"https:\/\/rfid-laundry-tag.com\/?post_type=product&#038;p=281"},"modified":"2024-07-16T16:25:37","modified_gmt":"2024-07-16T16:25:37","slug":"uhf-rfid-wet-inlay","status":"publish","type":"product","link":"https:\/\/rfid-laundry-tag.com\/vi\/uhf-rfid-wet-inlay\/","title":{"rendered":"L\u1edbp ph\u1ee7 \u01b0\u1edbt RFID UHF"},"content":{"rendered":"<table class=\"all magic-1\" style=\"font-family: var(--global-body-font-family);\">\n<tbody>\n<tr>\n<td colspan=\"1\" rowspan=\"1\">\n<div class=\"magic-2\" data-spm-anchor-id=\"a2700.details.0.i124.27902306LbjcO6\"><b>T\u00ean s\u1ea3n ph\u1ea9m<\/b><\/div>\n<\/td>\n<td colspan=\"1\" rowspan=\"1\">\n<div class=\"magic-3\">L\u1edbp ph\u1ee7 \u01b0\u1edbt RFID UHF<\/div>\n<\/td>\n<\/tr>\n<tr>\n<td colspan=\"1\" rowspan=\"1\">\n<div class=\"magic-2\"><b data-spm-anchor-id=\"a2700.pc-decorate.0.i1.2adc3333pGXB5C\">V\u1eadt li\u1ec7u<\/b><\/div>\n<\/td>\n<td colspan=\"1\" rowspan=\"1\">\n<div class=\"magic-3\">Gi\u1ea5y tr\u00e1ng, PET, v.v.<\/div>\n<\/td>\n<\/tr>\n<tr>\n<td colspan=\"1\" rowspan=\"1\">\n<div class=\"magic-2\"><b>Chip<\/b><\/div>\n<\/td>\n<td colspan=\"1\" rowspan=\"1\">\n<div class=\"magic-3\">Ng\u01b0\u1eddi ngo\u00e0i h\u00e0nh tinh H9<\/div>\n<\/td>\n<\/tr>\n<tr>\n<td colspan=\"1\" rowspan=\"1\">\n<div class=\"magic-2\"><b data-spm-anchor-id=\"a2700.pc-decorate.0.i7.2adc3333pGXB5C\">M\u00e0u s\u1eafc<\/b><\/div>\n<\/td>\n<td colspan=\"1\" rowspan=\"1\">\n<div class=\"magic-3\">Tr\u1eafng<\/div>\n<\/td>\n<\/tr>\n<tr>\n<td colspan=\"1\" rowspan=\"1\">\n<div class=\"magic-2\"><b>B\u1ed9 nh\u1edb ng\u01b0\u1eddi d\u00f9ng<\/b><\/div>\n<\/td>\n<td colspan=\"1\" rowspan=\"1\">\n<div class=\"magic-3\">688 bit<\/div>\n<\/td>\n<\/tr>\n<tr>\n<td colspan=\"1\" rowspan=\"1\">\n<div class=\"magic-2\"><b>B\u1ed9 nh\u1edb EPC<\/b><\/div>\n<\/td>\n<td colspan=\"1\" rowspan=\"1\">\n<div class=\"magic-3\" data-spm-anchor-id=\"a2700.details.0.i125.27902306LbjcO6\">496 bit<\/div>\n<\/td>\n<\/tr>\n<tr>\n<td colspan=\"1\" rowspan=\"1\">\n<div class=\"magic-2\"><b data-spm-anchor-id=\"a2700.pc-decorate.0.i18.2adc3333pGXB5C\">Giao th\u1ee9c<\/b><\/div>\n<\/td>\n<td colspan=\"1\" rowspan=\"1\">\n<div class=\"magic-3\">EPC to\u00e0n c\u1ea7u Class1 Gen2 ISO\/IEC 18000-6C<\/div>\n<\/td>\n<\/tr>\n<tr>\n<td colspan=\"1\" rowspan=\"1\">\n<div class=\"magic-2\"><b data-spm-anchor-id=\"a2700.pc-decorate.0.i9.74c33333KAtYOv\">T\u00ednh th\u01b0\u1eddng xuy\u00ean<\/b><\/div>\n<\/td>\n<td colspan=\"1\" rowspan=\"1\">\n<div class=\"magic-3\">860-960mhz<\/div>\n<\/td>\n<\/tr>\n<tr>\n<td colspan=\"1\" rowspan=\"1\">\n<div class=\"magic-2\"><b>Ph\u1ea1m vi ng\u01b0\u1eddi \u0111\u1ecdc<\/b><\/div>\n<\/td>\n<td colspan=\"1\" rowspan=\"1\">\n<div class=\"magic-3\">6M (Ph\u1ee5 thu\u1ed9c v\u00e0o m\u00f4i tr\u01b0\u1eddng v\u00e0 kho\u1ea3ng c\u00e1ch \u0111\u1ecdc-ghi)<\/div>\n<\/td>\n<\/tr>\n<tr>\n<td colspan=\"1\" rowspan=\"1\">\n<div class=\"magic-2\"><b data-spm-anchor-id=\"a2700.pc-decorate.0.i17.6f873333hkY330\">Ph\u01b0\u01a1ng ph\u00e1p l\u00e0m vi\u1ec7c<\/b><\/div>\n<\/td>\n<td colspan=\"1\" rowspan=\"1\">\n<div class=\"magic-3\">Th\u1ee5 \u0111\u1ed9ng<\/div>\n<\/td>\n<\/tr>\n<tr>\n<td colspan=\"1\" rowspan=\"1\">\n<div class=\"magic-2\"><b>L\u00e0m vi\u1ec7c t\u00e1i ch\u1ebf<\/b><\/div>\n<\/td>\n<td colspan=\"1\" rowspan=\"1\">\n<div class=\"magic-3\">&gt;100000 l\u1ea7n<\/div>\n<\/td>\n<\/tr>\n<tr>\n<td colspan=\"1\" rowspan=\"1\">\n<div class=\"magic-2\"><b data-spm-anchor-id=\"a2700.pc-decorate.0.i51.200a3333J5VKbe\">\u1ee8ng d\u1ee5ng<\/b><\/div>\n<\/td>\n<td colspan=\"1\" rowspan=\"1\">\n<div class=\"magic-3\">Truy xu\u1ea5t ch\u1ed1ng h\u00e0ng gi\u1ea3, truy\u1ec1n d\u1eef li\u1ec7u<\/div>\n<\/td>\n<\/tr>\n<\/tbody>\n<\/table>\n<div><\/div>\n<div class=\"auto-hide-last-sibling-br paragraph_9dc5f paragraph-element\">C\u00e1c \u1ee9ng d\u1ee5ng bao g\u1ed3m nh\u01b0ng kh\u00f4ng gi\u1edbi h\u1ea1n \u1edf:<\/div>\n<ol class=\"auto-hide-last-sibling-br\">\n<li>\n<div class=\"auto-hide-last-sibling-br paragraph_9dc5f paragraph-element\">Qu\u1ea3n l\u00fd h\u00e0ng t\u1ed3n kho: Nh\u1eefng th\u1ebb n\u00e0y c\u00f3 th\u1ec3 \u0111\u01b0\u1ee3c s\u1eed d\u1ee5ng \u0111\u1ec3 theo d\u00f5i m\u1ee9c t\u1ed3n kho trong kho v\u00e0 c\u1eeda h\u00e0ng b\u00e1n l\u1ebb, gi\u00fap qu\u00e1 tr\u00ecnh qu\u1ea3n l\u00fd h\u00e0ng t\u1ed3n kho hi\u1ec7u qu\u1ea3 v\u00e0 ch\u00ednh x\u00e1c h\u01a1n.<\/div>\n<\/li>\n<li>\n<div class=\"auto-hide-last-sibling-br paragraph_9dc5f paragraph-element\">Qu\u1ea3n l\u00fd chu\u1ed7i cung \u1ee9ng: B\u1eb1ng c\u00e1ch g\u1eafn nh\u00e3n RFID cho c\u00e1c m\u1eb7t h\u00e0ng, c\u00e1c c\u00f4ng ty c\u00f3 th\u1ec3 theo d\u00f5i ho\u1ea1t \u0111\u1ed9ng v\u00e0 t\u00ecnh tr\u1ea1ng c\u1ee7a h\u00e0ng h\u00f3a trong to\u00e0n b\u1ed9 chu\u1ed7i cung \u1ee9ng, t\u1eeb s\u1ea3n xu\u1ea5t \u0111\u1ebfn b\u00e1n h\u00e0ng, gi\u00fap t\u0103ng c\u01b0\u1eddng t\u00ednh minh b\u1ea1ch v\u00e0 hi\u1ec7u qu\u1ea3 ho\u1ea1t \u0111\u1ed9ng.<\/div>\n<\/li>\n<li>\n<div class=\"auto-hide-last-sibling-br paragraph_9dc5f paragraph-element\">Qu\u1ea3n l\u00fd h\u1eadu c\u1ea7n: Th\u1ebb RFID \u0111\u01a1n gi\u1ea3n h\u00f3a qu\u00e1 tr\u00ecnh theo d\u00f5i l\u00f4 h\u00e0ng v\u00e0 qu\u1ea3n l\u00fd h\u00e0ng h\u00f3a trong qu\u00e1 tr\u00ecnh v\u1eadn chuy\u1ec3n. Ch\u00fang cung c\u1ea5p th\u00f4ng tin th\u1eddi gian th\u1ef1c v\u1ec1 v\u1ecb tr\u00ed v\u00e0 tr\u1ea1ng th\u00e1i c\u1ee7a h\u00e0ng h\u00f3a, gi\u1ea3m l\u1ed7i v\u00e0 s\u1ef1 ch\u1eadm tr\u1ec5.<\/div>\n<\/li>\n<li>\n<div class=\"auto-hide-last-sibling-br paragraph_9dc5f paragraph-element\">M\u1ef9 ph\u1ea9m: C\u00e1c th\u01b0\u01a1ng hi\u1ec7u c\u00f3 th\u1ec3 s\u1eed d\u1ee5ng nh\u00e3n RFID \u0111\u1ec3 x\u00e1c minh t\u00ednh x\u00e1c th\u1ef1c, gi\u00fap ng\u0103n ng\u1eeba h\u00e0ng gi\u1ea3 v\u00e0 \u0111\u1ea3m b\u1ea3o ng\u01b0\u1eddi ti\u00eau d\u00f9ng nh\u1eadn \u0111\u01b0\u1ee3c s\u1ea3n ph\u1ea9m ch\u00ednh h\u00e3ng.<\/div>\n<\/li>\n<li>\n<div class=\"auto-hide-last-sibling-br paragraph_9dc5f paragraph-element\">Ch\u0103m s\u00f3c s\u1ee9c kh\u1ecfe: Nh\u00e3n RFID c\u00f3 th\u1ec3 theo d\u00f5i c\u00e1c thi\u1ebft b\u1ecb y t\u1ebf quan tr\u1ecdng, qu\u1ea3n l\u00fd kho d\u01b0\u1ee3c ph\u1ea9m v\u00e0 h\u1ed3 s\u01a1 b\u1ec7nh nh\u00e2n, mang l\u1ea1i nh\u1eefng c\u1ea3i ti\u1ebfn quan tr\u1ecdng trong vi\u1ec7c ch\u0103m s\u00f3c b\u1ec7nh nh\u00e2n v\u00e0 qu\u1ea3n l\u00fd b\u1ec7nh vi\u1ec7n.<\/div>\n<\/li>\n<li>\n<div class=\"auto-hide-last-sibling-br paragraph_9dc5f paragraph-element\">Trang ph\u1ee5c: Trong ng\u00e0nh th\u1eddi trang, nh\u00e3n RFID c\u00f3 th\u1ec3 qu\u1ea3n l\u00fd h\u00e0ng t\u1ed3n kho, ch\u1ed1ng tr\u1ed9m c\u1eafp, qu\u1ea3n l\u00fd tr\u1ea3i nghi\u1ec7m ph\u00f2ng th\u1eed \u0111\u1ed3 v\u00e0 cung c\u1ea5p d\u1eef li\u1ec7u \u0111\u1ec3 ph\u00e2n t\u00edch h\u00e0nh vi kh\u00e1ch h\u00e0ng chi ti\u1ebft.<\/div>\n<\/li>\n<li>\n<div class=\"auto-hide-last-sibling-br paragraph_9dc5f paragraph-element\">Trang s\u1ee9c: C\u00e1c l\u1edbp ph\u1ee7 RFID cung c\u1ea5p m\u1ed9t c\u00e1ch hi\u1ec7u qu\u1ea3 \u0111\u1ec3 theo d\u00f5i c\u00e1c m\u1eb7t h\u00e0ng c\u00f3 gi\u00e1 tr\u1ecb cao nh\u01b0 trang s\u1ee9c. Ch\u00fang c\u0169ng c\u00f3 th\u1ec3 gi\u00fap x\u00e1c th\u1ef1c trang s\u1ee9c v\u00e0 ng\u0103n ng\u1eeba tr\u1ed9m c\u1eafp.<\/div>\n<\/li>\n<li>\n<div class=\"auto-hide-last-sibling-br paragraph_9dc5f paragraph-element\">Theo d\u00f5i t\u00e0i s\u1ea3n: C\u00e1c c\u00f4ng ty s\u1eed d\u1ee5ng th\u1ebb RFID \u0111\u1ec3 theo d\u00f5i t\u00e0i s\u1ea3n c\u1ee7a m\u00ecnh, bao g\u1ed3m thi\u1ebft b\u1ecb, ph\u01b0\u01a1ng ti\u1ec7n v\u00e0 c\u00e1c v\u1eadt ph\u1ea9m c\u00f3 gi\u00e1 tr\u1ecb kh\u00e1c, gi\u00fap gi\u1ea3m thi\u1ec3u th\u1ea5t tho\u00e1t v\u00e0 c\u1ea3i thi\u1ec7n vi\u1ec7c qu\u1ea3n l\u00fd t\u00e0i s\u1ea3n n\u00f3i chung.<\/div>\n<\/li>\n<\/ol>\n<div class=\"auto-hide-last-sibling-br paragraph_9dc5f paragraph-element\">T\u00f3m l\u1ea1i, Inlay RFID UHF v\u00e0 Nh\u00e3n RFID UHF g\u00f3p ph\u1ea7n \u0111\u00e1ng k\u1ec3 v\u00e0o vi\u1ec7c c\u1ea3i thi\u1ec7n hi\u1ec7u qu\u1ea3 ho\u1ea1t \u0111\u1ed9ng, \u0111\u1ed9 ch\u00ednh x\u00e1c v\u00e0 t\u00ednh b\u1ea3o m\u1eadt trong nhi\u1ec1u ng\u00e0nh c\u00f4ng nghi\u1ec7p kh\u00e1c nhau.<\/div>","protected":false},"excerpt":{"rendered":"<p>L\u1edbp ph\u1ee7 RFID UHF v\u00e0 Nh\u00e3n RFID UHF th\u1ef1c s\u1ef1 \u0111\u00f3ng vai tr\u00f2 quan tr\u1ecdng trong nhi\u1ec1u ng\u00e0nh c\u00f4ng nghi\u1ec7p do hi\u1ec7u su\u1ea5t m\u1ea1nh m\u1ebd v\u00e0 \u1ee9ng d\u1ee5ng r\u1ed9ng r\u00e3i c\u1ee7a ch\u00fang<\/p>","protected":false},"featured_media":282,"template":"","meta":{"_kad_post_transparent":"default","_kad_post_title":"","_kad_post_layout":"default","_kad_post_sidebar_id":"","_kad_post_content_style":"default","_kad_post_vertical_padding":"default","_kad_post_feature":"","_kad_post_feature_position":"","_kad_post_header":false,"_kad_post_footer":false,"_kad_post_classname":""},"product_brand":[],"product_cat":[54,189],"product_tag":[108,107],"class_list":{"0":"post-281","1":"product","2":"type-product","3":"status-publish","4":"has-post-thumbnail","6":"product_cat-hot-selling-rfid-tags","7":"product_cat-rfid-inlay","8":"product_tag-rfid-inlay","9":"product_tag-uhf-rfid-wet-inlay","11":"first","12":"instock","13":"shipping-taxable","14":"product-type-simple","15":"entry","16":"content-bg","17":"loop-entry"},"_links":{"self":[{"href":"https:\/\/rfid-laundry-tag.com\/vi\/wp-json\/wp\/v2\/product\/281","targetHints":{"allow":["GET"]}}],"collection":[{"href":"https:\/\/rfid-laundry-tag.com\/vi\/wp-json\/wp\/v2\/product"}],"about":[{"href":"https:\/\/rfid-laundry-tag.com\/vi\/wp-json\/wp\/v2\/types\/product"}],"version-history":[{"count":1,"href":"https:\/\/rfid-laundry-tag.com\/vi\/wp-json\/wp\/v2\/product\/281\/revisions"}],"predecessor-version":[{"id":721,"href":"https:\/\/rfid-laundry-tag.com\/vi\/wp-json\/wp\/v2\/product\/281\/revisions\/721"}],"wp:featuredmedia":[{"embeddable":true,"href":"https:\/\/rfid-laundry-tag.com\/vi\/wp-json\/wp\/v2\/media\/282"}],"wp:attachment":[{"href":"https:\/\/rfid-laundry-tag.com\/vi\/wp-json\/wp\/v2\/media?parent=281"}],"wp:term":[{"taxonomy":"product_brand","embeddable":true,"href":"https:\/\/rfid-laundry-tag.com\/vi\/wp-json\/wp\/v2\/product_brand?post=281"},{"taxonomy":"product_cat","embeddable":true,"href":"https:\/\/rfid-laundry-tag.com\/vi\/wp-json\/wp\/v2\/product_cat?post=281"},{"taxonomy":"product_tag","embeddable":true,"href":"https:\/\/rfid-laundry-tag.com\/vi\/wp-json\/wp\/v2\/product_tag?post=281"}],"curies":[{"name":"wp","href":"https:\/\/api.w.org\/{rel}","templated":true}]}}