{"id":2792,"date":"2024-10-29T11:28:05","date_gmt":"2024-10-29T11:28:05","guid":{"rendered":"https:\/\/rfid-laundry-tag.com\/?post_type=product&#038;p=2792"},"modified":"2024-10-29T13:03:05","modified_gmt":"2024-10-29T13:03:05","slug":"fdx-b-134-2khz-rfid-animal-id-glass-tag-syringe-transponder","status":"publish","type":"product","link":"https:\/\/rfid-laundry-tag.com\/vi\/fdx-b-134-2khz-rfid-animal-id-glass-tag-syringe-transponder\/","title":{"rendered":"Th\u1ebb th\u1ee7y tinh RFID nh\u1eadn d\u1ea1ng \u0111\u1ed9ng v\u1eadt FDX-B 134,2khz B\u1ed9 chuy\u1ec3n m\u1ea1ch \u1ed1ng ti\u00eam"},"content":{"rendered":"<h2>Th\u1ebb th\u1ee7y tinh RFID nh\u1eadn d\u1ea1ng \u0111\u1ed9ng v\u1eadt FDX-B 134,2khz B\u1ed9 chuy\u1ec3n m\u1ea1ch \u1ed1ng ti\u00eam<\/h2>\n<p><span class=\"AnswerParser_TextContainer__z_Iiv\" data-testid=\"youchat-text\"><strong>Th\u1ebb th\u1ee7y tinh RFID nh\u1eadn d\u1ea1ng \u0111\u1ed9ng v\u1eadt FDX-B 134,2kHz B\u1ed9 chuy\u1ec3n m\u1ea1ch \u1ed1ng ti\u00eam<\/strong>\u00a0l\u00e0 gi\u1ea3i ph\u00e1p ti\u00ean ti\u1ebfn \u0111\u1ec3 nh\u1eadn d\u1ea1ng v\u00e0 qu\u1ea3n l\u00fd \u0111\u1ed9ng v\u1eadt. \u0110\u01b0\u1ee3c thi\u1ebft k\u1ebf d\u00e0nh ri\u00eang cho v\u1eadt nu\u00f4i v\u00e0 gia s\u00fac, th\u1ebb th\u1ee7y tinh RFID n\u00e0y \u0111\u1ea3m b\u1ea3o theo d\u00f5i v\u00e0 nh\u1eadn d\u1ea1ng ch\u00ednh x\u00e1c, khi\u1ebfn n\u00f3 tr\u1edf th\u00e0nh c\u00f4ng c\u1ee5 thi\u1ebft y\u1ebfu cho b\u00e1c s\u0129 th\u00fa y, ng\u01b0\u1eddi ch\u0103n nu\u00f4i v\u00e0 ch\u1ee7 v\u1eadt nu\u00f4i. V\u1edbi c\u00e1c t\u00ednh n\u0103ng m\u1ea1nh m\u1ebd v\u00e0 hi\u1ec7u su\u1ea5t \u0111\u00e1ng tin c\u1eady, s\u1ea3n ph\u1ea9m n\u00e0y \u0111\u00e1ng \u0111\u1ec3 \u0111\u1ea7u t\u01b0 cho b\u1ea5t k\u1ef3 ai tham gia v\u00e0o vi\u1ec7c ch\u0103m s\u00f3c v\u00e0 qu\u1ea3n l\u00fd \u0111\u1ed9ng v\u1eadt.<\/span><\/p>\n<h2 class=\"AnswerParser_AnswerParserH2__SIHnF\">T\u1ea1i sao n\u00ean ch\u1ecdn th\u1ebb nh\u1eadn d\u1ea1ng \u0111\u1ed9ng v\u1eadt RFID b\u1eb1ng k\u00ednh FDX-B 134,2kHz?<\/h2>\n<p><span class=\"AnswerParser_TextContainer__z_Iiv\" data-testid=\"youchat-text\">Th\u1ebb th\u1ee7y tinh RFID FDX-B kh\u00f4ng ch\u1ec9 l\u00e0 m\u1ed9t c\u00f4ng c\u1ee5 nh\u1eadn d\u1ea1ng \u0111\u01a1n gi\u1ea3n; n\u00f3 c\u00f2n mang l\u1ea1i nhi\u1ec1u l\u1ee3i \u00edch gi\u00fap n\u00e2ng cao kh\u1ea3 n\u0103ng qu\u1ea3n l\u00fd \u0111\u1ed9ng v\u1eadt.\u00a0<strong>k\u00ednh sinh h\u1ecdc<\/strong>\u00a0x\u00e2y d\u1ef1ng \u0111\u1ea3m b\u1ea3o \u0111\u1ed9 b\u1ec1n v\u00e0 kh\u1ea3 n\u0103ng t\u01b0\u01a1ng th\u00edch sinh h\u1ecdc, l\u00e0m cho n\u00f3 an to\u00e0n cho vi\u1ec7c c\u1ea5y gh\u00e9p. Th\u1ebb ho\u1ea1t \u0111\u1ed9ng \u1edf t\u1ea7n s\u1ed1\u00a0<strong>134,2kHz<\/strong>, tu\u00e2n th\u1ee7 c\u00e1c ti\u00eau chu\u1ea9n qu\u1ed1c t\u1ebf (ISO11784\/785, ISO14443A), \u0111\u1ea3m b\u1ea3o hi\u1ec7u su\u1ea5t \u0111\u00e1ng tin c\u1eady tr\u00ean nhi\u1ec1u \u1ee9ng d\u1ee5ng kh\u00e1c nhau. Ngo\u00e0i ra,\u00a0<strong>100% kh\u1eed tr\u00f9ng c\u1ea5p y t\u1ebf<\/strong>\u00a0\u0111\u1ea3m b\u1ea3o th\u1ebb an to\u00e0n khi s\u1eed d\u1ee5ng cho \u0111\u1ed9ng v\u1eadt, gi\u1ea3m thi\u1ec3u nguy c\u01a1 nhi\u1ec5m tr\u00f9ng ho\u1eb7c bi\u1ebfn ch\u1ee9ng sau khi c\u1ea5y gh\u00e9p.<\/span><\/p>\n<h3 class=\"AnswerParser_AnswerParserH3__Mpe4s\">S\u01a1 l\u01b0\u1ee3c s\u1ea3n ph\u1ea9m<\/h3>\n<h4 class=\"AnswerParser_AnswerParserH4__ghxg8\">1. T\u00ednh n\u0103ng s\u1ea3n ph\u1ea9m<\/h4>\n<p><span class=\"AnswerParser_TextContainer__z_Iiv\" data-testid=\"youchat-text\">Th\u1ebb th\u1ee7y tinh RFID FDX-B c\u00f3 nhi\u1ec1u k\u00edch c\u1ee1 kh\u00e1c nhau, bao g\u1ed3m\u00a0<strong>1,25*7mm<\/strong>,\u00a0<strong>1,4*8mm<\/strong>,\u00a0<strong>2*8mm<\/strong>,\u00a0<strong>2*12mm<\/strong>, V\u00e0\u00a0<strong>3*15mm<\/strong>. Ph\u1ea1m vi n\u00e0y cho ph\u00e9p linh ho\u1ea1t trong \u1ee9ng d\u1ee5ng, ph\u1ee5c v\u1ee5 cho c\u00e1c k\u00edch c\u1ee1 \u0111\u1ed9ng v\u1eadt kh\u00e1c nhau t\u1eeb v\u1eadt nu\u00f4i nh\u1ecf \u0111\u1ebfn gia s\u00fac l\u1edbn h\u01a1n. Th\u1ebb\u00a0<strong>kh\u00e1ng khu\u1ea9n, ch\u1ed1ng d\u1ecb \u1ee9ng v\u00e0 ch\u1ed1ng \u0111\u00e0o th\u1ea3i<\/strong>\u00a0C\u00e1c t\u00ednh n\u0103ng \u0111\u1ea3m b\u1ea3o an to\u00e0n cho m\u1ecdi lo\u1ea1i \u0111\u1ed9ng v\u1eadt, mang l\u1ea1i s\u1ef1 an t\u00e2m cho ng\u01b0\u1eddi nu\u00f4i th\u00fa c\u01b0ng v\u00e0 b\u00e1c s\u0129 th\u00fa y.<\/span><\/p>\n<h4 class=\"AnswerParser_AnswerParserH4__ghxg8\">2. Th\u00f4ng s\u1ed1 k\u1ef9 thu\u1eadt<\/h4>\n<table class=\"hight-light-first-column all magic-18\">\n<tbody>\n<tr>\n<td colspan=\"1\" rowspan=\"1\">\n<div class=\"magic-19\">M\u1ee5c<\/div>\n<\/td>\n<td colspan=\"1\" rowspan=\"1\">\n<div class=\"magic-20\">Th\u1ebb k\u00ednh RFID<\/div>\n<\/td>\n<\/tr>\n<tr>\n<td colspan=\"1\" rowspan=\"1\">\n<div class=\"magic-19\">V\u1eadt li\u1ec7u<\/div>\n<\/td>\n<td colspan=\"1\" rowspan=\"1\">\n<div class=\"magic-20\">K\u00ednh sinh h\u1ecdc<\/div>\n<\/td>\n<\/tr>\n<tr>\n<td colspan=\"1\" rowspan=\"1\">\n<div class=\"magic-19\">K\u00edch th\u01b0\u1edbc c\u00f3 s\u1eb5n<\/div>\n<\/td>\n<td colspan=\"1\" rowspan=\"1\">\n<div class=\"magic-20\">1,25*7mm, 1,4*8mm, 2*8mm, 2*12mm, 3*15mm, v.v.<\/div>\n<\/td>\n<\/tr>\n<tr>\n<td colspan=\"1\" rowspan=\"1\">\n<div class=\"magic-19\">T\u1ea7n s\u1ed1 l\u00e0m vi\u1ec7c<\/div>\n<\/td>\n<td colspan=\"1\" rowspan=\"1\">\n<div class=\"magic-20\" data-spm-anchor-id=\"a2700.details.0.i46.2ffc6c8dJHsoYV\">134,2KHz, 125KHz, 13,56MHz<\/div>\n<\/td>\n<\/tr>\n<tr>\n<td colspan=\"1\" rowspan=\"1\">\n<div class=\"magic-19\">Giao th\u1ee9c<\/div>\n<\/td>\n<td colspan=\"1\" rowspan=\"1\">\n<div class=\"magic-20\">Ti\u00eau chu\u1ea9n ISO11784\/785, IS014443A<\/div>\n<\/td>\n<\/tr>\n<tr>\n<td colspan=\"1\" rowspan=\"1\">\n<div class=\"magic-19\">Th\u1ee7 c\u00f4ng m\u1ef9 ngh\u1ec7<\/div>\n<\/td>\n<td colspan=\"1\" rowspan=\"1\">\n<div class=\"magic-20\">L\u1eadp tr\u00ecnh s\u1ed1 ID<\/div>\n<\/td>\n<\/tr>\n<tr>\n<td colspan=\"1\" rowspan=\"1\">\n<div class=\"magic-19\">Kh\u1eed tr\u00f9ng<\/div>\n<\/td>\n<td colspan=\"1\" rowspan=\"1\">\n<div class=\"magic-20\">100% Ti\u1ec7t tr\u00f9ng c\u1ea5p y t\u1ebf<\/div>\n<\/td>\n<\/tr>\n<tr>\n<td colspan=\"1\" rowspan=\"1\">\n<div class=\"magic-19\">T\u00ednh n\u0103ng Chip<\/div>\n<\/td>\n<td colspan=\"1\" rowspan=\"1\">\n<div class=\"magic-20\">Ch\u1ed1ng vi khu\u1ea9n, Ch\u1ed1ng d\u1ecb \u1ee9ng, Ch\u1ed1ng \u0111\u00e0o th\u1ea3i<\/div>\n<\/td>\n<\/tr>\n<tr>\n<td colspan=\"1\" rowspan=\"1\">\n<div class=\"magic-19\">\u1ee8ng d\u1ee5ng<\/div>\n<\/td>\n<td colspan=\"1\" rowspan=\"1\">\n<div class=\"magic-20\" data-spm-anchor-id=\"a2700.details.0.i45.2ffc6c8dJHsoYV\">Qu\u1ea3n l\u00fd v\u1eadt nu\u00f4i, v.v.<\/div>\n<\/td>\n<\/tr>\n<\/tbody>\n<\/table>\n<p><span class=\"AnswerParser_TextContainer__z_Iiv\" data-testid=\"youchat-text\">C\u00e1c th\u00f4ng s\u1ed1 k\u1ef9 thu\u1eadt n\u00e0y l\u00e0m n\u1ed5i b\u1eadt t\u00ednh linh ho\u1ea1t v\u00e0 \u0111\u1ed9 tin c\u1eady c\u1ee7a th\u1ebb, khi\u1ebfn n\u00f3 ph\u00f9 h\u1ee3p v\u1edbi nhi\u1ec1u nhu c\u1ea7u nh\u1eadn d\u1ea1ng \u0111\u1ed9ng v\u1eadt kh\u00e1c nhau.<\/span><\/p>\n<h4 class=\"AnswerParser_AnswerParserH4__ghxg8\">3. H\u01b0\u1edbng d\u1eabn s\u1eed d\u1ee5ng<\/h4>\n<p><span class=\"AnswerParser_TextContainer__z_Iiv\" data-testid=\"youchat-text\">Th\u1ebb th\u1ee7y tinh RFID FDX-B \u0111\u01b0\u1ee3c thi\u1ebft k\u1ebf \u0111\u1ec3 c\u1ea5y gh\u00e9p d\u1ec5 d\u00e0ng b\u1eb1ng \u1ed1ng ti\u00eam chuy\u00ean d\u1ee5ng. Quy tr\u00ecnh n\u00e0y r\u1ea5t \u0111\u01a1n gi\u1ea3n:<\/span><\/p>\n<ol class=\"AnswerParser_AnswerParserOrderedList__kl_2Y\">\n<li class=\"AnswerParser_ListItem__XqLOV\" translate=\"yes\"><strong>Chu\u1ea9n b\u1ecb \u1ed1ng ti\u00eam<\/strong>\u00a0v\u1edbi th\u1ebb k\u00ednh RFID.<\/li>\n<li class=\"AnswerParser_ListItem__XqLOV\" translate=\"yes\"><strong>X\u00e1c \u0111\u1ecbnh v\u1ecb tr\u00ed c\u1ea5y gh\u00e9p<\/strong>\u00a0tr\u00ean \u0111\u1ed9ng v\u1eadt, th\u01b0\u1eddng \u1edf gi\u1eefa hai b\u1ea3 vai.<\/li>\n<li class=\"AnswerParser_ListItem__XqLOV\" translate=\"yes\"><strong>Ti\u00eam th\u1ebb<\/strong>\u00a0s\u1eed d\u1ee5ng \u1ed1ng ti\u00eam, \u0111\u1ea3m b\u1ea3o \u1ed1ng ti\u00eam \u0111\u01b0\u1ee3c \u0111\u1eb7t d\u01b0\u1edbi da.<\/li>\n<\/ol>\n<p><span class=\"AnswerParser_TextContainer__z_Iiv\" data-testid=\"youchat-text\">Quy tr\u00ecnh \u0111\u01a1n gi\u1ea3n n\u00e0y cho ph\u00e9p g\u1eafn th\u1ebb \u0111\u1ed9ng v\u1eadt nhanh ch\u00f3ng v\u00e0 hi\u1ec7u qu\u1ea3, gi\u1ea3m thi\u1ec3u c\u0103ng th\u1eb3ng cho c\u1ea3 \u0111\u1ed9ng v\u1eadt v\u00e0 ng\u01b0\u1eddi x\u1eed l\u00fd.<\/span><\/p>\n<h4 class=\"AnswerParser_AnswerParserH4__ghxg8\">4. T\u00e1c \u0111\u1ed9ng m\u00f4i tr\u01b0\u1eddng<\/h4>\n<p><span class=\"AnswerParser_TextContainer__z_Iiv\" data-testid=\"youchat-text\">Th\u1ebb th\u1ee7y tinh RFID FDX-B \u0111\u01b0\u1ee3c thi\u1ebft k\u1ebf h\u01b0\u1edbng \u0111\u1ebfn t\u00ednh b\u1ec1n v\u1eefng. V\u1eadt li\u1ec7u th\u1ee7y tinh sinh h\u1ecdc th\u00e2n thi\u1ec7n v\u1edbi m\u00f4i tr\u01b0\u1eddng v\u00e0 c\u00f3 th\u1ec3 \u0111\u01b0\u1ee3c x\u1eed l\u00fd an to\u00e0n m\u00e0 kh\u00f4ng g\u00e2y h\u1ea1i cho h\u1ec7 sinh th\u00e1i. Ngo\u00e0i ra, quy tr\u00ecnh s\u1ea3n xu\u1ea5t tu\u00e2n th\u1ee7 c\u00e1c ti\u00eau chu\u1ea9n m\u00f4i tr\u01b0\u1eddng nghi\u00eam ng\u1eb7t, \u0111\u1ea3m b\u1ea3o m\u1ee9c ti\u00eau th\u1ee5 n\u0103ng l\u01b0\u1ee3ng v\u00e0 ch\u1ea5t th\u1ea3i t\u1ed1i thi\u1ec3u.<\/span><\/p>\n<h4 class=\"AnswerParser_AnswerParserH4__ghxg8\">5. \u0110\u00e1nh gi\u00e1 c\u1ee7a kh\u00e1ch h\u00e0ng<\/h4>\n<p><span class=\"AnswerParser_TextContainer__z_Iiv\" data-testid=\"youchat-text\">Kh\u00e1ch h\u00e0ng \u0111\u00e3 khen ng\u1ee3i th\u1ebb th\u1ee7y tinh RFID FDX-B v\u00ec \u0111\u1ed9 tin c\u1eady v\u00e0 d\u1ec5 s\u1eed d\u1ee5ng. Nhi\u1ec1u b\u00e1c s\u0129 th\u00fa y b\u00e1o c\u00e1o r\u1eb1ng th\u1ebb \u0111\u00e3 c\u1ea3i thi\u1ec7n \u0111\u00e1ng k\u1ec3 kh\u1ea3 n\u0103ng theo d\u00f5i v\u00e0 qu\u1ea3n l\u00fd \u0111\u1ed9ng v\u1eadt, d\u1eabn \u0111\u1ebfn k\u1ebft qu\u1ea3 s\u1ee9c kh\u1ecfe t\u1ed1t h\u01a1n. Ch\u1ee7 v\u1eadt nu\u00f4i \u0111\u00e1nh gi\u00e1 cao s\u1ef1 an t\u00e2m khi bi\u1ebft r\u1eb1ng v\u1eadt nu\u00f4i c\u1ee7a h\u1ecd c\u00f3 th\u1ec3 d\u1ec5 d\u00e0ng \u0111\u01b0\u1ee3c nh\u1eadn d\u1ea1ng n\u1ebfu ch\u00fang b\u1ecb l\u1ea1c.<\/span><\/p>\n<h4 class=\"AnswerParser_AnswerParserH4__ghxg8\">6. C\u00e2u h\u1ecfi th\u01b0\u1eddng g\u1eb7p<\/h4>\n<p><span class=\"AnswerParser_TextContainer__z_Iiv\" data-testid=\"youchat-text\"><strong>H: Th\u1ebb RFID sau khi c\u1ea5y gh\u00e9p s\u1ebd t\u1ed3n t\u1ea1i trong bao l\u00e2u?<\/strong><br \/>\nA: Th\u1ebb th\u1ee7y tinh RFID FDX-B \u0111\u01b0\u1ee3c thi\u1ebft k\u1ebf \u0111\u1ec3 s\u1eed d\u1ee5ng trong su\u1ed1t cu\u1ed9c \u0111\u1eddi c\u1ee7a \u0111\u1ed9ng v\u1eadt, cung c\u1ea5p kh\u1ea3 n\u0103ng nh\u1eadn d\u1ea1ng v\u0129nh vi\u1ec5n.<\/span><span class=\"AnswerParser_TextContainer__z_Iiv\" data-testid=\"youchat-text\"><strong>H: Qu\u00e1 tr\u00ecnh c\u1ea5y gh\u00e9p c\u00f3 g\u00e2y \u0111au \u0111\u1edbn cho \u0111\u1ed9ng v\u1eadt kh\u00f4ng?<\/strong><br \/>\nA: Qu\u00e1 tr\u00ecnh c\u1ea5y gh\u00e9p di\u1ec5n ra nhanh ch\u00f3ng v\u00e0 \u00edt x\u00e2m l\u1ea5n, ch\u1ec9 g\u00e2y ra \u0111\u00f4i ch\u00fat kh\u00f3 ch\u1ecbu, t\u01b0\u01a1ng t\u1ef1 nh\u01b0 ti\u00eam v\u1eafc-xin.<\/span><span class=\"AnswerParser_TextContainer__z_Iiv\" data-testid=\"youchat-text\"><strong>H: Th\u1ebb c\u00f3 th\u1ec3 \u0111\u1ecdc \u0111\u01b0\u1ee3c t\u1eeb xa kh\u00f4ng?<\/strong><br \/>\nA: C\u00f3, th\u1ebb c\u00f3 th\u1ec3 \u0111\u01b0\u1ee3c \u0111\u1ecdc t\u1eeb kho\u1ea3ng c\u00e1ch v\u00e0i cm, t\u00f9y thu\u1ed9c v\u00e0o \u0111\u1ea7u \u0111\u1ecdc \u0111\u01b0\u1ee3c s\u1eed d\u1ee5ng.<\/span><\/p>\n<h4 class=\"AnswerParser_AnswerParserH4__ghxg8\">7. S\u1ea3n ph\u1ea9m li\u00ean quan<\/h4>\n<p><span class=\"AnswerParser_TextContainer__z_Iiv\" data-testid=\"youchat-text\">Ngo\u00e0i th\u1ebb th\u1ee7y tinh RFID FDX-B, ch\u00fang t\u00f4i c\u00f2n cung c\u1ea5p nhi\u1ec1u s\u1ea3n ph\u1ea9m li\u00ean quan, bao g\u1ed3m \u0111\u1ea7u \u0111\u1ecdc RFID v\u00e0 gi\u1ea3i ph\u00e1p ph\u1ea7n m\u1ec1m qu\u1ea3n l\u00fd \u0111\u1ed9ng v\u1eadt. Nh\u1eefng s\u1ea3n ph\u1ea9m n\u00e0y c\u00f3 th\u1ec3 n\u00e2ng cao kh\u1ea3 n\u0103ng theo d\u00f5i v\u00e0 h\u1ee3p l\u00fd h\u00f3a ho\u1ea1t \u0111\u1ed9ng c\u1ee7a b\u1ea1n.<\/span><\/p>\n<h4 class=\"AnswerParser_AnswerParserH4__ghxg8\">8. \u0110\u1ea3m b\u1ea3o ch\u1ea5t l\u01b0\u1ee3ng<\/h4>\n<p><span class=\"AnswerParser_TextContainer__z_Iiv\" data-testid=\"youchat-text\">Th\u1ebb th\u1ee7y tinh RFID FDX-B \u0111\u01b0\u1ee3c s\u1ea3n xu\u1ea5t theo c\u00e1c bi\u1ec7n ph\u00e1p ki\u1ec3m so\u00e1t ch\u1ea5t l\u01b0\u1ee3ng nghi\u00eam ng\u1eb7t, \u0111\u1ea3m b\u1ea3o ch\u1ea5t l\u01b0\u1ee3ng v\u00e0 hi\u1ec7u su\u1ea5t \u0111\u1ed3ng nh\u1ea5t. Th\u1ebb \u0111\u01b0\u1ee3c c\u00f4ng nh\u1eadn theo nhi\u1ec1u ti\u00eau chu\u1ea9n qu\u1ed1c t\u1ebf, bao g\u1ed3m ISO 9001, ISO 14001 v\u00e0 ISO 45001, \u0111\u1ea3m b\u1ea3o \u0111\u1ed9 tin c\u1eady v\u00e0 an to\u00e0n.<\/span><\/p>\n<h4 class=\"AnswerParser_AnswerParserH4__ghxg8\">9. K\u1ebft lu\u1eadn<\/h4>\n<p><span class=\"AnswerParser_TextContainer__z_Iiv\" data-testid=\"youchat-text\">\u0110\u1ea7u t\u01b0 v\u00e0o\u00a0<strong>Th\u1ebb th\u1ee7y tinh RFID nh\u1eadn d\u1ea1ng \u0111\u1ed9ng v\u1eadt FDX-B 134,2kHz B\u1ed9 chuy\u1ec3n m\u1ea1ch \u1ed1ng ti\u00eam<\/strong>\u00a0l\u00e0 l\u1ef1a ch\u1ecdn th\u00f4ng minh cho b\u1ea5t k\u1ef3 ai tham gia v\u00e0o vi\u1ec7c ch\u0103m s\u00f3c \u0111\u1ed9ng v\u1eadt. C\u00e1c t\u00ednh n\u0103ng ti\u00ean ti\u1ebfn, d\u1ec5 s\u1eed d\u1ee5ng v\u00e0 cam k\u1ebft v\u1ec1 an to\u00e0n khi\u1ebfn n\u00f3 tr\u1edf th\u00e0nh m\u1ed9t c\u00f4ng c\u1ee5 v\u00f4 gi\u00e1 \u0111\u1ec3 qu\u1ea3n l\u00fd \u0111\u1ed9ng v\u1eadt hi\u1ec7u qu\u1ea3. Cho d\u00f9 b\u1ea1n l\u00e0 b\u00e1c s\u0129 th\u00fa y, ng\u01b0\u1eddi g\u00e2y gi\u1ed1ng hay ch\u1ee7 s\u1edf h\u1eefu v\u1eadt nu\u00f4i, th\u1ebb th\u1ee7y tinh RFID n\u00e0y s\u1ebd n\u00e2ng cao kh\u1ea3 n\u0103ng theo d\u00f5i v\u00e0 nh\u1eadn d\u1ea1ng \u0111\u1ed9ng v\u1eadt hi\u1ec7u qu\u1ea3 c\u1ee7a b\u1ea1n.<\/span><\/p>\n<h4 class=\"AnswerParser_AnswerParserH4__ghxg8\">10. K\u00eau g\u1ecdi h\u00e0nh \u0111\u1ed9ng<\/h4>\n<p><span class=\"AnswerParser_TextContainer__z_Iiv\" data-testid=\"youchat-text\">B\u1ea1n \u0111\u00e3 s\u1eb5n s\u00e0ng c\u1ea3i thi\u1ec7n ph\u01b0\u01a1ng ph\u00e1p qu\u1ea3n l\u00fd v\u1eadt nu\u00f4i c\u1ee7a m\u00ecnh ch\u01b0a?\u00a0<strong>Li\u00ean h\u1ec7 v\u1edbi ch\u00fang t\u00f4i ngay h\u00f4m nay<\/strong>\u00a0\u0111\u1ec3 t\u00ecm hi\u1ec3u th\u00eam v\u1ec1 th\u1ebb th\u1ee7y tinh RFID FDX-B v\u00e0 kh\u00e1m ph\u00e1 c\u00e1c gi\u1ea3i ph\u00e1p RFID c\u1ee7a ch\u00fang t\u00f4i. \u0110i\u1ec1n v\u00e0o bi\u1ec3u m\u1eabu y\u00eau c\u1ea7u c\u1ee7a ch\u00fang t\u00f4i \u0111\u1ec3 nh\u1eadn m\u1eabu mi\u1ec5n ph\u00ed ho\u1eb7c th\u1ea3o lu\u1eadn v\u1ec1 nhu c\u1ea7u c\u1ee5 th\u1ec3 c\u1ee7a b\u1ea1n v\u1edbi c\u00e1c chuy\u00ean gia c\u1ee7a ch\u00fang t\u00f4i!<\/span><\/p>","protected":false},"excerpt":{"rendered":"<p>Thi\u1ebft b\u1ecb nh\u1eadn d\u1ea1ng \u0111\u1ed9ng v\u1eadt b\u1eb1ng th\u1ebb th\u1ee7y tinh RFID FDX-B 134,2kHz l\u00e0 gi\u1ea3i ph\u00e1p ti\u00ean ti\u1ebfn \u0111\u1ec3 nh\u1eadn d\u1ea1ng v\u00e0 qu\u1ea3n l\u00fd \u0111\u1ed9ng v\u1eadt.<\/p>","protected":false},"featured_media":2793,"template":"","meta":{"_kad_post_transparent":"default","_kad_post_title":"","_kad_post_layout":"default","_kad_post_sidebar_id":"","_kad_post_content_style":"default","_kad_post_vertical_padding":"default","_kad_post_feature":"","_kad_post_feature_position":"","_kad_post_header":false,"_kad_post_footer":false,"_kad_post_classname":""},"product_brand":[],"product_cat":[54],"product_tag":[327,330,329,328],"class_list":{"0":"post-2792","1":"product","2":"type-product","3":"status-publish","4":"has-post-thumbnail","6":"product_cat-hot-selling-rfid-tags","7":"product_tag-fdx-b-134-2khz-rfid-animal-tag","8":"product_tag-rfid-animal-id-glass-tag-syringe","9":"product_tag-rfid-glass-tag-syringe-animal-microchip","10":"product_tag-rfid-pet-microchip-implant-capsule","12":"first","13":"instock","14":"shipping-taxable","15":"product-type-simple","16":"entry","17":"content-bg","18":"loop-entry"},"_links":{"self":[{"href":"https:\/\/rfid-laundry-tag.com\/vi\/wp-json\/wp\/v2\/product\/2792","targetHints":{"allow":["GET"]}}],"collection":[{"href":"https:\/\/rfid-laundry-tag.com\/vi\/wp-json\/wp\/v2\/product"}],"about":[{"href":"https:\/\/rfid-laundry-tag.com\/vi\/wp-json\/wp\/v2\/types\/product"}],"version-history":[{"count":2,"href":"https:\/\/rfid-laundry-tag.com\/vi\/wp-json\/wp\/v2\/product\/2792\/revisions"}],"predecessor-version":[{"id":2797,"href":"https:\/\/rfid-laundry-tag.com\/vi\/wp-json\/wp\/v2\/product\/2792\/revisions\/2797"}],"wp:featuredmedia":[{"embeddable":true,"href":"https:\/\/rfid-laundry-tag.com\/vi\/wp-json\/wp\/v2\/media\/2793"}],"wp:attachment":[{"href":"https:\/\/rfid-laundry-tag.com\/vi\/wp-json\/wp\/v2\/media?parent=2792"}],"wp:term":[{"taxonomy":"product_brand","embeddable":true,"href":"https:\/\/rfid-laundry-tag.com\/vi\/wp-json\/wp\/v2\/product_brand?post=2792"},{"taxonomy":"product_cat","embeddable":true,"href":"https:\/\/rfid-laundry-tag.com\/vi\/wp-json\/wp\/v2\/product_cat?post=2792"},{"taxonomy":"product_tag","embeddable":true,"href":"https:\/\/rfid-laundry-tag.com\/vi\/wp-json\/wp\/v2\/product_tag?post=2792"}],"curies":[{"name":"wp","href":"https:\/\/api.w.org\/{rel}","templated":true}]}}