{"id":2790,"date":"2024-10-29T10:34:39","date_gmt":"2024-10-29T10:34:39","guid":{"rendered":"https:\/\/rfid-laundry-tag.com\/?post_type=product&#038;p=2790"},"modified":"2024-10-29T10:49:45","modified_gmt":"2024-10-29T10:49:45","slug":"rfid-pet-microchip-implant-capsule","status":"publish","type":"product","link":"https:\/\/rfid-laundry-tag.com\/vi\/rfid-pet-microchip-implant-capsule\/","title":{"rendered":"Vi\u00ean nang c\u1ea5y gh\u00e9p vi m\u1ea1ch RFID cho th\u00fa c\u01b0ng"},"content":{"rendered":"<p><span class=\"AnswerParser_TextContainer__z_Iiv\" data-testid=\"youchat-text\"><strong>Vi\u00ean nang c\u1ea5y gh\u00e9p vi m\u1ea1ch RFID cho th\u00fa c\u01b0ng<\/strong>\u00a0cung c\u1ea5p gi\u1ea3i ph\u00e1p \u0111\u00e1ng tin c\u1eady v\u00e0 hi\u1ec7u qu\u1ea3 cho nh\u1eefng ng\u01b0\u1eddi nu\u00f4i th\u00fa c\u01b0ng mu\u1ed1n theo d\u00f5i v\u1eadt nu\u00f4i c\u1ee7a m\u00ecnh. S\u1ea3n ph\u1ea9m s\u00e1ng t\u1ea1o n\u00e0y \u0111\u01b0\u1ee3c thi\u1ebft k\u1ebf \u0111\u1ec3 cung c\u1ea5p ph\u01b0\u01a1ng ph\u00e1p nh\u1eadn d\u1ea1ng v\u0129nh vi\u1ec5n v\u1eeba an to\u00e0n v\u1eeba hi\u1ec7u qu\u1ea3. V\u1edbi c\u00f4ng ngh\u1ec7 ti\u00ean ti\u1ebfn v\u00e0 v\u1eadt li\u1ec7u \u0111\u1ea1t chu\u1ea9n y t\u1ebf, vi m\u1ea1ch n\u00e0y l\u00e0 v\u1eadt d\u1ee5ng kh\u00f4ng th\u1ec3 thi\u1ebfu \u0111\u1ed1i v\u1edbi nh\u1eefng ng\u01b0\u1eddi nu\u00f4i th\u00fa c\u01b0ng c\u00f3 tr\u00e1ch nhi\u1ec7m.<\/span><\/p>\n<h2 class=\"AnswerParser_AnswerParserH2__SIHnF\">T\u1ea1i sao n\u00ean ch\u1ecdn vi\u00ean nang c\u1ea5y gh\u00e9p vi m\u1ea1ch RFID cho th\u00fa c\u01b0ng?<\/h2>\n<p><span class=\"AnswerParser_TextContainer__z_Iiv\" data-testid=\"youchat-text\">Vi\u00ean nang c\u1ea5y gh\u00e9p vi m\u1ea1ch RFID Pet kh\u00f4ng ch\u1ec9 l\u00e0 m\u1ed9t s\u1ea3n ph\u1ea9m; \u0111\u00f3 l\u00e0 cam k\u1ebft v\u1ec1 s\u1ef1 an to\u00e0n c\u1ee7a th\u00fa c\u01b0ng c\u1ee7a b\u1ea1n. B\u1eb1ng c\u00e1ch c\u1ea5y vi m\u1ea1ch n\u00e0y, b\u1ea1n \u0111\u1ea3m b\u1ea3o r\u1eb1ng th\u00fa c\u01b0ng c\u1ee7a b\u1ea1n c\u00f3 th\u1ec3 d\u1ec5 d\u00e0ng \u0111\u01b0\u1ee3c nh\u1eadn d\u1ea1ng n\u1ebfu ch\u00fang b\u1ecb l\u1ea1c. Vi m\u1ea1ch n\u00e0y nh\u1ecf, b\u1ec1n v\u00e0 \u0111\u01b0\u1ee3c l\u00e0m t\u1eeb\u00a0<strong>k\u00ednh sinh h\u1ecdc<\/strong>, l\u00e0m cho n\u00f3 an to\u00e0n cho vi\u1ec7c c\u1ea5y gh\u00e9p. V\u1edbi nhi\u1ec1u k\u00edch c\u1ee1 kh\u00e1c nhau c\u00f3 s\u1eb5n, bao g\u1ed3m\u00a0<strong>1,25*7mm<\/strong>,\u00a0<strong>2*12mm<\/strong>v\u00e0 h\u01a1n th\u1ebf n\u1eefa, c\u00f3 th\u1ec3 s\u1eed d\u1ee5ng cho v\u1eadt nu\u00f4i \u1edf m\u1ecdi k\u00edch c\u1ee1, t\u1eeb c\u00e1 nh\u1ecf \u0111\u1ebfn ch\u00f3 l\u1edbn.<\/span><\/p>\n<h3 class=\"AnswerParser_AnswerParserH3__Mpe4s\">L\u1ee3i \u00edch ch\u00ednh:<\/h3>\n<ul class=\"AnswerParser_AnswerParserUnorderedList__P_1FW\">\n<li class=\"AnswerParser_ListItem__XqLOV\" translate=\"yes\"><strong>Nh\u1eadn d\u1ea1ng v\u0129nh vi\u1ec5n<\/strong>:Kh\u00f4ng gi\u1ed1ng nh\u01b0 v\u00f2ng c\u1ed5 ho\u1eb7c th\u1ebb, vi m\u1ea1ch kh\u00f4ng th\u1ec3 b\u1ecb m\u1ea5t ho\u1eb7c th\u00e1o r\u1eddi.<\/li>\n<li class=\"AnswerParser_ListItem__XqLOV\" translate=\"yes\"><strong>Ti\u1ec7t tr\u00f9ng c\u1ea5p \u0111\u1ed9 y t\u1ebf<\/strong>: M\u1ed7i vi\u00ean nang tr\u1ea3i qua\u00a0<strong>100% kh\u1eed tr\u00f9ng c\u1ea5p y t\u1ebf<\/strong>, \u0111\u1ea3m b\u1ea3o an to\u00e0n trong qu\u00e1 tr\u00ecnh c\u1ea5y gh\u00e9p.<\/li>\n<li class=\"AnswerParser_ListItem__XqLOV\" translate=\"yes\"><strong>T\u00ednh n\u0103ng kh\u00e1ng khu\u1ea9n v\u00e0 ch\u1ed1ng d\u1ecb \u1ee9ng<\/strong>:Con chip \u0111\u01b0\u1ee3c thi\u1ebft k\u1ebf \u0111\u1ec3 gi\u1ea3m thi\u1ec3u nguy c\u01a1 nhi\u1ec5m tr\u00f9ng v\u00e0 ph\u1ea3n \u1ee9ng d\u1ecb \u1ee9ng.<\/li>\n<\/ul>\n<h2 class=\"AnswerParser_AnswerParserH2__SIHnF\">T\u00ednh n\u0103ng s\u1ea3n ph\u1ea9m<\/h2>\n<h3 class=\"AnswerParser_AnswerParserH3__Mpe4s\">1. C\u00f4ng ngh\u1ec7 ti\u00ean ti\u1ebfn<\/h3>\n<p><span class=\"AnswerParser_TextContainer__z_Iiv\" data-testid=\"youchat-text\">Vi\u00ean nang c\u1ea5y gh\u00e9p vi m\u1ea1ch RFID Pet ho\u1ea1t \u0111\u1ed9ng \u1edf t\u1ea7n s\u1ed1\u00a0<strong>134,2KHz<\/strong>, tu\u00e2n th\u1ee7 theo\u00a0<strong>Ti\u00eau chu\u1ea9n ISO11784\/785<\/strong>\u00a0V\u00e0\u00a0<strong>Ti\u00eau chu\u1ea9n ISO14443A<\/strong>\u00a0giao th\u1ee9c. \u0110i\u1ec1u n\u00e0y \u0111\u1ea3m b\u1ea3o kh\u1ea3 n\u0103ng t\u01b0\u01a1ng th\u00edch v\u1edbi nhi\u1ec1u \u0111\u1ea7u \u0111\u1ecdc RFID kh\u00e1c nhau, gi\u00fap b\u1ea1n d\u1ec5 d\u00e0ng qu\u00e9t v\u00e0 l\u1ea5y th\u00f4ng tin v\u1ec1 th\u00fa c\u01b0ng.<\/span><\/p>\n<h3 class=\"AnswerParser_AnswerParserH3__Mpe4s\">2. Ch\u1ea5t li\u1ec7u b\u1ec1n v\u00e0 an to\u00e0n<\/h3>\n<p><span class=\"AnswerParser_TextContainer__z_Iiv\" data-testid=\"youchat-text\">\u0110\u01b0\u1ee3c x\u00e2y d\u1ef1ng t\u1eeb\u00a0<strong>k\u00ednh sinh h\u1ecdc<\/strong>, vi m\u1ea1ch \u0111\u01b0\u1ee3c thi\u1ebft k\u1ebf \u0111\u1ec3 ch\u1ecbu \u0111\u01b0\u1ee3c s\u1ef1 kh\u1eafc nghi\u1ec7t c\u1ee7a l\u1ed1i s\u1ed1ng \u0111\u1ed9ng v\u1eadt.\u00a0<strong>l\u1edbp ph\u1ee7 parylene<\/strong>\u00a0ng\u0103n ch\u1eb7n s\u1ef1 di chuy\u1ec3n sau khi c\u1ea5y gh\u00e9p, \u0111\u1ea3m b\u1ea3o chip lu\u00f4n \u0111\u01b0\u1ee3c c\u1ed1 \u0111\u1ecbnh ch\u1eafc ch\u1eafn t\u1ea1i ch\u1ed7.<\/span><\/p>\n<h3 class=\"AnswerParser_AnswerParserH3__Mpe4s\">3. T\u00f9y ch\u1ecdn k\u00edch th\u01b0\u1edbc<\/h3>\n<p><span class=\"AnswerParser_TextContainer__z_Iiv\" data-testid=\"youchat-text\">C\u00f3 nhi\u1ec1u k\u00edch c\u1ee1 kh\u00e1c nhau, Vi\u00ean nang c\u1ea5y gh\u00e9p vi m\u1ea1ch RFID cho th\u00fa c\u01b0ng ph\u00f9 h\u1ee3p v\u1edbi nhi\u1ec1u lo\u1ea1i \u0111\u1ed9ng v\u1eadt kh\u00e1c nhau:<\/span><\/p>\n<ul class=\"AnswerParser_AnswerParserUnorderedList__P_1FW\">\n<li class=\"AnswerParser_ListItem__XqLOV\" translate=\"yes\"><strong>1,25*7mm<\/strong>: Th\u00edch h\u1ee3p cho c\u00e1c v\u1eadt nu\u00f4i nh\u1ecf nh\u01b0 c\u00e1 v\u00e0 chu\u1ed9t.<\/li>\n<li class=\"AnswerParser_ListItem__XqLOV\" translate=\"yes\"><strong>2*12mm<\/strong>: Th\u01b0\u1eddng d\u00f9ng cho ch\u00f3, m\u00e8o v\u00e0 c\u00e1c lo\u00e0i \u0111\u1ed9ng v\u1eadt l\u1edbn h\u01a1n.<\/li>\n<\/ul>\n<h3 class=\"AnswerParser_AnswerParserH3__Mpe4s\">4. C\u1ea5y gh\u00e9p d\u1ec5 d\u00e0ng<\/h3>\n<p><span class=\"AnswerParser_TextContainer__z_Iiv\" data-testid=\"youchat-text\">Vi m\u1ea1ch c\u00f3 th\u1ec3 d\u1ec5 d\u00e0ng c\u1ea5y gh\u00e9p b\u1eb1ng \u1ed1ng ti\u00eam, gi\u00fap qu\u00e1 tr\u00ecnh n\u00e0y di\u1ec5n ra nhanh ch\u00f3ng v\u00e0 kh\u00f4ng g\u00e2y \u0111au \u0111\u1edbn cho th\u00fa c\u01b0ng c\u1ee7a b\u1ea1n.\u00a0<strong>kim phun<\/strong>\u00a0\u0111\u01b0\u1ee3c thi\u1ebft k\u1ebf ch\u00ednh x\u00e1c, \u0111\u1ea3m b\u1ea3o chip \u0111\u01b0\u1ee3c \u0111\u1eb7t \u0111\u00fang v\u1ecb tr\u00ed.<\/span><\/p>\n<h3 class=\"AnswerParser_AnswerParserH3__Mpe4s\">5. S\u1ed1 ID c\u00f3 th\u1ec3 l\u1eadp tr\u00ecnh<\/h3>\n<p><span class=\"AnswerParser_TextContainer__z_Iiv\" data-testid=\"youchat-text\">M\u1ed7i vi m\u1ea1ch \u0111i k\u00e8m v\u1edbi m\u1ed9t s\u1ed1 ID duy nh\u1ea5t c\u00f3 th\u1ec3 \u0111\u01b0\u1ee3c l\u1eadp tr\u00ecnh \u0111\u1ec3 li\u00ean k\u1ebft v\u1edbi th\u00f4ng tin th\u00fa c\u01b0ng c\u1ee7a b\u1ea1n, bao g\u1ed3m ti\u1ec1n s\u1eed b\u1ec7nh \u00e1n v\u00e0 th\u00f4ng tin chi ti\u1ebft v\u1ec1 ch\u1ee7 s\u1edf h\u1eefu. T\u00ednh n\u0103ng n\u00e0y t\u0103ng kh\u1ea3 n\u0103ng \u0111o\u00e0n t\u1ee5 th\u00e0nh c\u00f4ng n\u1ebfu th\u00fa c\u01b0ng c\u1ee7a b\u1ea1n b\u1ecb m\u1ea5t t\u00edch.<\/span><\/p>\n<h2 class=\"AnswerParser_AnswerParserH2__SIHnF\">T\u00e1c \u0111\u1ed9ng m\u00f4i tr\u01b0\u1eddng<\/h2>\n<p><span class=\"AnswerParser_TextContainer__z_Iiv\" data-testid=\"youchat-text\">Vi\u00ean nang c\u1ea5y gh\u00e9p vi m\u1ea1ch RFID Pet \u0111\u01b0\u1ee3c thi\u1ebft k\u1ebf v\u1edbi m\u1ee5c \u0111\u00edch b\u1ec1n v\u1eefng. C\u00e1c v\u1eadt li\u1ec7u \u0111\u01b0\u1ee3c s\u1eed d\u1ee5ng th\u00e2n thi\u1ec7n v\u1edbi m\u00f4i tr\u01b0\u1eddng v\u00e0 quy tr\u00ecnh s\u1ea3n xu\u1ea5t tu\u00e2n th\u1ee7 nghi\u00eam ng\u1eb7t\u00a0<strong>Ti\u00eau chu\u1ea9n ISO9001<\/strong>\u00a0V\u00e0\u00a0<strong>Ti\u00eau chu\u1ea9n ISO 14001<\/strong>\u00a0ti\u00eau chu\u1ea9n. Cam k\u1ebft v\u1ec1 ch\u1ea5t l\u01b0\u1ee3ng v\u00e0 t\u00ednh b\u1ec1n v\u1eefng n\u00e0y \u0111\u1ea3m b\u1ea3o r\u1eb1ng b\u1ea1n \u0111ang \u0111\u01b0a ra l\u1ef1a ch\u1ecdn c\u00f3 tr\u00e1ch nhi\u1ec7m cho th\u00fa c\u01b0ng c\u1ee7a m\u00ecnh v\u00e0 h\u00e0nh tinh.<\/span><\/p>\n<h2 class=\"AnswerParser_AnswerParserH2__SIHnF\">\u0110\u00e1nh gi\u00e1 c\u1ee7a kh\u00e1ch h\u00e0ng<\/h2>\n<p><span class=\"AnswerParser_TextContainer__z_Iiv\" data-testid=\"youchat-text\">Nhi\u1ec1u ch\u1ee7 v\u1eadt nu\u00f4i \u0111\u00e3 t\u00ecm th\u1ea5y s\u1ef1 an t\u00e2m sau khi c\u1ea5y Vi\u00ean nang vi m\u1ea1ch RFID Pet v\u00e0o v\u1eadt nu\u00f4i c\u1ee7a h\u1ecd. Sau \u0111\u00e2y l\u00e0 m\u1ed9t s\u1ed1 l\u1eddi ch\u1ee9ng th\u1ef1c:<\/span><\/p>\n<ul class=\"AnswerParser_AnswerParserUnorderedList__P_1FW\">\n<li class=\"AnswerParser_ListItem__XqLOV\" translate=\"yes\"><strong>Sarah T.<\/strong>: \u201cT\u00f4i \u0111\u00e3 lo l\u1eafng v\u1ec1 vi\u1ec7c m\u00e8o c\u1ee7a t\u00f4i b\u1ecb l\u1ea1c, nh\u01b0ng gi\u1edd t\u00f4i c\u1ea3m th\u1ea5y an t\u00e2m h\u01a1n nhi\u1ec1u khi bi\u1ebft r\u1eb1ng m\u00e8o c\u00f3 g\u1eafn vi m\u1ea1ch. \u0110\u00e2y l\u00e0 c\u00e1i gi\u00e1 nh\u1ecf ph\u1ea3i tr\u1ea3 cho s\u1ef1 an to\u00e0n c\u1ee7a m\u00e8o!\u201d<\/li>\n<li class=\"AnswerParser_ListItem__XqLOV\" translate=\"yes\"><strong>\u00d4ng John D.<\/strong>: \u201cQu\u00e1 tr\u00ecnh c\u1ea5y gh\u00e9p di\u1ec5n ra nhanh ch\u00f3ng v\u00e0 d\u1ec5 d\u00e0ng. T\u00f4i th\u1ef1c s\u1ef1 khuy\u00ean d\u00f9ng s\u1ea3n ph\u1ea9m n\u00e0y cho t\u1ea5t c\u1ea3 nh\u1eefng ng\u01b0\u1eddi nu\u00f4i th\u00fa c\u01b0ng.\u201d<\/li>\n<\/ul>\n<h2 class=\"AnswerParser_AnswerParserH2__SIHnF\">C\u00e2u h\u1ecfi th\u01b0\u1eddng g\u1eb7p<\/h2>\n<h3 class=\"AnswerParser_AnswerParserH3__Mpe4s\">Vi m\u1ea1ch RFID cho th\u00fa c\u01b0ng ho\u1ea1t \u0111\u1ed9ng nh\u01b0 th\u1ebf n\u00e0o?<\/h3>\n<p><span class=\"AnswerParser_TextContainer__z_Iiv\" data-testid=\"youchat-text\">Vi m\u1ea1ch s\u1eed d\u1ee5ng c\u00f4ng ngh\u1ec7 nh\u1eadn d\u1ea1ng t\u1ea7n s\u1ed1 v\u00f4 tuy\u1ebfn \u0111\u1ec3 truy\u1ec1n s\u1ed1 ID duy nh\u1ea5t c\u1ee7a th\u00fa c\u01b0ng c\u1ee7a b\u1ea1n \u0111\u1ebfn m\u00e1y qu\u00e9t. Th\u00f4ng tin n\u00e0y sau \u0111\u00f3 c\u00f3 th\u1ec3 \u0111\u01b0\u1ee3c li\u00ean k\u1ebft v\u1edbi th\u00f4ng tin li\u00ean l\u1ea1c c\u1ee7a b\u1ea1n.<\/span><\/p>\n<h3 class=\"AnswerParser_AnswerParserH3__Mpe4s\">Qu\u00e1 tr\u00ecnh c\u1ea5y gh\u00e9p c\u00f3 g\u00e2y \u0111au \u0111\u1edbn cho th\u00fa c\u01b0ng c\u1ee7a t\u00f4i kh\u00f4ng?<\/h3>\n<p><span class=\"AnswerParser_TextContainer__z_Iiv\" data-testid=\"youchat-text\">Vi\u1ec7c c\u1ea5y gh\u00e9p t\u01b0\u01a1ng t\u1ef1 nh\u01b0 ti\u00eam v\u1eafc-xin th\u00f4ng th\u01b0\u1eddng v\u00e0 th\u01b0\u1eddng di\u1ec5n ra nhanh ch\u00f3ng v\u00e0 kh\u00f4ng \u0111au. H\u1ea7u h\u1ebft v\u1eadt nu\u00f4i \u0111\u1ec1u ch\u1ec9 c\u1ea3m th\u1ea5y kh\u00f3 ch\u1ecbu \u1edf m\u1ee9c t\u1ed1i thi\u1ec3u.<\/span><\/p>\n<h3 class=\"AnswerParser_AnswerParserH3__Mpe4s\">C\u00f3 th\u1ec3 th\u00e1o b\u1ecf vi m\u1ea1ch \u0111\u01b0\u1ee3c kh\u00f4ng?<\/h3>\n<p><span class=\"AnswerParser_TextContainer__z_Iiv\" data-testid=\"youchat-text\">Kh\u00f4ng, Microchip RFID Pet \u0111\u01b0\u1ee3c thi\u1ebft k\u1ebf \u0111\u1ec3 tr\u1edf th\u00e0nh m\u1ed9t d\u1ea1ng nh\u1eadn d\u1ea1ng v\u0129nh vi\u1ec5n. Kh\u00f4ng th\u1ec3 th\u00e1o ra sau khi c\u1ea5y gh\u00e9p.<\/span><\/p>\n<h3 class=\"AnswerParser_AnswerParserH3__Mpe4s\">N\u1ebfu th\u00fa c\u01b0ng c\u1ee7a t\u00f4i b\u1ecb l\u1ea1c th\u00ec sao?<\/h3>\n<p><span class=\"AnswerParser_TextContainer__z_Iiv\" data-testid=\"youchat-text\">N\u1ebfu th\u00fa c\u01b0ng c\u1ee7a b\u1ea1n \u0111\u01b0\u1ee3c t\u00ecm th\u1ea5y v\u00e0 qu\u00e9t, s\u1ed1 ID duy nh\u1ea5t s\u1ebd cung c\u1ea5p th\u00f4ng tin li\u00ean l\u1ea1c c\u1ee7a b\u1ea1n, cho ph\u00e9p \u0111o\u00e0n t\u1ee5 nhanh ch\u00f3ng.<\/span><\/p>\n<h2 class=\"AnswerParser_AnswerParserH2__SIHnF\">Ph\u1ea7n k\u1ebft lu\u1eadn<\/h2>\n<p><span class=\"AnswerParser_TextContainer__z_Iiv\" data-testid=\"youchat-text\">\u0110\u1ea7u t\u01b0 v\u00e0o\u00a0<strong>Vi\u00ean nang c\u1ea5y gh\u00e9p vi m\u1ea1ch RFID cho th\u00fa c\u01b0ng<\/strong>\u00a0l\u00e0 m\u1ed9t b\u01b0\u1edbc ch\u1ee7 \u0111\u1ed9ng h\u01b0\u1edbng t\u1edbi vi\u1ec7c \u0111\u1ea3m b\u1ea3o s\u1ef1 an to\u00e0n v\u00e0 s\u1ee9c kh\u1ecfe cho th\u00fa c\u01b0ng c\u1ee7a b\u1ea1n. V\u1edbi c\u00f4ng ngh\u1ec7 ti\u00ean ti\u1ebfn, v\u1eadt li\u1ec7u b\u1ec1n v\u00e0 d\u1ec5 s\u1eed d\u1ee5ng, vi m\u1ea1ch n\u00e0y l\u00e0 m\u1ed9t c\u00f4ng c\u1ee5 thi\u1ebft y\u1ebfu \u0111\u1ec3 nu\u00f4i th\u00fa c\u01b0ng c\u00f3 tr\u00e1ch nhi\u1ec7m. \u0110\u1eebng \u0111\u1ee3i cho \u0111\u1ebfn khi qu\u00e1 mu\u1ed9n\u2014h\u00e3y \u0111\u1ea3m b\u1ea3o t\u01b0\u01a1ng lai cho th\u00fa c\u01b0ng c\u1ee7a b\u1ea1n ngay h\u00f4m nay v\u1edbi gi\u1ea3i ph\u00e1p nh\u1eadn d\u1ea1ng \u0111\u00e1ng tin c\u1eady n\u00e0y.<\/span><span class=\"AnswerParser_TextContainer__z_Iiv\" data-testid=\"youchat-text\">\u0110\u1ec3 bi\u1ebft th\u00eam th\u00f4ng tin ho\u1eb7c \u0111\u1eb7t h\u00e0ng, vui l\u00f2ng \u0111i\u1ec1n v\u00e0o m\u1eabu y\u00eau c\u1ea7u c\u1ee7a ch\u00fang t\u00f4i. Th\u00fa c\u01b0ng c\u1ee7a b\u1ea1n x\u1ee9ng \u0111\u00e1ng c\u00f3 \u0111\u01b0\u1ee3c \u0111i\u1ec1u t\u1ed1t nh\u1ea5t!<\/span><\/p>","protected":false},"excerpt":{"rendered":"<p>Vi\u00ean nang c\u1ea5y gh\u00e9p vi m\u1ea1ch RFID cho th\u00fa c\u01b0ng cung c\u1ea5p gi\u1ea3i ph\u00e1p nh\u1eadn d\u1ea1ng \u0111\u1ed9ng v\u1eadt \u0111\u00e1ng tin c\u1eady, nh\u00e2n \u0111\u1ea1o v\u1edbi thi\u1ebft k\u1ebf th\u1ee7y tinh sinh h\u1ecdc b\u1ec1n b\u1ec9, \u0111\u1ea3m b\u1ea3o an to\u00e0n v\u00e0 ch\u00ednh x\u00e1c cho nhi\u1ec1u lo\u00e0i kh\u00e1c nhau.<\/p>","protected":false},"featured_media":2787,"template":"","meta":{"_kad_post_transparent":"default","_kad_post_title":"","_kad_post_layout":"default","_kad_post_sidebar_id":"","_kad_post_content_style":"default","_kad_post_vertical_padding":"default","_kad_post_feature":"","_kad_post_feature_position":"","_kad_post_header":false,"_kad_post_footer":false,"_kad_post_classname":""},"product_brand":[],"product_cat":[54],"product_tag":[327,326,329,328],"class_list":{"0":"post-2790","1":"product","2":"type-product","3":"status-publish","4":"has-post-thumbnail","6":"product_cat-hot-selling-rfid-tags","7":"product_tag-fdx-b-134-2khz-rfid-animal-tag","8":"product_tag-rfid-animal-id-glass-tag","9":"product_tag-rfid-glass-tag-syringe-animal-microchip","10":"product_tag-rfid-pet-microchip-implant-capsule","12":"first","13":"instock","14":"shipping-taxable","15":"product-type-simple","16":"entry","17":"content-bg","18":"loop-entry"},"_links":{"self":[{"href":"https:\/\/rfid-laundry-tag.com\/vi\/wp-json\/wp\/v2\/product\/2790","targetHints":{"allow":["GET"]}}],"collection":[{"href":"https:\/\/rfid-laundry-tag.com\/vi\/wp-json\/wp\/v2\/product"}],"about":[{"href":"https:\/\/rfid-laundry-tag.com\/vi\/wp-json\/wp\/v2\/types\/product"}],"version-history":[{"count":1,"href":"https:\/\/rfid-laundry-tag.com\/vi\/wp-json\/wp\/v2\/product\/2790\/revisions"}],"predecessor-version":[{"id":2791,"href":"https:\/\/rfid-laundry-tag.com\/vi\/wp-json\/wp\/v2\/product\/2790\/revisions\/2791"}],"wp:featuredmedia":[{"embeddable":true,"href":"https:\/\/rfid-laundry-tag.com\/vi\/wp-json\/wp\/v2\/media\/2787"}],"wp:attachment":[{"href":"https:\/\/rfid-laundry-tag.com\/vi\/wp-json\/wp\/v2\/media?parent=2790"}],"wp:term":[{"taxonomy":"product_brand","embeddable":true,"href":"https:\/\/rfid-laundry-tag.com\/vi\/wp-json\/wp\/v2\/product_brand?post=2790"},{"taxonomy":"product_cat","embeddable":true,"href":"https:\/\/rfid-laundry-tag.com\/vi\/wp-json\/wp\/v2\/product_cat?post=2790"},{"taxonomy":"product_tag","embeddable":true,"href":"https:\/\/rfid-laundry-tag.com\/vi\/wp-json\/wp\/v2\/product_tag?post=2790"}],"curies":[{"name":"wp","href":"https:\/\/api.w.org\/{rel}","templated":true}]}}