{"id":2784,"date":"2024-10-29T10:04:23","date_gmt":"2024-10-29T10:04:23","guid":{"rendered":"https:\/\/rfid-laundry-tag.com\/?post_type=product&#038;p=2784"},"modified":"2024-10-29T10:32:07","modified_gmt":"2024-10-29T10:32:07","slug":"134-2khz-tube-rfid-glass-tag","status":"publish","type":"product","link":"https:\/\/rfid-laundry-tag.com\/vi\/134-2khz-tube-rfid-glass-tag\/","title":{"rendered":"Th\u1ebb th\u1ee7y tinh RFID \u1ed1ng 134,2KHz"},"content":{"rendered":"<p><span class=\"AnswerParser_TextContainer__z_Iiv\" data-testid=\"youchat-text\"><strong>Th\u1ebb th\u1ee7y tinh RFID \u1ed1ng 134,2KHz<\/strong>\u00a0l\u00e0 gi\u1ea3i ph\u00e1p s\u00e1ng t\u1ea1o v\u00e0 \u0111\u00e1ng tin c\u1eady \u0111\u1ec3 nh\u1eadn d\u1ea1ng v\u00e0 qu\u1ea3n l\u00fd \u0111\u1ed9ng v\u1eadt. \u0110\u01b0\u1ee3c thi\u1ebft k\u1ebf \u0111\u1eb7c bi\u1ec7t \u0111\u1ec3 \u0111\u00e1p \u1ee9ng c\u00e1c ti\u00eau chu\u1ea9n ISO, th\u1ebb th\u1ee7y tinh RFID n\u00e0y cung c\u1ea5p m\u1ee9c \u0111\u1ed9 ch\u00ednh x\u00e1c v\u00e0 \u0111\u1ed9 b\u1ec1n v\u01b0\u1ee3t tr\u1ed9i, khi\u1ebfn n\u00f3 tr\u1edf th\u00e0nh l\u1ef1a ch\u1ecdn l\u00fd t\u01b0\u1edfng cho ch\u1ee7 v\u1eadt nu\u00f4i, b\u00e1c s\u0129 th\u00fa y v\u00e0 ng\u01b0\u1eddi qu\u1ea3n l\u00fd ch\u0103n nu\u00f4i. V\u1edbi k\u00edch th\u01b0\u1edbc nh\u1ecf g\u1ecdn v\u00e0 c\u00e1c t\u00ednh n\u0103ng ti\u00ean ti\u1ebfn, s\u1ea3n ph\u1ea9m n\u00e0y \u0111\u1ea3m b\u1ea3o theo d\u00f5i v\u00e0 nh\u1eadn d\u1ea1ng \u0111\u1ed9ng v\u1eadt hi\u1ec7u qu\u1ea3, n\u00e2ng cao c\u00e1c ho\u1ea1t \u0111\u1ed9ng qu\u1ea3n l\u00fd tr\u00ean nhi\u1ec1u \u1ee9ng d\u1ee5ng kh\u00e1c nhau.<\/span><\/p>\n<h2 class=\"AnswerParser_AnswerParserH2__SIHnF\">L\u1ee3i \u00edch c\u1ee7a Th\u1ebb RFID \u1ed0ng 134.2KHz<\/h2>\n<p><span class=\"AnswerParser_TextContainer__z_Iiv\" data-testid=\"youchat-text\">\u0110\u1ea7u t\u01b0 v\u00e0o Th\u1ebb th\u1ee7y tinh RFID \u1ed1ng 134,2KHz mang l\u1ea1i nhi\u1ec1u l\u1ee3i \u00edch. N\u00f3 cung c\u1ea5p ph\u01b0\u01a1ng ph\u00e1p nh\u1eadn d\u1ea1ng li\u1ec1n m\u1ea1ch kh\u00f4ng ch\u1ec9 hi\u1ec7u qu\u1ea3 m\u00e0 c\u00f2n nh\u00e2n \u0111\u1ea1o. Th\u1ebb \u0111\u01b0\u1ee3c l\u00e0m t\u1eeb th\u1ee7y tinh sinh h\u1ecdc, \u0111\u1ea3m b\u1ea3o an to\u00e0n cho vi\u1ec7c c\u1ea5y gh\u00e9p \u0111\u1ed9ng v\u1eadt. Quy tr\u00ecnh kh\u1eed tr\u00f9ng c\u1ea5p y t\u1ebf c\u1ee7a n\u00f3 \u0111\u1ea3m b\u1ea3o r\u1eb1ng m\u1ed7i th\u1ebb kh\u00f4ng c\u00f3 ch\u1ea5t g\u00e2y \u00f4 nhi\u1ec5m, do \u0111\u00f3 gi\u1ea3m nguy c\u01a1 nhi\u1ec5m tr\u00f9ng. H\u01a1n n\u1eefa, c\u00e1c t\u00ednh n\u0103ng ch\u1ed1ng vi khu\u1ea9n v\u00e0 ch\u1ed1ng d\u1ecb \u1ee9ng c\u1ee7a th\u1ebb \u0111\u1ea3m b\u1ea3o r\u1eb1ng \u0111\u1ed9ng v\u1eadt v\u1eabn tho\u1ea3i m\u00e1i sau khi c\u1ea5y gh\u00e9p.<\/span><span class=\"AnswerParser_TextContainer__z_Iiv\" data-testid=\"youchat-text\">Th\u1ebb th\u1ee7y tinh RFID n\u00e0y c\u00f3 nhi\u1ec1u k\u00edch c\u1ee1 kh\u00e1c nhau (1,25<em>7mm, 1,4<\/em>8mm, 2<em>8mm, 2<\/em>12mm v\u00e0 3*15mm), ph\u1ee5c v\u1ee5 cho c\u00e1c lo\u00e0i \u0111\u1ed9ng v\u1eadt v\u00e0 k\u00edch c\u1ee1 kh\u00e1c nhau. Ho\u1ea1t \u0111\u1ed9ng \u1edf t\u1ea7n s\u1ed1 l\u00e0m vi\u1ec7c 134,2KHz, ph\u00f9 h\u1ee3p v\u1edbi nhi\u1ec1u \u1ee9ng d\u1ee5ng, t\u1eeb qu\u1ea3n l\u00fd v\u1eadt nu\u00f4i \u0111\u1ebfn theo d\u00f5i gia s\u00fac.<\/span><\/p>\n<h2 class=\"AnswerParser_AnswerParserH2__SIHnF\">S\u01a1 l\u01b0\u1ee3c s\u1ea3n ph\u1ea9m<\/h2>\n<h3 class=\"AnswerParser_AnswerParserH3__Mpe4s\">1. Th\u1ebb k\u00ednh RFID l\u00e0 g\u00ec?<\/h3>\n<p><span class=\"AnswerParser_TextContainer__z_Iiv\" data-testid=\"youchat-text\">Th\u1ebb th\u1ee7y tinh RFID, c\u00f2n \u0111\u01b0\u1ee3c g\u1ecdi l\u00e0 th\u1ebb vi\u00ean nang RFID, l\u00e0 b\u1ed9 chuy\u1ec3n \u0111\u1ed5i t\u00edn hi\u1ec7u nh\u1ecf \u0111\u01b0\u1ee3c thi\u1ebft k\u1ebf ch\u1ee7 y\u1ebfu \u0111\u1ec3 nh\u1eadn d\u1ea1ng \u0111\u1ed9ng v\u1eadt. Ch\u00fang s\u1eed d\u1ee5ng c\u00f4ng ngh\u1ec7 nh\u1eadn d\u1ea1ng t\u1ea7n s\u1ed1 v\u00f4 tuy\u1ebfn (RFID) \u0111\u1ec3 theo d\u00f5i v\u00e0 qu\u1ea3n l\u00fd \u0111\u1ed9ng v\u1eadt ch\u00ednh x\u00e1c. Th\u1ebb th\u1ee7y tinh RFID \u1ed1ng 134,2KHz \u0111\u01b0\u1ee3c thi\u1ebft k\u1ebf \u0111\u1eb7c bi\u1ec7t \u0111\u1ec3 \u0111\u00e1p \u1ee9ng c\u00e1c giao th\u1ee9c ISO11784\/785 v\u00e0 ISO14443A, \u0111\u1ea3m b\u1ea3o kh\u1ea3 n\u0103ng t\u01b0\u01a1ng th\u00edch v\u1edbi nhi\u1ec1u h\u1ec7 th\u1ed1ng RFID kh\u00e1c nhau.<\/span><\/p>\n<h3 class=\"AnswerParser_AnswerParserH3__Mpe4s\">2. C\u00e1c t\u00ednh n\u0103ng ch\u00ednh c\u1ee7a th\u1ebb RFID Glass 134.2KHz<\/h3>\n<ul class=\"AnswerParser_AnswerParserUnorderedList__P_1FW\">\n<li class=\"AnswerParser_ListItem__XqLOV\" translate=\"yes\"><strong>V\u1eadt li\u1ec7u<\/strong>:Th\u1ebb th\u1ee7y tinh RFID \u0111\u01b0\u1ee3c l\u00e0m t\u1eeb th\u1ee7y tinh sinh h\u1ecdc, m\u1ed9t v\u1eadt li\u1ec7u b\u1ec1n v\u00e0 t\u01b0\u01a1ng th\u00edch sinh h\u1ecdc \u0111\u1ea3m b\u1ea3o an to\u00e0n v\u00e0 s\u1ee9c kh\u1ecfe cho \u0111\u1ed9ng v\u1eadt \u0111\u01b0\u1ee3c c\u1ea5y gh\u00e9p.<\/li>\n<li class=\"AnswerParser_ListItem__XqLOV\" translate=\"yes\"><strong>K\u00edch th\u01b0\u1edbc c\u00f3 s\u1eb5n<\/strong>: Th\u1ebb \u0111\u01b0\u1ee3c cung c\u1ea5p \u1edf nhi\u1ec1u k\u00edch c\u1ee1, bao g\u1ed3m 1,25<em>7mm (l\u00fd t\u01b0\u1edfng cho v\u1eadt nu\u00f4i nh\u1ecf), 2<\/em>12mm (th\u01b0\u1eddng d\u00f9ng cho ch\u00f3 v\u00e0 m\u00e8o) v\u00e0 c\u00e1c k\u00edch th\u01b0\u1edbc kh\u00e1c ph\u00f9 h\u1ee3p v\u1edbi c\u00e1c lo\u00e0i kh\u00e1c nhau.<\/li>\n<li class=\"AnswerParser_ListItem__XqLOV\" translate=\"yes\"><strong>T\u1ea7n s\u1ed1 l\u00e0m vi\u1ec7c<\/strong>:Ho\u1ea1t \u0111\u1ed9ng \u1edf t\u1ea7n s\u1ed1 134,2KHz, th\u1ebb n\u00e0y \u0111\u01b0\u1ee3c thi\u1ebft k\u1ebf \u0111\u1ec3 c\u00f3 hi\u1ec7u su\u1ea5t \u0111\u00e1ng tin c\u1eady trong nhi\u1ec1u m\u00f4i tr\u01b0\u1eddng kh\u00e1c nhau.<\/li>\n<\/ul>\n<h3 class=\"AnswerParser_AnswerParserH3__Mpe4s\">3. Th\u00f4ng s\u1ed1 k\u1ef9 thu\u1eadt<\/h3>\n<div class=\"AnswerParser_TableContainer__Erb6v\" data-testid=\"table-container\">\n<table>\n<thead>\n<tr>\n<th style=\"text-align: left;\">\u0110\u1eb7c \u0111i\u1ec3m k\u1ef9 thu\u1eadt<\/th>\n<th style=\"text-align: left;\">Chi ti\u1ebft<\/th>\n<\/tr>\n<\/thead>\n<tbody>\n<tr>\n<td><strong>V\u1eadt li\u1ec7u<\/strong><\/td>\n<td>K\u00ednh sinh h\u1ecdc<\/td>\n<\/tr>\n<tr>\n<td><strong>K\u00edch th\u01b0\u1edbc c\u00f3 s\u1eb5n<\/strong><\/td>\n<td>1.25<em>7mm, 1,4<\/em>8mm, 2<em>8mm, 2<\/em>12mm, 3*15mm<\/td>\n<\/tr>\n<tr>\n<td><strong>T\u1ea7n s\u1ed1 l\u00e0m vi\u1ec7c<\/strong><\/td>\n<td>134,2KHz, 125KHz, 13,56MHz<\/td>\n<\/tr>\n<tr>\n<td><strong>Giao th\u1ee9c<\/strong><\/td>\n<td>Ti\u00eau chu\u1ea9n ISO11784\/785, ISO14443A<\/td>\n<\/tr>\n<tr>\n<td><strong>Kh\u1eed tr\u00f9ng<\/strong><\/td>\n<td>100% Ti\u1ec7t tr\u00f9ng c\u1ea5p y t\u1ebf<\/td>\n<\/tr>\n<tr>\n<td><strong>T\u00ednh n\u0103ng Chip<\/strong><\/td>\n<td>Ch\u1ed1ng vi khu\u1ea9n, Ch\u1ed1ng d\u1ecb \u1ee9ng, Ch\u1ed1ng \u0111\u00e0o th\u1ea3i<\/td>\n<\/tr>\n<\/tbody>\n<\/table>\n<\/div>\n<h3 class=\"AnswerParser_AnswerParserH3__Mpe4s\">4. H\u01b0\u1edbng d\u1eabn s\u1eed d\u1ee5ng<\/h3>\n<p><span class=\"AnswerParser_TextContainer__z_Iiv\" data-testid=\"youchat-text\">Vi\u1ec7c l\u1eafp \u0111\u1eb7t Th\u1ebb th\u1ee7y tinh RFID \u1ed1ng 134,2KHz r\u1ea5t \u0111\u01a1n gi\u1ea3n. C\u00f3 th\u1ec3 d\u1ec5 d\u00e0ng c\u1ea5y gh\u00e9p b\u1eb1ng \u1ed1ng ti\u00eam, gi\u00fap cho quy tr\u00ecnh n\u00e0y nhanh ch\u00f3ng v\u00e0 kh\u00f4ng g\u00e2y \u0111au \u0111\u1edbn cho \u0111\u1ed9ng v\u1eadt. Th\u1ebb n\u00ean \u0111\u01b0\u1ee3c \u0111\u1eb7t d\u01b0\u1edbi da, cho ph\u00e9p n\u00f3 c\u1ed1 \u0111\u1ecbnh ch\u1eafc ch\u1eafn t\u1ea1i ch\u1ed7 trong khi v\u1eabn cung c\u1ea5p kh\u1ea3 n\u0103ng nh\u1eadn d\u1ea1ng \u0111\u00e1ng tin c\u1eady.<\/span><\/p>\n<h3 class=\"AnswerParser_AnswerParserH3__Mpe4s\">5. T\u00e1c \u0111\u1ed9ng m\u00f4i tr\u01b0\u1eddng<\/h3>\n<p><span class=\"AnswerParser_TextContainer__z_Iiv\" data-testid=\"youchat-text\">Th\u1ebb th\u1ee7y tinh RFID \u0111\u01b0\u1ee3c thi\u1ebft k\u1ebf v\u1edbi m\u1ee5c \u0111\u00edch gi\u1ea3m thi\u1ec3u t\u00e1c \u0111\u1ed9ng \u0111\u1ebfn m\u00f4i tr\u01b0\u1eddng. V\u1eadt li\u1ec7u th\u1ee7y tinh sinh h\u1ecdc c\u00f3 th\u1ec3 t\u00e1i ch\u1ebf v\u00e0 quy tr\u00ecnh s\u1ea3n xu\u1ea5t tu\u00e2n th\u1ee7 c\u00e1c ti\u00eau chu\u1ea9n m\u00f4i tr\u01b0\u1eddng nghi\u00eam ng\u1eb7t. Ngo\u00e0i ra, th\u1ebb \u0111\u01b0\u1ee3c s\u1ea3n xu\u1ea5t theo ch\u1ee9ng nh\u1eadn ISO 9001 v\u00e0 ISO 14001, \u0111\u1ea3m b\u1ea3o c\u00e1c ho\u1ea1t \u0111\u1ed9ng b\u1ec1n v\u1eefng trong su\u1ed1t qu\u00e1 tr\u00ecnh s\u1ea3n xu\u1ea5t.<\/span><\/p>\n<h3 class=\"AnswerParser_AnswerParserH3__Mpe4s\">6. \u0110\u00e1nh gi\u00e1 c\u1ee7a kh\u00e1ch h\u00e0ng<\/h3>\n<p><span class=\"AnswerParser_TextContainer__z_Iiv\" data-testid=\"youchat-text\">Kh\u00e1ch h\u00e0ng \u0111\u00e3 khen ng\u1ee3i Th\u1ebb th\u1ee7y tinh RFID \u1ed1ng 134,2KHz v\u00ec \u0111\u1ed9 tin c\u1eady v\u00e0 d\u1ec5 s\u1eed d\u1ee5ng. Nhi\u1ec1u b\u00e1c s\u0129 th\u00fa y khuy\u00ean d\u00f9ng \u0111\u1ec3 nh\u1eadn d\u1ea1ng v\u1eadt nu\u00f4i, l\u01b0u \u00fd \u0111\u1ebfn s\u1ef1 tho\u1ea3i m\u00e1i c\u1ee7a n\u00f3 \u0111\u1ed1i v\u1edbi \u0111\u1ed9ng v\u1eadt v\u00e0 \u0111\u1ed9 ch\u00ednh x\u00e1c trong vi\u1ec7c theo d\u00f5i. Ng\u01b0\u1eddi qu\u1ea3n l\u00fd v\u1eadt nu\u00f4i c\u0169ng \u0111\u00e1nh gi\u00e1 cao \u0111\u1ed9 b\u1ec1n v\u00e0 s\u1ef1 an t\u00e2m m\u00e0 n\u00f3 mang l\u1ea1i trong vi\u1ec7c qu\u1ea3n l\u00fd \u0111\u00e0n gia s\u00fac c\u1ee7a h\u1ecd.<\/span><\/p>\n<h3 class=\"AnswerParser_AnswerParserH3__Mpe4s\">7. C\u00e2u h\u1ecfi th\u01b0\u1eddng g\u1eb7p<\/h3>\n<p><span class=\"AnswerParser_TextContainer__z_Iiv\" data-testid=\"youchat-text\"><strong>H: Th\u1ebb th\u1ee7y tinh RFID c\u00f3 tu\u1ed5i th\u1ecd bao l\u00e2u?<\/strong><br \/>\nA: Th\u1ebb th\u1ee7y tinh RFID \u0111\u01b0\u1ee3c thi\u1ebft k\u1ebf \u0111\u1ec3 s\u1eed d\u1ee5ng l\u00e2u d\u00e0i, th\u01b0\u1eddng c\u00f3 tu\u1ed5i th\u1ecd k\u00e9o d\u00e0i su\u1ed1t cu\u1ed9c \u0111\u1eddi c\u1ee7a \u0111\u1ed9ng v\u1eadt n\u1ebfu \u0111\u01b0\u1ee3c c\u1ea5y gh\u00e9p \u0111\u00fang c\u00e1ch.<\/span><\/p>\n<p><span class=\"AnswerParser_TextContainer__z_Iiv\" data-testid=\"youchat-text\"><strong>H: Th\u1ebb n\u00e0y c\u00f3 an to\u00e0n cho t\u1ea5t c\u1ea3 c\u00e1c lo\u00e0i \u0111\u1ed9ng v\u1eadt kh\u00f4ng?<\/strong><br \/>\nA: C\u00f3, v\u1eadt li\u1ec7u th\u1ee7y tinh sinh h\u1ecdc v\u00e0 quy tr\u00ecnh kh\u1eed tr\u00f9ng \u0111\u1ea1t chu\u1ea9n y t\u1ebf \u0111\u1ea3m b\u1ea3o an to\u00e0n cho m\u1ecdi lo\u1ea1i \u0111\u1ed9ng v\u1eadt, bao g\u1ed3m c\u1ea3 v\u1eadt nu\u00f4i v\u00e0 gia s\u00fac.<\/span><\/p>\n<p><span class=\"AnswerParser_TextContainer__z_Iiv\" data-testid=\"youchat-text\"><strong>H: Th\u1ebb c\u00f3 th\u1ec3 \u0111\u1ecdc \u0111\u01b0\u1ee3c t\u1eeb xa kh\u00f4ng?<\/strong><br \/>\nA: C\u00f3, ph\u1ea1m vi \u0111\u1ecdc c\u00f3 th\u1ec3 thay \u0111\u1ed5i t\u00f9y theo \u0111\u1ea7u \u0111\u1ecdc \u0111\u01b0\u1ee3c s\u1eed d\u1ee5ng, nh\u01b0ng th\u00f4ng th\u01b0\u1eddng n\u00f3 cho ph\u00e9p qu\u00e9t hi\u1ec7u qu\u1ea3 m\u00e0 kh\u00f4ng c\u1ea7n ti\u1ebfp x\u00fac tr\u1ef1c ti\u1ebfp.<\/span><\/p>\n<h3 class=\"AnswerParser_AnswerParserH3__Mpe4s\">8. S\u1ea3n ph\u1ea9m li\u00ean quan<\/h3>\n<p><span class=\"AnswerParser_TextContainer__z_Iiv\" data-testid=\"youchat-text\">Kh\u00e1m ph\u00e1 ph\u1ea1m vi s\u1ea3n ph\u1ea9m li\u00ean quan c\u1ee7a ch\u00fang t\u00f4i, bao g\u1ed3m nh\u00e3n RFID, nh\u00e3n d\u00e1n RFID v\u00e0 c\u00e1c gi\u1ea3i ph\u00e1p g\u1eafn th\u1ebb RFID kh\u00e1c b\u1ed5 sung cho Th\u1ebb th\u1ee7y tinh RFID \u1ed1ng 134,2KHz. C\u00e1c s\u1ea3n ph\u1ea9m n\u00e0y c\u00f3 th\u1ec3 n\u00e2ng cao h\u1ec7 th\u1ed1ng nh\u1eadn d\u1ea1ng c\u1ee7a b\u1ea1n v\u00e0 h\u1ee3p l\u00fd h\u00f3a quy tr\u00ecnh qu\u1ea3n l\u00fd \u0111\u1ed9ng v\u1eadt c\u1ee7a b\u1ea1n.<\/span><\/p>\n<h3 class=\"AnswerParser_AnswerParserH3__Mpe4s\">9. K\u1ebft lu\u1eadn<\/h3>\n<p><span class=\"AnswerParser_TextContainer__z_Iiv\" data-testid=\"youchat-text\">C\u00e1c\u00a0<strong>Th\u1ebb th\u1ee7y tinh RFID \u1ed1ng 134,2KHz<\/strong>\u00a0cung c\u1ea5p gi\u1ea3i ph\u00e1p v\u01b0\u1ee3t tr\u1ed9i cho vi\u1ec7c nh\u1eadn d\u1ea1ng v\u00e0 qu\u1ea3n l\u00fd \u0111\u1ed9ng v\u1eadt. V\u1edbi thi\u1ebft k\u1ebf m\u1ea1nh m\u1ebd, ho\u1ea1t \u0111\u1ed9ng hi\u1ec7u qu\u1ea3 v\u00e0 \u1ee9ng d\u1ee5ng nh\u00e2n \u0111\u1ea1o, \u0111\u00e2y l\u00e0 c\u00f4ng c\u1ee5 \u0111\u00e1ng tin c\u1eady cho c\u1ea3 ch\u1ee7 v\u1eadt nu\u00f4i v\u00e0 ng\u01b0\u1eddi qu\u1ea3n l\u00fd gia s\u00fac. \u0110\u1ea7u t\u01b0 v\u00e0o t\u01b0\u01a1ng lai c\u1ee7a vi\u1ec7c theo d\u00f5i v\u00e0 qu\u1ea3n l\u00fd \u0111\u1ed9ng v\u1eadt b\u1eb1ng gi\u1ea3i ph\u00e1p RFID ti\u00ean ti\u1ebfn n\u00e0y.<\/span><\/p>","protected":false},"excerpt":{"rendered":"<p>Th\u1ebb th\u1ee7y tinh RFID \u1ed1ng 134,2KHz cung c\u1ea5p kh\u1ea3 n\u0103ng nh\u1eadn d\u1ea1ng \u0111\u1ed9ng v\u1eadt \u0111\u00e1ng tin c\u1eady, nh\u00e2n \u0111\u1ea1o v\u1edbi thi\u1ebft k\u1ebf th\u1ee7y tinh sinh h\u1ecdc b\u1ec1n b\u1ec9, \u0111\u1ea3m b\u1ea3o an to\u00e0n v\u00e0 ch\u00ednh x\u00e1c cho nhi\u1ec1u lo\u00e0i kh\u00e1c nhau.<\/p>","protected":false},"featured_media":2785,"template":"","meta":{"_kad_post_transparent":"default","_kad_post_title":"","_kad_post_layout":"default","_kad_post_sidebar_id":"","_kad_post_content_style":"default","_kad_post_vertical_padding":"default","_kad_post_feature":"","_kad_post_feature_position":"","_kad_post_header":false,"_kad_post_footer":false,"_kad_post_classname":""},"product_brand":[],"product_cat":[54],"product_tag":[327,326,328],"class_list":{"0":"post-2784","1":"product","2":"type-product","3":"status-publish","4":"has-post-thumbnail","6":"product_cat-hot-selling-rfid-tags","7":"product_tag-fdx-b-134-2khz-rfid-animal-tag","8":"product_tag-rfid-animal-id-glass-tag","9":"product_tag-rfid-pet-microchip-implant-capsule","11":"first","12":"instock","13":"shipping-taxable","14":"product-type-simple","15":"entry","16":"content-bg","17":"loop-entry"},"_links":{"self":[{"href":"https:\/\/rfid-laundry-tag.com\/vi\/wp-json\/wp\/v2\/product\/2784","targetHints":{"allow":["GET"]}}],"collection":[{"href":"https:\/\/rfid-laundry-tag.com\/vi\/wp-json\/wp\/v2\/product"}],"about":[{"href":"https:\/\/rfid-laundry-tag.com\/vi\/wp-json\/wp\/v2\/types\/product"}],"version-history":[{"count":1,"href":"https:\/\/rfid-laundry-tag.com\/vi\/wp-json\/wp\/v2\/product\/2784\/revisions"}],"predecessor-version":[{"id":2789,"href":"https:\/\/rfid-laundry-tag.com\/vi\/wp-json\/wp\/v2\/product\/2784\/revisions\/2789"}],"wp:featuredmedia":[{"embeddable":true,"href":"https:\/\/rfid-laundry-tag.com\/vi\/wp-json\/wp\/v2\/media\/2785"}],"wp:attachment":[{"href":"https:\/\/rfid-laundry-tag.com\/vi\/wp-json\/wp\/v2\/media?parent=2784"}],"wp:term":[{"taxonomy":"product_brand","embeddable":true,"href":"https:\/\/rfid-laundry-tag.com\/vi\/wp-json\/wp\/v2\/product_brand?post=2784"},{"taxonomy":"product_cat","embeddable":true,"href":"https:\/\/rfid-laundry-tag.com\/vi\/wp-json\/wp\/v2\/product_cat?post=2784"},{"taxonomy":"product_tag","embeddable":true,"href":"https:\/\/rfid-laundry-tag.com\/vi\/wp-json\/wp\/v2\/product_tag?post=2784"}],"curies":[{"name":"wp","href":"https:\/\/api.w.org\/{rel}","templated":true}]}}