{"id":2775,"date":"2024-10-24T16:17:52","date_gmt":"2024-10-24T16:17:52","guid":{"rendered":"https:\/\/rfid-laundry-tag.com\/?post_type=product&#038;p=2775"},"modified":"2024-10-29T09:32:48","modified_gmt":"2024-10-29T09:32:48","slug":"waterproof-washable-uhf-textile-rfid-laundry-tag-with-hole","status":"publish","type":"product","link":"https:\/\/rfid-laundry-tag.com\/vi\/waterproof-washable-uhf-textile-rfid-laundry-tag-with-hole\/","title":{"rendered":"Th\u1ebb gi\u1eb7t b\u1eb1ng v\u1ea3i RFID UHF ch\u1ed1ng th\u1ea5m n\u01b0\u1edbc c\u00f3 th\u1ec3 gi\u1eb7t \u0111\u01b0\u1ee3c c\u00f3 l\u1ed7"},"content":{"rendered":"<h1><strong>Th\u1ebb gi\u1eb7t b\u1eb1ng v\u1ea3i RFID UHF ch\u1ed1ng th\u1ea5m n\u01b0\u1edbc c\u00f3 th\u1ec3 gi\u1eb7t \u0111\u01b0\u1ee3c c\u00f3 l\u1ed7<\/strong><\/h1>\n<p><strong>Th\u1ebb gi\u1eb7t b\u1eb1ng v\u1ea3i RFID UHF ch\u1ed1ng th\u1ea5m n\u01b0\u1edbc c\u00f3 th\u1ec3 gi\u1eb7t \u0111\u01b0\u1ee3c c\u00f3 l\u1ed7,<\/strong>m\u1ed9t s\u1ea3n ph\u1ea9m mang t\u00ednh c\u00e1ch m\u1ea1ng \u0111\u01b0\u1ee3c thi\u1ebft k\u1ebf ri\u00eang \u0111\u1ec3 c\u1ea3i thi\u1ec7n vi\u1ec7c theo d\u00f5i v\u00e0 qu\u1ea3n l\u00fd c\u00e1c m\u1eb7t h\u00e0ng gi\u1eb7t l\u00e0. \u0110\u01b0\u1ee3c thi\u1ebft k\u1ebf \u0111\u1ec3 c\u00f3 \u0111\u1ed9 b\u1ec1n v\u00e0 d\u1ec5 s\u1eed d\u1ee5ng, th\u1ebb RFID n\u00e0y r\u1ea5t quan tr\u1ecdng \u0111\u1ec3 duy tr\u00ec hi\u1ec7u qu\u1ea3 ho\u1ea1t \u0111\u1ed9ng trong nhi\u1ec1u b\u1ed1i c\u1ea3nh kh\u00e1c nhau, t\u1eeb ti\u1ec7m gi\u1eb7t l\u00e0 c\u00f4ng nghi\u1ec7p \u0111\u1ebfn b\u1ec7nh vi\u1ec7n v\u00e0 kh\u00e1ch s\u1ea1n. \u0110\u1ecdc ti\u1ebfp \u0111\u1ec3 kh\u00e1m ph\u00e1 nhi\u1ec1u l\u1ee3i \u00edch c\u1ee7a vi\u1ec7c k\u1ebft h\u1ee3p c\u00e1c th\u1ebb n\u00e0y v\u00e0o ho\u1ea1t \u0111\u1ed9ng gi\u1eb7t l\u00e0 c\u1ee7a b\u1ea1n.<\/p>\n<table class=\"all magic-7\">\n<tbody>\n<tr>\n<td colspan=\"1\" rowspan=\"1\">\n<div class=\"magic-8\" data-spm-anchor-id=\"a2700.details.0.i41.3a7a13dayRHcNe\">Ti\u00eau chu\u1ea9n RFID:<\/div>\n<\/td>\n<td colspan=\"1\" rowspan=\"1\">\n<div class=\"magic-9\">ISO\/IEC 18000-6 Lo\u1ea1i C (EPC Gen2)<\/div>\n<\/td>\n<\/tr>\n<tr>\n<td colspan=\"1\" rowspan=\"1\">\n<div class=\"magic-8\">K\u00edch th\u01b0\u1edbc &amp; Tr\u1ecdng l\u01b0\u1ee3ng:<\/div>\n<\/td>\n<td colspan=\"1\" rowspan=\"1\">\n<div class=\"magic-9\">70\u00d715mm, 0,7g<\/div>\n<\/td>\n<\/tr>\n<tr>\n<td colspan=\"1\" rowspan=\"1\">\n<div class=\"magic-8\">Lo\u1ea1i chip:<\/div>\n<\/td>\n<td colspan=\"1\" rowspan=\"1\">\n<div class=\"magic-9\">M\u00e3 NXP Ucode 9<\/div>\n<\/td>\n<\/tr>\n<tr>\n<td colspan=\"1\" rowspan=\"1\">\n<div class=\"magic-8\">B\u1ed9 nh\u1edb EPC:<\/div>\n<\/td>\n<td colspan=\"1\" rowspan=\"1\">\n<div class=\"magic-9\">128 bit<\/div>\n<\/td>\n<\/tr>\n<tr>\n<td colspan=\"1\" rowspan=\"1\">\n<div class=\"magic-8\">B\u1ed9 nh\u1edb ng\u01b0\u1eddi d\u00f9ng:<\/div>\n<\/td>\n<td colspan=\"1\" rowspan=\"1\">\n<div class=\"magic-9\">96 bit<\/div>\n<\/td>\n<\/tr>\n<tr>\n<td colspan=\"1\" rowspan=\"1\">\n<div class=\"magic-8\">Ph\u1ea1m vi \u0111\u1ecdc (\u0110\u1ea7u \u0111\u1ecdc c\u1ed1 \u0111\u1ecbnh):<\/div>\n<\/td>\n<td colspan=\"1\" rowspan=\"1\">\n<div class=\"magic-9\">10 ph\u00fat<\/div>\n<\/td>\n<\/tr>\n<tr>\n<td colspan=\"1\" rowspan=\"1\">\n<div class=\"magic-8\">Ph\u1ea1m vi \u0111\u1ecdc (M\u00e1y \u0111\u1ecdc c\u1ea7m tay):<\/div>\n<\/td>\n<td colspan=\"1\" rowspan=\"1\">\n<div class=\"magic-9\">8 ph\u00fat<\/div>\n<\/td>\n<\/tr>\n<tr>\n<td colspan=\"1\" rowspan=\"1\">\n<div class=\"magic-8\">G\u1eafn th\u1ebb:<\/div>\n<\/td>\n<td colspan=\"1\" rowspan=\"1\">\n<div class=\"magic-9\">May, H\u00e0n nhi\u1ec7t<\/div>\n<\/td>\n<\/tr>\n<tr>\n<td colspan=\"1\" rowspan=\"1\">\n<div class=\"magic-8\">Tu\u1ed5i th\u1ecd \u01b0\u1edbc t\u00ednh:<\/div>\n<\/td>\n<td colspan=\"1\" rowspan=\"1\">\n<div class=\"magic-9\">200 chu k\u1ef3 gi\u1eb7t ho\u1eb7c 3 n\u0103m, t\u00f9y theo \u0111i\u1ec1u ki\u1ec7n n\u00e0o \u0111\u1ebfn tr\u01b0\u1edbc<\/div>\n<\/td>\n<\/tr>\n<tr>\n<td colspan=\"1\" rowspan=\"1\">\n<div class=\"magic-8\">Ph\u01b0\u01a1ng ph\u00e1p gi\u1eb7t:<\/div>\n<\/td>\n<td colspan=\"1\" rowspan=\"1\">\n<div class=\"magic-9\">Gi\u1eb7t \u1ee7i, Gi\u1eb7t kh\u00f4<\/div>\n<\/td>\n<\/tr>\n<tr>\n<td colspan=\"1\" rowspan=\"1\">\n<div class=\"magic-8\">\u00c1p su\u1ea5t h\u00fat n\u01b0\u1edbc:<\/div>\n<\/td>\n<td colspan=\"1\" rowspan=\"1\">\n<div class=\"magic-9\">60 thanh<\/div>\n<\/td>\n<\/tr>\n<tr>\n<td colspan=\"1\" rowspan=\"1\">\n<div class=\"magic-8\">Kh\u1ea3 n\u0103ng ch\u1ed1ng n\u01b0\u1edbc:<\/div>\n<\/td>\n<td colspan=\"1\" rowspan=\"1\">\n<div class=\"magic-9\">Ch\u1ed1ng n\u01b0\u1edbc<\/div>\n<\/td>\n<\/tr>\n<tr>\n<td colspan=\"1\" rowspan=\"1\">\n<div class=\"magic-8\">Kh\u1ea3 n\u0103ng kh\u00e1ng h\u00f3a ch\u1ea5t:<\/div>\n<\/td>\n<td colspan=\"1\" rowspan=\"1\">\n<div class=\"magic-9\">Ch\u1ea5t t\u1ea9y r\u1eeda, Ch\u1ea5t l\u00e0m m\u1ec1m, Ch\u1ea5t t\u1ea9y tr\u1eafng (Oxy\/ Clo), Ch\u1ea5t ki\u1ec1m<\/div>\n<\/td>\n<\/tr>\n<tr>\n<td colspan=\"1\" rowspan=\"1\">\n<div class=\"magic-8\">L\u00e0m kh\u00f4 tr\u01b0\u1edbc trong m\u00e1y s\u1ea5y:<\/div>\n<\/td>\n<td colspan=\"1\" rowspan=\"1\">\n<div class=\"magic-9\">125 \u00baC trong 15-20 ph\u00fat<\/div>\n<\/td>\n<\/tr>\n<tr>\n<td colspan=\"1\" rowspan=\"1\">\n<div class=\"magic-8\" data-spm-anchor-id=\"a2700.details.0.i43.3a7a13dayRHcNe\">Nhi\u1ec7t \u0111\u1ed9 kh\u1eed tr\u00f9ng:<\/div>\n<\/td>\n<td colspan=\"1\" rowspan=\"1\">\n<div class=\"magic-9\">135\u00b0C trong 15-20 ph\u00fat<\/div>\n<\/td>\n<\/tr>\n<tr>\n<td colspan=\"1\" rowspan=\"1\">\n<div class=\"magic-8\">Nhi\u1ec7t \u0111\u1ed9 gi\u1eb7t:<\/div>\n<\/td>\n<td colspan=\"1\" rowspan=\"1\">\n<div class=\"magic-9\">90\u00b0C, T\u1ed1i \u0111a 15 ph\u00fat.<\/div>\n<\/td>\n<\/tr>\n<tr>\n<td colspan=\"1\" rowspan=\"1\">\n<div class=\"magic-8\">\u0110\u1ed9 \u1ea9m\/ Nhi\u1ec7t \u0111\u1ed9-Ho\u1ea1t \u0111\u1ed9ng:<\/div>\n<\/td>\n<td colspan=\"1\" rowspan=\"1\">\n<div class=\"magic-9\" data-spm-anchor-id=\"a2700.details.0.i42.3a7a13dayRHcNe\">-20 \u0111\u1ebfn 110\u00b0C, 8 \u0111\u1ebfn 95%RH<\/div>\n<\/td>\n<\/tr>\n<tr>\n<td colspan=\"1\" rowspan=\"1\">\n<div class=\"magic-8\">\u0110\u1ed9 \u1ea9m\/ Nhi\u1ec7t \u0111\u1ed9-L\u01b0u tr\u1eef:<\/div>\n<\/td>\n<td colspan=\"1\" rowspan=\"1\">\n<div class=\"magic-9\">-40 \u0111\u1ebfn 110\u00b0C, 8 \u0111\u1ebfn 95%RH<\/div>\n<\/td>\n<\/tr>\n<\/tbody>\n<\/table>\n<h3>T\u1ea1i sao n\u00ean ch\u1ecdn th\u1ebb gi\u1eb7t RFID d\u1ec7t UHF ch\u1ed1ng th\u1ea5m n\u01b0\u1edbc c\u00f3 th\u1ec3 gi\u1eb7t \u0111\u01b0\u1ee3c?<\/h3>\n<p>\u0110\u1ea7u t\u01b0 v\u00e0o th\u1ebb gi\u1eb7t RFID mang l\u1ea1i nhi\u1ec1u l\u1ee3i \u00edch, cho ph\u00e9p c\u00e1c doanh nghi\u1ec7p h\u1ee3p l\u00fd h\u00f3a quy tr\u00ecnh c\u1ee7a m\u00ecnh. Sau \u0111\u00e2y l\u00e0 m\u1ed9t s\u1ed1 l\u00fd do thuy\u1ebft ph\u1ee5c \u0111\u1ec3 c\u00e2n nh\u1eafc\u00a0<strong>Th\u1ebb gi\u1eb7t RFID<\/strong>\u00a0cho ho\u1ea1t \u0111\u1ed9ng gi\u1eb7t l\u00e0 c\u1ee7a b\u1ea1n:<\/p>\n<ul>\n<li><strong>Theo d\u00f5i v\u00e0 qu\u1ea3n l\u00fd n\u00e2ng cao:<\/strong>\u00a0N\u00f3i l\u1eddi t\u1ea1m bi\u1ec7t v\u1edbi c\u00e1c v\u1eadt d\u1ee5ng b\u1ecb m\u1ea5t ho\u1eb7c th\u1ea5t l\u1ea1c. C\u00f4ng ngh\u1ec7 UHF \u0111\u1ea3m b\u1ea3o r\u1eb1ng m\u1ecdi lo\u1ea1i qu\u1ea7n \u00e1o ho\u1eb7c v\u1ea3i lanh \u0111\u1ec1u c\u00f3 th\u1ec3 \u0111\u01b0\u1ee3c theo d\u00f5i ch\u00ednh x\u00e1c, gi\u1ea3m thi\u1ec3u l\u1ed7i th\u1ee7 c\u00f4ng v\u00e0 c\u1ea3i thi\u1ec7n vi\u1ec7c qu\u1ea3n l\u00fd h\u00e0ng t\u1ed3n kho.<\/li>\n<li><strong>\u0110\u1ed9 b\u1ec1n v\u00e0 \u0111\u1ed9 tin c\u1eady:<\/strong>\u00a0\u0110\u01b0\u1ee3c thi\u1ebft k\u1ebf \u0111\u1ec3 ch\u1ecbu \u0111\u01b0\u1ee3c \u0111i\u1ec1u ki\u1ec7n gi\u1eb7t gi\u0169 kh\u1eafc nghi\u1ec7t, c\u00e1c th\u1ebb RFID n\u00e0y c\u00f3 th\u1ec3 ch\u1ecbu \u0111\u01b0\u1ee3c nhi\u1ec7t \u0111\u1ed9 cao v\u00e0 nhi\u1ec1u chu k\u1ef3 gi\u1eb7t (l\u00ean \u0111\u1ebfn 200), khi\u1ebfn ch\u00fang tr\u1edf th\u00e0nh gi\u1ea3i ph\u00e1p l\u00fd t\u01b0\u1edfng cho c\u00e1c \u1ee9ng d\u1ee5ng gi\u1eb7t l\u00e0 th\u01b0\u01a1ng m\u1ea1i v\u00e0 c\u00f4ng nghi\u1ec7p.<\/li>\n<li><strong>T\u00ednh linh ho\u1ea1t khi s\u1eed d\u1ee5ng:<\/strong>\u00a0V\u1edbi kh\u1ea3 n\u0103ng \u0111\u01b0\u1ee3c kh\u00e2u ho\u1eb7c h\u00e0n nhi\u1ec7t v\u00e0o nhi\u1ec1u lo\u1ea1i v\u1ea3i kh\u00e1c nhau, nh\u1eefng\u00a0<strong>th\u1ebb RFID c\u00f3 th\u1ec3 gi\u1eb7t \u0111\u01b0\u1ee3c<\/strong>\u00a0ho\u00e0n h\u1ea3o cho kh\u00e1ch s\u1ea1n, b\u1ec7nh vi\u1ec7n v\u00e0 b\u1ea5t k\u1ef3 c\u01a1 s\u1edf n\u00e0o y\u00eau c\u1ea7u qu\u1ea3n l\u00fd v\u1ea3i lanh ch\u1eb7t ch\u1ebd.<\/li>\n<\/ul>\n<h3>C\u00e1c t\u00ednh n\u0103ng ch\u00ednh c\u1ee7a th\u1ebb gi\u1eb7t \u1ee7i RFID d\u1ec7t UHF ch\u1ed1ng th\u1ea5m n\u01b0\u1edbc c\u00f3 th\u1ec3 gi\u1eb7t \u0111\u01b0\u1ee3c<\/h3>\n<h4>1. C\u00f4ng ngh\u1ec7 RFID ti\u00ean ti\u1ebfn<\/h4>\n<p>C\u1ee7a ch\u00fang t\u00f4i\u00a0<strong>Th\u1ebb gi\u1eb7t RFID<\/strong>\u00a0tu\u00e2n th\u1ee7 ISO\/IEC 18000-6 Type C (EPC Gen2), \u0111\u1ea3m b\u1ea3o \u0111\u00e1p \u1ee9ng c\u00e1c ti\u00eau chu\u1ea9n c\u00f4ng nghi\u1ec7p v\u1ec1 hi\u1ec7u su\u1ea5t v\u00e0 \u0111\u1ed9 tin c\u1eady. Vi\u1ec7c t\u00edch h\u1ee3p c\u00f4ng ngh\u1ec7 UHF ti\u00ean ti\u1ebfn cho ph\u00e9p truy\u1ec1n d\u1eef li\u1ec7u nhanh ch\u00f3ng v\u00e0 quy tr\u00ecnh theo d\u00f5i hi\u1ec7u qu\u1ea3.<\/p>\n<h4>2. K\u00edch th\u01b0\u1edbc v\u00e0 tr\u1ecdng l\u01b0\u1ee3ng<\/h4>\n<p>V\u1edbi k\u00edch th\u01b0\u1edbc c\u1ee7a\u00a0<strong>70\u00d715mm<\/strong>\u00a0v\u00e0 thi\u1ebft k\u1ebf nh\u1eb9 ch\u1ec9\u00a0<strong>0,7g<\/strong>, nh\u1eefng th\u1ebb n\u00e0y d\u1ec5 d\u00e0ng k\u1ebft h\u1ee3p v\u00e0o b\u1ea5t k\u1ef3 lo\u1ea1i qu\u1ea7n \u00e1o n\u00e0o m\u00e0 kh\u00f4ng l\u00e0m t\u0103ng th\u00eam kh\u1ed1i l\u01b0\u1ee3ng ho\u1eb7c s\u1ef1 kh\u00f3 ch\u1ecbu. K\u00edch th\u01b0\u1edbc nh\u1ecf g\u1ecdn cho ph\u00e9p t\u00edch h\u1ee3p li\u1ec1n m\u1ea1ch v\u00e0o nhi\u1ec1u lo\u1ea1i v\u1ea3i kh\u00e1c nhau, cho d\u00f9 l\u00e0\u00a0<strong>\u0111\u1ed3ng ph\u1ee5c, kh\u0103n tr\u1ea3i gi\u01b0\u1eddng ho\u1eb7c c\u00e1c \u0111\u1ed3 gi\u1eb7t kh\u00e1c<\/strong>.<\/p>\n<h4>3. Ph\u1ea1m vi \u0111\u1ecdc cao<\/h4>\n<p>C\u00e1c\u00a0<strong>ph\u1ea1m vi \u0111\u1ecdc<\/strong>\u00a0l\u00e0 m\u1ed9t y\u1ebfu t\u1ed1 quan tr\u1ecdng cho c\u00e1c h\u1ec7 th\u1ed1ng RFID hi\u1ec7u qu\u1ea3. Th\u1ebb c\u1ee7a ch\u00fang t\u00f4i c\u00f3 th\u1ec3 \u0111\u1ea1t \u0111\u01b0\u1ee3c\u00a0<strong>kho\u1ea3ng c\u00e1ch \u0111\u1ecdc l\u00ean \u0111\u1ebfn 10 m\u00e9t v\u1edbi \u0111\u1ea7u \u0111\u1ecdc c\u1ed1 \u0111\u1ecbnh<\/strong>\u00a0V\u00e0\u00a0<strong>8 m\u00e9t v\u1edbi \u0111\u1ea7u \u0111\u1ecdc c\u1ea7m tay<\/strong>. Ph\u1ea1m vi m\u1edf r\u1ed9ng n\u00e0y t\u1ed1i \u01b0u h\u00f3a quy tr\u00ecnh theo d\u00f5i, cho ph\u00e9p ki\u1ec3m tra h\u00e0ng t\u1ed3n kho hi\u1ec7u qu\u1ea3 v\u00e0 qu\u1ea3n l\u00fd quy tr\u00ecnh l\u00e0m vi\u1ec7c trong m\u00f4i tr\u01b0\u1eddng gi\u1eb7t l\u00e0 b\u1eadn r\u1ed9n.<\/p>\n<h4>4. B\u1ec1n b\u1ec9 trong \u0111i\u1ec1u ki\u1ec7n kh\u1eafc nghi\u1ec7t<\/h4>\n<p>\u0110\u01b0\u1ee3c thi\u1ebft k\u1ebf \u0111\u1ec3 c\u00f3 \u0111\u1ed9 b\u1ec1n cao, nh\u1eefng\u00a0<strong>th\u1ebb RFID ch\u1ed1ng th\u1ea5m n\u01b0\u1edbc<\/strong>\u00a0c\u00f3 th\u1ec3 ch\u1ecbu \u0111\u01b0\u1ee3c c\u00e1c quy tr\u00ecnh v\u1ec7 sinh nghi\u00eam ng\u1eb7t, bao g\u1ed3m:<\/p>\n<ul>\n<li><strong>Nhi\u1ec7t \u0111\u1ed9 gi\u1eb7t:<\/strong>\u00a0L\u00ean \u0111\u1ebfn\u00a0<strong>90\u00b0C<\/strong>\u00a0trong 15 ph\u00fat, \u0111\u1ea3m b\u1ea3o l\u00e0m s\u1ea1ch k\u1ef9 l\u01b0\u1ee1ng.<\/li>\n<li><strong>Nhi\u1ec7t \u0111\u1ed9 kh\u1eed tr\u00f9ng:<\/strong>\u00a0C\u00f3 kh\u1ea3 n\u0103ng ch\u1ecbu \u0111\u01b0\u1ee3c c\u00e1c qu\u00e1 tr\u00ecnh kh\u1eed tr\u00f9ng \u1edf\u00a0<strong>135\u00b0C<\/strong>\u00a0trong v\u00f2ng 15-20 ph\u00fat, ph\u00f9 h\u1ee3p v\u1edbi m\u00f4i tr\u01b0\u1eddng y t\u1ebf.<\/li>\n<li><strong>Kh\u1ea3 n\u0103ng kh\u00e1ng h\u00f3a ch\u1ea5t:<\/strong>\u00a0Ch\u1ed1ng l\u1ea1i c\u00e1c h\u00f3a ch\u1ea5t gi\u1eb7t t\u1ea9y th\u00f4ng th\u01b0\u1eddng nh\u01b0 ch\u1ea5t t\u1ea9y r\u1eeda, ch\u1ea5t l\u00e0m m\u1ec1m v\u00e0 thu\u1ed1c t\u1ea9y, \u0111\u1ea3m b\u1ea3o \u0111\u1ed9 b\u1ec1n v\u00e0 hi\u1ec7u su\u1ea5t \u0111\u1ed3ng \u0111\u1ec1u.<\/li>\n<\/ul>\n<h4>5. Nh\u1eefng c\u00e2n nh\u1eafc v\u1ec1 m\u00f4i tr\u01b0\u1eddng<\/h4>\n<p>Nh\u1eefng th\u1ebb n\u00e0y \u0111\u01b0\u1ee3c thi\u1ebft k\u1ebf \u0111\u1ec3 ch\u1ecbu \u0111\u01b0\u1ee3c\u00a0<strong>\u00e1p su\u1ea5t khai th\u00e1c n\u01b0\u1edbc cao<\/strong>\u00a0l\u00ean \u0111\u1ebfn\u00a0<strong>60 thanh<\/strong>, \u0111\u1ea3m b\u1ea3o ch\u00fang v\u1eabn ho\u1ea1t \u0111\u1ed9ng t\u1ed1t ngay c\u1ea3 trong \u0111i\u1ec1u ki\u1ec7n gi\u1eb7t gi\u0169 kh\u1eafc nghi\u1ec7t nh\u1ea5t. C\u00e1c v\u1eadt li\u1ec7u \u0111\u01b0\u1ee3c s\u1eed d\u1ee5ng th\u00e2n thi\u1ec7n v\u1edbi m\u00f4i tr\u01b0\u1eddng, c\u00e0ng l\u00e0m t\u0103ng th\u00eam gi\u00e1 tr\u1ecb c\u1ee7a ch\u00fang.<\/p>\n<h4>6. Tu\u1ed5i th\u1ecd v\u00e0 H\u01b0\u1edbng d\u1eabn s\u1eed d\u1ee5ng<\/h4>\n<p>V\u1edbi tu\u1ed5i th\u1ecd \u01b0\u1edbc t\u00ednh l\u00e0\u00a0<strong>200 chu k\u1ef3 gi\u1eb7t ho\u1eb7c 3 n\u0103m<\/strong>\u00a0(t\u00f9y theo \u0111i\u1ec1u ki\u1ec7n n\u00e0o \u0111\u1ebfn tr\u01b0\u1edbc), th\u1ebb gi\u1eb7t \u1ee7i RFID c\u1ee7a ch\u00fang t\u00f4i \u0111\u01b0\u1ee3c ch\u1ebf t\u1ea1o \u0111\u1ec3 s\u1eed d\u1ee5ng l\u00e2u d\u00e0i. Ch\u00fang c\u00f3 th\u1ec3 chuy\u1ec3n \u0111\u1ed5i li\u1ec1n m\u1ea1ch t\u1eeb m\u00f4i tr\u01b0\u1eddng gi\u1eb7t \u1ee7i sang m\u00f4i tr\u01b0\u1eddng gi\u1eb7t kh\u00f4, gi\u00fap ch\u00fang linh ho\u1ea1t cho nhi\u1ec1u nhu c\u1ea7u v\u1eadn h\u00e0nh kh\u00e1c nhau.<\/p>\n<h3>S\u1ea3n ph\u1ea9m li\u00ean quan<\/h3>\n<p>\u0110\u1ec3 b\u1ed5 sung cho ch\u00fang t\u00f4i\u00a0<strong>Th\u1ebb gi\u1eb7t RFID d\u1ec7t UHF ch\u1ed1ng th\u1ea5m n\u01b0\u1edbc c\u00f3 th\u1ec3 gi\u1eb7t \u0111\u01b0\u1ee3c<\/strong>, h\u00e3y c\u00e2n nh\u1eafc kh\u00e1m ph\u00e1 nh\u1eefng s\u1ea3n ph\u1ea9m li\u00ean quan sau:<\/p>\n<ul>\n<li><strong>\u0110\u1ea7u \u0111\u1ecdc RFID:<\/strong>\u00a0C\u00f4ng c\u1ee5 thi\u1ebft y\u1ebfu \u0111\u1ec3 \u0111\u1ecdc v\u00e0 theo d\u00f5i th\u1ebb RFID hi\u1ec7u qu\u1ea3 trong ho\u1ea1t \u0111\u1ed9ng c\u1ee7a b\u1ea1n.<\/li>\n<li><strong>V\u1eadt t\u01b0 g\u1eafn th\u1ebb:<\/strong>\u00a0C\u00e1c t\u00f9y ch\u1ecdn may, h\u00e0n nhi\u1ec7t ho\u1eb7c g\u1eafn th\u1ebb RFID v\u00e0o c\u00e1c lo\u1ea1i v\u1ea3i kh\u00e1c nhau.<\/li>\n<li><strong>Gi\u1ea3i ph\u00e1p ph\u1ea7n m\u1ec1m:<\/strong>\u00a0Ph\u1ea7n m\u1ec1m qu\u1ea3n l\u00fd RFID \u0111\u1ec3 theo d\u00f5i h\u00e0ng t\u1ed3n kho v\u00e0 n\u00e2ng cao h\u1ec7 th\u1ed1ng qu\u1ea3n l\u00fd gi\u1eb7t l\u00e0 c\u1ee7a b\u1ea1n.<\/li>\n<\/ul>\n<h3>T\u00e1c \u0111\u1ed9ng m\u00f4i tr\u01b0\u1eddng v\u00e0 l\u1ee3i \u00edch c\u1ee7a ng\u00e0nh<\/h3>\n<ol>\n<li><strong>Gi\u1ea3m thi\u1ec3u ch\u1ea5t th\u1ea3i:<\/strong>\u00a0B\u1eb1ng c\u00e1ch theo d\u00f5i hi\u1ec7u qu\u1ea3 v\u1ea3i lanh v\u00e0 qu\u1ea7n \u00e1o, c\u00e1c th\u1ebb n\u00e0y gi\u00fap gi\u1ea3m thi\u1ec3u ch\u1ea5t th\u1ea3i t\u1eeb c\u00e1c v\u1eadt d\u1ee5ng b\u1ecb m\u1ea5t ho\u1eb7c th\u1ea5t l\u1ea1c, g\u00f3p ph\u1ea7n v\u00e0o ho\u1ea1t \u0111\u1ed9ng b\u1ec1n v\u1eefng h\u01a1n trong ng\u00e0nh gi\u1eb7t l\u00e0.<\/li>\n<li><strong>Qu\u1ea3n l\u00fd t\u00e0i nguy\u00ean \u0111\u01b0\u1ee3c t\u1ed1i \u01b0u h\u00f3a:<\/strong>\u00a0Vi\u1ec7c theo d\u00f5i hi\u1ec7u qu\u1ea3 s\u1ebd gi\u00fap t\u1ed1i \u01b0u h\u00f3a ho\u1ea1t \u0111\u1ed9ng gi\u1eb7t l\u00e0, \u0111\u1ea3m b\u1ea3o t\u1ea5t c\u1ea3 v\u1ea3i lanh v\u00e0 qu\u1ea7n \u00e1o \u0111\u1ec1u \u0111\u1ea1t ch\u1ea5t l\u01b0\u1ee3ng cao nh\u1ea5t, t\u1eeb \u0111\u00f3 k\u00e9o d\u00e0i tu\u1ed5i th\u1ecd v\u00e0 gi\u1ea3m chi ph\u00ed thay th\u1ebf.<\/li>\n<li><strong>N\u00e2ng cao s\u1ef1 h\u00e0i l\u00f2ng c\u1ee7a kh\u00e1ch h\u00e0ng:<\/strong>\u00a0Qu\u1ea3n l\u00fd h\u00e0ng t\u1ed3n kho hi\u1ec7u qu\u1ea3 c\u00f3 ngh\u0129a l\u00e0 kh\u00e1ch h\u00e0ng s\u1ebd nh\u1eadn \u0111\u01b0\u1ee3c kh\u0103n tr\u1ea3i gi\u01b0\u1eddng k\u1ecbp th\u1eddi v\u00e0 theo c\u00e1ch c\u00f3 t\u1ed5 ch\u1ee9c, gi\u00fap n\u00e2ng cao tr\u1ea3i nghi\u1ec7m c\u1ee7a kh\u00e1ch h\u00e0ng trong c\u00e1c ng\u00e0nh nh\u01b0 kh\u00e1ch s\u1ea1n v\u00e0 ch\u0103m s\u00f3c s\u1ee9c kh\u1ecfe.<\/li>\n<\/ol>\n<h3>\u0110\u00e1nh gi\u00e1 v\u00e0 tr\u1ea3i nghi\u1ec7m c\u1ee7a kh\u00e1ch h\u00e0ng<\/h3>\n<p>Kh\u00e1ch h\u00e0ng c\u1ee7a ch\u00fang t\u00f4i \u0111\u00e3 b\u00e1o c\u00e1o nh\u1eefng c\u1ea3i thi\u1ec7n \u0111\u00e1ng k\u1ec3 trong ho\u1ea1t \u0111\u1ed9ng gi\u1eb7t l\u00e0 c\u1ee7a h\u1ecd sau khi tri\u1ec3n khai th\u1ebb gi\u1eb7t l\u00e0 RFID d\u1ec7t UHF ch\u1ed1ng th\u1ea5m n\u01b0\u1edbc c\u00f3 th\u1ec3 gi\u1eb7t \u0111\u01b0\u1ee3c c\u1ee7a ch\u00fang t\u00f4i. Sau \u0111\u00e2y l\u00e0 m\u1ed9t s\u1ed1 l\u1eddi ch\u1ee9ng th\u1ef1c:<\/p>\n<ul>\n<li><strong>\u201cK\u1ec3 t\u1eeb khi ch\u00fang t\u00f4i b\u1eaft \u0111\u1ea7u s\u1eed d\u1ee5ng c\u00e1c th\u1ebb gi\u1eb7t \u1ee7i RFID n\u00e0y, ch\u00fang t\u00f4i \u0111\u00e3 gi\u1ea3m \u0111\u00e1ng k\u1ec3 th\u1eddi gian t\u00ecm ki\u1ebfm c\u00e1c m\u1eb7t h\u00e0ng b\u1ecb th\u1ea5t l\u1ea1c. Hi\u1ec7u qu\u1ea3 c\u1ee7a ch\u00fang t\u00f4i \u0111\u00e3 \u0111\u01b0\u1ee3c c\u1ea3i thi\u1ec7n v\u00e0 nh\u00e2n vi\u00ean c\u1ee7a ch\u00fang t\u00f4i c\u00f3 th\u1ec3 t\u1eadp trung v\u00e0o vi\u1ec7c cung c\u1ea5p d\u1ecbch v\u1ee5 ch\u1ea5t l\u01b0\u1ee3ng,\u201d<\/strong>\u00a0Linda, ng\u01b0\u1eddi qu\u1ea3n l\u00fd m\u1ed9t kh\u00e1ch s\u1ea1n \u0111\u1ecba ph\u01b0\u01a1ng, cho bi\u1ebft.<\/li>\n<li><strong>\u201c\u0110\u1ed9 b\u1ec1n c\u1ee7a nh\u1eefng th\u1ebb n\u00e0y th\u1eadt \u1ea5n t\u01b0\u1ee3ng. Ch\u00fang ch\u1ecbu \u0111\u01b0\u1ee3c chu k\u1ef3 gi\u1eb7t nghi\u00eam ng\u1eb7t c\u1ee7a ch\u00fang t\u00f4i v\u00e0 v\u1eabn ho\u1ea1t \u0111\u1ed9ng ho\u00e0n h\u1ea3o. T\u00f4i th\u1ef1c s\u1ef1 khuy\u00ean d\u00f9ng ch\u00fang cho b\u1ea5t k\u1ef3 d\u1ecbch v\u1ee5 gi\u1eb7t \u1ee7i th\u01b0\u01a1ng m\u1ea1i n\u00e0o,\u201d<\/strong>\u00a0Mark, m\u1ed9t gi\u00e1m \u0111\u1ed1c \u0111i\u1ec1u h\u00e0nh t\u1ea1i m\u1ed9t c\u01a1 s\u1edf gi\u1eb7t l\u00e0 c\u00f4ng nghi\u1ec7p, cho bi\u1ebft.<\/li>\n<\/ul>\n<h3>Nh\u1eefng c\u00e2u h\u1ecfi th\u01b0\u1eddng g\u1eb7p (FAQ)<\/h3>\n<h4>1. Ph\u1ea1m vi nhi\u1ec7t \u0111\u1ed9 ho\u1ea1t \u0111\u1ed9ng c\u1ee7a c\u00e1c th\u1ebb RFID n\u00e0y l\u00e0 bao nhi\u00eau?<\/h4>\n<p>Th\u1ebb RFID c\u00f3 th\u1ec3 ho\u1ea1t \u0111\u1ed9ng trong ph\u1ea1m vi nhi\u1ec7t \u0111\u1ed9\u00a0<strong>-20 \u0111\u1ebfn 110\u00b0C<\/strong>\u00a0v\u00e0 ch\u1ecbu \u0111\u1ef1ng\u00a0<strong>\u0110\u1ed9 \u1ea9m t\u01b0\u01a1ng \u0111\u1ed1i 8 \u0111\u1ebfn 95%<\/strong>, \u0111\u1ea3m b\u1ea3o ch\u00fang c\u00f3 th\u1ec3 ho\u1ea1t \u0111\u1ed9ng trong nhi\u1ec1u m\u00f4i tr\u01b0\u1eddng kh\u00e1c nhau.<\/p>\n<h4>2. T\u00f4i n\u00ean g\u1eafn th\u1ebb gi\u1eb7t RFID v\u00e0o qu\u1ea7n \u00e1o nh\u01b0 th\u1ebf n\u00e0o?<\/h4>\n<p>C\u00e1c th\u1ebb c\u00f3 th\u1ec3 \u0111\u01b0\u1ee3c \u0111\u00ednh k\u00e8m b\u1edfi\u00a0<strong>kh\u00e2u ho\u1eb7c h\u00e0n nhi\u1ec7t<\/strong>, mang l\u1ea1i s\u1ef1 linh ho\u1ea1t d\u1ef1a tr\u00ean nhu c\u1ea7u v\u1eadn h\u00e0nh v\u00e0 lo\u1ea1i trang ph\u1ee5c c\u1ee7a b\u1ea1n.<\/p>\n<h4>3. Nh\u1eefng th\u1ebb n\u00e0y c\u00f3 th\u1ec3 d\u00f9ng \u0111\u1ec3 gi\u1eb7t kh\u00f4 \u0111\u01b0\u1ee3c kh\u00f4ng?<\/h4>\n<p>C\u00f3, c\u00e1c th\u1ebb RFID n\u00e0y \u0111\u1ee7 linh ho\u1ea1t \u0111\u1ec3 s\u1eed d\u1ee5ng trong c\u1ea3 hai\u00a0<strong>c\u00e0i \u0111\u1eb7t gi\u1eb7t l\u00e0 v\u00e0 gi\u1eb7t kh\u00f4<\/strong>.<\/p>\n<h4>4. L\u00e0m th\u1ebf n\u00e0o \u0111\u1ec3 t\u1ed1i \u0111a h\u00f3a tu\u1ed5i th\u1ecd c\u1ee7a th\u1ebb gi\u1eb7t RFID?<\/h4>\n<p>\u0110\u1ec3 \u0111\u1ea3m b\u1ea3o \u0111\u1ed9 b\u1ec1n, h\u00e3y tu\u00e2n th\u1ee7 c\u00e1c h\u01b0\u1edbng d\u1eabn gi\u1eb7t v\u00e0 s\u1ea5y \u0111\u01b0\u1ee3c cung c\u1ea5p v\u00e0 tr\u00e1nh ti\u1ebfp x\u00fac v\u1edbi c\u00e1c lo\u1ea1i h\u00f3a ch\u1ea5t m\u1ea1nh ngo\u00e0i c\u00e1c ch\u1ea5t t\u1ea9y r\u1eeda v\u00e0 n\u01b0\u1edbc x\u1ea3 v\u1ea3i th\u00f4ng th\u01b0\u1eddng.<\/p>\n<h3>K\u1ebft lu\u1eadn: Bi\u1ebfn \u0111\u1ed5i ho\u1ea1t \u0111\u1ed9ng qu\u1ea3n l\u00fd gi\u1eb7t l\u00e0 c\u1ee7a b\u1ea1n b\u1eb1ng c\u00f4ng ngh\u1ec7 RFID<\/h3>\n<p>C\u00e1c\u00a0<strong>Th\u1ebb gi\u1eb7t b\u1eb1ng v\u1ea3i RFID UHF ch\u1ed1ng th\u1ea5m n\u01b0\u1edbc c\u00f3 th\u1ec3 gi\u1eb7t \u0111\u01b0\u1ee3c c\u00f3 l\u1ed7<\/strong>\u00a0kh\u00f4ng ch\u1ec9 l\u00e0 m\u1ed9t ph\u1ee5 ki\u1ec7n gi\u1eb7t gi\u0169; n\u00f3 l\u00e0 m\u1ed9t c\u00f4ng c\u1ee5 thi\u1ebft y\u1ebfu cho th\u1eddi hi\u1ec7n \u0111\u1ea1i\u00a0<strong>qu\u1ea3n l\u00fd gi\u1eb7t l\u00e0<\/strong>. B\u1eb1ng c\u00e1ch \u0111\u1ea7u t\u01b0 v\u00e0o c\u00e1c th\u1ebb b\u1ec1n, \u0111\u00e1ng tin c\u1eady v\u00e0 d\u1ec5 s\u1eed d\u1ee5ng, b\u1ea1n c\u00f3 th\u1ec3 h\u1ee3p l\u00fd h\u00f3a ho\u1ea1t \u0111\u1ed9ng, gi\u1ea3m th\u1ea5t tho\u00e1t v\u00e0 n\u00e2ng cao hi\u1ec7u qu\u1ea3 chung c\u1ee7a d\u1ecbch v\u1ee5 gi\u1eb7t l\u00e0.<\/p>","protected":false},"excerpt":{"rendered":"<p>Th\u1ebb gi\u1eb7t RFID d\u1ec7t UHF ch\u1ed1ng th\u1ea5m n\u01b0\u1edbc c\u00f3 l\u1ed7, \u0111\u01b0\u1ee3c thi\u1ebft k\u1ebf \u0111\u1ec3 c\u00f3 \u0111\u1ed9 b\u1ec1n cao v\u00e0 theo d\u00f5i hi\u1ec7u qu\u1ea3 trong c\u00e1c \u1ee9ng d\u1ee5ng gi\u1eb7t l\u00e0 c\u00f4ng nghi\u1ec7p.<\/p>","protected":false},"featured_media":2776,"template":"","meta":{"_kad_post_transparent":"default","_kad_post_title":"","_kad_post_layout":"default","_kad_post_sidebar_id":"","_kad_post_content_style":"default","_kad_post_vertical_padding":"default","_kad_post_feature":"","_kad_post_feature_position":"","_kad_post_header":false,"_kad_post_footer":false,"_kad_post_classname":""},"product_brand":[],"product_cat":[19],"product_tag":[324,65,30,325],"class_list":{"0":"post-2775","1":"product","2":"type-product","3":"status-publish","4":"has-post-thumbnail","6":"product_cat-textile-rfid-laundry-tag","7":"product_tag-rfid-laundry-tag","8":"product_tag-textile-rfid-laundry-tags","9":"product_tag-uhf-rfid-laundry-tag","10":"product_tag-washable-rfid-laundry-tag","12":"first","13":"instock","14":"featured","15":"shipping-taxable","16":"product-type-simple","17":"entry","18":"content-bg","19":"loop-entry"},"_links":{"self":[{"href":"https:\/\/rfid-laundry-tag.com\/vi\/wp-json\/wp\/v2\/product\/2775","targetHints":{"allow":["GET"]}}],"collection":[{"href":"https:\/\/rfid-laundry-tag.com\/vi\/wp-json\/wp\/v2\/product"}],"about":[{"href":"https:\/\/rfid-laundry-tag.com\/vi\/wp-json\/wp\/v2\/types\/product"}],"version-history":[{"count":3,"href":"https:\/\/rfid-laundry-tag.com\/vi\/wp-json\/wp\/v2\/product\/2775\/revisions"}],"predecessor-version":[{"id":2782,"href":"https:\/\/rfid-laundry-tag.com\/vi\/wp-json\/wp\/v2\/product\/2775\/revisions\/2782"}],"wp:featuredmedia":[{"embeddable":true,"href":"https:\/\/rfid-laundry-tag.com\/vi\/wp-json\/wp\/v2\/media\/2776"}],"wp:attachment":[{"href":"https:\/\/rfid-laundry-tag.com\/vi\/wp-json\/wp\/v2\/media?parent=2775"}],"wp:term":[{"taxonomy":"product_brand","embeddable":true,"href":"https:\/\/rfid-laundry-tag.com\/vi\/wp-json\/wp\/v2\/product_brand?post=2775"},{"taxonomy":"product_cat","embeddable":true,"href":"https:\/\/rfid-laundry-tag.com\/vi\/wp-json\/wp\/v2\/product_cat?post=2775"},{"taxonomy":"product_tag","embeddable":true,"href":"https:\/\/rfid-laundry-tag.com\/vi\/wp-json\/wp\/v2\/product_tag?post=2775"}],"curies":[{"name":"wp","href":"https:\/\/api.w.org\/{rel}","templated":true}]}}