{"id":277,"date":"2024-06-26T08:06:00","date_gmt":"2024-06-26T08:06:00","guid":{"rendered":"https:\/\/rfid-laundry-tag.com\/?post_type=product&#038;p=277"},"modified":"2024-06-26T08:06:01","modified_gmt":"2024-06-26T08:06:01","slug":"on-metal-uhf-rfid-sticker","status":"publish","type":"product","link":"https:\/\/rfid-laundry-tag.com\/vi\/on-metal-uhf-rfid-sticker\/","title":{"rendered":"Tr\u00ean nh\u00e3n d\u00e1n RFID UHF kim lo\u1ea1i"},"content":{"rendered":"<table style=\"border-collapse: collapse; width: 370.82pt;\" border=\"0\" width=\"618\" cellspacing=\"0\" cellpadding=\"0\">\n<tbody>\n<tr style=\"height: 17.40pt;\">\n<td class=\"et2\" style=\"height: 17.40pt; width: 127.80pt;\" width=\"213\" height=\"29\">T\u00ean m\u1eb7t h\u00e0ng<\/td>\n<td class=\"et3\" style=\"width: 243.00pt;\" width=\"405\">Tr\u00ean nh\u00e3n d\u00e1n RFID UHF kim lo\u1ea1i<\/td>\n<\/tr>\n<tr style=\"height: 41.00pt;\">\n<td class=\"et4\" style=\"height: 41.00pt; width: 127.80pt;\" width=\"213\" height=\"68\">V\u1eadt li\u1ec7u<\/td>\n<td class=\"et5\" style=\"width: 243.00pt;\" width=\"405\">Gi\u1ea5y tr\u00e1ng ph\u1ee7 + X\u1ed1p EFVA<\/td>\n<\/tr>\n<tr style=\"height: 25.00pt;\">\n<td class=\"et4\" style=\"height: 25.00pt; width: 127.80pt;\" width=\"213\" height=\"41\">K\u00edch c\u1ee1<\/td>\n<td class=\"et5\" style=\"width: 243.00pt;\" width=\"405\">90*25*1.2 mm, 60*25*1.2mm, 70*30 v.v.<\/td>\n<\/tr>\n<tr style=\"height: 17.40pt;\">\n<td class=\"et4\" style=\"height: 17.40pt; width: 127.80pt;\" width=\"213\" height=\"29\">Chip<\/td>\n<td class=\"et5\" style=\"width: 243.00pt;\" width=\"405\">Monza R6, U9, v.v.<\/td>\n<\/tr>\n<tr style=\"height: 40.00pt;\">\n<td class=\"et4\" style=\"height: 40.00pt; width: 127.80pt;\" width=\"213\" height=\"66\">Giao th\u1ee9c<\/td>\n<td class=\"et5\" style=\"width: 243.00pt;\" width=\"405\">Ti\u00eau chu\u1ea9n ISO\/IEC18000-6C<\/td>\n<\/tr>\n<tr style=\"height: 17.40pt;\">\n<td class=\"et4\" style=\"height: 17.40pt; width: 127.80pt;\" width=\"213\" height=\"29\">T\u00ednh th\u01b0\u1eddng xuy\u00ean<\/td>\n<td class=\"et5\" style=\"width: 243.00pt;\" width=\"405\">902-928MHz<\/td>\n<\/tr>\n<tr style=\"height: 63.00pt;\">\n<td class=\"et4\" style=\"height: 63.00pt; width: 127.80pt;\" width=\"213\" height=\"105\">C\u00e1 nh\u00e2n h\u00f3a<\/td>\n<td class=\"et5\" style=\"width: 243.00pt;\" width=\"405\">In Logo, M\u00e3 H\u00f3a<\/td>\n<\/tr>\n<tr style=\"height: 60.00pt;\">\n<td class=\"et6\" style=\"height: 60.00pt; width: 127.80pt;\" width=\"213\" height=\"100\">\u1ee8ng d\u1ee5ng<\/td>\n<td class=\"et7\" style=\"width: 243.00pt;\" width=\"405\">k\u1ec7 kho, t\u00e0i s\u1ea3n CNTT\/th\u00f9ng kim lo\u1ea1i\/thi\u1ebft b\u1ecb &amp; theo d\u00f5i thi\u1ebft b\u1ecb<\/td>\n<\/tr>\n<\/tbody>\n<\/table>\n<p>&nbsp;<\/p>\n<p>Nh\u1eb9 h\u01a1n nhi\u1ec1u, linh ho\u1ea1t h\u01a1n, c\u00f3 th\u1ec3 in v\u00e0 \u0111a n\u0103ng h\u01a1n h\u1ea7u h\u1ebft c\u00e1c th\u1ebb kim lo\u1ea1i c\u1ee9ng RFID, c\u00e1c nh\u00e3n n\u00e0y cung c\u1ea5p t\u1ea5t c\u1ea3 c\u00e1c t\u00ednh n\u0103ng n\u00e0y v\u1edbi chi ph\u00ed th\u1ea5p h\u01a1n \u0111\u00e1ng k\u1ec3. V\u1edbi c\u00e1c th\u1ebb RFID ch\u1ed1ng kim lo\u1ea1i n\u00e0y, b\u1ea1n c\u00f3 th\u1ec3 y\u00ean t\u00e2m v\u1ec1 hi\u1ec7u qu\u1ea3 v\u00e0 gi\u00e1 c\u1ea3 ph\u1ea3i ch\u0103ng m\u00e0 kh\u00f4ng \u1ea3nh h\u01b0\u1edfng \u0111\u1ebfn hi\u1ec7u su\u1ea5t.<\/p>\n<div class=\"auto-hide-last-sibling-br paragraph_9dc5f paragraph-element\">Th\u1ebb RFID kim lo\u1ea1i c\u00f3 th\u1ec3 in c\u00f3 nhi\u1ec1u t\u00ednh n\u0103ng \u0111\u00e1ng ch\u00fa \u00fd khi\u1ebfn n\u00f3 tr\u1edf th\u00e0nh l\u1ef1a ch\u1ecdn l\u00fd t\u01b0\u1edfng cho nhi\u1ec1u \u1ee9ng d\u1ee5ng kh\u00e1c nhau:<\/div>\n<ol class=\"auto-hide-last-sibling-br\">\n<li>\n<div class=\"auto-hide-last-sibling-br paragraph_9dc5f paragraph-element\">Hi\u1ec7u su\u1ea5t RFID ho\u00e0n h\u1ea3o tr\u00ean b\u1ec1 m\u1eb7t kim lo\u1ea1i: Th\u1ebb \u0111\u01b0\u1ee3c thi\u1ebft k\u1ebf \u0111\u1eb7c bi\u1ec7t \u0111\u1ec3 cung c\u1ea5p hi\u1ec7u su\u1ea5t t\u1ed1i \u01b0u khi g\u1eafn v\u00e0o c\u00e1c v\u1eadt th\u1ec3 b\u1eb1ng kim lo\u1ea1i.<\/div>\n<\/li>\n<li>\n<div class=\"auto-hide-last-sibling-br paragraph_9dc5f paragraph-element\">Si\u00eau nh\u1ecf v\u00e0 si\u00eau m\u1ecfng: V\u1edbi \u0111\u1ed9 d\u00e0y ch\u1ec9 1mm, th\u1ebb RFID c\u1ef1c k\u1ef3 nh\u1ecf g\u1ecdn, l\u00fd t\u01b0\u1edfng cho vi\u1ec7c in chuy\u1ec3n nhi\u1ec7t.<\/div>\n<\/li>\n<li>\n<div class=\"auto-hide-last-sibling-br paragraph_9dc5f paragraph-element\">T\u00ednh linh ho\u1ea1t: Th\u1ebb \u0111\u01b0\u1ee3c thi\u1ebft k\u1ebf linh ho\u1ea1t, ngh\u0129a l\u00e0 n\u00f3 c\u00f3 th\u1ec3 ph\u00f9 h\u1ee3p v\u1edbi c\u00e1c b\u1ec1 m\u1eb7t cong m\u00e0 kh\u00f4ng g\u1eb7p b\u1ea5t k\u1ef3 v\u1ea5n \u0111\u1ec1 g\u00ec.<\/div>\n<\/li>\n<li>\n<div class=\"auto-hide-last-sibling-br paragraph_9dc5f paragraph-element\">Ph\u1ea1m vi \u0111\u1ecdc xa: Sau khi g\u1eafn v\u00e0o b\u1ec1 m\u1eb7t kim lo\u1ea1i, th\u1ebb c\u00f3 ph\u1ea1m vi \u0111\u1ecdc \u1ea5n t\u01b0\u1ee3ng l\u00ean t\u1edbi 8 m\u00e9t, mang l\u1ea1i kh\u1ea3 n\u0103ng truy xu\u1ea5t ngu\u1ed3n g\u1ed1c tuy\u1ec7t v\u1eddi.<\/div>\n<\/li>\n<li>\n<div class=\"auto-hide-last-sibling-br paragraph_9dc5f paragraph-element\">H\u1ed7 tr\u1ee3 t\u1ea7n s\u1ed1: Th\u1ebb n\u00e0y h\u1ed7 tr\u1ee3 c\u1ea3 t\u1ea7n s\u1ed1 FCC (\u1ee6y ban Truy\u1ec1n th\u00f4ng Li\u00ean bang) v\u00e0 ETSI (Vi\u1ec7n Ti\u00eau chu\u1ea9n Vi\u1ec5n th\u00f4ng Ch\u00e2u \u00c2u), gi\u00fap th\u1ebb c\u00f3 th\u1ec3 th\u00edch \u1ee9ng \u0111\u1ec3 s\u1eed d\u1ee5ng \u1edf nhi\u1ec1u khu v\u1ef1c kh\u00e1c nhau.<\/div>\n<\/li>\n<li>\n<div class=\"auto-hide-last-sibling-br paragraph_9dc5f paragraph-element\">B\u1ea3o v\u1ec7 v\u01b0\u1ee3t tr\u1ed9i: V\u1edbi x\u1ebfp h\u1ea1ng IP68, th\u1ebb RFID ch\u1ed1ng b\u1ee5i v\u00e0 c\u00f3 th\u1ec3 ng\u00e2m trong n\u01b0\u1edbc, tr\u1edf th\u00e0nh l\u1ef1a ch\u1ecdn tuy\u1ec7t v\u1eddi cho c\u00e1c m\u00f4i tr\u01b0\u1eddng ho\u1eb7c \u1ee9ng d\u1ee5ng kh\u1eafc nghi\u1ec7t c\u1ea7n kh\u1ea3 n\u0103ng ch\u1ed1ng ch\u1ecbu \u0111i\u1ec1u ki\u1ec7n kh\u1eafc nghi\u1ec7t.<\/div>\n<\/li>\n<\/ol>\n<div class=\"auto-hide-last-sibling-br paragraph_9dc5f paragraph-element\">C\u00e1c t\u00ednh n\u0103ng n\u00e0y k\u1ebft h\u1ee3p l\u1ea1i v\u1edbi nhau \u0111\u1ec3 bi\u1ebfn Th\u1ebb RFID c\u00f3 th\u1ec3 in tr\u00ean kim lo\u1ea1i th\u00e0nh m\u1ed9t c\u00f4ng c\u1ee5 m\u1ea1nh m\u1ebd v\u00e0 linh ho\u1ea1t \u0111\u1ec3 theo d\u00f5i v\u00e0 qu\u1ea3n l\u00fd t\u00e0i s\u1ea3n tr\u00ean b\u1ec1 m\u1eb7t kim lo\u1ea1i.<\/div>","protected":false},"excerpt":{"rendered":"<div class=\"auto-hide-last-sibling-br paragraph_9dc5f paragraph-element\">Nh\u00e3n UHF ch\u1ed1ng kim lo\u1ea1i si\u00eau m\u1ecfng v\u00e0 linh ho\u1ea1t c\u00f3 \u0111\u1ed9 d\u00e0y d\u01b0\u1edbi 1,2mm. Cung c\u1ea5p gi\u1ea3i ph\u00e1p \u0111\u00e1ng tin c\u1eady \u0111\u1ec3 in t\u1ea1i ch\u1ed7 c\u00e1c th\u1ebb t\u00e0i s\u1ea3n RFID, c\u00e1c nh\u00e3n n\u00e0y c\u00f3 th\u1ec3 d\u1ec5 d\u00e0ng \u0111\u01b0\u1ee3c in v\u00e0 m\u00e3 h\u00f3a b\u1eb1ng m\u00e1y in RFID nh\u01b0 SATO CL4NX ho\u1eb7c Toshiba SX-5. Lo\u1ea1i nh\u00e3n RFID n\u00e0y m\u1ec1m v\u00e0 linh ho\u1ea1t, khi\u1ebfn n\u00f3 ho\u00e0n to\u00e0n ph\u00f9 h\u1ee3p v\u1edbi b\u1ec1 m\u1eb7t kim lo\u1ea1i ph\u1eb3ng ho\u1eb7c \u00edt cong. Cho d\u00f9 \u0111\u00f3 l\u00e0 t\u00e0i s\u1ea3n CNTT, thi\u1ebft b\u1ecb y t\u1ebf, \u1ed1ng kim lo\u1ea1i hay h\u1ed9p \u0111\u1ef1ng kim lo\u1ea1i, th\u00ec th\u1ebb n\u00e0y \u0111\u1ec1u ph\u00f9 h\u1ee3p l\u00fd t\u01b0\u1edfng. N\u00f3 k\u1ebft h\u1ee3p hi\u1ec7u su\u1ea5t cao v\u00e0 hi\u1ec7u qu\u1ea3 v\u1ec1 chi ph\u00ed trong m\u1ed9t g\u00f3i.<\/div>","protected":false},"featured_media":278,"template":"","meta":{"_kad_post_transparent":"default","_kad_post_title":"","_kad_post_layout":"default","_kad_post_sidebar_id":"","_kad_post_content_style":"default","_kad_post_vertical_padding":"default","_kad_post_feature":"","_kad_post_feature_position":"","_kad_post_header":false,"_kad_post_footer":false,"_kad_post_classname":""},"product_brand":[],"product_cat":[54],"product_tag":[105],"class_list":{"0":"post-277","1":"product","2":"type-product","3":"status-publish","4":"has-post-thumbnail","6":"product_cat-hot-selling-rfid-tags","7":"product_tag-on-metal-uhf-rfid-sticker","9":"first","10":"instock","11":"shipping-taxable","12":"product-type-simple","13":"entry","14":"content-bg","15":"loop-entry"},"_links":{"self":[{"href":"https:\/\/rfid-laundry-tag.com\/vi\/wp-json\/wp\/v2\/product\/277","targetHints":{"allow":["GET"]}}],"collection":[{"href":"https:\/\/rfid-laundry-tag.com\/vi\/wp-json\/wp\/v2\/product"}],"about":[{"href":"https:\/\/rfid-laundry-tag.com\/vi\/wp-json\/wp\/v2\/types\/product"}],"version-history":[{"count":0,"href":"https:\/\/rfid-laundry-tag.com\/vi\/wp-json\/wp\/v2\/product\/277\/revisions"}],"wp:featuredmedia":[{"embeddable":true,"href":"https:\/\/rfid-laundry-tag.com\/vi\/wp-json\/wp\/v2\/media\/278"}],"wp:attachment":[{"href":"https:\/\/rfid-laundry-tag.com\/vi\/wp-json\/wp\/v2\/media?parent=277"}],"wp:term":[{"taxonomy":"product_brand","embeddable":true,"href":"https:\/\/rfid-laundry-tag.com\/vi\/wp-json\/wp\/v2\/product_brand?post=277"},{"taxonomy":"product_cat","embeddable":true,"href":"https:\/\/rfid-laundry-tag.com\/vi\/wp-json\/wp\/v2\/product_cat?post=277"},{"taxonomy":"product_tag","embeddable":true,"href":"https:\/\/rfid-laundry-tag.com\/vi\/wp-json\/wp\/v2\/product_tag?post=277"}],"curies":[{"name":"wp","href":"https:\/\/api.w.org\/{rel}","templated":true}]}}