{"id":2761,"date":"2024-10-21T16:41:28","date_gmt":"2024-10-21T16:41:28","guid":{"rendered":"https:\/\/rfid-laundry-tag.com\/?post_type=product&#038;p=2761"},"modified":"2024-10-21T16:54:52","modified_gmt":"2024-10-21T16:54:52","slug":"iso15693-i-code-slix-patrol-nfc-tag","status":"publish","type":"product","link":"https:\/\/rfid-laundry-tag.com\/vi\/iso15693-i-code-slix-patrol-nfc-tag\/","title":{"rendered":"Th\u1ebb NFC tu\u1ea7n tra ISO15693 I CODE SLIX"},"content":{"rendered":"<h1>Th\u1ebb NFC tu\u1ea7n tra ISO15693 I CODE SLIX<\/h1>\n<p>C\u00e1c\u00a0<strong>Th\u1ebb NFC ICODE SLI X Patrol<\/strong>\u00a0\u0111\u01b0\u1ee3c thi\u1ebft k\u1ebf cho nh\u1eefng ng\u01b0\u1eddi \u0111\u00f2i h\u1ecfi \u0111\u1ed9 tin c\u1eady v\u00e0 hi\u1ec7u su\u1ea5t trong m\u00f4i tr\u01b0\u1eddng \u0111\u1ea7y th\u00e1ch th\u1ee9c.\u00a0<strong>Th\u1ebb NFC<\/strong>\u00a0ho\u00e0n h\u1ea3o cho c\u00e1c \u1ee9ng d\u1ee5ng tu\u1ea7n tra, cho ph\u00e9p giao ti\u1ebfp li\u1ec1n m\u1ea1ch v\u1edbi c\u00e1c thi\u1ebft b\u1ecb h\u1ed7 tr\u1ee3 NFC. \u0110\u01b0\u1ee3c ch\u1ebf t\u1ea1o \u0111\u1ec3 ch\u1ecbu \u0111\u01b0\u1ee3c th\u1eed th\u00e1ch c\u1ee7a th\u1eddi gian v\u00e0 \u0111i\u1ec1u ki\u1ec7n kh\u1eafc nghi\u1ec7t, n\u00f3 cung c\u1ea5p m\u1ed9t\u00a0<strong>IP65<\/strong>\u00a0\u0111\u00e1nh gi\u00e1, \u0111\u1ea3m b\u1ea3o r\u1eb1ng n\u00f3 v\u1eabn ho\u1ea1t \u0111\u1ed9ng ngay c\u1ea3 khi ti\u1ebfp x\u00fac v\u1edbi \u0111\u1ed9 \u1ea9m v\u00e0 b\u1ee5i. V\u1edbi c\u00e1c t\u00f9y ch\u1ecdn t\u00f9y ch\u1ec9nh v\u00e0 \u0111\u1ed9 b\u1ec1n cao, ICODE SLI X l\u00e0 m\u1ed9t c\u00f4ng c\u1ee5 thi\u1ebft y\u1ebfu cho nh\u00e2n vi\u00ean an ninh, theo d\u00f5i t\u00e0i s\u1ea3n v\u00e0 nhi\u1ec1u \u1ee9ng d\u1ee5ng c\u00f4ng nghi\u1ec7p kh\u00e1c nhau.<\/p>\n<h2 class=\"AnswerParser_AnswerParserH2__SIHnF\">T\u00ednh n\u0103ng v\u00e0 l\u1ee3i \u00edch c\u1ee7a th\u1ebb NFC ICODE SLI X<\/h2>\n<ul class=\"AnswerParser_AnswerParserUnorderedList__P_1FW\">\n<li class=\"AnswerParser_ListItem__XqLOV\" translate=\"yes\"><strong>K\u1ebft c\u1ea5u b\u1ec1n v\u1eefng<\/strong>: \u0110\u01b0\u1ee3c l\u00e0m t\u1eeb\u00a0<strong>ABS<\/strong>\u00a0V\u1eadt li\u1ec7u ICODE SLI X c\u00f3 kh\u1ea3 n\u0103ng ch\u1ed1ng ch\u1ecbu t\u1ed1t v\u1edbi c\u00e1c t\u00e1c \u0111\u1ed9ng v\u1eadt l\u00fd v\u00e0 m\u00f4i tr\u01b0\u1eddng.<\/li>\n<li class=\"AnswerParser_ListItem__XqLOV\" translate=\"yes\"><strong>K\u00edch th\u01b0\u1edbc \u0111a d\u1ea1ng<\/strong>: C\u00f3 s\u1eb5n trong\u00a0<strong>25mm, 30mm v\u00e0 52mm<\/strong>\u00a0T\u00f9y ch\u1ecdn \u0111\u01b0\u1eddng k\u00ednh, th\u1ebb n\u00e0y c\u00f3 th\u1ec3 \u0111\u01b0\u1ee3c \u0111i\u1ec1u ch\u1ec9nh \u0111\u1ec3 \u0111\u00e1p \u1ee9ng nhu c\u1ea7u \u1ee9ng d\u1ee5ng c\u1ee5 th\u1ec3.<\/li>\n<li class=\"AnswerParser_ListItem__XqLOV\" translate=\"yes\"><strong>Hi\u1ec7u su\u1ea5t cao<\/strong>: Ho\u1ea1t \u0111\u1ed9ng t\u1ea1i\u00a0<strong>13,56MHz<\/strong>, th\u1ebb cung c\u1ea5p hi\u1ec7u su\u1ea5t truy\u1ec1n d\u1eef li\u1ec7u v\u01b0\u1ee3t tr\u1ed9i, cho ph\u00e9p giao ti\u1ebfp nhanh ch\u00f3ng v\u00e0 \u0111\u00e1ng tin c\u1eady.<\/li>\n<\/ul>\n<table class=\"all magic-8\">\n<tbody>\n<tr>\n<td colspan=\"1\" rowspan=\"1\">\n<div class=\"magic-9\" data-spm-anchor-id=\"a2700.details.0.i71.50be21afmO5Aid\">Chip<\/div>\n<\/td>\n<td colspan=\"1\" rowspan=\"1\">\n<div class=\"magic-10\">ICODE SLI X (T\u00f9y ch\u1ec9nh)<\/div>\n<\/td>\n<\/tr>\n<tr>\n<td colspan=\"1\" rowspan=\"1\">\n<div class=\"magic-9\">K\u00edch th\u01b0\u1edbc<\/div>\n<\/td>\n<td colspan=\"1\" rowspan=\"1\">\n<div class=\"magic-10\" data-spm-anchor-id=\"a2700.details.0.i73.50be21afmO5Aid\">\u0110\u01b0\u1eddng k\u00ednh 25mm, 30mm, 52mm (T\u00f9y ch\u1ec9nh)<\/div>\n<\/td>\n<\/tr>\n<tr>\n<td colspan=\"1\" rowspan=\"1\">\n<div class=\"magic-9\">\u0110\u1ed9 d\u00e0y<\/div>\n<\/td>\n<td colspan=\"1\" rowspan=\"1\">\n<div class=\"magic-10\">3mm, K\u00edch th\u01b0\u1edbc l\u1ed7: \u0111\u01b0\u1eddng k\u00ednh 5mm<\/div>\n<\/td>\n<\/tr>\n<tr>\n<td colspan=\"1\" rowspan=\"1\">\n<div class=\"magic-9\">V\u1eadt li\u1ec7u<\/div>\n<\/td>\n<td colspan=\"1\" rowspan=\"1\">\n<div class=\"magic-10\">ABS<\/div>\n<\/td>\n<\/tr>\n<tr>\n<td colspan=\"1\" rowspan=\"1\">\n<div class=\"magic-9\">X\u1ebfp h\u1ea1ng IP<\/div>\n<\/td>\n<td colspan=\"1\" rowspan=\"1\">\n<div class=\"magic-10\">IP65<\/div>\n<\/td>\n<\/tr>\n<tr>\n<td colspan=\"1\" rowspan=\"1\">\n<div class=\"magic-9\">Nhi\u1ec7t \u0111\u1ed9 \u1ee9ng d\u1ee5ng<\/div>\n<\/td>\n<td colspan=\"1\" rowspan=\"1\">\n<div class=\"magic-10\">-40~80\u00b0<\/div>\n<\/td>\n<\/tr>\n<tr>\n<td colspan=\"1\" rowspan=\"1\">\n<div class=\"magic-9\">Nhi\u1ec7t \u0111\u1ed9 ho\u1ea1t \u0111\u1ed9ng<\/div>\n<\/td>\n<td colspan=\"1\" rowspan=\"1\">\n<div class=\"magic-10\" data-spm-anchor-id=\"a2700.details.0.i72.50be21afmO5Aid\">-40~70\u00b0C<\/div>\n<\/td>\n<\/tr>\n<tr>\n<td colspan=\"1\" rowspan=\"1\">\n<div class=\"magic-9\">K\u00fd \u1ee9c<\/div>\n<\/td>\n<td colspan=\"1\" rowspan=\"1\">\n<div class=\"magic-10\">1K bit (T\u00f9y thu\u1ed9c v\u00e0o chip)<\/div>\n<\/td>\n<\/tr>\n<tr>\n<td colspan=\"1\" rowspan=\"1\">\n<div class=\"magic-9\">D\u1ea3i t\u1ea7n s\u1ed1 v\u1edbi hi\u1ec7u su\u1ea5t t\u1ed1t nh\u1ea5t<\/div>\n<\/td>\n<td colspan=\"1\" rowspan=\"1\">\n<div class=\"magic-10\">13,56MHz<\/div>\n<\/td>\n<\/tr>\n<tr>\n<td colspan=\"1\" rowspan=\"1\">\n<div class=\"magic-9\">Cu\u1ed9c s\u1ed1ng IC<\/div>\n<\/td>\n<td colspan=\"1\" rowspan=\"1\">\n<div class=\"magic-10\">\u0110\u1ed9 b\u1ec1n ghi 100.000 chu k\u1ef3L\u01b0u gi\u1eef ng\u00e0y<\/div>\n<\/td>\n<\/tr>\n<\/tbody>\n<\/table>\n<p>&nbsp;<\/p>\n<h3 class=\"AnswerParser_AnswerParserH3__Mpe4s\">1. Kh\u1ea3 n\u0103ng t\u01b0\u01a1ng th\u00edch v\u00e0 ch\u1ee9c n\u0103ng c\u1ee7a th\u1ebb NFC<\/h3>\n<p><span class=\"AnswerParser_TextContainer__z_Iiv\" data-testid=\"youchat-text\">C\u00e1c\u00a0<strong>Th\u1ebb NFC ICODE SLI X<\/strong>\u00a0t\u01b0\u01a1ng th\u00edch v\u1edbi nhi\u1ec1u lo\u1ea1i\u00a0<strong>Thi\u1ebft b\u1ecb h\u1ed7 tr\u1ee3 NFC<\/strong>, bao g\u1ed3m c\u1ea3 \u0111i\u1ec7n tho\u1ea1i th\u00f4ng minh v\u00e0 m\u00e1y t\u00ednh b\u1ea3ng. Kh\u1ea3 n\u0103ng t\u01b0\u01a1ng th\u00edch n\u00e0y cho ph\u00e9p ng\u01b0\u1eddi d\u00f9ng d\u1ec5 d\u00e0ng\u00a0<strong>\u0111\u1ecdc NFC<\/strong>\u00a0th\u1ebb s\u1eed d\u1ee5ng thi\u1ebft b\u1ecb c\u1ee7a h\u1ecd, cho d\u00f9 h\u1ecd \u0111ang s\u1eed d\u1ee5ng\u00a0<strong>iPhone<\/strong>\u00a0ho\u1eb7c m\u1ed9t\u00a0<strong>Android<\/strong>\u00a0\u0111i\u1ec7n tho\u1ea1i. S\u1ef1 t\u00edch h\u1ee3p c\u1ee7a\u00a0<strong>C\u00f4ng ngh\u1ec7 NFC<\/strong>\u00a0c\u00f3 ngh\u0129a l\u00e0 ng\u01b0\u1eddi d\u00f9ng c\u00f3 th\u1ec3 nhanh ch\u00f3ng ch\u1ea1m thi\u1ebft b\u1ecb c\u1ee7a h\u1ecd v\u00e0o th\u1ebb \u0111\u1ec3 truy c\u1eadp d\u1eef li\u1ec7u t\u1ee9c th\u1eddi, r\u1ea5t l\u00fd t\u01b0\u1edfng cho danh thi\u1ebfp, h\u1ec7 th\u1ed1ng nh\u1eadp c\u1ea3nh an to\u00e0n ho\u1eb7c chia s\u1ebb th\u00f4ng tin.<\/span><span class=\"AnswerParser_TextContainer__z_Iiv\" data-testid=\"youchat-text\">Th\u1ebb \u0111\u01b0\u1ee3c thi\u1ebft k\u1ebf \u0111\u1ec3 s\u1eed d\u1ee5ng trong nhi\u1ec1u \u1ee9ng d\u1ee5ng kh\u00e1c nhau, cho ph\u00e9p c\u00e1c doanh nghi\u1ec7p h\u1ee3p l\u00fd h\u00f3a ho\u1ea1t \u0111\u1ed9ng v\u00e0 c\u1ea3i thi\u1ec7n giao ti\u1ebfp. Cho d\u00f9 b\u1ea1n \u0111ang s\u1eed d\u1ee5ng n\u00f3 nh\u01b0 m\u1ed9t ph\u1ea7n c\u1ee7a\u00a0<strong>h\u1ec7 th\u1ed1ng tu\u1ea7n tra<\/strong>\u00a0ho\u1eb7c \u0111\u1ec3 theo d\u00f5i t\u00e0i s\u1ea3n, ICODE SLI X cung c\u1ea5p gi\u1ea3i ph\u00e1p \u0111\u00e1ng tin c\u1eady c\u00f3 th\u1ec3 ch\u1ee9ng minh gi\u00e1 tr\u1ecb v\u00f4 c\u00f9ng to l\u1edbn trong c\u00e1c ho\u1ea1t \u0111\u1ed9ng h\u00e0ng ng\u00e0y.<\/span><\/p>\n<h3 class=\"AnswerParser_AnswerParserH3__Mpe4s\">2. Hi\u1ec7u su\u1ea5t th\u1ebb NFC tr\u00ean kim lo\u1ea1i<\/h3>\n<p><span class=\"AnswerParser_TextContainer__z_Iiv\" data-testid=\"youchat-text\">M\u1ed9t trong nh\u1eefng t\u00ednh n\u0103ng n\u1ed5i b\u1eadt c\u1ee7a ICODE SLI X l\u00e0 kh\u1ea3 n\u0103ng ho\u1ea1t \u0111\u1ed9ng hi\u1ec7u qu\u1ea3 nh\u01b0 m\u1ed9t\u00a0<strong>th\u1ebb NFC tr\u00ean kim lo\u1ea1i<\/strong>. Th\u1ebb NFC truy\u1ec1n th\u1ed1ng th\u01b0\u1eddng g\u1eb7p kh\u00f3 kh\u0103n v\u1edbi b\u1ec1 m\u1eb7t kim lo\u1ea1i do nhi\u1ec5u, nh\u01b0ng th\u1ebb n\u00e0y s\u1eed d\u1ee5ng c\u00f4ng ngh\u1ec7 ti\u00ean ti\u1ebfn\u00a0<strong>c\u00f4ng ngh\u1ec7 ch\u1ed1ng kim lo\u1ea1i<\/strong>\u00a0\u0111\u1ec3 \u0111\u1ea3m b\u1ea3o hi\u1ec7u su\u1ea5t \u0111\u00e1ng tin c\u1eady. \u0110i\u1ec1u n\u00e0y c\u00f3 ngh\u0129a l\u00e0 b\u1ea1n c\u00f3 th\u1ec3 g\u1eafn n\u00f3 m\u1ed9t c\u00e1ch an to\u00e0n v\u00e0o b\u1ec1 m\u1eb7t kim lo\u1ea1i m\u00e0 kh\u00f4ng l\u00e0m m\u1ea5t ch\u1ee9c n\u0103ng, khi\u1ebfn n\u00f3 tr\u1edf n\u00ean ho\u00e0n h\u1ea3o cho c\u00e1c thi\u1ebft l\u1eadp c\u00f4ng nghi\u1ec7p ho\u1eb7c tr\u1ea1m ki\u1ec3m so\u00e1t an ninh.<\/span><span class=\"AnswerParser_TextContainer__z_Iiv\" data-testid=\"youchat-text\">Khi g\u1eafn v\u00e0o kim lo\u1ea1i, ICODE SLI X duy tr\u00ec k\u1ebft n\u1ed1i m\u1ea1nh m\u1ebd v\u1edbi c\u00e1c thi\u1ebft b\u1ecb NFC, cho ph\u00e9p truy\u1ec1n d\u1eef li\u1ec7u li\u1ec1n m\u1ea1ch m\u00e0 kh\u00f4ng c\u1ea7n thi\u1ebft b\u1ecb b\u1ed5 sung. T\u00ednh n\u0103ng n\u00e0y \u0111\u1eb7c bi\u1ec7t c\u00f3 l\u1ee3i cho c\u00e1c doanh nghi\u1ec7p mu\u1ed1n tri\u1ec3n khai\u00a0<strong>gi\u1ea3i ph\u00e1p kh\u00f4ng ti\u1ebfp x\u00fac<\/strong>\u00a0trong m\u00f4i tr\u01b0\u1eddng kh\u1eafc nghi\u1ec7t.<\/span><\/p>\n<h3 class=\"AnswerParser_AnswerParserH3__Mpe4s\">3. T\u00f9y ch\u1ecdn t\u00f9y ch\u1ec9nh cho nhi\u1ec1u \u1ee9ng d\u1ee5ng kh\u00e1c nhau<\/h3>\n<p><span class=\"AnswerParser_TextContainer__z_Iiv\" data-testid=\"youchat-text\">T\u00f9y ch\u1ec9nh l\u00e0 ch\u00eca kh\u00f3a khi tri\u1ec3n khai c\u00f4ng ngh\u1ec7 NFC trong nhi\u1ec1u ng\u00e0nh c\u00f4ng nghi\u1ec7p kh\u00e1c nhau. ICODE SLI X c\u00f3 th\u1ec3 \u0111\u01b0\u1ee3c t\u00f9y ch\u1ec9nh \u0111\u1ec3 \u0111\u00e1p \u1ee9ng c\u00e1c y\u00eau c\u1ea7u c\u1ee5 th\u1ec3, bao g\u1ed3m k\u00edch th\u01b0\u1edbc v\u00e0 dung l\u01b0\u1ee3ng b\u1ed9 nh\u1edb. V\u1edbi c\u00e1c t\u00f9y ch\u1ecdn cho\u00a0<strong>25mm, 30mm v\u00e0 52mm<\/strong>\u00a0\u0111\u01b0\u1eddng k\u00ednh, doanh nghi\u1ec7p c\u00f3 th\u1ec3 l\u1ef1a ch\u1ecdn k\u00edch th\u01b0\u1edbc ph\u00f9 h\u1ee3p nh\u1ea5t v\u1edbi nhu c\u1ea7u c\u1ee7a m\u00ecnh.<\/span><span class=\"AnswerParser_TextContainer__z_Iiv\" data-testid=\"youchat-text\">Ngo\u00e0i ra, dung l\u01b0\u1ee3ng b\u1ed9 nh\u1edb c\u00f3 th\u1ec3 \u0111\u01b0\u1ee3c \u0111i\u1ec1u ch\u1ec9nh, cho ph\u00e9p \u0111\u00e1p \u1ee9ng c\u00e1c nhu c\u1ea7u l\u01b0u tr\u1eef d\u1eef li\u1ec7u kh\u00e1c nhau. Cho d\u00f9 b\u1ea1n c\u1ea7n m\u1ed9t\u00a0<strong>Nh\u00e3n d\u00e1n NFC<\/strong>\u00a0\u0111\u1ed1i v\u1edbi danh thi\u1ebfp ho\u1eb7c gi\u1ea3i ph\u00e1p ph\u1ee9c t\u1ea1p h\u01a1n \u0111\u1ec3 theo d\u00f5i t\u00e0i s\u1ea3n, ICODE SLI X c\u00f3 th\u1ec3 \u0111\u01b0\u1ee3c t\u00f9y ch\u1ec9nh \u0111\u1ec3 cung c\u1ea5p ch\u1ee9c n\u0103ng ph\u00f9 h\u1ee3p.<\/span><\/p>\n<h3 class=\"AnswerParser_AnswerParserH3__Mpe4s\">4. Thi\u1ebft k\u1ebf th\u00e2n thi\u1ec7n v\u1edbi m\u00f4i tr\u01b0\u1eddng<\/h3>\n<p><span class=\"AnswerParser_TextContainer__z_Iiv\" data-testid=\"youchat-text\">V\u1edbi m\u1ed9t\u00a0<strong>IP65<\/strong>\u00a0x\u1ebfp h\u1ea1ng, ICODE SLI X \u0111\u01b0\u1ee3c thi\u1ebft k\u1ebf \u0111\u1ec3 ch\u1ecbu \u0111\u01b0\u1ee3c ti\u1ebfp x\u00fac v\u1edbi b\u1ee5i v\u00e0 \u0111\u1ed9 \u1ea9m, l\u00e0m cho n\u00f3 ph\u00f9 h\u1ee3p \u0111\u1ec3 s\u1eed d\u1ee5ng ngo\u00e0i tr\u1eddi v\u00e0 c\u00f4ng nghi\u1ec7p. Th\u1ebb c\u00f3 th\u1ec3 ho\u1ea1t \u0111\u1ed9ng \u1edf nhi\u1ec7t \u0111\u1ed9 t\u1eeb\u00a0<strong>-40\u00b0C \u0111\u1ebfn 80\u00b0C<\/strong>, \u0111\u1ea3m b\u1ea3o hi\u1ec7u su\u1ea5t \u1ed5n \u0111\u1ecbnh trong \u0111i\u1ec1u ki\u1ec7n kh\u1eafc nghi\u1ec7t.<\/span><span class=\"AnswerParser_TextContainer__z_Iiv\" data-testid=\"youchat-text\">S\u1ef1 m\u1ea1nh m\u1ebd n\u00e0y c\u00f3 ngh\u0129a l\u00e0 c\u00e1c doanh nghi\u1ec7p c\u00f3 th\u1ec3 tin t\u01b0\u1edfng v\u00e0o ICODE SLI X \u0111\u1ec3\u00a0<strong>s\u1eed d\u1ee5ng l\u00e2u d\u00e0i<\/strong>, gi\u1ea3m nhu c\u1ea7u thay th\u1ebf th\u01b0\u1eddng xuy\u00ean v\u00e0 cu\u1ed1i c\u00f9ng l\u00e0 ti\u1ebft ki\u1ec7m chi ph\u00ed. \u0110\u1ed9 b\u1ec1n c\u1ee7a th\u1ebb \u0111\u1ea3m b\u1ea3o r\u1eb1ng n\u00f3 c\u00f3 th\u1ec3 t\u1ed3n t\u1ea1i trong nh\u1eefng m\u00f4i tr\u01b0\u1eddng kh\u1eafc nghi\u1ec7t nh\u1ea5t, khi\u1ebfn n\u00f3 tr\u1edf th\u00e0nh kho\u1ea3n \u0111\u1ea7u t\u01b0 th\u00f4ng minh cho b\u1ea5t k\u1ef3 ho\u1ea1t \u0111\u1ed9ng n\u00e0o.<\/span><\/p>\n<h3 class=\"AnswerParser_AnswerParserH3__Mpe4s\">5. D\u1ec5 d\u00e0ng c\u00e0i \u0111\u1eb7t v\u00e0 s\u1eed d\u1ee5ng<\/h3>\n<p><span class=\"AnswerParser_TextContainer__z_Iiv\" data-testid=\"youchat-text\">Vi\u1ec7c c\u00e0i \u0111\u1eb7t ICODE SLI X r\u1ea5t \u0111\u01a1n gi\u1ea3n, nh\u1edd thi\u1ebft k\u1ebf c\u00f3\u00a0<strong>l\u1ed7 v\u00edt<\/strong>\u00a0\u0111\u1ec3 g\u1eafn ch\u1eb7t an to\u00e0n. Cho d\u00f9 b\u1ea1n ch\u1ecdn g\u1eafn n\u00f3 b\u1eb1ng\u00a0<strong>keo d\u00ednh NFC<\/strong>\u00a0b\u1eb1ng c\u00e1ch ch\u00e8n ho\u1eb7c v\u1eb7n v\u00edt v\u00e0o v\u1ecb tr\u00ed, qu\u00e1 tr\u00ecnh l\u1eafp \u0111\u1eb7t r\u1ea5t \u0111\u01a1n gi\u1ea3n v\u00e0 hi\u1ec7u qu\u1ea3.<\/span><span class=\"AnswerParser_TextContainer__z_Iiv\" data-testid=\"youchat-text\">Sau khi c\u00e0i \u0111\u1eb7t, vi\u1ec7c s\u1eed d\u1ee5ng th\u1ebb c\u0169ng d\u1ec5 d\u00e0ng nh\u01b0 v\u1eady. Ng\u01b0\u1eddi d\u00f9ng c\u00f3 th\u1ec3 ch\u1ec9 c\u1ea7n\u00a0<strong>ch\u1ea1m v\u00e0o th\u1ebb<\/strong>\u00a0v\u1edbi h\u1ecd\u00a0<strong>\u0110i\u1ec7n tho\u1ea1i h\u1ed7 tr\u1ee3 NFC<\/strong>\u00a0\u0111\u1ec3 truy c\u1eadp th\u00f4ng tin ho\u1eb7c th\u1ef1c hi\u1ec7n l\u1ec7nh. S\u1ef1 d\u1ec5 s\u1eed d\u1ee5ng n\u00e0y l\u00e0m cho ICODE SLI X tr\u1edf th\u00e0nh l\u1ef1a ch\u1ecdn l\u00fd t\u01b0\u1edfng cho c\u00e1c doanh nghi\u1ec7p mu\u1ed1n tri\u1ec3n khai\u00a0<strong>truy\u1ec1n th\u00f4ng kh\u00f4ng d\u00e2y<\/strong>\u00a0kh\u00f4ng c\u00f3 s\u1ef1 ph\u1ee9c t\u1ea1p c\u1ee7a c\u00e1c h\u1ec7 th\u1ed1ng truy\u1ec1n th\u1ed1ng.<\/span><\/p>\n<h3 class=\"AnswerParser_AnswerParserH3__Mpe4s\">6. C\u00e2u h\u1ecfi th\u01b0\u1eddng g\u1eb7p v\u1ec1 th\u1ebb NFC ICODE SLI X<\/h3>\n<p><span class=\"AnswerParser_TextContainer__z_Iiv\" data-testid=\"youchat-text\"><strong>H: ICODE SLI X c\u00f3 th\u1ec3 s\u1eed d\u1ee5ng \u0111\u1ec3 thanh to\u00e1n kh\u00f4ng ti\u1ebfp x\u00fac kh\u00f4ng?<\/strong><br \/>\nA: M\u1eb7c d\u00f9 ICODE SLI X \u0111\u01b0\u1ee3c thi\u1ebft k\u1ebf \u0111\u1ec3 truy\u1ec1n d\u1eef li\u1ec7u v\u00e0 giao ti\u1ebfp, nh\u01b0ng n\u00f3 c\u00f3 th\u1ec3 \u0111\u01b0\u1ee3c t\u00edch h\u1ee3p v\u00e0o c\u00e1c h\u1ec7 th\u1ed1ng h\u1ed7 tr\u1ee3 thanh to\u00e1n kh\u00f4ng ti\u1ebfp x\u00fac, nh\u01b0ng b\u1ea3n th\u00e2n n\u00f3 kh\u00f4ng ph\u1ea3i l\u00e0 thi\u1ebft b\u1ecb x\u1eed l\u00fd thanh to\u00e1n.<\/span><\/p>\n<p><span class=\"AnswerParser_TextContainer__z_Iiv\" data-testid=\"youchat-text\"><strong>H: ICODE SLI X c\u00f3 ch\u1ed1ng n\u01b0\u1edbc kh\u00f4ng?<\/strong><br \/>\nA: ICODE SLI X c\u00f3 x\u1ebfp h\u1ea1ng IP65, gi\u00fap ch\u1ed1ng b\u1ee5i v\u00e0 n\u01b0\u1edbc b\u1eafn v\u00e0o nh\u01b0ng kh\u00f4ng ho\u00e0n to\u00e0n ch\u1ed1ng n\u01b0\u1edbc. Th\u00edch h\u1ee3p \u0111\u1ec3 s\u1eed d\u1ee5ng ngo\u00e0i tr\u1eddi trong nhi\u1ec1u \u0111i\u1ec1u ki\u1ec7n th\u1eddi ti\u1ebft kh\u00e1c nhau.<\/span><\/p>\n<p><span class=\"AnswerParser_TextContainer__z_Iiv\" data-testid=\"youchat-text\"><strong>H: Pin d\u00f9ng \u0111\u01b0\u1ee3c trong bao l\u00e2u?<\/strong><br \/>\nA: Th\u1ebb NFC nh\u01b0 ICODE SLI X kh\u00f4ng c\u00f3 pin; ch\u00fang l\u1ea5y n\u0103ng l\u01b0\u1ee3ng t\u1eeb thi\u1ebft b\u1ecb h\u1ed7 tr\u1ee3 NFC khi ch\u1ea1m v\u00e0o, \u0111\u1ea3m b\u1ea3o ch\u1ee9c n\u0103ng l\u00e2u d\u00e0i v\u1edbi m\u1ee9c b\u1ea3o tr\u00ec t\u1ed1i thi\u1ec3u.<\/span><\/p>","protected":false},"excerpt":{"rendered":"<p>C\u00e1c <strong>Th\u1ebb NFC ICODE SLI X Patrol<\/strong> n\u1ed5i b\u1eadt l\u00e0 gi\u1ea3i ph\u00e1p RFID tu\u1ea7n tra v\u00e0 l\u00e0m nhi\u1ec7m v\u1ee5 \u0111\u00e1ng tin c\u1eady v\u00e0 linh ho\u1ea1t cho nhu c\u1ea7u li\u00ean l\u1ea1c tr\u00ean kim lo\u1ea1i.<\/p>","protected":false},"featured_media":2763,"template":"","meta":{"_kad_post_transparent":"default","_kad_post_title":"","_kad_post_layout":"default","_kad_post_sidebar_id":"","_kad_post_content_style":"default","_kad_post_vertical_padding":"default","_kad_post_feature":"","_kad_post_feature_position":"","_kad_post_header":false,"_kad_post_footer":false,"_kad_post_classname":""},"product_brand":[],"product_cat":[54],"product_tag":[133,320,321],"class_list":{"0":"post-2761","1":"product","2":"type-product","3":"status-publish","4":"has-post-thumbnail","6":"product_cat-hot-selling-rfid-tags","7":"product_tag-i-code-slix-nfc-tag","8":"product_tag-iso15693-nfc-tag","9":"product_tag-patrol-nfc-tag","11":"first","12":"instock","13":"shipping-taxable","14":"product-type-simple","15":"entry","16":"content-bg","17":"loop-entry"},"_links":{"self":[{"href":"https:\/\/rfid-laundry-tag.com\/vi\/wp-json\/wp\/v2\/product\/2761","targetHints":{"allow":["GET"]}}],"collection":[{"href":"https:\/\/rfid-laundry-tag.com\/vi\/wp-json\/wp\/v2\/product"}],"about":[{"href":"https:\/\/rfid-laundry-tag.com\/vi\/wp-json\/wp\/v2\/types\/product"}],"version-history":[{"count":1,"href":"https:\/\/rfid-laundry-tag.com\/vi\/wp-json\/wp\/v2\/product\/2761\/revisions"}],"predecessor-version":[{"id":2765,"href":"https:\/\/rfid-laundry-tag.com\/vi\/wp-json\/wp\/v2\/product\/2761\/revisions\/2765"}],"wp:featuredmedia":[{"embeddable":true,"href":"https:\/\/rfid-laundry-tag.com\/vi\/wp-json\/wp\/v2\/media\/2763"}],"wp:attachment":[{"href":"https:\/\/rfid-laundry-tag.com\/vi\/wp-json\/wp\/v2\/media?parent=2761"}],"wp:term":[{"taxonomy":"product_brand","embeddable":true,"href":"https:\/\/rfid-laundry-tag.com\/vi\/wp-json\/wp\/v2\/product_brand?post=2761"},{"taxonomy":"product_cat","embeddable":true,"href":"https:\/\/rfid-laundry-tag.com\/vi\/wp-json\/wp\/v2\/product_cat?post=2761"},{"taxonomy":"product_tag","embeddable":true,"href":"https:\/\/rfid-laundry-tag.com\/vi\/wp-json\/wp\/v2\/product_tag?post=2761"}],"curies":[{"name":"wp","href":"https:\/\/api.w.org\/{rel}","templated":true}]}}