{"id":275,"date":"2024-06-21T16:36:22","date_gmt":"2024-06-21T16:36:22","guid":{"rendered":"https:\/\/rfid-laundry-tag.com\/?post_type=product&#038;p=275"},"modified":"2024-08-14T15:51:48","modified_gmt":"2024-08-14T15:51:48","slug":"arc-uhf-rfid-label-for-retail-inventory","status":"publish","type":"product","link":"https:\/\/rfid-laundry-tag.com\/vi\/arc-uhf-rfid-label-for-retail-inventory\/","title":{"rendered":"Nh\u00e3n RFID ARC UHF cho h\u00e0ng t\u1ed3n kho b\u00e1n l\u1ebb"},"content":{"rendered":"<table class=\"is-zebra all magic-8\">\n<tbody>\n<tr>\n<td colspan=\"1\" rowspan=\"1\">\n<div class=\"magic-9\">\u0110\u1eb7c \u0111i\u1ec3m k\u1ef9 thu\u1eadt:<\/div>\n<\/td>\n<td colspan=\"1\" rowspan=\"1\">\n<div class=\"magic-10\" data-spm-anchor-id=\"a2700.details.0.i56.7f4b711d2WlIPD\">80mm*20mm,70*14.5mm,30*50mm, (c\u00f3 th\u1ec3 t\u00f9y ch\u1ec9nh)<\/div>\n<\/td>\n<\/tr>\n<tr>\n<td colspan=\"1\" rowspan=\"1\">\n<div class=\"magic-9\">V\u1eadt li\u1ec7u \u0111\u00f3ng g\u00f3i:<\/div>\n<\/td>\n<td colspan=\"1\" rowspan=\"1\">\n<div class=\"magic-10\">Gi\u1ea5y tr\u00e1ng ph\u1ee7 \/PVC\/PET, v.v.<\/div>\n<\/td>\n<\/tr>\n<tr>\n<td colspan=\"1\" rowspan=\"1\">\n<div class=\"magic-9\">Ph\u1ea1m vi \u1ee9ng d\u1ee5ng:<\/div>\n<\/td>\n<td colspan=\"1\" rowspan=\"1\">\n<div class=\"magic-10\">B\u00e1n l\u1ebb si\u00eau th\u1ecb, qu\u1ea7n \u00e1o, gi\u00e0y d\u00e9p v\u00e0 m\u0169, truy xu\u1ea5t ngu\u1ed3n g\u1ed1c ch\u1ed1ng h\u00e0ng gi\u1ea3, qu\u1ea3n l\u00fd kho b\u00e3i, v.v.<\/div>\n<\/td>\n<\/tr>\n<tr>\n<td colspan=\"1\" rowspan=\"1\">\n<div class=\"magic-9\">Chu tr\u00ecnh vi\u1ebft l\u1ea1i:<\/div>\n<\/td>\n<td colspan=\"1\" rowspan=\"1\">\n<div class=\"magic-10\">10W l\u1ea7n<\/div>\n<\/td>\n<\/tr>\n<tr>\n<td colspan=\"1\" rowspan=\"1\">\n<div class=\"magic-11\">Kho\u1ea3ng c\u00e1ch c\u1ea3m bi\u1ebfn:<\/div>\n<\/td>\n<td colspan=\"1\" rowspan=\"1\">\n<div class=\"magic-12\">\u00a015 ph\u00fat<\/div>\n<\/td>\n<\/tr>\n<tr>\n<td colspan=\"1\" rowspan=\"1\">\n<div class=\"magic-11\">Chip:<\/div>\n<\/td>\n<td colspan=\"1\" rowspan=\"1\">\n<div class=\"magic-12\">Ng\u01b0\u1eddi ngo\u00e0i h\u00e0nh tinh Higgs 3, H9, H10, U9, U10, v.v.<\/div>\n<\/td>\n<\/tr>\n<tr>\n<td colspan=\"1\" rowspan=\"1\">\n<div class=\"magic-11\">\u0110\u1eb7c tr\u01b0ng:<\/div>\n<\/td>\n<td colspan=\"1\" rowspan=\"1\">\n<div class=\"magic-12\">\u0110\u01b0\u1ee3c ch\u1ee9ng nh\u1eadn ARC, c\u00f3 th\u1ec3 in v\u00e0 t\u01b0\u01a1ng th\u00edch v\u1edbi nhi\u1ec1u th\u01b0\u01a1ng hi\u1ec7u m\u00e1y in kh\u00e1c nhau<\/div>\n<\/td>\n<\/tr>\n<tr>\n<td colspan=\"1\" rowspan=\"1\">\n<div class=\"magic-13\">T\u1ea7n s\u1ed1 l\u00e0m vi\u1ec7c:<\/div>\n<\/td>\n<td colspan=\"1\" rowspan=\"1\">\n<div class=\"magic-14\" data-spm-anchor-id=\"a2700.details.0.i55.7f4b711d2WlIPD\">860-960MHz<\/div>\n<\/td>\n<\/tr>\n<\/tbody>\n<\/table>\n<p>&nbsp;<\/p>\n<p><b>Nh\u00e3n d\u00e1n RFID<\/b> th\u01b0\u1eddng \u0111\u01b0\u1ee3c qu\u1ea3n l\u00fd b\u1eb1ng RFID d\u00ednh v\u00e0 s\u1eed d\u1ee5ng v\u00e0 d\u00ednh \u0111\u01a1n gi\u1ea3n. \u0110\u00e2y l\u00e0 m\u1ed9t l\u1edbp th\u1ef1c th\u1ec3 t\u01b0\u01a1ng \u0111\u1ed1i \u0111\u01a1n gi\u1ea3n, kinh t\u1ebf l\u1edbp v\u00e0 l\u1eafp r\u00e1p. RFID d\u00ednh l\u00e0 m\u1ed9t lo\u1ea1i \u1ee9ng d\u1ee5ng c\u1ea7n ph\u1ea3i th\u1ef1c t\u1ebf tr\u00ean b\u1ec1 m\u1eb7t m\u1ee5c ti\u00eau v\u00e0 c\u0169ng c\u00f3 th\u1ec3 d\u1ec5 d\u00e0ng \u00e1p d\u1ee5ng cho qu\u1ea7n \u00e1o. \u00c1p d\u1ee5ng cho qu\u1ea3n l\u00fd\/thanh to\u00e1n si\u00eau th\u1ecb, qu\u1ea3n l\u00fd v\u1eadn chuy\u1ec3n, qu\u1ea3n l\u00fd t\u00e0i s\u1ea3n, v.v.<\/p>\n<p><b>Ngh\u1ec1 in \u1ea5n:<\/b> 1. C\u00e1c quy tr\u00ecnh in nh\u01b0 in cu\u1ed9n, in k\u1ef9 thu\u1eadt s\u1ed1, in t\u1edd, in l\u1ee5a, phun m\u00e3 v\u1ea1ch hai chi\u1ec1u, phun m\u00e3 v\u1ea1ch, m\u00e3 v\u1ea1ch s\u1ed1 l\u01b0\u1ee3ng thay \u0111\u1ed5i, v.v. 2. C\u00e1c v\u1eadt li\u1ec7u c\u00f3 th\u1ec3 in l\u00e0: gi\u1ea5y tr\u00e1ng, PVC, PET tr\u1eafng, gi\u1ea5y t\u1ed5ng h\u1ee3p, gi\u1ea5y nhi\u1ec7t, r\u1ed3ng trong su\u1ed1t, gi\u1ea5y d\u00e1n keo k\u00e9p.<\/p>\n<div><b>T\u00f9y ch\u1ecdn: <\/b><\/div>\n<div data-spm-anchor-id=\"a2700.details.0.i77.2a8f6864Jckp2O\">T\u00f9y ch\u1ec9nh theo y\u00eau c\u1ea7u; in l\u1ee5a, s\u1ed1 in phun (m\u00e3 UID, m\u00e3 EPC, m\u00e3 v\u1ea1ch, v.v.) Cung c\u1ea5p t\u00f9y ch\u1ecdn d\u00e1n keo. D\u1ecbch v\u1ee5 m\u00e3 h\u00f3a. C\u00e1c d\u1ecbch v\u1ee5 kh\u00e1c theo y\u00eau c\u1ea7u c\u1ee7a b\u1ea1n.<\/div>\n<div data-spm-anchor-id=\"a2700.details.0.i77.2a8f6864Jckp2O\"><\/div>\n<div data-spm-anchor-id=\"a2700.details.0.i77.2a8f6864Jckp2O\">\n<div class=\"J_module\">\n<div id=\"ali-anchor-AliMagic-o3qbn0\" class=\"magic-12\" data-section=\"AliMagic-o3qbn0\" data-section-title=\"Avaliable Chip\" data-spm-anchor-id=\"a2700.details.0.i50.22492d905vHxQE\">Chip c\u00f3 s\u1eb5n<\/div>\n<\/div>\n<div class=\"J_module\">\n<div class=\"ife-detail-decorate-table\">\n<table class=\"all magic-23\">\n<tbody>\n<tr>\n<td colspan=\"1\" rowspan=\"3\">\n<div class=\"magic-24\">\n<div class=\"magic-2\" data-spm-anchor-id=\"a2700.custom-template.0.i380.a89a33331THEnR\"><b class=\"magic-25\">\u00a0<\/b><\/div>\n<div class=\"magic-2\" data-spm-anchor-id=\"a2700.custom-template.0.i380.a89a33331THEnR\"><b class=\"magic-25\">Lo\u1ea1i chip<\/b><\/div>\n<\/div>\n<\/td>\n<td colspan=\"2\" rowspan=\"1\">\n<div class=\"magic-26\">\n<div class=\"magic-2\" data-spm-anchor-id=\"a2700.custom-template.0.i9.4058333366sJMP\"><b class=\"magic-25\">K\u00edn \u0111\u00e1o<\/b><\/div>\n<\/div>\n<\/td>\n<td colspan=\"1\" rowspan=\"1\">\n<div class=\"magic-29\">\n<div class=\"magic-2\"><b class=\"magic-25\" data-spm-anchor-id=\"a2700.custom-template.0.i425.a89a33331THEnR\">EPC<\/b><\/div>\n<\/div>\n<\/td>\n<td colspan=\"1\" rowspan=\"1\">\n<div class=\"magic-30\">\n<div class=\"magic-2\"><b>Ng\u01b0\u1eddi s\u1eed d\u1ee5ng<\/b><\/div>\n<\/div>\n<\/td>\n<td colspan=\"1\" rowspan=\"3\">\n<div class=\"magic-31\">\n<div class=\"magic-2\"><b>\u00a0<\/b><\/div>\n<div class=\"magic-2\"><b>Giao th\u1ee9c<\/b><\/div>\n<\/div>\n<\/td>\n<td colspan=\"1\" rowspan=\"3\">\n<div class=\"magic-32\">\n<div class=\"magic-2\"><b>\u00a0<\/b><\/div>\n<div class=\"magic-2\"><b>T\u00ednh th\u01b0\u1eddng xuy\u00ean<\/b><\/div>\n<\/div>\n<\/td>\n<\/tr>\n<tr>\n<td colspan=\"1\" rowspan=\"2\">\n<div class=\"magic-34\">\n<div class=\"magic-2\" data-spm-anchor-id=\"a2700.custom-template.0.i437.a89a33331THEnR\">Truy c\u1eadp<\/div>\n<div class=\"magic-2\">(c\u00e1c bit)<\/div>\n<\/div>\n<\/td>\n<td colspan=\"1\" rowspan=\"2\">\n<div class=\"magic-35\">\n<div class=\"magic-2\">Gi\u1ebft<\/div>\n<div class=\"magic-2\" data-spm-anchor-id=\"a2700.details.0.i51.22492d905vHxQE\">(c\u00e1c bit)<\/div>\n<\/div>\n<\/td>\n<td colspan=\"1\" rowspan=\"2\">\n<div class=\"magic-34\">\n<div class=\"magic-2\">EPC<\/div>\n<div class=\"magic-2\">(c\u00e1c bit)<\/div>\n<\/div>\n<\/td>\n<td colspan=\"1\" rowspan=\"2\">\n<div class=\"magic-36\">\n<div class=\"magic-2\">ng\u01b0\u1eddi s\u1eed d\u1ee5ng<\/div>\n<div class=\"magic-2\">(c\u00e1c bit)<\/div>\n<\/div>\n<\/td>\n<\/tr>\n<tr>\n<td colspan=\"7\" rowspan=\"1\">\n<div class=\"magic-39\">\n<div class=\"magic-2\" data-spm-anchor-id=\"a2700.custom-template.0.i20.a89a3333ytXRbS\"><b data-spm-anchor-id=\"a2700.custom-template.0.i12.4058333366sJMP\"><span class=\"magic-40\">NXP<\/span><\/b><\/div>\n<\/div>\n<\/td>\n<\/tr>\n<tr>\n<td colspan=\"1\" rowspan=\"1\">\n<div class=\"magic-33\">UCODE\u00ae 9<\/div>\n<\/td>\n<td colspan=\"1\" rowspan=\"1\">\n<div class=\"magic-29\">\n<div class=\"magic-2\">32<\/div>\n<\/div>\n<\/td>\n<td colspan=\"1\" rowspan=\"1\">\n<div class=\"magic-28\">\n<div class=\"magic-2\">32<\/div>\n<\/div>\n<\/td>\n<td colspan=\"1\" rowspan=\"1\">\n<div class=\"magic-29\">\n<div class=\"magic-2\" data-spm-anchor-id=\"a2700.custom-template.0.i5.a89a3333hCDHmj\">96<\/div>\n<\/div>\n<\/td>\n<td colspan=\"1\" rowspan=\"1\">\n<div class=\"magic-30\">\n<div class=\"magic-2\">\u2013<\/div>\n<\/div>\n<\/td>\n<td colspan=\"1\" rowspan=\"4\">\n<div class=\"magic-31\">\n<div class=\"magic-2\" data-spm-anchor-id=\"a2700.custom-template.0.i472.a89a33331THEnR\"><\/div>\n<div class=\"magic-2\" data-spm-anchor-id=\"a2700.custom-template.0.i473.a89a33331THEnR\"><\/div>\n<div class=\"magic-2\" data-spm-anchor-id=\"a2700.custom-template.0.i473.a89a33331THEnR\">ISO18000-6C<\/div>\n<div class=\"magic-2\" data-spm-anchor-id=\"a2700.custom-template.0.i466.a89a33331THEnR\">L\u1edbp 1 Th\u1ebf h\u1ec7 2<\/div>\n<\/div>\n<\/td>\n<td colspan=\"1\" rowspan=\"4\">\n<div class=\"magic-32\">\n<div class=\"magic-2\"><\/div>\n<div class=\"magic-2\"><\/div>\n<div class=\"magic-2\">860~960MHz<\/div>\n<\/div>\n<\/td>\n<\/tr>\n<tr>\n<td colspan=\"1\" rowspan=\"1\">\n<div class=\"magic-33\">UCODE\u00ae 8\/8m<\/div>\n<\/td>\n<td colspan=\"1\" rowspan=\"1\">\n<div class=\"magic-29\">\n<div class=\"magic-2\">32<\/div>\n<\/div>\n<\/td>\n<td colspan=\"1\" rowspan=\"1\">\n<div class=\"magic-28\">\n<div class=\"magic-2\">32<\/div>\n<\/div>\n<\/td>\n<td colspan=\"1\" rowspan=\"1\">\n<div class=\"magic-29\">\n<div class=\"magic-2\">128\/96<\/div>\n<\/div>\n<\/td>\n<td colspan=\"1\" rowspan=\"1\">\n<div class=\"magic-41\">\n<div class=\"magic-2\">0\/32<\/div>\n<\/div>\n<\/td>\n<\/tr>\n<tr>\n<td colspan=\"1\" rowspan=\"1\">\n<div class=\"magic-33\">UCODE\u00ae 7m<\/div>\n<\/td>\n<td colspan=\"1\" rowspan=\"1\">\n<div class=\"magic-29\">\n<div class=\"magic-2\">32<\/div>\n<\/div>\n<\/td>\n<td colspan=\"1\" rowspan=\"1\">\n<div class=\"magic-28\">\n<div class=\"magic-2\">0<\/div>\n<\/div>\n<\/td>\n<td colspan=\"1\" rowspan=\"1\">\n<div class=\"magic-29\">\n<div class=\"magic-2\">128<\/div>\n<\/div>\n<\/td>\n<td colspan=\"1\" rowspan=\"1\">\n<div class=\"magic-41\">\n<div class=\"magic-2\">32<\/div>\n<\/div>\n<\/td>\n<\/tr>\n<tr>\n<td colspan=\"1\" rowspan=\"1\">\n<div class=\"magic-33\">UCODE\u00ae 7<\/div>\n<\/td>\n<td colspan=\"1\" rowspan=\"1\">\n<div class=\"magic-29\">\n<div class=\"magic-2\">32<\/div>\n<\/div>\n<\/td>\n<td colspan=\"1\" rowspan=\"1\">\n<div class=\"magic-28\">\n<div class=\"magic-2\">32<\/div>\n<\/div>\n<\/td>\n<td colspan=\"1\" rowspan=\"1\">\n<div class=\"magic-29\">\n<div class=\"magic-2\">128<\/div>\n<\/div>\n<\/td>\n<td colspan=\"1\" rowspan=\"1\">\n<div class=\"magic-41\">\n<div class=\"magic-2\">0<\/div>\n<\/div>\n<\/td>\n<\/tr>\n<tr>\n<td colspan=\"7\" rowspan=\"1\">\n<div class=\"magic-42\"><b data-spm-anchor-id=\"a2700.custom-template.0.i92.a89a3333ytXRbS\">UCODE l\u00e0 th\u01b0\u01a1ng hi\u1ec7u \u0111\u00e3 \u0111\u0103ng k\u00fd c\u1ee7a NXP BV v\u00e0 \u0111\u01b0\u1ee3c s\u1eed d\u1ee5ng theo gi\u1ea5y ph\u00e9p.<\/b><\/div>\n<\/td>\n<\/tr>\n<\/tbody>\n<\/table>\n<\/div>\n<\/div>\n<\/div>","protected":false},"excerpt":{"rendered":"<p><span data-spm-anchor-id=\"a2700.details.0.i75.2a8f6864Jckp2O\">Walmart s\u1eed d\u1ee5ng RFID \u0111\u1ec3 t\u0103ng s\u1ef1 h\u00e0i l\u00f2ng v\u00e0 hi\u1ec7u qu\u1ea3 c\u1ee7a kh\u00e1ch h\u00e0ng b\u1eb1ng c\u00e1ch t\u0103ng \u0111\u1ed9 ch\u00ednh x\u00e1c khi nh\u1eadn h\u00e0ng v\u00e0 gi\u1ea3m t\u00ecnh tr\u1ea1ng s\u1ea3n ph\u1ea9m kh\u00f4ng \u0111\u1ea1t y\u00eau c\u1ea7u.<\/span><\/p>","protected":false},"featured_media":276,"template":"","meta":{"_kad_post_transparent":"default","_kad_post_title":"","_kad_post_layout":"default","_kad_post_sidebar_id":"","_kad_post_content_style":"default","_kad_post_vertical_padding":"default","_kad_post_feature":"","_kad_post_feature_position":"","_kad_post_header":false,"_kad_post_footer":false,"_kad_post_classname":""},"product_brand":[],"product_cat":[54],"product_tag":[104,103,98],"class_list":{"0":"post-275","1":"product","2":"type-product","3":"status-publish","4":"has-post-thumbnail","6":"product_cat-hot-selling-rfid-tags","7":"product_tag-arc-uhf-rfid-label","8":"product_tag-arc-uhf-rfid-label-for-retail-inventory","9":"product_tag-uhf-rfid-label","11":"first","12":"instock","13":"shipping-taxable","14":"product-type-simple","15":"entry","16":"content-bg","17":"loop-entry"},"_links":{"self":[{"href":"https:\/\/rfid-laundry-tag.com\/vi\/wp-json\/wp\/v2\/product\/275","targetHints":{"allow":["GET"]}}],"collection":[{"href":"https:\/\/rfid-laundry-tag.com\/vi\/wp-json\/wp\/v2\/product"}],"about":[{"href":"https:\/\/rfid-laundry-tag.com\/vi\/wp-json\/wp\/v2\/types\/product"}],"version-history":[{"count":1,"href":"https:\/\/rfid-laundry-tag.com\/vi\/wp-json\/wp\/v2\/product\/275\/revisions"}],"predecessor-version":[{"id":1302,"href":"https:\/\/rfid-laundry-tag.com\/vi\/wp-json\/wp\/v2\/product\/275\/revisions\/1302"}],"wp:featuredmedia":[{"embeddable":true,"href":"https:\/\/rfid-laundry-tag.com\/vi\/wp-json\/wp\/v2\/media\/276"}],"wp:attachment":[{"href":"https:\/\/rfid-laundry-tag.com\/vi\/wp-json\/wp\/v2\/media?parent=275"}],"wp:term":[{"taxonomy":"product_brand","embeddable":true,"href":"https:\/\/rfid-laundry-tag.com\/vi\/wp-json\/wp\/v2\/product_brand?post=275"},{"taxonomy":"product_cat","embeddable":true,"href":"https:\/\/rfid-laundry-tag.com\/vi\/wp-json\/wp\/v2\/product_cat?post=275"},{"taxonomy":"product_tag","embeddable":true,"href":"https:\/\/rfid-laundry-tag.com\/vi\/wp-json\/wp\/v2\/product_tag?post=275"}],"curies":[{"name":"wp","href":"https:\/\/api.w.org\/{rel}","templated":true}]}}