{"id":2742,"date":"2024-10-11T16:12:50","date_gmt":"2024-10-11T16:12:50","guid":{"rendered":"https:\/\/rfid-laundry-tag.com\/?post_type=product&#038;p=2742"},"modified":"2024-10-29T14:33:03","modified_gmt":"2024-10-29T14:33:03","slug":"epoxy-menu-nfc-tags","status":"publish","type":"product","link":"https:\/\/rfid-laundry-tag.com\/vi\/epoxy-menu-nfc-tags\/","title":{"rendered":"Th\u1ebb NFC Epoxy Menu"},"content":{"rendered":"<p><span class=\"AnswerParser_TextContainer__z_Iiv\" data-testid=\"youchat-text\"><strong>Th\u1ebb NFC Epoxy Menu<\/strong>\u00a0t\u1eadn d\u1ee5ng c\u00f4ng ngh\u1ec7 NFC v\u00e0 m\u00e3 QR ti\u00ean ti\u1ebfn \u0111\u1ec3 thay \u0111\u1ed5i c\u00e1ch kh\u00e1ch h\u00e0ng t\u01b0\u01a1ng t\u00e1c v\u1edbi th\u1ef1c \u0111\u01a1n. Nh\u1eefng th\u1ebb s\u00e1ng t\u1ea1o n\u00e0y cho ph\u00e9p kh\u00e1ch h\u00e0ng duy\u1ec7t v\u00e0 \u0111\u1eb7t h\u00e0ng tr\u1ef1c ti\u1ebfp t\u1eeb \u0111i\u1ec7n tho\u1ea1i th\u00f4ng minh c\u1ee7a h\u1ecd m\u1ed9t c\u00e1ch nhanh ch\u00f3ng, n\u00e2ng cao tr\u1ea3i nghi\u1ec7m \u0103n u\u1ed1ng c\u1ee7a h\u1ecd \u0111\u1ed3ng th\u1eddi h\u1ee3p l\u00fd h\u00f3a ho\u1ea1t \u0111\u1ed9ng cho c\u00e1c nh\u00e0 h\u00e0ng, qu\u00e1n c\u00e0 ph\u00ea v\u00e0 qu\u00e1n bar. V\u1edbi thi\u1ebft k\u1ebf t\u00f9y ch\u1ec9nh v\u00e0 c\u00e1c t\u00ednh n\u0103ng m\u1ea1nh m\u1ebd, nh\u1eefng th\u1ebb n\u00e0y l\u00e0 v\u1eadt d\u1ee5ng kh\u00f4ng th\u1ec3 thi\u1ebfu \u0111\u1ed1i v\u1edbi b\u1ea5t k\u1ef3 c\u01a1 s\u1edf hi\u1ec7n \u0111\u1ea1i n\u00e0o.<\/span><\/p>\n<h2 class=\"AnswerParser_AnswerParserH2__SIHnF\">S\u01a1 l\u01b0\u1ee3c s\u1ea3n ph\u1ea9m<\/h2>\n<h3 class=\"AnswerParser_AnswerParserH3__Mpe4s\">1. Th\u1ebb NFC Epoxy Menu l\u00e0 g\u00ec?<\/h3>\n<p><span class=\"AnswerParser_TextContainer__z_Iiv\" data-testid=\"youchat-text\">Th\u1ebb NFC menu Epoxy l\u00e0 c\u00f4ng c\u1ee5 k\u1ef9 thu\u1eadt s\u1ed1 ti\u00ean ti\u1ebfn \u0111\u01b0\u1ee3c thi\u1ebft k\u1ebf \u0111\u1ec3 t\u1ea1o \u0111i\u1ec1u ki\u1ec7n truy c\u1eadp menu v\u00e0 \u0111\u1eb7t h\u00e0ng li\u1ec1n m\u1ea1ch. \u0110\u01b0\u1ee3c l\u00e0m t\u1eeb v\u1eadt li\u1ec7u b\u1ec1n nh\u01b0 PVC v\u00e0 \u0111\u01b0\u1ee3c trang b\u1ecb chip NFC, nh\u1eefng th\u1ebb n\u00e0y c\u00f3 th\u1ec3 \u0111\u01b0\u1ee3c t\u00f9y ch\u1ec9nh b\u1eb1ng logo, s\u1ed1 s\u00ea-ri v\u00e0 th\u1eadm ch\u00ed l\u00e0 m\u00e3 QR \u0111\u1ed9ng. B\u1ec1 m\u1eb7t keo epoxy c\u1ee7a ch\u00fang \u0111\u1ea3m b\u1ea3o \u0111\u1ed9 b\u1ec1n v\u00e0 kh\u1ea3 n\u0103ng ph\u1ee5c h\u1ed3i, khi\u1ebfn ch\u00fang ph\u00f9 h\u1ee3p v\u1edbi nhi\u1ec1u m\u00f4i tr\u01b0\u1eddng kh\u00e1c nhau.<\/span><\/p>\n<h3 class=\"AnswerParser_AnswerParserH3__Mpe4s\">2. C\u00e1c t\u00ednh n\u0103ng ch\u00ednh c\u1ee7a Th\u1ebb NFC Epoxy Menu<\/h3>\n<ul class=\"AnswerParser_AnswerParserUnorderedList__P_1FW\">\n<li class=\"AnswerParser_ListItem__XqLOV\" translate=\"yes\"><strong>\u0110\u1ed9 b\u1ec1n<\/strong>:B\u1ec1 m\u1eb7t nh\u1ef1a epoxy c\u00f3 kh\u1ea3 n\u0103ng b\u1ea3o v\u1ec7 \u0111\u1eb7c bi\u1ec7t ch\u1ed1ng d\u1ea7u, n\u01b0\u1edbc, tr\u1ea7y x\u01b0\u1edbc v\u00e0 tia UV, \u0111\u1ea3m b\u1ea3o th\u1ebb v\u1eabn ho\u1ea1t \u0111\u1ed9ng t\u1ed1t v\u00e0 \u0111\u1eb9p m\u1eaft theo th\u1eddi gian.<\/li>\n<li class=\"AnswerParser_ListItem__XqLOV\" translate=\"yes\"><strong>T\u00ednh linh ho\u1ea1t<\/strong>:V\u1edbi c\u00e1c k\u00edch th\u01b0\u1edbc c\u00f3 s\u1eb5n l\u00e0 tr\u00f2n (\u042460mm, \u042475mm, \u0424100mm) v\u00e0 vu\u00f4ng (80x80mm), nh\u1eefng th\u1ebb n\u00e0y c\u00f3 th\u1ec3 \u0111\u01b0\u1ee3c \u0111i\u1ec1u ch\u1ec9nh \u0111\u1ec3 ph\u00f9 h\u1ee3p v\u1edbi b\u1ea5t k\u1ef3 y\u00eau c\u1ea7u th\u1ea9m m\u1ef9 thi\u1ebft k\u1ebf ho\u1eb7c x\u00e2y d\u1ef1ng th\u01b0\u01a1ng hi\u1ec7u n\u00e0o.<\/li>\n<li class=\"AnswerParser_ListItem__XqLOV\" translate=\"yes\"><strong>Kh\u1ea3 n\u0103ng t\u01b0\u01a1ng th\u00edch<\/strong>:L\u1edbp ch\u1ed1ng kim lo\u1ea1i cho ph\u00e9p c\u00e1c th\u1ebb n\u00e0y ho\u1ea1t \u0111\u1ed9ng hi\u1ec7u qu\u1ea3 tr\u00ean c\u1ea3 b\u1ec1 m\u1eb7t kim lo\u1ea1i v\u00e0 phi kim lo\u1ea1i, khi\u1ebfn ch\u00fang tr\u1edf n\u00ean l\u00fd t\u01b0\u1edfng cho nhi\u1ec1u \u1ee9ng d\u1ee5ng kh\u00e1c nhau.<\/li>\n<\/ul>\n<h3 class=\"AnswerParser_AnswerParserH3__Mpe4s\">3. Th\u00f4ng s\u1ed1 k\u1ef9 thu\u1eadt<\/h3>\n<table class=\"has-title all magic-15\">\n<tbody>\n<tr>\n<td colspan=\"1\" rowspan=\"1\">\n<div class=\"magic-16\" data-spm-anchor-id=\"a2700.details.0.i39.7beebf0eKrXqHT\"><span class=\"magic-17\">M\u1ee5c<\/span><\/div>\n<\/td>\n<td colspan=\"1\" rowspan=\"1\">\n<div class=\"magic-18\"><span class=\"magic-17\">Th\u1ebb NFC Epoxy Menu <\/span><\/div>\n<\/td>\n<\/tr>\n<tr>\n<td colspan=\"1\" rowspan=\"1\">\n<div class=\"magic-16\"><span class=\"magic-17\">T\u00ednh n\u0103ng \u0111\u1eb7c bi\u1ec7t<\/span><\/div>\n<\/td>\n<td colspan=\"1\" rowspan=\"1\">\n<div class=\"magic-18\"><span class=\"magic-17\">Ch\u1ed1ng th\u1ea5m n\u01b0\u1edbc \/ Ch\u1ed1ng ch\u1ecbu th\u1eddi ti\u1ebft<\/span><\/div>\n<\/td>\n<\/tr>\n<tr>\n<td colspan=\"1\" rowspan=\"1\">\n<div class=\"magic-16\"><span class=\"magic-17\">Giao di\u1ec7n truy\u1ec1n th\u00f4ng<\/span><\/div>\n<\/td>\n<td colspan=\"1\" rowspan=\"1\">\n<div class=\"magic-18\"><span class=\"magic-17\">NFC<\/span><\/div>\n<\/td>\n<\/tr>\n<tr>\n<td colspan=\"1\" rowspan=\"1\">\n<div class=\"magic-16\"><span class=\"magic-17\">T\u00ednh th\u01b0\u1eddng xuy\u00ean<\/span><\/div>\n<\/td>\n<td colspan=\"1\" rowspan=\"1\">\n<div class=\"magic-18\"><span class=\"magic-17\">13,56MHz<\/span><\/div>\n<\/td>\n<\/tr>\n<tr>\n<td colspan=\"1\" rowspan=\"1\">\n<div class=\"magic-16\"><span class=\"magic-17\">V\u1eadt li\u1ec7u<\/span><\/div>\n<\/td>\n<td colspan=\"1\" rowspan=\"1\">\n<div class=\"magic-18\">Epoxy + PET\/PVC + L\u1edbp ph\u1ee7 NFC + L\u1edbp ch\u1ed1ng kim lo\u1ea1i + Keo d\u00e1n 3M<\/div>\n<\/td>\n<\/tr>\n<tr>\n<td colspan=\"1\" rowspan=\"1\">\n<div class=\"magic-16\">K\u00edch c\u1ee1<\/div>\n<\/td>\n<td colspan=\"1\" rowspan=\"1\">\n<div class=\"magic-18\">Tr\u00f2n: \u042460mm, \u042475mm, \u0424100mm; Vu\u00f4ng: 80x80mm ho\u1eb7c t\u00f9y ch\u1ec9nh<\/div>\n<\/td>\n<\/tr>\n<tr>\n<td colspan=\"1\" rowspan=\"1\">\n<div class=\"magic-16\"><span class=\"magic-17\">Giao th\u1ee9c<\/span><\/div>\n<\/td>\n<td colspan=\"1\" rowspan=\"1\">\n<div class=\"magic-18\"><span class=\"magic-17\">Ti\u00eau chu\u1ea9n ISO14443A<\/span><\/div>\n<\/td>\n<\/tr>\n<tr>\n<td colspan=\"1\" rowspan=\"1\">\n<div class=\"magic-16\"><span class=\"magic-17\">Chip<\/span><\/div>\n<\/td>\n<td colspan=\"1\" rowspan=\"1\">\n<div class=\"magic-18\">NTAG213, NTAG215, NTAG216 (c\u00f3 c\u00e1c lo\u1ea1i chip kh\u00e1c)<\/div>\n<\/td>\n<\/tr>\n<tr>\n<td colspan=\"1\" rowspan=\"1\">\n<div class=\"magic-16\"><span class=\"magic-17\">K\u00fd \u1ee9c<\/span><\/div>\n<\/td>\n<td colspan=\"1\" rowspan=\"1\">\n<div class=\"magic-18\"><span class=\"magic-17\">144 Byte, 504 Byte, 888 Byte, v.v.<\/span><\/div>\n<\/td>\n<\/tr>\n<tr>\n<td colspan=\"1\" rowspan=\"1\">\n<div class=\"magic-16\"><span class=\"magic-17\">Kho\u1ea3ng c\u00e1ch \u0111\u1ecdc<\/span><\/div>\n<\/td>\n<td colspan=\"1\" rowspan=\"1\">\n<div class=\"magic-18\"><span class=\"magic-17\">3-15 cm t\u00f9y thu\u1ed9c v\u00e0o \u0111\u1ea7u \u0111\u1ecdc v\u00e0 k\u00edch th\u01b0\u1edbc th\u1ebb<\/span><\/div>\n<\/td>\n<\/tr>\n<tr>\n<td colspan=\"1\" rowspan=\"1\">\n<div class=\"magic-16\"><span class=\"magic-17\">In \u1ea5n<\/span><\/div>\n<\/td>\n<td colspan=\"1\" rowspan=\"1\">\n<div class=\"magic-18\"><span class=\"magic-17\">In CMYK 4C\/In Offset\/In L\u1ee5a<\/span><\/div>\n<\/td>\n<\/tr>\n<tr>\n<td colspan=\"1\" rowspan=\"1\">\n<div class=\"magic-16\"><span class=\"magic-17\">Th\u1ee7 c\u00f4ng<\/span><\/div>\n<\/td>\n<td colspan=\"1\" rowspan=\"1\">\n<div class=\"magic-18\"><span class=\"magic-17\">M\u00e3 Laser\\M\u1ef1c UV\\S\u1ed1 Seri\\D\u1eadp n\u1ed5i\\In nhi\u1ec7t<\/span><\/div>\n<\/td>\n<\/tr>\n<tr>\n<td colspan=\"1\" rowspan=\"1\">\n<div class=\"magic-16\"><span class=\"magic-17\">B\u1ec1 m\u1eb7t<\/span><\/div>\n<\/td>\n<td colspan=\"1\" rowspan=\"1\">\n<div class=\"magic-18\"><span class=\"magic-17\">B\u00f3ng\/M\u1edd\/M\u1edd\/Trong su\u1ed1t<\/span><\/div>\n<\/td>\n<\/tr>\n<tr>\n<td colspan=\"1\" rowspan=\"1\">\n<div class=\"magic-16\"><span class=\"magic-17\">Ch\u1ee9c n\u0103ng<\/span><\/div>\n<\/td>\n<td colspan=\"1\" rowspan=\"1\">\n<div class=\"magic-18\"><span class=\"magic-17\" data-spm-anchor-id=\"a2700.details.0.i40.7beebf0eKrXqHT\">Ph\u01b0\u01a1ng ti\u1ec7n truy\u1ec1n th\u00f4ng x\u00e3 h\u1ed9i NFC, Qu\u1ea3n l\u00fd h\u1eadu c\u1ea7n, qu\u1ea3n l\u00fd t\u00e0i s\u1ea3n, qu\u1ea3n l\u00fd chu\u1ed7i cung \u1ee9ng, qu\u1ea3n l\u00fd ph\u01b0\u01a1ng ti\u1ec7n, ki\u1ec3m so\u00e1t s\u1ea3n xu\u1ea5t, qu\u1ea3n l\u00fd kho, qu\u1ea3n l\u00fd s\u1ea3n ph\u1ea9m, x\u00e1c minh s\u1ea3n ph\u1ea9m, theo d\u00f5i t\u00e0i s\u1ea3n, theo d\u00f5i x\u1eed l\u00fd h\u00e0nh l\u00fd, qu\u1ea3n l\u00fd h\u00e0ng t\u1ed3n kho, Thanh to\u00e1n, v\u00f2ng \u0111eo tay, v.v. C\u00e1n m\u00e0ng, B\u1ec1 m\u1eb7t in m\u1ecbn, \u0111\u00e1ng tin c\u1eady.<\/span><\/div>\n<\/td>\n<\/tr>\n<tr>\n<td colspan=\"1\" rowspan=\"1\">\n<div class=\"magic-16\"><span class=\"magic-17\">Tr\u1ecdng l\u01b0\u1ee3ng th\u1ebb k\u00edch th\u01b0\u1edbc chu\u1ea9n<\/span><\/div>\n<\/td>\n<td colspan=\"1\" rowspan=\"1\">\n<div class=\"magic-18\"><span class=\"magic-17\">120*120*4mm 0.058KG\/CHI\u1ebeC\u00a0 \u00a0<\/span><\/p>\n<div data-spm-anchor-id=\"a2700.pc-decorate.0.i47.51c0333312LtHT\"><span class=\"magic-17\">M\u1ed7i g\u00f3i nh\u00e3n d\u00e1n c\u00f3 t\u00fai trong su\u1ed1t Opp,\u00a0\u00a0<\/span><\/div>\n<div data-spm-anchor-id=\"a2700.pc-decorate.0.i114.51c0333312LtHT\"><span class=\"magic-17\">320 c\u00e1i\/Phim ho\u1ea1t h\u00ecnh<\/span><\/div>\n<\/div>\n<\/td>\n<\/tr>\n<\/tbody>\n<\/table>\n<h3 class=\"AnswerParser_AnswerParserH3__Mpe4s\">4. T\u00f9y ch\u1ecdn t\u00f9y ch\u1ec9nh<\/h3>\n<p><span class=\"AnswerParser_TextContainer__z_Iiv\" data-testid=\"youchat-text\">M\u1ed9t trong nh\u1eefng t\u00ednh n\u0103ng n\u1ed5i b\u1eadt c\u1ee7a Th\u1ebb NFC Epoxy Menu l\u00e0 kh\u1ea3 n\u0103ng t\u00f9y ch\u1ec9nh c\u1ee7a ch\u00fang. C\u00e1c doanh nghi\u1ec7p c\u00f3 th\u1ec3 in logo, m\u00e3 \u0111\u1ecbnh danh duy nh\u1ea5t v\u00e0 th\u1eadm ch\u00ed l\u00e0 m\u00e3 QR \u0111\u1ed9ng li\u00ean k\u1ebft \u0111\u1ebfn c\u00e1c ch\u01b0\u01a1ng tr\u00ecnh khuy\u1ebfn m\u00e3i ho\u1eb7c th\u1ef1c \u0111\u01a1n c\u1ee5 th\u1ec3. M\u1ee9c \u0111\u1ed9 c\u00e1 nh\u00e2n h\u00f3a n\u00e0y kh\u00f4ng ch\u1ec9 n\u00e2ng cao kh\u1ea3 n\u0103ng hi\u1ec3n th\u1ecb th\u01b0\u01a1ng hi\u1ec7u m\u00e0 c\u00f2n thu h\u00fat kh\u00e1ch h\u00e0ng theo c\u00e1ch \u0111\u1ed9c \u0111\u00e1o.<\/span><\/p>\n<h3 class=\"AnswerParser_AnswerParserH3__Mpe4s\">5. \u1ee8ng d\u1ee5ng trong ng\u00e0nh Kh\u00e1ch s\u1ea1n<\/h3>\n<p><span class=\"AnswerParser_TextContainer__z_Iiv\" data-testid=\"youchat-text\">Th\u1ebb NFC Epoxy Menu ho\u00e0n h\u1ea3o cho nhi\u1ec1u \u1ee9ng d\u1ee5ng kh\u00e1c nhau, bao g\u1ed3m:<\/span><\/p>\n<ul class=\"AnswerParser_AnswerParserUnorderedList__P_1FW\">\n<li class=\"AnswerParser_ListItem__XqLOV\" translate=\"yes\"><strong>Th\u1ef1c \u0111\u01a1n k\u1ef9 thu\u1eadt s\u1ed1<\/strong>:Kh\u00e1ch h\u00e0ng c\u00f3 th\u1ec3 truy c\u1eadp th\u1ef1c \u0111\u01a1n b\u1eb1ng c\u00e1ch ch\u1ea1m \u0111i\u1ec7n tho\u1ea1i th\u00f4ng minh v\u00e0o th\u1ebb ho\u1eb7c qu\u00e9t m\u00e3 QR, gi\u00fap gi\u1ea3m nhu c\u1ea7u s\u1eed d\u1ee5ng th\u1ef1c \u0111\u01a1n gi\u1ea5y.<\/li>\n<li class=\"AnswerParser_ListItem__XqLOV\" translate=\"yes\"><strong>Thanh to\u00e1n nhanh<\/strong>: \u0110\u01a1n gi\u1ea3n h\u00f3a quy tr\u00ecnh thanh to\u00e1n b\u1eb1ng c\u00e1ch t\u00edch h\u1ee3p c\u00e1c li\u00ean k\u1ebft thanh to\u00e1n tr\u1ef1c ti\u1ebfp v\u00e0o th\u1ebb NFC.<\/li>\n<li class=\"AnswerParser_ListItem__XqLOV\" translate=\"yes\"><strong>Li\u00ean k\u1ebft m\u1ea1ng x\u00e3 h\u1ed9i<\/strong>: Khuy\u1ebfn kh\u00edch kh\u00e1ch h\u00e0ng chia s\u1ebb tr\u1ea3i nghi\u1ec7m c\u1ee7a m\u00ecnh b\u1eb1ng c\u00e1ch li\u00ean k\u1ebft \u0111\u1ebfn c\u00e1c trang m\u1ea1ng x\u00e3 h\u1ed9i ho\u1eb7c n\u1ec1n t\u1ea3ng \u0111\u00e1nh gi\u00e1.<\/li>\n<\/ul>\n<h3 class=\"AnswerParser_AnswerParserH3__Mpe4s\">6. T\u00e1c \u0111\u1ed9ng m\u00f4i tr\u01b0\u1eddng<\/h3>\n<p><span class=\"AnswerParser_TextContainer__z_Iiv\" data-testid=\"youchat-text\">S\u1eed d\u1ee5ng Th\u1ebb NFC Menu Epoxy c\u00f3 th\u1ec3 gi\u1ea3m \u0111\u00e1ng k\u1ec3 l\u01b0\u1ee3ng gi\u1ea5y th\u1ea3i li\u00ean quan \u0111\u1ebfn c\u00e1c menu truy\u1ec1n th\u1ed1ng. B\u1eb1ng c\u00e1ch l\u1ef1a ch\u1ecdn c\u00e1c gi\u1ea3i ph\u00e1p k\u1ef9 thu\u1eadt s\u1ed1, c\u00e1c doanh nghi\u1ec7p g\u00f3p ph\u1ea7n v\u00e0o t\u00ednh b\u1ec1n v\u1eefng c\u1ee7a m\u00f4i tr\u01b0\u1eddng \u0111\u1ed3ng th\u1eddi t\u0103ng c\u01b0\u1eddng s\u1ef1 ti\u1ec7n l\u1ee3i cho kh\u00e1ch h\u00e0ng.<\/span><\/p>\n<h3 class=\"AnswerParser_AnswerParserH3__Mpe4s\">7. \u0110\u00e1nh gi\u00e1 v\u00e0 ph\u1ea3n h\u1ed3i c\u1ee7a kh\u00e1ch h\u00e0ng<\/h3>\n<p><span class=\"AnswerParser_TextContainer__z_Iiv\" data-testid=\"youchat-text\">Kh\u00e1ch h\u00e0ng \u0111\u00e3 khen ng\u1ee3i\u00a0<strong>Th\u1ebb NFC Epoxy Menu<\/strong>\u00a0v\u00ec \u0111\u1ed9 b\u1ec1n v\u00e0 d\u1ec5 s\u1eed d\u1ee5ng. Nhi\u1ec1u ng\u01b0\u1eddi nh\u1eadn th\u1ea5y r\u1eb1ng c\u00e1c th\u1ebb \u0111\u00e3 c\u1ea3i thi\u1ec7n tr\u1ea3i nghi\u1ec7m \u0103n u\u1ed1ng c\u1ee7a h\u1ecd b\u1eb1ng c\u00e1ch cung c\u1ea5p quy\u1ec1n truy c\u1eadp nhanh v\u00e0o th\u1ef1c \u0111\u01a1n v\u00e0 gi\u1ea3m th\u1eddi gian ch\u1edd \u0111\u1ee3i. Kh\u1ea3 n\u0103ng c\u1eadp nh\u1eadt c\u00e1c m\u1ee5c th\u1ef1c \u0111\u01a1n theo th\u1eddi gian th\u1ef1c c\u0169ng \u0111\u01b0\u1ee3c nh\u1ea5n m\u1ea1nh l\u00e0 m\u1ed9t l\u1ee3i th\u1ebf \u0111\u00e1ng k\u1ec3.<\/span><\/p>\n<h3 class=\"AnswerParser_AnswerParserH3__Mpe4s\">8. C\u00e2u h\u1ecfi th\u01b0\u1eddng g\u1eb7p<\/h3>\n<p><span class=\"AnswerParser_TextContainer__z_Iiv\" data-testid=\"youchat-text\"><strong>H: L\u00e0m th\u1ebf n\u00e0o \u0111\u1ec3 c\u00e0i \u0111\u1eb7t Th\u1ebb NFC Epoxy Menu?<\/strong><br \/>\nA: Ch\u1ec9 c\u1ea7n b\u00f3c l\u1edbp keo d\u00e1n 3M \u1edf m\u1eb7t sau v\u00e0 d\u00e1n nh\u00e3n v\u00e0o b\u1ec1 m\u1eb7t s\u1ea1ch, kh\u00f4. \u0110\u1ea3m b\u1ea3o nh\u00e3n \u0111\u01b0\u1ee3c \u0111\u1eb7t \u1edf n\u01a1i kh\u00e1ch h\u00e0ng c\u00f3 th\u1ec3 d\u1ec5 d\u00e0ng ti\u1ebfp c\u1eadn.<\/span><span class=\"AnswerParser_TextContainer__z_Iiv\" data-testid=\"youchat-text\"><strong>H: T\u00f4i c\u00f3 th\u1ec3 c\u1eadp nh\u1eadt th\u00f4ng tin tr\u00ean th\u1ebb NFC kh\u00f4ng?<\/strong><br \/>\nA: C\u00f3! Th\u00f4ng tin c\u00f3 th\u1ec3 \u0111\u01b0\u1ee3c c\u1eadp nh\u1eadt b\u1ea5t c\u1ee9 l\u00fac n\u00e0o, cho ph\u00e9p b\u1ea1n gi\u1eef th\u1ef1c \u0111\u01a1n c\u1ee7a m\u00ecnh lu\u00f4n c\u1eadp nh\u1eadt m\u00e0 kh\u00f4ng c\u1ea7n th\u1ebb m\u1edbi.<\/span><span class=\"AnswerParser_TextContainer__z_Iiv\" data-testid=\"youchat-text\"><strong>Q: S\u1ed1 l\u01b0\u1ee3ng \u0111\u1eb7t h\u00e0ng t\u1ed1i thi\u1ec3u l\u00e0 bao nhi\u00eau?<\/strong><br \/>\nA: S\u1ed1 l\u01b0\u1ee3ng \u0111\u1eb7t h\u00e0ng t\u1ed1i thi\u1ec3u l\u00e0 100 s\u1ea3n ph\u1ea9m, gi\u00e1 s\u1ebd t\u1ed1t h\u01a1n cho \u0111\u01a1n h\u00e0ng t\u1eeb 500 s\u1ea3n ph\u1ea9m tr\u1edf l\u00ean.<\/span><\/p>\n<h3 class=\"AnswerParser_AnswerParserH3__Mpe4s\">9. T\u1ea1i sao n\u00ean ch\u1ecdn th\u1ebb NFC menu Epoxy?<\/h3>\n<p><span class=\"AnswerParser_TextContainer__z_Iiv\" data-testid=\"youchat-text\">\u0110\u1ea7u t\u01b0 v\u00e0o\u00a0<strong>Th\u1ebb NFC Epoxy Menu<\/strong>\u00a0c\u00f3 ngh\u0129a l\u00e0 \u0111\u1ea7u t\u01b0 v\u00e0o t\u01b0\u01a1ng lai n\u01a1i tr\u1ea3i nghi\u1ec7m c\u1ee7a kh\u00e1ch h\u00e0ng \u0111\u01b0\u1ee3c \u01b0u ti\u00ean. Nh\u1eefng th\u1ebb n\u00e0y kh\u00f4ng ch\u1ec9 n\u00e2ng cao hi\u1ec7u qu\u1ea3 ho\u1ea1t \u0111\u1ed9ng m\u00e0 c\u00f2n mang \u0111\u1ebfn n\u00e9t hi\u1ec7n \u0111\u1ea1i cho tr\u1ea3i nghi\u1ec7m \u0103n u\u1ed1ng truy\u1ec1n th\u1ed1ng. V\u1edbi c\u00e1c t\u00ednh n\u0103ng m\u1ea1nh m\u1ebd v\u00e0 t\u00f9y ch\u1ecdn t\u00f9y ch\u1ec9nh, ch\u00fang l\u00e0 c\u00f4ng c\u1ee5 thi\u1ebft y\u1ebfu cho b\u1ea5t k\u1ef3 c\u01a1 s\u1edf n\u00e0o mu\u1ed1n \u0111i \u0111\u1ea7u trong th\u1ecb tr\u01b0\u1eddng d\u1ecbch v\u1ee5 kh\u00e1ch s\u1ea1n c\u1ea1nh tranh.<\/span><\/p>\n<h3 class=\"AnswerParser_AnswerParserH3__Mpe4s\">10. B\u1eaft \u0111\u1ea7u ngay h\u00f4m nay!<\/h3>\n<p><span class=\"AnswerParser_TextContainer__z_Iiv\" data-testid=\"youchat-text\">B\u1ea1n \u0111\u00e3 s\u1eb5n s\u00e0ng n\u00e2ng t\u1ea7m tr\u1ea3i nghi\u1ec7m \u1ea9m th\u1ef1c c\u1ee7a m\u00ecnh ch\u01b0a?\u00a0<strong>Li\u00ean h\u1ec7 v\u1edbi ch\u00fang t\u00f4i ngay h\u00f4m nay<\/strong>\u00a0\u0111\u1ec3 y\u00eau c\u1ea7u m\u1eabu mi\u1ec5n ph\u00ed c\u1ee7a Th\u1ebb NFC Menu Epoxy c\u1ee7a ch\u00fang t\u00f4i v\u00e0 t\u1ef1 m\u00ecnh xem s\u1ef1 kh\u00e1c bi\u1ec7t. V\u1edbi cam k\u1ebft v\u1ec1 ch\u1ea5t l\u01b0\u1ee3ng v\u00e0 s\u1ef1 h\u00e0i l\u00f2ng c\u1ee7a kh\u00e1ch h\u00e0ng, ch\u00fang t\u00f4i \u1edf \u0111\u00e2y \u0111\u1ec3 gi\u00fap b\u1ea1n trong t\u1eebng b\u01b0\u1edbc.<\/span><\/p>","protected":false},"excerpt":{"rendered":"<p>C\u1ea3i thi\u1ec7n tr\u1ea3i nghi\u1ec7m \u0103n u\u1ed1ng v\u1edbi Th\u1ebb NFC Epoxy Menu! Cho ph\u00e9p truy c\u1eadp menu v\u00e0 \u0111\u1eb7t h\u00e0ng nhanh ch\u00f3ng qua \u0111i\u1ec7n tho\u1ea1i th\u00f4ng minh, n\u00e2ng cao tr\u1ea3i nghi\u1ec7m c\u1ee7a kh\u00e1ch v\u00e0 t\u1ed1i \u01b0u h\u00f3a ho\u1ea1t \u0111\u1ed9ng c\u1ee7a nh\u00e0 h\u00e0ng.<\/p>","protected":false},"featured_media":2800,"template":"","meta":{"_kad_post_transparent":"default","_kad_post_title":"","_kad_post_layout":"default","_kad_post_sidebar_id":"","_kad_post_content_style":"default","_kad_post_vertical_padding":"default","_kad_post_feature":"","_kad_post_feature_position":"","_kad_post_header":false,"_kad_post_footer":false,"_kad_post_classname":""},"product_brand":[],"product_cat":[54],"product_tag":[277,333,217,332,331],"class_list":{"0":"post-2742","1":"product","2":"type-product","3":"status-publish","4":"has-post-thumbnail","6":"product_cat-hot-selling-rfid-tags","7":"product_tag-menu-nfc-tags","8":"product_tag-nfc-epoxy-sticker","9":"product_tag-nfc-tags","10":"product_tag-restaurant-desk-nfc-menu-tag","11":"product_tag-table-nfc-tags","13":"first","14":"instock","15":"shipping-taxable","16":"product-type-simple","17":"entry","18":"content-bg","19":"loop-entry"},"_links":{"self":[{"href":"https:\/\/rfid-laundry-tag.com\/vi\/wp-json\/wp\/v2\/product\/2742","targetHints":{"allow":["GET"]}}],"collection":[{"href":"https:\/\/rfid-laundry-tag.com\/vi\/wp-json\/wp\/v2\/product"}],"about":[{"href":"https:\/\/rfid-laundry-tag.com\/vi\/wp-json\/wp\/v2\/types\/product"}],"version-history":[{"count":1,"href":"https:\/\/rfid-laundry-tag.com\/vi\/wp-json\/wp\/v2\/product\/2742\/revisions"}],"predecessor-version":[{"id":2801,"href":"https:\/\/rfid-laundry-tag.com\/vi\/wp-json\/wp\/v2\/product\/2742\/revisions\/2801"}],"wp:featuredmedia":[{"embeddable":true,"href":"https:\/\/rfid-laundry-tag.com\/vi\/wp-json\/wp\/v2\/media\/2800"}],"wp:attachment":[{"href":"https:\/\/rfid-laundry-tag.com\/vi\/wp-json\/wp\/v2\/media?parent=2742"}],"wp:term":[{"taxonomy":"product_brand","embeddable":true,"href":"https:\/\/rfid-laundry-tag.com\/vi\/wp-json\/wp\/v2\/product_brand?post=2742"},{"taxonomy":"product_cat","embeddable":true,"href":"https:\/\/rfid-laundry-tag.com\/vi\/wp-json\/wp\/v2\/product_cat?post=2742"},{"taxonomy":"product_tag","embeddable":true,"href":"https:\/\/rfid-laundry-tag.com\/vi\/wp-json\/wp\/v2\/product_tag?post=2742"}],"curies":[{"name":"wp","href":"https:\/\/api.w.org\/{rel}","templated":true}]}}