{"id":2714,"date":"2024-09-28T14:57:16","date_gmt":"2024-09-28T14:57:16","guid":{"rendered":"https:\/\/rfid-laundry-tag.com\/?post_type=product&#038;p=2714"},"modified":"2024-09-28T15:13:47","modified_gmt":"2024-09-28T15:13:47","slug":"custom-laundry-rfid-tag","status":"publish","type":"product","link":"https:\/\/rfid-laundry-tag.com\/vi\/custom-laundry-rfid-tag\/","title":{"rendered":"Th\u1ebb RFID gi\u1eb7t \u1ee7i t\u00f9y ch\u1ec9nh"},"content":{"rendered":"<div>\n<div class=\"auto-hide-last-sibling-br paragraph_1252f paragraph-element\">\n<table width=\"637\">\n<tbody>\n<tr>\n<td width=\"328\">T\u00ean s\u1ea3n ph\u1ea9m:<\/td>\n<td width=\"309\"><strong>Th\u1ebb RFID gi\u1eb7t \u1ee7i t\u00f9y ch\u1ec9nh<\/strong><\/td>\n<\/tr>\n<tr>\n<td width=\"328\">Ti\u00eau chu\u1ea9n RFID:<\/td>\n<td width=\"309\">ISO\/IEC 18000-6 Lo\u1ea1i C (EPC Gen2)<\/td>\n<\/tr>\n<tr>\n<td width=\"328\">K\u00edch th\u01b0\u1edbc &amp; Tr\u1ecdng l\u01b0\u1ee3ng:<\/td>\n<td width=\"309\">70\u00d715mm, 0,6g<\/td>\n<\/tr>\n<tr>\n<td width=\"328\">Lo\u1ea1i chip:<\/td>\n<td width=\"309\">Impinj Monza 4QT,NXP U M\u00c3 8,NXP U M\u00c3 9<\/td>\n<\/tr>\n<tr>\n<td width=\"328\">B\u1ed9 nh\u1edb EPC:<\/td>\n<td width=\"309\">128 bit<\/td>\n<\/tr>\n<tr>\n<td width=\"328\">B\u1ed9 nh\u1edb ng\u01b0\u1eddi d\u00f9ng:<\/td>\n<td width=\"309\">512 bit<\/td>\n<\/tr>\n<tr>\n<td width=\"328\">Ph\u1ea1m vi \u0111\u1ecdc (2W ERP FCC):<\/td>\n<td width=\"309\">8 ph\u00fat<\/td>\n<\/tr>\n<tr>\n<td width=\"328\">Ph\u1ea1m vi \u0111\u1ecdc (2W ERP ETSI):<\/td>\n<td width=\"309\">8 ph\u00fat<\/td>\n<\/tr>\n<tr>\n<td width=\"328\">G\u1eafn th\u1ebb:<\/td>\n<td width=\"309\">May, keo d\u00e1n d\u1eadp n\u00f3ng<\/td>\n<\/tr>\n<tr>\n<td width=\"328\">Tu\u1ed5i th\u1ecd \u01b0\u1edbc t\u00ednh:<\/td>\n<td width=\"309\">200 chu k\u1ef3 gi\u1eb7t ho\u1eb7c 3 n\u0103m, t\u00f9y theo \u0111i\u1ec1u ki\u1ec7n n\u00e0o \u0111\u1ebfn tr\u01b0\u1edbc<\/td>\n<\/tr>\n<tr>\n<td width=\"328\">Ph\u01b0\u01a1ng ph\u00e1p gi\u1eb7t:<\/td>\n<td width=\"309\">Gi\u1eb7t \u1ee7i, Gi\u1eb7t kh\u00f4<\/td>\n<\/tr>\n<tr>\n<td width=\"328\">\u00c1p su\u1ea5t h\u00fat n\u01b0\u1edbc:<\/td>\n<td width=\"309\">60 thanh<\/td>\n<\/tr>\n<tr>\n<td width=\"328\">Kh\u1ea3 n\u0103ng ch\u1ed1ng n\u01b0\u1edbc:<\/td>\n<td width=\"309\">Ch\u1ed1ng n\u01b0\u1edbc<\/td>\n<\/tr>\n<tr>\n<td width=\"328\">Kh\u1ea3 n\u0103ng kh\u00e1ng h\u00f3a ch\u1ea5t:<\/td>\n<td width=\"309\">Ch\u1ea5t t\u1ea9y r\u1eeda, Ch\u1ea5t l\u00e0m m\u1ec1m, Ch\u1ea5t t\u1ea9y tr\u1eafng (Oxy\/ Clo), Ch\u1ea5t ki\u1ec1m<\/td>\n<\/tr>\n<tr>\n<td width=\"328\">L\u00e0m kh\u00f4 tr\u01b0\u1edbc trong m\u00e1y s\u1ea5y:<\/td>\n<td width=\"309\">125 \u00baC trong 15-20 ph\u00fat<\/td>\n<\/tr>\n<tr>\n<td width=\"328\">Nhi\u1ec7t \u0111\u1ed9 kh\u1eed tr\u00f9ng:<\/td>\n<td width=\"309\">135\u00b0C trong 15-20 ph\u00fat<\/td>\n<\/tr>\n<tr>\n<td width=\"328\">Nhi\u1ec7t \u0111\u1ed9 gi\u1eb7t:<\/td>\n<td width=\"309\">90\u00b0C, T\u1ed1i \u0111a 15 ph\u00fat.<\/td>\n<\/tr>\n<tr>\n<td width=\"328\">\u0110\u1ed9 \u1ea9m\/ Nhi\u1ec7t \u0111\u1ed9-Ho\u1ea1t \u0111\u1ed9ng:<\/td>\n<td width=\"309\">-20 \u0111\u1ebfn 110\u00b0C, 8 \u0111\u1ebfn 95%RH<\/td>\n<\/tr>\n<tr>\n<td width=\"328\">\u0110\u1ed9 \u1ea9m\/ Nhi\u1ec7t \u0111\u1ed9-L\u01b0u tr\u1eef:<\/td>\n<td width=\"309\">-40 \u0111\u1ebfn 110\u00b0C, 8 \u0111\u1ebfn 95%RH<\/td>\n<\/tr>\n<\/tbody>\n<\/table>\n<\/div>\n<\/div>\n<div class=\"auto-hide-last-sibling-br paragraph_1252f paragraph-element\">\n<h2 class=\"AnswerParser_AnswerParserH2__SIHnF\">T\u1ea1i sao n\u00ean ch\u1ecdn th\u1ebb RFID gi\u1eb7t l\u00e0 t\u00f9y ch\u1ec9nh?<\/h2>\n<p><span class=\"AnswerParser_TextContainer__z_Iiv\" data-testid=\"youchat-text\">\u0110\u1ea7u t\u01b0 v\u00e0o m\u1ed9t\u00a0<strong>th\u1ebb RFID gi\u1eb7t \u1ee7i t\u00f9y ch\u1ec9nh<\/strong>\u00a0n\u00e2ng cao hi\u1ec7u qu\u1ea3 ho\u1ea1t \u0111\u1ed9ng, gi\u1ea3m th\u1ea5t tho\u00e1t v\u00e0 c\u1ea3i thi\u1ec7n ki\u1ec3m so\u00e1t h\u00e0ng t\u1ed3n kho. B\u1eb1ng c\u00e1ch t\u1ef1 \u0111\u1ed9ng h\u00f3a quy tr\u00ecnh theo d\u00f5i, c\u00e1c doanh nghi\u1ec7p c\u00f3 th\u1ec3 ti\u1ebft ki\u1ec7m th\u1eddi gian v\u00e0 ngu\u1ed3n l\u1ef1c trong khi v\u1eabn \u0111\u1ea3m b\u1ea3o ghi ch\u00e9p ch\u00ednh x\u00e1c c\u00e1c m\u1eb7t h\u00e0ng d\u1ec7t may. \u0110\u1ed9 b\u1ec1n v\u00e0 kh\u1ea3 n\u0103ng ch\u1ed1ng h\u00f3a ch\u1ea5t c\u1ee7a c\u00e1c th\u1ebb n\u00e0y khi\u1ebfn ch\u00fang tr\u1edf n\u00ean l\u00fd t\u01b0\u1edfng cho nhi\u1ec1u m\u00f4i tr\u01b0\u1eddng gi\u1eb7t \u1ee7i kh\u00e1c nhau, mang l\u1ea1i s\u1ef1 an t\u00e2m cho ng\u01b0\u1eddi d\u00f9ng.<\/span><\/p>\n<h2 class=\"AnswerParser_AnswerParserH2__SIHnF\">T\u00ednh n\u0103ng c\u1ee7a Th\u1ebb RFID Gi\u1eb7t \u1ee7i T\u00f9y ch\u1ec9nh<\/h2>\n<h3 class=\"AnswerParser_AnswerParserH3__Mpe4s\">1. Thi\u1ebft k\u1ebf b\u1ec1n v\u00e0 c\u00f3 th\u1ec3 gi\u1eb7t \u0111\u01b0\u1ee3c<\/h3>\n<p><span class=\"AnswerParser_TextContainer__z_Iiv\" data-testid=\"youchat-text\">C\u00e1c\u00a0<strong>th\u1ebb RFID gi\u1eb7t \u1ee7i t\u00f9y ch\u1ec9nh<\/strong>\u00a0\u0111\u01b0\u1ee3c thi\u1ebft k\u1ebf \u0111\u1eb7c bi\u1ec7t \u0111\u1ec3 ch\u1ecbu \u0111\u01b0\u1ee3c s\u1ef1 kh\u1eafc nghi\u1ec7t c\u1ee7a gi\u1eb7t \u1ee7i th\u01b0\u01a1ng m\u1ea1i. V\u1edbi k\u00edch th\u01b0\u1edbc 70\u00d715 mm v\u00e0 ch\u1ec9 n\u1eb7ng 0,6g, n\u00f3 nh\u1eb9 nh\u01b0ng \u0111\u1ee7 ch\u1eafc ch\u1eafn \u0111\u1ec3 ch\u1ecbu \u0111\u01b0\u1ee3c t\u1edbi 200 chu k\u1ef3 gi\u1eb7t ho\u1eb7c ba n\u0103m s\u1eed d\u1ee5ng. \u0110\u01b0\u1ee3c l\u00e0m t\u1eeb v\u1eadt li\u1ec7u ch\u1ed1ng th\u1ea5m n\u01b0\u1edbc v\u00e0 ch\u1ed1ng h\u00f3a ch\u1ea5t, th\u1ebb n\u00e0y c\u00f3 th\u1ec3 t\u1ed3n t\u1ea1i trong m\u00f4i tr\u01b0\u1eddng kh\u1eafc nghi\u1ec7t, bao g\u1ed3m ti\u1ebfp x\u00fac v\u1edbi ch\u1ea5t t\u1ea9y r\u1eeda, ch\u1ea5t l\u00e0m m\u1ec1m v\u00e0 thu\u1ed1c t\u1ea9y.<\/span><\/p>\n<h3 class=\"AnswerParser_AnswerParserH3__Mpe4s\">2. C\u00f4ng ngh\u1ec7 RFID ti\u00ean ti\u1ebfn<\/h3>\n<p><span class=\"AnswerParser_TextContainer__z_Iiv\" data-testid=\"youchat-text\">Ho\u1ea1t \u0111\u1ed9ng theo ti\u00eau chu\u1ea9n ISO\/IEC 18000-6 Lo\u1ea1i C (EPC Gen2),\u00a0<strong>Th\u1ebb gi\u1eb7t RFID<\/strong>\u00a0c\u00f3 ph\u1ea1m vi \u0111\u1ecdc \u1ea5n t\u01b0\u1ee3ng l\u00e0 8 m\u00e9t, gi\u00fap d\u1ec5 d\u00e0ng theo d\u00f5i c\u00e1c m\u1eb7t h\u00e0ng gi\u1eb7t l\u00e0 m\u00e0 kh\u00f4ng c\u1ea7n ph\u1ea3i nh\u00ecn th\u1eb3ng. C\u00e1c lo\u1ea1i chip ti\u00ean ti\u1ebfn, bao g\u1ed3m Impinj Monza 4QT v\u00e0 NXP U CODE 8\/9, cho ph\u00e9p truy\u1ec1n d\u1eef li\u1ec7u hi\u1ec7u qu\u1ea3 v\u00e0 hi\u1ec7u su\u1ea5t \u0111\u00e1ng tin c\u1eady, ngay c\u1ea3 trong \u0111i\u1ec1u ki\u1ec7n kh\u00f3 kh\u0103n.<\/span><\/p>\n<h3 class=\"AnswerParser_AnswerParserH3__Mpe4s\">3. T\u00f9y ch\u1ecdn g\u1eafn th\u1ebb \u0111a n\u0103ng<\/h3>\n<p><span class=\"AnswerParser_TextContainer__z_Iiv\" data-testid=\"youchat-text\">C\u00e1c\u00a0<strong>th\u1ebb RFID gi\u1eb7t \u1ee7i t\u00f9y ch\u1ec9nh<\/strong>\u00a0cung c\u1ea5p c\u00e1c gi\u1ea3i ph\u00e1p g\u1eafn th\u1ebb linh ho\u1ea1t, bao g\u1ed3m ph\u01b0\u01a1ng ph\u00e1p may v\u00e0 d\u00e1n keo d\u1eadp n\u00f3ng. T\u00ednh linh ho\u1ea1t n\u00e0y cho ph\u00e9p t\u00edch h\u1ee3p d\u1ec5 d\u00e0ng v\u00e0o nhi\u1ec1u m\u1eb7t h\u00e0ng d\u1ec7t may kh\u00e1c nhau, \u0111\u1ea3m b\u1ea3o r\u1eb1ng c\u00e1c th\u1ebb v\u1eabn \u0111\u01b0\u1ee3c g\u1eafn ch\u1eb7t trong su\u1ed1t v\u00f2ng \u0111\u1eddi c\u1ee7a ch\u00fang.<\/span><\/p>\n<h3 class=\"AnswerParser_AnswerParserH3__Mpe4s\">4. Kh\u1ea3 n\u0103ng ch\u1ecbu h\u00f3a ch\u1ea5t v\u00e0 nhi\u1ec7t \u0111\u1ed9<\/h3>\n<p><span class=\"AnswerParser_TextContainer__z_Iiv\" data-testid=\"youchat-text\">\u0110\u01b0\u1ee3c thi\u1ebft k\u1ebf \u0111\u1ec3 ch\u1ecbu \u0111\u01b0\u1ee3c nhi\u1ec7t \u0111\u1ed9 cao,\u00a0<strong>Th\u1ebb RFID<\/strong>\u00a0c\u00f3 th\u1ec3 ch\u1ecbu \u0111\u01b0\u1ee3c nhi\u1ec7t \u0111\u1ed9 gi\u1eb7t l\u00ean \u0111\u1ebfn 90\u00b0C trong 15 ph\u00fat v\u00e0 kh\u1eed tr\u00f9ng \u1edf 135\u00b0C trong 15-20 ph\u00fat. V\u1edbi \u00e1p su\u1ea5t h\u00fat n\u01b0\u1edbc l\u00e0 60 bar, c\u00e1c th\u1ebb n\u00e0y \u0111\u01b0\u1ee3c ch\u1ebf t\u1ea1o \u0111\u1ec3 x\u1eed l\u00fd m\u00f4i tr\u01b0\u1eddng gi\u1eb7t kh\u1eafc nghi\u1ec7t, khi\u1ebfn ch\u00fang ph\u00f9 h\u1ee3p v\u1edbi c\u00e1c \u1ee9ng d\u1ee5ng gi\u1eb7t l\u00e0 c\u00f4ng nghi\u1ec7p.<\/span><\/p>\n<h3 class=\"AnswerParser_AnswerParserH3__Mpe4s\">5. Qu\u1ea3n l\u00fd h\u00e0ng t\u1ed3n kho n\u00e2ng cao<\/h3>\n<p><span class=\"AnswerParser_TextContainer__z_Iiv\" data-testid=\"youchat-text\">S\u1eed d\u1ee5ng\u00a0<strong>Theo d\u00f5i gi\u1eb7t \u1ee7i b\u1eb1ng RFID<\/strong>\u00a0c\u00f4ng ngh\u1ec7 cho ph\u00e9p c\u00e1c doanh nghi\u1ec7p h\u1ee3p l\u00fd h\u00f3a ho\u1ea1t \u0111\u1ed9ng gi\u1eb7t l\u00e0 c\u1ee7a h\u1ecd. C\u00e1c th\u1ebb t\u1ea1o \u0111i\u1ec1u ki\u1ec7n qu\u1ea3n l\u00fd h\u00e0ng t\u1ed3n kho hi\u1ec7u qu\u1ea3, gi\u00fap ng\u0103n ng\u1eeba th\u1ea5t tho\u00e1t v\u00e0 \u0111\u1ea3m b\u1ea3o r\u1eb1ng t\u1ea5t c\u1ea3 c\u00e1c m\u1eb7t h\u00e0ng \u0111\u1ec1u \u0111\u01b0\u1ee3c ghi ch\u00e9p. M\u1ee9c \u0111\u1ed9 theo d\u00f5i n\u00e0y r\u1ea5t c\u1ea7n thi\u1ebft \u0111\u1ed1i v\u1edbi c\u00e1c c\u01a1 s\u1edf ch\u0103m s\u00f3c s\u1ee9c kh\u1ecfe, kh\u00e1ch s\u1ea1n v\u00e0 c\u00e1c t\u1ed5 ch\u1ee9c kh\u00e1c c\u00f3 kh\u1ed1i l\u01b0\u1ee3ng gi\u1eb7t l\u00e0 l\u1edbn.<\/span><\/p>\n<h3 class=\"AnswerParser_AnswerParserH3__Mpe4s\">6. T\u00e1c \u0111\u1ed9ng m\u00f4i tr\u01b0\u1eddng<\/h3>\n<p><span class=\"AnswerParser_TextContainer__z_Iiv\" data-testid=\"youchat-text\">C\u00e1c\u00a0<strong>th\u1ebb RFID gi\u1eb7t \u1ee7i t\u00f9y ch\u1ec9nh<\/strong>\u00a0kh\u00f4ng ch\u1ec9 b\u1ec1n m\u00e0 c\u00f2n th\u00e2n thi\u1ec7n v\u1edbi m\u00f4i tr\u01b0\u1eddng. B\u1eb1ng c\u00e1ch gi\u1ea3m nhu c\u1ea7u theo d\u00f5i th\u1ee7 c\u00f4ng v\u00e0 gi\u1ea3m thi\u1ec3u t\u1ed5n th\u1ea5t h\u00e0ng d\u1ec7t may, c\u00e1c th\u1ebb n\u00e0y g\u00f3p ph\u1ea7n v\u00e0o c\u00e1c ho\u1ea1t \u0111\u1ed9ng gi\u1eb7t l\u00e0 b\u1ec1n v\u1eefng h\u01a1n. Vi\u1ec7c tri\u1ec3n khai c\u00f4ng ngh\u1ec7 RFID c\u00f3 th\u1ec3 d\u1eabn \u0111\u1ebfn gi\u1ea3m ch\u1ea5t th\u1ea3i v\u00e0 c\u1ea3i thi\u1ec7n n\u1ed7 l\u1ef1c t\u00e1i ch\u1ebf.<\/span><\/div>\n<div><\/div>\n<div>\n<h2 class=\"AnswerParser_AnswerParserH2__SIHnF\">H\u01b0\u1edbng d\u1eabn s\u1eed d\u1ee5ng<\/h2>\n<ol class=\"AnswerParser_AnswerParserOrderedList__kl_2Y\">\n<li class=\"AnswerParser_ListItem__XqLOV\" translate=\"yes\"><strong>\u0110\u00e1nh d\u1ea5u<\/strong>: Ch\u1ecdn ph\u01b0\u01a1ng ph\u00e1p g\u1eafn th\u1ebb \u01b0a th\u00edch c\u1ee7a b\u1ea1n (may ho\u1eb7c d\u1eadp n\u00f3ng) \u0111\u1ec3 g\u1eafn th\u1ebb RFID m\u1ed9t c\u00e1ch an to\u00e0n v\u00e0o qu\u1ea7n \u00e1o ho\u1eb7c v\u1ea3i lanh c\u1ee7a b\u1ea1n.<\/li>\n<li class=\"AnswerParser_ListItem__XqLOV\" translate=\"yes\"><strong>Gi\u1eb7t gi\u0169<\/strong>: Th\u1ef1c hi\u1ec7n theo h\u01b0\u1edbng d\u1eabn gi\u1eb7t, \u0111\u1ea3m b\u1ea3o nh\u00e3n \u0111\u01b0\u1ee3c ti\u1ebfp x\u00fac v\u1edbi nhi\u1ec7t \u0111\u1ed9 v\u00e0 c\u00e0i \u0111\u1eb7t h\u00f3a ch\u1ea5t \u0111\u01b0\u1ee3c khuy\u1ebfn ngh\u1ecb.<\/li>\n<li class=\"AnswerParser_ListItem__XqLOV\" translate=\"yes\"><strong>Theo d\u00f5i<\/strong>:S\u1eed d\u1ee5ng \u0111\u1ea7u \u0111\u1ecdc RFID \u0111\u1ec3 theo d\u00f5i v\u00e0 qu\u1ea3n l\u00fd h\u00e0ng t\u1ed3n kho gi\u1eb7t l\u00e0 c\u1ee7a b\u1ea1n m\u1ed9t c\u00e1ch hi\u1ec7u qu\u1ea3, \u0111\u1ea3m b\u1ea3o ghi ch\u00e9p ch\u00ednh x\u00e1c v\u00e0 gi\u1ea3m thi\u1ec3u th\u1ea5t tho\u00e1t.<\/li>\n<\/ol>\n<h2 class=\"AnswerParser_AnswerParserH2__SIHnF\">\u0110\u00e1nh gi\u00e1 c\u1ee7a kh\u00e1ch h\u00e0ng<\/h2>\n<p><span class=\"AnswerParser_TextContainer__z_Iiv\" data-testid=\"youchat-text\">\u201cS\u1eed d\u1ee5ng\u00a0<strong>th\u1ebb RFID gi\u1eb7t \u1ee7i t\u00f9y ch\u1ec9nh<\/strong>\u00a0\u0111\u00e3 chuy\u1ec3n \u0111\u1ed5i ho\u1ea1t \u0111\u1ed9ng gi\u1eb7t l\u00e0 c\u1ee7a ch\u00fang t\u00f4i. Ch\u00fang t\u00f4i c\u00f3 th\u1ec3 theo d\u00f5i \u0111\u1ed3 v\u1ea3i c\u1ee7a m\u00ecnh m\u1ed9t c\u00e1ch li\u1ec1n m\u1ea1ch v\u00e0 \u0111\u00e3 th\u1ea5y gi\u1ea3m \u0111\u00e1ng k\u1ec3 t\u1ed5n th\u1ea5t.\u201d \u2013 Sarah, Qu\u1ea3n l\u00fd kh\u00e1ch s\u1ea1n<\/span><span class=\"AnswerParser_TextContainer__z_Iiv\" data-testid=\"youchat-text\">\u201cGi\u1ea3i ph\u00e1p RFID n\u00e0y b\u1ec1n b\u1ec9 v\u00e0 ch\u1ecbu \u0111\u01b0\u1ee3c c\u00e1c quy tr\u00ecnh gi\u1eb7t l\u00e0 c\u00f4ng nghi\u1ec7p c\u1ee7a ch\u00fang t\u00f4i m\u00e0 kh\u00f4ng c\u00f3 b\u1ea5t k\u1ef3 v\u1ea5n \u0111\u1ec1 n\u00e0o. R\u1ea5t khuy\u1ebfn kh\u00edch s\u1eed d\u1ee5ng!\u201d \u2013 Mark, Gi\u00e1m \u0111\u1ed1c \u0111i\u1ec1u h\u00e0nh<\/span><\/p>\n<h2 class=\"AnswerParser_AnswerParserH2__SIHnF\">Nh\u1eefng c\u00e2u h\u1ecfi th\u01b0\u1eddng g\u1eb7p (FAQ)<\/h2>\n<p><span class=\"AnswerParser_TextContainer__z_Iiv\" data-testid=\"youchat-text\"><strong>H: Th\u1ebb RFID c\u00f3 tu\u1ed5i th\u1ecd bao l\u00e2u?<\/strong><br \/>\nA: C\u00e1i\u00a0<strong>th\u1ebb RFID gi\u1eb7t \u1ee7i t\u00f9y ch\u1ec9nh<\/strong>\u00a0\u0111\u01b0\u1ee3c thi\u1ebft k\u1ebf \u0111\u1ec3 s\u1eed d\u1ee5ng \u0111\u01b0\u1ee3c t\u1edbi 200 l\u1ea7n gi\u1eb7t ho\u1eb7c ba n\u0103m, t\u00f9y theo \u0111i\u1ec1u ki\u1ec7n n\u00e0o \u0111\u1ebfn tr\u01b0\u1edbc.<\/span><\/div>\n<div><span class=\"AnswerParser_TextContainer__z_Iiv\" data-testid=\"youchat-text\"><strong>H: Th\u1ebb c\u00f3 ch\u1ecbu \u0111\u01b0\u1ee3c nhi\u1ec7t \u0111\u1ed9 cao kh\u00f4ng?<\/strong><br \/>\nA: C\u00f3, th\u1ebb \u0111\u01b0\u1ee3c thi\u1ebft k\u1ebf \u0111\u1ec3 ch\u1ecbu \u0111\u01b0\u1ee3c nhi\u1ec7t \u0111\u1ed9 gi\u1eb7t l\u00ean t\u1edbi 90\u00b0C v\u00e0 nhi\u1ec7t \u0111\u1ed9 kh\u1eed tr\u00f9ng l\u00ean t\u1edbi 135\u00b0C.<\/span><\/div>\n<div><span class=\"AnswerParser_TextContainer__z_Iiv\" data-testid=\"youchat-text\"><strong>H: L\u00e0m th\u1ebf n\u00e0o \u0111\u1ec3 g\u1eafn th\u1ebb RFID v\u00e0o h\u00e0ng d\u1ec7t may c\u1ee7a t\u00f4i?<\/strong><br \/>\nA: Th\u1ebb c\u00f3 th\u1ec3 \u0111\u01b0\u1ee3c kh\u00e2u v\u00e0o v\u1ea3i ho\u1eb7c d\u00e1n b\u1eb1ng keo d\u00e1n n\u00f3ng, t\u00f9y theo s\u1edf th\u00edch c\u1ee7a b\u1ea1n.<\/span><\/div>\n<div><span class=\"AnswerParser_TextContainer__z_Iiv\" data-testid=\"youchat-text\"><strong>H\u1ecfi: Th\u1ebb RFID c\u00f3 ch\u1ed1ng th\u1ea5m n\u01b0\u1edbc kh\u00f4ng?<\/strong><br \/>\nA: C\u00f3, th\u1ebb n\u00e0y kh\u00f4ng th\u1ea5m n\u01b0\u1edbc v\u00e0 c\u00f3 th\u1ec3 ch\u1ecbu \u0111\u01b0\u1ee3c nhi\u1ec1u lo\u1ea1i h\u00f3a ch\u1ea5t v\u00e0 \u0111i\u1ec1u ki\u1ec7n gi\u1eb7t gi\u0169 kh\u00e1c nhau.<\/span><\/p>\n<h3 class=\"AnswerParser_AnswerParserH3__Mpe4s\">S\u1ea3n ph\u1ea9m li\u00ean quan<\/h3>\n<ul class=\"AnswerParser_AnswerParserUnorderedList__P_1FW\">\n<li class=\"AnswerParser_ListItem__XqLOV\" translate=\"yes\"><strong>Th\u1ebb v\u1ea3i lanh RFID<\/strong>: Th\u00edch h\u1ee3p \u0111\u1ec3 theo d\u00f5i \u0111\u1ed3 v\u1ea3i trong kh\u00e1ch s\u1ea1n v\u00e0 c\u01a1 s\u1edf ch\u0103m s\u00f3c s\u1ee9c kh\u1ecfe.<\/li>\n<li class=\"AnswerParser_ListItem__XqLOV\" translate=\"yes\"><strong>Th\u1ebb RFID c\u00f3 th\u1ec3 gi\u1eb7t \u0111\u01b0\u1ee3c<\/strong>: Th\u00edch h\u1ee3p cho c\u00e1c lo\u1ea1i qu\u1ea7n \u00e1o c\u1ea7n gi\u1eb7t v\u00e0 theo d\u00f5i th\u01b0\u1eddng xuy\u00ean.<\/li>\n<li class=\"AnswerParser_ListItem__XqLOV\" translate=\"yes\"><strong>Gi\u1ea3i ph\u00e1p gi\u1eb7t l\u00e0 c\u00f4ng nghi\u1ec7p<\/strong>: Gi\u1ea3i ph\u00e1p RFID ph\u00f9 h\u1ee3p cho ho\u1ea1t \u0111\u1ed9ng gi\u1eb7t l\u00e0 kh\u1ed1i l\u01b0\u1ee3ng l\u1edbn.<\/li>\n<\/ul>\n<\/div>\n<div data-spm-anchor-id=\"a2700.details.0.i57.23b419c7xXORP0\">\n<div class=\"auto-hide-last-sibling-br paragraph_1252f paragraph-element\"><\/div>\n<\/div>\n<div class=\"auto-hide-last-sibling-br paragraph_1252f paragraph-element\"><\/div>","protected":false},"excerpt":{"rendered":"<p>G\u1eafn th\u1ebb qu\u1ea7n \u00e1o c\u1ee7a b\u1ea1n m\u1ed9t c\u00e1ch an to\u00e0n v\u1edbi \u0111\u1ed9 b\u1ec1n cao <strong>Th\u1ebb RFID gi\u1eb7t l\u00e0<\/strong>, \u0111\u01b0\u1ee3c thi\u1ebft k\u1ebf ch\u1ecbu \u0111\u01b0\u1ee3c nhi\u1ec7t \u0111\u1ed9 cao, kh\u00f4ng th\u1ea5m n\u01b0\u1edbc v\u00e0 l\u00fd t\u01b0\u1edfng \u0111\u1ec3 theo d\u00f5i qu\u1ea7n \u00e1o gi\u1eb7t hi\u1ec7u qu\u1ea3.<\/p>","protected":false},"featured_media":2715,"template":"","meta":{"_kad_post_transparent":"default","_kad_post_title":"","_kad_post_layout":"default","_kad_post_sidebar_id":"","_kad_post_content_style":"default","_kad_post_vertical_padding":"default","_kad_post_feature":"","_kad_post_feature_position":"","_kad_post_header":false,"_kad_post_footer":false,"_kad_post_classname":""},"product_brand":[],"product_cat":[19],"product_tag":[315,297,31,30],"class_list":{"0":"post-2714","1":"product","2":"type-product","3":"status-publish","4":"has-post-thumbnail","6":"product_cat-textile-rfid-laundry-tag","7":"product_tag-custom-laundry-rfid-tag","8":"product_tag-rfid-chips-for-uniform","9":"product_tag-rfid-tag-for-linen-laundry","10":"product_tag-uhf-rfid-laundry-tag","12":"first","13":"instock","14":"featured","15":"shipping-taxable","16":"product-type-simple","17":"entry","18":"content-bg","19":"loop-entry"},"_links":{"self":[{"href":"https:\/\/rfid-laundry-tag.com\/vi\/wp-json\/wp\/v2\/product\/2714","targetHints":{"allow":["GET"]}}],"collection":[{"href":"https:\/\/rfid-laundry-tag.com\/vi\/wp-json\/wp\/v2\/product"}],"about":[{"href":"https:\/\/rfid-laundry-tag.com\/vi\/wp-json\/wp\/v2\/types\/product"}],"version-history":[{"count":1,"href":"https:\/\/rfid-laundry-tag.com\/vi\/wp-json\/wp\/v2\/product\/2714\/revisions"}],"predecessor-version":[{"id":2716,"href":"https:\/\/rfid-laundry-tag.com\/vi\/wp-json\/wp\/v2\/product\/2714\/revisions\/2716"}],"wp:featuredmedia":[{"embeddable":true,"href":"https:\/\/rfid-laundry-tag.com\/vi\/wp-json\/wp\/v2\/media\/2715"}],"wp:attachment":[{"href":"https:\/\/rfid-laundry-tag.com\/vi\/wp-json\/wp\/v2\/media?parent=2714"}],"wp:term":[{"taxonomy":"product_brand","embeddable":true,"href":"https:\/\/rfid-laundry-tag.com\/vi\/wp-json\/wp\/v2\/product_brand?post=2714"},{"taxonomy":"product_cat","embeddable":true,"href":"https:\/\/rfid-laundry-tag.com\/vi\/wp-json\/wp\/v2\/product_cat?post=2714"},{"taxonomy":"product_tag","embeddable":true,"href":"https:\/\/rfid-laundry-tag.com\/vi\/wp-json\/wp\/v2\/product_tag?post=2714"}],"curies":[{"name":"wp","href":"https:\/\/api.w.org\/{rel}","templated":true}]}}