{"id":2699,"date":"2024-09-26T14:38:21","date_gmt":"2024-09-26T14:38:21","guid":{"rendered":"https:\/\/rfid-laundry-tag.com\/?post_type=product&#038;p=2699"},"modified":"2024-09-26T15:40:42","modified_gmt":"2024-09-26T15:40:42","slug":"mifare-desfire-ev2-2k-4k-8k-rfid-nfc-inlay","status":"publish","type":"product","link":"https:\/\/rfid-laundry-tag.com\/vi\/mifare-desfire-ev2-2k-4k-8k-rfid-nfc-inlay\/","title":{"rendered":"MIFARE Desfire EV2 2K 4K 8K RFID NFC L\u1edaP"},"content":{"rendered":"<p><span class=\"AnswerParser_TextContainer__z_Iiv\" data-testid=\"youchat-text\"><strong>MIFARE Desfire EV2 2K 4K 8K RFID NFC L\u1edaP<\/strong> <\/span><\/p>\n<p><span class=\"AnswerParser_TextContainer__z_Iiv\" data-testid=\"youchat-text\">C\u00e1c\u00a0<strong>MIFARE\u00ae DESFire\u00ae EV2<\/strong>\u00a0l\u00e0 s\u1ef1 ph\u00e1t tri\u1ec3n m\u1edbi nh\u1ea5t trong c\u00f4ng ngh\u1ec7 RFID, cung c\u1ea5p t\u00ednh b\u1ea3o m\u1eadt, t\u00ednh linh ho\u1ea1t v\u00e0 hi\u1ec7u qu\u1ea3 v\u00f4 song. \u0110\u01b0\u1ee3c ph\u00e1t tri\u1ec3n b\u1edfi NXP, gi\u1ea3i ph\u00e1p th\u1ebb th\u00f4ng minh ti\u00ean ti\u1ebfn n\u00e0y \u0111\u00e1p \u1ee9ng c\u00e1c y\u00eau c\u1ea7u kh\u1eaft khe c\u1ee7a c\u00e1c \u1ee9ng d\u1ee5ng hi\u1ec7n \u0111\u1ea1i, t\u1eeb ki\u1ec3m so\u00e1t truy c\u1eadp an to\u00e0n \u0111\u1ebfn h\u1ec7 th\u1ed1ng giao th\u00f4ng c\u00f4ng c\u1ed9ng li\u1ec1n m\u1ea1ch. V\u1edbi kh\u1ea3 n\u0103ng m\u00e3 h\u00f3a n\u00e2ng cao v\u00e0 ki\u1ebfn tr\u00fac \u1ee9ng d\u1ee5ng linh ho\u1ea1t, MIFARE DESFire EV2 l\u00e0 s\u1ef1 l\u1ef1a ch\u1ecdn l\u00fd t\u01b0\u1edfng cho c\u00e1c doanh nghi\u1ec7p v\u00e0 ch\u00ednh ph\u1ee7 mu\u1ed1n tri\u1ec3n khai c\u00e1c gi\u1ea3i ph\u00e1p kh\u00f4ng ti\u1ebfp x\u00fac \u0111\u00e1ng tin c\u1eady v\u00e0 c\u00f3 th\u1ec3 m\u1edf r\u1ed9ng.<\/span><\/p>\n<h2 class=\"AnswerParser_AnswerParserH2__SIHnF\">T\u00edch h\u1ee3p RFID v\u00e0 NFC to\u00e0n di\u1ec7n<\/h2>\n<h3 class=\"AnswerParser_AnswerParserH3__Mpe4s\">Kh\u1ea3 n\u0103ng MIFARE DESFire ti\u00ean ti\u1ebfn<\/h3>\n<p><span class=\"AnswerParser_TextContainer__z_Iiv\" data-testid=\"youchat-text\">D\u00f2ng s\u1ea3n ph\u1ea9m MIFARE DESFire n\u1ed5i ti\u1ebfng v\u1edbi c\u00e1c t\u00ednh n\u0103ng ti\u00ean ti\u1ebfn v\u00e0 b\u1ea3o m\u1eadt m\u1ea1nh m\u1ebd. Phi\u00ean b\u1ea3n EV2 m\u1edf r\u1ed9ng c\u00e1c kh\u1ea3 n\u0103ng n\u00e0y v\u1edbi h\u1ed7 tr\u1ee3 nhi\u1ec1u \u1ee9ng d\u1ee5ng tr\u00ean m\u1ed9t th\u1ebb, t\u1ed1c \u0111\u1ed9 giao d\u1ecbch d\u1eef li\u1ec7u nhanh v\u00e0 c\u00e1c t\u00f9y ch\u1ecdn l\u01b0u tr\u1eef b\u1ed9 nh\u1edb n\u00e2ng cao. V\u1edbi m\u00e3 h\u00f3a DES, 2K3DES, 3K3DES v\u00e0 AES, MIFARE DESFire EV2 \u0111\u1ea3m b\u1ea3o truy\u1ec1n d\u1eef li\u1ec7u an to\u00e0n tr\u00ean nhi\u1ec1u n\u1ec1n t\u1ea3ng kh\u00e1c nhau.<\/span><\/p>\n<h3 class=\"AnswerParser_AnswerParserH3__Mpe4s\">T\u00f9y ch\u1ecdn kh\u1ea3m linh ho\u1ea1t<\/h3>\n<p><span class=\"AnswerParser_TextContainer__z_Iiv\" data-testid=\"youchat-text\">C\u00e1c l\u1edbp ph\u1ee7 RFID l\u00e0 th\u00e0nh ph\u1ea7n quan tr\u1ecdng trong vi\u1ec7c x\u00e2y d\u1ef1ng c\u00e1c gi\u1ea3i ph\u00e1p c\u00f3 th\u1ec3 m\u1edf r\u1ed9ng v\u00e0 t\u00f9y ch\u1ec9nh. C\u00e1c t\u00f9y ch\u1ecdn l\u1edbp ph\u1ee7 MIFARE DESFire EV2 cung c\u1ea5p t\u00ednh linh ho\u1ea1t v\u1ec1 c\u00e1c y\u1ebfu t\u1ed1 h\u00ecnh th\u1ee9c nh\u01b0 th\u1ebb, nh\u00e3n v\u00e0 v\u00f2ng \u0111eo tay, c\u00f3 th\u1ec3 th\u00edch \u1ee9ng v\u1edbi c\u00e1c nhu c\u1ea7u \u1ee9ng d\u1ee5ng \u0111a d\u1ea1ng. Cho d\u00f9 l\u00e0 v\u00e9 v\u1eadn chuy\u1ec3n hay ch\u01b0\u01a1ng tr\u00ecnh kh\u00e1ch h\u00e0ng th\u00e2n thi\u1ebft, l\u1edbp ph\u1ee7 cung c\u1ea5p c\u00f4ng ngh\u1ec7 c\u1ed1t l\u00f5i \u0111\u1ec3 c\u00f3 hi\u1ec7u su\u1ea5t \u0111\u00e1ng tin c\u1eady.<\/span><\/p>\n<h3 class=\"AnswerParser_AnswerParserH3__Mpe4s\">B\u1ea3o m\u1eadt NXP MIFARE DESFire EV2<\/h3>\n<p><span class=\"AnswerParser_TextContainer__z_Iiv\" data-testid=\"youchat-text\">B\u1ea3o m\u1eadt l\u00e0 c\u1ed1t l\u00f5i c\u1ee7a MIFARE DESFire EV2. S\u1ea3n ph\u1ea9m \u0111\u01b0\u1ee3c ch\u1ee9ng nh\u1eadn theo Ti\u00eau chu\u1ea9n chung EAL5+, ph\u00f9 h\u1ee3p v\u1edbi c\u00e1c \u1ee9ng d\u1ee5ng b\u1ea3o m\u1eadt cao nh\u01b0 h\u1ed9 chi\u1ebfu \u0111i\u1ec7n t\u1eed v\u00e0 th\u1ebb ng\u00e2n h\u00e0ng. Ch\u1ee9ng nh\u1eadn n\u00e0y \u0111\u1ea3m b\u1ea3o m\u1ee9c \u0111\u1ed9 b\u1ea3o m\u1eadt cao nh\u1ea5t \u0111\u1ec3 b\u1ea3o v\u1ec7 d\u1eef li\u1ec7u nh\u1ea1y c\u1ea3m v\u00e0 ng\u0103n ch\u1eb7n truy c\u1eadp tr\u00e1i ph\u00e9p.<\/span><\/p>\n<h2 class=\"AnswerParser_AnswerParserH2__SIHnF\">T\u00ednh n\u0103ng v\u00e0 l\u1ee3i \u00edch c\u1ee7a s\u1ea3n ph\u1ea9m<\/h2>\n<h3 class=\"AnswerParser_AnswerParserH3__Mpe4s\">Truy\u1ec1n d\u1eef li\u1ec7u nhanh ch\u00f3ng v\u00e0 m\u00e3 h\u00f3a m\u1ea1nh m\u1ebd<\/h3>\n<p><span class=\"AnswerParser_TextContainer__z_Iiv\" data-testid=\"youchat-text\">V\u1edbi t\u1ed1c \u0111\u1ed9 truy\u1ec1n d\u1eef li\u1ec7u l\u00ean \u0111\u1ebfn 848 kbit\/gi\u00e2y, MIFARE DESFire EV2 cho ph\u00e9p truy\u1ec1n d\u1eef li\u1ec7u nhanh ch\u00f3ng v\u00e0 hi\u1ec7u qu\u1ea3 gi\u1eefa c\u00e1c thi\u1ebft b\u1ecb. C\u00e1c ph\u01b0\u01a1ng ph\u00e1p m\u00e3 h\u00f3a m\u1ea1nh m\u1ebd c\u1ee7a n\u00f3, bao g\u1ed3m AES, \u0111\u1ea3m b\u1ea3o r\u1eb1ng t\u1ea5t c\u1ea3 d\u1eef li\u1ec7u v\u1eabn an to\u00e0n trong qu\u00e1 tr\u00ecnh truy\u1ec1n, mang l\u1ea1i s\u1ef1 an t\u00e2m cho c\u1ea3 ng\u01b0\u1eddi d\u00f9ng v\u00e0 nh\u00e0 \u0111i\u1ec1u h\u00e0nh.<\/span><\/p>\n<h3 class=\"AnswerParser_AnswerParserH3__Mpe4s\">T\u00f9y ch\u1ecdn b\u1ed9 nh\u1edb dung l\u01b0\u1ee3ng cao<\/h3>\n<p><span class=\"AnswerParser_TextContainer__z_Iiv\" data-testid=\"youchat-text\">MIFARE DESFire EV2 cung c\u1ea5p nhi\u1ec1u k\u00edch th\u01b0\u1edbc b\u1ed9 nh\u1edb kh\u00e1c nhau, bao g\u1ed3m 2kB, 4kB, 8kB, 16kB ho\u1eb7c 32kB, \u0111\u00e1p \u1ee9ng c\u00e1c nhu c\u1ea7u l\u01b0u tr\u1eef kh\u00e1c nhau. T\u00ednh linh ho\u1ea1t n\u00e0y cho ph\u00e9p l\u01b0u tr\u1eef nhi\u1ec1u \u1ee9ng d\u1ee5ng v\u00e0 b\u1ed9 d\u1eef li\u1ec7u l\u1edbn, khi\u1ebfn n\u00f3 tr\u1edf n\u00ean l\u00fd t\u01b0\u1edfng cho c\u00e1c m\u00f4i tr\u01b0\u1eddng ph\u1ee9c t\u1ea1p.<\/span><\/p>\n<h3 class=\"AnswerParser_AnswerParserH3__Mpe4s\">T\u00edch h\u1ee3p li\u1ec1n m\u1ea1ch v\u1edbi h\u1ec7 th\u1ed1ng NFC v\u00e0 RFID<\/h3>\n<p><span class=\"AnswerParser_TextContainer__z_Iiv\" data-testid=\"youchat-text\">\u0110\u01b0\u1ee3c thi\u1ebft k\u1ebf \u0111\u1ec3 tu\u00e2n th\u1ee7 c\u00e1c ti\u00eau chu\u1ea9n ISO\/IEC 14443 A, MIFARE DESFire EV2 t\u00edch h\u1ee3p li\u1ec1n m\u1ea1ch v\u1edbi c\u01a1 s\u1edf h\u1ea1 t\u1ea7ng \u0111\u1ea7u \u0111\u1ecdc NFC hi\u1ec7n c\u00f3. Kh\u1ea3 n\u0103ng t\u01b0\u01a1ng th\u00edch n\u00e0y \u0111\u1ea3m b\u1ea3o r\u1eb1ng c\u00e1c doanh nghi\u1ec7p c\u00f3 th\u1ec3 n\u00e2ng c\u1ea5p h\u1ec7 th\u1ed1ng c\u1ee7a m\u00ecnh m\u00e0 kh\u00f4ng c\u1ea7n ph\u1ea3i s\u1eeda \u0111\u1ed5i nhi\u1ec1u, do \u0111\u00f3 gi\u1ea3m chi ph\u00ed v\u00e0 th\u1eddi gian tri\u1ec3n khai.<\/span><\/p>\n<h2 class=\"AnswerParser_AnswerParserH2__SIHnF\">S\u1eed d\u1ee5ng v\u00e0 \u1ee8ng d\u1ee5ng<\/h2>\n<h3 class=\"AnswerParser_AnswerParserH3__Mpe4s\">S\u00e1ng ki\u1ebfn th\u00e0nh ph\u1ed1 th\u00f4ng minh<\/h3>\n<p><span class=\"AnswerParser_TextContainer__z_Iiv\" data-testid=\"youchat-text\">MIFARE DESFire EV2 l\u00e0 n\u1ec1n t\u1ea3ng c\u1ee7a c\u00e1c \u1ee9ng d\u1ee5ng th\u00e0nh ph\u1ed1 th\u00f4ng minh, cho ph\u00e9p t\u00edch h\u1ee3p c\u00e1c d\u1ecbch v\u1ee5 nh\u01b0 giao th\u00f4ng c\u00f4ng c\u1ed9ng, ti\u1ebfp c\u1eadn c\u00e1c \u0111i\u1ec3m tham quan c\u1ee7a th\u00e0nh ph\u1ed1 v\u00e0 c\u00e1c ch\u01b0\u01a1ng tr\u00ecnh kh\u00e1ch h\u00e0ng th\u00e2n thi\u1ebft t\u1ea1i \u0111\u1ecba ph\u01b0\u01a1ng. Kh\u1ea3 n\u0103ng h\u1ed7 tr\u1ee3 nhi\u1ec1u \u1ee9ng d\u1ee5ng tr\u00ean m\u1ed9t th\u1ebb duy nh\u1ea5t gi\u00fap ng\u01b0\u1eddi d\u00f9ng thu\u1eadn ti\u1ec7n v\u00e0 qu\u1ea3n l\u00fd hi\u1ec7u qu\u1ea3.<\/span><\/p>\n<h3 class=\"AnswerParser_AnswerParserH3__Mpe4s\">Ki\u1ec3m so\u00e1t truy c\u1eadp v\u00e0 qu\u1ea3n l\u00fd danh t\u00ednh<\/h3>\n<p><span class=\"AnswerParser_TextContainer__z_Iiv\" data-testid=\"youchat-text\">Trong c\u00e1c h\u1ec7 th\u1ed1ng ki\u1ec3m so\u00e1t ra v\u00e0o, MIFARE DESFire EV2 cung c\u1ea5p gi\u1ea3i ph\u00e1p an to\u00e0n \u0111\u1ec3 qu\u1ea3n l\u00fd v\u00e0 x\u00e1c th\u1ef1c ng\u01b0\u1eddi d\u00f9ng. M\u00e3 h\u00f3a ti\u00ean ti\u1ebfn v\u00e0 dung l\u01b0\u1ee3ng b\u1ed9 nh\u1edb l\u1edbn cho ph\u00e9p ghi nh\u1eadt k\u00fd ra v\u00e0o chi ti\u1ebft v\u00e0 x\u00e1c th\u1ef1c ng\u01b0\u1eddi d\u00f9ng nhi\u1ec1u c\u1ea5p, t\u0103ng c\u01b0\u1eddng c\u00e1c giao th\u1ee9c b\u1ea3o m\u1eadt.<\/span><\/p>\n<h3 class=\"AnswerParser_AnswerParserH3__Mpe4s\">Gi\u1ea3i ph\u00e1p trung th\u00e0nh v\u00e0 thanh to\u00e1n vi m\u00f4<\/h3>\n<p><span class=\"AnswerParser_TextContainer__z_Iiv\" data-testid=\"youchat-text\">C\u00e1c nh\u00e0 b\u00e1n l\u1ebb v\u00e0 nh\u00e0 cung c\u1ea5p d\u1ecbch v\u1ee5 c\u00f3 th\u1ec3 t\u1eadn d\u1ee5ng MIFARE DESFire EV2 cho c\u00e1c \u1ee9ng d\u1ee5ng trung th\u00e0nh v\u00e0 thanh to\u00e1n vi m\u00f4. Kh\u1ea3 n\u0103ng x\u1eed l\u00fd d\u1eef li\u1ec7u nhanh v\u00e0 giao d\u1ecbch an to\u00e0n c\u1ee7a n\u00f3 l\u00e0m cho n\u00f3 tr\u1edf n\u00ean l\u00fd t\u01b0\u1edfng \u0111\u1ec3 x\u1eed l\u00fd c\u00e1c giao d\u1ecbch kh\u1ed1i l\u01b0\u1ee3ng l\u1edbn m\u1ed9t c\u00e1ch nhanh ch\u00f3ng v\u00e0 ch\u00ednh x\u00e1c.<\/span><\/p>\n<h2 class=\"AnswerParser_AnswerParserH2__SIHnF\">Th\u00f4ng s\u1ed1 k\u1ef9 thu\u1eadt<\/h2>\n<div class=\"AnswerParser_TableContainer__Erb6v\" data-testid=\"table-container\">\n<table>\n<thead>\n<tr>\n<th style=\"text-align: left;\">T\u00ednh n\u0103ng<\/th>\n<th style=\"text-align: left;\">\u0110\u1eb7c \u0111i\u1ec3m k\u1ef9 thu\u1eadt<\/th>\n<\/tr>\n<\/thead>\n<tbody>\n<tr>\n<td>Giao di\u1ec7n RF<\/td>\n<td>ISO\/IEC 14443 Lo\u1ea1i A<\/td>\n<\/tr>\n<tr>\n<td>T\u1ed1c \u0111\u1ed9 truy\u1ec1n d\u1eef li\u1ec7u<\/td>\n<td>106, 212, 424, 848 kbit\/gi\u00e2y<\/td>\n<\/tr>\n<tr>\n<td>T\u00f9y ch\u1ecdn b\u1ed9 nh\u1edb<\/td>\n<td>2kB, 4kB, 8kB, 16kB, 32kB<\/td>\n<\/tr>\n<tr>\n<td>B\u1ea3o v\u1ec7<\/td>\n<td>M\u00e3 h\u00f3a AES, DES, 2K3DES, 3K3DES<\/td>\n<\/tr>\n<tr>\n<td>Ch\u1ee9ng nh\u1eadn<\/td>\n<td>Ti\u00eau chu\u1ea9n chung EAL5+<\/td>\n<\/tr>\n<tr>\n<td>H\u1ed7 tr\u1ee3 \u1ee9ng d\u1ee5ng<\/td>\n<td>T\u1ed1i \u0111a 32 t\u1ec7p cho m\u1ed7i \u1ee9ng d\u1ee5ng<\/td>\n<\/tr>\n<tr>\n<td>Kho\u1ea3ng c\u00e1ch ho\u1ea1t \u0111\u1ed9ng<\/td>\n<td>L\u00ean \u0111\u1ebfn 100 mm (t\u00f9y thu\u1ed9c v\u00e0o h\u00ecnh d\u1ea1ng \u0103ng-ten)<\/td>\n<\/tr>\n<\/tbody>\n<\/table>\n<\/div>\n<h2 class=\"AnswerParser_AnswerParserH2__SIHnF\">T\u00e1c \u0111\u1ed9ng m\u00f4i tr\u01b0\u1eddng v\u00e0 t\u00ednh b\u1ec1n v\u1eefng<\/h2>\n<p><span class=\"AnswerParser_TextContainer__z_Iiv\" data-testid=\"youchat-text\">MIFARE DESFire EV2 \u0111\u01b0\u1ee3c thi\u1ebft k\u1ebf v\u1edbi t\u00ednh b\u1ec1n v\u1eefng. Kh\u1ea3 n\u0103ng l\u01b0u tr\u1eef d\u1eef li\u1ec7u l\u00e2u d\u00e0i v\u00e0 \u0111\u1ed9 b\u1ec1n ghi cao gi\u00fap gi\u1ea3m thi\u1ec3u nhu c\u1ea7u thay th\u1ebf th\u01b0\u1eddng xuy\u00ean, gi\u1ea3m thi\u1ec3u ch\u1ea5t th\u1ea3i v\u00e0 t\u00e1c \u0111\u1ed9ng \u0111\u1ebfn m\u00f4i tr\u01b0\u1eddng. Ngo\u00e0i ra, kh\u1ea3 n\u0103ng t\u01b0\u01a1ng th\u00edch v\u1edbi c\u01a1 s\u1edf h\u1ea1 t\u1ea7ng hi\u1ec7n c\u00f3 gi\u00fap tr\u00e1nh n\u00e2ng c\u1ea5p kh\u00f4ng c\u1ea7n thi\u1ebft, ti\u1ebft ki\u1ec7m t\u00e0i nguy\u00ean.<\/span><\/p>\n<h2 class=\"AnswerParser_AnswerParserH2__SIHnF\">\u0110\u00e1nh gi\u00e1 v\u00e0 l\u1eddi ch\u1ee9ng th\u1ef1c c\u1ee7a kh\u00e1ch h\u00e0ng<\/h2>\n<p><span class=\"AnswerParser_TextContainer__z_Iiv\" data-testid=\"youchat-text\">\u201cK\u1ec3 t\u1eeb khi t\u00edch h\u1ee3p MIFARE DESFire EV2 v\u00e0o h\u1ec7 th\u1ed1ng giao th\u00f4ng c\u00f4ng c\u1ed9ng c\u1ee7a ch\u00fang t\u00f4i, ch\u00fang t\u00f4i \u0111\u00e3 th\u1ea5y s\u1ef1 c\u1ea3i thi\u1ec7n \u0111\u00e1ng k\u1ec3 v\u1ec1 t\u1ed1c \u0111\u1ed9 giao d\u1ecbch v\u00e0 \u0111\u1ed9 tin c\u1eady. Kh\u00e1ch h\u00e0ng c\u1ee7a ch\u00fang t\u00f4i \u0111\u00e1nh gi\u00e1 cao tr\u1ea3i nghi\u1ec7m li\u1ec1n m\u1ea1ch.\u201d \u2013\u00a0<strong>C\u01a1 quan Giao th\u00f4ng V\u1eadn t\u1ea3i Th\u00e0nh ph\u1ed1<\/strong><\/span><span class=\"AnswerParser_TextContainer__z_Iiv\" data-testid=\"youchat-text\">\u201cC\u00e1c t\u00ednh n\u0103ng b\u1ea3o m\u1eadt c\u1ee7a MIFARE DESFire EV2 \u0111\u00e3 thay \u0111\u1ed5i cu\u1ed9c ch\u01a1i \u0111\u1ed1i v\u1edbi c\u00e1c gi\u1ea3i ph\u00e1p ki\u1ec3m so\u00e1t truy c\u1eadp c\u1ee7a ch\u00fang t\u00f4i. Gi\u1edd \u0111\u00e2y, ch\u00fang t\u00f4i c\u00f3 th\u1ec3 cung c\u1ea5p cho kh\u00e1ch h\u00e0ng m\u1ee9c \u0111\u1ed9 b\u1ea3o m\u1eadt m\u00e0 tr\u01b0\u1edbc \u0111\u00e2y kh\u00f4ng th\u1ec3 \u0111\u1ea1t \u0111\u01b0\u1ee3c.\u201d \u2013\u00a0<strong>Nh\u00e0 cung c\u1ea5p gi\u1ea3i ph\u00e1p b\u1ea3o m\u1eadt<\/strong><\/span><\/p>\n<h2 class=\"AnswerParser_AnswerParserH2__SIHnF\">Nh\u1eefng c\u00e2u h\u1ecfi th\u01b0\u1eddng g\u1eb7p (FAQ)<\/h2>\n<p><span class=\"AnswerParser_TextContainer__z_Iiv\" data-testid=\"youchat-text\"><strong>H: \u0110i\u1ec3m kh\u00e1c bi\u1ec7t c\u1ee7a MIFARE Desfire EV2 2K 4K 8K RFID NFC INLAY so v\u1edbi c\u00e1c m\u1eabu tr\u01b0\u1edbc \u0111\u00e2y l\u00e0 g\u00ec?<\/strong><br \/>\nA: Model EV2 cung c\u1ea5p ph\u01b0\u01a1ng ph\u00e1p m\u00e3 h\u00f3a n\u00e2ng cao, t\u00f9y ch\u1ecdn b\u1ed9 nh\u1edb l\u1edbn h\u01a1n v\u00e0 h\u1ed7 tr\u1ee3 nhi\u1ec1u \u1ee9ng d\u1ee5ng, gi\u00fap n\u00f3 linh ho\u1ea1t v\u00e0 an to\u00e0n h\u01a1n so v\u1edbi c\u00e1c model ti\u1ec1n nhi\u1ec7m.<\/span><\/p>\n<p><span class=\"AnswerParser_TextContainer__z_Iiv\" data-testid=\"youchat-text\"><strong>H: MIFARE Desfire EV2 2K 4K 8K RFID NFC INLAY c\u00f3 t\u01b0\u01a1ng th\u00edch v\u1edbi c\u00e1c \u0111\u1ea7u \u0111\u1ecdc NFC hi\u1ec7n c\u00f3 kh\u00f4ng?<\/strong><br \/>\nA: C\u00f3, s\u1ea3n ph\u1ea9m n\u00e0y tu\u00e2n th\u1ee7 ti\u00eau chu\u1ea9n ISO\/IEC 14443, \u0111\u1ea3m b\u1ea3o kh\u1ea3 n\u0103ng t\u01b0\u01a1ng th\u00edch li\u1ec1n m\u1ea1ch v\u1edbi c\u01a1 s\u1edf h\u1ea1 t\u1ea7ng NFC hi\u1ec7n t\u1ea1i.<\/span><\/p>\n<p><span class=\"AnswerParser_TextContainer__z_Iiv\" data-testid=\"youchat-text\"><strong>H: C\u00f3 th\u1ec3 s\u1eed d\u1ee5ng MIFARE Desfire EV2 2K 4K 8K RFID NFC INLAY \u0111\u1ec3 thanh to\u00e1n di \u0111\u1ed9ng kh\u00f4ng?<\/strong><br \/>\nA: Ch\u1eafc ch\u1eafn r\u1ed3i, kh\u1ea3 n\u0103ng giao d\u1ecbch an to\u00e0n v\u00e0 t\u1ed1c \u0111\u1ed9 truy\u1ec1n d\u1eef li\u1ec7u nhanh khi\u1ebfn n\u00f3 tr\u1edf n\u00ean l\u00fd t\u01b0\u1edfng cho c\u00e1c gi\u1ea3i ph\u00e1p thanh to\u00e1n di \u0111\u1ed9ng.<\/span><\/p>","protected":false},"excerpt":{"rendered":"<p>MIFARE Desfire EV2 2K 4K 8K RFID NFC INLAY l\u00e0 gi\u1ea3i ph\u00e1p RFID ti\u00ean ti\u1ebfn c\u00f3 t\u00ednh b\u1ea3o m\u1eadt cao, truy\u1ec1n d\u1eef li\u1ec7u nhanh, t\u00f9y ch\u1ecdn b\u1ed9 nh\u1edb linh ho\u1ea1t v\u00e0 t\u00edch h\u1ee3p li\u1ec1n m\u1ea1ch cho nhi\u1ec1u \u1ee9ng d\u1ee5ng.<\/p>","protected":false},"featured_media":2700,"template":"","meta":{"_kad_post_transparent":"default","_kad_post_title":"","_kad_post_layout":"default","_kad_post_sidebar_id":"","_kad_post_content_style":"default","_kad_post_vertical_padding":"default","_kad_post_feature":"","_kad_post_feature_position":"","_kad_post_header":false,"_kad_post_footer":false,"_kad_post_classname":""},"product_brand":[],"product_cat":[189],"product_tag":[313,111,108],"class_list":{"0":"post-2699","1":"product","2":"type-product","3":"status-publish","4":"has-post-thumbnail","6":"product_cat-rfid-inlay","7":"product_tag-mifare-desfire-inlay","8":"product_tag-nfc-inlay","9":"product_tag-rfid-inlay","11":"first","12":"instock","13":"shipping-taxable","14":"product-type-simple","15":"entry","16":"content-bg","17":"loop-entry"},"_links":{"self":[{"href":"https:\/\/rfid-laundry-tag.com\/vi\/wp-json\/wp\/v2\/product\/2699","targetHints":{"allow":["GET"]}}],"collection":[{"href":"https:\/\/rfid-laundry-tag.com\/vi\/wp-json\/wp\/v2\/product"}],"about":[{"href":"https:\/\/rfid-laundry-tag.com\/vi\/wp-json\/wp\/v2\/types\/product"}],"version-history":[{"count":2,"href":"https:\/\/rfid-laundry-tag.com\/vi\/wp-json\/wp\/v2\/product\/2699\/revisions"}],"predecessor-version":[{"id":2703,"href":"https:\/\/rfid-laundry-tag.com\/vi\/wp-json\/wp\/v2\/product\/2699\/revisions\/2703"}],"wp:featuredmedia":[{"embeddable":true,"href":"https:\/\/rfid-laundry-tag.com\/vi\/wp-json\/wp\/v2\/media\/2700"}],"wp:attachment":[{"href":"https:\/\/rfid-laundry-tag.com\/vi\/wp-json\/wp\/v2\/media?parent=2699"}],"wp:term":[{"taxonomy":"product_brand","embeddable":true,"href":"https:\/\/rfid-laundry-tag.com\/vi\/wp-json\/wp\/v2\/product_brand?post=2699"},{"taxonomy":"product_cat","embeddable":true,"href":"https:\/\/rfid-laundry-tag.com\/vi\/wp-json\/wp\/v2\/product_cat?post=2699"},{"taxonomy":"product_tag","embeddable":true,"href":"https:\/\/rfid-laundry-tag.com\/vi\/wp-json\/wp\/v2\/product_tag?post=2699"}],"curies":[{"name":"wp","href":"https:\/\/api.w.org\/{rel}","templated":true}]}}