{"id":2689,"date":"2024-09-26T09:32:20","date_gmt":"2024-09-26T09:32:20","guid":{"rendered":"https:\/\/rfid-laundry-tag.com\/?post_type=product&#038;p=2689"},"modified":"2024-09-26T14:30:31","modified_gmt":"2024-09-26T14:30:31","slug":"rfid-nfc-mifare-desfire-inlay","status":"publish","type":"product","link":"https:\/\/rfid-laundry-tag.com\/vi\/rfid-nfc-mifare-desfire-inlay\/","title":{"rendered":"RFID NFC MIFARE Desfire L\u1edaP L\u1edaP"},"content":{"rendered":"<h1>RFID NFC MIFARE Desfire L\u1edaP L\u1edaP<\/h1>\n<p>C\u00e1c<strong> RFID NFC MIFARE Desfire L\u1edaP L\u1edaP<\/strong>\u00a0l\u00e0 gi\u1ea3i ph\u00e1p ti\u00ean ti\u1ebfn \u0111\u01b0\u1ee3c thi\u1ebft k\u1ebf cho c\u00e1c \u1ee9ng d\u1ee5ng \u0111\u00f2i h\u1ecfi b\u1ea3o m\u1eadt m\u1ea1nh m\u1ebd v\u00e0 hi\u1ec7u su\u1ea5t v\u01b0\u1ee3t tr\u1ed9i. V\u1edbi chip RFID nh\u00fang v\u00e0 c\u00e1c t\u00ednh n\u0103ng t\u00f9y ch\u1ec9nh, l\u1edbp ph\u1ee7 n\u00e0y mang \u0111\u1ebfn tr\u1ea3i nghi\u1ec7m li\u1ec1n m\u1ea1ch cho nhi\u1ec1u m\u1ee5c \u0111\u00edch s\u1eed d\u1ee5ng kh\u00e1c nhau \u2013 t\u1eeb ki\u1ec3m so\u00e1t truy c\u1eadp \u0111\u1ebfn h\u1ec7 th\u1ed1ng thanh to\u00e1n. Cho d\u00f9 b\u1ea1n l\u00e0 doanh nghi\u1ec7p mu\u1ed1n n\u00e2ng c\u1ea5p ph\u01b0\u01a1ng ph\u00e1p nh\u1eadn d\u1ea1ng hay c\u00e1 nh\u00e2n \u0111ang t\u00ecm ki\u1ebfm giao d\u1ecbch an to\u00e0n, l\u1edbp ph\u1ee7 MIFARE DESFire \u0111\u1ec1u l\u00e0 l\u1ef1a ch\u1ecdn h\u1ea5p d\u1eabn.<\/p>\n<h3>T\u00ednh n\u0103ng c\u1ee7a MIFARE_DESFIRE EV2 2K\/4k\/8K<\/h3>\n<div id=\"featuresXsp\" class=\"features-list toggle-opacity in\">\n<div class=\"features-xsp\">\n<div class=\"collapse-mobile ste-list\">\n<h3>Giao di\u1ec7n RF: ISO\/IEC 14443 Lo\u1ea1i A<\/h3>\n<ul class=\"boxes\">\n<li>Giao di\u1ec7n kh\u00f4ng ti\u1ebfp x\u00fac tu\u00e2n th\u1ee7 theo ti\u00eau chu\u1ea9n ISO\/IEC 14443-2\/3 A<\/li>\n<li>Hmin th\u1ea5p cho ph\u00e9p kho\u1ea3ng c\u00e1ch ho\u1ea1t \u0111\u1ed9ng l\u00ean t\u1edbi 100 mm (t\u00f9y thu\u1ed9c v\u00e0o ngu\u1ed3n \u0111i\u1ec7n cung c\u1ea5p b\u1edfi PCD v\u00e0 h\u00ecnh d\u1ea1ng \u0103ng-ten)<\/li>\n<li>Truy\u1ec1n d\u1eef li\u1ec7u nhanh: 106 kbit\/gi\u00e2y, 212 kbit\/gi\u00e2y, 424 kbit\/gi\u00e2y, 848 kbit\/gi\u00e2y<\/li>\n<li>M\u00e3 \u0111\u1ecbnh danh duy nh\u1ea5t 7 byte (t\u00f9y ch\u1ecdn cho ID ng\u1eabu nhi\u00ean)<\/li>\n<li>S\u1eed d\u1ee5ng giao th\u1ee9c truy\u1ec1n d\u1eabn ISO\/IEC 14443-4<\/li>\n<li>FSCI c\u00f3 th\u1ec3 c\u1ea5u h\u00ecnh \u0111\u1ec3 h\u1ed7 tr\u1ee3 k\u00edch th\u01b0\u1edbc khung l\u00ean t\u1edbi 128 byte (m\u1edbi)<\/li>\n<\/ul>\n<\/div>\n<div class=\"collapse-mobile ste-list\">\n<h3>B\u1ed9 nh\u1edb kh\u00f4ng bay h\u01a1i<\/h3>\n<ul class=\"boxes\">\n<li>2 kB, 4 kB, 8 kB, 16 kB ho\u1eb7c 32 kB NV<\/li>\n<li>L\u01b0u gi\u1eef d\u1eef li\u1ec7u trong 25 n\u0103m<\/li>\n<li>\u0110\u1ed9 b\u1ec1n ghi \u0111i\u1ec3n h\u00ecnh 500.000 chu k\u1ef3<\/li>\n<li>Chu k\u1ef3 l\u1eadp tr\u00ecnh nhanh (x\u00f3a\/ghi)<\/li>\n<\/ul>\n<\/div>\n<div class=\"collapse-mobile ste-list\">\n<h3>T\u1ed5 ch\u1ee9c b\u1ed9 nh\u1edb NV<\/h3>\n<ul class=\"boxes\">\n<li>H\u1ec7 th\u1ed1ng t\u1eadp tin linh ho\u1ea1t: ng\u01b0\u1eddi d\u00f9ng c\u00f3 th\u1ec3 t\u1ef1 do x\u00e1c \u0111\u1ecbnh c\u1ea5u tr\u00fac \u1ee9ng d\u1ee5ng tr\u00ean PICC<\/li>\n<li>H\u1ea7u nh\u01b0 kh\u00f4ng c\u00f3 gi\u1edbi h\u1ea1n v\u1ec1 s\u1ed1 l\u01b0\u1ee3ng \u0111\u01a1n \u0111\u0103ng k\u00fd cho m\u1ed7i PICC (m\u1edbi)<\/li>\n<li>T\u1ed1i \u0111a 32 t\u1ec7p trong m\u1ed7i \u1ee9ng d\u1ee5ng (c\u00f3 6 lo\u1ea1i t\u1ec7p: T\u1ec7p d\u1eef li\u1ec7u chu\u1ea9n, T\u1ec7p d\u1eef li\u1ec7u sao l\u01b0u, T\u1ec7p gi\u00e1 tr\u1ecb, T\u1ec7p b\u1ea3n ghi tuy\u1ebfn t\u00ednh, T\u1ec7p b\u1ea3n ghi tu\u1ea7n ho\u00e0n v\u00e0 T\u1ec7p MAC giao d\u1ecbch)<\/li>\n<li>K\u00edch th\u01b0\u1edbc t\u1ec7p \u0111\u01b0\u1ee3c x\u00e1c \u0111\u1ecbnh trong qu\u00e1 tr\u00ecnh t\u1ea1o (kh\u00f4ng d\u00e0nh cho t\u1ec7p MAC giao d\u1ecbch)<\/li>\n<\/ul>\n<\/div>\n<\/div>\n<\/div>\n<h2>L\u1ee3i \u00edch ch\u00ednh c\u1ee7a RFID NFC MIFARE Desfire INLAY<\/h2>\n<p>MIFARE DESFire <a href=\"https:\/\/rfid-laundry-tag.com\/vi\/rfid-inlay\/\">L\u1edbp ph\u1ee7 RFID<\/a> kh\u00f4ng ch\u1ec9 l\u00e0 nh\u00e3n; ch\u00fang \u0111\u1ea1i di\u1ec7n cho m\u1ed9t b\u01b0\u1edbc ti\u1ebfn v\u00e0o t\u01b0\u01a1ng lai n\u01a1i hi\u1ec7u qu\u1ea3, t\u00ednh linh ho\u1ea1t v\u00e0 b\u1ea3o m\u1eadt c\u00f9ng t\u1ed3n t\u1ea1i. Nh\u1eefng mi\u1ebfng d\u00e1n n\u00e0y c\u00f3 th\u1ec3 \u0111\u01b0\u1ee3c t\u00f9y ch\u1ec9nh \u0111\u1ec3 ph\u00f9 h\u1ee3p v\u1edbi nhu c\u1ea7u c\u1ee5 th\u1ec3 c\u1ee7a b\u1ea1n, th\u1ec3 hi\u1ec7n th\u01b0\u01a1ng hi\u1ec7u c\u1ee7a b\u1ea1n trong khi cung c\u1ea5p ch\u1ee9c n\u0103ng n\u00e2ng cao. T\u00ednh linh ho\u1ea1t c\u1ee7a n\u1ec1n t\u1ea3ng MIFARE DESFire cho ph\u00e9p c\u00e1c \u1ee9ng d\u1ee5ng t\u1eeb thanh to\u00e1n kh\u00f4ng ti\u1ebfp x\u00fac \u0111\u1ebfn h\u1ec7 th\u1ed1ng ki\u1ec3m so\u00e1t truy c\u1eadp an to\u00e0n.<\/p>\n<h3>T\u00ednh n\u0103ng c\u1ee7a MIFARE DESFire RFID Inlay<\/h3>\n<p>MIFARE DESFire <a href=\"https:\/\/rfid-laundry-tag.com\/vi\/rfid-inlay\/\">L\u1edbp ph\u1ee7 RFID<\/a> cung c\u1ea5p nhi\u1ec1u t\u00ednh n\u0103ng khi\u1ebfn n\u00f3 tr\u1edf th\u00e0nh c\u00f4ng c\u1ee5 thi\u1ebft y\u1ebfu trong c\u00e1c \u1ee9ng d\u1ee5ng RFID hi\u1ec7n \u0111\u1ea1i. \u0110i\u1ec1u n\u00e0y bao g\u1ed3m kh\u1ea3 n\u0103ng t\u01b0\u01a1ng th\u00edch v\u1edbi c\u00e1c thi\u1ebft b\u1ecb h\u1ed7 tr\u1ee3 NFC, nhi\u1ec1u dung l\u01b0\u1ee3ng d\u1eef li\u1ec7u (l\u00ean \u0111\u1ebfn 32k) v\u00e0 c\u00e1c ti\u00eau chu\u1ea9n m\u00e3 h\u00f3a an to\u00e0n b\u1ea3o v\u1ec7 d\u1eef li\u1ec7u ng\u01b0\u1eddi d\u00f9ng.<\/p>\n<h3>S\u1ee9c m\u1ea1nh c\u1ee7a c\u00f4ng ngh\u1ec7 MIFARE DESFire<\/h3>\n<p>C\u00f4ng ngh\u1ec7 MIFARE DESFire \u0111i \u0111\u1ea7u trong ng\u00e0nh RFID, \u0111\u01b0\u1ee3c bi\u1ebft \u0111\u1ebfn v\u1edbi hi\u1ec7u qu\u1ea3 trong truy\u1ec1n d\u1eef li\u1ec7u v\u00e0 b\u1ea3o m\u1eadt. N\u1ec1n t\u1ea3ng n\u00e0y tu\u00e2n th\u1ee7 ch\u1ee9ng nh\u1eadn b\u1ea3o m\u1eadt Common Criteria EAL5+, khi\u1ebfn n\u00f3 tr\u1edf n\u00ean \u0111\u00e1ng tin c\u1eady cho c\u00e1c \u1ee9ng d\u1ee5ng nh\u1ea1y c\u1ea3m nh\u01b0 th\u1ebb ng\u00e2n h\u00e0ng v\u00e0 h\u1ed9 chi\u1ebfu \u0111i\u1ec7n t\u1eed.<\/p>\n<h3>\u1ee8ng d\u1ee5ng \u0111a d\u1ea1ng c\u1ee7a RFID Inlay<\/h3>\n<p>C\u00e1c t\u00f9y ch\u1ecdn t\u00f9y ch\u1ec9nh cho MIFARE DESFire <a href=\"https:\/\/rfid-laundry-tag.com\/vi\/rfid-inlay\/\">L\u1edbp ph\u1ee7 RFID<\/a> r\u1ea5t r\u1ed9ng. T\u1eeb c\u00e1c d\u1ecbch v\u1ee5 th\u00e0nh ph\u1ed1 th\u00f4ng minh \u0111\u1ebfn c\u00e1c ch\u01b0\u01a1ng tr\u00ecnh kh\u00e1ch h\u00e0ng th\u00e2n thi\u1ebft v\u00e0 gi\u1ea3i ph\u00e1p thanh to\u00e1n kh\u00f4ng d\u00f9ng ti\u1ec1n m\u1eb7t, c\u00e1c ch\u1ee9c n\u0103ng \u0111\u01b0\u1ee3c thi\u1ebft k\u1ebf ri\u00eang \u0111\u1ec3 \u0111\u00e1p \u1ee9ng nhu c\u1ea7u c\u1ee7a c\u00f4ng ngh\u1ec7 hi\u1ec7n \u0111\u1ea1i.<\/p>\n<h3>T\u00f9y ch\u1ecdn t\u00f9y ch\u1ec9nh cho doanh nghi\u1ec7p c\u1ee7a b\u1ea1n<\/h3>\n<p>V\u1edbi MIFARE DESFire <a href=\"https:\/\/rfid-laundry-tag.com\/vi\/rfid-inlay\/\">L\u1edbp ph\u1ee7 RFID<\/a>, b\u1ea1n c\u00f3 th\u1ec3 t\u00f9y ch\u1ec9nh m\u1ecdi th\u1ee9 t\u1eeb h\u00ecnh d\u1ea1ng v\u00e0 k\u00edch th\u01b0\u1edbc \u0111\u1ebfn logo in v\u00e0 s\u1ed1 s\u00ea-ri. T\u00ednh linh ho\u1ea1t n\u00e0y n\u00e2ng cao kh\u1ea3 n\u0103ng hi\u1ec3n th\u1ecb th\u01b0\u01a1ng hi\u1ec7u v\u00e0 cung c\u1ea5p tr\u1ea3i nghi\u1ec7m ng\u01b0\u1eddi d\u00f9ng \u0111\u1ed9c \u0111\u00e1o ph\u00f9 h\u1ee3p v\u1edbi nhu c\u1ea7u kinh doanh c\u1ee5 th\u1ec3.<\/p>\n<h3>C\u00e1c t\u00ednh n\u0103ng b\u1ea3o m\u1eadt n\u00e2ng cao<\/h3>\n<p>C\u00e1c bi\u1ec7n ph\u00e1p b\u1ea3o m\u1eadt \u0111\u01b0\u1ee3c nh\u00fang trong MIFARE DESFire RFID Inlays l\u00e0 v\u00f4 song. V\u1edbi x\u00e1c th\u1ef1c ba l\u1ea7n v\u00e0 m\u00e3 h\u00f3a AES \u0111\u1ec3 truy\u1ec1n d\u1eef li\u1ec7u, ng\u01b0\u1eddi d\u00f9ng c\u00f3 th\u1ec3 y\u00ean t\u00e2m r\u1eb1ng th\u00f4ng tin c\u1ee7a h\u1ecd v\u1eabn ri\u00eang t\u01b0 v\u00e0 an to\u00e0n.<\/p>\n<h3>Nh\u1eefng c\u00e2n nh\u1eafc th\u00e2n thi\u1ec7n v\u1edbi m\u00f4i tr\u01b0\u1eddng<\/h3>\n<p>Khi c\u00f4ng ngh\u1ec7 RFID h\u01b0\u1edbng \u0111\u1ebfn t\u00ednh b\u1ec1n v\u1eefng, MIFARE DESFire Inlays c\u00f3 th\u1ec3 \u0111\u01b0\u1ee3c s\u1ea3n xu\u1ea5t b\u1eb1ng v\u1eadt li\u1ec7u th\u00e2n thi\u1ec7n v\u1edbi m\u00f4i tr\u01b0\u1eddng. Kh\u00eda c\u1ea1nh n\u00e0y kh\u00f4ng ch\u1ec9 l\u00e0m gi\u1ea3m t\u00e1c \u0111\u1ed9ng \u0111\u1ebfn m\u00f4i tr\u01b0\u1eddng m\u00e0 c\u00f2n gi\u00fap doanh nghi\u1ec7p c\u1ee7a b\u1ea1n ph\u00f9 h\u1ee3p v\u1edbi c\u00e1c gi\u00e1 tr\u1ecb c\u1ee7a ng\u01b0\u1eddi ti\u00eau d\u00f9ng hi\u1ec7n \u0111\u1ea1i.<\/p>\n<h3>Th\u00f4ng s\u1ed1 k\u1ef9 thu\u1eadt t\u1ed5ng quan<\/h3>\n<div>\n<div class=\"overflow-x-auto custom-scrollbar custom-scrollbar-wide mb-2\">\n<table class=\"w-fit !mb-2 !max-w-none\">\n<thead>\n<tr>\n<th style=\"text-align: left;\"><strong>\u0110\u1eb7c \u0111i\u1ec3m k\u1ef9 thu\u1eadt<\/strong><\/th>\n<th style=\"text-align: left;\"><strong>S\u1ef1 mi\u00eau t\u1ea3<\/strong><\/th>\n<\/tr>\n<\/thead>\n<tbody>\n<tr>\n<td><strong>Giao di\u1ec7n RF<\/strong><\/td>\n<td>ISO\/IEC 14443 Lo\u1ea1i A<\/td>\n<\/tr>\n<tr>\n<td><strong>Kho\u1ea3ng c\u00e1ch ho\u1ea1t \u0111\u1ed9ng<\/strong><\/td>\n<td>L\u00ean \u0111\u1ebfn 100 mm<\/td>\n<\/tr>\n<tr>\n<td><strong>T\u1ed1c \u0111\u1ed9 truy\u1ec1n d\u1eef li\u1ec7u<\/strong><\/td>\n<td>106 kbit\/gi\u00e2y \u0111\u1ebfn 848 kbit\/gi\u00e2y<\/td>\n<\/tr>\n<tr>\n<td><strong>T\u00f9y ch\u1ecdn b\u1ed9 nh\u1edb<\/strong><\/td>\n<td>2k, 4k, 8k, 16k ho\u1eb7c 32k NV<\/td>\n<\/tr>\n<tr>\n<td><strong>M\u00e3 \u0111\u1ecbnh danh duy nh\u1ea5t<\/strong><\/td>\n<td>7 byte v\u1edbi t\u00f9y ch\u1ecdn ID ng\u1eabu nhi\u00ean<\/td>\n<\/tr>\n<tr>\n<td><strong>Ch\u1ee9ng nh\u1eadn b\u1ea3o m\u1eadt<\/strong><\/td>\n<td>Ti\u00eau chu\u1ea9n chung EAL5+<\/td>\n<\/tr>\n<\/tbody>\n<\/table>\n<\/div>\n<\/div>\n<h3>L\u1eddi ch\u1ee9ng th\u1ef1c c\u1ee7a kh\u00e1ch h\u00e0ng<\/h3>\n<p>Kh\u00e1ch h\u00e0ng t\u1eeb nhi\u1ec1u l\u0129nh v\u1ef1c kh\u00e1c nhau \u0111\u00e3 ca ng\u1ee3i c\u00e1c l\u1edbp ph\u1ee7 MIFARE DESFire v\u00ec hi\u1ec7u su\u1ea5t v\u00e0 \u0111\u1ed9 tin c\u1eady c\u1ee7a ch\u00fang. Ph\u1ea3n h\u1ed3i nh\u1ea5n m\u1ea1nh \u0111\u1ebfn t\u00ednh d\u1ec5 t\u00edch h\u1ee3p, hi\u1ec7u qu\u1ea3 trong ho\u1ea1t \u0111\u1ed9ng v\u00e0 s\u1ef1 h\u00e0i l\u00f2ng chung v\u1edbi c\u00e1c t\u00ednh n\u0103ng b\u1ea3o m\u1eadt.<\/p>\n<h3>Nh\u1eefng c\u00e2u h\u1ecfi th\u01b0\u1eddng g\u1eb7p (FAQ)<\/h3>\n<p><strong>K\u00edch th\u01b0\u1edbc b\u1ed9 nh\u1edb t\u1ed1i \u0111a cho th\u1ebb g\u1eafn MIFARE DESFire l\u00e0 bao nhi\u00eau?<\/strong><\/p>\n<ul>\n<li style=\"list-style-type: none;\">\n<ul>\n<li>K\u00edch th\u01b0\u1edbc b\u1ed9 nh\u1edb t\u1ed1i \u0111a c\u00f3 s\u1eb5n l\u00e0 32k.<\/li>\n<\/ul>\n<\/li>\n<\/ul>\n<p><strong>Nh\u1eefng mi\u1ebfng d\u00e1n n\u00e0y c\u00f3 t\u01b0\u01a1ng th\u00edch v\u1edbi \u0111\u1ea7u \u0111\u1ecdc NFC hi\u1ec7n t\u1ea1i kh\u00f4ng?<\/strong><\/p>\n<ul>\n<li style=\"list-style-type: none;\">\n<ul>\n<li>C\u00f3, ch\u00fang ho\u00e0n to\u00e0n t\u01b0\u01a1ng th\u00edch v\u1edbi c\u01a1 s\u1edf h\u1ea1 t\u1ea7ng \u0111\u1ea7u \u0111\u1ecdc NFC hi\u1ec7n c\u00f3.<\/li>\n<\/ul>\n<\/li>\n<\/ul>\n<p><strong>T\u00f4i c\u00f3 th\u1ec3 t\u00f9y ch\u1ec9nh c\u00e0i \u0111\u1eb7t truy\u1ec1n d\u1eef li\u1ec7u kh\u00f4ng?<\/strong><\/p>\n<ul>\n<li style=\"list-style-type: none;\">\n<ul>\n<li>C\u00f3, b\u1ea1n c\u00f3 th\u1ec3 c\u1ea5u h\u00ecnh k\u00edch th\u01b0\u1edbc khung cho ph\u00f9 h\u1ee3p v\u1edbi nhu c\u1ea7u \u1ee9ng d\u1ee5ng c\u1ee7a m\u00ecnh.<\/li>\n<\/ul>\n<\/li>\n<\/ul>\n<h3>Suy ngh\u0129 cu\u1ed1i c\u00f9ng v\u1ec1 MIFARE DESFire RFID Inlays<\/h3>\n<p>MIFARE DESFire RFID Inlay th\u1ec3 hi\u1ec7n s\u1ef1 k\u1ebft h\u1ee3p ho\u00e0n h\u1ea3o gi\u1eefa t\u00ednh b\u1ea3o m\u1eadt, hi\u1ec7u su\u1ea5t v\u00e0 t\u00ednh linh ho\u1ea1t. V\u1edbi c\u00e1c t\u00f9y ch\u1ecdn t\u00f9y ch\u1ec9nh, ti\u00eau chu\u1ea9n b\u1ea3o m\u1eadt cao v\u00e0 nhi\u1ec1u \u1ee9ng d\u1ee5ng, \u0111\u1ea7u t\u01b0 v\u00e0o c\u00f4ng ngh\u1ec7 n\u00e0y l\u00e0 l\u1ef1a ch\u1ecdn th\u00f4ng minh cho c\u1ea3 doanh nghi\u1ec7p v\u00e0 c\u00e1 nh\u00e2n.<\/p>\n<p>M\u1edf kh\u00f3a b\u1ea3o m\u1eadt v\u00e0 hi\u1ec7u qu\u1ea3 \u1edf c\u1ea5p \u0111\u1ed9 ti\u1ebfp theo v\u1edbi\u00a0<strong>L\u1edbp ph\u1ee7 RFID MIFARE DESFire<\/strong>.\u00a0<strong>Li\u00ean h\u1ec7 v\u1edbi ch\u00fang t\u00f4i<\/strong>\u00a0ngay h\u00f4m nay \u0111\u1ec3 kh\u00e1m ph\u00e1 c\u00e1ch c\u00e1c gi\u1ea3i ph\u00e1p c\u1ee7a ch\u00fang t\u00f4i c\u00f3 th\u1ec3 \u0111\u00e1p \u1ee9ng nhu c\u1ea7u c\u1ee7a b\u1ea1n v\u00e0 n\u00e2ng cao n\u0103ng l\u1ef1c kinh doanh c\u1ee7a b\u1ea1n. Cho d\u00f9 b\u1ea1n \u0111ang t\u00ecm c\u00e1ch t\u0103ng c\u01b0\u1eddng ki\u1ec3m so\u00e1t truy c\u1eadp, t\u1ed1i \u01b0u h\u00f3a h\u1ec7 th\u1ed1ng thanh to\u00e1n hay t\u00edch h\u1ee3p gi\u1ea3i ph\u00e1p theo d\u00f5i th\u00f4ng minh, c\u00f4ng ngh\u1ec7 MIFARE DESFire ch\u00ednh l\u00e0 ch\u00eca kh\u00f3a cho t\u01b0\u01a1ng lai an to\u00e0n c\u1ee7a b\u1ea1n.<\/p>","protected":false},"excerpt":{"rendered":"<p>Kh\u00e1m ph\u00e1 RFID NFC MIFARE Desfire INLAY\u2014gi\u1ea3i ph\u00e1p an to\u00e0n, linh ho\u1ea1t v\u00e0 c\u00f3 th\u1ec3 t\u00f9y ch\u1ec9nh \u0111\u1ec3 ki\u1ec3m so\u00e1t ra v\u00e0o v\u00e0 thanh to\u00e1n, \u0111\u1ea3m b\u1ea3o n\u00e2ng cao hi\u1ec7u qu\u1ea3 v\u00e0 an to\u00e0n.<\/p>","protected":false},"featured_media":2673,"template":"","meta":{"_kad_post_transparent":"default","_kad_post_title":"","_kad_post_layout":"default","_kad_post_sidebar_id":"","_kad_post_content_style":"default","_kad_post_vertical_padding":"default","_kad_post_feature":"","_kad_post_feature_position":"","_kad_post_header":false,"_kad_post_footer":false,"_kad_post_classname":""},"product_brand":[],"product_cat":[189],"product_tag":[313,111,108],"class_list":{"0":"post-2689","1":"product","2":"type-product","3":"status-publish","4":"has-post-thumbnail","6":"product_cat-rfid-inlay","7":"product_tag-mifare-desfire-inlay","8":"product_tag-nfc-inlay","9":"product_tag-rfid-inlay","11":"first","12":"instock","13":"shipping-taxable","14":"product-type-simple","15":"entry","16":"content-bg","17":"loop-entry"},"_links":{"self":[{"href":"https:\/\/rfid-laundry-tag.com\/vi\/wp-json\/wp\/v2\/product\/2689","targetHints":{"allow":["GET"]}}],"collection":[{"href":"https:\/\/rfid-laundry-tag.com\/vi\/wp-json\/wp\/v2\/product"}],"about":[{"href":"https:\/\/rfid-laundry-tag.com\/vi\/wp-json\/wp\/v2\/types\/product"}],"version-history":[{"count":2,"href":"https:\/\/rfid-laundry-tag.com\/vi\/wp-json\/wp\/v2\/product\/2689\/revisions"}],"predecessor-version":[{"id":2693,"href":"https:\/\/rfid-laundry-tag.com\/vi\/wp-json\/wp\/v2\/product\/2689\/revisions\/2693"}],"wp:featuredmedia":[{"embeddable":true,"href":"https:\/\/rfid-laundry-tag.com\/vi\/wp-json\/wp\/v2\/media\/2673"}],"wp:attachment":[{"href":"https:\/\/rfid-laundry-tag.com\/vi\/wp-json\/wp\/v2\/media?parent=2689"}],"wp:term":[{"taxonomy":"product_brand","embeddable":true,"href":"https:\/\/rfid-laundry-tag.com\/vi\/wp-json\/wp\/v2\/product_brand?post=2689"},{"taxonomy":"product_cat","embeddable":true,"href":"https:\/\/rfid-laundry-tag.com\/vi\/wp-json\/wp\/v2\/product_cat?post=2689"},{"taxonomy":"product_tag","embeddable":true,"href":"https:\/\/rfid-laundry-tag.com\/vi\/wp-json\/wp\/v2\/product_tag?post=2689"}],"curies":[{"name":"wp","href":"https:\/\/api.w.org\/{rel}","templated":true}]}}