{"id":268,"date":"2024-06-21T15:32:44","date_gmt":"2024-06-21T15:32:44","guid":{"rendered":"https:\/\/rfid-laundry-tag.com\/?post_type=product&#038;p=268"},"modified":"2024-06-28T10:04:38","modified_gmt":"2024-06-28T10:04:38","slug":"uhf-rfid-label-alien-h9","status":"publish","type":"product","link":"https:\/\/rfid-laundry-tag.com\/vi\/uhf-rfid-label-alien-h9\/","title":{"rendered":"Nh\u00e3n RFID UHF Alien H9"},"content":{"rendered":"<h2>Nh\u00e3n RFID UHF Alien H9<\/h2>\n<p><span style=\"font-family: inherit; font-size: 24px; font-weight: bold;\">Nh\u00e3n RFID UHF \u0111\u1ec3 theo d\u00f5i h\u00e0ng t\u1ed3n kho<\/span><\/p>\n<div class=\"J_module\">\n<div class=\"ife-detail-decorate-table\">\n<table class=\"all magic-10\">\n<tbody>\n<tr>\n<td colspan=\"1\" rowspan=\"1\">\n<div class=\"magic-11\">Chip<\/div>\n<\/td>\n<td colspan=\"1\" rowspan=\"1\">\n<div class=\"magic-12\">Ng\u01b0\u1eddi ngo\u00e0i h\u00e0nh tinh H9<\/div>\n<\/td>\n<\/tr>\n<tr>\n<td colspan=\"1\" rowspan=\"1\">\n<div class=\"magic-11\">T\u00ednh th\u01b0\u1eddng xuy\u00ean<\/div>\n<\/td>\n<td colspan=\"1\" rowspan=\"1\">\n<div class=\"magic-12\">860\uff5e960MHz<\/div>\n<\/td>\n<\/tr>\n<tr>\n<td colspan=\"1\" rowspan=\"1\">\n<div class=\"magic-11\">V\u1eadt li\u1ec7u<\/div>\n<\/td>\n<td colspan=\"1\" rowspan=\"1\">\n<div class=\"magic-12\">Gi\u1ea5y tr\u00e1ng\/ PET\/ Gi\u1ea5y t\u1ed5ng h\u1ee3p\/ Gi\u1ea5y nhi\u1ec7t\/ T\u00f9y ch\u1ec9nh<\/div>\n<\/td>\n<\/tr>\n<tr>\n<td colspan=\"1\" rowspan=\"1\">\n<div class=\"magic-11\">Ch\u1ebf \u0111\u1ed9 l\u00e0m vi\u1ec7c<\/div>\n<\/td>\n<td colspan=\"1\" rowspan=\"1\">\n<div class=\"magic-12\">Th\u1ee5 \u0111\u1ed9ng<\/div>\n<\/td>\n<\/tr>\n<tr>\n<td colspan=\"1\" rowspan=\"1\">\n<div class=\"magic-11\">Cu\u1ed9c s\u1ed1ng IC<\/div>\n<\/td>\n<td colspan=\"1\" rowspan=\"1\">\n<div class=\"magic-12\">100.000 chu k\u1ef3 l\u1eadp tr\u00ecnh, l\u01b0u tr\u1eef d\u1eef li\u1ec7u trong 10 n\u0103m<\/div>\n<\/td>\n<\/tr>\n<tr>\n<td colspan=\"1\" rowspan=\"1\">\n<div class=\"magic-11\">Nhi\u1ec7t \u0111\u1ed9\/\u0111\u1ed9 \u1ea9m ho\u1ea1t \u0111\u1ed9ng<\/div>\n<\/td>\n<td colspan=\"1\" rowspan=\"1\">\n<div class=\"magic-12\">-25~50\u2103\/20%~80% \u0111\u1ed9 \u1ea9m t\u01b0\u01a1ng \u0111\u1ed1i<\/div>\n<\/td>\n<\/tr>\n<tr>\n<td colspan=\"1\" rowspan=\"1\">\n<div class=\"magic-11\">Nhi\u1ec7t \u0111\u1ed9\/\u0111\u1ed9 \u1ea9m l\u01b0u tr\u1eef<\/div>\n<\/td>\n<td colspan=\"1\" rowspan=\"1\">\n<div class=\"magic-12\">+23\u00b0C\u00b15\u00b0C\/ 50%\u00b110% RH (Kh\u00f4ng ng\u01b0ng t\u1ee5).<\/div>\n<\/td>\n<\/tr>\n<tr>\n<td colspan=\"1\" rowspan=\"1\">\n<div class=\"magic-11\">\u0102ng-ten<\/div>\n<\/td>\n<td colspan=\"1\" rowspan=\"1\">\n<div class=\"magic-12\">Kh\u1eafc nh\u00f4m, 94,8*8,1mm<\/div>\n<\/td>\n<\/tr>\n<tr>\n<td colspan=\"1\" rowspan=\"1\">\n<div class=\"magic-11\">K\u00edch th\u01b0\u1edbc nh\u00e3n\/kh\u1ea3m \u01b0\u1edbt<\/div>\n<\/td>\n<td colspan=\"1\" rowspan=\"1\">\n<div class=\"magic-12\">98*15mm ho\u1eb7c t\u00f9y ch\u1ec9nh<\/div>\n<\/td>\n<\/tr>\n<tr>\n<td colspan=\"1\" rowspan=\"1\">\n<div class=\"magic-11\">In \u1ea5n<\/div>\n<\/td>\n<td colspan=\"1\" rowspan=\"1\">\n<div class=\"magic-12\">In \u0111\u1ea7y \u0111\u1ee7 m\u00e0u s\u1eafc, Logo, M\u00e3 v\u1ea1ch, M\u00e3 QR, v.v.<\/div>\n<\/td>\n<\/tr>\n<tr>\n<td colspan=\"1\" rowspan=\"1\">\n<div class=\"magic-11\">V\u1eadt m\u1eabu<\/div>\n<\/td>\n<td colspan=\"1\" rowspan=\"1\">\n<div class=\"magic-12\">M\u1eabu mi\u1ec5n ph\u00ed cho vi\u1ec7c ki\u1ec3m tra ch\u1ea5t l\u01b0\u1ee3ng c\u1ee7a b\u1ea1n<\/div>\n<\/td>\n<\/tr>\n<tr>\n<td colspan=\"1\" rowspan=\"1\">\n<div class=\"magic-11\">Giao th\u1ee9c<\/div>\n<\/td>\n<td colspan=\"1\" rowspan=\"1\">\n<div class=\"magic-12\">ISO\/IEC 18000-6C EPC L\u1edbp 1 Th\u1ebf h\u1ec7 2<\/div>\n<\/td>\n<\/tr>\n<tr>\n<td colspan=\"1\" rowspan=\"1\">\n<div class=\"magic-11\">Bao b\u00ec<\/div>\n<\/td>\n<td colspan=\"1\" rowspan=\"1\">\n<div class=\"magic-12\">1000-5000 c\u00e1i\/cu\u1ed9n, 4 cu\u1ed9n\/th\u00f9ng<\/div>\n<\/td>\n<\/tr>\n<tr>\n<td colspan=\"1\" rowspan=\"1\">\n<div class=\"magic-11\">N\u01a1i xu\u1ea5t x\u1ee9<\/div>\n<\/td>\n<td colspan=\"1\" rowspan=\"1\">\n<div class=\"magic-12\">Th\u00e0nh \u0110\u00f4, Trung Qu\u1ed1c<\/div>\n<\/td>\n<\/tr>\n<tr>\n<td colspan=\"1\" rowspan=\"4\">\n<div class=\"magic-11\">\u1ee8ng d\u1ee5ng\/Gi\u1ea3i ph\u00e1p<\/div>\n<\/td>\n<td colspan=\"1\" rowspan=\"1\">\n<div class=\"magic-12\">Ki\u1ec3m so\u00e1t nh\u1eadp h\u1ecdc an to\u00e0n\/Thanh to\u00e1n kh\u00f4ng d\u00f9ng ti\u1ec1n m\u1eb7t Ch\u01b0\u01a1ng tr\u00ecnh th\u00e0nh vi\u00ean v\u00e0 kh\u00e1ch h\u00e0ng th\u00e2n thi\u1ebft<\/div>\n<\/td>\n<\/tr>\n<tr>\n<td colspan=\"1\" rowspan=\"1\">\n<div class=\"magic-12\" data-spm-anchor-id=\"a2700.details.0.i80.59c943e8HVzkHD\">Ti\u1ebfp c\u1eadn s\u1ef1 ki\u1ec7n v\u00e0 x\u00e2y d\u1ef1ng th\u01b0\u01a1ng hi\u1ec7u\/Truy\u1ec1n th\u00f4ng x\u00e3 h\u1ed9i\/B\u00e1n l\u1ebb<\/div>\n<\/td>\n<\/tr>\n<tr>\n<td colspan=\"1\" rowspan=\"1\">\n<div class=\"magic-12\">M\u00f4i tr\u01b0\u1eddng\/Tr\u00f2 ch\u01a1i &amp; \u0110\u1ed3 ch\u01a1i \u0110\u1ecba \u0111i\u1ec3m\/\u0110i\u1ec7n t\u1eed\/Tri\u1ec3n l\u00e3m th\u01b0\u01a1ng m\u1ea1i<\/div>\n<\/td>\n<\/tr>\n<tr>\n<td colspan=\"1\" rowspan=\"1\">\n<div class=\"magic-12\">S\u1ef1 ki\u1ec7n\/Y\u00eau c\u1ea7u g\u1ecdi \u0111i\u1ec7n\/Danh thi\u1ebfp<\/div>\n<\/td>\n<\/tr>\n<\/tbody>\n<\/table>\n<p>&nbsp;<\/p>\n<\/div>\n<\/div>\n<div class=\"J_module\">\n<div><\/div>\n<div class=\"auto-hide-last-sibling-br paragraph_9dc5f paragraph-element\">Nh\u00e3n RFID UHF (Nh\u00e3n nh\u1eadn d\u1ea1ng t\u1ea7n s\u1ed1 v\u00f4 tuy\u1ebfn si\u00eau cao) th\u1ef1c s\u1ef1 l\u00e0 c\u00f4ng c\u1ee5 \u0111a n\u0103ng c\u00f3 nhi\u1ec1u \u1ee9ng d\u1ee5ng trong nhi\u1ec1u l\u0129nh v\u1ef1c kh\u00e1c nhau.<\/div>\n<div class=\"auto-hide-last-sibling-br paragraph_9dc5f paragraph-element\">Nh\u1eadn d\u1ea1ng: C\u00e1c nh\u00e3n n\u00e0y c\u00f3 th\u1ec3 d\u1ec5 d\u00e0ng l\u01b0u tr\u1eef d\u1eef li\u1ec7u c\u00e1 nh\u00e2n, h\u1eefu \u00edch trong c\u00e1c t\u00ecnh hu\u1ed1ng x\u00e1c minh danh t\u00ednh, khi\u1ebfn ch\u00fang tr\u1edf th\u00e0nh l\u1ef1a ch\u1ecdn \u0111\u00e1ng tin c\u1eady cho nhi\u1ec1u t\u1ed5 ch\u1ee9c y\u00eau c\u1ea7u ph\u01b0\u01a1ng ph\u00e1p nh\u1eadn d\u1ea1ng an to\u00e0n v\u00e0 hi\u1ec7u qu\u1ea3.<\/div>\n<div><\/div>\n<div class=\"auto-hide-last-sibling-br paragraph_9dc5f paragraph-element\">Giao th\u00f4ng c\u00f4ng c\u1ed9ng v\u00e0 b\u00e1n v\u00e9 s\u1ef1 ki\u1ec7n: Nh\u00e3n RFID UHF th\u01b0\u1eddng \u0111\u01b0\u1ee3c s\u1eed d\u1ee5ng trong c\u00e1c h\u1ec7 th\u1ed1ng b\u00e1n v\u00e9 t\u1ef1 \u0111\u1ed9ng nh\u01b0 th\u1ebb t\u00e0u \u0111i\u1ec7n ng\u1ea7m ho\u1eb7c xe bu\u00fdt, c\u0169ng nh\u01b0 trong b\u00e1n v\u00e9 s\u1ef1 ki\u1ec7n, cho ph\u00e9p nh\u1eadp th\u00f4ng tin nhanh ch\u00f3ng v\u00e0 hi\u1ec7u qu\u1ea3.<\/div>\n<div><\/div>\n<div class=\"auto-hide-last-sibling-br paragraph_9dc5f paragraph-element\">Thu ph\u00ed \u0111i\u1ec7n t\u1eed: Vi\u1ec7c s\u1eed d\u1ee5ng Nh\u00e3n RFID UHF t\u1ea1i \u0111\u00e2y cho ph\u00e9p thanh to\u00e1n ph\u00ed \u0111\u01b0\u1eddng b\u1ed9 nhanh ch\u00f3ng m\u00e0 kh\u00f4ng y\u00eau c\u1ea7u xe d\u1eebng l\u1ea1i, gi\u00fap gi\u1ea3m \u0111\u00e1ng k\u1ec3 l\u01b0u l\u01b0\u1ee3ng giao th\u00f4ng v\u00e0 t\u0103ng c\u01b0\u1eddng s\u1ef1 ti\u1ec7n l\u1ee3i cho ng\u01b0\u1eddi d\u00f9ng.<\/div>\n<div><\/div>\n<div class=\"auto-hide-last-sibling-br paragraph_9dc5f paragraph-element\">Qu\u1ea3n l\u00fd t\u00e0i s\u1ea3n: C\u00f3 th\u1ec3 g\u1eafn nh\u00e3n v\u00e0o t\u00e0i s\u1ea3n \u0111\u1ec3 theo d\u00f5i, \u0111\u1ecbnh v\u1ecb v\u00e0 c\u1eadp nh\u1eadt th\u00f4ng tin theo th\u1eddi gian th\u1ef1c, t\u0103ng c\u01b0\u1eddng qu\u1ea3n l\u00fd h\u00e0ng t\u1ed3n kho v\u00e0 gi\u1ea3m th\u1ea5t tho\u00e1t ho\u1eb7c tr\u1ed9m c\u1eafp.<\/div>\n<div><\/div>\n<div class=\"auto-hide-last-sibling-br paragraph_9dc5f paragraph-element\">Th\u01b0 vi\u1ec7n &amp; Cho thu\u00ea: Ch\u00fang \u0111\u01b0\u1ee3c s\u1eed d\u1ee5ng \u0111\u1ec3 theo d\u00f5i s\u00e1ch ho\u1eb7c c\u00e1c m\u1ee5c kh\u00e1c ra v\u00e0o th\u01b0 vi\u1ec7n, gi\u00fap qu\u00e1 tr\u00ecnh m\u01b0\u1ee3n v\u00e0 tr\u1ea3 s\u00e1ch hi\u1ec7u qu\u1ea3 h\u01a1n. Ch\u00fang c\u0169ng c\u00f3 th\u1ec3 \u0111\u01b0\u1ee3c \u00e1p d\u1ee5ng trong c\u00e1c d\u1ecbch v\u1ee5 cho thu\u00ea \u0111\u1ec3 qu\u1ea3n l\u00fd t\u1ed1t h\u01a1n c\u00e1c m\u1ee5c \u0111\u00e3 thu\u00ea.<\/div>\n<div><\/div>\n<div class=\"auto-hide-last-sibling-br paragraph_9dc5f paragraph-element\">H\u1ec7 th\u1ed1ng kh\u00e1ch h\u00e0ng th\u00e2n thi\u1ebft: Nh\u00e3n RFID UHF c\u00f3 th\u1ec3 \u0111\u01b0\u1ee3c s\u1eed d\u1ee5ng trong th\u1ebb kh\u00e1ch h\u00e0ng th\u00e2n thi\u1ebft ho\u1eb7c th\u1ebb th\u01b0\u1edfng cho doanh nghi\u1ec7p, gi\u00fap t\u0103ng c\u01b0\u1eddng kh\u1ea3 n\u0103ng gi\u1eef ch\u00e2n kh\u00e1ch h\u00e0ng v\u00e0 mang l\u1ea1i tr\u1ea3i nghi\u1ec7m tuy\u1ec7t v\u1eddi cho ng\u01b0\u1eddi d\u00f9ng.<\/div>\n<div><\/div>\n<div class=\"auto-hide-last-sibling-br paragraph_9dc5f paragraph-element\">Qu\u1ea3n l\u00fd ki\u1ec3m so\u00e1t ra v\u00e0o: \u1ede nh\u1eefng n\u01a1i y\u00eau c\u1ea7u ra v\u00e0o an to\u00e0n nh\u01b0 v\u0103n ph\u00f2ng, khu d\u00e2n c\u01b0 ho\u1eb7c m\u1ed9t s\u1ed1 khu v\u1ef1c c\u00f4ng c\u1ed9ng, nh\u1eefng th\u1ebb n\u00e0y c\u00f3 th\u1ec3 \u0111\u01b0\u1ee3c s\u1eed d\u1ee5ng \u0111\u1ec3 ki\u1ec3m so\u00e1t ra v\u00e0o hi\u1ec7u qu\u1ea3, t\u0103ng th\u00eam m\u1ed9t l\u1edbp b\u1ea3o m\u1eadt.<\/div>\n<div><\/div>\n<div class=\"auto-hide-last-sibling-br paragraph_9dc5f paragraph-element\">H\u01a1n n\u1eefa, d\u1ecbch v\u1ee5 l\u1eadp tr\u00ecnh v\u00e0 m\u00e3 h\u00f3a t\u00f9y ch\u1ec9nh c\u1ee7a ch\u00fang t\u00f4i c\u00f3 th\u1ec3 \u0111\u00e1p \u1ee9ng nhu c\u1ea7u c\u1ee5 th\u1ec3 c\u1ee7a kh\u00e1ch h\u00e0ng, bi\u1ebfn Nh\u00e3n RFID UHF tr\u1edf th\u00e0nh gi\u1ea3i ph\u00e1p ti\u1ec7n l\u1ee3i v\u00e0 ti\u1ebft ki\u1ec7m chi ph\u00ed cho nhi\u1ec1u doanh nghi\u1ec7p v\u00e0 d\u1ecbch v\u1ee5.<\/div>\n<div><\/div>\n<\/div>\n<div><\/div>\n<div><strong>T\u1ea1i sao ch\u1ecdn ch\u00fang t\u00f4i?<\/strong><\/div>\n<div><\/div>\n<div>Ch\u00fang t\u00f4i l\u00e0 nh\u00e0 cung c\u1ea5p c\u00f4ng ngh\u1ec7 RFID h\u00e0ng \u0111\u1ea7u v\u1edbi h\u01a1n 11 n\u0103m kinh nghi\u1ec7m, mang l\u1ea1i hi\u1ec7u qu\u1ea3, \u0111\u1ed9 tin c\u1eady v\u00e0 \u0111\u1ed9 ch\u00ednh x\u00e1c ti\u00ean ti\u1ebfn cho chu\u1ed7i cung \u1ee9ng to\u00e0n c\u1ea7u c\u1ee7a kh\u00e1ch h\u00e0ng v\u1edbi c\u00e1c s\u1ea3n ph\u1ea9m, gi\u1ea3i ph\u00e1p v\u00e0 c\u00f4ng ngh\u1ec7 h\u00e0ng \u0111\u1ea7u trong ng\u00e0nh. L\u00e0 m\u1ed9t nh\u00e0 s\u1ea3n xu\u1ea5t \u1edf C\u1ea5p \u0111\u1ed9 To\u00e0n c\u1ea7u, ch\u00fang t\u00f4i cung c\u1ea5p cho kh\u00e1ch h\u00e0ng m\u1ed9t n\u1ec1n t\u1ea3ng c\u00f4ng ngh\u1ec7 n\u1ec1n t\u1ea3ng, bao g\u1ed3m ki\u1ec3m so\u00e1t truy c\u1eadp, g\u1eafn th\u1ebb \u0111\u1ed9ng v\u1eadt, giao ti\u1ebfp tr\u01b0\u1eddng g\u1ea7n (NFC), nhi\u1ec1u \u0111\u1ea7u \u0111\u1ecdc RFID v\u00e0 gi\u1ea3i ph\u00e1p kh\u00e1c nhau. C\u00e1c gi\u1ea3i ph\u00e1p c\u1ee7a ch\u00fang t\u00f4i c\u00f3 c\u00e1c khu\u00f4n kh\u1ed5 \u1ee9ng d\u1ee5ng c\u00f3 th\u1ec3 c\u1ea5u h\u00ecnh cao v\u00e0 giao di\u1ec7n ng\u01b0\u1eddi d\u00f9ng thanh l\u1ecbch v\u1edbi c\u00e1c ph\u00e2n t\u00edch n\u00e2ng cao, cho ph\u00e9p tr\u00ed tu\u1ec7 kinh doanh \u0111\u1ea7u cu\u1ed1i v\u00e0 kh\u1ea3 n\u0103ng hi\u1ec3n th\u1ecb d\u1eef li\u1ec7u tr\u00ean nhi\u1ec1u ng\u00e0nh c\u00f4ng nghi\u1ec7p.<\/div>","protected":false},"excerpt":{"rendered":"<p>Nh\u00e3n RFID UHF c\u00f3 th\u1ec3 \u0111\u01b0\u1ee3c \u1ee9ng d\u1ee5ng r\u1ed9ng r\u00e3i trong nh\u1eadn d\u1ea1ng, giao th\u00f4ng c\u00f4ng c\u1ed9ng, b\u00e1n v\u00e9 s\u1ef1 ki\u1ec7n, thu ph\u00ed \u0111i\u1ec7n t\u1eed, qu\u1ea3n l\u00fd t\u00e0i s\u1ea3n, th\u01b0 vi\u1ec7n v\u00e0 cho thu\u00ea, h\u1ec7 th\u1ed1ng kh\u00e1ch h\u00e0ng th\u00e2n thi\u1ebft v\u00e0 qu\u1ea3n l\u00fd ki\u1ec3m so\u00e1t ra v\u00e0o, v.v. Ch\u00fang t\u00f4i cung c\u1ea5p d\u1ecbch v\u1ee5 l\u1eadp tr\u00ecnh v\u00e0 m\u00e3 h\u00f3a ph\u00f9 h\u1ee3p ch\u00ednh x\u00e1c v\u1edbi y\u00eau c\u1ea7u l\u1eadp tr\u00ecnh ho\u1eb7c m\u00e3 h\u00f3a c\u1ee7a kh\u00e1ch h\u00e0ng.<\/p>","protected":false},"featured_media":270,"template":"","meta":{"_kad_post_transparent":"default","_kad_post_title":"","_kad_post_layout":"default","_kad_post_sidebar_id":"","_kad_post_content_style":"default","_kad_post_vertical_padding":"default","_kad_post_feature":"","_kad_post_feature_position":"","_kad_post_header":false,"_kad_post_footer":false,"_kad_post_classname":""},"product_brand":[],"product_cat":[54],"product_tag":[102,100,98],"class_list":{"0":"post-268","1":"product","2":"type-product","3":"status-publish","4":"has-post-thumbnail","6":"product_cat-hot-selling-rfid-tags","7":"product_tag-paper-uhf-rfid-sticker","8":"product_tag-rfid-label","9":"product_tag-uhf-rfid-label","11":"first","12":"instock","13":"shipping-taxable","14":"product-type-simple","15":"entry","16":"content-bg","17":"loop-entry"},"_links":{"self":[{"href":"https:\/\/rfid-laundry-tag.com\/vi\/wp-json\/wp\/v2\/product\/268","targetHints":{"allow":["GET"]}}],"collection":[{"href":"https:\/\/rfid-laundry-tag.com\/vi\/wp-json\/wp\/v2\/product"}],"about":[{"href":"https:\/\/rfid-laundry-tag.com\/vi\/wp-json\/wp\/v2\/types\/product"}],"version-history":[{"count":0,"href":"https:\/\/rfid-laundry-tag.com\/vi\/wp-json\/wp\/v2\/product\/268\/revisions"}],"wp:featuredmedia":[{"embeddable":true,"href":"https:\/\/rfid-laundry-tag.com\/vi\/wp-json\/wp\/v2\/media\/270"}],"wp:attachment":[{"href":"https:\/\/rfid-laundry-tag.com\/vi\/wp-json\/wp\/v2\/media?parent=268"}],"wp:term":[{"taxonomy":"product_brand","embeddable":true,"href":"https:\/\/rfid-laundry-tag.com\/vi\/wp-json\/wp\/v2\/product_brand?post=268"},{"taxonomy":"product_cat","embeddable":true,"href":"https:\/\/rfid-laundry-tag.com\/vi\/wp-json\/wp\/v2\/product_cat?post=268"},{"taxonomy":"product_tag","embeddable":true,"href":"https:\/\/rfid-laundry-tag.com\/vi\/wp-json\/wp\/v2\/product_tag?post=268"}],"curies":[{"name":"wp","href":"https:\/\/api.w.org\/{rel}","templated":true}]}}