{"id":2665,"date":"2024-09-24T15:11:41","date_gmt":"2024-09-24T15:11:41","guid":{"rendered":"https:\/\/rfid-laundry-tag.com\/?post_type=product&#038;p=2665"},"modified":"2024-09-24T15:21:08","modified_gmt":"2024-09-24T15:21:08","slug":"rfid-mifare-classic-1k-inlay","status":"publish","type":"product","link":"https:\/\/rfid-laundry-tag.com\/vi\/rfid-mifare-classic-1k-inlay\/","title":{"rendered":"Th\u1ebb RFID MIFARE Classic 1K"},"content":{"rendered":"<table class=\"has-title all magic-13\">\n<tbody>\n<tr>\n<td colspan=\"1\" rowspan=\"1\">\n<div class=\"magic-14\" data-spm-anchor-id=\"a2700.details.0.i37.2ec61361oDo4aX\">T\u00ean s\u1ea3n ph\u1ea9m<\/div>\n<\/td>\n<td colspan=\"1\" rowspan=\"1\">\n<div class=\"magic-15\"><strong>Th\u1ebb RFID MIFARE Classic 1K<\/strong><\/div>\n<\/td>\n<\/tr>\n<tr>\n<td colspan=\"1\" rowspan=\"1\">\n<div class=\"magic-14\">Chip<\/div>\n<\/td>\n<td colspan=\"1\" rowspan=\"1\">\n<div class=\"magic-15\">MIFARE Classic\u00ae 1K<\/div>\n<\/td>\n<\/tr>\n<tr>\n<td colspan=\"1\" rowspan=\"1\">\n<div class=\"magic-14\">T\u00ednh th\u01b0\u1eddng xuy\u00ean<\/div>\n<\/td>\n<td colspan=\"1\" rowspan=\"1\">\n<div class=\"magic-15\">13,56MHz<\/div>\n<\/td>\n<\/tr>\n<tr>\n<td colspan=\"1\" rowspan=\"1\">\n<div class=\"magic-14\">Kho\u1ea3ng c\u00e1ch \u0111\u1ecdc<\/div>\n<\/td>\n<td colspan=\"1\" rowspan=\"1\">\n<div class=\"magic-15\">1-5CM<\/div>\n<\/td>\n<\/tr>\n<tr>\n<td colspan=\"1\" rowspan=\"1\">\n<div class=\"magic-14\">V\u1eadt li\u1ec7u<\/div>\n<\/td>\n<td colspan=\"1\" rowspan=\"1\">\n<div class=\"magic-15\">Gi\u1ea5y tr\u00e1ng ph\u1ee7<\/div>\n<\/td>\n<\/tr>\n<tr>\n<td colspan=\"1\" rowspan=\"1\">\n<div class=\"magic-14\">Ch\u1ea5t n\u1ec1n<\/div>\n<\/td>\n<td colspan=\"1\" rowspan=\"1\">\n<div class=\"magic-15\">TH\u00da C\u01afNG<\/div>\n<\/td>\n<\/tr>\n<tr>\n<td colspan=\"1\" rowspan=\"1\">\n<div class=\"magic-14\">\u0110\u01b0\u1eddng k\u00ednh 50 mmK\u00edch th\u01b0\u1edbc<\/div>\n<\/td>\n<td colspan=\"1\" rowspan=\"1\">\n<div class=\"magic-15\">\u0110\u01b0\u1eddng k\u00ednh 25mm ho\u1eb7c t\u00f9y ch\u1ec9nh<\/div>\n<\/td>\n<\/tr>\n<tr>\n<td colspan=\"1\" rowspan=\"1\">\n<div class=\"magic-14\">Ch\u1ebf \u0111\u1ed9 l\u00e0m vi\u1ec7c<\/div>\n<\/td>\n<td colspan=\"1\" rowspan=\"1\">\n<div class=\"magic-15\">Th\u1ee5 \u0111\u1ed9ng<\/div>\n<\/td>\n<\/tr>\n<tr>\n<td colspan=\"1\" rowspan=\"1\">\n<div class=\"magic-14\">Vi\u1ebft chu k\u1ef3<\/div>\n<\/td>\n<td colspan=\"1\" rowspan=\"1\">\n<div class=\"magic-15\">100000<\/div>\n<\/td>\n<\/tr>\n<tr>\n<td colspan=\"1\" rowspan=\"1\">\n<div class=\"magic-14\">Nhi\u1ec7t \u0111\u1ed9 ho\u1ea1t \u0111\u1ed9ng \/ \u0111\u1ed9 \u1ea9m<\/div>\n<\/td>\n<td colspan=\"1\" rowspan=\"1\">\n<div class=\"magic-15\">-40~70\u2103\/20%~90% \u0111\u1ed9 \u1ea9m t\u01b0\u01a1ng \u0111\u1ed1i<\/div>\n<\/td>\n<\/tr>\n<tr>\n<td colspan=\"1\" rowspan=\"1\">\n<div class=\"magic-14\">Nhi\u1ec7t \u0111\u1ed9 \/ \u0111\u1ed9 \u1ea9m l\u01b0u tr\u1eef<\/div>\n<\/td>\n<td colspan=\"1\" rowspan=\"1\">\n<div class=\"magic-15\">-20~50\u2103 \/ 20%~90% RH (Kh\u00f4ng ng\u01b0ng t\u1ee5).<\/div>\n<\/td>\n<\/tr>\n<tr>\n<td colspan=\"1\" rowspan=\"1\">\n<div class=\"magic-14\">M\u1eabu c\u00f3 s\u1eb5n<\/div>\n<\/td>\n<td colspan=\"1\" rowspan=\"1\">\n<div class=\"magic-15\">M\u1eabu mi\u1ec5n ph\u00ed c\u00f3 s\u1eb5n theo y\u00eau c\u1ea7u<\/div>\n<\/td>\n<\/tr>\n<tr>\n<td colspan=\"1\" rowspan=\"1\">\n<div class=\"magic-14\">Bao b\u00ec<\/div>\n<\/td>\n<td colspan=\"1\" rowspan=\"1\">\n<div class=\"magic-15\">1000-5000 c\u00e1i\/cu\u1ed9n, 4 cu\u1ed9n\/th\u00f9ng<\/div>\n<\/td>\n<\/tr>\n<tr>\n<td colspan=\"1\" rowspan=\"1\">\n<div class=\"magic-14\">\n<p>\u1ee8ng d\u1ee5ng<\/p>\n<div><\/div>\n<\/div>\n<\/td>\n<td colspan=\"1\" rowspan=\"1\">\n<div class=\"magic-15\" data-spm-anchor-id=\"a2700.details.0.i47.2ec61361oDo4aX\">Ki\u1ec3m so\u00e1t nh\u1eadp h\u1ecdc an to\u00e0n\/Thanh to\u00e1n kh\u00f4ng d\u00f9ng ti\u1ec1n m\u1eb7t Ch\u01b0\u01a1ng tr\u00ecnh th\u00e0nh vi\u00ean v\u00e0 kh\u00e1ch h\u00e0ng th\u00e2n thi\u1ebft Ti\u1ebfp c\u1eadn s\u1ef1 ki\u1ec7n v\u00e0 x\u00e2y d\u1ef1ng th\u01b0\u01a1ng hi\u1ec7u\/Truy\u1ec1n th\u00f4ng x\u00e3 h\u1ed9i\/B\u00e1n l\u1ebb<br \/>\nM\u00f4i tr\u01b0\u1eddng\/Tr\u00f2 ch\u01a1i &amp; \u0110\u1ed3 ch\u01a1i \u0110\u1ecba \u0111i\u1ec3m\/\u0110i\u1ec7n t\u1eed\/Tri\u1ec3n l\u00e3m th\u01b0\u01a1ng m\u1ea1i\/S\u1ef1 ki\u1ec7n\/Y\u00eau c\u1ea7u g\u1ecdi \u0111i\u1ec7n\/Danh thi\u1ebfp<\/div>\n<\/td>\n<\/tr>\n<\/tbody>\n<\/table>\n<p>&nbsp;<\/p>\n<p>C\u00e1c <strong>Th\u1ebb RFID MIFARE Classic 1K<\/strong> l\u00e0 gi\u1ea3i ph\u00e1p \u0111a n\u0103ng \u0111\u01b0\u1ee3c thi\u1ebft k\u1ebf \u0111\u1ec3 \u0111\u00e1p \u1ee9ng nhu c\u1ea7u ng\u00e0y c\u00e0ng t\u0103ng c\u1ee7a c\u00e1c \u1ee9ng d\u1ee5ng hi\u1ec7n \u0111\u1ea1i. Ho\u1ea1t \u0111\u1ed9ng \u1edf t\u1ea7n s\u1ed1 13,56MHz, mi\u1ebfng d\u00e1n h\u1ed7 tr\u1ee3 NFC n\u00e0y v\u1eabn gi\u1eef nguy\u00ean t\u1ea5t c\u1ea3 c\u00e1c t\u00ednh n\u0103ng thi\u1ebft y\u1ebfu c\u1ee7a c\u00f4ng ngh\u1ec7 MIFARE Classic trong khi v\u1eabn cung c\u1ea5p ch\u1ee9c n\u0103ng th\u00e2n thi\u1ec7n v\u1edbi ng\u01b0\u1eddi d\u00f9ng. V\u1edbi k\u00edch th\u01b0\u1edbc nh\u1ecf g\u1ecdn \u0111\u01b0\u1eddng k\u00ednh 25mm v\u00e0 \u0111\u1ed9 d\u00e0y 0,5mm, mi\u1ebfng d\u00e1n n\u00e0y c\u00f3 s\u1eb5n \u1edf d\u1ea1ng nh\u00e3n d\u00e1n th\u1ebb ti\u1ec1n xu tr\u1ed1ng ti\u1ec7n l\u1ee3i, gi\u00fap d\u1ec5 d\u00e0ng g\u1eafn v\u00e0 s\u1eed d\u1ee5ng tr\u00ean nhi\u1ec1u \u1ee9ng d\u1ee5ng kh\u00e1c nhau. Cho d\u00f9 b\u1ea1n \u0111ang t\u00ecm ki\u1ebfm gi\u1ea3i ph\u00e1p RFID cho h\u1ec7 th\u1ed1ng thanh to\u00e1n, ki\u1ec3m so\u00e1t truy c\u1eadp hay nh\u1eadn d\u1ea1ng, mi\u1ebfng d\u00e1n MIFARE Classic 1K \u0111\u1ec1u mang l\u1ea1i \u0111\u1ed9 tin c\u1eady v\u00e0 hi\u1ec7u su\u1ea5t v\u00f4 song.<\/p>\n<h3>T\u1ea1i sao n\u00ean ch\u1ecdn MIFARE Classic 1K Inlay?<\/h3>\n<ul>\n<li><strong>T\u00edch h\u1ee3p d\u1ec5 d\u00e0ng<\/strong>: Th\u00edch h\u1ee3p cho nhi\u1ec1u \u1ee9ng d\u1ee5ng, t\u1eeb h\u1ec7 th\u1ed1ng thanh to\u00e1n \u0111\u1ebfn b\u00e1n v\u00e9 s\u1ef1 ki\u1ec7n, ph\u1ea7n t\u00edch h\u1ee3p n\u00e0y t\u00edch h\u1ee3p li\u1ec1n m\u1ea1ch v\u00e0o c\u00e1c n\u1ec1n t\u1ea3ng hi\u1ec7n c\u00f3.<\/li>\n<li><strong>Gi\u1ea3i ph\u00e1p ti\u1ebft ki\u1ec7m chi ph\u00ed<\/strong>:V\u1edbi gi\u00e1 th\u00e0nh th\u1ea5p, ch\u1ea5t l\u01b0\u1ee3ng cao v\u00e0 thi\u1ebft k\u1ebf b\u1ec1n b\u1ec9, \u0111\u00e2y l\u00e0 l\u1ef1a ch\u1ecdn ti\u1ebft ki\u1ec7m m\u00e0 kh\u00f4ng \u1ea3nh h\u01b0\u1edfng \u0111\u1ebfn hi\u1ec7u su\u1ea5t.<\/li>\n<li><strong>Th\u00e2n thi\u1ec7n v\u1edbi ng\u01b0\u1eddi d\u00f9ng<\/strong>: \u0110\u1ecbnh d\u1ea1ng nh\u00e3n d\u00e1n tr\u1ed1ng cho ph\u00e9p d\u00e1n nh\u00e3n d\u1ec5 d\u00e0ng v\u00e0 t\u00f9y ch\u1ec9nh, n\u00e2ng cao tr\u1ea3i nghi\u1ec7m c\u1ee7a ng\u01b0\u1eddi d\u00f9ng.<\/li>\n<\/ul>\n<h3>Gi\u1ea3i th\u00edch v\u1ec1 c\u00f4ng ngh\u1ec7 NFC<\/h3>\n<p>C\u00f4ng ngh\u1ec7 NFC (Giao ti\u1ebfp tr\u01b0\u1eddng g\u1ea7n) t\u1ea1o th\u00e0nh x\u01b0\u01a1ng s\u1ed1ng c\u1ee7a MIFARE Classic 1K Inlay. B\u1eb1ng c\u00e1ch s\u1eed d\u1ee5ng c\u00f4ng ngh\u1ec7 n\u00e0y, inlay cho ph\u00e9p trao \u0111\u1ed5i d\u1eef li\u1ec7u kh\u00f4ng ti\u1ebfp x\u00fac gi\u1eefa c\u00e1c thi\u1ebft b\u1ecb. T\u00ednh n\u0103ng n\u00e0y kh\u00f4ng ch\u1ec9 gi\u1edbi h\u1ea1n \u1edf t\u01b0\u01a1ng t\u00e1c gi\u1eefa th\u1ebb v\u00e0 \u0111\u1ea7u \u0111\u1ecdc m\u00e0 c\u00f2n t\u1ea1o \u0111i\u1ec1u ki\u1ec7n thu\u1eadn l\u1ee3i cho thanh to\u00e1n di \u0111\u1ed9ng v\u00e0 ki\u1ec3m so\u00e1t truy c\u1eadp an to\u00e0n.<\/p>\n<h3>L\u1ee3i \u00edch ch\u00ednh c\u1ee7a MIFARE Classic 1K<\/h3>\n<ul>\n<li><strong>T\u0103ng c\u01b0\u1eddng b\u1ea3o m\u1eadt<\/strong>:V\u1edbi UID 4 byte duy nh\u1ea5t, MIFARE Classic 1K Inlay gi\u00fap ng\u0103n ng\u1eeba tr\u00f9ng l\u1eb7p d\u1eef li\u1ec7u, t\u0103ng th\u00eam m\u1ed9t l\u1edbp b\u1ea3o m\u1eadt cho \u1ee9ng d\u1ee5ng c\u1ee7a b\u1ea1n.<\/li>\n<li><strong>T\u00ednh linh ho\u1ea1t<\/strong>: Th\u00edch h\u1ee3p cho nhi\u1ec1u \u1ee9ng d\u1ee5ng kh\u00f4ng ti\u1ebfp x\u00fac, t\u1eeb b\u00e1n l\u1ebb \u0111\u1ebfn v\u1eadn t\u1ea3i, t\u0103ng c\u01b0\u1eddng s\u1ef1 t\u01b0\u01a1ng t\u00e1c c\u1ee7a ng\u01b0\u1eddi d\u00f9ng.<\/li>\n<li><strong>Kh\u1ea3 n\u0103ng t\u01b0\u01a1ng th\u00edch<\/strong>: Ho\u00e0n to\u00e0n t\u01b0\u01a1ng th\u00edch v\u1edbi \u0111\u1ea7u \u0111\u1ecdc\/ghi ACR122U, c\u00f9ng v\u1edbi c\u00e1c thi\u1ebft b\u1ecb MIFARE Classic kh\u00e1c, khi\u1ebfn \u0111\u00e2y tr\u1edf th\u00e0nh c\u00f4ng c\u1ee5 \u0111a n\u0103ng trong kho v\u0169 kh\u00ed NFC c\u1ee7a b\u1ea1n.<\/li>\n<\/ul>\n<h2>Th\u00f4ng s\u1ed1 k\u1ef9 thu\u1eadt<\/h2>\n<div>\n<div class=\"overflow-x-auto custom-scrollbar custom-scrollbar-wide mb-2\">\n<table class=\"w-fit !mb-2 !max-w-none\">\n<thead>\n<tr>\n<th style=\"text-align: left;\">T\u00ednh n\u0103ng<\/th>\n<th style=\"text-align: left;\">\u0110\u1eb7c \u0111i\u1ec3m k\u1ef9 thu\u1eadt<\/th>\n<\/tr>\n<\/thead>\n<tbody>\n<tr>\n<td><strong>K\u00edch th\u01b0\u1edbc b\u1ed9 nh\u1edb<\/strong><\/td>\n<td>1K Byte<\/td>\n<\/tr>\n<tr>\n<td><strong>K\u00edch th\u01b0\u1edbc UID<\/strong><\/td>\n<td>4 Byte<\/td>\n<\/tr>\n<tr>\n<td><strong>T\u00ednh th\u01b0\u1eddng xuy\u00ean<\/strong><\/td>\n<td>13,56MHz<\/td>\n<\/tr>\n<tr>\n<td><strong>S\u1ef1 tu\u00e2n th\u1ee7<\/strong><\/td>\n<td>Ti\u00eau chu\u1ea9n ISO\/IEC 14443A<\/td>\n<\/tr>\n<tr>\n<td><strong>Kh\u00f3a m\u1eb7c \u0111\u1ecbnh<\/strong><\/td>\n<td>FF FF FF FF FF FF FF<\/td>\n<\/tr>\n<tr>\n<td><strong>Lo\u1ea1i Chip<\/strong><\/td>\n<td>MIFARE c\u1ed5 \u0111i\u1ec3n EV1 1K (MF1S503yX)<\/td>\n<\/tr>\n<\/tbody>\n<\/table>\n<\/div>\n<\/div>\n<h3>H\u01b0\u1edbng d\u1eabn s\u1eed d\u1ee5ng<\/h3>\n<p>\u0110\u1ec3 s\u1eed d\u1ee5ng MIFARE Classic 1K Inlay, ch\u1ec9 c\u1ea7n d\u00e1n n\u00f3 v\u00e0o b\u1ec1 m\u1eb7t mong mu\u1ed1n b\u1eb1ng l\u1edbp keo d\u00e1n \u0111\u01b0\u1ee3c cung c\u1ea5p. \u0110\u1ea3m b\u1ea3o b\u1ec1 m\u1eb7t s\u1ea1ch v\u00e0 kh\u00f4 \u0111\u1ec3 b\u00e1m d\u00ednh t\u1ed1i \u01b0u. Sau khi d\u00e1n, c\u00f3 th\u1ec3 \u0111\u1ecdc v\u00e0 ghi l\u1edbp inlay b\u1eb1ng thi\u1ebft b\u1ecb h\u1ed7 tr\u1ee3 NFC ho\u1eb7c \u0111\u1ea7u \u0111\u1ecdc t\u01b0\u01a1ng th\u00edch, ch\u1eb3ng h\u1ea1n nh\u01b0 ACR122U.<\/p>\n<h3>T\u00e1c \u0111\u1ed9ng m\u00f4i tr\u01b0\u1eddng<\/h3>\n<p>MIFARE Classic 1K Inlay \u0111\u01b0\u1ee3c s\u1ea3n xu\u1ea5t v\u1edbi s\u1ef1 c\u00e2n nh\u1eafc \u0111\u1ebfn m\u00f4i tr\u01b0\u1eddng. S\u1eed d\u1ee5ng v\u1eadt li\u1ec7u b\u1ec1n v\u00e0 c\u00f3 th\u1ec3 t\u00e1i ch\u1ebf \u0111\u1ea3m b\u1ea3o r\u1eb1ng, trong khi \u0111\u00f3ng g\u00f3p cho nhu c\u1ea7u c\u00e1 nh\u00e2n ho\u1eb7c kinh doanh c\u1ee7a b\u1ea1n, b\u1ea1n c\u0169ng tham gia v\u00e0o c\u00e1c ho\u1ea1t \u0111\u1ed9ng th\u00e2n thi\u1ec7n v\u1edbi m\u00f4i tr\u01b0\u1eddng.<\/p>\n<h2>\u0110\u00e1nh gi\u00e1 c\u1ee7a kh\u00e1ch h\u00e0ng<\/h2>\n<p><strong>John Doe, Ch\u1ee7 doanh nghi\u1ec7p<\/strong><br \/>\n<em>\u201cCh\u00fang t\u00f4i \u0111\u00e3 t\u00edch h\u1ee3p th\u1ebb MIFARE Classic 1K v\u00e0o h\u1ec7 th\u1ed1ng thanh to\u00e1n c\u1ee7a m\u00ecnh v\u00e0 hi\u1ec7u qu\u1ea3 th\u1eadt \u0111\u00e1ng kinh ng\u1ea1c! N\u00f3 \u0111\u00e3 gi\u1ea3m \u0111\u00e1ng k\u1ec3 th\u1eddi gian giao d\u1ecbch, n\u00e2ng cao s\u1ef1 h\u00e0i l\u00f2ng c\u1ee7a kh\u00e1ch h\u00e0ng.\u201d<\/em><\/p>\n<p><strong>Jane Smith, Qu\u1ea3n l\u00fd s\u1ef1 ki\u1ec7n<\/strong><br \/>\n<em>\u201cC\u00e1c mi\u1ebfng d\u00e1n d\u00ednh \u1edf m\u1eb7t sau d\u1ec5 d\u00e0ng g\u1eafn v\u00e0o huy hi\u1ec7u s\u1ef1 ki\u1ec7n c\u1ee7a ch\u00fang t\u00f4i. Ch\u00fang \u0111\u00e1ng tin c\u1eady v\u00e0 ho\u1ea1t \u0111\u1ed9ng ho\u00e0n h\u1ea3o trong su\u1ed1t s\u1ef1 ki\u1ec7n!\u201d<\/em><\/p>\n<h2>C\u00e2u h\u1ecfi th\u01b0\u1eddng g\u1eb7p<\/h2>\n<ul>\n<li><strong>Ph\u1ea1m vi s\u1eed d\u1ee5ng c\u1ee7a MIFARE Classic 1K Inlay l\u00e0 bao nhi\u00eau?<\/strong><br \/>\nPh\u1ea1m vi hi\u1ec7u qu\u1ea3 th\u01b0\u1eddng l\u00e0 kho\u1ea3ng 10 cm khi s\u1eed d\u1ee5ng c\u00e1c thi\u1ebft b\u1ecb \u0111\u1ecdc NFC th\u00f4ng th\u01b0\u1eddng.<\/li>\n<li><strong>T\u00f4i c\u00f3 th\u1ec3 t\u00f9y ch\u1ec9nh MIFARE Classic 1K Inlay kh\u00f4ng?<\/strong><br \/>\nC\u00f3, ph\u1ea7n kh\u1ea3m c\u00f3 th\u1ec3 \u0111\u01b0\u1ee3c in ho\u1eb7c m\u00e3 h\u00f3a b\u1eb1ng d\u1eef li\u1ec7u t\u00f9y ch\u1ec9nh, ph\u00f9 h\u1ee3p v\u1edbi nhi\u1ec1u \u1ee9ng d\u1ee5ng kh\u00e1c nhau.<\/li>\n<li><strong>Th\u1ebb MIFARE Classic 1K c\u00f3 ch\u1ed1ng th\u1ea5m n\u01b0\u1edbc kh\u00f4ng?<\/strong><br \/>\nM\u1eb7c d\u00f9 l\u1edbp kh\u1ea3m \u0111\u01b0\u1ee3c thi\u1ebft k\u1ebf \u0111\u1ec3 ch\u1ecbu \u0111\u01b0\u1ee3c \u0111i\u1ec1u ki\u1ec7n m\u00f4i tr\u01b0\u1eddng v\u1eeba ph\u1ea3i, nh\u01b0ng v\u1eabn n\u00ean tr\u00e1nh ti\u1ebfp x\u00fac l\u00e2u v\u1edbi n\u01b0\u1edbc \u0111\u1ec3 duy tr\u00ec ch\u1ee9c n\u0103ng t\u1ed1i \u01b0u.<\/li>\n<\/ul>","protected":false},"excerpt":{"rendered":"<p>Kh\u00e1m ph\u00e1 RFID MIFARE Classic 1K Inlay, m\u1ed9t gi\u1ea3i ph\u00e1p NFC \u0111a n\u0103ng c\u00f3 b\u1ed9 nh\u1edb 1K d\u00e0nh cho c\u00e1c \u1ee9ng d\u1ee5ng an to\u00e0n, kh\u00f4ng ti\u1ebfp x\u00fac trong nhi\u1ec1u m\u00f4i tr\u01b0\u1eddng kh\u00e1c nhau.<\/p>","protected":false},"featured_media":2671,"template":"","meta":{"_kad_post_transparent":"default","_kad_post_title":"","_kad_post_layout":"default","_kad_post_sidebar_id":"","_kad_post_content_style":"default","_kad_post_vertical_padding":"default","_kad_post_feature":"","_kad_post_feature_position":"","_kad_post_header":false,"_kad_post_footer":false,"_kad_post_classname":""},"product_brand":[],"product_cat":[189],"product_tag":[311,111,108],"class_list":{"0":"post-2665","1":"product","2":"type-product","3":"status-publish","4":"has-post-thumbnail","6":"product_cat-rfid-inlay","7":"product_tag-mifare-classic-1k-inlay","8":"product_tag-nfc-inlay","9":"product_tag-rfid-inlay","11":"first","12":"instock","13":"shipping-taxable","14":"product-type-simple","15":"entry","16":"content-bg","17":"loop-entry"},"_links":{"self":[{"href":"https:\/\/rfid-laundry-tag.com\/vi\/wp-json\/wp\/v2\/product\/2665","targetHints":{"allow":["GET"]}}],"collection":[{"href":"https:\/\/rfid-laundry-tag.com\/vi\/wp-json\/wp\/v2\/product"}],"about":[{"href":"https:\/\/rfid-laundry-tag.com\/vi\/wp-json\/wp\/v2\/types\/product"}],"version-history":[{"count":1,"href":"https:\/\/rfid-laundry-tag.com\/vi\/wp-json\/wp\/v2\/product\/2665\/revisions"}],"predecessor-version":[{"id":2670,"href":"https:\/\/rfid-laundry-tag.com\/vi\/wp-json\/wp\/v2\/product\/2665\/revisions\/2670"}],"wp:featuredmedia":[{"embeddable":true,"href":"https:\/\/rfid-laundry-tag.com\/vi\/wp-json\/wp\/v2\/media\/2671"}],"wp:attachment":[{"href":"https:\/\/rfid-laundry-tag.com\/vi\/wp-json\/wp\/v2\/media?parent=2665"}],"wp:term":[{"taxonomy":"product_brand","embeddable":true,"href":"https:\/\/rfid-laundry-tag.com\/vi\/wp-json\/wp\/v2\/product_brand?post=2665"},{"taxonomy":"product_cat","embeddable":true,"href":"https:\/\/rfid-laundry-tag.com\/vi\/wp-json\/wp\/v2\/product_cat?post=2665"},{"taxonomy":"product_tag","embeddable":true,"href":"https:\/\/rfid-laundry-tag.com\/vi\/wp-json\/wp\/v2\/product_tag?post=2665"}],"curies":[{"name":"wp","href":"https:\/\/api.w.org\/{rel}","templated":true}]}}