{"id":265,"date":"2024-06-21T15:26:22","date_gmt":"2024-06-21T15:26:22","guid":{"rendered":"https:\/\/rfid-laundry-tag.com\/?post_type=product&#038;p=265"},"modified":"2024-08-14T16:48:09","modified_gmt":"2024-08-14T16:48:09","slug":"uhf-rfid-sticker-nxp-u-code-9","status":"publish","type":"product","link":"https:\/\/rfid-laundry-tag.com\/vi\/uhf-rfid-sticker-nxp-u-code-9\/","title":{"rendered":"Nh\u00e3n d\u00e1n RFID UHF-NXP U CODE 9"},"content":{"rendered":"<h2>Nh\u00e3n d\u00e1n RFID UHF-NXP U CODE 9<\/h2>\n<p><span style=\"font-family: inherit; font-size: 24px; font-weight: bold;\">Nh\u00e3n d\u00e1n RFID UHF \u0111\u1ec3 theo d\u00f5i ngu\u1ed3n qu\u1ea3n l\u00fd h\u00e0ng t\u1ed3n kho<\/span><\/p>\n<div class=\"J_module\">\n<div class=\"ife-detail-decorate-table\">\n<table class=\"all magic-10\">\n<tbody>\n<tr>\n<td colspan=\"1\" rowspan=\"1\">\n<div class=\"magic-11\">Chip<\/div>\n<\/td>\n<td colspan=\"1\" rowspan=\"1\">\n<div class=\"magic-12\">M\u00e3 NXP U 9<\/div>\n<\/td>\n<\/tr>\n<tr>\n<td colspan=\"1\" rowspan=\"1\">\n<div class=\"magic-11\">T\u00ednh th\u01b0\u1eddng xuy\u00ean<\/div>\n<\/td>\n<td colspan=\"1\" rowspan=\"1\">\n<div class=\"magic-12\">860\uff5e960MHz<\/div>\n<\/td>\n<\/tr>\n<tr>\n<td colspan=\"1\" rowspan=\"1\">\n<div class=\"magic-11\">V\u1eadt li\u1ec7u<\/div>\n<\/td>\n<td colspan=\"1\" rowspan=\"1\">\n<div class=\"magic-12\">Gi\u1ea5y tr\u00e1ng\/ PET\/ Gi\u1ea5y t\u1ed5ng h\u1ee3p\/ Gi\u1ea5y nhi\u1ec7t\/ T\u00f9y ch\u1ec9nh<\/div>\n<\/td>\n<\/tr>\n<tr>\n<td colspan=\"1\" rowspan=\"1\">\n<div class=\"magic-11\">Ch\u1ebf \u0111\u1ed9 l\u00e0m vi\u1ec7c<\/div>\n<\/td>\n<td colspan=\"1\" rowspan=\"1\">\n<div class=\"magic-12\">Th\u1ee5 \u0111\u1ed9ng<\/div>\n<\/td>\n<\/tr>\n<tr>\n<td colspan=\"1\" rowspan=\"1\">\n<div class=\"magic-11\">Cu\u1ed9c s\u1ed1ng IC<\/div>\n<\/td>\n<td colspan=\"1\" rowspan=\"1\">\n<div class=\"magic-12\">100.000 chu k\u1ef3 l\u1eadp tr\u00ecnh, l\u01b0u tr\u1eef d\u1eef li\u1ec7u trong 10 n\u0103m<\/div>\n<\/td>\n<\/tr>\n<tr>\n<td colspan=\"1\" rowspan=\"1\">\n<div class=\"magic-11\">Nhi\u1ec7t \u0111\u1ed9\/\u0111\u1ed9 \u1ea9m ho\u1ea1t \u0111\u1ed9ng<\/div>\n<\/td>\n<td colspan=\"1\" rowspan=\"1\">\n<div class=\"magic-12\">-25~50\u2103\/20%~80% \u0111\u1ed9 \u1ea9m t\u01b0\u01a1ng \u0111\u1ed1i<\/div>\n<\/td>\n<\/tr>\n<tr>\n<td colspan=\"1\" rowspan=\"1\">\n<div class=\"magic-11\">Nhi\u1ec7t \u0111\u1ed9\/\u0111\u1ed9 \u1ea9m l\u01b0u tr\u1eef<\/div>\n<\/td>\n<td colspan=\"1\" rowspan=\"1\">\n<div class=\"magic-12\">+23\u00b0C\u00b15\u00b0C\/ 50%\u00b110% RH (Kh\u00f4ng ng\u01b0ng t\u1ee5).<\/div>\n<\/td>\n<\/tr>\n<tr>\n<td colspan=\"1\" rowspan=\"1\">\n<div class=\"magic-11\">\u0102ng-ten<\/div>\n<\/td>\n<td colspan=\"1\" rowspan=\"1\">\n<div class=\"magic-12\">Kh\u1eafc nh\u00f4m, 94,8*8,1mm<\/div>\n<\/td>\n<\/tr>\n<tr>\n<td colspan=\"1\" rowspan=\"1\">\n<div class=\"magic-11\">K\u00edch th\u01b0\u1edbc nh\u00e3n\/kh\u1ea3m \u01b0\u1edbt<\/div>\n<\/td>\n<td colspan=\"1\" rowspan=\"1\">\n<div class=\"magic-12\">98*15mm ho\u1eb7c t\u00f9y ch\u1ec9nh<\/div>\n<\/td>\n<\/tr>\n<tr>\n<td colspan=\"1\" rowspan=\"1\">\n<div class=\"magic-11\">In \u1ea5n<\/div>\n<\/td>\n<td colspan=\"1\" rowspan=\"1\">\n<div class=\"magic-12\">In \u0111\u1ea7y \u0111\u1ee7 m\u00e0u s\u1eafc, Logo, M\u00e3 v\u1ea1ch, M\u00e3 QR, v.v.<\/div>\n<\/td>\n<\/tr>\n<tr>\n<td colspan=\"1\" rowspan=\"1\">\n<div class=\"magic-11\">V\u1eadt m\u1eabu<\/div>\n<\/td>\n<td colspan=\"1\" rowspan=\"1\">\n<div class=\"magic-12\">M\u1eabu mi\u1ec5n ph\u00ed cho vi\u1ec7c ki\u1ec3m tra ch\u1ea5t l\u01b0\u1ee3ng c\u1ee7a b\u1ea1n<\/div>\n<\/td>\n<\/tr>\n<tr>\n<td colspan=\"1\" rowspan=\"1\">\n<div class=\"magic-11\">Giao th\u1ee9c<\/div>\n<\/td>\n<td colspan=\"1\" rowspan=\"1\">\n<div class=\"magic-12\">ISO\/IEC 18000-6C EPC L\u1edbp 1 Th\u1ebf h\u1ec7 2<\/div>\n<\/td>\n<\/tr>\n<tr>\n<td colspan=\"1\" rowspan=\"1\">\n<div class=\"magic-11\">Bao b\u00ec<\/div>\n<\/td>\n<td colspan=\"1\" rowspan=\"1\">\n<div class=\"magic-12\">1000-5000 c\u00e1i\/cu\u1ed9n, 4 cu\u1ed9n\/th\u00f9ng<\/div>\n<\/td>\n<\/tr>\n<tr>\n<td colspan=\"1\" rowspan=\"1\">\n<div class=\"magic-11\">N\u01a1i xu\u1ea5t x\u1ee9<\/div>\n<\/td>\n<td colspan=\"1\" rowspan=\"1\">\n<div class=\"magic-12\">Th\u00e0nh \u0110\u00f4, Trung Qu\u1ed1c<\/div>\n<\/td>\n<\/tr>\n<tr>\n<td colspan=\"1\" rowspan=\"4\">\n<div class=\"magic-11\">\u1ee8ng d\u1ee5ng\/Gi\u1ea3i ph\u00e1p<\/div>\n<\/td>\n<td colspan=\"1\" rowspan=\"1\">\n<div class=\"magic-12\">Ki\u1ec3m so\u00e1t nh\u1eadp h\u1ecdc an to\u00e0n\/Thanh to\u00e1n kh\u00f4ng d\u00f9ng ti\u1ec1n m\u1eb7t Ch\u01b0\u01a1ng tr\u00ecnh th\u00e0nh vi\u00ean v\u00e0 kh\u00e1ch h\u00e0ng th\u00e2n thi\u1ebft<\/div>\n<\/td>\n<\/tr>\n<tr>\n<td colspan=\"1\" rowspan=\"1\">\n<div class=\"magic-12\" data-spm-anchor-id=\"a2700.details.0.i80.59c943e8HVzkHD\">Ti\u1ebfp c\u1eadn s\u1ef1 ki\u1ec7n v\u00e0 x\u00e2y d\u1ef1ng th\u01b0\u01a1ng hi\u1ec7u\/Truy\u1ec1n th\u00f4ng x\u00e3 h\u1ed9i\/B\u00e1n l\u1ebb<\/div>\n<\/td>\n<\/tr>\n<tr>\n<td colspan=\"1\" rowspan=\"1\">\n<div class=\"magic-12\">M\u00f4i tr\u01b0\u1eddng\/Tr\u00f2 ch\u01a1i &amp; \u0110\u1ed3 ch\u01a1i \u0110\u1ecba \u0111i\u1ec3m\/\u0110i\u1ec7n t\u1eed\/Tri\u1ec3n l\u00e3m th\u01b0\u01a1ng m\u1ea1i<\/div>\n<\/td>\n<\/tr>\n<tr>\n<td colspan=\"1\" rowspan=\"1\">\n<div class=\"magic-12\">S\u1ef1 ki\u1ec7n\/Y\u00eau c\u1ea7u g\u1ecdi \u0111i\u1ec7n\/Danh thi\u1ebfp<\/div>\n<\/td>\n<\/tr>\n<\/tbody>\n<\/table>\n<p>&nbsp;<\/p>\n<\/div>\n<\/div>\n<div class=\"text-title\"><span class=\"magic-26\" style=\"color: #000000;\">Ch\u1ebf \u0111\u1ed9 d\u1ecbch v\u1ee5 h\u1ec7 th\u1ed1ng<\/span><\/div>\n<div class=\"text-content\" data-spm-anchor-id=\"a2700.details.0.i55.72f139f1jxVcfh\">Ch\u00fang t\u00f4i cung c\u1ea5p c\u00e1c gi\u1ea3i ph\u00e1p qu\u1ea3n l\u00fd th\u00f4ng minh d\u1ef1a tr\u00ean c\u00f4ng ngh\u1ec7 RFID, c\u00f3 th\u1ec3 gi\u00fap c\u00e1c c\u00f4ng ty qu\u1ea3n l\u00fd k\u1ef9 thu\u1eadt s\u1ed1 trong c\u00e1c l\u0129nh v\u1ef1c qu\u1ea3n l\u00fd t\u00e0i s\u1ea3n, cho thu\u00ea, kho b\u00e3i v\u00e0 h\u1eadu c\u1ea7n.<\/div>\n<div data-spm-anchor-id=\"a2700.details.0.i55.72f139f1jxVcfh\"><\/div>\n<div class=\"J_module\">\n<p>RFID Inlay l\u00e0 thu\u1eadt ng\u1eef \u0111\u1eb7c bi\u1ec7t d\u00e0nh cho ng\u00e0nh c\u00f4ng nghi\u1ec7p RFID, d\u00f9ng \u0111\u1ec3 ch\u1ec9 s\u1ea3n ph\u1ea9m \u0111\u01b0\u1ee3c c\u00e1n m\u1ecfng tr\u01b0\u1edbc bao g\u1ed3m nhi\u1ec1u l\u1edbp PVC ho\u1eb7c c\u00e1c v\u1eadt li\u1ec7u kh\u00e1c c\u00f3 ch\u1ee9a chip v\u00e0 cu\u1ed9n d\u00e2y. Sau c\u00e1c d\u1ea1ng \u0111\u00f3ng g\u00f3i kh\u00e1c nhau, c\u00f3 th\u1ec3 t\u1ea1o ra c\u00e1c lo\u1ea1i th\u1ebb RFID kh\u00e1c nhau. Inlay c\u00f3 th\u1ec3 hi\u1ec3u l\u00e0 s\u1ea3n ph\u1ea9m b\u00e1n th\u00e0nh ph\u1ea9m kh\u00f4ng c\u00f3 bao b\u00ec th\u1ebb RFID. Inlay RFID c\u00f3 th\u1ec3 \u0111\u01b0\u1ee3c chia th\u00e0nh inlay kh\u00f4 v\u00e0 inlay \u01b0\u1edbt. Inlay kh\u00f4 RFID kh\u00f4ng ch\u1ee9a keo d\u00e1n m\u1eb7t sau v\u00e0 c\u1ea5u tr\u00fac c\u1ee7a n\u00f3 l\u00e0 \u0103ng-ten + chip + g\u00f3i chip; Inlay \u01b0\u1edbt RFID ch\u1ee9a keo d\u00e1n m\u1eb7t sau, c\u00f3 th\u1ec3 g\u1eafn tr\u1ef1c ti\u1ebfp v\u00e0o v\u1eadt th\u1ec3. C\u1ea5u tr\u00fac l\u00e0 \u0103ng-ten + chip + g\u00f3i chip + PET + Keo + Gi\u1ea5y nh\u1ea3 Y\u00eau c\u1ea7u t\u1ea7n s\u1ed1: 869-915mhz-uhf \/ 13.56mhz-iso14443 \/ 13.56mhz-iso 15693. MIND c\u00f3 c\u00e1c k\u1ef9 thu\u1eadt vi\u00ean v\u00e0 cung c\u1ea5p d\u1ecbch v\u1ee5 thi\u1ebft k\u1ebf \u0103ng-ten \u0111\u1ec3 \u0111\u00e1p \u1ee9ng c\u00e1c y\u00eau c\u1ea7u kh\u00e1c nhau c\u1ee7a kh\u00e1ch h\u00e0ng.<\/p>\n<\/div>","protected":false},"excerpt":{"rendered":"<p>Nh\u00e3n d\u00e1n RFID UHF-NXP U CODE 9. Nh\u00e3n d\u00e1n RFID UHF ph\u00f9 h\u1ee3p v\u1edbi ti\u00eau chu\u1ea9n EPC C1G2 (ISO18000-6C), cho ph\u00e9p s\u1eed d\u1ee5ng ph\u1ed5 bi\u1ebfn do t\u1ea7n s\u1ed1 ho\u1ea1t \u0111\u1ed9ng 860-960MHz. M\u1ed7i nh\u00e3n d\u00e1n c\u00f3 m\u1ed9t ID ri\u00eang bi\u1ec7t v\u00e0 c\u00f3 th\u1ec3 ch\u1ee9a d\u1eef li\u1ec7u c\u00e1 nh\u00e2n. T\u00ednh n\u0103ng n\u00e0y cho ph\u00e9p \u1ee9ng d\u1ee5ng r\u1ed9ng r\u00e3i trong vi\u1ec7c qu\u1ea3n l\u00fd nhi\u1ec1u l\u0129nh v\u1ef1c kh\u00e1c nhau bao g\u1ed3m qu\u1ea7n \u00e1o, theo d\u00f5i h\u00e0nh l\u00fd s\u00e2n bay, h\u1eadu c\u1ea7n v\u00e0 qu\u1ea3n l\u00fd t\u00e0i s\u1ea3n.<\/p>","protected":false},"featured_media":267,"template":"","meta":{"_kad_post_transparent":"default","_kad_post_title":"","_kad_post_layout":"default","_kad_post_sidebar_id":"","_kad_post_content_style":"default","_kad_post_vertical_padding":"default","_kad_post_feature":"","_kad_post_feature_position":"","_kad_post_header":false,"_kad_post_footer":false,"_kad_post_classname":""},"product_brand":[],"product_cat":[54],"product_tag":[102],"class_list":{"0":"post-265","1":"product","2":"type-product","3":"status-publish","4":"has-post-thumbnail","6":"product_cat-hot-selling-rfid-tags","7":"product_tag-paper-uhf-rfid-sticker","9":"first","10":"instock","11":"shipping-taxable","12":"product-type-simple","13":"entry","14":"content-bg","15":"loop-entry"},"_links":{"self":[{"href":"https:\/\/rfid-laundry-tag.com\/vi\/wp-json\/wp\/v2\/product\/265","targetHints":{"allow":["GET"]}}],"collection":[{"href":"https:\/\/rfid-laundry-tag.com\/vi\/wp-json\/wp\/v2\/product"}],"about":[{"href":"https:\/\/rfid-laundry-tag.com\/vi\/wp-json\/wp\/v2\/types\/product"}],"version-history":[{"count":1,"href":"https:\/\/rfid-laundry-tag.com\/vi\/wp-json\/wp\/v2\/product\/265\/revisions"}],"predecessor-version":[{"id":1337,"href":"https:\/\/rfid-laundry-tag.com\/vi\/wp-json\/wp\/v2\/product\/265\/revisions\/1337"}],"wp:featuredmedia":[{"embeddable":true,"href":"https:\/\/rfid-laundry-tag.com\/vi\/wp-json\/wp\/v2\/media\/267"}],"wp:attachment":[{"href":"https:\/\/rfid-laundry-tag.com\/vi\/wp-json\/wp\/v2\/media?parent=265"}],"wp:term":[{"taxonomy":"product_brand","embeddable":true,"href":"https:\/\/rfid-laundry-tag.com\/vi\/wp-json\/wp\/v2\/product_brand?post=265"},{"taxonomy":"product_cat","embeddable":true,"href":"https:\/\/rfid-laundry-tag.com\/vi\/wp-json\/wp\/v2\/product_cat?post=265"},{"taxonomy":"product_tag","embeddable":true,"href":"https:\/\/rfid-laundry-tag.com\/vi\/wp-json\/wp\/v2\/product_tag?post=265"}],"curies":[{"name":"wp","href":"https:\/\/api.w.org\/{rel}","templated":true}]}}