{"id":2641,"date":"2024-09-22T15:06:11","date_gmt":"2024-09-22T15:06:11","guid":{"rendered":"https:\/\/rfid-laundry-tag.com\/?post_type=product&#038;p=2641"},"modified":"2024-09-22T15:36:05","modified_gmt":"2024-09-22T15:36:05","slug":"on-heavy-duty-nfc-tag-for-patrol","status":"publish","type":"product","link":"https:\/\/rfid-laundry-tag.com\/vi\/on-heavy-duty-nfc-tag-for-patrol\/","title":{"rendered":"Tr\u00ean Th\u1ebb NFC ch\u1ecbu l\u1ef1c cao cho tu\u1ea7n tra"},"content":{"rendered":"<p>Qu\u1ea3n l\u00fd tu\u1ea7n tra hi\u1ec7u qu\u1ea3 l\u00e0 r\u1ea5t quan tr\u1ecdng \u0111\u1ed1i v\u1edbi an ninh v\u00e0 ho\u1ea1t \u0111\u1ed9ng hi\u1ec7u qu\u1ea3 trong nhi\u1ec1u ng\u00e0nh c\u00f4ng nghi\u1ec7p nh\u01b0 t\u00f2a nh\u00e0, nh\u00e0 m\u00e1y v\u00e0 kho h\u00e0ng.\u00a0<strong>Tr\u00ean Th\u1ebb NFC ch\u1ecbu l\u1ef1c cao cho tu\u1ea7n tra<\/strong>\u00a0\u0111\u01b0\u1ee3c thi\u1ebft k\u1ebf \u0111\u1ec3 n\u00e2ng cao quy tr\u00ecnh gi\u00e1m s\u00e1t c\u1ee7a nh\u00e2n vi\u00ean tu\u1ea7n tra, \u0111\u1ea3m b\u1ea3o h\u1ed3 s\u01a1 to\u00e0n di\u1ec7n v\u00e0 tr\u00e1ch nhi\u1ec7m gi\u1ea3i tr\u00ecnh v\u00f4 song. C\u00f4ng ngh\u1ec7 ti\u00ean ti\u1ebfn n\u00e0y kh\u00f4ng ch\u1ec9 \u0111\u01a1n gi\u1ea3n h\u00f3a vi\u1ec7c theo d\u00f5i tu\u1ea7n tra m\u00e0 c\u00f2n t\u1ea1o ra m\u00f4i tr\u01b0\u1eddng thu\u1eadn l\u1ee3i cho s\u1ef1 an to\u00e0n v\u00e0 hi\u1ec7u qu\u1ea3 ho\u1ea1t \u0111\u1ed9ng.<\/p>\n<h2>\u00a0Gi\u1edbi thi\u1ec7u v\u1ec1 th\u1ebb NFC h\u1ea1ng n\u1eb7ng<\/h2>\n<p>Trong m\u1ed9t m\u00f4i tr\u01b0\u1eddng li\u00ean t\u1ee5c \u0111\u00f2i h\u1ecfi t\u00ednh tr\u00e1ch nhi\u1ec7m v\u00e0 \u0111\u1ed9 ch\u00ednh x\u00e1c,\u00a0<strong>Tr\u00ean Th\u1ebb NFC Ch\u1ecbu L\u1ef1c Cao<\/strong>\u00a0cung c\u1ea5p gi\u1ea3i ph\u00e1p \u0111\u00e1ng tin c\u1eady cho vi\u1ec7c qu\u1ea3n l\u00fd tu\u1ea7n tra. C\u00e1c th\u1ebb n\u00e0y cho ph\u00e9p ng\u01b0\u1eddi qu\u1ea3n l\u00fd v\u00e0 ng\u01b0\u1eddi l\u00e3nh \u0111\u1ea1o theo d\u00f5i c\u00e1c ho\u1ea1t \u0111\u1ed9ng tu\u1ea7n tra, \u0111\u1ea3m b\u1ea3o r\u1eb1ng m\u1ecdi b\u01b0\u1edbc \u0111\u1ec1u \u0111\u01b0\u1ee3c theo d\u00f5i v\u00e0 ghi l\u1ea1i ch\u00ednh x\u00e1c. B\u1eb1ng c\u00e1ch s\u1eed d\u1ee5ng\u00a0<strong>kim lo\u1ea1i NFC<\/strong>\u00a0c\u00f4ng ngh\u1ec7, c\u00e1c th\u1ebb n\u00e0y \u0111\u01b0\u1ee3c thi\u1ebft k\u1ebf \u0111\u1ec3 b\u00e1m d\u00ednh v\u00e0o c\u00e1c b\u1ec1 m\u1eb7t trong nh\u1eefng m\u00f4i tr\u01b0\u1eddng kh\u1eafc nghi\u1ec7t nh\u1ea5t.<\/p>\n<p>C\u00e1c\u00a0<strong>Th\u1ebb NFC<\/strong>\u00a0ph\u1ee5c v\u1ee5 nhi\u1ec1u ng\u00e0nh c\u00f4ng nghi\u1ec7p, gi\u00fap thu h\u1eb9p kho\u1ea3ng c\u00e1ch gi\u1eefa h\u1ec7 th\u1ed1ng theo d\u00f5i th\u1ee7 c\u00f4ng v\u00e0 quy tr\u00ecnh gi\u00e1m s\u00e1t t\u1ef1 \u0111\u1ed9ng, hi\u1ec7u qu\u1ea3. B\u1eb1ng c\u00e1ch t\u00edch h\u1ee3p c\u00f4ng ngh\u1ec7 ti\u00ean ti\u1ebfn nh\u01b0 v\u1eady v\u00e0o ho\u1ea1t \u0111\u1ed9ng b\u1ea3o m\u1eadt c\u1ee7a b\u1ea1n, b\u1ea1n c\u00f3 th\u1ec3 mong \u0111\u1ee3i m\u1ee9c \u0111\u1ed9 d\u1ecbch v\u1ee5 v\u00e0 hi\u1ec7u qu\u1ea3 v\u00f4 song.<\/p>\n<h2>C\u00e1c t\u00ednh n\u0103ng ch\u00ednh c\u1ee7a th\u1ebb NFC<\/h2>\n<p><strong>Tr\u00ean Th\u1ebb NFC Ch\u1ecbu L\u1ef1c Cao<\/strong>\u00a0bao g\u1ed3m m\u1ed9t s\u1ed1 t\u00ednh n\u0103ng ch\u00ednh gi\u00fap ch\u00fang n\u1ed5i b\u1eadt tr\u00ean th\u1ecb tr\u01b0\u1eddng:<\/p>\n<ul>\n<li><strong>K\u1ebft c\u1ea5u b\u1ec1n b\u1ec9:<\/strong>\u00a0\u0110\u01b0\u1ee3c thi\u1ebft k\u1ebf \u0111\u1ec3 s\u1eed d\u1ee5ng trong \u0111i\u1ec1u ki\u1ec7n kh\u1eafc nghi\u1ec7t, c\u00e1c th\u1ebb n\u00e0y c\u00f3 th\u1ec3 ch\u1ecbu \u0111\u01b0\u1ee3c \u0111i\u1ec1u ki\u1ec7n kh\u1eafc nghi\u1ec7t v\u00e0 \u0111\u01b0\u1ee3c thi\u1ebft k\u1ebf \u0111\u1ec3 g\u1eafn v\u00e0o b\u1ea5t k\u1ef3 b\u1ec1 m\u1eb7t kim lo\u1ea1i n\u00e0o. Thi\u1ebft k\u1ebf ch\u1eafc ch\u1eafn c\u1ee7a ch\u00fang c\u00f3 kh\u1ea3 n\u0103ng ch\u1ed1ng m\u00e0i m\u00f2n, \u0111\u1ea3m b\u1ea3o hi\u1ec7u su\u1ea5t l\u00e2u d\u00e0i.<\/li>\n<li><strong>C\u00f4ng ngh\u1ec7 NTAG ti\u00ean ti\u1ebfn:<\/strong>\u00a0Vi\u1ec7c k\u1ebft h\u1ee3p c\u1ee7a\u00a0<strong>ntag213<\/strong>\u00a0chip \u0111\u1ea3m b\u1ea3o t\u1ed1c \u0111\u1ed9 truy\u1ec1n d\u1eef li\u1ec7u nhanh v\u00e0 ho\u1ea1t \u0111\u1ed9ng hi\u1ec7u qu\u1ea3. V\u1edbi dung l\u01b0\u1ee3ng b\u1ed9 nh\u1edb 180 byte, th\u1ebb c\u00f3 kh\u1ea3 n\u0103ng l\u01b0u tr\u1eef d\u1eef li\u1ec7u c\u1ea7n thi\u1ebft \u0111\u1ec3 theo d\u00f5i hi\u1ec7u qu\u1ea3.<\/li>\n<li><strong>Kh\u1ea3 n\u0103ng t\u01b0\u01a1ng th\u00edch v\u1edbi b\u1ec1 m\u1eb7t kim lo\u1ea1i:<\/strong>\u00a0C\u00e1c\u00a0<strong>ch\u1ed1ng kim lo\u1ea1i<\/strong>\u00a0T\u00ednh n\u0103ng n\u00e0y cho ph\u00e9p c\u00e1c th\u1ebb n\u00e0y ho\u1ea1t \u0111\u1ed9ng hi\u1ec7u qu\u1ea3 khi \u0111\u01b0\u1ee3c \u0111\u1eb7t tr\u00ean b\u1ea5t k\u1ef3 b\u1ec1 m\u1eb7t kim lo\u1ea1i n\u00e0o, \u0111\u1ea3m b\u1ea3o \u0111\u1ed9 tin c\u1eady trong nhi\u1ec1u m\u00f4i tr\u01b0\u1eddng ho\u1ea1t \u0111\u1ed9ng kh\u00e1c nhau.<\/li>\n<\/ul>\n<h2>L\u1ee3i \u00edch c\u1ee7a vi\u1ec7c s\u1eed d\u1ee5ng th\u1ebb NFC trong ho\u1ea1t \u0111\u1ed9ng tu\u1ea7n tra<\/h2>\n<p>Th\u1ef1c hi\u1ec7n\u00a0<strong>NFC<\/strong>\u00a0c\u00f4ng ngh\u1ec7 trong ho\u1ea1t \u0111\u1ed9ng tu\u1ea7n tra mang l\u1ea1i nhi\u1ec1u l\u1ee3i th\u1ebf:<\/p>\n<ul>\n<li><strong>Theo d\u00f5i th\u1eddi gian th\u1ef1c:<\/strong>\u00a0Ng\u01b0\u1eddi qu\u1ea3n l\u00fd c\u00f3 th\u1ec3 quan s\u00e1t l\u1ed9 tr\u00ecnh v\u00e0 th\u1eddi gian tu\u1ea7n tra theo th\u1eddi gian th\u1ef1c, gi\u00fap t\u0103ng c\u01b0\u1eddng \u0111\u00e1ng k\u1ec3 c\u00e1c giao th\u1ee9c an ninh v\u00e0 \u0111\u1ea3m b\u1ea3o m\u1ecdi cu\u1ed9c tu\u1ea7n tra \u0111\u1ec1u \u0111\u01b0\u1ee3c ho\u00e0n th\u00e0nh \u0111\u00fang l\u1ecbch tr\u00ecnh.<\/li>\n<li><strong>L\u01b0u tr\u1eef h\u1ed3 s\u01a1 hi\u1ec7u qu\u1ea3:<\/strong>\u00a0C\u00e1c\u00a0<strong>Th\u1ebb NFC<\/strong>\u00a0cho ph\u00e9p ghi l\u1ea1i d\u1ec5 d\u00e0ng c\u00e1c ho\u1ea1t \u0111\u1ed9ng tu\u1ea7n tra, gi\u00fap gi\u1ea3m thi\u1ec3u l\u1ed7i c\u1ee7a con ng\u01b0\u1eddi v\u00e0 h\u1ee3p l\u00fd h\u00f3a c\u00e1c nhi\u1ec7m v\u1ee5 h\u00e0nh ch\u00ednh li\u00ean quan \u0111\u1ebfn b\u00e1o c\u00e1o.<\/li>\n<\/ul>\n<p>\u0110\u1ea7u t\u01b0 v\u00e0o\u00a0<strong>NFC tr\u00ean kim lo\u1ea1i<\/strong>\u00a0th\u1ebb gi\u00fap qu\u1ea3n l\u00fd t\u00e0i nguy\u00ean t\u1ed1t h\u01a1n v\u00e0 t\u0103ng c\u01b0\u1eddng c\u00e1c bi\u1ec7n ph\u00e1p \u1ee9ng ph\u00f3 b\u1ea3o m\u1eadt.<\/p>\n<h2>C\u00e1ch c\u00e0i \u0111\u1eb7t th\u1ebb NFC<\/h2>\n<p>C\u00e0i \u0111\u1eb7t\u00a0<strong>Tr\u00ean Th\u1ebb NFC Ch\u1ecbu L\u1ef1c Cao<\/strong>\u00a0r\u1ea5t \u0111\u01a1n gi\u1ea3n. \u0110\u00e2y l\u00e0 c\u00e1ch th\u1ef1c hi\u1ec7n:<\/p>\n<ol>\n<li><strong>Chu\u1ea9n b\u1ecb b\u1ec1 m\u1eb7t:<\/strong>\u00a0\u0110\u1ea3m b\u1ea3o b\u1ec1 m\u1eb7t kim lo\u1ea1i \u0111\u00e3 ch\u1ecdn s\u1ea1ch s\u1ebd, kh\u00f4ng c\u00f3 b\u1ee5i ho\u1eb7c h\u01a1i \u1ea9m \u0111\u1ec3 keo c\u00f3 \u0111\u1ed9 b\u00e1m d\u00ednh ch\u1eafc.<\/li>\n<li><strong>V\u1ecb tr\u00ed c\u1ee7a th\u1ebb:<\/strong>\u00a0X\u00e1c \u0111\u1ecbnh v\u1ecb tr\u00ed t\u1ed1i \u01b0u cho th\u1ebb. S\u1eed d\u1ee5ng\u00a0<strong>l\u1ed7 v\u00edt<\/strong>\u00a0n\u1ebfu c\u1ea7n gi\u1ea3i ph\u00e1p l\u00e2u d\u00e0i h\u01a1n ho\u1eb7c s\u1eed d\u1ee5ng l\u1edbp keo d\u00e1n ph\u00eda sau \u0111\u1ec3 d\u1ec5 d\u00e1n.<\/li>\n<li><strong>Ki\u1ec3m tra th\u1ebb:<\/strong>\u00a0Sau khi \u00e1p d\u1ee5ng, h\u00e3y \u0111\u1ea3m b\u1ea3o ki\u1ec3m tra ph\u1ea1m vi \u0111\u1ecdc v\u00e0 ch\u1ee9c n\u0103ng \u0111\u1ec3 \u0111\u1ea3m b\u1ea3o ho\u1ea1t \u0111\u1ed9ng b\u00ecnh th\u01b0\u1eddng.<\/li>\n<\/ol>\n<p>Vi\u1ec7c l\u1eafp \u0111\u1eb7t \u0111\u00fang c\u00e1ch s\u1ebd \u0111\u1ea3m b\u1ea3o tu\u1ed5i th\u1ecd v\u00e0 n\u00e2ng cao hi\u1ec7u qu\u1ea3 c\u1ee7a h\u1ec7 th\u1ed1ng qu\u1ea3n l\u00fd tu\u1ea7n tra.<\/p>\n<p><img fetchpriority=\"high\" decoding=\"async\" class=\"alignnone wp-image-2646\" src=\"https:\/\/rfid-laundry-tag.com\/wp-content\/uploads\/2024\/09\/7_H17fee47b9eae43d5a80c5a2bc6771f13t-300x300.jpg\" alt=\"NFC TAGS\" width=\"489\" height=\"489\" srcset=\"https:\/\/rfid-laundry-tag.com\/wp-content\/uploads\/2024\/09\/7_H17fee47b9eae43d5a80c5a2bc6771f13t-300x300.jpg 300w, https:\/\/rfid-laundry-tag.com\/wp-content\/uploads\/2024\/09\/7_H17fee47b9eae43d5a80c5a2bc6771f13t-150x150.jpg 150w, https:\/\/rfid-laundry-tag.com\/wp-content\/uploads\/2024\/09\/7_H17fee47b9eae43d5a80c5a2bc6771f13t-768x768.jpg 768w, https:\/\/rfid-laundry-tag.com\/wp-content\/uploads\/2024\/09\/7_H17fee47b9eae43d5a80c5a2bc6771f13t-12x12.jpg 12w, https:\/\/rfid-laundry-tag.com\/wp-content\/uploads\/2024\/09\/7_H17fee47b9eae43d5a80c5a2bc6771f13t-600x600.jpg 600w, https:\/\/rfid-laundry-tag.com\/wp-content\/uploads\/2024\/09\/7_H17fee47b9eae43d5a80c5a2bc6771f13t-100x100.jpg 100w, https:\/\/rfid-laundry-tag.com\/wp-content\/uploads\/2024\/09\/7_H17fee47b9eae43d5a80c5a2bc6771f13t.jpg 1000w\" sizes=\"(max-width: 489px) 100vw, 489px\" \/><\/p>\n<h2>Th\u00f4ng s\u1ed1 k\u1ef9 thu\u1eadt c\u1ee7a th\u1ebb NFC h\u1ea1ng n\u1eb7ng<\/h2>\n<p>D\u01b0\u1edbi \u0111\u00e2y l\u00e0 c\u00e1c th\u00f4ng s\u1ed1 k\u1ef9 thu\u1eadt quan tr\u1ecdng cho\u00a0<strong>Tr\u00ean Th\u1ebb NFC Ch\u1ecbu L\u1ef1c Cao<\/strong>:<\/p>\n<div>\n<div class=\"overflow-x-auto custom-scrollbar custom-scrollbar-wide mb-2\">\n<table class=\"w-fit !mb-2 !max-w-none\">\n<thead>\n<tr>\n<th style=\"text-align: left;\">T\u00ednh n\u0103ng<\/th>\n<th style=\"text-align: left;\">\u0110\u1eb7c \u0111i\u1ec3m k\u1ef9 thu\u1eadt<\/th>\n<\/tr>\n<\/thead>\n<tbody>\n<tr>\n<td>K\u00edch c\u1ee1<\/td>\n<td>25mm, 30mm<\/td>\n<\/tr>\n<tr>\n<td>Chip<\/td>\n<td>NTAG213<\/td>\n<\/tr>\n<tr>\n<td>T\u00ednh th\u01b0\u1eddng xuy\u00ean<\/td>\n<td>13,56MHz<\/td>\n<\/tr>\n<tr>\n<td>Giao th\u1ee9c<\/td>\n<td>Ti\u00eau chu\u1ea9n ISO\/IEC 14443A<\/td>\n<\/tr>\n<tr>\n<td>K\u00fd \u1ee9c<\/td>\n<td>180 byte<\/td>\n<\/tr>\n<tr>\n<td>Nhi\u1ec7t \u0111\u1ed9 ho\u1ea1t \u0111\u1ed9ng<\/td>\n<td>-20 \u0111\u1ebfn 65 \u0111\u1ed9 C<\/td>\n<\/tr>\n<tr>\n<td>Th\u1eddi gian d\u1eabn<\/td>\n<td>7 Ng\u00e0y L\u00e0m Vi\u1ec7c<\/td>\n<\/tr>\n<tr>\n<td>L\u01b0u gi\u1eef d\u1eef li\u1ec7u<\/td>\n<td>\u226510 n\u0103m<\/td>\n<\/tr>\n<tr>\n<td>Ph\u1ea1m vi \u0111\u1ecdc<\/td>\n<td>0-10cm<\/td>\n<\/tr>\n<\/tbody>\n<\/table>\n<\/div>\n<\/div>\n<p>Hi\u1ec3u \u0111\u01b0\u1ee3c c\u00e1c th\u00f4ng s\u1ed1 k\u1ef9 thu\u1eadt n\u00e0y gi\u00fap ng\u01b0\u1eddi d\u00f9ng x\u00e1c \u0111\u1ecbnh th\u1ebb t\u1ed1t nh\u1ea5t cho nhu c\u1ea7u c\u1ee5 th\u1ec3 c\u1ee7a h\u1ecd.<\/p>\n<h2>T\u00e1c \u0111\u1ed9ng m\u00f4i tr\u01b0\u1eddng c\u1ee7a th\u1ebb NFC<\/h2>\n<p>T\u00e1c \u0111\u1ed9ng m\u00f4i tr\u01b0\u1eddng c\u1ee7a vi\u1ec7c s\u1eed d\u1ee5ng\u00a0<strong>C\u00f4ng ngh\u1ec7 NFC<\/strong>\u00a0l\u00e0 m\u1ed1i quan t\u00e2m ng\u00e0y c\u00e0ng t\u0103ng. May m\u1eafn thay, c\u00e1c th\u1ebb n\u00e0y \u0111\u01b0\u1ee3c thi\u1ebft k\u1ebf v\u1edbi m\u1ee5c \u0111\u00edch th\u1ef1c h\u00e0nh b\u1ec1n v\u1eefng:<\/p>\n<ul>\n<li><strong>V\u1eadt li\u1ec7u s\u1eed d\u1ee5ng:<\/strong>\u00a0C\u00e1c v\u1eadt li\u1ec7u \u0111\u01b0\u1ee3c s\u1eed d\u1ee5ng trong s\u1ea3n xu\u1ea5t\u00a0<strong>kim lo\u1ea1i NFC<\/strong>\u00a0th\u1ebb \u0111\u01b0\u1ee3c l\u1ef1a ch\u1ecdn d\u1ef1a tr\u00ean \u0111\u1ed9 b\u1ec1n v\u00e0 kh\u1ea3 n\u0103ng t\u00e1i ch\u1ebf.<\/li>\n<li><strong>Gi\u1ea3m thi\u1ec3u ch\u1ea5t th\u1ea3i:<\/strong>\u00a0B\u1eb1ng c\u00e1ch lo\u1ea1i b\u1ecf nhu c\u1ea7u ghi ch\u00e9p b\u1eb1ng gi\u1ea5y v\u00e0 l\u01b0u tr\u1eef h\u1ed3 s\u01a1 th\u1ee7 c\u00f4ng, c\u00e1c t\u1ed5 ch\u1ee9c c\u00f3 th\u1ec3 gi\u1ea3m \u0111\u00e1ng k\u1ec3 l\u01b0\u1ee3ng gi\u1ea5y th\u1ea3i.<\/li>\n<\/ul>\n<p>\u00d4m \u1ea5p\u00a0<strong>Th\u1ebb NFC<\/strong>\u00a0kh\u00f4ng ch\u1ec9 t\u0103ng c\u01b0\u1eddng an ninh m\u00e0 c\u00f2n ph\u00f9 h\u1ee3p v\u1edbi c\u00e1c ho\u1ea1t \u0111\u1ed9ng th\u00e2n thi\u1ec7n v\u1edbi m\u00f4i tr\u01b0\u1eddng.<\/p>\n<h3>Tr\u1ea3i nghi\u1ec7m v\u00e0 \u0111\u00e1nh gi\u00e1 c\u1ee7a kh\u00e1ch h\u00e0ng<\/h3>\n<p>\u1ee8ng d\u1ee5ng th\u1ef1c t\u1ebf c\u1ee7a\u00a0<strong>Th\u1ebb NFC<\/strong>\u00a0c\u00f3 th\u1ec3 \u1ea3nh h\u01b0\u1edfng \u0111\u1ebfn quy\u1ebft \u0111\u1ecbnh mua h\u00e0ng. \u1ede \u0111\u00e2y, ch\u00fang t\u00f4i \u0111i s\u00e2u v\u00e0o l\u1eddi ch\u1ee9ng th\u1ef1c v\u00e0 tr\u1ea3i nghi\u1ec7m c\u1ee7a kh\u00e1ch h\u00e0ng.<\/p>\n<h2>C\u00e2u h\u1ecfi th\u01b0\u1eddng g\u1eb7p v\u1ec1 th\u1ebb NFC h\u1ea1ng n\u1eb7ng<\/h2>\n<p><strong>H: Nh\u1eefng th\u1ebb NFC n\u00e0y c\u00f3 th\u1ec3 s\u1eed d\u1ee5ng trong \u0111i\u1ec1u ki\u1ec7n r\u1ea5t n\u00f3ng ho\u1eb7c r\u1ea5t l\u1ea1nh kh\u00f4ng?<\/strong><br \/>\nA: C\u00f3, ph\u1ea1m vi nhi\u1ec7t \u0111\u1ed9 ho\u1ea1t \u0111\u1ed9ng t\u1eeb -20 \u0111\u1ebfn 65 \u0111\u1ed9 C khi\u1ebfn ch\u00fang ph\u00f9 h\u1ee3p v\u1edbi nhi\u1ec1u m\u00f4i tr\u01b0\u1eddng kh\u00e1c nhau.<\/p>\n<p><strong>H: D\u1eef li\u1ec7u tr\u00ean th\u1ebb s\u1ebd l\u01b0u tr\u1eef trong bao l\u00e2u?<\/strong><br \/>\nA: Th\u1eddi gian l\u01b0u gi\u1eef d\u1eef li\u1ec7u t\u1ed1i thi\u1ec3u l\u00e0 10 n\u0103m, \u0111\u1ea3m b\u1ea3o \u0111\u1ed9 tin c\u1eady l\u00e2u d\u00e0i.<\/p>\n<p>N\u1ebfu b\u1ea1n c\u00f2n th\u1eafc m\u1eafc, vui l\u00f2ng li\u00ean h\u1ec7 \u0111\u1ec3 \u0111\u01b0\u1ee3c gi\u1ea3i \u0111\u00e1p.<\/p>\n<p>T\u00f3m l\u1ea1i,\u00a0<strong>Tr\u00ean Th\u1ebb NFC ch\u1ecbu l\u1ef1c n\u1eb7ng cho tu\u1ea7n tra<\/strong>\u00a0l\u00e0 m\u1ed9t c\u00f4ng c\u1ee5 kh\u00f4ng th\u1ec3 thi\u1ebfu \u0111\u1ed1i v\u1edbi c\u00e1c t\u1ed5 ch\u1ee9c hi\u1ec7n \u0111\u1ea1i mu\u1ed1n n\u00e2ng cao ho\u1ea1t \u0111\u1ed9ng b\u1ea3o m\u1eadt v\u00e0 qu\u1ea3n l\u00fd c\u1ee7a m\u00ecnh. V\u1edbi c\u00f4ng ngh\u1ec7 ti\u00ean ti\u1ebfn, \u0111\u1ed9 b\u1ec1n v\u00e0 kh\u1ea3 n\u0103ng th\u00edch \u1ee9ng, c\u00e1c th\u1ebb n\u00e0y mang l\u1ea1i nh\u1eefng c\u1ea3i ti\u1ebfn \u0111\u00e1ng k\u1ec3 v\u1ec1 m\u1eb7t ho\u1ea1t \u0111\u1ed9ng.<\/p>","protected":false},"excerpt":{"rendered":"<p>N\u00e2ng cao hi\u1ec7u qu\u1ea3 tu\u1ea7n tra v\u1edbi Th\u1ebb NFC On Heavy Duty c\u1ee7a ch\u00fang t\u00f4i, \u0111\u01b0\u1ee3c thi\u1ebft k\u1ebf cho b\u1ec1 m\u1eb7t kim lo\u1ea1i. B\u1ec1n b\u1ec9, \u0111\u00e1ng tin c\u1eady v\u00e0 ho\u00e0n h\u1ea3o cho vi\u1ec7c qu\u1ea3n l\u00fd an ninh h\u1ee3p l\u00fd.<\/p>","protected":false},"featured_media":2642,"template":"","meta":{"_kad_post_transparent":"default","_kad_post_title":"","_kad_post_layout":"default","_kad_post_sidebar_id":"","_kad_post_content_style":"default","_kad_post_vertical_padding":"default","_kad_post_feature":"","_kad_post_feature_position":"","_kad_post_header":false,"_kad_post_footer":false,"_kad_post_classname":""},"product_brand":[],"product_cat":[54],"product_tag":[305,216,290],"class_list":{"0":"post-2641","1":"product","2":"type-product","3":"status-publish","4":"has-post-thumbnail","6":"product_cat-hot-selling-rfid-tags","7":"product_tag-heavy-duty-nfc-tags","8":"product_tag-nfc-patrol-tag","9":"product_tag-nfc-tag","11":"first","12":"instock","13":"shipping-taxable","14":"product-type-simple","15":"entry","16":"content-bg","17":"loop-entry"},"_links":{"self":[{"href":"https:\/\/rfid-laundry-tag.com\/vi\/wp-json\/wp\/v2\/product\/2641","targetHints":{"allow":["GET"]}}],"collection":[{"href":"https:\/\/rfid-laundry-tag.com\/vi\/wp-json\/wp\/v2\/product"}],"about":[{"href":"https:\/\/rfid-laundry-tag.com\/vi\/wp-json\/wp\/v2\/types\/product"}],"version-history":[{"count":1,"href":"https:\/\/rfid-laundry-tag.com\/vi\/wp-json\/wp\/v2\/product\/2641\/revisions"}],"predecessor-version":[{"id":2647,"href":"https:\/\/rfid-laundry-tag.com\/vi\/wp-json\/wp\/v2\/product\/2641\/revisions\/2647"}],"wp:featuredmedia":[{"embeddable":true,"href":"https:\/\/rfid-laundry-tag.com\/vi\/wp-json\/wp\/v2\/media\/2642"}],"wp:attachment":[{"href":"https:\/\/rfid-laundry-tag.com\/vi\/wp-json\/wp\/v2\/media?parent=2641"}],"wp:term":[{"taxonomy":"product_brand","embeddable":true,"href":"https:\/\/rfid-laundry-tag.com\/vi\/wp-json\/wp\/v2\/product_brand?post=2641"},{"taxonomy":"product_cat","embeddable":true,"href":"https:\/\/rfid-laundry-tag.com\/vi\/wp-json\/wp\/v2\/product_cat?post=2641"},{"taxonomy":"product_tag","embeddable":true,"href":"https:\/\/rfid-laundry-tag.com\/vi\/wp-json\/wp\/v2\/product_tag?post=2641"}],"curies":[{"name":"wp","href":"https:\/\/api.w.org\/{rel}","templated":true}]}}