{"id":2638,"date":"2024-09-22T14:53:50","date_gmt":"2024-09-22T14:53:50","guid":{"rendered":"https:\/\/rfid-laundry-tag.com\/?post_type=product&#038;p=2638"},"modified":"2024-09-22T14:53:51","modified_gmt":"2024-09-22T14:53:51","slug":"on-metal-nfc-screw-tag-for-checkpoint-security","status":"publish","type":"product","link":"https:\/\/rfid-laundry-tag.com\/vi\/on-metal-nfc-screw-tag-for-checkpoint-security\/","title":{"rendered":"Th\u1ebb v\u00edt NFC tr\u00ean kim lo\u1ea1i cho an ninh \u0111i\u1ec3m ki\u1ec3m tra"},"content":{"rendered":"<p><strong>Th\u1ebb v\u00edt NFC tr\u00ean kim lo\u1ea1i d\u00e0nh cho an ninh t\u1ea1i \u0111i\u1ec3m ki\u1ec3m tra:<\/strong>\u00a0\u0110\u1ea3m b\u1ea3o an ninh \u0111i\u1ec3m ki\u1ec3m tra m\u1ea1nh m\u1ebd v\u1edbi Th\u1ebb v\u00edt NFC On-Metal b\u1ec1n b\u1ec9 c\u1ee7a ch\u00fang t\u00f4i. \u0110\u01b0\u1ee3c x\u00e2y d\u1ef1ng v\u1edbi NTAG213 \u0111\u1ec3 truy\u1ec1n d\u1eef li\u1ec7u \u0111\u00e1ng tin c\u1eady tr\u00ean b\u1ec1 m\u1eb7t kim lo\u1ea1i, n\u00f3 t\u00edch h\u1ee3p li\u1ec1n m\u1ea1ch v\u00e0o c\u00e1c giao th\u1ee9c b\u1ea3o m\u1eadt c\u1ee7a b\u1ea1n, cung c\u1ea5p quy\u1ec1n truy c\u1eadp nhanh v\u00e0 theo d\u00f5i th\u1eddi gian th\u1ef1c \u0111\u1ec3 t\u0103ng c\u01b0\u1eddng an to\u00e0n v\u00e0 hi\u1ec7u qu\u1ea3.<\/p>\n<h2>T\u00ednh n\u0103ng c\u1ee7a Th\u1ebb v\u00edt NFC On-Metal<\/h2>\n<p>C\u00e1c\u00a0<strong>Th\u1ebb v\u00edt NFC tr\u00ean kim lo\u1ea1i<\/strong>\u00a0\u0111\u01b0\u1ee3c thi\u1ebft k\u1ebf v\u1edbi m\u1ed9t s\u1ed1 t\u00ednh n\u0103ng \u0111\u00e1ng ch\u00fa \u00fd gi\u00fap n\u00f3 tr\u1edf th\u00e0nh m\u1ed9t gi\u1ea3i ph\u00e1p \u0111a n\u0103ng:<\/p>\n<ul>\n<li><strong>\u0110\u1ed9 b\u1ec1n<\/strong>: \u0110\u01b0\u1ee3c x\u00e2y d\u1ef1ng v\u1edbi m\u1ed9t\u00a0<strong>V\u1ecf ABS<\/strong>\u00a0c\u00f3 th\u1ec3 ch\u1ecbu \u0111\u01b0\u1ee3c m\u00f4i tr\u01b0\u1eddng kh\u1eafc nghi\u1ec7t, th\u1ebb n\u00e0y c\u00f3 kh\u1ea3 n\u0103ng ch\u1ed1ng b\u1ee5i, n\u01b0\u1edbc v\u00e0 \u0103n m\u00f2n h\u00f3a h\u1ecdc, \u0111\u1ea1t \u0111\u01b0\u1ee3c\u00a0<strong>IP67<\/strong>\u00a0m\u1ee9c \u0111\u1ed9 b\u1ea3o v\u1ec7.<\/li>\n<li><strong>Hi\u1ec7u su\u1ea5t cao<\/strong>: Th\u1ebb s\u1eed d\u1ee5ng\u00a0<strong>NTAG213<\/strong>\u00a0c\u00f4ng ngh\u1ec7 h\u1ed7 tr\u1ee3 t\u1ed1c \u0111\u1ed9 \u0111\u1ecdc nhanh, v\u1edbi t\u1ed1c \u0111\u1ed9 truy\u1ec1n d\u1eef li\u1ec7u l\u00ean t\u1edbi\u00a0<strong>106 kbit\/gi\u00e2y<\/strong>, cho ph\u00e9p ho\u1ea1t \u0111\u1ed9ng hi\u1ec7u qu\u1ea3 trong m\u00f4i tr\u01b0\u1eddng b\u1eadn r\u1ed9n.<\/li>\n<li><strong>C\u00f4ng ngh\u1ec7 ch\u1ed1ng kim lo\u1ea1i<\/strong>: C\u00e1c\u00a0<strong>ch\u1ed1ng kim lo\u1ea1i<\/strong>\u00a0Ch\u1ee9c n\u0103ng n\u00e0y \u0111\u1ea3m b\u1ea3o th\u1ebb ho\u1ea1t \u0111\u1ed9ng hi\u1ec7u qu\u1ea3 ngay c\u1ea3 khi g\u1eafn v\u00e0o b\u1ec1 m\u1eb7t kim lo\u1ea1i, th\u01b0\u1eddng g\u00e2y nhi\u1ec5u t\u00edn hi\u1ec7u NFC.<\/li>\n<\/ul>\n<p>Nh\u1eefng t\u00ednh n\u0103ng n\u00e0y l\u00e0m cho Th\u1ebb v\u00edt NFC tr\u00ean kim lo\u1ea1i tr\u1edf n\u00ean l\u00fd t\u01b0\u1edfng cho c\u00e1c \u1ee9ng d\u1ee5ng trong h\u1eadu c\u1ea7n, ki\u1ec3m so\u00e1t ch\u1ea5m c\u00f4ng v\u00e0 c\u00e1c ng\u00e0nh c\u00f4ng nghi\u1ec7p kh\u00e1c, n\u01a1i \u0111\u1ed9 b\u1ec1n v\u00e0 hi\u1ec7u su\u1ea5t l\u00e0 t\u1ed1i quan tr\u1ecdng.<\/p>\n<h2>Th\u00f4ng s\u1ed1 k\u1ef9 thu\u1eadt<\/h2>\n<div>\n<div class=\"overflow-x-auto custom-scrollbar custom-scrollbar-wide mb-2\">\n<table class=\"w-fit !mb-2 !max-w-none\">\n<thead>\n<tr>\n<th>\u0110\u1eb7c \u0111i\u1ec3m k\u1ef9 thu\u1eadt<\/th>\n<th>Chi ti\u1ebft<\/th>\n<\/tr>\n<\/thead>\n<tbody>\n<tr>\n<td><strong>Chip<\/strong><\/td>\n<td>NTAG213<\/td>\n<\/tr>\n<tr>\n<td><strong>K\u00fd \u1ee9c<\/strong><\/td>\n<td>144\/504\/888\/1K byte<\/td>\n<\/tr>\n<tr>\n<td><strong>Giao th\u1ee9c<\/strong><\/td>\n<td>Ti\u00eau chu\u1ea9n ISO14443A<\/td>\n<\/tr>\n<tr>\n<td><strong>T\u00ednh th\u01b0\u1eddng xuy\u00ean<\/strong><\/td>\n<td>13,56MHz<\/td>\n<\/tr>\n<tr>\n<td><strong>T\u00f9y ch\u1ecdn m\u00e0u s\u1eafc<\/strong><\/td>\n<td>\u0110en, Tr\u1eafng, V\u00e0ng<\/td>\n<\/tr>\n<tr>\n<td><strong>\u0110\u01b0\u1eddng k\u00ednh<\/strong><\/td>\n<td>25\/30\/35\/40\/52 mm (c\u00f3 s\u1eb5n k\u00edch th\u01b0\u1edbc t\u00f9y ch\u1ec9nh)<\/td>\n<\/tr>\n<tr>\n<td><strong>\u0110\u1ed9 d\u00e0y<\/strong><\/td>\n<td>5mm<\/td>\n<\/tr>\n<tr>\n<td><strong>C\u00e2n n\u1eb7ng<\/strong><\/td>\n<td>3g<\/td>\n<\/tr>\n<tr>\n<td><strong>Nhi\u1ec7t \u0111\u1ed9 ho\u1ea1t \u0111\u1ed9ng<\/strong><\/td>\n<td>-25\u00b0C \u0111\u1ebfn 70\u00b0C<\/td>\n<\/tr>\n<tr>\n<td><strong>Kh\u1ea3 n\u0103ng x\u00f3a<\/strong><\/td>\n<td>&gt; 100.000 l\u1ea7n x\u00f3a<\/td>\n<\/tr>\n<tr>\n<td><strong>Kho\u1ea3ng c\u00e1ch \u0111\u1ecdc<\/strong><\/td>\n<td>2-20 cm (t\u00f9y thu\u1ed9c v\u00e0o m\u00f4i tr\u01b0\u1eddng)<\/td>\n<\/tr>\n<\/tbody>\n<\/table>\n<\/div>\n<\/div>\n<p>\u0110\u01b0\u1ee3c trang b\u1ecb nh\u1eefng kh\u1ea3 n\u0103ng n\u00e0y, Th\u1ebb v\u00edt NFC On-Metal l\u00e0 m\u1ed9t c\u00f4ng c\u1ee5 m\u1ea1nh m\u1ebd cho nhi\u1ec1u m\u1ee5c \u0111\u00edch kh\u00e1c nhau\u00a0<strong>\u1ee8ng d\u1ee5ng NFC<\/strong>.<\/p>\n<h2>\u1ee8ng d\u1ee5ng trong c\u00e1c ng\u00e0nh c\u00f4ng nghi\u1ec7p kh\u00e1c nhau<\/h2>\n<p>T\u00ednh linh ho\u1ea1t c\u1ee7a Th\u1ebb v\u00edt NFC tr\u00ean kim lo\u1ea1i cho ph\u00e9p n\u00f3 \u0111\u01b0\u1ee3c s\u1eed d\u1ee5ng trong nhi\u1ec1u l\u0129nh v\u1ef1c:<\/p>\n<ul>\n<li><strong>Ki\u1ec3m so\u00e1t truy c\u1eadp<\/strong>: D\u1ec5 d\u00e0ng qu\u1ea3n l\u00fd c\u00e1c \u0111i\u1ec3m v\u00e0o \u1edf nh\u1eefng v\u1ecb tr\u00ed an to\u00e0n b\u1eb1ng c\u00e1ch \u0111\u00ednh k\u00e8m\u00a0<strong>Th\u1ebb NFC<\/strong>\u00a0\u0111\u1ebfn c\u1eeda ra v\u00e0o ho\u1eb7c c\u1ed5ng. C\u00e1c th\u1ebb c\u00f3 th\u1ec3 \u0111\u01b0\u1ee3c li\u00ean k\u1ebft v\u1edbi h\u1ed3 s\u01a1 ng\u01b0\u1eddi d\u00f9ng \u0111\u1ec3 x\u00e1c th\u1ef1c li\u1ec1n m\u1ea1ch.<\/li>\n<li><strong>Qu\u1ea3n l\u00fd h\u1eadu c\u1ea7n v\u00e0 h\u00e0ng t\u1ed3n kho<\/strong>: \u0110\u01a1n gi\u1ea3n h\u00f3a vi\u1ec7c theo d\u00f5i h\u00e0ng h\u00f3a b\u1eb1ng c\u00e1ch g\u1eafn th\u1ebb v\u00e0o c\u00e1c th\u00f9ng kim lo\u1ea1i. \u0110\u1ed9 b\u1ec1n c\u1ee7a c\u00e1c th\u1ebb n\u00e0y \u0111\u1ea3m b\u1ea3o ch\u00fang ch\u1ecbu \u0111\u01b0\u1ee3c s\u1ef1 kh\u1eafc nghi\u1ec7t c\u1ee7a qu\u00e1 tr\u00ecnh s\u1ea3n xu\u1ea5t v\u00e0 v\u1eadn chuy\u1ec3n.<\/li>\n<li><strong>Giao th\u00f4ng c\u00f4ng c\u1ed9ng<\/strong>:N\u00e2ng cao tr\u1ea3i nghi\u1ec7m c\u1ee7a ng\u01b0\u1eddi d\u00f9ng b\u1eb1ng c\u00e1ch s\u1eed d\u1ee5ng th\u1ebb NFC On-Metal cho h\u1ec7 th\u1ed1ng b\u00e1n v\u00e9, cho ph\u00e9p h\u00e0nh kh\u00e1ch ki\u1ec3m tra tr\u1ea1ng th\u00e1i ho\u1eb7c n\u1ea1p ti\u1ec1n v\u00e0o t\u00e0i kho\u1ea3n d\u1ec5 d\u00e0ng.<\/li>\n<\/ul>\n<p>B\u1eb1ng c\u00e1ch tri\u1ec3n khai c\u00e1c th\u1ebb n\u00e0y, c\u00e1c c\u00f4ng ty c\u00f3 th\u1ec3 h\u1ee3p l\u00fd h\u00f3a ho\u1ea1t \u0111\u1ed9ng v\u00e0 c\u1ea3i thi\u1ec7n \u0111\u00e1ng k\u1ec3 vi\u1ec7c cung c\u1ea5p d\u1ecbch v\u1ee5.<\/p>\n<h2>\u01afu \u0111i\u1ec3m c\u1ee7a vi\u1ec7c s\u1eed d\u1ee5ng NTAG213, NTAG215 v\u00e0 NTAG216<\/h2>\n<p>C\u00e1c chip NTAG213, NTAG215 v\u00e0 NTAG216 c\u1ee7a NXP Semiconductors mang l\u1ea1i nh\u1eefng l\u1ee3i th\u1ebf ri\u00eang bi\u1ec7t:<\/p>\n<ol>\n<li><strong>Ph\u00e2n \u0111o\u1ea1n<\/strong>:Ng\u01b0\u1eddi d\u00f9ng c\u00f3 th\u1ec3 ph\u00e2n \u0111o\u1ea1n b\u1ed9 nh\u1edb cho nhi\u1ec1u \u1ee9ng d\u1ee5ng, gi\u00fap c\u00e1c th\u1ebb c\u00f3 ch\u1ee9c n\u0103ng linh ho\u1ea1t.<\/li>\n<li><strong>T\u00ednh n\u0103ng b\u1ea3o m\u1eadt<\/strong>: \u0110\u01b0\u1ee3c trang b\u1ecb\u00a0<em><strong>Ch\u1eef k\u00fd g\u1ed1c d\u1ef1a tr\u00ean ECC<\/strong><\/em>\u00a0V\u00e0\u00a0<strong>b\u1ea3o v\u1ec7 m\u1eadt kh\u1ea9u<\/strong>, c\u00e1c th\u1ebb n\u00e0y b\u1ea3o v\u1ec7 d\u1eef li\u1ec7u kh\u1ecfi s\u1ef1 truy c\u1eadp tr\u00e1i ph\u00e9p v\u00e0 \u0111\u1ea3m b\u1ea3o t\u00ednh to\u00e0n v\u1eb9n.<\/li>\n<li><strong>C\u00f4ng su\u1ea5t v\u00e0 hi\u1ec7u su\u1ea5t cao<\/strong>:C\u00e1c t\u00f9y ch\u1ecdn b\u1ed9 nh\u1edb m\u1edf r\u1ed9ng l\u00e0m cho n\u00f3 ph\u00f9 h\u1ee3p v\u1edbi c\u00e1c \u1ee9ng d\u1ee5ng y\u00eau c\u1ea7u l\u01b0u tr\u1eef d\u1eef li\u1ec7u l\u1edbn trong khi v\u1eabn duy tr\u00ec kh\u1ea3 n\u0103ng \u0111\u1ecdc nhanh.<\/li>\n<\/ol>\n<p>Nh\u1eefng l\u1ee3i th\u1ebf n\u00e0y cho ph\u00e9p doanh nghi\u1ec7p t\u00f9y ch\u1ec9nh c\u00e1c gi\u1ea3i ph\u00e1p c\u1ee7a m\u00ecnh theo nhu c\u1ea7u ho\u1ea1t \u0111\u1ed9ng c\u1ee5 th\u1ec3.<\/p>\n<h2>H\u01b0\u1edbng d\u1eabn c\u00e0i \u0111\u1eb7t v\u00e0 s\u1eed d\u1ee5ng<\/h2>\n<p>Vi\u1ec7c l\u1eafp \u0111\u1eb7t Th\u1ebb v\u00edt NFC tr\u00ean kim lo\u1ea1i r\u1ea5t \u0111\u01a1n gi\u1ea3n:<\/p>\n<ol>\n<li><strong>Ch\u1ecdn m\u1ed9t v\u1ecb tr\u00ed<\/strong>: Ch\u1ecdn m\u1ed9t b\u1ec1 m\u1eb7t ph\u1eb3ng tr\u00ean v\u1eadt kim lo\u1ea1i n\u01a1i th\u1ebb s\u1ebd \u0111\u01b0\u1ee3c \u0111\u1eb7t. \u0110\u1ea3m b\u1ea3o\u00a0<strong>b\u1ec1 m\u1eb7t<\/strong>\u00a0s\u1ea1ch v\u00e0 kh\u00f4.<\/li>\n<li><strong>C\u1ed1 \u0111\u1ecbnh b\u1eb1ng v\u00edt<\/strong>: S\u1eed d\u1ee5ng v\u00edt th\u00f4ng qua \u0111\u01b0\u1ee3c cung c\u1ea5p\u00a0<em>l\u1ed7 v\u00edt<\/em>\u00a0tr\u00ean nh\u00e3n \u0111\u1ec3 g\u1eafn c\u1ed1 \u0111\u1ecbnh.<\/li>\n<li><strong>T\u00f9y ch\u1ecdn keo d\u00e1n<\/strong>:Ngo\u00e0i ra, b\u1ea1n c\u00f3 th\u1ec3 g\u1eafn th\u1ebb b\u1eb1ng keo d\u00e1n ch\u1eafc ch\u1eafn n\u1ebfu mu\u1ed1n.<\/li>\n<\/ol>\n<p>Sau khi l\u1eafp \u0111\u1eb7t, th\u1ebb c\u00f3 th\u1ec3 \u0111\u01b0\u1ee3c qu\u00e9t d\u1ec5 d\u00e0ng b\u1eb1ng c\u00e1c thi\u1ebft b\u1ecb t\u01b0\u01a1ng th\u00edch c\u00f3 ch\u1ee9c n\u0103ng NFC, cho ph\u00e9p truy c\u1eadp ngay v\u00e0o th\u00f4ng tin \u0111\u01b0\u1ee3c l\u01b0u tr\u1eef tr\u00ean th\u1ebb.<\/p>\n<h2>C\u00e2u h\u1ecfi th\u01b0\u1eddng g\u1eb7p v\u1ec1 Th\u1ebb NFC On-Metal<\/h2>\n<p><strong>H: Th\u1ebb v\u00edt NFC tr\u00ean kim lo\u1ea1i c\u00f3 th\u1ec3 ho\u1ea1t \u0111\u1ed9ng tr\u00ean m\u1ecdi b\u1ec1 m\u1eb7t kim lo\u1ea1i kh\u00f4ng?<\/strong><br \/>\nA: V\u00e2ng, nh\u1edd v\u00e0o t\u00ednh chuy\u00ean bi\u1ec7t c\u1ee7a n\u00f3\u00a0<strong>c\u00f4ng ngh\u1ec7 ch\u1ed1ng kim lo\u1ea1i<\/strong>, th\u1ebb ho\u1ea1t \u0111\u1ed9ng hi\u1ec7u qu\u1ea3 tr\u00ean nhi\u1ec1u b\u1ec1 m\u1eb7t kim lo\u1ea1i kh\u00e1c nhau m\u00e0 kh\u00f4ng b\u1ecb nhi\u1ec5u.<\/p>\n<p><strong>H: L\u00e0m th\u1ebf n\u00e0o \u0111\u1ec3 l\u1eadp tr\u00ecnh ho\u1eb7c ghi d\u1eef li\u1ec7u v\u00e0o th\u1ebb NTAG213?<\/strong><br \/>\nA: C\u00f3 th\u1ec3 l\u1eadp tr\u00ecnh b\u1eb1ng c\u00e1c thi\u1ebft b\u1ecb h\u1ed7 tr\u1ee3 NFC t\u01b0\u01a1ng th\u00edch v\u1edbi \u1ee9ng d\u1ee5ng ph\u00f9 h\u1ee3p. \u0110\u1ed1i v\u1edbi c\u00e1c \u1ee9ng d\u1ee5ng ph\u1ee9c t\u1ea1p h\u01a1n, h\u00e3y c\u00e2n nh\u1eafc s\u1eed d\u1ee5ng ph\u1ea7n m\u1ec1m ghi NFC chuy\u00ean d\u1ee5ng.<\/p>\n<p><strong>H: Ph\u1ea1m vi nhi\u1ec7t \u0111\u1ed9 ho\u1ea1t \u0111\u1ed9ng c\u1ee7a c\u00e1c th\u1ebb n\u00e0y l\u00e0 bao nhi\u00eau?<\/strong><br \/>\nA: C\u00e1c th\u1ebb ho\u1ea1t \u0111\u1ed9ng hi\u1ec7u qu\u1ea3 \u1edf nhi\u1ec7t \u0111\u1ed9 t\u1eeb\u00a0<strong>-25\u00b0C \u0111\u1ebfn 70\u00b0C<\/strong>.<\/p>\n<h2>Nh\u1eefng c\u00e2n nh\u1eafc v\u1ec1 m\u00f4i tr\u01b0\u1eddng<\/h2>\n<p>C\u00e1c\u00a0<strong>Th\u1ebb v\u00edt NFC tr\u00ean kim lo\u1ea1i<\/strong>\u00a0\u0111\u01b0\u1ee3c thi\u1ebft k\u1ebf v\u1edbi t\u00ednh b\u1ec1n v\u1eefng. C\u1ea5u tr\u00fac ch\u1eafc ch\u1eafn c\u1ee7a n\u00f3 gi\u00fap gi\u1ea3m thi\u1ec3u nhu c\u1ea7u thay th\u1ebf, gi\u1ea3m ch\u1ea5t th\u1ea3i. H\u01a1n n\u1eefa, khi \u0111\u01b0\u1ee3c x\u1eed l\u00fd \u0111\u00fang c\u00e1ch, c\u00e1c th\u00e0nh ph\u1ea7n \u0111\u01b0\u1ee3c s\u1eed d\u1ee5ng trong s\u1ea3n xu\u1ea5t c\u00e1c th\u1ebb n\u00e0y c\u00f3 th\u1ec3 t\u00e1i ch\u1ebf.<\/p>","protected":false},"excerpt":{"rendered":"<p>N\u00e2ng cao ho\u1ea1t \u0111\u1ed9ng c\u1ee7a b\u1ea1n v\u1edbi Th\u1ebb v\u00edt NFC On-Metal. B\u1ec1n b\u1ec9, \u0111a n\u0103ng v\u00e0 \u0111\u01b0\u1ee3c trang b\u1ecb c\u00f4ng ngh\u1ec7 NFC \u0111\u1ec3 truy\u1ec1n d\u1eef li\u1ec7u li\u1ec1n m\u1ea1ch tr\u00ean b\u1ec1 m\u1eb7t kim lo\u1ea1i.<\/p>","protected":false},"featured_media":2639,"template":"","meta":{"_kad_post_transparent":"default","_kad_post_title":"","_kad_post_layout":"default","_kad_post_sidebar_id":"","_kad_post_content_style":"default","_kad_post_vertical_padding":"default","_kad_post_feature":"","_kad_post_feature_position":"","_kad_post_header":false,"_kad_post_footer":false,"_kad_post_classname":""},"product_brand":[],"product_cat":[54],"product_tag":[305,216,304],"class_list":{"0":"post-2638","1":"product","2":"type-product","3":"status-publish","4":"has-post-thumbnail","6":"product_cat-hot-selling-rfid-tags","7":"product_tag-heavy-duty-nfc-tags","8":"product_tag-nfc-patrol-tag","9":"product_tag-nfc-screw-tag","11":"first","12":"instock","13":"shipping-taxable","14":"product-type-simple","15":"entry","16":"content-bg","17":"loop-entry"},"_links":{"self":[{"href":"https:\/\/rfid-laundry-tag.com\/vi\/wp-json\/wp\/v2\/product\/2638","targetHints":{"allow":["GET"]}}],"collection":[{"href":"https:\/\/rfid-laundry-tag.com\/vi\/wp-json\/wp\/v2\/product"}],"about":[{"href":"https:\/\/rfid-laundry-tag.com\/vi\/wp-json\/wp\/v2\/types\/product"}],"version-history":[{"count":1,"href":"https:\/\/rfid-laundry-tag.com\/vi\/wp-json\/wp\/v2\/product\/2638\/revisions"}],"predecessor-version":[{"id":2640,"href":"https:\/\/rfid-laundry-tag.com\/vi\/wp-json\/wp\/v2\/product\/2638\/revisions\/2640"}],"wp:featuredmedia":[{"embeddable":true,"href":"https:\/\/rfid-laundry-tag.com\/vi\/wp-json\/wp\/v2\/media\/2639"}],"wp:attachment":[{"href":"https:\/\/rfid-laundry-tag.com\/vi\/wp-json\/wp\/v2\/media?parent=2638"}],"wp:term":[{"taxonomy":"product_brand","embeddable":true,"href":"https:\/\/rfid-laundry-tag.com\/vi\/wp-json\/wp\/v2\/product_brand?post=2638"},{"taxonomy":"product_cat","embeddable":true,"href":"https:\/\/rfid-laundry-tag.com\/vi\/wp-json\/wp\/v2\/product_cat?post=2638"},{"taxonomy":"product_tag","embeddable":true,"href":"https:\/\/rfid-laundry-tag.com\/vi\/wp-json\/wp\/v2\/product_tag?post=2638"}],"curies":[{"name":"wp","href":"https:\/\/api.w.org\/{rel}","templated":true}]}}