{"id":2587,"date":"2024-09-20T13:25:42","date_gmt":"2024-09-20T13:25:42","guid":{"rendered":"https:\/\/rfid-laundry-tag.com\/?post_type=product&#038;p=2587"},"modified":"2024-09-20T14:18:31","modified_gmt":"2024-09-20T14:18:31","slug":"rfid-chips-for-uniform-and-linen","status":"publish","type":"product","link":"https:\/\/rfid-laundry-tag.com\/vi\/rfid-chips-for-uniform-and-linen\/","title":{"rendered":"Chip RFID cho \u0111\u1ed3ng ph\u1ee5c v\u00e0 v\u1ea3i lanh"},"content":{"rendered":"<div>\n<div class=\"auto-hide-last-sibling-br paragraph_1252f paragraph-element\">\n<table width=\"637\">\n<tbody>\n<tr>\n<td width=\"328\"><strong>T\u00ean s\u1ea3n ph\u1ea9m:<\/strong><\/td>\n<td width=\"309\"><strong>Chip RFID cho \u0111\u1ed3ng ph\u1ee5c v\u00e0 v\u1ea3i lanh<\/strong><\/td>\n<\/tr>\n<tr>\n<td width=\"328\">Ti\u00eau chu\u1ea9n RFID:<\/td>\n<td width=\"309\">ISO\/IEC 18000-6 Lo\u1ea1i C (EPC Gen2)<\/td>\n<\/tr>\n<tr>\n<td width=\"328\">K\u00edch th\u01b0\u1edbc &amp; Tr\u1ecdng l\u01b0\u1ee3ng:<\/td>\n<td width=\"309\">70\u00d715mm, 0,6g<\/td>\n<\/tr>\n<tr>\n<td width=\"328\">Lo\u1ea1i chip:<\/td>\n<td width=\"309\">Impinj Monza 4QT, NXP U CODE 9<\/td>\n<\/tr>\n<tr>\n<td width=\"328\">B\u1ed9 nh\u1edb EPC:<\/td>\n<td width=\"309\">128 bit<\/td>\n<\/tr>\n<tr>\n<td width=\"328\">B\u1ed9 nh\u1edb ng\u01b0\u1eddi d\u00f9ng:<\/td>\n<td width=\"309\">512 bit<\/td>\n<\/tr>\n<tr>\n<td width=\"328\">Ph\u1ea1m vi \u0111\u1ecdc (2W ERP FCC):<\/td>\n<td width=\"309\">8 ph\u00fat<\/td>\n<\/tr>\n<tr>\n<td width=\"328\">Ph\u1ea1m vi \u0111\u1ecdc (2W ERP ETSI):<\/td>\n<td width=\"309\">8 ph\u00fat<\/td>\n<\/tr>\n<tr>\n<td width=\"328\">G\u1eafn th\u1ebb:<\/td>\n<td width=\"309\">May, keo d\u00e1n d\u1eadp n\u00f3ng<\/td>\n<\/tr>\n<tr>\n<td width=\"328\">Tu\u1ed5i th\u1ecd \u01b0\u1edbc t\u00ednh:<\/td>\n<td width=\"309\">200 chu k\u1ef3 gi\u1eb7t ho\u1eb7c 3 n\u0103m, t\u00f9y theo \u0111i\u1ec1u ki\u1ec7n n\u00e0o \u0111\u1ebfn tr\u01b0\u1edbc<\/td>\n<\/tr>\n<tr>\n<td width=\"328\">Ph\u01b0\u01a1ng ph\u00e1p gi\u1eb7t:<\/td>\n<td width=\"309\">Gi\u1eb7t \u1ee7i, Gi\u1eb7t kh\u00f4<\/td>\n<\/tr>\n<tr>\n<td width=\"328\">\u00c1p su\u1ea5t h\u00fat n\u01b0\u1edbc:<\/td>\n<td width=\"309\">60 thanh<\/td>\n<\/tr>\n<tr>\n<td width=\"328\">Kh\u1ea3 n\u0103ng ch\u1ed1ng n\u01b0\u1edbc:<\/td>\n<td width=\"309\">Ch\u1ed1ng n\u01b0\u1edbc<\/td>\n<\/tr>\n<tr>\n<td width=\"328\">Kh\u1ea3 n\u0103ng kh\u00e1ng h\u00f3a ch\u1ea5t:<\/td>\n<td width=\"309\">Ch\u1ea5t t\u1ea9y r\u1eeda, Ch\u1ea5t l\u00e0m m\u1ec1m, Ch\u1ea5t t\u1ea9y tr\u1eafng (Oxy\/ Clo), Ch\u1ea5t ki\u1ec1m<\/td>\n<\/tr>\n<tr>\n<td width=\"328\">L\u00e0m kh\u00f4 tr\u01b0\u1edbc trong m\u00e1y s\u1ea5y:<\/td>\n<td width=\"309\">125 \u00baC trong 15-20 ph\u00fat<\/td>\n<\/tr>\n<tr>\n<td width=\"328\">Nhi\u1ec7t \u0111\u1ed9 kh\u1eed tr\u00f9ng:<\/td>\n<td width=\"309\">135\u00b0C trong 15-20 ph\u00fat<\/td>\n<\/tr>\n<tr>\n<td width=\"328\">Nhi\u1ec7t \u0111\u1ed9 gi\u1eb7t:<\/td>\n<td width=\"309\">90\u00b0C, T\u1ed1i \u0111a 15 ph\u00fat.<\/td>\n<\/tr>\n<tr>\n<td width=\"328\">\u0110\u1ed9 \u1ea9m\/ Nhi\u1ec7t \u0111\u1ed9-Ho\u1ea1t \u0111\u1ed9ng:<\/td>\n<td width=\"309\">-20 \u0111\u1ebfn 110\u00b0C, 8 \u0111\u1ebfn 95%RH<\/td>\n<\/tr>\n<tr>\n<td width=\"328\">\u0110\u1ed9 \u1ea9m\/ Nhi\u1ec7t \u0111\u1ed9-L\u01b0u tr\u1eef:<\/td>\n<td width=\"309\">-40 \u0111\u1ebfn 110\u00b0C, 8 \u0111\u1ebfn 95%RH<\/td>\n<\/tr>\n<\/tbody>\n<\/table>\n<\/div>\n<\/div>\n<div class=\"auto-hide-last-sibling-br paragraph_1252f paragraph-element\">\n<div data-spm-anchor-id=\"a2700.details.0.i57.23b419c7xXORP0\">\n<h2>C\u00e2u h\u1ecfi th\u01b0\u1eddng g\u1eb7p v\u1ec1 Th\u1ebb gi\u1eb7t \u1ee7i RFID<\/h2>\n<h3>N\u1ebfu th\u1ebb RFID c\u1ee7a t\u00f4i b\u1ecb h\u1ecfng th\u00ec sao?<\/h3>\n<p>Th\u1ebb RFID \u0111\u01b0\u1ee3c thi\u1ebft k\u1ebf \u0111\u1ec3 ch\u1ecbu \u0111\u01b0\u1ee3c \u00e1p su\u1ea5t cao v\u00e0 nhi\u1ec7t \u0111\u1ed9 cao trong c\u00e1c t\u00ecnh hu\u1ed1ng gi\u1eb7t c\u00f4ng nghi\u1ec7p. N\u1ebfu th\u1ebb b\u1ecb h\u1ecfng, vi\u1ec7c thay th\u1ebf b\u1eb1ng th\u1ebb m\u1edbi r\u1ea5t \u0111\u01a1n gi\u1ea3n.<\/p>\n<h3>Th\u1ebb gi\u1eb7t RFID c\u00f3 t\u01b0\u01a1ng th\u00edch v\u1edbi m\u00e3 v\u1ea1ch kh\u00f4ng?<\/h3>\n<p>C\u00f3, th\u1ebb RFID c\u00f3 th\u1ec3 ho\u1ea1t \u0111\u1ed9ng c\u00f9ng v\u1edbi c\u00e1c h\u1ec7 th\u1ed1ng m\u00e3 v\u1ea1ch hi\u1ec7n c\u00f3 \u0111\u1ec3 cung c\u1ea5p gi\u1ea3i ph\u00e1p qu\u1ea3n l\u00fd h\u00e0ng t\u1ed3n kho to\u00e0n di\u1ec7n.<\/p>\n<h3>L\u00e0m sao \u0111\u1ec3 \u0111\u1ea3m b\u1ea3o th\u1ebb c\u1ee7a t\u00f4i ho\u1ea1t \u0111\u1ed9ng ch\u00ednh x\u00e1c?<\/h3>\n<p>Ti\u1ebfn h\u00e0nh qu\u00e9t \u0111\u1ecbnh k\u1ef3 c\u00e1c th\u1ebb gi\u1eb7t RFID c\u1ee7a b\u1ea1n \u0111\u1ec3 x\u00e1c minh ch\u1ee9c n\u0103ng v\u00e0 t\u00ednh nh\u1ea5t qu\u00e1n c\u1ee7a ch\u00fang. Ki\u1ec3m tra th\u01b0\u1eddng xuy\u00ean s\u1ebd gi\u00fap duy tr\u00ec hi\u1ec7u qu\u1ea3 ho\u1ea1t \u0111\u1ed9ng.<\/p>\n<\/div>\n<\/div>\n<h3 class=\"wp-block-heading\">C\u00e0i \u0111\u1eb7t<\/h3>\n<p><strong>G\u1eafn th\u1ebb kh\u00e2u<\/strong>: \u0110\u1ec3 kh\u00e2u v\u00e0o vi\u1ec1n v\u1ea3i. Kh\u00e2u nh\u00e3n gi\u1eb7t ra kh\u1ecfi \u0111\u01b0\u1eddng g\u1ea5p.<br \/>\n<strong>H\u00e0n nhi\u1ec7t<\/strong>: \u0110\u01b0\u1ee3c h\u00e0n nhi\u1ec7t tr\u1ef1c ti\u1ebfp l\u00ean v\u1ea3i \u1edf nhi\u1ec7t \u0111\u1ed9 +200\u00b0C (392\u00b0F), trong 12~14 gi\u00e2y.<br \/>\n<strong>Trong t\u00fai<\/strong>: \u0110\u1ec3 kh\u00e2u nh\u01b0 nh\u00e3n ch\u0103m s\u00f3c ti\u00eau chu\u1ea9n. Kh\u00e2u nh\u00e3n gi\u1eb7t ra kh\u1ecfi \u0111\u01b0\u1eddng g\u1ea5p.<\/p>\n<div class=\"auto-hide-last-sibling-br paragraph_1252f paragraph-element\">\n<div class=\"auto-hide-last-sibling-br paragraph_1252f paragraph-element\"><strong>C\u00f4ng d\u1ee5ng c\u1ee7a Th\u1ebb gi\u1eb7t UHF RFID b\u1eb1ng v\u1ea3i d\u1ec7t c\u00f3 th\u1ec3 gi\u1eb7t \u0111\u01b0\u1ee3c:<\/strong><\/div>\n<ol class=\"auto-hide-last-sibling-br\">\n<li>Gi\u1eb7t l\u00e0 c\u00f4ng nghi\u1ec7p: T\u1ed1i \u01b0u h\u00f3a quy tr\u00ecnh v\u1ec7 sinh v\u00e0 h\u1eadu c\u1ea7n ph\u00e2n ph\u1ed1i \u0111\u1ed3 gi\u1eb7t \u0111\u1ed3ng ph\u1ee5c.<\/li>\n<li>Ng\u00e0nh d\u1ecbch v\u1ee5 kh\u00e1ch s\u1ea1n: N\u00e2ng cao kh\u1ea3 n\u0103ng qu\u1ea3n l\u00fd h\u1ec7 th\u1ed1ng gi\u1eb7t l\u00e0 \u0111\u1ed3 d\u00f9ng v\u00e0 kh\u0103n t\u1eafm trong kh\u00e1ch s\u1ea1n.<\/li>\n<li>Ng\u00e0nh ch\u0103m s\u00f3c s\u1ee9c kh\u1ecfe: H\u1ed7 tr\u1ee3 t\u1ed5 ch\u1ee9c v\u00e0 b\u1ea3o tr\u00ec trang ph\u1ee5c b\u1ec7nh vi\u1ec7n v\u00e0 ch\u0103m s\u00f3c s\u1ee9c kh\u1ecfe.<\/li>\n<\/ol>\n<p style=\"font-weight: 400;\">\n<\/div>","protected":false},"excerpt":{"rendered":"<p>N\u00e2ng cao kh\u1ea3 n\u0103ng qu\u1ea3n l\u00fd \u0111\u1ed3ng ph\u1ee5c v\u00e0 \u0111\u1ed3 v\u1ea3i c\u1ee7a b\u1ea1n b\u1eb1ng chip RFID b\u1ec1n b\u1ec9, \u0111\u1ea3m b\u1ea3o theo d\u00f5i hi\u1ec7u qu\u1ea3, ki\u1ec3m k\u00ea theo th\u1eddi gian th\u1ef1c v\u00e0 h\u1ee3p l\u00fd h\u00f3a quy tr\u00ecnh gi\u1eb7t l\u00e0.<\/p>","protected":false},"featured_media":2590,"template":"","meta":{"_kad_post_transparent":"default","_kad_post_title":"","_kad_post_layout":"default","_kad_post_sidebar_id":"","_kad_post_content_style":"default","_kad_post_vertical_padding":"default","_kad_post_feature":"","_kad_post_feature_position":"","_kad_post_header":false,"_kad_post_footer":false,"_kad_post_classname":""},"product_brand":[],"product_cat":[19,16],"product_tag":[298,297,296,30],"class_list":{"0":"post-2587","1":"product","2":"type-product","3":"status-publish","4":"has-post-thumbnail","6":"product_cat-textile-rfid-laundry-tag","7":"product_cat-uhf-rfid-laundry-tags","8":"product_tag-rfid-chip-for-linens","9":"product_tag-rfid-chips-for-uniform","10":"product_tag-textile-uhf-rfid-tags","11":"product_tag-uhf-rfid-laundry-tag","13":"first","14":"instock","15":"featured","16":"shipping-taxable","17":"product-type-simple","18":"entry","19":"content-bg","20":"loop-entry"},"_links":{"self":[{"href":"https:\/\/rfid-laundry-tag.com\/vi\/wp-json\/wp\/v2\/product\/2587","targetHints":{"allow":["GET"]}}],"collection":[{"href":"https:\/\/rfid-laundry-tag.com\/vi\/wp-json\/wp\/v2\/product"}],"about":[{"href":"https:\/\/rfid-laundry-tag.com\/vi\/wp-json\/wp\/v2\/types\/product"}],"version-history":[{"count":1,"href":"https:\/\/rfid-laundry-tag.com\/vi\/wp-json\/wp\/v2\/product\/2587\/revisions"}],"predecessor-version":[{"id":2591,"href":"https:\/\/rfid-laundry-tag.com\/vi\/wp-json\/wp\/v2\/product\/2587\/revisions\/2591"}],"wp:featuredmedia":[{"embeddable":true,"href":"https:\/\/rfid-laundry-tag.com\/vi\/wp-json\/wp\/v2\/media\/2590"}],"wp:attachment":[{"href":"https:\/\/rfid-laundry-tag.com\/vi\/wp-json\/wp\/v2\/media?parent=2587"}],"wp:term":[{"taxonomy":"product_brand","embeddable":true,"href":"https:\/\/rfid-laundry-tag.com\/vi\/wp-json\/wp\/v2\/product_brand?post=2587"},{"taxonomy":"product_cat","embeddable":true,"href":"https:\/\/rfid-laundry-tag.com\/vi\/wp-json\/wp\/v2\/product_cat?post=2587"},{"taxonomy":"product_tag","embeddable":true,"href":"https:\/\/rfid-laundry-tag.com\/vi\/wp-json\/wp\/v2\/product_tag?post=2587"}],"curies":[{"name":"wp","href":"https:\/\/api.w.org\/{rel}","templated":true}]}}