{"id":2581,"date":"2024-09-19T13:02:28","date_gmt":"2024-09-19T13:02:28","guid":{"rendered":"https:\/\/rfid-laundry-tag.com\/?post_type=product&#038;p=2581"},"modified":"2024-09-19T13:40:21","modified_gmt":"2024-09-19T13:40:21","slug":"on-metal-nfc-screw-tag-ntag213","status":"publish","type":"product","link":"https:\/\/rfid-laundry-tag.com\/vi\/on-metal-nfc-screw-tag-ntag213\/","title":{"rendered":"Th\u1ebb v\u00edt NFC tr\u00ean kim lo\u1ea1i Ntag213"},"content":{"rendered":"<p>C\u00e1c <strong>Th\u1ebb v\u00edt NFC tr\u00ean kim lo\u1ea1i<\/strong> l\u00e0 th\u1ebb NFC c\u00f3 \u0111\u1ed9 b\u1ec1n cao \u0111\u01b0\u1ee3c thi\u1ebft k\u1ebf d\u00e0nh ri\u00eang cho m\u1ee5c \u0111\u00edch s\u1eed d\u1ee5ng trong c\u00f4ng nghi\u1ec7p. <strong>C\u1ea5u tr\u00fac ABS ho\u1eb7c PVC<\/strong> \u0111\u1ea3m b\u1ea3o n\u00f3 l\u00e0 <strong>kh\u00f4ng th\u1ea5m n\u01b0\u1edbc<\/strong> V\u00e0 <strong>ch\u1ecbu nhi\u1ec7t<\/strong>, ph\u00f9 h\u1ee3p v\u1edbi nh\u1eefng m\u00f4i tr\u01b0\u1eddng kh\u1eafc nghi\u1ec7t nh\u01b0 \u0111\u1ed9 \u1ea9m cao ho\u1eb7c nhi\u1ec7t \u0111\u1ed9 kh\u1eafc nghi\u1ec7t.<\/p>\n<h3>C\u00e1c t\u00ednh n\u0103ng ch\u00ednh:<\/h3>\n<ul>\n<li><strong>Lo\u1ea1i Chip<\/strong>: NXP NTAG213 (t\u01b0\u01a1ng th\u00edch v\u1edbi t\u1ea5t c\u1ea3 c\u00e1c thi\u1ebft b\u1ecb di \u0111\u1ed9ng)<\/li>\n<li><strong>H\u00ecnh d\u1ea1ng<\/strong>: Tr\u00f2n<\/li>\n<li><strong>K\u00edch c\u1ee1<\/strong>: \u0110\u01b0\u1eddng k\u00ednh 30mm, \u0111\u1ed9 d\u00e0y c\u1ed9ng th\u00eam 2,5mm<\/li>\n<li><strong>K\u00edch th\u01b0\u1edbc \u0103ng-ten<\/strong>: 25mm<\/li>\n<li><strong>T\u1ed5ng b\u1ed9 nh\u1edb<\/strong>: 144 byte<\/li>\n<li><strong>B\u1ed9 nh\u1edb \u0111\u01b0\u1ee3c \u0111\u1ecbnh d\u1ea1ng<\/strong>: 137 byte<\/li>\n<li><strong>T\u1ea7n s\u1ed1 ho\u1ea1t \u0111\u1ed9ng<\/strong>: 13,56MHz<\/li>\n<\/ul>\n<h3>L\u00fd t\u01b0\u1edfng cho:<\/h3>\n<ul>\n<li>S\u1eed d\u1ee5ng tr\u00ean b\u1ec1 m\u1eb7t kim lo\u1ea1i m\u00e0 kh\u00f4ng g\u00e2y \u1ea3nh h\u01b0\u1edfng.<\/li>\n<li>Kho\u1ea3ng c\u00e1ch \u0111\u1ecdc xa ngay c\u1ea3 trong m\u00f4i tr\u01b0\u1eddng c\u00f4ng nghi\u1ec7p kh\u1eafc nghi\u1ec7t.<\/li>\n<li>Kh\u1ea3 n\u0103ng t\u01b0\u01a1ng th\u00edch v\u1edbi t\u1ea5t c\u1ea3 c\u00e1c thi\u1ebft b\u1ecb h\u1ed7 tr\u1ee3 NFC (v\u00ed d\u1ee5: \u0111i\u1ec7n tho\u1ea1i th\u00f4ng minh, m\u00e1y t\u00ednh b\u1ea3ng).<\/li>\n<\/ul>\n<p>Th\u1ebb n\u00e0y c\u0169ng c\u00f3 th\u1ec3 t\u00f9y ch\u1ec9nh, cung c\u1ea5p c\u00e1c lo\u1ea1i chip kh\u00e1c nhau v\u00e0 <strong>T\u00f9y ch\u1ecdn in ID<\/strong>. C\u00f3 th\u1ec3 g\u1eafn b\u1eb1ng v\u00edt ho\u1eb7c keo d\u00e1n, \u0111\u1ea3m b\u1ea3o g\u1eafn ch\u1eb7t v\u00e0o c\u00e1c v\u1eadt b\u1eb1ng kim lo\u1ea1i.<\/p>\n<h3 class=\"AnswerParser_AnswerParserH3__Mpe4s\">Th\u00f4ng s\u1ed1 k\u1ef9 thu\u1eadt<\/h3>\n<div class=\"AnswerParser_TableContainer__Erb6v\" data-testid=\"table-container\">\n<table>\n<thead>\n<tr>\n<th>T\u00ednh n\u0103ng<\/th>\n<th>\u0110\u1eb7c \u0111i\u1ec3m k\u1ef9 thu\u1eadt<\/th>\n<\/tr>\n<\/thead>\n<tbody>\n<tr>\n<td>\u0110\u01b0\u1eddng k\u00ednh<\/td>\n<td>30mm<\/td>\n<\/tr>\n<tr>\n<td>\u0110\u1ed9 d\u00e0y<\/td>\n<td>3mm<\/td>\n<\/tr>\n<tr>\n<td>L\u1ed7 v\u00edt<\/td>\n<td>3mm<\/td>\n<\/tr>\n<tr>\n<td>Lo\u1ea1i Chip<\/td>\n<td>NTAG213<\/td>\n<\/tr>\n<tr>\n<td>K\u00fd \u1ee9c<\/td>\n<td>144 byte<\/td>\n<\/tr>\n<tr>\n<td>T\u00ednh th\u01b0\u1eddng xuy\u00ean<\/td>\n<td>13,56 MHz (T\u1ea7n s\u1ed1 cao)<\/td>\n<\/tr>\n<\/tbody>\n<\/table>\n<\/div>\n<h2 class=\"AnswerParser_AnswerParserH2__SIHnF\">Chip Ntag213: C\u00f4ng ngh\u1ec7 NFC ti\u00ean ti\u1ebfn<\/h2>\n<p><span class=\"AnswerParser_TextContainer__z_Iiv\" data-testid=\"youchat-text\">\u0110i\u1ec3m c\u1ed1t l\u00f5i c\u1ee7a Th\u1ebb v\u00edt NFC tr\u00ean kim lo\u1ea1i c\u1ee7a ch\u00fang t\u00f4i l\u00e0 chip Ntag213 m\u1ea1nh m\u1ebd, cung c\u1ea5p:<\/span><\/p>\n<ul class=\"AnswerParser_AnswerParserUnorderedList__P_1FW\">\n<li class=\"AnswerParser_ListItem__XqLOV\" translate=\"yes\">144 byte b\u1ed9 nh\u1edb ng\u01b0\u1eddi d\u00f9ng<\/li>\n<li class=\"AnswerParser_ListItem__XqLOV\" translate=\"yes\">T\u1ed1c \u0111\u1ed9 \u0111\u1ecdc v\u00e0 ghi nhanh<\/li>\n<li class=\"AnswerParser_ListItem__XqLOV\" translate=\"yes\">Kh\u1ea3 n\u0103ng t\u01b0\u01a1ng th\u00edch v\u1edbi t\u1ea5t c\u1ea3 c\u00e1c thi\u1ebft b\u1ecb h\u1ed7 tr\u1ee3 NFC<\/li>\n<\/ul>\n<p><span class=\"AnswerParser_TextContainer__z_Iiv\" data-testid=\"youchat-text\">Con chip ti\u00ean ti\u1ebfn n\u00e0y \u0111\u1ea3m b\u1ea3o d\u1eef li\u1ec7u c\u1ee7a b\u1ea1n \u0111\u01b0\u1ee3c truy\u1ec1n \u0111i nhanh ch\u00f3ng v\u00e0 \u0111\u00e1ng tin c\u1eady, ho\u00e0n h\u1ea3o cho nhi\u1ec1u \u1ee9ng d\u1ee5ng NFC.<\/span><\/p>\n<h2 class=\"AnswerParser_AnswerParserH2__SIHnF\">Hi\u1ec7u su\u1ea5t On-Metal: V\u01b0\u1ee3t qua nh\u1eefng th\u00e1ch th\u1ee9c v\u1ec1 nhi\u1ec5u<\/h2>\n<p><span class=\"AnswerParser_TextContainer__z_Iiv\" data-testid=\"youchat-text\">Th\u1ebb NFC truy\u1ec1n th\u1ed1ng th\u01b0\u1eddng g\u1eb7p kh\u00f3 kh\u0103n khi \u0111\u1eb7t tr\u00ean b\u1ec1 m\u1eb7t kim lo\u1ea1i do nhi\u1ec5u t\u00edn hi\u1ec7u. Th\u1ebb v\u00edt NFC tr\u00ean kim lo\u1ea1i c\u1ee7a ch\u00fang t\u00f4i \u0111\u01b0\u1ee3c thi\u1ebft k\u1ebf \u0111\u1eb7c bi\u1ec7t \u0111\u1ec3:<\/span><\/p>\n<ul class=\"AnswerParser_AnswerParserUnorderedList__P_1FW\">\n<li class=\"AnswerParser_ListItem__XqLOV\" translate=\"yes\">Duy tr\u00ec hi\u1ec7u su\u1ea5t t\u1ed1i \u01b0u tr\u00ean b\u1ec1 m\u1eb7t kim lo\u1ea1i<\/li>\n<li class=\"AnswerParser_ListItem__XqLOV\" translate=\"yes\">Cung c\u1ea5p ph\u1ea1m vi \u0111\u1ecdc nh\u1ea5t qu\u00e1n<\/li>\n<li class=\"AnswerParser_ListItem__XqLOV\" translate=\"yes\">Lo\u1ea1i b\u1ecf nhu c\u1ea7u s\u1eed d\u1ee5ng mi\u1ebfng \u0111\u1ec7m ho\u1eb7c ch\u1ea5t k\u1ebft d\u00ednh b\u1ed5 sung<\/li>\n<\/ul>\n<p><span class=\"AnswerParser_TextContainer__z_Iiv\" data-testid=\"youchat-text\">B\u1eb1ng c\u00e1ch s\u1eed d\u1ee5ng c\u00f4ng ngh\u1ec7 ch\u1ed1ng kim lo\u1ea1i ti\u00ean ti\u1ebfn, c\u00e1c th\u1ebb n\u00e0y \u0111\u1ea3m b\u1ea3o li\u00ean l\u1ea1c \u0111\u00e1ng tin c\u1eady ngay c\u1ea3 khi g\u1eafn tr\u1ef1c ti\u1ebfp v\u00e0o c\u00e1c v\u1eadt b\u1eb1ng kim lo\u1ea1i.<\/span><\/p>\n<h2 class=\"AnswerParser_AnswerParserH2__SIHnF\">T\u00edch h\u1ee3p d\u1ec5 d\u00e0ng: T\u01b0\u01a1ng th\u00edch v\u1edbi c\u01a1 s\u1edf h\u1ea1 t\u1ea7ng NFC hi\u1ec7n c\u00f3 c\u1ee7a b\u1ea1n<\/h2>\n<p><span class=\"AnswerParser_TextContainer__z_Iiv\" data-testid=\"youchat-text\">Th\u1ebb v\u00edt NFC tr\u00ean kim lo\u1ea1i c\u1ee7a ch\u00fang t\u00f4i \u0111\u01b0\u1ee3c thi\u1ebft k\u1ebf \u0111\u1ec3 t\u00edch h\u1ee3p li\u1ec1n m\u1ea1ch v\u1edbi h\u1ec7 sinh th\u00e1i NFC hi\u1ec7n t\u1ea1i c\u1ee7a b\u1ea1n. Ch\u00fang l\u00e0:<\/span><\/p>\n<ul class=\"AnswerParser_AnswerParserUnorderedList__P_1FW\">\n<li class=\"AnswerParser_ListItem__XqLOV\" translate=\"yes\">T\u01b0\u01a1ng th\u00edch v\u1edbi t\u1ea5t c\u1ea3 c\u00e1c \u0111\u1ea7u \u0111\u1ecdc NFC ti\u00eau chu\u1ea9n<\/li>\n<li class=\"AnswerParser_ListItem__XqLOV\" translate=\"yes\">C\u00f3 th\u1ec3 l\u1eadp tr\u00ecnh d\u1ec5 d\u00e0ng b\u1eb1ng \u0111i\u1ec7n tho\u1ea1i th\u00f4ng minh h\u1ed7 tr\u1ee3 NFC<\/li>\n<li class=\"AnswerParser_ListItem__XqLOV\" translate=\"yes\">Ph\u00f9 h\u1ee3p v\u1edbi c\u1ea3 thi\u1ebft b\u1ecb Android v\u00e0 iOS<\/li>\n<\/ul>\n<p><span class=\"AnswerParser_TextContainer__z_Iiv\" data-testid=\"youchat-text\">T\u00ednh linh ho\u1ea1t n\u00e0y \u0111\u1ea3m b\u1ea3o r\u1eb1ng b\u1ea1n c\u00f3 th\u1ec3 tri\u1ec3n khai c\u00e1c th\u1ebb n\u00e0y m\u00e0 kh\u00f4ng c\u1ea7n ph\u1ea3i n\u00e2ng c\u1ea5p c\u01a1 s\u1edf h\u1ea1 t\u1ea7ng t\u1ed1n k\u00e9m.<\/span><\/p>\n<h2 class=\"AnswerParser_AnswerParserH2__SIHnF\">T\u00f9y ch\u1ecdn t\u00f9y ch\u1ec9nh: \u0110i\u1ec1u ch\u1ec9nh th\u1ebb c\u1ee7a b\u1ea1n theo nhu c\u1ea7u c\u1ee7a b\u1ea1n<\/h2>\n<p><span class=\"AnswerParser_TextContainer__z_Iiv\" data-testid=\"youchat-text\">Ch\u00fang t\u00f4i hi\u1ec3u r\u1eb1ng m\u1ed7i doanh nghi\u1ec7p \u0111\u1ec1u c\u00f3 nh\u1eefng y\u00eau c\u1ea7u ri\u00eang. \u0110\u00f3 l\u00e0 l\u00fd do t\u1ea1i sao ch\u00fang t\u00f4i cung c\u1ea5p nhi\u1ec1u t\u00f9y ch\u1ecdn t\u00f9y ch\u1ec9nh cho Th\u1ebb v\u00edt NFC tr\u00ean kim lo\u1ea1i c\u1ee7a ch\u00fang t\u00f4i:<\/span><\/p>\n<ul class=\"AnswerParser_AnswerParserUnorderedList__P_1FW\">\n<li class=\"AnswerParser_ListItem__XqLOV\" translate=\"yes\">In \u1ea5n t\u00f9y ch\u1ec9nh v\u1edbi logo ho\u1eb7c th\u01b0\u01a1ng hi\u1ec7u c\u1ee7a b\u1ea1n<\/li>\n<li class=\"AnswerParser_ListItem__XqLOV\" translate=\"yes\">Nhi\u1ec1u l\u1ef1a ch\u1ecdn m\u00e0u s\u1eafc kh\u00e1c nhau \u0111\u1ec3 ph\u00f9 h\u1ee3p v\u1edbi th\u1ea9m m\u1ef9 c\u1ee7a b\u1ea1n<\/li>\n<li class=\"AnswerParser_ListItem__XqLOV\" translate=\"yes\">M\u00e3 h\u00f3a \u0111\u01b0\u1ee3c c\u00e1 nh\u00e2n h\u00f3a v\u1edbi d\u1eef li\u1ec7u c\u1ee5 th\u1ec3 c\u1ee7a b\u1ea1n<\/li>\n<\/ul>\n<p><span class=\"AnswerParser_TextContainer__z_Iiv\" data-testid=\"youchat-text\">\u0110\u1ed9i ng\u0169 chuy\u00ean gia c\u1ee7a ch\u00fang t\u00f4i s\u1eb5n s\u00e0ng gi\u00fap b\u1ea1n t\u1ea1o ra gi\u1ea3i ph\u00e1p NFC ho\u00e0n h\u1ea3o cho nhu c\u1ea7u kinh doanh c\u1ee7a b\u1ea1n.<\/span><\/p>\n<h2 class=\"AnswerParser_AnswerParserH2__SIHnF\">T\u00e1c \u0111\u1ed9ng m\u00f4i tr\u01b0\u1eddng: Gi\u1ea3i ph\u00e1p NFC b\u1ec1n v\u1eefng<\/h2>\n<p><span class=\"AnswerParser_TextContainer__z_Iiv\" data-testid=\"youchat-text\">Trong th\u1ebf gi\u1edbi c\u00f3 \u00fd th\u1ee9c b\u1ea3o v\u1ec7 m\u00f4i tr\u01b0\u1eddng ng\u00e0y nay, ch\u00fang t\u00f4i cam k\u1ebft cung c\u1ea5p c\u00e1c gi\u1ea3i ph\u00e1p NFC b\u1ec1n v\u1eefng. Th\u1ebb v\u00edt NFC tr\u00ean kim lo\u1ea1i c\u1ee7a ch\u00fang t\u00f4i:<\/span><\/p>\n<ul class=\"AnswerParser_AnswerParserUnorderedList__P_1FW\">\n<li class=\"AnswerParser_ListItem__XqLOV\" translate=\"yes\">\u0110\u01b0\u1ee3c l\u00e0m t\u1eeb v\u1eadt li\u1ec7u c\u00f3 th\u1ec3 t\u00e1i ch\u1ebf<\/li>\n<li class=\"AnswerParser_ListItem__XqLOV\" translate=\"yes\">C\u00f3 tu\u1ed5i th\u1ecd cao, gi\u1ea3m thi\u1ec3u ch\u1ea5t th\u1ea3i<\/li>\n<li class=\"AnswerParser_ListItem__XqLOV\" translate=\"yes\">G\u00f3p ph\u1ea7n v\u00e0o h\u1ec7 th\u1ed1ng kh\u00f4ng c\u1ea7n gi\u1ea5y t\u1edd, gi\u1ea3m thi\u1ec3u t\u00e1c \u0111\u1ed9ng t\u1ed5ng th\u1ec3 \u0111\u1ebfn m\u00f4i tr\u01b0\u1eddng<\/li>\n<\/ul>\n<p><span class=\"AnswerParser_TextContainer__z_Iiv\" data-testid=\"youchat-text\">Khi l\u1ef1a ch\u1ecdn th\u1ebb c\u1ee7a ch\u00fang t\u00f4i, b\u1ea1n kh\u00f4ng ch\u1ec9 \u0111\u1ea7u t\u01b0 v\u00e0o c\u00f4ng ngh\u1ec7 ti\u00ean ti\u1ebfn m\u00e0 c\u00f2n v\u00e0o m\u1ed9t t\u01b0\u01a1ng lai b\u1ec1n v\u1eefng h\u01a1n.<\/span><\/p>\n<h2 class=\"AnswerParser_AnswerParserH2__SIHnF\">Gi\u1ea3i ph\u00e1p ti\u1ebft ki\u1ec7m chi ph\u00ed: T\u1ed1i \u0111a h\u00f3a ROI c\u1ee7a b\u1ea1n<\/h2>\n<p><span class=\"AnswerParser_TextContainer__z_Iiv\" data-testid=\"youchat-text\">M\u1eb7c d\u00f9 chi ph\u00ed ban \u0111\u1ea7u c\u1ee7a Th\u1ebb v\u00edt NFC tr\u00ean kim lo\u1ea1i c\u00f3 th\u1ec3 cao h\u01a1n so v\u1edbi th\u1ebb d\u00e1n th\u00f4ng th\u01b0\u1eddng, nh\u01b0ng ch\u00fang mang l\u1ea1i nh\u1eefng l\u1ee3i \u00edch \u0111\u00e1ng k\u1ec3 v\u1ec1 l\u00e2u d\u00e0i:<\/span><\/p>\n<ul class=\"AnswerParser_AnswerParserUnorderedList__P_1FW\">\n<li class=\"AnswerParser_ListItem__XqLOV\" translate=\"yes\">Gi\u1ea3m chi ph\u00ed thay th\u1ebf do \u0111\u1ed9 b\u1ec1n v\u01b0\u1ee3t tr\u1ed9i<\/li>\n<li class=\"AnswerParser_ListItem__XqLOV\" translate=\"yes\">N\u00e2ng cao hi\u1ec7u qu\u1ea3 trong vi\u1ec7c theo d\u00f5i v\u00e0 qu\u1ea3n l\u00fd t\u00e0i s\u1ea3n<\/li>\n<li class=\"AnswerParser_ListItem__XqLOV\" translate=\"yes\">Ti\u1ec1m n\u0103ng cho ho\u1ea1t \u0111\u1ed9ng h\u1ee3p l\u00fd v\u00e0 ti\u1ebft ki\u1ec7m chi ph\u00ed<\/li>\n<\/ul>\n<p><span class=\"AnswerParser_TextContainer__z_Iiv\" data-testid=\"youchat-text\">\u0110\u1ea7u t\u01b0 v\u00e0o th\u1ebb NFC ch\u1ea5t l\u01b0\u1ee3ng cao c\u1ee7a ch\u00fang t\u00f4i c\u00f3 th\u1ec3 mang l\u1ea1i l\u1ee3i nhu\u1eadn \u0111\u1ea7u t\u01b0 \u0111\u00e1ng k\u1ec3 theo th\u1eddi gian.<\/span><\/p>\n<h2 class=\"AnswerParser_AnswerParserH2__SIHnF\">H\u01b0\u1edbng d\u1eabn c\u00e0i \u0111\u1eb7t v\u00e0 s\u1eed d\u1ee5ng d\u1ec5 d\u00e0ng<\/h2>\n<p><span class=\"AnswerParser_TextContainer__z_Iiv\" data-testid=\"youchat-text\">B\u1eaft \u0111\u1ea7u s\u1eed d\u1ee5ng Th\u1ebb v\u00edt NFC tr\u00ean kim lo\u1ea1i c\u1ee7a ch\u00fang t\u00f4i r\u1ea5t \u0111\u01a1n gi\u1ea3n:<\/span><\/p>\n<ol class=\"AnswerParser_AnswerParserOrderedList__kl_2Y\">\n<li class=\"AnswerParser_ListItem__XqLOV\" translate=\"yes\">L\u00e0m s\u1ea1ch b\u1ec1 m\u1eb7t kim lo\u1ea1i n\u01a1i b\u1ea1n s\u1ebd g\u1eafn th\u1ebb<\/li>\n<li class=\"AnswerParser_ListItem__XqLOV\" translate=\"yes\">S\u1eed d\u1ee5ng l\u1ed7 v\u00edt 3mm \u0111\u1ec3 c\u1ed1 \u0111\u1ecbnh th\u1ebb m\u1ed9t c\u00e1ch an to\u00e0n<\/li>\n<li class=\"AnswerParser_ListItem__XqLOV\" translate=\"yes\">L\u1eadp tr\u00ecnh th\u1ebb b\u1eb1ng thi\u1ebft b\u1ecb h\u1ed7 tr\u1ee3 NFC c\u1ee7a b\u1ea1n<\/li>\n<li class=\"AnswerParser_ListItem__XqLOV\" translate=\"yes\">B\u1eaft \u0111\u1ea7u s\u1eed d\u1ee5ng th\u1ebb NFC m\u1edbi c\u00e0i \u0111\u1eb7t c\u1ee7a b\u1ea1n!<\/li>\n<\/ol>\n<p><span class=\"AnswerParser_TextContainer__z_Iiv\" data-testid=\"youchat-text\">\u0110\u1ec3 bi\u1ebft h\u01b0\u1edbng d\u1eabn chi ti\u1ebft v\u00e0 h\u01b0\u1edbng d\u1eabn l\u1eadp tr\u00ecnh, h\u00e3y ki\u1ec3m tra h\u1ed9p th\u01b0 \u0111\u1ebfn c\u1ee7a b\u1ea1n sau khi mua h\u00e0ng \u0111\u1ec3 bi\u1ebft h\u01b0\u1edbng d\u1eabn s\u1eed d\u1ee5ng to\u00e0n di\u1ec7n c\u1ee7a ch\u00fang t\u00f4i.<\/span><\/p>\n<h2 class=\"AnswerParser_AnswerParserH2__SIHnF\">Nh\u1eefng c\u00e2u h\u1ecfi th\u01b0\u1eddng g\u1eb7p<\/h2>\n<p><span class=\"AnswerParser_TextContainer__z_Iiv\" data-testid=\"youchat-text\"><strong>H: Nh\u1eefng th\u1ebb n\u00e0y c\u00f3 th\u1ec3 s\u1eed d\u1ee5ng tr\u00ean b\u1ec1 m\u1eb7t kh\u00f4ng ph\u1ea3i kim lo\u1ea1i kh\u00f4ng?<\/strong>\u00a0<\/span><\/p>\n<p><span class=\"AnswerParser_TextContainer__z_Iiv\" data-testid=\"youchat-text\">A: C\u00f3, m\u1eb7c d\u00f9 \u0111\u01b0\u1ee3c t\u1ed1i \u01b0u h\u00f3a cho b\u1ec1 m\u1eb7t kim lo\u1ea1i, th\u1ebb c\u1ee7a ch\u00fang t\u00f4i v\u1eabn ho\u1ea1t \u0111\u1ed9ng t\u1ed1t tr\u00ean c\u00e1c v\u1eadt li\u1ec7u kh\u00f4ng ph\u1ea3i kim lo\u1ea1i.<\/span><\/p>\n<p><span class=\"AnswerParser_TextContainer__z_Iiv\" data-testid=\"youchat-text\"><strong>H: Ph\u1ea1m vi \u0111\u1ecdc c\u1ee7a c\u00e1c th\u1ebb NFC n\u00e0y l\u00e0 bao nhi\u00eau?<\/strong>\u00a0<\/span><\/p>\n<p><span class=\"AnswerParser_TextContainer__z_Iiv\" data-testid=\"youchat-text\">A: Ph\u1ea1m vi \u0111\u1ecdc th\u00f4ng th\u01b0\u1eddng l\u00ean t\u1edbi 5 cm, t\u00f9y thu\u1ed9c v\u00e0o thi\u1ebft b\u1ecb \u0111\u1ecdc \u0111\u01b0\u1ee3c s\u1eed d\u1ee5ng.<\/span><\/p>\n<p><span class=\"AnswerParser_TextContainer__z_Iiv\" data-testid=\"youchat-text\"><strong>H: Nh\u1eefng th\u1ebb n\u00e0y c\u00f3 ch\u1ed1ng th\u1ea5m n\u01b0\u1edbc kh\u00f4ng?<\/strong>\u00a0<\/span><\/p>\n<p><span class=\"AnswerParser_TextContainer__z_Iiv\" data-testid=\"youchat-text\">A: C\u00f3, c\u1ea5u tr\u00fac kim lo\u1ea1i gi\u00fap ch\u00fang c\u00f3 kh\u1ea3 n\u0103ng ch\u1ed1ng n\u01b0\u1edbc v\u00e0 c\u00e1c ch\u1ea5t l\u1ecfng kh\u00e1c r\u1ea5t t\u1ed1t.<\/span><\/p>","protected":false},"excerpt":{"rendered":"<p>C\u00e1c <strong>Th\u1ebb v\u00edt NFC tr\u00ean kim lo\u1ea1i<\/strong> l\u00e0 th\u1ebb NFC c\u00f3 \u0111\u1ed9 b\u1ec1n cao \u0111\u01b0\u1ee3c thi\u1ebft k\u1ebf chuy\u00ean d\u1ee5ng cho m\u1ee5c \u0111\u00edch c\u00f4ng nghi\u1ec7p.<\/p>","protected":false},"featured_media":2582,"template":"","meta":{"_kad_post_transparent":"default","_kad_post_title":"","_kad_post_layout":"default","_kad_post_sidebar_id":"","_kad_post_content_style":"default","_kad_post_vertical_padding":"default","_kad_post_feature":"","_kad_post_feature_position":"","_kad_post_header":false,"_kad_post_footer":false,"_kad_post_classname":""},"product_brand":[],"product_cat":[54],"product_tag":[295,216,290,294],"class_list":{"0":"post-2581","1":"product","2":"type-product","3":"status-publish","4":"has-post-thumbnail","6":"product_cat-hot-selling-rfid-tags","7":"product_tag-nfc-disc-tag","8":"product_tag-nfc-patrol-tag","9":"product_tag-nfc-tag","10":"product_tag-on-metal-nfc-screw-tag","12":"first","13":"instock","14":"shipping-taxable","15":"product-type-simple","16":"entry","17":"content-bg","18":"loop-entry"},"_links":{"self":[{"href":"https:\/\/rfid-laundry-tag.com\/vi\/wp-json\/wp\/v2\/product\/2581","targetHints":{"allow":["GET"]}}],"collection":[{"href":"https:\/\/rfid-laundry-tag.com\/vi\/wp-json\/wp\/v2\/product"}],"about":[{"href":"https:\/\/rfid-laundry-tag.com\/vi\/wp-json\/wp\/v2\/types\/product"}],"version-history":[{"count":1,"href":"https:\/\/rfid-laundry-tag.com\/vi\/wp-json\/wp\/v2\/product\/2581\/revisions"}],"predecessor-version":[{"id":2586,"href":"https:\/\/rfid-laundry-tag.com\/vi\/wp-json\/wp\/v2\/product\/2581\/revisions\/2586"}],"wp:featuredmedia":[{"embeddable":true,"href":"https:\/\/rfid-laundry-tag.com\/vi\/wp-json\/wp\/v2\/media\/2582"}],"wp:attachment":[{"href":"https:\/\/rfid-laundry-tag.com\/vi\/wp-json\/wp\/v2\/media?parent=2581"}],"wp:term":[{"taxonomy":"product_brand","embeddable":true,"href":"https:\/\/rfid-laundry-tag.com\/vi\/wp-json\/wp\/v2\/product_brand?post=2581"},{"taxonomy":"product_cat","embeddable":true,"href":"https:\/\/rfid-laundry-tag.com\/vi\/wp-json\/wp\/v2\/product_cat?post=2581"},{"taxonomy":"product_tag","embeddable":true,"href":"https:\/\/rfid-laundry-tag.com\/vi\/wp-json\/wp\/v2\/product_tag?post=2581"}],"curies":[{"name":"wp","href":"https:\/\/api.w.org\/{rel}","templated":true}]}}