{"id":2576,"date":"2024-09-17T14:08:34","date_gmt":"2024-09-17T14:08:34","guid":{"rendered":"https:\/\/rfid-laundry-tag.com\/?post_type=product&#038;p=2576"},"modified":"2024-09-17T14:08:35","modified_gmt":"2024-09-17T14:08:35","slug":"custom-anti-metal-nfc-coin-tag","status":"publish","type":"product","link":"https:\/\/rfid-laundry-tag.com\/vi\/custom-anti-metal-nfc-coin-tag\/","title":{"rendered":"Th\u1ebb ti\u1ec1n xu NFC ch\u1ed1ng kim lo\u1ea1i t\u00f9y ch\u1ec9nh"},"content":{"rendered":"<h3>Th\u1ebb ti\u1ec1n xu NFC ch\u1ed1ng kim lo\u1ea1i t\u00f9y ch\u1ec9nh<\/h3>\n<h2 class=\"AnswerParser_AnswerParserH2__SIHnF\">Th\u1ebb NFC ch\u1ed1ng kim lo\u1ea1i t\u00f9y ch\u1ec9nh l\u00e0 g\u00ec?<\/h2>\n<p><span class=\"AnswerParser_TextContainer__z_Iiv\" data-testid=\"youchat-text\"><strong>Th\u1ebb ti\u1ec1n xu NFC ch\u1ed1ng kim lo\u1ea1i t\u00f9y ch\u1ec9nh<\/strong>\u00a0l\u00e0 th\u1ebb NFC \u0111\u01b0\u1ee3c thi\u1ebft k\u1ebf \u0111\u1eb7c bi\u1ec7t c\u00f3 th\u1ec3 nh\u00fang v\u00e0o nhi\u1ec1u s\u1ea3n ph\u1ea9m ho\u1eb7c t\u00e0i li\u1ec7u qu\u1ea3ng c\u00e1o kh\u00e1c nhau. Kh\u00f4ng gi\u1ed1ng nh\u01b0 th\u1ebb NFC ti\u00eau chu\u1ea9n, c\u00e1c th\u1ebb n\u00e0y \u0111\u01b0\u1ee3c thi\u1ebft k\u1ebf \u0111\u1ec3 ho\u1ea1t \u0111\u1ed9ng hi\u1ec7u qu\u1ea3 tr\u00ean b\u1ec1 m\u1eb7t kim lo\u1ea1i, gi\u00fap ch\u00fang linh ho\u1ea1t cho nhi\u1ec1u \u1ee9ng d\u1ee5ng. C\u00e1c th\u1ebb c\u00f3 th\u1ec3 \u0111\u01b0\u1ee3c t\u00f9y ch\u1ec9nh v\u1ec1 k\u00edch th\u01b0\u1edbc v\u00e0 thi\u1ebft k\u1ebf, cho ph\u00e9p c\u00e1c doanh nghi\u1ec7p t\u1ea1o ra c\u00e1c gi\u1ea3i ph\u00e1p \u0111\u1ed9c \u0111\u00e1o gi\u00fap t\u0103ng c\u01b0\u1eddng t\u01b0\u01a1ng t\u00e1c v\u1edbi kh\u00e1ch h\u00e0ng.<\/span><span class=\"AnswerParser_TextContainer__z_Iiv\" data-testid=\"youchat-text\">Nh\u1eefng th\u1ebb ti\u1ec1n xu NFC n\u00e0y c\u00f3 th\u1ec3 \u0111\u01b0\u1ee3c nh\u00fang v\u00e0o \u00e1p ph\u00edch th\u00f4ng minh, m\u00e0n h\u00ecnh c\u1eeda s\u1ed5 v\u00e0 th\u1eadm ch\u00ed l\u00e0 tr\u1ef1c ti\u1ebfp tr\u00ean s\u1ea3n ph\u1ea9m, cho ph\u00e9p ng\u01b0\u1eddi ti\u00eau d\u00f9ng ch\u1ea1m v\u00e0o \u0111i\u1ec7n tho\u1ea1i th\u00f4ng minh h\u1ed7 tr\u1ee3 NFC \u0111\u1ec3 truy c\u1eadp th\u00f4ng tin ho\u1eb7c chi\u1ebfn d\u1ecbch c\u00f3 li\u00ean quan ngay l\u1eadp t\u1ee9c.<\/span><\/p>\n<h2 class=\"AnswerParser_AnswerParserH2__SIHnF\">C\u00f4ng ngh\u1ec7 NFC ho\u1ea1t \u0111\u1ed9ng nh\u01b0 th\u1ebf n\u00e0o?<\/h2>\n<p><span class=\"AnswerParser_TextContainer__z_Iiv\" data-testid=\"youchat-text\">C\u00f4ng ngh\u1ec7 NFC cho ph\u00e9p giao ti\u1ebfp t\u1ea7m ng\u1eafn gi\u1eefa c\u00e1c thi\u1ebft b\u1ecb. Sau \u0111\u00e2y l\u00e0 c\u00e1ch th\u1ee9c ho\u1ea1t \u0111\u1ed9ng khi ng\u01b0\u1eddi ti\u00eau d\u00f9ng t\u01b0\u01a1ng t\u00e1c v\u1edbi th\u1ebb NFC:<\/span><\/p>\n<ol class=\"AnswerParser_AnswerParserOrderedList__kl_2Y\">\n<li class=\"AnswerParser_ListItem__XqLOV\" translate=\"yes\"><strong>Nh\u1ea5n v\u00e0o T\u01b0\u01a1ng t\u00e1c<\/strong>:Khi ng\u01b0\u1eddi d\u00f9ng ch\u1ea1m \u0111i\u1ec7n tho\u1ea1i th\u00f4ng minh c\u00f3 h\u1ed7 tr\u1ee3 NFC v\u00e0o th\u1ebb NFC, \u0111i\u1ec7n tho\u1ea1i s\u1ebd ph\u00e1t hi\u1ec7n m\u00e3 \u0111\u1ecbnh danh duy nh\u1ea5t c\u1ee7a th\u1ebb.<\/li>\n<li class=\"AnswerParser_ListItem__XqLOV\" translate=\"yes\"><strong>Ph\u00e1t hi\u1ec7n URL<\/strong>:Th\u1ebb NFC ch\u1ee9a URL \u0111\u01b0\u1ee3c li\u00ean k\u1ebft t\u1edbi m\u1ed9t chi\u1ebfn d\u1ecbch ho\u1eb7c th\u00f4ng tin c\u1ee5 th\u1ec3.<\/li>\n<li class=\"AnswerParser_ListItem__XqLOV\" translate=\"yes\"><strong>Trao \u0111\u1ed5i d\u1eef li\u1ec7u<\/strong>:\u0110i\u1ec7n tho\u1ea1i th\u00f4ng minh g\u1eedi URL \u0111\u1ebfn m\u00e1y ch\u1ee7 \u0111\u00e1m m\u00e2y, n\u01a1i s\u1ebd truy xu\u1ea5t d\u1eef li\u1ec7u chi\u1ebfn d\u1ecbch \u0111\u01b0\u1ee3c li\u00ean k\u1ebft v\u1edbi URL \u0111\u00f3.<\/li>\n<li class=\"AnswerParser_ListItem__XqLOV\" translate=\"yes\"><strong>Hi\u1ec3n th\u1ecb tr\u00ean \u0111i\u1ec7n tho\u1ea1i th\u00f4ng minh<\/strong>:Th\u00f4ng tin chi\u1ebfn d\u1ecbch thu th\u1eadp \u0111\u01b0\u1ee3c sau \u0111\u00f3 s\u1ebd \u0111\u01b0\u1ee3c hi\u1ec3n th\u1ecb tr\u00ean \u0111i\u1ec7n tho\u1ea1i th\u00f4ng minh c\u1ee7a ng\u01b0\u1eddi ti\u00eau d\u00f9ng, gi\u00fap h\u1ecd truy c\u1eadp t\u1ee9c th\u1eddi v\u00e0o n\u1ed9i dung nh\u01b0 \u01b0u \u0111\u00e3i khuy\u1ebfn m\u1ea1i, th\u00f4ng tin chi ti\u1ebft v\u1ec1 s\u1ea3n ph\u1ea9m ho\u1eb7c tr\u1ea3i nghi\u1ec7m t\u01b0\u01a1ng t\u00e1c.<\/li>\n<\/ol>\n<p><span class=\"AnswerParser_TextContainer__z_Iiv\" data-testid=\"youchat-text\">Vi\u1ec7c trao \u0111\u1ed5i th\u00f4ng tin li\u1ec1n m\u1ea1ch n\u00e0y gi\u00fap t\u0103ng c\u01b0\u1eddng s\u1ef1 t\u01b0\u01a1ng t\u00e1c c\u1ee7a ng\u01b0\u1eddi d\u00f9ng v\u00e0 \u0111\u01a1n gi\u1ea3n h\u00f3a c\u00e1ch c\u00e1c th\u01b0\u01a1ng hi\u1ec7u k\u1ebft n\u1ed1i v\u1edbi \u0111\u1ed1i t\u01b0\u1ee3ng m\u1ee5c ti\u00eau c\u1ee7a m\u00ecnh.<\/span><\/p>\n<h2 class=\"AnswerParser_AnswerParserH2__SIHnF\">L\u1ee3i \u00edch c\u1ee7a vi\u1ec7c s\u1eed d\u1ee5ng th\u1ebb ti\u1ec1n xu NFC t\u00f9y ch\u1ec9nh<\/h2>\n<p><span class=\"AnswerParser_TextContainer__z_Iiv\" data-testid=\"youchat-text\">S\u1eed d\u1ee5ng th\u1ebb ti\u1ec1n xu NFC t\u00f9y ch\u1ec9nh mang l\u1ea1i nhi\u1ec1u l\u1ee3i \u00edch:<\/span><\/p>\n<ul class=\"AnswerParser_AnswerParserUnorderedList__P_1FW\">\n<li class=\"AnswerParser_ListItem__XqLOV\" translate=\"yes\"><strong>T\u01b0\u01a1ng t\u00e1c li\u1ec1n m\u1ea1ch<\/strong>: Kh\u00f4ng gi\u1ed1ng nh\u01b0 ti\u1ebfp th\u1ecb WiFi, NFC kh\u00f4ng y\u00eau c\u1ea7u ng\u01b0\u1eddi ti\u00eau d\u00f9ng ph\u1ea3i c\u1ea5u h\u00ecnh \u0111i\u1ec7n tho\u1ea1i th\u00f4ng minh c\u1ee7a h\u1ecd. Ng\u01b0\u1eddi d\u00f9ng c\u00f3 th\u1ec3 nhanh ch\u00f3ng truy c\u1eadp th\u00f4ng tin ch\u1ec9 b\u1eb1ng m\u1ed9t c\u00fa ch\u1ea1m \u0111\u01a1n gi\u1ea3n, t\u1ea1o n\u00ean tr\u1ea3i nghi\u1ec7m th\u00e2n thi\u1ec7n v\u1edbi ng\u01b0\u1eddi d\u00f9ng.<\/li>\n<li class=\"AnswerParser_ListItem__XqLOV\" translate=\"yes\"><strong>S\u1ef1 tham gia \u0111\u01b0\u1ee3c n\u00e2ng cao<\/strong>:Th\u1ebb ti\u1ec1n xu NFC cho ph\u00e9p c\u00e1c th\u01b0\u01a1ng hi\u1ec7u t\u1ea1o ra c\u00e1c chi\u1ebfn d\u1ecbch ti\u1ebfp th\u1ecb t\u01b0\u01a1ng t\u00e1c v\u00e0 n\u0103ng \u0111\u1ed9ng nh\u1eb1m thu h\u00fat s\u1ef1 ch\u00fa \u00fd c\u1ee7a ng\u01b0\u1eddi ti\u00eau d\u00f9ng v\u00e0 th\u00fac \u0111\u1ea9y l\u00f2ng trung th\u00e0nh v\u1edbi th\u01b0\u01a1ng hi\u1ec7u.<\/li>\n<li class=\"AnswerParser_ListItem__XqLOV\" translate=\"yes\"><strong>T\u00ednh linh ho\u1ea1t<\/strong>:Nh\u1eefng th\u1ebb n\u00e0y c\u00f3 th\u1ec3 \u0111\u01b0\u1ee3c d\u00e1n tr\u00ean nhi\u1ec1u b\u1ec1 m\u1eb7t kh\u00e1c nhau, bao g\u1ed3m c\u1ea3 kim lo\u1ea1i, ph\u00f9 h\u1ee3p v\u1edbi nhi\u1ec1u lo\u1ea1i s\u1ea3n ph\u1ea9m v\u00e0 t\u00e0i li\u1ec7u qu\u1ea3ng c\u00e1o.<\/li>\n<\/ul>\n<p><span class=\"AnswerParser_TextContainer__z_Iiv\" data-testid=\"youchat-text\">Nh\u1eefng l\u1ee3i \u00edch n\u00e0y \u0111\u01b0a th\u1ebb ti\u1ec1n xu NFC tr\u1edf th\u00e0nh m\u1ed9t c\u00f4ng c\u1ee5 m\u1ea1nh m\u1ebd cho c\u00e1c chi\u1ebfn l\u01b0\u1ee3c ti\u1ebfp th\u1ecb hi\u1ec7n \u0111\u1ea1i.<\/span><\/p>\n<h2 class=\"AnswerParser_AnswerParserH2__SIHnF\">T\u00f9y ch\u1ecdn v\u1eadt li\u1ec7u v\u00e0 thi\u1ebft k\u1ebf cho th\u1ebb ti\u1ec1n xu NFC<\/h2>\n<p><span class=\"AnswerParser_TextContainer__z_Iiv\" data-testid=\"youchat-text\">Th\u1ebb ti\u1ec1n xu NFC t\u00f9y ch\u1ec9nh \u0111\u01b0\u1ee3c l\u00e0m t\u1eeb v\u1eadt li\u1ec7u b\u1ec1n b\u1ec9 \u0111\u1ea3m b\u1ea3o \u0111\u1ed9 b\u1ec1n v\u00e0 ch\u1ee9c n\u0103ng:<\/span><\/p>\n<ul class=\"AnswerParser_AnswerParserUnorderedList__P_1FW\">\n<li class=\"AnswerParser_ListItem__XqLOV\" translate=\"yes\"><strong>PVC\/PET<\/strong>:Nh\u1eefng v\u1eadt li\u1ec7u n\u00e0y th\u01b0\u1eddng \u0111\u01b0\u1ee3c s\u1eed d\u1ee5ng v\u00ec \u0111\u1ed9 b\u1ec1n v\u00e0 t\u00ednh linh ho\u1ea1t c\u1ee7a ch\u00fang, khi\u1ebfn ch\u00fang tr\u1edf n\u00ean l\u00fd t\u01b0\u1edfng cho m\u1ee5c \u0111\u00edch s\u1eed d\u1ee5ng h\u00e0ng ng\u00e0y.<\/li>\n<li class=\"AnswerParser_ListItem__XqLOV\" translate=\"yes\"><strong>V\u1eadt li\u1ec7u ch\u1ed1ng kim lo\u1ea1i<\/strong>: Thi\u1ebft k\u1ebf ch\u1ed1ng kim lo\u1ea1i \u0111\u1ed9c \u0111\u00e1o cho ph\u00e9p s\u1eed d\u1ee5ng th\u1ebb NFC tr\u00ean b\u1ec1 m\u1eb7t kim lo\u1ea1i m\u00e0 kh\u00f4ng b\u1ecb nhi\u1ec5u, \u0111\u1ea3m b\u1ea3o hi\u1ec7u su\u1ea5t \u0111\u00e1ng tin c\u1eady.<\/li>\n<\/ul>\n<p><span class=\"AnswerParser_TextContainer__z_Iiv\" data-testid=\"youchat-text\">Ngo\u00e0i ra, k\u00edch th\u01b0\u1edbc c\u1ee7a th\u1ebb ti\u1ec1n xu NFC c\u00f3 th\u1ec3 \u0111\u01b0\u1ee3c t\u00f9y ch\u1ec9nh \u0111\u1ec3 \u0111\u00e1p \u1ee9ng nhu c\u1ea7u c\u1ee5 th\u1ec3, mang l\u1ea1i s\u1ef1 linh ho\u1ea1t trong thi\u1ebft k\u1ebf v\u00e0 \u1ee9ng d\u1ee5ng.<\/span><\/p>\n<h2 class=\"AnswerParser_AnswerParserH2__SIHnF\">K\u1ef9 thu\u1eadt in \u1ea5n v\u00e0 th\u1ee7 c\u00f4ng<\/h2>\n<p><span class=\"AnswerParser_TextContainer__z_Iiv\" data-testid=\"youchat-text\">C\u00e1c t\u00f9y ch\u1ecdn in \u1ea5n v\u00e0 ch\u1ebf t\u00e1c c\u00f3 s\u1eb5n cho th\u1ebb ti\u1ec1n xu NFC t\u00f9y ch\u1ec9nh bao g\u1ed3m:<\/span><\/p>\n<ul class=\"AnswerParser_AnswerParserUnorderedList__P_1FW\">\n<li class=\"AnswerParser_ListItem__XqLOV\" translate=\"yes\"><strong>In offset CMYK\/In k\u1ef9 thu\u1eadt s\u1ed1<\/strong>:C\u00e1c k\u1ef9 thu\u1eadt n\u00e0y cho ph\u00e9p t\u1ea1o ra c\u00e1c thi\u1ebft k\u1ebf \u0111\u1ea7y m\u00e0u s\u1eafc, ch\u1ea5t l\u01b0\u1ee3ng cao c\u00f3 th\u1ec3 ch\u1ee9a logo, th\u01b0\u01a1ng hi\u1ec7u v\u00e0 c\u00e1c y\u1ebfu t\u1ed1 tr\u1ef1c quan kh\u00e1c.<\/li>\n<li class=\"AnswerParser_ListItem__XqLOV\" translate=\"yes\"><strong>K\u1ef9 thu\u1eadt ch\u1ebf t\u00e1c<\/strong>:M\u1ed7i th\u1ebb c\u00f3 th\u1ec3 \u0111\u01b0\u1ee3c thi\u1ebft k\u1ebf v\u1edbi c\u00e1c t\u00ednh n\u0103ng \u0111\u1ed9c \u0111\u00e1o, ch\u1eb3ng h\u1ea1n nh\u01b0 \u0111\u00e1nh s\u1ed1 ho\u1eb7c m\u00e3 h\u00f3a, \u0111\u1ec3 t\u0103ng c\u01b0\u1eddng ch\u1ee9c n\u0103ng v\u00e0 th\u01b0\u01a1ng hi\u1ec7u.<\/li>\n<\/ul>\n<p><span class=\"AnswerParser_TextContainer__z_Iiv\" data-testid=\"youchat-text\">C\u00e1c t\u00f9y ch\u1ecdn n\u00e0y \u0111\u1ea3m b\u1ea3o r\u1eb1ng m\u1ed7i th\u1ebb ti\u1ec1n xu NFC c\u00f3 th\u1ec3 \u0111\u01b0\u1ee3c thi\u1ebft k\u1ebf ri\u00eang \u0111\u1ec3 ph\u1ea3n \u00e1nh b\u1ea3n s\u1eafc th\u01b0\u01a1ng hi\u1ec7u trong khi v\u1eabn duy tr\u00ec c\u00e1c ti\u00eau chu\u1ea9n ch\u1ea5t l\u01b0\u1ee3ng cao.<\/span><\/p>\n<h2 class=\"AnswerParser_AnswerParserH2__SIHnF\">\u1ee8ng d\u1ee5ng c\u1ee7a th\u1ebb ti\u1ec1n xu NFC trong ti\u1ebfp th\u1ecb<\/h2>\n<p><span class=\"AnswerParser_TextContainer__z_Iiv\" data-testid=\"youchat-text\">Th\u1ebb ti\u1ec1n xu NFC c\u00f3 th\u1ec3 \u0111\u01b0\u1ee3c s\u1eed d\u1ee5ng trong nhi\u1ec1u \u1ee9ng d\u1ee5ng ti\u1ebfp th\u1ecb kh\u00e1c nhau, bao g\u1ed3m:<\/span><\/p>\n<ul class=\"AnswerParser_AnswerParserUnorderedList__P_1FW\">\n<li class=\"AnswerParser_ListItem__XqLOV\" translate=\"yes\"><strong>\u00c1p ph\u00edch th\u00f4ng minh<\/strong>:C\u00e1c th\u01b0\u01a1ng hi\u1ec7u c\u00f3 th\u1ec3 nh\u00fang th\u1ebb ti\u1ec1n xu NFC v\u00e0o \u00e1p ph\u00edch \u0111\u1ec3 thu h\u00fat ng\u01b0\u1eddi ti\u00eau d\u00f9ng b\u1eb1ng n\u1ed9i dung t\u01b0\u01a1ng t\u00e1c, ch\u1eb3ng h\u1ea1n nh\u01b0 video ho\u1eb7c \u01b0u \u0111\u00e3i khuy\u1ebfn m\u1ea1i.<\/li>\n<li class=\"AnswerParser_ListItem__XqLOV\" translate=\"yes\"><strong>Bao b\u00ec s\u1ea3n ph\u1ea9m<\/strong>:B\u1eb1ng c\u00e1ch t\u00edch h\u1ee3p th\u1ebb NFC v\u00e0o bao b\u00ec s\u1ea3n ph\u1ea9m, c\u00e1c c\u00f4ng ty c\u00f3 th\u1ec3 cung c\u1ea5p cho kh\u00e1ch h\u00e0ng kh\u1ea3 n\u0103ng truy c\u1eadp d\u1ec5 d\u00e0ng v\u00e0o th\u00f4ng tin v\u1ec1 s\u1ea3n ph\u1ea9m, bao g\u1ed3m h\u01b0\u1edbng d\u1eabn, m\u1eb9o s\u1eed d\u1ee5ng v\u00e0 c\u00e1c \u01b0u \u0111\u00e3i \u0111\u1eb7c bi\u1ec7t.<\/li>\n<li class=\"AnswerParser_ListItem__XqLOV\" translate=\"yes\"><strong>Chi\u1ebfn d\u1ecbch s\u1ef1 ki\u1ec7n<\/strong>: Th\u1ebb ti\u1ec1n xu NFC c\u00f3 th\u1ec3 \u0111\u01b0\u1ee3c s\u1eed d\u1ee5ng t\u1ea1i c\u00e1c s\u1ef1 ki\u1ec7n \u0111\u1ec3 gi\u00fap truy c\u1eadp nhanh v\u00e0o th\u00f4ng tin s\u1ef1 ki\u1ec7n, l\u1ecbch tr\u00ecnh v\u00e0 t\u00e0i li\u1ec7u qu\u1ea3ng c\u00e1o.<\/li>\n<\/ul>\n<p><span class=\"AnswerParser_TextContainer__z_Iiv\" data-testid=\"youchat-text\">C\u00e1c \u1ee9ng d\u1ee5ng n\u00e0y ch\u1ee9ng minh t\u00ednh linh ho\u1ea1t c\u1ee7a th\u1ebb ti\u1ec1n xu NFC trong vi\u1ec7c t\u0103ng c\u01b0\u1eddng n\u1ed7 l\u1ef1c ti\u1ebfp th\u1ecb v\u00e0 thu h\u00fat ng\u01b0\u1eddi ti\u00eau d\u00f9ng.<\/span><\/p>\n<h2 class=\"AnswerParser_AnswerParserH2__SIHnF\">S\u1ed1 l\u01b0\u1ee3ng \u0111\u1eb7t h\u00e0ng t\u1ed1i thi\u1ec3u v\u00e0 t\u00ecnh tr\u1ea1ng m\u1eabu c\u00f3 s\u1eb5n<\/h2>\n<p><span class=\"AnswerParser_TextContainer__z_Iiv\" data-testid=\"youchat-text\">Khi c\u00e2n nh\u1eafc s\u1eed d\u1ee5ng th\u1ebb ti\u1ec1n xu NFC t\u00f9y ch\u1ec9nh, \u0111i\u1ec1u quan tr\u1ecdng l\u00e0 ph\u1ea3i l\u01b0u \u00fd nh\u1eefng \u0111i\u1ec1u sau:<\/span><\/p>\n<ul class=\"AnswerParser_AnswerParserUnorderedList__P_1FW\">\n<li class=\"AnswerParser_ListItem__XqLOV\" translate=\"yes\"><strong>S\u1ed1 l\u01b0\u1ee3ng \u0111\u1eb7t h\u00e0ng t\u1ed1i thi\u1ec3u (MOQ)<\/strong>: MOQ cho th\u1ebb ti\u1ec1n xu NFC t\u00f9y ch\u1ec9nh l\u00e0\u00a0<strong>500<\/strong>\u00a0\u0111\u01a1n v\u1ecb, \u0111\u1ea3m b\u1ea3o r\u1eb1ng c\u00e1c doanh nghi\u1ec7p c\u00f3 th\u1ec3 m\u1edf r\u1ed9ng c\u00e1c n\u1ed7 l\u1ef1c qu\u1ea3ng c\u00e1o c\u1ee7a m\u00ecnh m\u1ed9t c\u00e1ch hi\u1ec7u qu\u1ea3.<\/li>\n<li class=\"AnswerParser_ListItem__XqLOV\" translate=\"yes\"><strong>M\u1eabu c\u00f3 s\u1eb5n<\/strong>: C\u00e1c m\u1eabu mi\u1ec5n ph\u00ed s\u1ebd \u0111\u01b0\u1ee3c cung c\u1ea5p theo y\u00eau c\u1ea7u, cho ph\u00e9p c\u00e1c doanh nghi\u1ec7p \u0111\u00e1nh gi\u00e1 ch\u1ea5t l\u01b0\u1ee3ng v\u00e0 ch\u1ee9c n\u0103ng c\u1ee7a th\u1ebb NFC tr\u01b0\u1edbc khi \u0111\u1eb7t h\u00e0ng s\u1ed1 l\u01b0\u1ee3ng l\u1edbn.<\/li>\n<\/ul>\n<p><span class=\"AnswerParser_TextContainer__z_Iiv\" data-testid=\"youchat-text\">T\u00ednh linh ho\u1ea1t n\u00e0y gi\u00fap c\u00e1c doanh nghi\u1ec7p d\u1ec5 d\u00e0ng k\u1ebft h\u1ee3p c\u00f4ng ngh\u1ec7 NFC v\u00e0o chi\u1ebfn l\u01b0\u1ee3c ti\u1ebfp th\u1ecb c\u1ee7a m\u00ecnh.<\/span><\/p>\n<h2 class=\"AnswerParser_AnswerParserH2__SIHnF\">T\u00ednh n\u0103ng b\u1ea3o m\u1eadt c\u1ee7a c\u00f4ng ngh\u1ec7 NFC<\/h2>\n<p><span class=\"AnswerParser_TextContainer__z_Iiv\" data-testid=\"youchat-text\">C\u00f4ng ngh\u1ec7 NFC bao g\u1ed3m m\u1ed9t s\u1ed1 t\u00ednh n\u0103ng b\u1ea3o m\u1eadt \u0111\u1ec3 b\u1ea3o v\u1ec7 d\u1eef li\u1ec7u v\u00e0 giao d\u1ecbch:<\/span><\/p>\n<ul class=\"AnswerParser_AnswerParserUnorderedList__P_1FW\">\n<li class=\"AnswerParser_ListItem__XqLOV\" translate=\"yes\"><strong>M\u00e3 h\u00f3a<\/strong>:D\u1eef li\u1ec7u trao \u0111\u1ed5i gi\u1eefa th\u1ebb NFC v\u00e0 \u0111i\u1ec7n tho\u1ea1i th\u00f4ng minh c\u00f3 th\u1ec3 \u0111\u01b0\u1ee3c m\u00e3 h\u00f3a, \u0111\u1ea3m b\u1ea3o th\u00f4ng tin nh\u1ea1y c\u1ea3m \u0111\u01b0\u1ee3c an to\u00e0n.<\/li>\n<li class=\"AnswerParser_ListItem__XqLOV\" translate=\"yes\"><strong>Ch\u1ed1ng gi\u1ea3 m\u1ea1o<\/strong>:Nhi\u1ec1u th\u1ebb NFC \u0111\u01b0\u1ee3c thi\u1ebft k\u1ebf \u0111\u1ec3 ch\u1ed1ng gi\u1ea3 m\u1ea1o, cung c\u1ea5p th\u00eam m\u1ed9t l\u1edbp b\u1ea3o m\u1eadt cho c\u00e1c th\u01b0\u01a1ng hi\u1ec7u v\u00e0 ng\u01b0\u1eddi ti\u00eau d\u00f9ng.<\/li>\n<\/ul>\n<p><span class=\"AnswerParser_TextContainer__z_Iiv\" data-testid=\"youchat-text\">C\u00e1c t\u00ednh n\u0103ng b\u1ea3o m\u1eadt n\u00e0y khi\u1ebfn c\u00f4ng ngh\u1ec7 NFC tr\u1edf th\u00e0nh s\u1ef1 l\u1ef1a ch\u1ecdn \u0111\u00e1ng tin c\u1eady cho c\u00e1c doanh nghi\u1ec7p mu\u1ed1n thu h\u00fat kh\u00e1ch h\u00e0ng \u0111\u1ed3ng th\u1eddi b\u1ea3o v\u1ec7 d\u1eef li\u1ec7u c\u1ee7a h\u1ecd.<\/span><\/p>\n<h2 class=\"AnswerParser_AnswerParserH2__SIHnF\">C\u00e2u h\u1ecfi th\u01b0\u1eddng g\u1eb7p v\u1ec1 Th\u1ebb NFC ch\u1ed1ng kim lo\u1ea1i t\u00f9y ch\u1ec9nh<\/h2>\n<p><span class=\"AnswerParser_TextContainer__z_Iiv\" data-testid=\"youchat-text\"><strong>H: Th\u1ebb ti\u1ec1n xu NFC c\u00f3 th\u1ec3 t\u00e1i s\u1eed d\u1ee5ng \u0111\u01b0\u1ee3c kh\u00f4ng?<\/strong><br \/>\nA: Th\u1ebb ti\u1ec1n xu NFC th\u01b0\u1eddng c\u00f3 th\u1ec3 s\u1eed d\u1ee5ng nhi\u1ec1u l\u1ea7n, t\u00f9y thu\u1ed9c v\u00e0o lo\u1ea1i chip v\u00e0 li\u1ec7u ch\u00fang c\u00f3 \u0111\u01b0\u1ee3c l\u1eadp tr\u00ecnh \u0111\u1ec3 l\u01b0u tr\u1eef d\u1eef li\u1ec7u m\u1edbi hay kh\u00f4ng.<\/span><\/p>\n<p><span class=\"AnswerParser_TextContainer__z_Iiv\" data-testid=\"youchat-text\"><strong>H: Thi\u1ebft b\u1ecb n\u00e0o t\u01b0\u01a1ng th\u00edch v\u1edbi th\u1ebb ti\u1ec1n xu NFC?<\/strong><br \/>\nA: Th\u1ebb ti\u1ec1n xu NFC t\u01b0\u01a1ng th\u00edch v\u1edbi h\u1ea7u h\u1ebft c\u00e1c \u0111i\u1ec7n tho\u1ea1i th\u00f4ng minh h\u1ed7 tr\u1ee3 NFC, bao g\u1ed3m c\u00e1c thi\u1ebft b\u1ecb Android v\u00e0 iPhone.<\/span><\/p>\n<p><span class=\"AnswerParser_TextContainer__z_Iiv\" data-testid=\"youchat-text\"><strong>H: Th\u1ebb ti\u1ec1n xu NFC c\u00f3 ch\u1ed1ng th\u1ea5m n\u01b0\u1edbc kh\u00f4ng?<\/strong><br \/>\nA: M\u1eb7c d\u00f9 th\u1ebb ti\u1ec1n xu NFC \u0111\u01b0\u1ee3c thi\u1ebft k\u1ebf \u0111\u1ec3 c\u00f3 \u0111\u1ed9 b\u1ec1n cao, kh\u1ea3 n\u0103ng ch\u1ed1ng n\u01b0\u1edbc c\u1ee7a ch\u00fang c\u00f3 th\u1ec3 kh\u00e1c nhau t\u00f9y thu\u1ed9c v\u00e0o v\u1eadt li\u1ec7u \u0111\u01b0\u1ee3c s\u1eed d\u1ee5ng. \u0110i\u1ec1u c\u1ea7n thi\u1ebft l\u00e0 ph\u1ea3i ki\u1ec3m tra th\u00f4ng s\u1ed1 k\u1ef9 thu\u1eadt \u0111\u1ec3 bi\u1ebft chi ti\u1ebft.<\/span><\/p>","protected":false},"excerpt":{"rendered":"<p>Th\u1ebb ti\u1ec1n xu NFC ch\u1ed1ng kim lo\u1ea1i t\u00f9y ch\u1ec9nh cho ph\u00e9p ng\u01b0\u1eddi ti\u00eau d\u00f9ng t\u01b0\u01a1ng t\u00e1c li\u1ec1n m\u1ea1ch. Ch\u1ea1m \u0111\u1ec3 truy c\u1eadp th\u00f4ng tin ngay l\u1eadp t\u1ee9c, ho\u00e0n h\u1ea3o cho ti\u1ebfp th\u1ecb tr\u00ean b\u1ec1 m\u1eb7t kim lo\u1ea1i.<\/p>","protected":false},"featured_media":2577,"template":"","meta":{"_kad_post_transparent":"default","_kad_post_title":"","_kad_post_layout":"default","_kad_post_sidebar_id":"","_kad_post_content_style":"default","_kad_post_vertical_padding":"default","_kad_post_feature":"","_kad_post_feature_position":"","_kad_post_header":false,"_kad_post_footer":false,"_kad_post_classname":""},"product_brand":[],"product_cat":[54],"product_tag":[292,290,293],"class_list":{"0":"post-2576","1":"product","2":"type-product","3":"status-publish","4":"has-post-thumbnail","6":"product_cat-hot-selling-rfid-tags","7":"product_tag-anti-metal-nfc-coin-tag","8":"product_tag-nfc-tag","9":"product_tag-nfc-token","11":"first","12":"instock","13":"shipping-taxable","14":"product-type-simple","15":"entry","16":"content-bg","17":"loop-entry"},"_links":{"self":[{"href":"https:\/\/rfid-laundry-tag.com\/vi\/wp-json\/wp\/v2\/product\/2576","targetHints":{"allow":["GET"]}}],"collection":[{"href":"https:\/\/rfid-laundry-tag.com\/vi\/wp-json\/wp\/v2\/product"}],"about":[{"href":"https:\/\/rfid-laundry-tag.com\/vi\/wp-json\/wp\/v2\/types\/product"}],"version-history":[{"count":1,"href":"https:\/\/rfid-laundry-tag.com\/vi\/wp-json\/wp\/v2\/product\/2576\/revisions"}],"predecessor-version":[{"id":2580,"href":"https:\/\/rfid-laundry-tag.com\/vi\/wp-json\/wp\/v2\/product\/2576\/revisions\/2580"}],"wp:featuredmedia":[{"embeddable":true,"href":"https:\/\/rfid-laundry-tag.com\/vi\/wp-json\/wp\/v2\/media\/2577"}],"wp:attachment":[{"href":"https:\/\/rfid-laundry-tag.com\/vi\/wp-json\/wp\/v2\/media?parent=2576"}],"wp:term":[{"taxonomy":"product_brand","embeddable":true,"href":"https:\/\/rfid-laundry-tag.com\/vi\/wp-json\/wp\/v2\/product_brand?post=2576"},{"taxonomy":"product_cat","embeddable":true,"href":"https:\/\/rfid-laundry-tag.com\/vi\/wp-json\/wp\/v2\/product_cat?post=2576"},{"taxonomy":"product_tag","embeddable":true,"href":"https:\/\/rfid-laundry-tag.com\/vi\/wp-json\/wp\/v2\/product_tag?post=2576"}],"curies":[{"name":"wp","href":"https:\/\/api.w.org\/{rel}","templated":true}]}}