{"id":2571,"date":"2024-09-17T13:42:59","date_gmt":"2024-09-17T13:42:59","guid":{"rendered":"https:\/\/rfid-laundry-tag.com\/?post_type=product&#038;p=2571"},"modified":"2024-09-17T13:43:00","modified_gmt":"2024-09-17T13:43:00","slug":"custom-guard-nfc-token-on-metal","status":"publish","type":"product","link":"https:\/\/rfid-laundry-tag.com\/vi\/custom-guard-nfc-token-on-metal\/","title":{"rendered":"Custom Guard NFC Token TR\u00caN KIM LO\u1ea0I"},"content":{"rendered":"<h3>Custom Guard NFC Token TR\u00caN KIM LO\u1ea0I<\/h3>\n<h3>C\u00e1c t\u00ednh n\u0103ng ch\u00ednh:<\/h3>\n<ul>\n<li><strong>Lo\u1ea1i Chip<\/strong>:NTAG213, \u0111\u01b0\u1ee3c bi\u1ebft \u0111\u1ebfn v\u1edbi dung l\u01b0\u1ee3ng b\u1ed9 nh\u1edb l\u1edbn, ph\u00f9 h\u1ee3p v\u1edbi nhi\u1ec1u \u1ee9ng d\u1ee5ng kh\u00e1c nhau.<\/li>\n<li><strong>Ch\u1ee9c n\u0103ng On-Metal<\/strong>: \u0110\u01b0\u1ee3c trang b\u1ecb l\u1edbp c\u00e1ch ly ch\u1ed1ng kim lo\u1ea1i d\u00e0y 0,2mm, cho ph\u00e9p NFC ho\u1ea1t \u0111\u1ed9ng \u0111\u00e1ng tin c\u1eady tr\u00ean b\u1ec1 m\u1eb7t kim lo\u1ea1i.<\/li>\n<li><strong>V\u1eadt li\u1ec7u<\/strong>: \u0110\u01b0\u1ee3c l\u00e0m t\u1eeb nh\u1ef1a PVC m\u1ecbn, c\u1ee9ng c\u00e1p, \u0111\u01b0\u1ee3c thi\u1ebft k\u1ebf ch\u1ed1ng n\u01b0\u1edbc v\u00e0 c\u00f3 th\u1ec3 t\u00f9y ch\u1ec9nh theo logo ho\u1eb7c h\u00ecnh \u1ea3nh minh h\u1ecda; c\u0169ng c\u00f3 m\u00e0u \u0111en.<\/li>\n<li><strong>Keo d\u00ednh<\/strong>: \u0110i k\u00e8m v\u1edbi b\u0103ng keo gi\u1ea5y 3M 9448A, m\u1ed9t lo\u1ea1i keo acrylic nh\u1eb9 c\u00f3 kh\u1ea3 n\u0103ng li\u00ean k\u1ebft ch\u1eafc ch\u1eafn v\u1edbi nhi\u1ec1u b\u1ec1 m\u1eb7t kh\u00e1c nhau; c\u0169ng c\u00f3 s\u1eb5n t\u00f9y ch\u1ecdn kh\u00f4ng c\u1ea7n keo.<\/li>\n<li><strong>T\u00f9y ch\u1ecdn k\u00edch th\u01b0\u1edbc<\/strong>: C\u00f3 nhi\u1ec1u h\u00ecnh d\u1ea1ng kh\u00e1c nhau nh\u01b0 h\u00ecnh tr\u00f2n (25mm, 30mm, 35mm) v\u00e0 h\u00ecnh vu\u00f4ng (30mm x 30mm), c\u00f3 th\u1ec3 t\u00f9y ch\u1ec9nh k\u00edch th\u01b0\u1edbc.<\/li>\n<li><strong>Ch\u1ebf \u0111\u1ed9 l\u00e0m vi\u1ec7c<\/strong>: H\u1ed7 tr\u1ee3 c\u1ea3 ch\u1ee9c n\u0103ng \u0111\u1ecdc v\u00e0 ghi \u0111\u1ec3 l\u01b0u tr\u1eef v\u00e0 truy xu\u1ea5t d\u1eef li\u1ec7u.<\/li>\n<li><strong>Kho\u1ea3ng c\u00e1ch \u0111\u1ecdc<\/strong>: C\u00f3 kh\u1ea3 n\u0103ng \u0111\u1ecdc t\u1eeb kho\u1ea3ng c\u00e1ch 1-30cm, t\u00f9y thu\u1ed9c v\u00e0o \u0111i\u1ec1u ki\u1ec7n s\u1eed d\u1ee5ng c\u1ee5 th\u1ec3.<\/li>\n<li><strong>T\u00f9y ch\u1ecdn th\u1ee7 c\u00f4ng<\/strong>: C\u00e1c l\u1edbp ho\u00e0n thi\u1ec7n c\u00f3 th\u1ec3 t\u00f9y ch\u1ec9nh bao g\u1ed3m l\u1edbp b\u00f3ng, l\u1edbp m\u1edd, l\u1edbp ba chi\u1ec1u v\u00e0 c\u00e1c t\u00f9y ch\u1ecdn \u0111\u00e1nh s\u1ed1 b\u1eb1ng laser ho\u1eb7c m\u00e3 QR.<\/li>\n<\/ul>\n<h3>\u1ee8ng d\u1ee5ng:<\/h3>\n<ul>\n<li><strong>Ki\u1ec3m so\u00e1t truy c\u1eadp<\/strong>: L\u00fd t\u01b0\u1edfng \u0111\u1ec3 gi\u00e1m s\u00e1t v\u00e0 ki\u1ec3m so\u00e1t ra v\u00e0o trong nhi\u1ec1u m\u00f4i tr\u01b0\u1eddng kh\u00e1c nhau.<\/li>\n<li><strong>T\u1ef1 \u0111\u1ed9ng h\u00f3a<\/strong>: C\u00f3 th\u1ec3 s\u1eed d\u1ee5ng trong c\u00e1c h\u1ec7 th\u1ed1ng t\u1ef1 \u0111\u1ed9ng \u0111\u1ec3 theo d\u00f5i v\u00e0 nh\u1eadn d\u1ea1ng.<\/li>\n<li><strong>Qu\u1ea3n l\u00fd h\u00e0ng t\u1ed3n kho<\/strong>: H\u1eefu \u00edch cho vi\u1ec7c qu\u1ea3n l\u00fd kho v\u00e0 h\u00e0ng t\u1ed3n kho v\u1edbi kh\u1ea3 n\u0103ng nh\u1eadn d\u1ea1ng c\u00e1c m\u1eb7t h\u00e0ng \u0111\u01b0\u1ee3c g\u1eafn th\u1ebb theo th\u1eddi gian th\u1ef1c.<\/li>\n<li><strong>Chuy\u1ebfn \u0111i b\u1ea3o v\u1ec7<\/strong>:\u0110\u01b0\u1ee3c thi\u1ebft k\u1ebf chuy\u00ean d\u1ee5ng \u0111\u1ec3 s\u1eed d\u1ee5ng trong h\u1ec7 th\u1ed1ng tu\u1ea7n tra b\u1ea3o v\u1ec7, \u0111\u1ea3m b\u1ea3o theo d\u00f5i hi\u1ec7u qu\u1ea3 nh\u00e2n vi\u00ean an ninh.<\/li>\n<\/ul>\n<p>Lo\u1ea1i m\u00e3 th\u00f4ng b\u00e1o NFC n\u00e0y k\u1ebft h\u1ee3p ho\u00e0n h\u1ea3o gi\u1eefa ch\u1ee9c n\u0103ng v\u00e0 t\u00ednh d\u1ec5 s\u1eed d\u1ee5ng, khi\u1ebfn n\u00f3 tr\u1edf th\u00e0nh l\u1ef1a ch\u1ecdn tuy\u1ec7t v\u1eddi cho nhi\u1ec1u \u1ee9ng d\u1ee5ng NFC trong b\u1ea3o m\u1eadt v\u00e0 qu\u1ea3n l\u00fd t\u00e0i s\u1ea3n.<\/p>","protected":false},"excerpt":{"rendered":"<p>C\u00e1c m\u00e3 th\u00f4ng b\u00e1o NFC tr\u00ean kim lo\u1ea1i \u0111\u00e3 c\u00e1ch m\u1ea1ng h\u00f3a c\u00e1ch ch\u00fang ta t\u01b0\u01a1ng t\u00e1c v\u1edbi c\u00f4ng ngh\u1ec7, \u0111\u1eb7c bi\u1ec7t l\u00e0 trong l\u0129nh v\u1ef1c b\u1ea3o m\u1eadt v\u00e0 qu\u1ea3n l\u00fd t\u00e0i s\u1ea3n.<\/p>","protected":false},"featured_media":2572,"template":"","meta":{"_kad_post_transparent":"default","_kad_post_title":"","_kad_post_layout":"default","_kad_post_sidebar_id":"","_kad_post_content_style":"default","_kad_post_vertical_padding":"default","_kad_post_feature":"","_kad_post_feature_position":"","_kad_post_header":false,"_kad_post_footer":false,"_kad_post_classname":""},"product_brand":[],"product_cat":[54],"product_tag":[],"class_list":{"0":"post-2571","1":"product","2":"type-product","3":"status-publish","4":"has-post-thumbnail","6":"product_cat-hot-selling-rfid-tags","8":"first","9":"instock","10":"shipping-taxable","11":"product-type-simple","12":"entry","13":"content-bg","14":"loop-entry"},"_links":{"self":[{"href":"https:\/\/rfid-laundry-tag.com\/vi\/wp-json\/wp\/v2\/product\/2571","targetHints":{"allow":["GET"]}}],"collection":[{"href":"https:\/\/rfid-laundry-tag.com\/vi\/wp-json\/wp\/v2\/product"}],"about":[{"href":"https:\/\/rfid-laundry-tag.com\/vi\/wp-json\/wp\/v2\/types\/product"}],"version-history":[{"count":2,"href":"https:\/\/rfid-laundry-tag.com\/vi\/wp-json\/wp\/v2\/product\/2571\/revisions"}],"predecessor-version":[{"id":2575,"href":"https:\/\/rfid-laundry-tag.com\/vi\/wp-json\/wp\/v2\/product\/2571\/revisions\/2575"}],"wp:featuredmedia":[{"embeddable":true,"href":"https:\/\/rfid-laundry-tag.com\/vi\/wp-json\/wp\/v2\/media\/2572"}],"wp:attachment":[{"href":"https:\/\/rfid-laundry-tag.com\/vi\/wp-json\/wp\/v2\/media?parent=2571"}],"wp:term":[{"taxonomy":"product_brand","embeddable":true,"href":"https:\/\/rfid-laundry-tag.com\/vi\/wp-json\/wp\/v2\/product_brand?post=2571"},{"taxonomy":"product_cat","embeddable":true,"href":"https:\/\/rfid-laundry-tag.com\/vi\/wp-json\/wp\/v2\/product_cat?post=2571"},{"taxonomy":"product_tag","embeddable":true,"href":"https:\/\/rfid-laundry-tag.com\/vi\/wp-json\/wp\/v2\/product_tag?post=2571"}],"curies":[{"name":"wp","href":"https:\/\/api.w.org\/{rel}","templated":true}]}}