{"id":2567,"date":"2024-09-16T05:27:07","date_gmt":"2024-09-16T05:27:07","guid":{"rendered":"https:\/\/rfid-laundry-tag.com\/?post_type=product&#038;p=2567"},"modified":"2024-09-16T05:27:07","modified_gmt":"2024-09-16T05:27:07","slug":"custom-printing-on-metal-nfc-sticker-ntag213","status":"publish","type":"product","link":"https:\/\/rfid-laundry-tag.com\/vi\/custom-printing-on-metal-nfc-sticker-ntag213\/","title":{"rendered":"In t\u00f9y ch\u1ec9nh tr\u00ean nh\u00e3n d\u00e1n NFC kim lo\u1ea1i NTAG213"},"content":{"rendered":"<p><strong>Nh\u00e3n d\u00e1n NFC tr\u00ean kim lo\u1ea1i<\/strong>\u00a0\u0111\u01b0\u1ee3c trang b\u1ecb \u0111\u00e1ng tin c\u1eady\u00a0<strong>Chip NFC NTAG213<\/strong>. Nh\u1eefng nh\u00e3n d\u00e1n s\u00e1ng t\u1ea1o n\u00e0y \u0111\u01b0\u1ee3c thi\u1ebft k\u1ebf \u0111\u1ec3 ho\u1ea1t \u0111\u1ed9ng ho\u00e0n h\u1ea3o tr\u00ean b\u1ec1 m\u1eb7t kim lo\u1ea1i, m\u1edf ra m\u1ed9t c\u00e1ch n\u0103ng \u0111\u1ed9ng \u0111\u1ec3 thu h\u00fat kh\u00e1ch h\u00e0ng, chia s\u1ebb th\u00f4ng tin nhanh ch\u00f3ng v\u00e0 t\u0103ng c\u01b0\u1eddng c\u00e1c chi\u1ebfn l\u01b0\u1ee3c ti\u1ebfp th\u1ecb. Cho d\u00f9 b\u1ea1n mu\u1ed1n gi\u1edbi thi\u1ec7u logo, cung c\u1ea5p th\u00f4ng tin s\u1ea3n ph\u1ea9m hay th\u00fac \u0111\u1ea9y t\u01b0\u01a1ng t\u00e1c c\u1ee7a kh\u00e1ch h\u00e0ng, nh\u00e3n d\u00e1n NFC tr\u00ean kim lo\u1ea1i c\u1ee7a ch\u00fang t\u00f4i ch\u00ednh l\u00e0 gi\u1ea3i ph\u00e1p b\u1ea1n \u0111ang t\u00ecm ki\u1ebfm.<\/p>\n<table class=\"has-title is-zebra hight-light-first-column all magic-22\">\n<tbody>\n<tr>\n<td colspan=\"1\" rowspan=\"1\">\n<div class=\"magic-23\" data-spm-anchor-id=\"a2700.details.0.i46.640212393xXGMO\">T\u00ean s\u1ea3n ph\u1ea9m<\/div>\n<\/td>\n<td colspan=\"4\" rowspan=\"1\">\n<div class=\"magic-24\">In t\u00f9y ch\u1ec9nh tr\u00ean nh\u00e3n d\u00e1n NFC kim lo\u1ea1i NTAG213<\/div>\n<\/td>\n<\/tr>\n<tr>\n<td colspan=\"1\" rowspan=\"1\">\n<div class=\"magic-23\">T\u1ea7n s\u1ed1 l\u00e0m vi\u1ec7c<\/div>\n<\/td>\n<td colspan=\"4\" rowspan=\"1\">\n<div class=\"magic-24\">13,56MHz<\/div>\n<\/td>\n<\/tr>\n<tr>\n<td colspan=\"1\" rowspan=\"1\">\n<div class=\"magic-23\">Giao th\u1ee9c<\/div>\n<\/td>\n<td colspan=\"4\" rowspan=\"1\">\n<div class=\"magic-24\">\u00a0ISO14443A NFC Di\u1ec5n \u0111\u00e0n Lo\u1ea1i 2<\/div>\n<\/td>\n<\/tr>\n<tr>\n<td colspan=\"1\" rowspan=\"1\">\n<div class=\"magic-23\">V\u1eadt li\u1ec7u<\/div>\n<\/td>\n<td colspan=\"4\" rowspan=\"1\">\n<div class=\"magic-27\">Gi\u1ea5y ho\u1eb7c PET tr\u1eafng ho\u1eb7c PVC m\u1ec1m\/c\u1ee9ng<\/div>\n<\/td>\n<\/tr>\n<tr>\n<td colspan=\"1\" rowspan=\"1\">\n<div class=\"magic-23\">vi-r\u00fat<\/div>\n<\/td>\n<td colspan=\"4\" rowspan=\"1\">\n<div class=\"magic-27\">NXP Ntag213<\/div>\n<\/td>\n<\/tr>\n<tr>\n<td colspan=\"1\" rowspan=\"1\">\n<div class=\"magic-23\">\u0102ng-ten<\/div>\n<\/td>\n<td colspan=\"4\" rowspan=\"1\">\n<div class=\"magic-27\">\u0102ng ten kh\u1eafc<\/div>\n<\/td>\n<\/tr>\n<tr>\n<td colspan=\"1\" rowspan=\"1\">\n<div class=\"magic-23\">L\u01b0u tr\u1eef d\u1eef li\u1ec7u<\/div>\n<\/td>\n<td colspan=\"4\" rowspan=\"1\">\n<div class=\"magic-27\">20 n\u0103m<\/div>\n<\/td>\n<\/tr>\n<tr>\n<td colspan=\"1\" rowspan=\"1\">\n<div class=\"magic-23\">Cu\u1ed9c s\u1ed1ng chip<\/div>\n<\/td>\n<td colspan=\"4\" rowspan=\"1\">\n<div class=\"magic-27\">Vi\u1ebft \u0111\u1ed9 b\u1ec1n tr\u00ean 100.000 chu k\u1ef3<\/div>\n<\/td>\n<\/tr>\n<tr>\n<td colspan=\"1\" rowspan=\"1\">\n<div class=\"magic-23\">Nhi\u1ec7t \u0111\u1ed9 l\u01b0u tr\u1eef<\/div>\n<\/td>\n<td colspan=\"4\" rowspan=\"1\">\n<div class=\"magic-27\">-40~+85\u00b0C<\/div>\n<\/td>\n<\/tr>\n<tr>\n<td colspan=\"1\" rowspan=\"1\">\n<div class=\"magic-23\">Nhi\u1ec7t \u0111\u1ed9 l\u00e0m vi\u1ec7c<\/div>\n<\/td>\n<td colspan=\"4\" rowspan=\"1\">\n<div class=\"magic-27\">-20~+75\u00b0C<\/div>\n<\/td>\n<\/tr>\n<tr>\n<td colspan=\"1\" rowspan=\"1\">\n<div class=\"magic-23\">\u0110\u1ed9 \u1ea9m l\u01b0u tr\u1eef<\/div>\n<\/td>\n<td colspan=\"4\" rowspan=\"1\">\n<div class=\"magic-27\">5%\uff5e95%<\/div>\n<\/td>\n<\/tr>\n<tr>\n<td colspan=\"1\" rowspan=\"1\">\n<div class=\"magic-23\">C\u00e1ch c\u00e0i \u0111\u1eb7t<\/div>\n<\/td>\n<td colspan=\"4\" rowspan=\"1\">\n<div class=\"magic-27\">Tu\u00e2n th\u1ee7 c\u00e1c \u0111\u1ed1i t\u01b0\u1ee3ng ch\u00fang ta mu\u1ed1n x\u00e1c \u0111\u1ecbnh<\/div>\n<\/td>\n<\/tr>\n<tr>\n<td colspan=\"1\" rowspan=\"1\">\n<div class=\"magic-23\">Ch\u1ebf \u0111\u1ed9 l\u00e0m vi\u1ec7c<\/div>\n<\/td>\n<td colspan=\"4\" rowspan=\"1\">\n<div class=\"magic-27\">Th\u1ee5 \u0111\u1ed9ng (nh\u00e3n RFID th\u1ee5 \u0111\u1ed9ng)<\/div>\n<\/td>\n<\/tr>\n<tr>\n<td colspan=\"1\" rowspan=\"1\">\n<div class=\"magic-23\">D\u1ecbch v\u1ee5 c\u00e1 nh\u00e2n h\u00f3a<\/div>\n<\/td>\n<td colspan=\"4\" rowspan=\"1\">\n<div class=\"magic-27\">\u0110\u01b0\u1ee3c l\u1eadp tr\u00ecnh tr\u01b0\u1edbc: EPC<br \/>\nIn \u1ea5n: logo, laser UID, ch\u1eef c\u00e1i, m\u00e3 v\u1ea1ch, QR, ch\u1eef s\u1ed1, Slogan<\/div>\n<\/td>\n<\/tr>\n<tr>\n<td colspan=\"1\" rowspan=\"1\">\n<div class=\"magic-23\">\u1ee8ng d\u1ee5ng<\/div>\n<\/td>\n<td colspan=\"4\" rowspan=\"1\">\n<div class=\"magic-27\">\n<div data-spm-anchor-id=\"a2700.pc-decorate.0.i167.373e3333414ktv\">Thanh to\u00e1n kh\u00f4ng ti\u1ebfp x\u00fac<\/div>\n<div data-spm-anchor-id=\"a2700.pc-decorate.0.i167.373e3333414ktv\">ph\u01b0\u01a1ng ti\u1ec7n truy\u1ec1n th\u00f4ng x\u00e3 h\u1ed9i<\/div>\n<div data-spm-anchor-id=\"a2700.pc-decorate.0.i168.373e3333414ktv\">thi\u1ebft b\u1ecb t\u00e0i s\u1ea3n di \u0111\u1ed9ng \u0111i\u1ec7n tho\u1ea1i di \u0111\u1ed9ng, m\u00e1y t\u00ednh b\u1ea3ng, m\u00e1y t\u00ednh<\/div>\n<div data-spm-anchor-id=\"a2700.pc-decorate.0.i168.373e3333414ktv\">Logistics, B\u00e1n l\u1ebb Th\u1eddi trang, trang s\u1ee9c v\u00e0 m\u1ef9 ph\u1ea9m<\/div>\n<div data-spm-anchor-id=\"a2700.pc-decorate.0.i168.373e3333414ktv\">Ki\u1ec3m tra m\u00e1y m\u00f3c v\u00e0 thi\u1ebft b\u1ecb<\/div>\n<div data-spm-anchor-id=\"a2700.pc-decorate.0.i168.373e3333414ktv\">Nh\u1eadn d\u1ea1ng v\u00e0 ki\u1ec3m so\u00e1t truy c\u1eadp\u2026<\/div>\n<\/div>\n<\/td>\n<\/tr>\n<\/tbody>\n<\/table>\n<h2>T\u1ea1i sao n\u00ean ch\u1ecdn mi\u1ebfng d\u00e1n NFC tr\u00ean kim lo\u1ea1i Ntag213?<\/h2>\n<p>\u0110\u1ea7u t\u01b0 v\u00e0o nh\u00e3n d\u00e1n NFC tr\u00ean kim lo\u1ea1i kh\u00f4ng ch\u1ec9 n\u00e2ng cao kh\u1ea3 n\u0103ng hi\u1ec3n th\u1ecb th\u01b0\u01a1ng hi\u1ec7u c\u1ee7a b\u1ea1n m\u00e0 c\u00f2n c\u1ea3i thi\u1ec7n tr\u1ea3i nghi\u1ec7m c\u1ee7a ng\u01b0\u1eddi d\u00f9ng. S\u1eed d\u1ee5ng\u00a0<strong>NTAG213<\/strong>\u00a0chip, nh\u1eefng mi\u1ebfng d\u00e1n n\u00e0y c\u00f3 th\u1ec3 l\u01b0u tr\u1eef v\u00e0 truy\u1ec1n d\u1eef li\u1ec7u m\u1ed9t c\u00e1ch hi\u1ec7u qu\u1ea3. Ch\u00fang \u0111i k\u00e8m v\u1edbi\u00a0<strong>144 byte<\/strong>\u00a0dung l\u01b0\u1ee3ng l\u01b0u tr\u1eef, cung c\u1ea5p \u0111\u1ee7 kh\u00f4ng gian cho th\u00f4ng tin c\u1ea7n thi\u1ebft nh\u01b0 URL trang web, th\u00f4ng tin li\u00ean h\u1ec7 ho\u1eb7c c\u00e1c \u01b0u \u0111\u00e3i khuy\u1ebfn m\u1ea1i.<\/p>\n<h3>L\u1ee3i \u00edch ch\u00ednh c\u1ee7a nh\u00e3n d\u00e1n NFC tr\u00ean kim lo\u1ea1i<\/h3>\n<ul>\n<li><strong>T\u00f9y ch\u1ec9nh \u0111a n\u0103ng<\/strong>: T\u00f9y ch\u1ec9nh t\u1eebng nh\u00e3n d\u00e1n b\u1eb1ng logo, m\u00e3 v\u1ea1ch ho\u1eb7c v\u0103n b\u1ea3n \u0111\u01b0\u1ee3c in b\u1eb1ng m\u00e0u CMYK v\u00e0 \u0111en. Nh\u00e3n d\u00e1n c\u1ee7a ch\u00fang t\u00f4i c\u00f3 th\u1ec3 \u0111\u01b0\u1ee3c t\u00f9y ch\u1ec9nh \u0111\u1ec3 ph\u00f9 h\u1ee3p v\u1edbi nhu c\u1ea7u x\u00e2y d\u1ef1ng th\u01b0\u01a1ng hi\u1ec7u c\u1ee7a b\u1ea1n.<\/li>\n<li><strong>\u0110\u1ed9 b\u1ec1n<\/strong>:\u0110\u01b0\u1ee3c thi\u1ebft k\u1ebf \u0111\u1ec3 ch\u1ecbu \u0111\u01b0\u1ee3c nhi\u1ec1u \u0111i\u1ec1u ki\u1ec7n m\u00f4i tr\u01b0\u1eddng kh\u00e1c nhau, nh\u1eefng mi\u1ebfng d\u00e1n n\u00e0y \u0111\u01b0\u1ee3c thi\u1ebft k\u1ebf v\u1edbi l\u1edbp ferit \u0111\u1ec3 c\u00f3 hi\u1ec7u su\u1ea5t v\u01b0\u1ee3t tr\u1ed9i tr\u00ean b\u1ec1 m\u1eb7t kim lo\u1ea1i.<\/li>\n<li><strong>D\u1ec5 s\u1eed d\u1ee5ng<\/strong>: T\u01b0\u01a1ng t\u00e1c \u0111\u01a1n gi\u1ea3n v\u00e0 nhanh ch\u00f3ng \u2013 ch\u1ec9 c\u1ea7n ch\u1ea1m v\u00e0o nh\u00e3n d\u00e1n b\u1eb1ng\u00a0<strong>iPhone<\/strong>\u00a0ho\u1eb7c\u00a0<strong>Android<\/strong>\u00a0thi\u1ebft b\u1ecb \u0111\u1ec3 truy c\u1eadp t\u1ee9c th\u1eddi v\u00e0o n\u1ed9i dung b\u1ea1n ch\u1ec9 \u0111\u1ecbnh.<\/li>\n<\/ul>\n<h2>Hi\u1ec3u v\u1ec1 c\u00f4ng ngh\u1ec7 NFC NTAG213<\/h2>\n<p>Chip NFC NTAG213 l\u00e0 m\u1ed9t trong nh\u1eefng gi\u1ea3i ph\u00e1p \u0111\u00e1ng tin c\u1eady nh\u1ea5t trong l\u0129nh v\u1ef1c NFC, \u0111\u01b0\u1ee3c ch\u1ebf t\u1ea1o \u0111\u1eb7c bi\u1ec7t \u0111\u1ec3 \u0111\u1ea3m b\u1ea3o kh\u1ea3 n\u0103ng t\u01b0\u01a1ng th\u00edch v\u1edbi c\u1ea3 thi\u1ebft b\u1ecb iOS v\u00e0 Android. V\u1edbi dung l\u01b0\u1ee3ng b\u1ed9 nh\u1edb\u00a0<strong>144 byte<\/strong>, n\u00f3 ch\u1ee9a \u0111\u1ee7 d\u1eef li\u1ec7u cho c\u00e1c tr\u01b0\u1eddng h\u1ee3p s\u1eed d\u1ee5ng thi\u1ebft y\u1ebfu. \u0110i\u1ec3m kh\u00e1c bi\u1ec7t c\u1ee7a NTAG213 l\u00e0 c\u00e1c t\u00ednh n\u0103ng ch\u1ed1ng va ch\u1ea1m n\u00e2ng cao, cho ph\u00e9p nhi\u1ec1u th\u1ebb NFC ho\u1ea1t \u0111\u1ed9ng \u0111\u1ed3ng th\u1eddi m\u00e0 kh\u00f4ng b\u1ecb xung \u0111\u1ed9t.<\/p>\n<p>Khi ng\u01b0\u1eddi d\u00f9ng ch\u1ea1m \u0111i\u1ec7n tho\u1ea1i th\u00f4ng minh c\u1ee7a h\u1ecd v\u00e0o mi\u1ebfng d\u00e1n NFC kim lo\u1ea1i, h\u1ecd s\u1ebd ngay l\u1eadp t\u1ee9c \u0111\u01b0\u1ee3c k\u1ebft n\u1ed1i v\u1edbi n\u1ed9i dung k\u1ef9 thu\u1eadt s\u1ed1 mong mu\u1ed1n m\u00e0 kh\u00f4ng c\u1ea7n ph\u1ea3i t\u1ea3i xu\u1ed1ng b\u1ea5t k\u1ef3 \u1ee9ng d\u1ee5ng n\u00e0o. \u0110i\u1ec1u n\u00e0y\u00a0<strong>c\u1eafm v\u00e0 ch\u1ea1y<\/strong>\u00a0ch\u1ee9c n\u0103ng n\u00e0y l\u00e0m gi\u1ea3m r\u00e0o c\u1ea3n t\u01b0\u01a1ng t\u00e1c, khi\u1ebfn n\u00f3 tr\u1edf th\u00e0nh c\u00f4ng c\u1ee5 l\u00fd t\u01b0\u1edfng cho c\u00e1c doanh nghi\u1ec7p mu\u1ed1n thu h\u00fat ng\u01b0\u1eddi ti\u00eau d\u00f9ng m\u1ed9t c\u00e1ch hi\u1ec7u qu\u1ea3.<\/p>\n<h2>T\u00f9y ch\u1ecdn t\u00f9y ch\u1ec9nh cho nh\u00e3n d\u00e1n tr\u00ean kim lo\u1ea1i<\/h2>\n<p>M\u1ed9t trong nh\u1eefng kh\u00eda c\u1ea1nh h\u1ea5p d\u1eabn nh\u1ea5t c\u1ee7a nh\u00e3n d\u00e1n NFC tr\u00ean kim lo\u1ea1i l\u00e0 ph\u1ea1m vi t\u00f9y ch\u1ecdn t\u00f9y ch\u1ec9nh c\u00f3 s\u1eb5n. T\u1eeb h\u00ecnh d\u1ea1ng v\u00e0 k\u00edch th\u01b0\u1edbc \u0111\u1ebfn l\u1ef1a ch\u1ecdn in \u1ea5n, b\u1ea1n c\u00f3 th\u1ec3 ph\u00e1t tri\u1ec3n m\u1ed9t s\u1ea3n ph\u1ea9m ph\u00f9 h\u1ee3p v\u1edbi h\u00ecnh \u1ea3nh th\u01b0\u01a1ng hi\u1ec7u c\u1ee7a m\u00ecnh.<\/p>\n<ul>\n<li><strong>Thi\u1ebft k\u1ebf in \u1ea5n<\/strong>: S\u1eed d\u1ee5ng c\u00e1c k\u1ef9 thu\u1eadt in ch\u1ea5t l\u01b0\u1ee3ng cao \u0111\u1ec3 gi\u1edbi thi\u1ec7u logo s\u1ed1ng \u0111\u1ed9ng, ch\u1eef c\u00e1i \u0111\u1eb9p v\u00e0 m\u00e3 v\u1ea1ch \u0111\u1ed9c \u0111\u00e1o. Ch\u1ecdn gi\u1eefa l\u1edbp ho\u00e0n thi\u1ec7n b\u00f3ng ho\u1eb7c m\u1edd \u0111\u1ec3 ph\u00f9 h\u1ee3p v\u1edbi t\u00ednh th\u1ea9m m\u1ef9 c\u1ee7a s\u1ea3n ph\u1ea9m.<\/li>\n<li><strong>L\u1ef1a ch\u1ecdn v\u1eadt li\u1ec7u<\/strong>: Nh\u00e3n d\u00e1n tr\u00ean kim lo\u1ea1i c\u1ee7a ch\u00fang t\u00f4i c\u00f3 th\u1ec3 \u0111\u01b0\u1ee3c in tr\u00ean nhi\u1ec1u v\u1eadt li\u1ec7u kh\u00e1c nhau bao g\u1ed3m\u00a0<strong>Nh\u1ef1a PVC<\/strong>,\u00a0<strong>TH\u00da C\u01afNG<\/strong>, ho\u1eb7c\u00a0<strong>Gi\u1ea5y<\/strong>, cho ph\u00e9p linh ho\u1ea1t trong s\u1eed d\u1ee5ng v\u00e0 \u1ee9ng d\u1ee5ng.<\/li>\n<\/ul>\n<p>M\u1ee9c \u0111\u1ed9 t\u00f9y ch\u1ec9nh n\u00e0y \u0111\u1ea3m b\u1ea3o r\u1eb1ng nh\u00e3n d\u00e1n NFC c\u1ee7a b\u1ea1n kh\u00f4ng ch\u1ec9 ho\u1ea1t \u0111\u1ed9ng t\u1ed1t m\u00e0 c\u00f2n \u0111\u00f3ng vai tr\u00f2 l\u00e0 h\u00ecnh \u1ea3nh \u0111\u1ea1i di\u1ec7n cho th\u01b0\u01a1ng hi\u1ec7u c\u1ee7a b\u1ea1n.<\/p>\n<h2>\u01afu \u0111i\u1ec3m c\u1ee7a mi\u1ebfng d\u00e1n NFC ch\u1ed1ng kim lo\u1ea1i<\/h2>\n<p>Nh\u00e3n d\u00e1n NFC \u0111\u01b0\u1ee3c thi\u1ebft k\u1ebf \u0111\u1ec3 s\u1eed d\u1ee5ng tr\u00ean b\u1ec1 m\u1eb7t kim lo\u1ea1i ph\u1ea3i \u0111\u1ed1i m\u1eb7t v\u1edbi nh\u1eefng th\u00e1ch th\u1ee9c \u0111\u1ed9c \u0111\u00e1o. Nh\u00e3n d\u00e1n truy\u1ec1n th\u1ed1ng th\u01b0\u1eddng kh\u00f4ng ho\u1ea1t \u0111\u1ed9ng trong m\u00f4i tr\u01b0\u1eddng n\u00e0y, nh\u01b0ng nh\u00e3n d\u00e1n NFC ch\u1ed1ng kim lo\u1ea1i c\u1ee7a ch\u00fang t\u00f4i cung c\u1ea5p m\u1ed9t gi\u1ea3i ph\u00e1p v\u01b0\u1ee3t tr\u1ed9i:<\/p>\n<ul>\n<li><strong>L\u1edbp Ferrite<\/strong>:L\u1edbp ferit t\u00edch h\u1ee3p gi\u00fap ch\u1ed1ng l\u1ea1i hi\u1ec7u qu\u1ea3 hi\u1ec7n t\u01b0\u1ee3ng nhi\u1ec5u t\u00edn hi\u1ec7u th\u01b0\u1eddng x\u1ea3y ra khi d\u00e1n nh\u00e3n l\u00ean kim lo\u1ea1i, \u0111\u1ea3m b\u1ea3o truy\u1ec1n d\u1eef li\u1ec7u m\u01b0\u1ee3t m\u00e0.<\/li>\n<li><strong>Hi\u1ec7u su\u1ea5t \u0111\u01b0\u1ee3c n\u00e2ng cao<\/strong>:Nh\u1eefng mi\u1ebfng d\u00e1n n\u00e0y duy tr\u00ec ph\u1ea1m vi giao ti\u1ebfp v\u00e0 \u0111\u1ed9 \u1ed5n \u0111\u1ecbnh tuy\u1ec7t v\u1eddi, gi\u00fap t\u0103ng s\u1ef1 h\u00e0i l\u00f2ng c\u1ee7a ng\u01b0\u1eddi d\u00f9ng v\u00e0 gi\u1ea3m b\u1edbt s\u1ef1 b\u1ef1c b\u1ed9i.<\/li>\n<\/ul>\n<p>B\u1eb1ng c\u00e1ch l\u1ef1a ch\u1ecdn mi\u1ebfng d\u00e1n NFC ch\u1ed1ng kim lo\u1ea1i c\u1ee7a ch\u00fang t\u00f4i, b\u1ea1n c\u00f3 th\u1ec3 mang \u0111\u1ebfn tr\u1ea3i nghi\u1ec7m kh\u00f4ng b\u1ecb gi\u00e1n \u0111o\u1ea1n cho kh\u00e1ch h\u00e0ng, t\u1eeb \u0111\u00f3 n\u00e2ng cao hi\u1ec7u qu\u1ea3 cho c\u00e1c chi\u1ebfn d\u1ecbch c\u1ee7a b\u1ea1n.<\/p>\n<h2>Ch\u1ecdn lo\u1ea1i keo d\u00e1n ph\u00f9 h\u1ee3p v\u1edbi nhu c\u1ea7u c\u1ee7a b\u1ea1n<\/h2>\n<p>Vi\u1ec7c l\u1ef1a ch\u1ecdn \u0111\u00fang lo\u1ea1i keo d\u00e1n cho nh\u00e3n d\u00e1n NFC tr\u00ean kim lo\u1ea1i c\u1ee7a b\u1ea1n l\u00e0 r\u1ea5t quan tr\u1ecdng \u0111\u1ec3 \u0111\u1ea3m b\u1ea3o \u0111\u1ed9 b\u1ec1n v\u00e0 tu\u1ed5i th\u1ecd. C\u00e1c \u1ee9ng d\u1ee5ng kh\u00e1c nhau c\u00f3 th\u1ec3 y\u00eau c\u1ea7u c\u00e1c lo\u1ea1i keo d\u00e1n kh\u00e1c nhau:<\/p>\n<ul>\n<li><strong>Keo d\u00e1n li\u00ean k\u1ebft m\u1ea1nh<\/strong>:\u0110\u1ed1i v\u1edbi c\u00e1c \u1ee9ng d\u1ee5ng li\u00ean quan \u0111\u1ebfn \u0111\u1ed9 \u1ea9m ho\u1eb7c nhi\u1ec7t \u0111\u1ed9 thay \u0111\u1ed5i, c\u1ea7n c\u00f3 ch\u1ea5t k\u1ebft d\u00ednh li\u00ean k\u1ebft m\u1ea1nh.<\/li>\n<li><strong>Keo d\u00e1n c\u00f3 th\u1ec3 th\u00e1o r\u1eddi<\/strong>:N\u1ebfu b\u1ea1n c\u1ea7n s\u1eed d\u1ee5ng t\u1ea1m th\u1eddi, h\u00e3y c\u00e2n nh\u1eafc \u0111\u1ebfn lo\u1ea1i keo d\u00e1n c\u00f3 th\u1ec3 th\u00e1o r\u1eddi, d\u1ec5 d\u00e0ng thay \u0111\u1ed5i v\u1ecb tr\u00ed ho\u1eb7c g\u1ee1 b\u1ecf m\u00e0 kh\u00f4ng \u0111\u1ec3 l\u1ea1i c\u1eb7n.<\/li>\n<\/ul>\n<p>B\u1eb1ng c\u00e1ch d\u00e0nh th\u1eddi gian \u0111\u1ec3 ch\u1ecdn \u0111\u00fang lo\u1ea1i keo d\u00e1n, b\u1ea1n c\u00f3 th\u1ec3 \u0111\u1ea3m b\u1ea3o \u0111\u1ed9 b\u1ec1n v\u00e0 hi\u1ec7u qu\u1ea3 c\u1ee7a nh\u00e3n d\u00e1n NFC.<\/p>\n<h2>\u1ee8ng d\u1ee5ng c\u1ee7a mi\u1ebfng d\u00e1n NFC tr\u00ean kim lo\u1ea1i<\/h2>\n<p>T\u00ednh linh ho\u1ea1t c\u1ee7a nh\u00e3n d\u00e1n NFC tr\u00ean kim lo\u1ea1i c\u00f3 ngh\u0129a l\u00e0 ch\u00fang c\u00f3 th\u1ec3 \u0111\u01b0\u1ee3c s\u1eed d\u1ee5ng trong nhi\u1ec1u l\u0129nh v\u1ef1c kh\u00e1c nhau. Sau \u0111\u00e2y l\u00e0 m\u1ed9t s\u1ed1 \u1ee9ng d\u1ee5ng n\u1ed5i b\u1eadt:<\/p>\n<ul>\n<li><strong>Ti\u1ebfp th\u1ecb b\u00e1n l\u1ebb<\/strong>: C\u00f3 th\u1ec3 truy c\u1eadp c\u00e1c ch\u01b0\u01a1ng tr\u00ecnh khuy\u1ebfn m\u00e3i, c\u1eadp nh\u1eadt v\u00e0 th\u00f4ng tin s\u1ea3n ph\u1ea9m ngay l\u1eadp t\u1ee9c ch\u1ec9 b\u1eb1ng c\u00e1ch ch\u1ea1m v\u00e0o nh\u00e3n d\u00e1n tr\u00ean m\u00e0n h\u00ecnh s\u1ea3n ph\u1ea9m.<\/li>\n<li><strong>Qu\u1ea3n l\u00fd s\u1ef1 ki\u1ec7n<\/strong>: K\u1ebft h\u1ee3p nh\u00e3n d\u00e1n NFC v\u00e0o th\u1ebb s\u1ef1 ki\u1ec7n v\u00e0 huy hi\u1ec7u \u0111\u1ec3 truy c\u1eadp nhanh v\u00e0o l\u1ecbch tr\u00ecnh, ti\u1ec3u s\u1eed v\u00e0 c\u01a1 h\u1ed9i giao l\u01b0u.<\/li>\n<li><strong>Theo d\u00f5i t\u00e0i s\u1ea3n<\/strong>:C\u00e1c t\u1ed5 ch\u1ee9c c\u00f3 th\u1ec3 s\u1eed d\u1ee5ng nh\u1eefng nh\u00e3n d\u00e1n n\u00e0y \u0111\u1ec3 h\u1ee3p l\u00fd h\u00f3a vi\u1ec7c qu\u1ea3n l\u00fd h\u00e0ng t\u1ed3n kho. D\u00e1n ch\u00fang v\u00e0o thi\u1ebft b\u1ecb \u0111\u1ec3 d\u1ec5 d\u00e0ng nh\u1eadn d\u1ea1ng v\u00e0 theo d\u00f5i t\u00ecnh tr\u1ea1ng.<\/li>\n<\/ul>\n<p>C\u00e1c \u1ee9ng d\u1ee5ng ti\u1ec1m n\u0103ng l\u00e0 v\u00f4 t\u1eadn, \u0111\u01b0\u1ee3c \u0111\u1ecbnh v\u1ecb ho\u00e0n h\u1ea3o \u0111\u1ec3 n\u00e2ng cao tr\u1ea3i nghi\u1ec7m c\u1ee7a ng\u01b0\u1eddi d\u00f9ng v\u00e0 s\u1ef1 g\u1eafn k\u1ebft trong kinh doanh.<\/p>\n<h2>So s\u00e1nh v\u1edbi c\u00e1c th\u1ebb NFC kh\u00e1c<\/h2>\n<p>Khi xem x\u00e9t c\u00e1c s\u1ea3n ph\u1ea9m NFC, \u0111i\u1ec1u quan tr\u1ecdng l\u00e0 ph\u1ea3i hi\u1ec3u c\u00e1ch\u00a0<strong>th\u1ebb NFC tr\u00ean kim lo\u1ea1i<\/strong>\u00a0kh\u00e1c v\u1edbi c\u00e1c l\u1ef1a ch\u1ecdn kh\u00e1c.<\/p>\n<ul>\n<li><strong>Hi\u1ec7u su\u1ea5t<\/strong>:Kh\u00f4ng gi\u1ed1ng nh\u01b0 th\u1ebb NFC ti\u00eau chu\u1ea9n, nh\u00e3n d\u00e1n tr\u00ean kim lo\u1ea1i c\u00f3 hi\u1ec7u su\u1ea5t v\u01b0\u1ee3t tr\u1ed9i tr\u00ean b\u1ec1 m\u1eb7t kim lo\u1ea1i nh\u1edd thi\u1ebft k\u1ebf \u0111\u1eb7c bi\u1ec7t v\u00e0 l\u1edbp n\u1ec1n ferit.<\/li>\n<li><strong>Dung t\u00edch<\/strong>: Trong khi\u00a0<strong>NTAG215<\/strong>\u00a0cung c\u1ea5p\u00a0<strong>504 byte<\/strong>\u00a0v\u1ec1 b\u1ed9 nh\u1edb, NTAG213 \u0111\u1ee7 \u0111\u00e1p \u1ee9ng h\u1ea7u h\u1ebft c\u00e1c \u1ee9ng d\u1ee5ng c\u1ea7n li\u00ean k\u1ebft URL c\u01a1 b\u1ea3n ho\u1eb7c v\u0103n b\u1ea3n nh\u1ecf, khi\u1ebfn n\u00f3 tr\u1edf th\u00e0nh l\u1ef1a ch\u1ecdn ti\u1ebft ki\u1ec7m v\u00e0 hi\u1ec7u qu\u1ea3.<\/li>\n<\/ul>\n<p>Hi\u1ec3u \u0111\u01b0\u1ee3c nh\u1eefng kh\u00e1c bi\u1ec7t ch\u00ednh n\u00e0y gi\u00fap doanh nghi\u1ec7p l\u1ef1a ch\u1ecdn gi\u1ea3i ph\u00e1p NFC ph\u00f9 h\u1ee3p v\u1edbi nhu c\u1ea7u c\u1ee5 th\u1ec3 c\u1ee7a m\u00ecnh.<\/p>\n<h2>Nh\u1eefng c\u00e2u h\u1ecfi th\u01b0\u1eddng g\u1eb7p<\/h2>\n<p>Sau \u0111\u00e2y l\u00e0 m\u1ed9t s\u1ed1 c\u00e2u h\u1ecfi th\u01b0\u1eddng g\u1eb7p v\u1ec1 nh\u00e3n d\u00e1n NFC tr\u00ean kim lo\u1ea1i c\u1ee7a ch\u00fang t\u00f4i:<\/p>\n<ol>\n<li><strong>Thi\u1ebft b\u1ecb n\u00e0o t\u01b0\u01a1ng th\u00edch v\u1edbi nh\u00e3n d\u00e1n NFC?<\/strong>\n<ul>\n<li>C\u1ea3 hai\u00a0<strong>iPhone<\/strong>\u00a0V\u00e0\u00a0<strong>Android<\/strong>\u00a0c\u00e1c thi\u1ebft b\u1ecb h\u1ed7 tr\u1ee3 c\u00f4ng ngh\u1ec7 NFC, cho ph\u00e9p th\u1ef1c hi\u1ec7n nhi\u1ec1u lo\u1ea1i t\u01b0\u01a1ng t\u00e1c.<\/li>\n<\/ul>\n<\/li>\n<li><strong>Chip NFC NTAG213 c\u00f3 th\u1ec3 l\u01b0u tr\u1eef bao nhi\u00eau d\u1eef li\u1ec7u?<\/strong>\n<ul>\n<li>Chip NTAG213 c\u00f3 dung l\u01b0\u1ee3ng l\u01b0u tr\u1eef l\u00e0\u00a0<strong>144 byte<\/strong>, ph\u00f9 h\u1ee3p cho v\u0103n b\u1ea3n ng\u1eafn ho\u1eb7c li\u00ean k\u1ebft.<\/li>\n<\/ul>\n<\/li>\n<li><strong>C\u00f3 th\u1ec3 in nh\u00e3n d\u00e1n theo thi\u1ebft k\u1ebf ri\u00eang \u0111\u01b0\u1ee3c kh\u00f4ng?<\/strong>\n<ul>\n<li>Ch\u1eafc ch\u1eafn r\u1ed3i! Nh\u00e3n d\u00e1n c\u1ee7a ch\u00fang t\u00f4i c\u00f3 th\u1ec3 \u0111\u01b0\u1ee3c t\u00f9y ch\u1ec9nh theo logo, m\u00e3 v\u1ea1ch ho\u1eb7c b\u1ea5t k\u1ef3 thi\u1ebft k\u1ebf in n\u00e0o b\u1ea1n ch\u1ecdn.<\/li>\n<\/ul>\n<\/li>\n<\/ol>","protected":false},"excerpt":{"rendered":"<p>Kh\u00e1m ph\u00e1 Nh\u00e3n d\u00e1n NFC kim lo\u1ea1i \u0111a n\u0103ng NTAG213. T\u00f9y ch\u1ec9nh \u0111\u1ec3 t\u1ea1o th\u01b0\u01a1ng hi\u1ec7u, t\u1eadn h\u01b0\u1edfng \u0111\u1ed9 b\u1ec1n v\u00e0 m\u1edf kh\u00f3a t\u01b0\u01a1ng t\u00e1c t\u1ee9c th\u00ec v\u1edbi \u0111i\u1ec7n tho\u1ea1i th\u00f4ng minh!<\/p>","protected":false},"featured_media":2568,"template":"","meta":{"_kad_post_transparent":"default","_kad_post_title":"","_kad_post_layout":"default","_kad_post_sidebar_id":"","_kad_post_content_style":"default","_kad_post_vertical_padding":"default","_kad_post_feature":"","_kad_post_feature_position":"","_kad_post_header":false,"_kad_post_footer":false,"_kad_post_classname":""},"product_brand":[],"product_cat":[54],"product_tag":[290,291,289],"class_list":{"0":"post-2567","1":"product","2":"type-product","3":"status-publish","4":"has-post-thumbnail","6":"product_cat-hot-selling-rfid-tags","7":"product_tag-nfc-tag","8":"product_tag-ntag213-nfc-label","9":"product_tag-on-metal-nfc-sticker-ntag213","11":"first","12":"instock","13":"shipping-taxable","14":"product-type-simple","15":"entry","16":"content-bg","17":"loop-entry"},"_links":{"self":[{"href":"https:\/\/rfid-laundry-tag.com\/vi\/wp-json\/wp\/v2\/product\/2567","targetHints":{"allow":["GET"]}}],"collection":[{"href":"https:\/\/rfid-laundry-tag.com\/vi\/wp-json\/wp\/v2\/product"}],"about":[{"href":"https:\/\/rfid-laundry-tag.com\/vi\/wp-json\/wp\/v2\/types\/product"}],"version-history":[{"count":2,"href":"https:\/\/rfid-laundry-tag.com\/vi\/wp-json\/wp\/v2\/product\/2567\/revisions"}],"predecessor-version":[{"id":2570,"href":"https:\/\/rfid-laundry-tag.com\/vi\/wp-json\/wp\/v2\/product\/2567\/revisions\/2570"}],"wp:featuredmedia":[{"embeddable":true,"href":"https:\/\/rfid-laundry-tag.com\/vi\/wp-json\/wp\/v2\/media\/2568"}],"wp:attachment":[{"href":"https:\/\/rfid-laundry-tag.com\/vi\/wp-json\/wp\/v2\/media?parent=2567"}],"wp:term":[{"taxonomy":"product_brand","embeddable":true,"href":"https:\/\/rfid-laundry-tag.com\/vi\/wp-json\/wp\/v2\/product_brand?post=2567"},{"taxonomy":"product_cat","embeddable":true,"href":"https:\/\/rfid-laundry-tag.com\/vi\/wp-json\/wp\/v2\/product_cat?post=2567"},{"taxonomy":"product_tag","embeddable":true,"href":"https:\/\/rfid-laundry-tag.com\/vi\/wp-json\/wp\/v2\/product_tag?post=2567"}],"curies":[{"name":"wp","href":"https:\/\/api.w.org\/{rel}","templated":true}]}}