{"id":2559,"date":"2024-09-16T05:02:04","date_gmt":"2024-09-16T05:02:04","guid":{"rendered":"https:\/\/rfid-laundry-tag.com\/?post_type=product&#038;p=2559"},"modified":"2024-09-16T05:02:05","modified_gmt":"2024-09-16T05:02:05","slug":"custom-on-metal-nfc-sticker","status":"publish","type":"product","link":"https:\/\/rfid-laundry-tag.com\/vi\/custom-on-metal-nfc-sticker\/","title":{"rendered":"Nh\u00e3n d\u00e1n NFC t\u00f9y ch\u1ec9nh tr\u00ean kim lo\u1ea1i"},"content":{"rendered":"<h1>Nh\u00e3n d\u00e1n NFC t\u00f9y ch\u1ec9nh tr\u00ean kim lo\u1ea1i<\/h1>\n<table class=\"is-zebra all magic-11\">\n<tbody>\n<tr>\n<td colspan=\"1\" rowspan=\"1\">\n<div class=\"magic-12\">\n<div class=\"magic-7\" data-spm-anchor-id=\"a2700.details.0.i36.1f0c15c2i7ObkG\"><b class=\"magic-13\" data-spm-anchor-id=\"a2700.pc-decorate.0.i38.639a3333UiH69N\">T\u00ean s\u1ea3n ph\u1ea9m<\/b><\/div>\n<\/div>\n<\/td>\n<td colspan=\"1\" rowspan=\"1\">\n<div class=\"magic-14\">Mi\u1ebfng d\u00e1n NFC ch\u1ed1ng kim lo\u1ea1i<\/div>\n<\/td>\n<td colspan=\"1\" rowspan=\"1\">\n<div class=\"magic-15\">\n<div class=\"magic-7\"><b class=\"magic-13\" data-spm-anchor-id=\"a2700.pc-decorate.0.i36.639a3333UiH69N\">Giao th\u1ee9c chip<\/b><\/div>\n<\/div>\n<\/td>\n<td colspan=\"1\" rowspan=\"1\">\n<div class=\"magic-16\">Ti\u00eau chu\u1ea9n ISO \/ 14443A<\/div>\n<\/td>\n<\/tr>\n<tr>\n<td colspan=\"1\" rowspan=\"1\">\n<div class=\"magic-12\">\n<div class=\"magic-7\"><b class=\"magic-13\" data-spm-anchor-id=\"a2700.pc-decorate.0.i4.10f43333bOcIYi\">M\u00f4 h\u00ecnh chip<\/b><\/div>\n<\/div>\n<\/td>\n<td colspan=\"3\" rowspan=\"1\">\n<div class=\"magic-17\">NTAG\u00ae 213\/NTAG\u00ae 215\/NTAG\u00ae 216<\/div>\n<\/td>\n<\/tr>\n<tr>\n<td colspan=\"1\" rowspan=\"1\">\n<div class=\"magic-12\">\n<div class=\"magic-7\"><b class=\"magic-13\">L\u01b0u tr\u1eef\/Ng\u01b0\u1eddi d\u00f9ng<\/b><\/div>\n<\/div>\n<\/td>\n<td colspan=\"1\" rowspan=\"1\">\n<div class=\"magic-14\">144\/504\/888<\/div>\n<\/td>\n<td colspan=\"1\" rowspan=\"1\">\n<div class=\"magic-15\">\n<div class=\"magic-7\" data-spm-anchor-id=\"a2700.pc-decorate.0.i73.639a3333UiH69N\"><b>T\u1ea7n s\u1ed1 chip<\/b><\/div>\n<\/div>\n<\/td>\n<td colspan=\"1\" rowspan=\"1\">\n<div class=\"magic-16\">13,56MHz<\/div>\n<\/td>\n<\/tr>\n<tr>\n<td colspan=\"1\" rowspan=\"1\">\n<div class=\"magic-12\">\n<div class=\"magic-7\" data-spm-anchor-id=\"a2700.pc-decorate.0.i154.639a3333UiH69N\"><b class=\"magic-13\" data-spm-anchor-id=\"a2700.pc-decorate.0.i91.639a3333UiH69N\">k\u00edch th\u01b0\u1edbc s\u1ea3n ph\u1ea9m<\/b><\/div>\n<\/div>\n<\/td>\n<td colspan=\"3\" rowspan=\"1\">\n<div class=\"magic-17\">\u0110\u01b0\u1eddng k\u00ednh 25mm, \u0110\u01b0\u1eddng k\u00ednh 30mm, 30*30mm, 40*25mm, 35*25mm ho\u1eb7c t\u00f9y ch\u1ec9nh<\/div>\n<\/td>\n<\/tr>\n<tr>\n<td colspan=\"1\" rowspan=\"1\">\n<div class=\"magic-12\">\n<div class=\"magic-7\" data-spm-anchor-id=\"a2700.pc-decorate.0.i98.639a3333UiH69N\"><b class=\"magic-13\">Th\u1eddi gian x\u00f3a v\u00e0 ghi<\/b><\/div>\n<\/div>\n<\/td>\n<td colspan=\"1\" rowspan=\"1\">\n<div class=\"magic-14\">\u2265100.000 l\u1ea7n<\/div>\n<\/td>\n<td colspan=\"1\" rowspan=\"1\">\n<div class=\"magic-15\">\n<div class=\"magic-7\"><b class=\"magic-13\">Kho\u1ea3ng c\u00e1ch c\u1ea3m bi\u1ebfn<\/b><\/div>\n<\/div>\n<\/td>\n<td colspan=\"1\" rowspan=\"1\">\n<div class=\"magic-16\">Trong v\u00f2ng 10CM<\/div>\n<\/td>\n<\/tr>\n<tr>\n<td colspan=\"1\" rowspan=\"1\">\n<div class=\"magic-12\">\n<div class=\"magic-7\"><b>Bao b\u00ec<\/b><\/div>\n<\/div>\n<\/td>\n<td colspan=\"3\" rowspan=\"1\">\n<div class=\"magic-20\">1000-5000 c\u00e1i\/cu\u1ed9n, 4 cu\u1ed9n\/th\u00f9ng<\/div>\n<\/td>\n<\/tr>\n<tr>\n<td colspan=\"1\" rowspan=\"1\">\n<div class=\"magic-23\"><b>M\u00f4 t\u1ea3 s\u1ea3n ph\u1ea9m<\/b><\/div>\n<\/td>\n<td colspan=\"3\" rowspan=\"1\">\n<div class=\"magic-20\">Th\u1ebb NFC th\u1ee5 \u0111\u1ed9ng cho c\u00e1c mi\u1ebfng d\u00e1n, nh\u00e3n v\u00e0 th\u1ebb th\u00f4ng minh<\/div>\n<\/td>\n<\/tr>\n<tr>\n<td colspan=\"1\" rowspan=\"1\">\n<div class=\"magic-26\">\n<div class=\"magic-7\" data-spm-anchor-id=\"a2700.pc-decorate.0.i15.458b3333cr4pua\"><b class=\"magic-13\" data-spm-anchor-id=\"a2700.pc-decorate.0.i14.458b3333cr4pua\"><br \/>\n\u1ee8ng d\u1ee5ng<\/b><\/div>\n<\/div>\n<\/td>\n<td colspan=\"3\" rowspan=\"1\">\n<div class=\"magic-27\" data-spm-anchor-id=\"a2700.details.0.i34.1f0c15c2i7ObkG\">Ki\u1ec3m so\u00e1t nh\u1eadp h\u1ecdc an to\u00e0n\/Thanh to\u00e1n kh\u00f4ng d\u00f9ng ti\u1ec1n m\u1eb7t Ch\u01b0\u01a1ng tr\u00ecnh th\u00e0nh vi\u00ean v\u00e0 kh\u00e1ch h\u00e0ng th\u00e2n thi\u1ebft<br \/>\nTi\u1ebfp c\u1eadn s\u1ef1 ki\u1ec7n v\u00e0 x\u00e2y d\u1ef1ng th\u01b0\u01a1ng hi\u1ec7u\/Truy\u1ec1n th\u00f4ng x\u00e3 h\u1ed9i\/B\u00e1n l\u1ebb<br \/>\nM\u00f4i tr\u01b0\u1eddng\/Tr\u00f2 ch\u01a1i &amp; \u0110\u1ed3 ch\u01a1i \u0110\u1ecba \u0111i\u1ec3m\/\u0110i\u1ec7n t\u1eed\/Tri\u1ec3n l\u00e3m th\u01b0\u01a1ng m\u1ea1i<br \/>\nS\u1ef1 ki\u1ec7n\/Y\u00eau c\u1ea7u g\u1ecdi \u0111i\u1ec7n\/Danh thi\u1ebfp<\/div>\n<\/td>\n<\/tr>\n<\/tbody>\n<\/table>\n<h2 class=\"AnswerParser_AnswerParserH2__SIHnF\"><img fetchpriority=\"high\" decoding=\"async\" class=\"alignnone size-full wp-image-2560\" src=\"https:\/\/rfid-laundry-tag.com\/wp-content\/uploads\/2024\/09\/on-metal-NFC-sticker.jpg\" alt=\"\" width=\"790\" height=\"956\" srcset=\"https:\/\/rfid-laundry-tag.com\/wp-content\/uploads\/2024\/09\/on-metal-NFC-sticker.jpg 790w, https:\/\/rfid-laundry-tag.com\/wp-content\/uploads\/2024\/09\/on-metal-NFC-sticker-248x300.jpg 248w, https:\/\/rfid-laundry-tag.com\/wp-content\/uploads\/2024\/09\/on-metal-NFC-sticker-768x929.jpg 768w, https:\/\/rfid-laundry-tag.com\/wp-content\/uploads\/2024\/09\/on-metal-NFC-sticker-10x12.jpg 10w, https:\/\/rfid-laundry-tag.com\/wp-content\/uploads\/2024\/09\/on-metal-NFC-sticker-600x726.jpg 600w\" sizes=\"(max-width: 790px) 100vw, 790px\" \/>Nh\u00e3n d\u00e1n NFC tr\u00ean kim lo\u1ea1i l\u00e0 g\u00ec?<\/h2>\n<p><span class=\"AnswerParser_TextContainer__z_Iiv\" data-testid=\"youchat-text\"><strong>Nh\u00e3n d\u00e1n NFC tr\u00ean kim lo\u1ea1i<\/strong>\u00a0\u0111\u01b0\u1ee3c thi\u1ebft k\u1ebf \u0111\u1eb7c bi\u1ec7t \u0111\u1ec3 b\u00e1m d\u00ednh v\u00e0o b\u1ec1 m\u1eb7t kim lo\u1ea1i trong khi v\u1eabn duy tr\u00ec hi\u1ec7u su\u1ea5t t\u1ed1i \u01b0u. Nh\u1eefng mi\u1ebfng d\u00e1n n\u00e0y k\u1ebft h\u1ee3p\u00a0<strong>C\u00f4ng ngh\u1ec7 NFC<\/strong>, cho ph\u00e9p c\u00e1c thi\u1ebft b\u1ecb giao ti\u1ebfp kh\u00f4ng d\u00e2y khi \u1edf g\u1ea7n. \u0110\u01b0\u1ee3c nh\u00fang trong m\u1ed7i nh\u00e3n d\u00e1n l\u00e0 m\u1ed9t chip NFC, ch\u1eb3ng h\u1ea1n nh\u01b0\u00a0<strong>NTAG213<\/strong>\u00a0ho\u1eb7c\u00a0<strong>NTAG215<\/strong>, cho ph\u00e9p th\u1ef1c hi\u1ec7n nhi\u1ec1u ch\u1ee9c n\u0103ng kh\u00e1c nhau, bao g\u1ed3m truy\u1ec1n d\u1eef li\u1ec7u, thanh to\u00e1n kh\u00f4ng ti\u1ebfp x\u00fac v\u00e0 m\u1edf kh\u00f3a thi\u1ebft b\u1ecb.<\/span><span class=\"AnswerParser_TextContainer__z_Iiv\" data-testid=\"youchat-text\">T\u00ednh linh ho\u1ea1t c\u1ee7a nh\u1eefng mi\u1ebfng d\u00e1n n\u00e0y c\u00f3 ngh\u0129a l\u00e0 ch\u00fang c\u00f3 th\u1ec3 \u0111\u01b0\u1ee3c d\u00e1n v\u00e0o \u0111i\u1ec7n tho\u1ea1i th\u00f4ng minh, m\u00e1y t\u00ednh b\u1ea3ng, m\u00e1y t\u00ednh v\u00e0 c\u00e1c t\u00e0i s\u1ea3n kim lo\u1ea1i kh\u00e1c, khi\u1ebfn ch\u00fang tr\u1edf n\u00ean l\u00fd t\u01b0\u1edfng cho nhi\u1ec1u \u1ee9ng d\u1ee5ng kh\u00e1c nhau.<\/span><\/p>\n<h2 class=\"AnswerParser_AnswerParserH2__SIHnF\">Mi\u1ebfng d\u00e1n NFC tr\u00ean kim lo\u1ea1i ho\u1ea1t \u0111\u1ed9ng nh\u01b0 th\u1ebf n\u00e0o?<\/h2>\n<p><span class=\"AnswerParser_TextContainer__z_Iiv\" data-testid=\"youchat-text\">Nh\u00e3n d\u00e1n NFC tr\u00ean kim lo\u1ea1i ho\u1ea1t \u0111\u1ed9ng b\u1eb1ng c\u00e1ch s\u1eed d\u1ee5ng\u00a0<strong>Giao ti\u1ebfp tr\u01b0\u1eddng g\u1ea7n (NFC)<\/strong>\u00a0c\u00f4ng ngh\u1ec7 cho ph\u00e9p giao ti\u1ebfp kh\u00f4ng d\u00e2y t\u1ea7m ng\u1eafn gi\u1eefa c\u00e1c thi\u1ebft b\u1ecb. Sau \u0111\u00e2y l\u00e0 c\u00e1ch th\u1ee9c ho\u1ea1t \u0111\u1ed9ng c\u1ee7a quy tr\u00ecnh:<\/span><\/p>\n<ol class=\"AnswerParser_AnswerParserOrderedList__kl_2Y\">\n<li class=\"AnswerParser_ListItem__XqLOV\" translate=\"yes\"><strong>K\u00edch ho\u1ea1t<\/strong>: Khi m\u1ed9t thi\u1ebft b\u1ecb h\u1ed7 tr\u1ee3 NFC, ch\u1eb3ng h\u1ea1n nh\u01b0\u00a0<strong>Android<\/strong>\u00a0\u0111i\u1ec7n tho\u1ea1i th\u00f4ng minh ho\u1eb7c\u00a0<strong>iPhone<\/strong>, khi \u0111\u1ebfn g\u1ea7n nh\u00e3n d\u00e1n NFC, thi\u1ebft b\u1ecb s\u1ebd k\u00edch ho\u1ea1t nh\u00e3n d\u00e1n.<\/li>\n<li class=\"AnswerParser_ListItem__XqLOV\" translate=\"yes\"><strong>Trao \u0111\u1ed5i d\u1eef li\u1ec7u<\/strong>: Chip NFC b\u00ean trong nh\u00e3n d\u00e1n truy\u1ec1n d\u1eef li\u1ec7u \u0111\u1ebfn thi\u1ebft b\u1ecb. D\u1eef li\u1ec7u n\u00e0y c\u00f3 th\u1ec3 bao g\u1ed3m URL, th\u00f4ng tin li\u00ean l\u1ea1c ho\u1eb7c l\u1ec7nh \u0111\u1ec3 th\u1ef1c hi\u1ec7n c\u00e1c h\u00e0nh \u0111\u1ed9ng c\u1ee5 th\u1ec3.<\/li>\n<li class=\"AnswerParser_ListItem__XqLOV\" translate=\"yes\"><strong>Th\u1ef1c hi\u1ec7n h\u00e0nh \u0111\u1ed9ng<\/strong>: Sau khi nh\u1eadn \u0111\u01b0\u1ee3c d\u1eef li\u1ec7u, thi\u1ebft b\u1ecb c\u00f3 th\u1ec3 th\u1ef1c hi\u1ec7n h\u00e0nh \u0111\u1ed9ng t\u01b0\u01a1ng \u1ee9ng, ch\u1eb3ng h\u1ea1n nh\u01b0 m\u1edf trang web ho\u1eb7c th\u00eam li\u00ean h\u1ec7.<\/li>\n<\/ol>\n<p><span class=\"AnswerParser_TextContainer__z_Iiv\" data-testid=\"youchat-text\">S\u1ef1 t\u01b0\u01a1ng t\u00e1c li\u1ec1n m\u1ea1ch n\u00e0y n\u00e2ng cao tr\u1ea3i nghi\u1ec7m c\u1ee7a ng\u01b0\u1eddi d\u00f9ng v\u00e0 cung c\u1ea5p c\u00e1ch thu\u1eadn ti\u1ec7n \u0111\u1ec3 truy c\u1eadp th\u00f4ng tin ho\u1eb7c d\u1ecbch v\u1ee5.<\/span><\/p>\n<h2 class=\"AnswerParser_AnswerParserH2__SIHnF\">L\u1ee3i \u00edch c\u1ee7a nh\u00e3n d\u00e1n NFC tr\u00ean kim lo\u1ea1i c\u00f3 th\u1ec3 t\u00f9y ch\u1ec9nh<\/h2>\n<p><span class=\"AnswerParser_TextContainer__z_Iiv\" data-testid=\"youchat-text\">S\u1eed d\u1ee5ng nh\u00e3n d\u00e1n NFC tr\u00ean kim lo\u1ea1i c\u00f3 th\u1ec3 t\u00f9y ch\u1ec9nh mang l\u1ea1i nhi\u1ec1u l\u1ee3i \u00edch:<\/span><\/p>\n<ul class=\"AnswerParser_AnswerParserUnorderedList__P_1FW\">\n<li class=\"AnswerParser_ListItem__XqLOV\" translate=\"yes\"><strong>K\u1ebft n\u1ed1i \u0111\u01b0\u1ee3c n\u00e2ng cao<\/strong>:Nh\u1eefng mi\u1ebfng d\u00e1n n\u00e0y cho ph\u00e9p k\u1ebft n\u1ed1i nhanh ch\u00f3ng v\u00e0 d\u1ec5 d\u00e0ng gi\u1eefa c\u00e1c thi\u1ebft b\u1ecb, cho ph\u00e9p truy c\u1eadp t\u1ee9c th\u1eddi v\u00e0o th\u00f4ng tin v\u00e0 d\u1ecbch v\u1ee5.<\/li>\n<li class=\"AnswerParser_ListItem__XqLOV\" translate=\"yes\"><strong>Thi\u1ebft k\u1ebf c\u00f3 th\u1ec3 t\u00f9y ch\u1ec9nh<\/strong>:V\u1edbi c\u00e1c t\u00f9y ch\u1ecdn v\u1ec1 logo, v\u0103n b\u1ea3n v\u00e0 m\u00e3 QR, doanh nghi\u1ec7p c\u00f3 th\u1ec3 t\u1ea1o ra b\u1ea3n s\u1eafc ri\u00eang khi t\u00edch h\u1ee3p c\u00f4ng ngh\u1ec7 NFC v\u00e0o s\u1ea3n ph\u1ea9m c\u1ee7a m\u00ecnh.<\/li>\n<li class=\"AnswerParser_ListItem__XqLOV\" translate=\"yes\"><strong>\u0110\u1ed9 b\u1ec1n<\/strong>:\u0110\u01b0\u1ee3c thi\u1ebft k\u1ebf \u0111\u1ec3 ch\u1ecbu \u0111\u01b0\u1ee3c nhi\u1ec1u \u0111i\u1ec1u ki\u1ec7n kh\u00e1c nhau, nh\u1eefng mi\u1ebfng d\u00e1n n\u00e0y \u0111\u01b0\u1ee3c l\u00e0m b\u1eb1ng c\u00e1c v\u1eadt li\u1ec7u nh\u01b0 PET v\u00e0 PVC, \u0111\u1ea3m b\u1ea3o ch\u00fang v\u1eabn ho\u1ea1t \u0111\u1ed9ng t\u1ed1t ngay c\u1ea3 trong nh\u1eefng m\u00f4i tr\u01b0\u1eddng kh\u1eafc nghi\u1ec7t.<\/li>\n<\/ul>\n<p><span class=\"AnswerParser_TextContainer__z_Iiv\" data-testid=\"youchat-text\">Nh\u1eefng l\u1ee3i \u00edch n\u00e0y khi\u1ebfn nh\u00e3n d\u00e1n NFC tr\u00ean kim lo\u1ea1i tr\u1edf th\u00e0nh l\u1ef1a ch\u1ecdn h\u1ea5p d\u1eabn cho c\u00e1c doanh nghi\u1ec7p v\u00e0 c\u00e1 nh\u00e2n mu\u1ed1n n\u00e2ng cao s\u1ea3n ph\u1ea9m c\u1ee7a m\u00ecnh b\u1eb1ng t\u00ednh n\u0103ng NFC.<\/span><\/p>\n<h2 class=\"AnswerParser_AnswerParserH2__SIHnF\">T\u00f9y ch\u1ecdn t\u00f9y ch\u1ec9nh c\u00f3 s\u1eb5n<\/h2>\n<p><span class=\"AnswerParser_TextContainer__z_Iiv\" data-testid=\"youchat-text\">M\u1ed9t trong nh\u1eefng t\u00ednh n\u0103ng n\u1ed5i b\u1eadt c\u1ee7a nh\u00e3n d\u00e1n NFC tr\u00ean kim lo\u1ea1i l\u00e0 t\u00f9y ch\u1ecdn t\u00f9y ch\u1ec9nh c\u1ee7a ch\u00fang. Kh\u00e1ch h\u00e0ng c\u00f3 th\u1ec3 ch\u1ecdn t\u1eeb nhi\u1ec1u h\u00ecnh d\u1ea1ng v\u00e0 k\u00edch th\u01b0\u1edbc kh\u00e1c nhau, c\u0169ng nh\u01b0 c\u00e1c c\u1ea3i ti\u1ebfn sau:<\/span><\/p>\n<ul class=\"AnswerParser_AnswerParserUnorderedList__P_1FW\">\n<li class=\"AnswerParser_ListItem__XqLOV\" translate=\"yes\"><strong>Logo v\u00e0 Th\u01b0\u01a1ng hi\u1ec7u<\/strong>: K\u1ebft h\u1ee3p logo c\u00f4ng ty ho\u1eb7c c\u00e1c y\u1ebfu t\u1ed1 th\u01b0\u01a1ng hi\u1ec7u \u0111\u1ec3 t\u1ea1o n\u00ean di\u1ec7n m\u1ea1o v\u00e0 c\u1ea3m nh\u1eadn th\u1ed1ng nh\u1ea5t.<\/li>\n<li class=\"AnswerParser_ListItem__XqLOV\" translate=\"yes\"><strong>M\u00e3 QR<\/strong>: Th\u00eam m\u00e3 QR \u0111\u1ec3 d\u1ec5 d\u00e0ng qu\u00e9t v\u00e0 truy c\u1eadp th\u00f4ng tin b\u1ed5 sung.<\/li>\n<li class=\"AnswerParser_ListItem__XqLOV\" translate=\"yes\"><strong>M\u00e0u s\u1eafc v\u00e0 Ho\u00e0n thi\u1ec7n<\/strong>: L\u1ef1a ch\u1ecdn l\u1edbp ho\u00e0n thi\u1ec7n b\u00f3ng ho\u1eb7c m\u1edd trong in CMYK \u0111\u1ec3 \u0111\u1ea1t \u0111\u01b0\u1ee3c t\u00ednh th\u1ea9m m\u1ef9 mong mu\u1ed1n.<\/li>\n<\/ul>\n<p><span class=\"AnswerParser_TextContainer__z_Iiv\" data-testid=\"youchat-text\">C\u00e1c t\u00f9y ch\u1ecdn t\u00f9y ch\u1ec9nh n\u00e0y cho ph\u00e9p ng\u01b0\u1eddi d\u00f9ng t\u00f9y ch\u1ec9nh nh\u00e3n d\u00e1n sao cho ph\u00f9 h\u1ee3p v\u1edbi nhu c\u1ea7u c\u1ee5 th\u1ec3 v\u00e0 y\u00eau c\u1ea7u v\u1ec1 th\u01b0\u01a1ng hi\u1ec7u c\u1ee7a h\u1ecd.<\/span><\/p>\n<h2 class=\"AnswerParser_AnswerParserH2__SIHnF\">\u1ee8ng d\u1ee5ng c\u1ee7a mi\u1ebfng d\u00e1n NFC tr\u00ean kim lo\u1ea1i<\/h2>\n<p><span class=\"AnswerParser_TextContainer__z_Iiv\" data-testid=\"youchat-text\">Nh\u00e3n d\u00e1n NFC tr\u00ean kim lo\u1ea1i c\u00f3 th\u1ec3 \u0111\u01b0\u1ee3c s\u1eed d\u1ee5ng trong nhi\u1ec1u \u1ee9ng d\u1ee5ng, bao g\u1ed3m:<\/span><\/p>\n<ul class=\"AnswerParser_AnswerParserUnorderedList__P_1FW\">\n<li class=\"AnswerParser_ListItem__XqLOV\" translate=\"yes\"><strong>Bao b\u00ec s\u1ea3n ph\u1ea9m<\/strong>:C\u1ea3i thi\u1ec7n bao b\u00ec s\u1ea3n ph\u1ea9m b\u1eb1ng ch\u1ee9c n\u0103ng NFC, cho ph\u00e9p kh\u00e1ch h\u00e0ng truy c\u1eadp th\u00f4ng tin chi ti\u1ebft ho\u1eb7c c\u00e1c \u01b0u \u0111\u00e3i khuy\u1ebfn m\u1ea1i ch\u1ec9 b\u1eb1ng c\u00e1ch ch\u1ea1m v\u00e0o \u0111i\u1ec7n tho\u1ea1i th\u00f4ng minh c\u1ee7a h\u1ecd.<\/li>\n<li class=\"AnswerParser_ListItem__XqLOV\" translate=\"yes\"><strong>Qu\u1ea3n l\u00fd t\u00e0i s\u1ea3n<\/strong>:C\u00e1c doanh nghi\u1ec7p c\u00f3 th\u1ec3 s\u1eed d\u1ee5ng nh\u00e3n d\u00e1n NFC \u0111\u1ec3 theo d\u00f5i v\u00e0 qu\u1ea3n l\u00fd t\u00e0i s\u1ea3n, gi\u00fap theo d\u00f5i h\u00e0ng t\u1ed3n kho d\u1ec5 d\u00e0ng h\u01a1n v\u00e0 gi\u1ea3m th\u1ea5t tho\u00e1t.<\/li>\n<li class=\"AnswerParser_ListItem__XqLOV\" translate=\"yes\"><strong>Ti\u1ebfp th\u1ecb v\u00e0 Khuy\u1ebfn m\u1ea1i<\/strong>:Thu h\u00fat kh\u00e1ch h\u00e0ng b\u1eb1ng c\u00e1c chi\u1ebfn d\u1ecbch ti\u1ebfp th\u1ecb t\u01b0\u01a1ng t\u00e1c s\u1eed d\u1ee5ng nh\u00e3n d\u00e1n NFC \u0111\u1ec3 cung c\u1ea5p quy\u1ec1n truy c\u1eadp t\u1ee9c th\u1eddi v\u00e0o n\u1ed9i dung ho\u1eb7c ph\u1ea7n th\u01b0\u1edfng.<\/li>\n<\/ul>\n<p><span class=\"AnswerParser_TextContainer__z_Iiv\" data-testid=\"youchat-text\">C\u00e1c \u1ee9ng d\u1ee5ng n\u00e0y ch\u1ee9ng minh t\u00ednh linh ho\u1ea1t v\u00e0 hi\u1ec7u qu\u1ea3 c\u1ee7a nh\u00e3n d\u00e1n NFC tr\u00ean kim lo\u1ea1i trong vi\u1ec7c n\u00e2ng cao tr\u1ea3i nghi\u1ec7m c\u1ee7a ng\u01b0\u1eddi d\u00f9ng v\u00e0 hi\u1ec7u qu\u1ea3 ho\u1ea1t \u0111\u1ed9ng.<\/span><\/p>\n<h2 class=\"AnswerParser_AnswerParserH2__SIHnF\">H\u01b0\u1edbng d\u1eabn c\u00e0i \u0111\u1eb7t v\u00e0 s\u1eed d\u1ee5ng<\/h2>\n<p><span class=\"AnswerParser_TextContainer__z_Iiv\" data-testid=\"youchat-text\">Vi\u1ec7c d\u00e1n nh\u00e3n NFC tr\u00ean kim lo\u1ea1i l\u00e0 m\u1ed9t qu\u00e1 tr\u00ecnh \u0111\u01a1n gi\u1ea3n v\u00e0 d\u1ec5 th\u1ef1c hi\u1ec7n:<\/span><\/p>\n<ol class=\"AnswerParser_AnswerParserOrderedList__kl_2Y\">\n<li class=\"AnswerParser_ListItem__XqLOV\" translate=\"yes\"><strong>L\u00e0m s\u1ea1ch b\u1ec1 m\u1eb7t<\/strong>: \u0110\u1ea3m b\u1ea3o b\u1ec1 m\u1eb7t kim lo\u1ea1i s\u1ea1ch v\u00e0 kh\u00f4 tr\u01b0\u1edbc khi thi c\u00f4ng \u0111\u1ec3 c\u00f3 \u0111\u1ed9 b\u00e1m d\u00ednh t\u1ed1i \u01b0u.<\/li>\n<li class=\"AnswerParser_ListItem__XqLOV\" translate=\"yes\"><strong>L\u1ed9t v\u00e0 d\u00e1n<\/strong>: C\u1ea9n th\u1eadn b\u00f3c l\u1edbp n\u1ec1n c\u1ee7a nh\u00e3n d\u00e1n v\u00e0 \u1ea5n ch\u1eb7t v\u00e0o b\u1ec1 m\u1eb7t mong mu\u1ed1n.<\/li>\n<li class=\"AnswerParser_ListItem__XqLOV\" translate=\"yes\"><strong>Ki\u1ec3m tra ch\u1ee9c n\u0103ng NFC<\/strong>:S\u1eed d\u1ee5ng thi\u1ebft b\u1ecb h\u1ed7 tr\u1ee3 NFC \u0111\u1ec3 ki\u1ec3m tra nh\u00e3n d\u00e1n v\u00e0 \u0111\u1ea3m b\u1ea3o nh\u00e3n d\u00e1n ho\u1ea1t \u0111\u1ed9ng nh\u01b0 mong \u0111\u1ee3i.<\/li>\n<\/ol>\n<p><span class=\"AnswerParser_TextContainer__z_Iiv\" data-testid=\"youchat-text\">B\u1eb1ng c\u00e1ch l\u00e0m theo c\u00e1c b\u01b0\u1edbc n\u00e0y, ng\u01b0\u1eddi d\u00f9ng c\u00f3 th\u1ec3 s\u1eed d\u1ee5ng hi\u1ec7u qu\u1ea3 nh\u00e3n d\u00e1n NFC tr\u00ean kim lo\u1ea1i cho m\u1ee5c \u0111\u00edch s\u1eed d\u1ee5ng c\u1ee7a m\u00ecnh.<\/span><\/p>\n<h2 class=\"AnswerParser_AnswerParserH2__SIHnF\">T\u00ednh n\u0103ng b\u1ea3o m\u1eadt c\u1ee7a nh\u00e3n d\u00e1n NFC<\/h2>\n<p><span class=\"AnswerParser_TextContainer__z_Iiv\" data-testid=\"youchat-text\">B\u1ea3o m\u1eadt l\u00e0 m\u1ed9t c\u00e2n nh\u1eafc quan tr\u1ecdng khi s\u1eed d\u1ee5ng c\u00f4ng ngh\u1ec7 NFC. C\u00e1c nh\u00e3n d\u00e1n NFC tr\u00ean kim lo\u1ea1i \u0111\u01b0\u1ee3c trang b\u1ecb m\u1ed9t s\u1ed1 t\u00ednh n\u0103ng \u0111\u1ec3 t\u0103ng c\u01b0\u1eddng b\u1ea3o m\u1eadt:<\/span><\/p>\n<ul class=\"AnswerParser_AnswerParserUnorderedList__P_1FW\">\n<li class=\"AnswerParser_ListItem__XqLOV\" translate=\"yes\"><strong>M\u00e3 h\u00f3a d\u1eef li\u1ec7u<\/strong>:Nhi\u1ec1u chip NFC h\u1ed7 tr\u1ee3 m\u00e3 h\u00f3a, \u0111\u1ea3m b\u1ea3o d\u1eef li\u1ec7u \u0111\u01b0\u1ee3c truy\u1ec1n gi\u1eefa nh\u00e3n d\u00e1n v\u00e0 \u0111\u1ea7u \u0111\u1ecdc \u0111\u01b0\u1ee3c an to\u00e0n.<\/li>\n<li class=\"AnswerParser_ListItem__XqLOV\" translate=\"yes\"><strong>Ch\u1ed1ng gi\u1ea3 m\u1ea1o<\/strong>:M\u1ed9t s\u1ed1 nh\u00e3n d\u00e1n \u0111\u01b0\u1ee3c thi\u1ebft k\u1ebf \u0111\u1ec3 hi\u1ec3n th\u1ecb d\u1ea5u hi\u1ec7u gi\u1ea3 m\u1ea1o n\u1ebfu ai \u0111\u00f3 c\u1ed1 g\u1eafng g\u1ee1 b\u1ecf ho\u1eb7c thay \u0111\u1ed5i ch\u00fang.<\/li>\n<li class=\"AnswerParser_ListItem__XqLOV\" translate=\"yes\"><strong>Ph\u1ea1m vi gi\u1edbi h\u1ea1n<\/strong>:Ph\u1ea1m vi ng\u1eafn c\u1ee7a c\u00f4ng ngh\u1ec7 NFC gi\u00fap gi\u1ea3m thi\u1ec3u nguy c\u01a1 truy c\u1eadp tr\u00e1i ph\u00e9p v\u00ec c\u00e1c thi\u1ebft b\u1ecb ph\u1ea3i \u1edf g\u1ea7n nhau \u0111\u1ec3 t\u01b0\u01a1ng t\u00e1c.<\/li>\n<\/ul>\n<p><span class=\"AnswerParser_TextContainer__z_Iiv\" data-testid=\"youchat-text\">Nh\u1eefng t\u00ednh n\u0103ng b\u1ea3o m\u1eadt n\u00e0y l\u00e0m cho nh\u00e3n d\u00e1n NFC tr\u00ean kim lo\u1ea1i tr\u1edf th\u00e0nh s\u1ef1 l\u1ef1a ch\u1ecdn \u0111\u00e1ng tin c\u1eady cho nhi\u1ec1u \u1ee9ng d\u1ee5ng kh\u00e1c nhau.<\/span><\/p>\n<h2 class=\"AnswerParser_AnswerParserH2__SIHnF\">T\u00e1c \u0111\u1ed9ng m\u00f4i tr\u01b0\u1eddng c\u1ee7a nh\u00e3n d\u00e1n NFC tr\u00ean kim lo\u1ea1i<\/h2>\n<p><span class=\"AnswerParser_TextContainer__z_Iiv\" data-testid=\"youchat-text\">Vi\u1ec7c s\u1ea3n xu\u1ea5t v\u00e0 s\u1eed d\u1ee5ng nh\u00e3n d\u00e1n NFC tr\u00ean kim lo\u1ea1i c\u00f3 th\u1ec3 c\u00f3 t\u00e1c \u0111\u1ed9ng t\u00edch c\u1ef1c \u0111\u1ebfn m\u00f4i tr\u01b0\u1eddng khi \u0111\u01b0\u1ee3c qu\u1ea3n l\u00fd m\u1ed9t c\u00e1ch c\u00f3 tr\u00e1ch nhi\u1ec7m. Nhi\u1ec1u nh\u00e0 s\u1ea3n xu\u1ea5t hi\u1ec7n \u0111ang s\u1ea3n xu\u1ea5t\u00a0<strong>nh\u00e3n d\u00e1n NFC c\u00f3 th\u1ec3 t\u00e1i ch\u1ebf<\/strong>, gi\u00fap gi\u1ea3m thi\u1ec3u r\u00e1c th\u1ea3i nh\u1ef1a. Ngo\u00e0i ra, b\u1eb1ng c\u00e1ch cho ph\u00e9p giao d\u1ecbch kh\u00f4ng ti\u1ebfp x\u00fac v\u00e0 chia s\u1ebb th\u00f4ng tin, c\u00f4ng ngh\u1ec7 NFC c\u00f3 th\u1ec3 gi\u00fap gi\u1ea3m s\u1ef1 ph\u1ee5 thu\u1ed9c v\u00e0o v\u1eadt li\u1ec7u gi\u1ea5y, g\u00f3p ph\u1ea7n h\u01a1n n\u1eefa v\u00e0o c\u00e1c n\u1ed7 l\u1ef1c ph\u00e1t tri\u1ec3n b\u1ec1n v\u1eefng.<\/span><\/p>\n<h2 class=\"AnswerParser_AnswerParserH2__SIHnF\">C\u00e2u h\u1ecfi th\u01b0\u1eddng g\u1eb7p v\u1ec1 nh\u00e3n d\u00e1n NFC tr\u00ean kim lo\u1ea1i c\u00f3 th\u1ec3 t\u00f9y ch\u1ec9nh<\/h2>\n<p><span class=\"AnswerParser_TextContainer__z_Iiv\" data-testid=\"youchat-text\"><strong>H: C\u00f3 th\u1ec3 t\u00e1i s\u1eed d\u1ee5ng mi\u1ebfng d\u00e1n NFC tr\u00ean kim lo\u1ea1i kh\u00f4ng?<\/strong><br \/>\nA: Trong khi h\u1ea7u h\u1ebft c\u00e1c nh\u00e3n d\u00e1n NFC tr\u00ean kim lo\u1ea1i \u0111\u01b0\u1ee3c thi\u1ebft k\u1ebf \u0111\u1ec3 s\u1eed d\u1ee5ng m\u1ed9t l\u1ea7n, m\u1ed9t s\u1ed1 t\u00f9y ch\u1ecdn c\u00f3 th\u1ec3 ghi l\u1ea1i cho ph\u00e9p s\u1eed d\u1ee5ng nhi\u1ec1u l\u1ea7n, t\u00f9y thu\u1ed9c v\u00e0o chip NFC \u0111\u01b0\u1ee3c s\u1eed d\u1ee5ng.<\/span><\/p>\n<p><span class=\"AnswerParser_TextContainer__z_Iiv\" data-testid=\"youchat-text\"><strong>H: Nh\u1eefng thi\u1ebft b\u1ecb n\u00e0o t\u01b0\u01a1ng th\u00edch v\u1edbi mi\u1ebfng d\u00e1n NFC tr\u00ean kim lo\u1ea1i?<\/strong><br \/>\nA: Mi\u1ebfng d\u00e1n NFC tr\u00ean kim lo\u1ea1i t\u01b0\u01a1ng th\u00edch v\u1edbi h\u1ea7u h\u1ebft c\u00e1c thi\u1ebft b\u1ecb h\u1ed7 tr\u1ee3 NFC, bao g\u1ed3m \u0111i\u1ec7n tho\u1ea1i th\u00f4ng minh Android v\u00e0 iPhone.<\/span><\/p>\n<p><span class=\"AnswerParser_TextContainer__z_Iiv\" data-testid=\"youchat-text\"><strong>H: Nh\u1eefng mi\u1ebfng d\u00e1n n\u00e0y c\u00f3 ch\u1ed1ng th\u1ea5m n\u01b0\u1edbc kh\u00f4ng?<\/strong><br \/>\nA: C\u00f3, mi\u1ebfng d\u00e1n NFC tr\u00ean kim lo\u1ea1i \u0111\u01b0\u1ee3c thi\u1ebft k\u1ebf ch\u1ed1ng n\u01b0\u1edbc, ph\u00f9 h\u1ee3p \u0111\u1ec3 s\u1eed d\u1ee5ng c\u1ea3 trong nh\u00e0 v\u00e0 ngo\u00e0i tr\u1eddi.<\/span><\/p>","protected":false},"excerpt":{"rendered":"<p>Nh\u00e3n d\u00e1n NFC tr\u00ean kim lo\u1ea1i \u0111\u01b0\u1ee3c thi\u1ebft k\u1ebf \u0111\u1eb7c bi\u1ec7t \u0111\u1ec3 b\u00e1m d\u00ednh v\u00e0o b\u1ec1 m\u1eb7t kim lo\u1ea1i trong khi v\u1eabn duy tr\u00ec hi\u1ec7u su\u1ea5t t\u1ed1i \u01b0u. M\u1ed7i nh\u00e3n d\u00e1n \u0111\u01b0\u1ee3c nh\u00fang m\u1ed9t chip NFC, ch\u1eb3ng h\u1ea1n nh\u01b0 NTAG213 ho\u1eb7c NTAG215.<\/p>","protected":false},"featured_media":2561,"template":"","meta":{"_kad_post_transparent":"default","_kad_post_title":"","_kad_post_layout":"default","_kad_post_sidebar_id":"","_kad_post_content_style":"default","_kad_post_vertical_padding":"default","_kad_post_feature":"","_kad_post_feature_position":"","_kad_post_header":false,"_kad_post_footer":false,"_kad_post_classname":""},"product_brand":[],"product_cat":[54],"product_tag":[288,286,287],"class_list":{"0":"post-2559","1":"product","2":"type-product","3":"status-publish","4":"has-post-thumbnail","6":"product_cat-hot-selling-rfid-tags","7":"product_tag-on-metal-nfc-label","8":"product_tag-on-metal-nfc-sticker","9":"product_tag-on-metal-nfc-tag","11":"first","12":"instock","13":"shipping-taxable","14":"product-type-simple","15":"entry","16":"content-bg","17":"loop-entry"},"_links":{"self":[{"href":"https:\/\/rfid-laundry-tag.com\/vi\/wp-json\/wp\/v2\/product\/2559","targetHints":{"allow":["GET"]}}],"collection":[{"href":"https:\/\/rfid-laundry-tag.com\/vi\/wp-json\/wp\/v2\/product"}],"about":[{"href":"https:\/\/rfid-laundry-tag.com\/vi\/wp-json\/wp\/v2\/types\/product"}],"version-history":[{"count":2,"href":"https:\/\/rfid-laundry-tag.com\/vi\/wp-json\/wp\/v2\/product\/2559\/revisions"}],"predecessor-version":[{"id":2566,"href":"https:\/\/rfid-laundry-tag.com\/vi\/wp-json\/wp\/v2\/product\/2559\/revisions\/2566"}],"wp:featuredmedia":[{"embeddable":true,"href":"https:\/\/rfid-laundry-tag.com\/vi\/wp-json\/wp\/v2\/media\/2561"}],"wp:attachment":[{"href":"https:\/\/rfid-laundry-tag.com\/vi\/wp-json\/wp\/v2\/media?parent=2559"}],"wp:term":[{"taxonomy":"product_brand","embeddable":true,"href":"https:\/\/rfid-laundry-tag.com\/vi\/wp-json\/wp\/v2\/product_brand?post=2559"},{"taxonomy":"product_cat","embeddable":true,"href":"https:\/\/rfid-laundry-tag.com\/vi\/wp-json\/wp\/v2\/product_cat?post=2559"},{"taxonomy":"product_tag","embeddable":true,"href":"https:\/\/rfid-laundry-tag.com\/vi\/wp-json\/wp\/v2\/product_tag?post=2559"}],"curies":[{"name":"wp","href":"https:\/\/api.w.org\/{rel}","templated":true}]}}