{"id":2543,"date":"2024-09-15T11:34:50","date_gmt":"2024-09-15T11:34:50","guid":{"rendered":"https:\/\/rfid-laundry-tag.com\/?post_type=product&#038;p=2543"},"modified":"2024-09-15T11:53:19","modified_gmt":"2024-09-15T11:53:19","slug":"uhf-rfid-sticker-for-car","status":"publish","type":"product","link":"https:\/\/rfid-laundry-tag.com\/vi\/uhf-rfid-sticker-for-car\/","title":{"rendered":"Nh\u00e3n d\u00e1n RFID UHF cho xe h\u01a1i"},"content":{"rendered":"<div data-elementor-type=\"product-post\" data-elementor-id=\"2543\" class=\"elementor elementor-2543\" data-elementor-settings=\"{&quot;ha_cmc_init_switcher&quot;:&quot;no&quot;}\" data-elementor-post-type=\"product\">\n\t\t\t\t<div class=\"elementor-element elementor-element-71a1224 e-flex e-con-boxed e-con e-parent\" data-id=\"71a1224\" data-element_type=\"container\" data-e-type=\"container\" data-settings=\"{&quot;_ha_eqh_enable&quot;:false}\">\n\t\t\t\t\t<div class=\"e-con-inner\">\n\t\t\t\t<div class=\"elementor-element elementor-element-7f470072 elementor-widget elementor-widget-text-editor\" data-id=\"7f470072\" data-element_type=\"widget\" data-e-type=\"widget\" data-widget_type=\"text-editor.default\">\n\t\t\t\t<div class=\"elementor-widget-container\">\n\t\t\t\t\t\t\t\t\t<h2 class=\"AnswerParser_AnswerParserH2__SIHnF\"><span style=\"color: #000000;\">Nh\u00e3n d\u00e1n UHF RFID l\u00e0 g\u00ec?<\/span><\/h2><p><span style=\"color: #000000;\"><span class=\"AnswerParser_TextContainer__z_Iiv\" data-testid=\"youchat-text\"><strong>Nh\u00e3n d\u00e1n RFID UHF<\/strong>\u00a0l\u00e0 nh\u00e3n chuy\u00ean d\u1ee5ng \u0111\u01b0\u1ee3c thi\u1ebft k\u1ebf \u0111\u1ec3 nh\u1eadn d\u1ea1ng v\u00e0 theo d\u00f5i xe. Nh\u1eefng nh\u00e3n d\u00e1n n\u00e0y ch\u1ee9a th\u1ebb RFID UHF ho\u1ea1t \u0111\u1ed9ng trong ph\u1ea1m vi t\u1ea7n s\u1ed1\u00a0<strong>860-960MHz<\/strong>, cho ph\u00e9p giao ti\u1ebfp t\u1ea7m xa v\u1edbi \u0111\u1ea7u \u0111\u1ecdc RFID. C\u00e1c nh\u00e3n d\u00e1n th\u01b0\u1eddng \u0111\u01b0\u1ee3c l\u00e0m b\u1eb1ng l\u1edbp n\u1ec1n d\u00ednh b\u1ec1n, gi\u00fap d\u1ec5 d\u00e0ng d\u00e1n l\u00ean nhi\u1ec1u b\u1ec1 m\u1eb7t kh\u00e1c nhau, bao g\u1ed3m k\u00ednh ch\u1eafn gi\u00f3 v\u00e0 bi\u1ec3n s\u1ed1 xe.<\/span><span class=\"AnswerParser_TextContainer__z_Iiv\" data-testid=\"youchat-text\">Nh\u1eefng nh\u00e3n d\u00e1n RFID n\u00e0y \u0111\u01b0\u1ee3c thi\u1ebft k\u1ebf \u0111\u1ec3 ch\u1ed1ng ch\u1ecbu c\u00e1c y\u1ebfu t\u1ed1 m\u00f4i tr\u01b0\u1eddng, \u0111\u1ea3m b\u1ea3o hi\u1ec7u su\u1ea5t \u0111\u00e1ng tin c\u1eady trong nhi\u1ec1u \u0111i\u1ec1u ki\u1ec7n kh\u00e1c nhau. K\u00edch th\u01b0\u1edbc nh\u1ecf g\u1ecdn v\u00e0 thi\u1ebft k\u1ebf nh\u1eb9 khi\u1ebfn ch\u00fang tr\u1edf n\u00ean l\u00fd t\u01b0\u1edfng \u0111\u1ec3 s\u1eed d\u1ee5ng tr\u00ean xe m\u00e0 kh\u00f4ng l\u00e0m t\u0103ng th\u00eam kh\u1ed1i l\u01b0\u1ee3ng kh\u00f4ng c\u1ea7n thi\u1ebft.<\/span><\/span><\/p><h2 class=\"AnswerParser_AnswerParserH2__SIHnF\"><span style=\"color: #000000;\"><a href=\"https:\/\/rfid-laundry-tag.com\/vi\/hot-selling-rfid-tags\/page\/2\/\"><img fetchpriority=\"high\" decoding=\"async\" class=\"alignnone wp-image-2547 size-full\" src=\"https:\/\/rfid-laundry-tag.com\/wp-content\/uploads\/2024\/09\/OIP-C-4.jpg\" alt=\"\" width=\"474\" height=\"274\" srcset=\"https:\/\/rfid-laundry-tag.com\/wp-content\/uploads\/2024\/09\/OIP-C-4.jpg 474w, https:\/\/rfid-laundry-tag.com\/wp-content\/uploads\/2024\/09\/OIP-C-4-300x173.jpg 300w, https:\/\/rfid-laundry-tag.com\/wp-content\/uploads\/2024\/09\/OIP-C-4-18x10.jpg 18w\" sizes=\"(max-width: 474px) 100vw, 474px\" \/><\/a>Nh\u00e3n d\u00e1n UHF RFID ho\u1ea1t \u0111\u1ed9ng nh\u01b0 th\u1ebf n\u00e0o?<\/span><\/h2><p><span style=\"color: #000000;\"><span class=\"AnswerParser_TextContainer__z_Iiv\" data-testid=\"youchat-text\">Nh\u00e3n d\u00e1n RFID UHF ho\u1ea1t \u0111\u1ed9ng b\u1eb1ng c\u00e1ch s\u1eed d\u1ee5ng c\u00f4ng ngh\u1ec7 nh\u1eadn d\u1ea1ng t\u1ea7n s\u1ed1 v\u00f4 tuy\u1ebfn. M\u1ed7i nh\u00e3n d\u00e1n ch\u1ee9a m\u1ed9t m\u00e3 \u0111\u1ecbnh danh duy nh\u1ea5t \u0111\u01b0\u1ee3c l\u01b0u tr\u1eef trong th\u1ebb RFID. Khi xe \u0111\u01b0\u1ee3c trang b\u1ecb nh\u00e3n d\u00e1n \u0111i qua trong ph\u1ea1m vi c\u1ee7a \u0111\u1ea7u \u0111\u1ecdc RFID, \u0111\u1ea7u \u0111\u1ecdc s\u1ebd ph\u00e1t ra s\u00f3ng v\u00f4 tuy\u1ebfn k\u00edch ho\u1ea1t th\u1ebb. Sau \u0111\u00f3, th\u1ebb s\u1ebd truy\u1ec1n m\u00e3 \u0111\u1ecbnh danh duy nh\u1ea5t c\u1ee7a n\u00f3 tr\u1edf l\u1ea1i \u0111\u1ea7u \u0111\u1ecdc, cho ph\u00e9p t\u1ef1 \u0111\u1ed9ng nh\u1eadn d\u1ea1ng v\u00e0 theo d\u00f5i xe.<\/span><span class=\"AnswerParser_TextContainer__z_Iiv\" data-testid=\"youchat-text\">Qu\u00e1 tr\u00ecnh n\u00e0y cho ph\u00e9p thu th\u1eadp v\u00e0 gi\u00e1m s\u00e1t d\u1eef li\u1ec7u theo th\u1eddi gian th\u1ef1c, gi\u00fap c\u00e1c doanh nghi\u1ec7p v\u00e0 c\u00e1 nh\u00e2n qu\u1ea3n l\u00fd xe hi\u1ec7u qu\u1ea3 h\u01a1n. Kh\u1ea3 n\u0103ng t\u1ea7m xa c\u1ee7a c\u00f4ng ngh\u1ec7 UHF RFID cho ph\u00e9p ph\u00e1t hi\u1ec7n t\u1eeb kho\u1ea3ng c\u00e1ch v\u00e0i m\u00e9t, t\u0103ng c\u01b0\u1eddng s\u1ef1 ti\u1ec7n l\u1ee3i v\u00e0 kh\u1ea3 n\u0103ng s\u1eed d\u1ee5ng.<\/span><\/span><\/p><h2 class=\"AnswerParser_AnswerParserH2__SIHnF\"><span style=\"color: #000000;\">L\u1ee3i \u00edch c\u1ee7a vi\u1ec7c s\u1eed d\u1ee5ng nh\u00e3n d\u00e1n UHF RFID cho xe c\u1ed9<\/span><\/h2><p><span class=\"AnswerParser_TextContainer__z_Iiv\" style=\"color: #000000;\" data-testid=\"youchat-text\">S\u1eed d\u1ee5ng nh\u00e3n d\u00e1n UHF RFID cho xe c\u1ed9 mang l\u1ea1i nhi\u1ec1u l\u1ee3i \u00edch:<\/span><\/p><ul class=\"AnswerParser_AnswerParserUnorderedList__P_1FW\"><li class=\"AnswerParser_ListItem__XqLOV\" translate=\"yes\"><span style=\"color: #000000;\"><strong>Theo d\u00f5i n\u00e2ng cao<\/strong>:Nh\u00e3n d\u00e1n RFID cung c\u1ea5p kh\u1ea3 n\u0103ng theo d\u00f5i xe ch\u00ednh x\u00e1c v\u00e0 theo th\u1eddi gian th\u1ef1c, gi\u00fap theo d\u00f5i v\u1ecb tr\u00ed v\u00e0 tr\u1ea1ng th\u00e1i c\u1ee7a xe d\u1ec5 d\u00e0ng h\u01a1n.<\/span><\/li><li class=\"AnswerParser_ListItem__XqLOV\" translate=\"yes\"><span style=\"color: #000000;\"><strong>Ki\u1ec3m so\u00e1t truy c\u1eadp \u0111\u01b0\u1ee3c c\u1ea3i thi\u1ec7n<\/strong>:Nh\u1eefng nh\u00e3n d\u00e1n n\u00e0y c\u00f3 th\u1ec3 \u0111\u01b0\u1ee3c t\u00edch h\u1ee3p v\u00e0o h\u1ec7 th\u1ed1ng ki\u1ec3m so\u00e1t ra v\u00e0o, cho ph\u00e9p ra v\u00e0o d\u1ec5 d\u00e0ng v\u00e0o c\u00e1c khu v\u1ef1c h\u1ea1n ch\u1ebf nh\u01b0 b\u00e3i \u0111\u1eadu xe v\u00e0 khu d\u00e2n c\u01b0 c\u00f3 c\u1ed5ng b\u1ea3o v\u1ec7.<\/span><\/li><li class=\"AnswerParser_ListItem__XqLOV\" translate=\"yes\"><span style=\"color: #000000;\"><strong>Gi\u1ea3i ph\u00e1p ti\u1ebft ki\u1ec7m chi ph\u00ed<\/strong>:Nh\u00e3n d\u00e1n UHF RFID l\u00e0 m\u1ed9t gi\u1ea3i ph\u00e1p ti\u1ebft ki\u1ec7m \u0111\u1ec3 tri\u1ec3n khai h\u1ec7 th\u1ed1ng theo d\u00f5i v\u00e0 qu\u1ea3n l\u00fd ph\u01b0\u01a1ng ti\u1ec7n, gi\u00fap gi\u1ea3m nhu c\u1ea7u ki\u1ec3m tra th\u1ee7 c\u00f4ng v\u00e0 c\u1ea3i thi\u1ec7n hi\u1ec7u qu\u1ea3 ho\u1ea1t \u0111\u1ed9ng.<\/span><\/li><\/ul><p><span class=\"AnswerParser_TextContainer__z_Iiv\" style=\"color: #000000;\" data-testid=\"youchat-text\">Nh\u1eefng l\u1ee3i \u00edch n\u00e0y khi\u1ebfn nh\u00e3n d\u00e1n UHF RFID tr\u1edf th\u00e0nh kho\u1ea3n \u0111\u1ea7u t\u01b0 th\u00f4ng minh cho c\u00e1c doanh nghi\u1ec7p v\u00e0 c\u00e1 nh\u00e2n mu\u1ed1n n\u00e2ng cao quy tr\u00ecnh qu\u1ea3n l\u00fd ph\u01b0\u01a1ng ti\u1ec7n c\u1ee7a m\u00ecnh.<\/span><\/p><p><a href=\"https:\/\/rfid-laundry-tag.com\/vi\/hot-selling-rfid-tags\/page\/2\/\"><img decoding=\"async\" class=\"alignnone size-full wp-image-2549\" src=\"https:\/\/rfid-laundry-tag.com\/wp-content\/uploads\/2024\/09\/uhf-rfid-windshield-sticker-tagS.jpg\" alt=\"UHF RFID Stickers for Cars\" width=\"1000\" height=\"437\" srcset=\"https:\/\/rfid-laundry-tag.com\/wp-content\/uploads\/2024\/09\/uhf-rfid-windshield-sticker-tagS.jpg 1000w, https:\/\/rfid-laundry-tag.com\/wp-content\/uploads\/2024\/09\/uhf-rfid-windshield-sticker-tagS-300x131.jpg 300w, https:\/\/rfid-laundry-tag.com\/wp-content\/uploads\/2024\/09\/uhf-rfid-windshield-sticker-tagS-768x336.jpg 768w, https:\/\/rfid-laundry-tag.com\/wp-content\/uploads\/2024\/09\/uhf-rfid-windshield-sticker-tagS-18x8.jpg 18w, https:\/\/rfid-laundry-tag.com\/wp-content\/uploads\/2024\/09\/uhf-rfid-windshield-sticker-tagS-600x262.jpg 600w\" sizes=\"(max-width: 1000px) 100vw, 1000px\" \/><\/a><\/p><h2 class=\"AnswerParser_AnswerParserH2__SIHnF\"><span style=\"color: #000000;\">\u1ee8ng d\u1ee5ng c\u1ee7a nh\u00e3n d\u00e1n UHF RFID trong qu\u1ea3n l\u00fd xe<\/span><\/h2><p><span class=\"AnswerParser_TextContainer__z_Iiv\" style=\"color: #000000;\" data-testid=\"youchat-text\">Nh\u00e3n d\u00e1n RFID UHF c\u00f3 nhi\u1ec1u \u1ee9ng d\u1ee5ng trong qu\u1ea3n l\u00fd xe, bao g\u1ed3m:<\/span><\/p><ul class=\"AnswerParser_AnswerParserUnorderedList__P_1FW\"><li class=\"AnswerParser_ListItem__XqLOV\" translate=\"yes\"><span style=\"color: #000000;\"><strong>Qu\u1ea3n l\u00fd \u0111\u1ed9i xe<\/strong>:C\u00e1c doanh nghi\u1ec7p c\u00f3 th\u1ec3 s\u1eed d\u1ee5ng nh\u00e3n d\u00e1n RFID \u0111\u1ec3 theo d\u00f5i \u0111\u1ed9i xe c\u1ee7a m\u00ecnh, gi\u00e1m s\u00e1t m\u1ee9c s\u1eed d\u1ee5ng v\u00e0 t\u1ed1i \u01b0u h\u00f3a l\u1ed9 tr\u00ecnh \u0111\u1ec3 \u0111\u1ea1t hi\u1ec7u qu\u1ea3.<\/span><\/li><li class=\"AnswerParser_ListItem__XqLOV\" translate=\"yes\"><span style=\"color: #000000;\"><strong>Ki\u1ec3m so\u00e1t ra v\u00e0o b\u00e3i \u0111\u1eadu xe<\/strong>: Nh\u00e3n d\u00e1n RFID c\u00f3 th\u1ec3 \u0111\u01b0\u1ee3c s\u1eed d\u1ee5ng cho h\u1ec7 th\u1ed1ng \u0111\u1ed7 xe t\u1ef1 \u0111\u1ed9ng, cho ph\u00e9p xe ra v\u00e0o m\u00e0 kh\u00f4ng c\u1ea7n v\u00e9 ho\u1eb7c th\u1ebb th\u00f4ng h\u00e0nh.<\/span><\/li><li class=\"AnswerParser_ListItem__XqLOV\" translate=\"yes\"><span style=\"color: #000000;\"><strong>Qu\u1ea3n l\u00fd h\u00e0ng t\u1ed3n kho<\/strong>:Trong kho b\u00e3i v\u00e0 h\u1eadu c\u1ea7n, nh\u00e3n d\u00e1n RFID gi\u00fap theo d\u00f5i xe c\u1ed9 v\u00e0 t\u00e0i s\u1ea3n, \u0111\u1ea3m b\u1ea3o h\u1ed3 s\u01a1 ki\u1ec3m k\u00ea ch\u00ednh x\u00e1c v\u00e0 gi\u1ea3m th\u1ea5t tho\u00e1t.<\/span><\/li><\/ul><p><span class=\"AnswerParser_TextContainer__z_Iiv\" style=\"color: #000000;\" data-testid=\"youchat-text\">C\u00e1c \u1ee9ng d\u1ee5ng n\u00e0y ch\u1ee9ng minh t\u00ednh linh ho\u1ea1t v\u00e0 hi\u1ec7u qu\u1ea3 c\u1ee7a nh\u00e3n d\u00e1n RFID UHF trong nhi\u1ec1u t\u00ecnh hu\u1ed1ng qu\u1ea3n l\u00fd xe kh\u00e1c nhau.<\/span><\/p><h2 class=\"AnswerParser_AnswerParserH2__SIHnF\"><span style=\"color: #000000;\">Th\u00f4ng s\u1ed1 k\u1ef9 thu\u1eadt c\u1ee7a nh\u00e3n d\u00e1n UHF RFID<\/span><\/h2><div class=\"AnswerParser_TableContainer__Erb6v\" data-testid=\"table-container\"><table><thead><tr><th style=\"text-align: left;\"><span style=\"color: #000000;\">T\u00ednh n\u0103ng<\/span><\/th><th style=\"text-align: left;\"><span style=\"color: #000000;\">\u0110\u1eb7c \u0111i\u1ec3m k\u1ef9 thu\u1eadt<\/span><\/th><\/tr><\/thead><tbody><tr><td style=\"text-align: left;\"><span style=\"color: #000000;\">T\u00ednh th\u01b0\u1eddng xuy\u00ean<\/span><\/td><td style=\"text-align: left;\"><span style=\"color: #000000;\">860-960MHz<\/span><\/td><\/tr><tr><td><span style=\"color: #000000;\">Khoai t\u00e2y chi\u00ean<\/span><\/td><td><span style=\"color: #000000;\">M\u00e3 U 9, Alien H3, Alien 9, v.v.<\/span><\/td><\/tr><tr><td><span style=\"color: #000000;\">Keo d\u00ednh<\/span><\/td><td><span style=\"color: #000000;\">B\u1ec1n b\u1ec9, ch\u1ed1ng ch\u1ecbu th\u1eddi ti\u1ebft<\/span><\/td><\/tr><tr><td><span style=\"color: #000000;\">Ph\u1ea1m vi \u0111\u1ecdc<\/span><\/td><td><span style=\"color: #000000;\">L\u00ean \u0111\u1ebfn v\u00e0i m\u00e9t<\/span><\/td><\/tr><tr><td><span style=\"color: #000000;\">Kh\u1ea3 n\u0103ng t\u01b0\u01a1ng th\u00edch<\/span><\/td><td><span style=\"color: #000000;\">Ho\u1ea1t \u0111\u1ed9ng v\u1edbi \u0111\u1ea7u \u0111\u1ecdc RFID UHF<\/span><\/td><\/tr><tr><td><span style=\"color: #000000;\">K\u00edch th\u01b0\u1edbc<\/span><\/td><td><span style=\"color: #000000;\">C\u00f3 s\u1eb5n k\u00edch th\u01b0\u1edbc t\u00f9y ch\u1ec9nh<\/span><\/td><\/tr><\/tbody><\/table><h2 class=\"AnswerParser_AnswerParserH2__SIHnF\"><span style=\"color: #000000;\">T\u00e1c \u0111\u1ed9ng m\u00f4i tr\u01b0\u1eddng c\u1ee7a nh\u00e3n d\u00e1n RFID UHF<\/span><\/h2><p><span class=\"AnswerParser_TextContainer__z_Iiv\" style=\"color: #000000;\" data-testid=\"youchat-text\">Nh\u00e3n d\u00e1n RFID UHF \u0111\u01b0\u1ee3c thi\u1ebft k\u1ebf v\u1edbi m\u1ee5c \u0111\u00edch h\u01b0\u1edbng \u0111\u1ebfn t\u00ednh b\u1ec1n v\u1eefng. C\u00e1c v\u1eadt li\u1ec7u \u0111\u01b0\u1ee3c s\u1eed d\u1ee5ng trong qu\u00e1 tr\u00ecnh s\u1ea3n xu\u1ea5t th\u01b0\u1eddng c\u00f3 th\u1ec3 t\u00e1i ch\u1ebf v\u00e0 b\u1ea3n th\u00e2n nh\u00e3n d\u00e1n c\u00f3 \u0111\u1ed9 b\u1ec1n cao, gi\u00fap gi\u1ea3m nhu c\u1ea7u thay th\u1ebf th\u01b0\u1eddng xuy\u00ean. B\u1eb1ng c\u00e1ch tri\u1ec3n khai c\u00f4ng ngh\u1ec7 RFID, c\u00e1c doanh nghi\u1ec7p c\u0169ng c\u00f3 th\u1ec3 gi\u1ea3m thi\u1ec3u ch\u1ea5t th\u1ea3i gi\u1ea5y li\u00ean quan \u0111\u1ebfn c\u00e1c ph\u01b0\u01a1ng ph\u00e1p theo d\u00f5i ph\u01b0\u01a1ng ti\u1ec7n truy\u1ec1n th\u1ed1ng, g\u00f3p ph\u1ea7n v\u00e0o ho\u1ea1t \u0111\u1ed9ng b\u1ec1n v\u1eefng h\u01a1n.<\/span><\/p><h2 class=\"AnswerParser_AnswerParserH2__SIHnF\"><span style=\"color: #000000;\">\u0110\u00e1nh gi\u00e1 v\u00e0 ph\u1ea3n h\u1ed3i c\u1ee7a kh\u00e1ch h\u00e0ng<\/span><\/h2><p><span style=\"color: #000000;\"><span class=\"AnswerParser_TextContainer__z_Iiv\" data-testid=\"youchat-text\">Kh\u00e1ch h\u00e0ng \u0111\u00e3 s\u1eed d\u1ee5ng nh\u00e3n d\u00e1n UHF RFID cho xe c\u1ee7a h\u1ecd \u0111\u00e3 b\u00e1o c\u00e1o m\u1ee9c \u0111\u1ed9 h\u00e0i l\u00f2ng cao. Nhi\u1ec1u ng\u01b0\u1eddi \u0111\u00e1nh gi\u00e1 cao s\u1ef1 d\u1ec5 d\u00e0ng l\u1eafp \u0111\u1eb7t v\u00e0 s\u1ef1 ti\u1ec7n l\u1ee3i c\u1ee7a t\u00ednh n\u0103ng theo d\u00f5i t\u1ef1 \u0111\u1ed9ng. Ng\u01b0\u1eddi d\u00f9ng \u0111\u00e3 l\u01b0u \u00fd r\u1eb1ng nh\u00e3n d\u00e1n ho\u1ea1t \u0111\u1ed9ng t\u1ed1t trong nhi\u1ec1u \u0111i\u1ec1u ki\u1ec7n th\u1eddi ti\u1ebft kh\u00e1c nhau v\u00e0 cung c\u1ea5p kh\u1ea3 n\u0103ng ki\u1ec3m so\u00e1t truy c\u1eadp \u0111\u00e1ng tin c\u1eady cho c\u00e1c c\u01a1 s\u1edf \u0111\u1ed7 xe.<\/span><span class=\"AnswerParser_TextContainer__z_Iiv\" data-testid=\"youchat-text\">Ph\u1ea3n h\u1ed3i t\u00edch c\u1ef1c nh\u1ea5n m\u1ea1nh t\u00ednh hi\u1ec7u qu\u1ea3 c\u1ee7a nh\u00e3n d\u00e1n UHF RFID trong vi\u1ec7c n\u00e2ng cao quy tr\u00ecnh qu\u1ea3n l\u00fd xe, khi\u1ebfn ch\u00fang tr\u1edf th\u00e0nh l\u1ef1a ch\u1ecdn ph\u1ed5 bi\u1ebfn trong c\u1ea3 doanh nghi\u1ec7p v\u00e0 c\u00e1 nh\u00e2n.<\/span><\/span><\/p><h2 class=\"AnswerParser_AnswerParserH2__SIHnF\"><span style=\"color: #000000;\">C\u00e2u h\u1ecfi th\u01b0\u1eddng g\u1eb7p v\u1ec1 nh\u00e3n d\u00e1n RFID UHF cho \u00f4 t\u00f4<\/span><\/h2><p><span style=\"color: #000000;\"><span class=\"AnswerParser_TextContainer__z_Iiv\" data-testid=\"youchat-text\"><strong>H\u1ecfi: Nh\u00e3n d\u00e1n UHF RFID c\u00f3 th\u1ec3 th\u00e1o r\u1eddi v\u00e0 t\u00e1i s\u1eed d\u1ee5ng \u0111\u01b0\u1ee3c kh\u00f4ng?<\/strong><br \/>A: M\u1eb7c d\u00f9 nh\u00e3n d\u00e1n UHF RFID \u0111\u01b0\u1ee3c thi\u1ebft k\u1ebf \u0111\u1ec3 c\u00f3 \u0111\u1ed9 b\u1ec1n cao, nh\u01b0ng ch\u00fang th\u01b0\u1eddng \u0111\u01b0\u1ee3c d\u00f9ng cho c\u00e1c \u1ee9ng d\u1ee5ng s\u1eed d\u1ee5ng m\u1ed9t l\u1ea7n. Vi\u1ec7c th\u00e1o ch\u00fang ra c\u00f3 th\u1ec3 l\u00e0m gi\u1ea3m t\u00ednh ch\u1ea5t k\u1ebft d\u00ednh c\u1ee7a ch\u00fang.\u00a0 \u00a0 \u00a0 \u00a0 \u00a0<\/span><\/span><\/p><p><span style=\"color: #000000;\"><span class=\"AnswerParser_TextContainer__z_Iiv\" data-testid=\"youchat-text\"><strong>H: Nh\u00e3n d\u00e1n UHF RFID c\u00f3 tu\u1ed5i th\u1ecd bao l\u00e2u?<\/strong><br \/>A: N\u1ebfu l\u1eafp \u0111\u1eb7t v\u00e0 b\u1ea3o qu\u1ea3n \u0111\u00fang c\u00e1ch, nh\u00e3n d\u00e1n UHF RFID c\u00f3 th\u1ec3 s\u1eed d\u1ee5ng \u0111\u01b0\u1ee3c trong nhi\u1ec1u n\u0103m, ngay c\u1ea3 trong \u0111i\u1ec1u ki\u1ec7n m\u00f4i tr\u01b0\u1eddng kh\u1eafc nghi\u1ec7t.\u00a0<\/span><\/span><\/p><p><span style=\"color: #000000;\"><span class=\"AnswerParser_TextContainer__z_Iiv\" data-testid=\"youchat-text\"> \u00a0<\/span><span class=\"AnswerParser_TextContainer__z_Iiv\" data-testid=\"youchat-text\"><strong>H\u1ecfi: Nh\u00e3n d\u00e1n UHF RFID c\u00f3 ch\u1ed1ng th\u1ea5m n\u01b0\u1edbc kh\u00f4ng?<\/strong><br \/>A: C\u00f3, h\u1ea7u h\u1ebft c\u00e1c nh\u00e3n d\u00e1n RFID UHF \u0111\u1ec1u \u0111\u01b0\u1ee3c thi\u1ebft k\u1ebf \u0111\u1ec3 ch\u1ed1ng ch\u1ecbu th\u1eddi ti\u1ebft, do \u0111\u00f3 ph\u00f9 h\u1ee3p \u0111\u1ec3 s\u1eed d\u1ee5ng ngo\u00e0i tr\u1eddi.<\/span><\/span><\/p><\/div>\t\t\t\t\t\t\t\t<\/div>\n\t\t\t\t<\/div>\n\t\t\t\t\t<\/div>\n\t\t\t\t<\/div>\n\t\t\t\t<\/div>","protected":false},"excerpt":{"rendered":"<p>Nh\u00e3n d\u00e1n RFID UHF cung c\u1ea5p kh\u1ea3 n\u0103ng nh\u1eadn d\u1ea1ng xe \u0111\u00e1ng tin c\u1eady \u0111\u1ec3 ki\u1ec3m so\u00e1t ra v\u00e0o v\u00e0 qu\u1ea3n l\u00fd h\u00e0ng t\u1ed3n kho, t\u0103ng c\u01b0\u1eddng gi\u00e1m s\u00e1t \u0111\u1ed9i xe v\u00e0 hi\u1ec7u qu\u1ea3 \u0111\u1ed7 xe.<\/p>","protected":false},"featured_media":2544,"template":"","meta":{"_kad_post_transparent":"default","_kad_post_title":"","_kad_post_layout":"default","_kad_post_sidebar_id":"","_kad_post_content_style":"default","_kad_post_vertical_padding":"default","_kad_post_feature":"","_kad_post_feature_position":"","_kad_post_header":false,"_kad_post_footer":false,"_kad_post_classname":""},"product_brand":[],"product_cat":[54],"product_tag":[100,285,284],"class_list":{"0":"post-2543","1":"product","2":"type-product","3":"status-publish","4":"has-post-thumbnail","6":"product_cat-hot-selling-rfid-tags","7":"product_tag-rfid-label","8":"product_tag-rfid-tag","9":"product_tag-uhf-rfid-sticker","11":"first","12":"instock","13":"shipping-taxable","14":"product-type-simple","15":"entry","16":"content-bg","17":"loop-entry"},"_links":{"self":[{"href":"https:\/\/rfid-laundry-tag.com\/vi\/wp-json\/wp\/v2\/product\/2543","targetHints":{"allow":["GET"]}}],"collection":[{"href":"https:\/\/rfid-laundry-tag.com\/vi\/wp-json\/wp\/v2\/product"}],"about":[{"href":"https:\/\/rfid-laundry-tag.com\/vi\/wp-json\/wp\/v2\/types\/product"}],"version-history":[{"count":5,"href":"https:\/\/rfid-laundry-tag.com\/vi\/wp-json\/wp\/v2\/product\/2543\/revisions"}],"predecessor-version":[{"id":2558,"href":"https:\/\/rfid-laundry-tag.com\/vi\/wp-json\/wp\/v2\/product\/2543\/revisions\/2558"}],"wp:featuredmedia":[{"embeddable":true,"href":"https:\/\/rfid-laundry-tag.com\/vi\/wp-json\/wp\/v2\/media\/2544"}],"wp:attachment":[{"href":"https:\/\/rfid-laundry-tag.com\/vi\/wp-json\/wp\/v2\/media?parent=2543"}],"wp:term":[{"taxonomy":"product_brand","embeddable":true,"href":"https:\/\/rfid-laundry-tag.com\/vi\/wp-json\/wp\/v2\/product_brand?post=2543"},{"taxonomy":"product_cat","embeddable":true,"href":"https:\/\/rfid-laundry-tag.com\/vi\/wp-json\/wp\/v2\/product_cat?post=2543"},{"taxonomy":"product_tag","embeddable":true,"href":"https:\/\/rfid-laundry-tag.com\/vi\/wp-json\/wp\/v2\/product_tag?post=2543"}],"curies":[{"name":"wp","href":"https:\/\/api.w.org\/{rel}","templated":true}]}}