{"id":204,"date":"2024-06-18T09:26:05","date_gmt":"2024-06-18T09:26:05","guid":{"rendered":"https:\/\/rfid-laundry-tag.com\/?post_type=product&#038;p=204"},"modified":"2024-09-26T03:20:13","modified_gmt":"2024-09-26T03:20:13","slug":"textile-fabric-rfid-laundry-tags","status":"publish","type":"product","link":"https:\/\/rfid-laundry-tag.com\/vi\/textile-fabric-rfid-laundry-tags\/","title":{"rendered":"Th\u1ebb gi\u1eb7t RFID v\u1ea3i d\u1ec7t"},"content":{"rendered":"<div>\n<div class=\"auto-hide-last-sibling-br paragraph_1252f paragraph-element\">\n<table width=\"637\">\n<tbody>\n<tr>\n<td width=\"328\">T\u00ean s\u1ea3n ph\u1ea9m:<\/td>\n<td width=\"309\"><strong>Th\u1ebb gi\u1eb7t RFID v\u1ea3i d\u1ec7t<\/strong><\/td>\n<\/tr>\n<tr>\n<td width=\"328\">Ti\u00eau chu\u1ea9n RFID:<\/td>\n<td width=\"309\">ISO\/IEC 18000-6 Lo\u1ea1i C (EPC Gen2)<\/td>\n<\/tr>\n<tr>\n<td width=\"328\">K\u00edch th\u01b0\u1edbc &amp; Tr\u1ecdng l\u01b0\u1ee3ng:<\/td>\n<td width=\"309\">70\u00d715mm, 0,6g<\/td>\n<\/tr>\n<tr>\n<td width=\"328\">Lo\u1ea1i chip:<\/td>\n<td width=\"309\">Impinj Monza 4QT,NXP U M\u00c3 8,NXP U M\u00c3 9<\/td>\n<\/tr>\n<tr>\n<td width=\"328\">B\u1ed9 nh\u1edb EPC:<\/td>\n<td width=\"309\">128 bit<\/td>\n<\/tr>\n<tr>\n<td width=\"328\">B\u1ed9 nh\u1edb ng\u01b0\u1eddi d\u00f9ng:<\/td>\n<td width=\"309\">512 bit<\/td>\n<\/tr>\n<tr>\n<td width=\"328\">Ph\u1ea1m vi \u0111\u1ecdc (2W ERP FCC):<\/td>\n<td width=\"309\">8 ph\u00fat<\/td>\n<\/tr>\n<tr>\n<td width=\"328\">Ph\u1ea1m vi \u0111\u1ecdc (2W ERP ETSI):<\/td>\n<td width=\"309\">8 ph\u00fat<\/td>\n<\/tr>\n<tr>\n<td width=\"328\">G\u1eafn th\u1ebb:<\/td>\n<td width=\"309\">May, keo d\u00e1n d\u1eadp n\u00f3ng<\/td>\n<\/tr>\n<tr>\n<td width=\"328\">Tu\u1ed5i th\u1ecd \u01b0\u1edbc t\u00ednh:<\/td>\n<td width=\"309\">200 chu k\u1ef3 gi\u1eb7t ho\u1eb7c 3 n\u0103m, t\u00f9y theo \u0111i\u1ec1u ki\u1ec7n n\u00e0o \u0111\u1ebfn tr\u01b0\u1edbc<\/td>\n<\/tr>\n<tr>\n<td width=\"328\">Ph\u01b0\u01a1ng ph\u00e1p gi\u1eb7t:<\/td>\n<td width=\"309\">Gi\u1eb7t \u1ee7i, Gi\u1eb7t kh\u00f4<\/td>\n<\/tr>\n<tr>\n<td width=\"328\">\u00c1p su\u1ea5t h\u00fat n\u01b0\u1edbc:<\/td>\n<td width=\"309\">60 thanh<\/td>\n<\/tr>\n<tr>\n<td width=\"328\">Kh\u1ea3 n\u0103ng ch\u1ed1ng n\u01b0\u1edbc:<\/td>\n<td width=\"309\">Ch\u1ed1ng n\u01b0\u1edbc<\/td>\n<\/tr>\n<tr>\n<td width=\"328\">Kh\u1ea3 n\u0103ng kh\u00e1ng h\u00f3a ch\u1ea5t:<\/td>\n<td width=\"309\">Ch\u1ea5t t\u1ea9y r\u1eeda, Ch\u1ea5t l\u00e0m m\u1ec1m, Ch\u1ea5t t\u1ea9y tr\u1eafng (Oxy\/ Clo), Ch\u1ea5t ki\u1ec1m<\/td>\n<\/tr>\n<tr>\n<td width=\"328\">L\u00e0m kh\u00f4 tr\u01b0\u1edbc trong m\u00e1y s\u1ea5y:<\/td>\n<td width=\"309\">125 \u00baC trong 15-20 ph\u00fat<\/td>\n<\/tr>\n<tr>\n<td width=\"328\">Nhi\u1ec7t \u0111\u1ed9 kh\u1eed tr\u00f9ng:<\/td>\n<td width=\"309\">135\u00b0C trong 15-20 ph\u00fat<\/td>\n<\/tr>\n<tr>\n<td width=\"328\">Nhi\u1ec7t \u0111\u1ed9 gi\u1eb7t:<\/td>\n<td width=\"309\">90\u00b0C, T\u1ed1i \u0111a 15 ph\u00fat.<\/td>\n<\/tr>\n<tr>\n<td width=\"328\">\u0110\u1ed9 \u1ea9m\/ Nhi\u1ec7t \u0111\u1ed9-Ho\u1ea1t \u0111\u1ed9ng:<\/td>\n<td width=\"309\">-20 \u0111\u1ebfn 110\u00b0C, 8 \u0111\u1ebfn 95%RH<\/td>\n<\/tr>\n<tr>\n<td width=\"328\">\u0110\u1ed9 \u1ea9m\/ Nhi\u1ec7t \u0111\u1ed9-L\u01b0u tr\u1eef:<\/td>\n<td width=\"309\">-40 \u0111\u1ebfn 110\u00b0C, 8 \u0111\u1ebfn 95%RH<\/td>\n<\/tr>\n<\/tbody>\n<\/table>\n<\/div>\n<div class=\"auto-hide-last-sibling-br paragraph_1252f paragraph-element\"><\/div>\n<\/div>\n<div data-spm-anchor-id=\"a2700.details.0.i57.23b419c7xXORP0\">\n<div class=\"auto-hide-last-sibling-br paragraph_1252f paragraph-element\">\n<h2>T\u00ednh n\u0103ng c\u1ee7a Th\u1ebb gi\u1eb7t RFID v\u1ea3i d\u1ec7t<\/h2>\n<h3>1. B\u1ec1n v\u00e0 c\u00f3 th\u1ec3 gi\u1eb7t \u0111\u01b0\u1ee3c<\/h3>\n<p>C\u1ee7a ch\u00fang t\u00f4i\u00a0<strong>th\u1ebb RFID c\u00f3 th\u1ec3 gi\u1eb7t \u0111\u01b0\u1ee3c<\/strong>\u00a0\u0111\u01b0\u1ee3c thi\u1ebft k\u1ebf t\u1ec9 m\u1ec9 \u0111\u1ec3 ch\u1ecbu \u0111\u01b0\u1ee3c \u0111i\u1ec1u ki\u1ec7n gi\u1eb7t gi\u0169 kh\u1eafc nghi\u1ec7t. Ch\u00fang c\u00f3 th\u1ec3 ch\u1ecbu \u0111\u01b0\u1ee3c t\u1edbi\u00a0<strong>200 chu tr\u00ecnh gi\u1eb7t<\/strong>, ch\u1ecbu \u0111\u01b0\u1ee3c nhi\u1ec7t \u0111\u1ed9 cao trong qu\u00e1 tr\u00ecnh gi\u1eb7t v\u00e0 s\u1ea5y. C\u00e1c v\u1eadt li\u1ec7u v\u00e0 c\u00f4ng ngh\u1ec7 b\u1ec1n b\u1ec9 \u0111\u01b0\u1ee3c s\u1eed d\u1ee5ng \u0111\u1ea3m b\u1ea3o r\u1eb1ng nh\u1eefng\u00a0<strong>th\u1ebb c\u00f3 th\u1ec3 \u0111\u01b0\u1ee3c kh\u00e2u<\/strong>\u00a0v\u00e0o nhi\u1ec1u m\u1eb7t h\u00e0ng kh\u00e1c nhau, bao g\u1ed3m v\u1ea3i lanh v\u00e0 qu\u1ea7n \u00e1o, m\u00e0 kh\u00f4ng l\u00e0m m\u1ea5t \u0111i t\u00ednh to\u00e0n v\u1eb9n c\u1ee7a ch\u00fang. Cho d\u00f9 \u0111\u00f3 l\u00e0 gi\u1eb7t n\u01b0\u1edbc n\u00f3ng \u1edf\u00a0<strong>90\u00b0C<\/strong>\u00a0ho\u1eb7c kh\u1eed tr\u00f9ng t\u1ea1i\u00a0<strong>135\u00b0C<\/strong>, nh\u1eefng th\u1ebb n\u00e0y \u0111\u01b0\u1ee3c s\u1ea3n xu\u1ea5t \u0111\u1ec3 ch\u1ecbu \u0111\u01b0\u1ee3c nhu c\u1ea7u gi\u1eb7t l\u00e0 c\u00f4ng nghi\u1ec7p.<\/p>\n<h3>2. T\u00edch h\u1ee3p li\u1ec1n m\u1ea1ch v\u1edbi h\u1ec7 th\u1ed1ng RFID<\/h3>\n<p>C\u00e1c\u00a0<strong>C\u00f4ng ngh\u1ec7 RFID UHF<\/strong>\u00a0\u0111\u01b0\u1ee3c nh\u00fang trong th\u1ebb gi\u1eb7t cho ph\u00e9p t\u00edch h\u1ee3p li\u1ec1n m\u1ea1ch v\u1edbi c\u00e1c h\u1ec7 th\u1ed1ng qu\u1ea3n l\u00fd gi\u1eb7t hi\u1ec7n c\u00f3. Cho d\u00f9 b\u1ea1n \u0111ang s\u1eed d\u1ee5ng\u00a0<strong>\u0110\u1ea7u \u0111\u1ecdc RFID<\/strong>\u00a0\u0111\u1ec3 theo d\u00f5i t\u1ef1 \u0111\u1ed9ng ho\u1eb7c k\u1ebft h\u1ee3p ch\u00fang v\u00e0o m\u1ed9t ph\u1ea1m vi r\u1ed9ng h\u01a1n\u00a0<strong>qu\u1ea3n l\u00fd h\u00e0ng t\u1ed3n kho<\/strong>\u00a0h\u1ec7 th\u1ed1ng, c\u00e1c th\u1ebb n\u00e0y cung c\u1ea5p kh\u1ea3 n\u0103ng t\u01b0\u01a1ng th\u00edch c\u1ea7n thi\u1ebft cho c\u00e1c ho\u1ea1t \u0111\u1ed9ng h\u1ee3p l\u00fd. Ph\u1ea1m vi \u0111\u1ecdc \u0111\u00e1ng tin c\u1eady l\u00ean \u0111\u1ebfn\u00a0<strong>8 m\u00e9t<\/strong>\u00a0\u0111\u1ea3m b\u1ea3o theo d\u00f5i ch\u00ednh x\u00e1c, ki\u1ec3m so\u00e1t l\u01b0\u1ee3ng \u0111\u1ed3 gi\u1eb7t c\u1ee7a b\u1ea1n.<\/p>\n<h3>3. Kh\u1ea3 n\u0103ng theo d\u00f5i v\u00e0 qu\u1ea3n l\u00fd n\u00e2ng cao<\/h3>\n<p>V\u1edbi\u00a0<strong>Th\u1ebb gi\u1eb7t RFID<\/strong>, b\u1ea1n c\u00f3 th\u1ec3 theo d\u00f5i m\u1ecdi th\u1ee9 gi\u1eb7t gi\u0169 qua t\u1eebng giai \u0111o\u1ea1n\u00a0<strong>qu\u00e1 tr\u00ecnh gi\u1eb7t gi\u0169<\/strong>. Nh\u1eadn d\u1ea1ng hi\u1ec7u qu\u1ea3 v\u00e0 theo d\u00f5i h\u00e0ng t\u1ed3n kho d\u1eabn \u0111\u1ebfn nh\u1eefng hi\u1ec3u bi\u1ebft c\u00f3 th\u1ec3 h\u00e0nh \u0111\u1ed9ng, c\u1ea3i thi\u1ec7n ki\u1ec3m so\u00e1t h\u00e0ng t\u1ed3n kho t\u1ed5ng th\u1ec3. B\u1ea1n c\u00f3 th\u1ec3 theo d\u00f5i chuy\u1ec3n \u0111\u1ed9ng c\u1ee7a t\u1eebng\u00a0<strong>m\u1eb7t h\u00e0ng d\u1ec7t may<\/strong>, \u0111\u1ea3m b\u1ea3o r\u1eb1ng ch\u00fang \u0111\u01b0\u1ee3c tr\u1ea3 l\u1ea1i \u0111\u00fang ng\u01b0\u1eddi ho\u1eb7c \u0111\u00fang \u0111\u1ecba \u0111i\u1ec3m m\u1ed9t c\u00e1ch nhanh ch\u00f3ng. Kh\u1ea3 n\u0103ng hi\u1ec3n th\u1ecb n\u00e0y r\u1ea5t quan tr\u1ecdng \u0111\u1ec3 duy tr\u00ec s\u1ef1 h\u00e0i l\u00f2ng c\u1ee7a kh\u00e1ch h\u00e0ng trong c\u00e1c ng\u00e0nh nh\u01b0 d\u1ecbch v\u1ee5 kh\u00e1ch s\u1ea1n v\u00e0 ch\u0103m s\u00f3c s\u1ee9c kh\u1ecfe.<\/p>\n<h3>4. Kh\u1ea3 n\u0103ng ch\u1ed1ng h\u00f3a ch\u1ea5t m\u1ea1nh m\u1ebd<\/h3>\n<p>C\u1ee7a ch\u00fang t\u00f4i\u00a0<strong>nh\u00e3n v\u1ea3i gi\u1eb7t<\/strong>\u00a0\u0111\u01b0\u1ee3c thi\u1ebft k\u1ebf \u0111\u1ec3 ch\u1ecbu \u0111\u01b0\u1ee3c nhi\u1ec1u lo\u1ea1i h\u00f3a ch\u1ea5t th\u01b0\u1eddng \u0111\u01b0\u1ee3c s\u1eed d\u1ee5ng trong c\u00e1c ti\u1ec7m gi\u1eb7t l\u00e0 c\u00f4ng nghi\u1ec7p. Ch\u00fang c\u00f3 th\u1ec3 ch\u1ed1ng l\u1ea1i ch\u1ea5t t\u1ea9y r\u1eeda, ch\u1ea5t l\u00e0m m\u1ec1m v\u00e0 thu\u1ed1c t\u1ea9y, bao g\u1ed3m c\u1ea3 oxy v\u00e0 clo. Kh\u1ea3 n\u0103ng ch\u1ed1ng ch\u1ecbu h\u00f3a ch\u1ea5t n\u00e0y k\u00e9o d\u00e0i tu\u1ed5i th\u1ecd c\u1ee7a th\u1ebb v\u00e0 \u0111\u1ea3m b\u1ea3o hi\u1ec7u su\u1ea5t \u0111\u00e1ng tin c\u1eady, ngay c\u1ea3 trong m\u00f4i tr\u01b0\u1eddng gi\u1eb7t l\u00e0 kh\u1eafc nghi\u1ec7t nh\u1ea5t.<\/p>\n<h3>5. Nhi\u1ec1u t\u00f9y ch\u1ecdn g\u1eafn th\u1ebb<\/h3>\n<p>Th\u1ebb gi\u1eb7t \u1ee7i RFID d\u1ec7t may cung c\u1ea5p t\u00ednh linh ho\u1ea1t\u00a0<strong>t\u00f9y ch\u1ecdn g\u1eafn th\u1ebb<\/strong>. Kh\u00e1ch h\u00e0ng c\u00f3 th\u1ec3 l\u1ef1a ch\u1ecdn gi\u1eefa\u00a0<strong>may v\u00e1<\/strong>\u00a0c\u00e1c th\u1ebb tr\u1ef1c ti\u1ebfp v\u00e0o qu\u1ea7n \u00e1o ho\u1eb7c s\u1eed d\u1ee5ng\u00a0<strong>keo d\u00e1n d\u1eadp n\u00f3ng<\/strong>\u00a0\u0111\u1ec3 g\u1eafn ch\u1eb7t. Kh\u1ea3 n\u0103ng th\u00edch \u1ee9ng n\u00e0y cho ph\u00e9p d\u1ec5 d\u00e0ng t\u00edch h\u1ee3p v\u00e0o c\u00e1c lo\u1ea1i v\u1ea3i hi\u1ec7n c\u00f3 m\u00e0 kh\u00f4ng l\u00e0m gi\u00e1n \u0111o\u1ea1n ch\u1ee9c n\u0103ng ho\u1eb7c h\u00ecnh th\u1ee9c c\u1ee7a ch\u00fang.<\/p>\n<h3 class=\"wp-block-heading\">L\u1eafp \u0111\u1eb7t th\u1ebb gi\u1eb7t \u1ee7i RFID v\u1ea3i d\u1ec7t<\/h3>\n<p><strong>G\u1eafn th\u1ebb kh\u00e2u<\/strong>: \u0110\u1ec3 kh\u00e2u v\u00e0o vi\u1ec1n v\u1ea3i. Kh\u00e2u nh\u00e3n gi\u1eb7t ra kh\u1ecfi \u0111\u01b0\u1eddng g\u1ea5p.<br \/>\n<strong>H\u00e0n nhi\u1ec7t<\/strong>: \u0110\u01b0\u1ee3c h\u00e0n nhi\u1ec7t tr\u1ef1c ti\u1ebfp l\u00ean v\u1ea3i \u1edf nhi\u1ec7t \u0111\u1ed9 +200\u00b0C (392\u00b0F), trong 12~14 gi\u00e2y.<br \/>\n<strong>Trong t\u00fai<\/strong>: \u0110\u1ec3 kh\u00e2u nh\u01b0 nh\u00e3n ch\u0103m s\u00f3c ti\u00eau chu\u1ea9n. Kh\u00e2u nh\u00e3n gi\u1eb7t ra kh\u1ecfi \u0111\u01b0\u1eddng g\u1ea5p.<\/p>\n<h2>L\u1ee3i \u00edch c\u1ee7a Qu\u1ea3n l\u00fd gi\u1eb7t l\u00e0 RFID<\/h2>\n<h3>N\u00e2ng cao hi\u1ec7u qu\u1ea3 ho\u1ea1t \u0111\u1ed9ng<\/h3>\n<p>K\u1ebft h\u1ee3p\u00a0<strong>Th\u1ebb RFID<\/strong>\u00a0v\u00e0o c\u1ee7a b\u1ea1n\u00a0<strong>qu\u1ea3n l\u00fd gi\u1eb7t l\u00e0<\/strong>\u00a0quy tr\u00ecnh c\u1ea3i thi\u1ec7n \u0111\u00e1ng k\u1ec3 hi\u1ec7u qu\u1ea3 ho\u1ea1t \u0111\u1ed9ng. H\u1ec7 th\u1ed1ng theo d\u00f5i t\u1ef1 \u0111\u1ed9ng lo\u1ea1i b\u1ecf nhu c\u1ea7u v\u1ec1 c\u00e1c quy tr\u00ecnh th\u1ee7 c\u00f4ng \u0111\u00f2i h\u1ecfi nhi\u1ec1u lao \u0111\u1ed9ng, gi\u1ea3m th\u1eddi gian v\u00e0 chi ph\u00ed c\u1ee7a nh\u00e2n vi\u00ean li\u00ean quan \u0111\u1ebfn vi\u1ec7c theo d\u00f5i m\u1eb7t h\u00e0ng. \u0110i\u1ec1u n\u00e0y cho ph\u00e9p nh\u00e2n vi\u00ean t\u1eadp trung v\u00e0o c\u00e1c nhi\u1ec7m v\u1ee5 c\u1ed1t l\u00f5i mang l\u1ea1i gi\u00e1 tr\u1ecb cho doanh nghi\u1ec7p, n\u00e2ng cao n\u0103ng su\u1ea5t chung.<\/p>\n<h3>Theo d\u00f5i t\u00e0i s\u1ea3n v\u01b0\u1ee3t tr\u1ed9i<\/h3>\n<p>V\u1edbi c\u00f4ng ngh\u1ec7 RFID, b\u1ea1n c\u00f3 th\u1ec3 theo d\u00f5i t\u1eebng m\u00f3n \u0111\u1ed3 gi\u1eb7t trong su\u1ed1t v\u00f2ng \u0111\u1eddi c\u1ee7a ch\u00fang, t\u1eeb kh\u00e2u x\u1eed l\u00fd ban \u0111\u1ea7u cho \u0111\u1ebfn khi tr\u1ea3 l\u1ea1i \u0111\u1ec3 s\u1eed d\u1ee5ng. Kh\u1ea3 n\u0103ng theo d\u00f5i t\u00e0i s\u1ea3n v\u01b0\u1ee3t tr\u1ed9i n\u00e0y gi\u00fap ng\u0103n ng\u1eeba th\u1ea5t tho\u00e1t v\u00e0 \u0111\u1ea3m b\u1ea3o r\u1eb1ng t\u1ea5t c\u1ea3 c\u00e1c m\u1eb7t h\u00e0ng \u0111\u1ec1u \u0111\u01b0\u1ee3c ghi ch\u00e9p, \u0111\u1eb7c bi\u1ec7t quan tr\u1ecdng trong c\u00e1c m\u00f4i tr\u01b0\u1eddng c\u00f3 kh\u1ed1i l\u01b0\u1ee3ng l\u1edbn nh\u01b0 b\u1ec7nh vi\u1ec7n v\u00e0 kh\u00e1ch s\u1ea1n.<\/p>\n<h3>S\u1ef1 ph\u00f9 h\u1ee3p v\u1edbi Ti\u00eau chu\u1ea9n C\u00f4ng nghi\u1ec7p<\/h3>\n<p>Th\u1ebb gi\u1eb7t RFID \u0111\u01b0\u1ee3c thi\u1ebft k\u1ebf \u0111\u1ec3 \u0111\u00e1p \u1ee9ng c\u00e1c ti\u00eau chu\u1ea9n nghi\u00eam ng\u1eb7t c\u1ee7a ng\u00e0nh v\u1ec1 \u0111\u1ed9 b\u1ec1n v\u00e0 hi\u1ec7u su\u1ea5t. Thi\u1ebft k\u1ebf ch\u1eafc ch\u1eafn c\u1ee7a ch\u00fang ph\u00f9 h\u1ee3p v\u1edbi c\u00e1c m\u00f4i tr\u01b0\u1eddng c\u00f3 nhu c\u1ea7u cao, khi\u1ebfn ch\u00fang tr\u1edf n\u00ean l\u00fd t\u01b0\u1edfng cho c\u00e1c \u1ee9ng d\u1ee5ng th\u01b0\u01a1ng m\u1ea1i. B\u1eb1ng c\u00e1ch l\u1ef1a ch\u1ecdn th\u1ebb RFID d\u1ec7t may c\u1ee7a ch\u00fang t\u00f4i, b\u1ea1n s\u1ebd li\u00ean k\u1ebft ho\u1ea1t \u0111\u1ed9ng gi\u1eb7t l\u00e0 c\u1ee7a m\u00ecnh v\u1edbi c\u00e1c th\u00f4ng l\u1ec7 h\u00e0ng \u0111\u1ea7u, \u0111\u1ea3m b\u1ea3o doanh nghi\u1ec7p c\u1ee7a b\u1ea1n v\u1eabn c\u00f3 kh\u1ea3 n\u0103ng c\u1ea1nh tranh.<\/p>\n<hr \/>\n<h2>L\u1eddi ch\u1ee9ng th\u1ef1c c\u1ee7a kh\u00e1ch h\u00e0ng<\/h2>\n<blockquote><p>\u201cCh\u00fang t\u00f4i \u0111\u00e3 c\u1eaft gi\u1ea3m \u0111\u00e1ng k\u1ec3 l\u01b0\u1ee3ng v\u1ea3i lanh b\u1ecb th\u1ea5t l\u1ea1c k\u1ec3 t\u1eeb khi tri\u1ec3n khai th\u1ebb gi\u1eb7t \u1ee7i RFID. H\u1ec7 th\u1ed1ng theo d\u00f5i \u0111\u00e3 bi\u1ebfn \u0111\u1ed5i c\u00e1ch qu\u1ea3n l\u00fd gi\u1eb7t \u1ee7i c\u1ee7a ch\u00fang t\u00f4i!\u201d \u2014\u00a0<em>Mary T., Qu\u1ea3n l\u00fd c\u01a1 s\u1edf<\/em><\/p><\/blockquote>\n<blockquote><p>\u201cTh\u1ebb RFID kh\u00f4ng ch\u1ec9 gi\u1eef nguy\u00ean trong qu\u00e1 tr\u00ecnh gi\u1eb7t m\u00e0 c\u00f2n c\u1ea3i thi\u1ec7n \u0111\u00e1ng k\u1ec3 th\u1eddi gian x\u1eed l\u00fd c\u1ee7a ch\u00fang t\u00f4i.\u201d \u2014\u00a0<em>John D., Gi\u00e1m \u0111\u1ed1c \u0111i\u1ec1u h\u00e0nh<\/em><\/p><\/blockquote>\n<hr \/>\n<h2>Nh\u1eefng c\u00e2u h\u1ecfi th\u01b0\u1eddng g\u1eb7p (FAQ)<\/h2>\n<p><strong>H: Th\u1ebb gi\u1eb7t RFID c\u00f3 th\u1ec3 s\u1eed d\u1ee5ng \u0111\u01b0\u1ee3c trong bao l\u00e2u?<\/strong><br \/>\nA: C\u1ee7a ch\u00fang t\u00f4i\u00a0<strong>Th\u1ebb gi\u1eb7t RFID<\/strong>\u00a0c\u00f3 tu\u1ed5i th\u1ecd \u01b0\u1edbc t\u00ednh l\u00e0\u00a0<strong>200 l\u1ea7n gi\u1eb7t ho\u1eb7c 3 n\u0103m<\/strong>, t\u00f9y thu\u1ed9c v\u00e0o \u0111i\u1ec1u ki\u1ec7n s\u1eed d\u1ee5ng.<\/p>\n<p><strong>H: Nh\u1eefng th\u1ebb n\u00e0y c\u00f3 ch\u1ecbu \u0111\u01b0\u1ee3c nhi\u1ec7t \u0111\u1ed9 cao kh\u00f4ng?<\/strong><br \/>\nA: C\u00f3, nh\u1eefng th\u1ebb n\u00e0y \u0111\u01b0\u1ee3c thi\u1ebft k\u1ebf \u0111\u1ec3 ch\u1ecbu \u0111\u01b0\u1ee3c nhi\u1ec7t \u0111\u1ed9 gi\u1eb7t l\u00ean \u0111\u1ebfn\u00a0<strong>90\u00b0C<\/strong>, kh\u1eed tr\u00f9ng t\u1ea1i\u00a0<strong>135\u00b0C<\/strong>v\u00e0 \u0111i\u1ec1u ki\u1ec7n s\u1ea5y kh\u00f4 tr\u01b0\u1edbc, khi\u1ebfn ch\u00fang tr\u1edf n\u00ean ho\u00e0n h\u1ea3o cho c\u00e1c ti\u1ec7m gi\u1eb7t l\u00e0 c\u00f4ng nghi\u1ec7p.<\/p>\n<p><strong>H: Th\u1ebb c\u00f3 ch\u1ed1ng \u0111\u01b0\u1ee3c h\u00f3a ch\u1ea5t kh\u00f4ng?<\/strong><br \/>\nA: Ch\u1eafc ch\u1eafn r\u1ed3i. Nh\u1eefng nh\u00e3n n\u00e0y c\u00f3 kh\u1ea3 n\u0103ng ch\u1ed1ng l\u1ea1i c\u00e1c h\u00f3a ch\u1ea5t gi\u1eb7t t\u1ea9y th\u00f4ng th\u01b0\u1eddng, bao g\u1ed3m ch\u1ea5t t\u1ea9y r\u1eeda, ch\u1ea5t l\u00e0m m\u1ec1m v\u00e0 thu\u1ed1c t\u1ea9y.<\/p>\n<h3>Ph\u1ea7n k\u1ebft lu\u1eadn<\/h3>\n<div class=\"auto-hide-last-sibling-br paragraph_1252f paragraph-element\"><strong>Th\u1ebb gi\u1eb7t RFID v\u1ea3i d\u1ec7t<\/strong> l\u00e0 lo\u1ea1i th\u1ebb RFID \u0111\u01b0\u1ee3c thi\u1ebft k\u1ebf ri\u00eang cho h\u00e0ng d\u1ec7t may tr\u1ea3i qua qu\u00e1 tr\u00ecnh gi\u1eb7t c\u00f4ng nghi\u1ec7p nghi\u00eam ng\u1eb7t, bao g\u1ed3m kh\u1eed tr\u00f9ng v\u00e0 \u1ee7i.<\/div>\n<div class=\"auto-hide-last-sibling-br paragraph_1252f paragraph-element\">Nh\u1eefng c\u00e1i n\u00e0y <strong>Th\u1ebb gi\u1eb7t RFID v\u1ea3i d\u1ec7t<\/strong> l\u00e0 n\u1ec1n t\u1ea3ng cho vi\u1ec7c nh\u1eadn d\u1ea1ng, truy t\u00ecm v\u00e0 qu\u1ea3n l\u00fd hi\u1ec7u qu\u1ea3 v\u1ea3i lanh v\u00e0 h\u00e0ng d\u1ec7t may. \u0110\u1ed1i v\u1edbi c\u00e1c doanh nghi\u1ec7p d\u1ef1a v\u00e0o vi\u1ec7c l\u01b0u th\u00f4ng li\u00ean t\u1ee5c h\u00e0ng d\u1ec7t may s\u1ea1ch, \u0111\u1ed3ng ph\u1ee5c, \u0111\u1ed3 b\u1ea3o h\u1ed9 lao \u0111\u1ed9ng, qu\u1ea7n \u00e1o y t\u1ebf ho\u1eb7c \u0111\u1ed3 d\u00f9ng v\u1ec7 sinh, c\u00e1c th\u1ebb gi\u1eb7t n\u00e0y c\u00f3 th\u1ec3 c\u1ea3i thi\u1ec7n \u0111\u00e1ng k\u1ec3 hi\u1ec7u su\u1ea5t c\u1ee7a c\u00e1c h\u1ec7 th\u1ed1ng t\u1ef1 \u0111\u1ed9ng. Ch\u00fang t\u1ea1o \u0111i\u1ec1u ki\u1ec7n theo d\u00f5i nhanh h\u01a1n v\u00e0 ch\u00ednh x\u00e1c h\u01a1n m\u1ed9t s\u1ed1 l\u01b0\u1ee3ng l\u1edbn c\u00e1c m\u1eb7t h\u00e0ng ri\u00eang l\u1ebb, do \u0111\u00f3 t\u0103ng c\u01b0\u1eddng ki\u1ec3m so\u00e1t h\u00e0ng t\u1ed3n kho v\u00e0 gi\u1ea3m th\u1ea5t tho\u00e1t. \u0110i\u1ec1u n\u00e0y mang l\u1ea1i kh\u1ea3 n\u0103ng ti\u1ebft ki\u1ec7m th\u1eddi gian v\u00e0 chi ph\u00ed \u0111\u00e1ng k\u1ec3, c\u0169ng nh\u01b0 n\u0103ng su\u1ea5t t\u0103ng cao cho c\u00e1c c\u01a1 s\u1edf nh\u01b0 v\u1eady.<\/div>\n<\/div>\n<\/div>\n<div class=\"auto-hide-last-sibling-br paragraph_1252f paragraph-element\">\n<div class=\"auto-hide-last-sibling-br paragraph_1252f paragraph-element\"><strong>Th\u1ebb d\u1ec7t RFID<\/strong> cho \u0111\u1ed3ng ph\u1ee5c gi\u1eb7t l\u00e0 v\u1ea3i lanh l\u00e0 kh\u00f4ng th\u1ec3 thi\u1ebfu trong v\u00f4 s\u1ed1 ng\u00e0nh c\u00f4ng nghi\u1ec7p, th\u00fac \u0111\u1ea9y hi\u1ec7u qu\u1ea3 theo d\u00f5i t\u00e0i s\u1ea3n, qu\u1ea3n l\u00fd h\u00e0ng t\u1ed3n kho v\u00e0 t\u0103ng c\u01b0\u1eddng hi\u1ec7u qu\u1ea3 ho\u1ea1t \u0111\u1ed9ng chung. Sau \u0111\u00e2y l\u00e0 c\u00e1i nh\u00ecn tho\u00e1ng qua v\u1ec1 \u1ee9ng d\u1ee5ng c\u1ee7a ch\u00fang trong c\u00e1c l\u0129nh v\u1ef1c kh\u00e1c nhau:<\/div>\n<div><\/div>\n<p>&nbsp;<\/p>\n<\/div>\n<div class=\"auto-hide-last-sibling-br paragraph_1252f paragraph-element\"><\/div>","protected":false},"excerpt":{"rendered":"<p>Th\u1ebb gi\u1eb7t v\u1ea3i RFID Textile Fabric, \u0111\u01b0\u1ee3c ch\u1ebf t\u1ea1o b\u1eb1ng c\u00f4ng ngh\u1ec7 UHF ti\u00ean ti\u1ebfn (860-960 MHz), tu\u00e2n th\u1ee7 c\u00e1c ti\u00eau chu\u1ea9n to\u00e0n c\u1ea7u nh\u01b0 EPC Class1 Gen2 v\u00e0 ISO 18000. Nh\u1eefng th\u1ebb gi\u1eb7t v\u1ea3i UHF Textile Linen n\u00e0y cung c\u1ea5p s\u1ef1 k\u1ebft h\u1ee3p gi\u1eefa t\u00ednh linh ho\u1ea1t v\u00e0 \u0111\u1ed9 b\u1ec1n c\u00f3 th\u1ec3 ch\u1ecbu \u0111\u01b0\u1ee3c h\u01a1n 200 chu k\u1ef3 gi\u1eb7t v\u00e0 \u00e1p su\u1ea5t l\u00ean \u0111\u1ebfn 60 bar. \u0110\u1eb7c \u0111i\u1ec3m \u0111\u00e1ng ch\u00fa \u00fd c\u1ee7a th\u1ebb gi\u1eb7t v\u1ea3i RFID UHF l\u00e0 kh\u1ea3 n\u0103ng cho ph\u00e9p \u0111\u1ecdc h\u00e0ng lo\u1ea1t t\u1eeb kho\u1ea3ng c\u00e1ch v\u00e0i m\u00e9t, \u0111\u00f3ng vai tr\u00f2 l\u00e0 c\u00f4ng c\u1ee5 qu\u1ea3n l\u00fd gi\u1eb7t l\u00e0 c\u1ef1c k\u1ef3 hi\u1ec7u qu\u1ea3.<\/p>","protected":false},"featured_media":2675,"template":"","meta":{"_kad_post_transparent":"default","_kad_post_title":"","_kad_post_layout":"default","_kad_post_sidebar_id":"","_kad_post_content_style":"default","_kad_post_vertical_padding":"default","_kad_post_feature":"","_kad_post_feature_position":"","_kad_post_header":false,"_kad_post_footer":false,"_kad_post_classname":""},"product_brand":[],"product_cat":[19],"product_tag":[297,31,65,30],"class_list":{"0":"post-204","1":"product","2":"type-product","3":"status-publish","4":"has-post-thumbnail","6":"product_cat-textile-rfid-laundry-tag","7":"product_tag-rfid-chips-for-uniform","8":"product_tag-rfid-tag-for-linen-laundry","9":"product_tag-textile-rfid-laundry-tags","10":"product_tag-uhf-rfid-laundry-tag","12":"first","13":"instock","14":"featured","15":"shipping-taxable","16":"product-type-simple","17":"entry","18":"content-bg","19":"loop-entry"},"_links":{"self":[{"href":"https:\/\/rfid-laundry-tag.com\/vi\/wp-json\/wp\/v2\/product\/204","targetHints":{"allow":["GET"]}}],"collection":[{"href":"https:\/\/rfid-laundry-tag.com\/vi\/wp-json\/wp\/v2\/product"}],"about":[{"href":"https:\/\/rfid-laundry-tag.com\/vi\/wp-json\/wp\/v2\/types\/product"}],"version-history":[{"count":3,"href":"https:\/\/rfid-laundry-tag.com\/vi\/wp-json\/wp\/v2\/product\/204\/revisions"}],"predecessor-version":[{"id":2678,"href":"https:\/\/rfid-laundry-tag.com\/vi\/wp-json\/wp\/v2\/product\/204\/revisions\/2678"}],"wp:featuredmedia":[{"embeddable":true,"href":"https:\/\/rfid-laundry-tag.com\/vi\/wp-json\/wp\/v2\/media\/2675"}],"wp:attachment":[{"href":"https:\/\/rfid-laundry-tag.com\/vi\/wp-json\/wp\/v2\/media?parent=204"}],"wp:term":[{"taxonomy":"product_brand","embeddable":true,"href":"https:\/\/rfid-laundry-tag.com\/vi\/wp-json\/wp\/v2\/product_brand?post=204"},{"taxonomy":"product_cat","embeddable":true,"href":"https:\/\/rfid-laundry-tag.com\/vi\/wp-json\/wp\/v2\/product_cat?post=204"},{"taxonomy":"product_tag","embeddable":true,"href":"https:\/\/rfid-laundry-tag.com\/vi\/wp-json\/wp\/v2\/product_tag?post=204"}],"curies":[{"name":"wp","href":"https:\/\/api.w.org\/{rel}","templated":true}]}}