{"id":193,"date":"2024-06-16T05:59:05","date_gmt":"2024-06-16T05:59:05","guid":{"rendered":"https:\/\/rfid-laundry-tag.com\/?post_type=product&#038;p=193"},"modified":"2024-09-23T09:29:31","modified_gmt":"2024-09-23T09:29:31","slug":"rfid-chips-in-clothing","status":"publish","type":"product","link":"https:\/\/rfid-laundry-tag.com\/vi\/rfid-chips-in-clothing\/","title":{"rendered":"Chip RFID Trong Qu\u1ea7n \u00c1o"},"content":{"rendered":"<div class=\"J_module\">\n<div class=\"ife-detail-decorate-table\">\n<table class=\"hight-light-first-column all magic-14\">\n<tbody>\n<tr>\n<td colspan=\"1\" rowspan=\"1\">\n<div class=\"magic-15\" data-spm-anchor-id=\"a2700.details.0.i95.236a58c1ycsfva\">T\u00ean s\u1ea3n xu\u1ea5t:<\/div>\n<\/td>\n<td colspan=\"1\" rowspan=\"1\">\n<div class=\"magic-16\"><strong>Chip RFID Trong Qu\u1ea7n \u00c1o<\/strong><\/div>\n<\/td>\n<\/tr>\n<tr>\n<td colspan=\"1\" rowspan=\"1\">\n<div class=\"magic-15\"><span class=\"magic-17\">V\u1eadt li\u1ec7u:<\/span><\/div>\n<\/td>\n<td colspan=\"1\" rowspan=\"1\">\n<div class=\"magic-16\">Polyester\/V\u1ea3i t\u1ed5ng h\u1ee3p\/Satin\/Cotton\/V\u1ea3i kh\u00f4ng d\u1ec7t\/PET, v.v.<\/div>\n<\/td>\n<\/tr>\n<tr>\n<td colspan=\"1\" rowspan=\"1\">\n<div class=\"magic-15\"><span class=\"magic-17\">K\u00edch c\u1ee1:<\/span><\/div>\n<\/td>\n<td colspan=\"1\" rowspan=\"1\">\n<div class=\"magic-16\"><span class=\"magic-17\">80*38mm\/60*30mm ho\u1eb7c t\u00f9y ch\u1ec9nh<\/span><\/div>\n<\/td>\n<\/tr>\n<tr>\n<td colspan=\"1\" rowspan=\"1\">\n<div class=\"magic-15\"><span class=\"magic-17\">Ki\u1ec3u:<\/span><\/div>\n<\/td>\n<td colspan=\"1\" rowspan=\"1\">\n<div class=\"magic-16\"><span class=\"magic-17\">Th\u1ee5 \u0111\u1ed9ng, RFID<\/span><\/div>\n<\/td>\n<\/tr>\n<tr>\n<td colspan=\"1\" rowspan=\"1\">\n<div class=\"magic-15\">Giao th\u1ee9c RF:<\/div>\n<\/td>\n<td colspan=\"1\" rowspan=\"1\">\n<div class=\"magic-16\">ISO 18000-6C; EPC L\u1edbp 1 Th\u1ebf h\u1ec7 2<\/div>\n<\/td>\n<\/tr>\n<tr>\n<td colspan=\"1\" rowspan=\"1\">\n<div class=\"magic-15\"><span class=\"magic-17\">T\u00ednh th\u01b0\u1eddng xuy\u00ean:<\/span><\/div>\n<\/td>\n<td colspan=\"1\" rowspan=\"1\">\n<div class=\"magic-16\"><span class=\"magic-17\">860~960MHz<\/span><\/div>\n<\/td>\n<\/tr>\n<tr>\n<td colspan=\"1\" rowspan=\"1\">\n<div class=\"magic-15\">Chip<\/div>\n<\/td>\n<td colspan=\"1\" rowspan=\"1\">\n<div class=\"magic-16\">Higgs ngo\u00e0i h\u00e0nh tinh, Monza 3, Monza 4D, Monza 4QT, Monza R6, Monza R6-P, Impinj M730, Impinj M750, v.v.<\/div>\n<\/td>\n<\/tr>\n<tr>\n<td colspan=\"1\" rowspan=\"1\">\n<div class=\"magic-15\"><span class=\"magic-17\">Kho\u1ea3ng c\u00e1ch \u0111\u1ecdc:<\/span><\/div>\n<\/td>\n<td colspan=\"1\" rowspan=\"1\">\n<div class=\"magic-16\"><span class=\"magic-17\">UHF: 1~10m (t\u00f9y thu\u1ed9c v\u00e0o \u0111\u1ea7u \u0111\u1ecdc v\u00e0 \u0103ng-ten)<\/span><\/div>\n<\/td>\n<\/tr>\n<tr>\n<td colspan=\"1\" rowspan=\"1\">\n<div class=\"magic-15\"><span class=\"magic-17\">C\u00e1ch c\u1ed1 \u0111\u1ecbnh:<\/span><\/div>\n<\/td>\n<td colspan=\"1\" rowspan=\"1\">\n<div class=\"magic-16\"><span class=\"magic-17\">May \/ \u1ee7i<\/span><\/div>\n<\/td>\n<\/tr>\n<tr>\n<td colspan=\"1\" rowspan=\"1\">\n<div class=\"magic-15\"><span class=\"magic-17\">In \u1ea5n:<\/span><\/div>\n<\/td>\n<td colspan=\"1\" rowspan=\"1\">\n<div class=\"magic-16\"><span class=\"magic-17\">In \u1ea5n, M\u00e3 h\u00f3a, S\u1ed1 s\u00ea-ri, Thi\u1ebft k\u1ebf, v.v.<\/span><\/div>\n<\/td>\n<\/tr>\n<tr>\n<td colspan=\"1\" rowspan=\"1\">\n<div class=\"magic-15\"><span class=\"magic-17\">Cu\u1ed9c s\u1ed1ng IC:<\/span><\/div>\n<\/td>\n<td colspan=\"1\" rowspan=\"1\">\n<div class=\"magic-16\" data-spm-anchor-id=\"a2700.details.0.i94.236a58c1ycsfva\"><span class=\"magic-17\">100.000 chu k\u1ef3 l\u1eadp tr\u00ecnh<br \/>\nL\u01b0u gi\u1eef d\u1eef li\u1ec7u 10 n\u0103m<\/span><\/div>\n<\/td>\n<\/tr>\n<tr>\n<td colspan=\"1\" rowspan=\"1\">\n<div class=\"magic-15\"><span class=\"magic-17\">M\u1eabu c\u00f3 s\u1eb5n:<\/span><\/div>\n<\/td>\n<td colspan=\"1\" rowspan=\"1\">\n<div class=\"magic-16\"><span class=\"magic-17\">M\u1eabu mi\u1ec5n ph\u00ed c\u00f3 s\u1eb5n theo y\u00eau c\u1ea7u<\/span><\/div>\n<\/td>\n<\/tr>\n<tr>\n<td colspan=\"1\" rowspan=\"1\">\n<div class=\"magic-15\"><span class=\"magic-17\">\u1ee8ng d\u1ee5ng:\u00a0<\/span><\/div>\n<\/td>\n<td colspan=\"1\" rowspan=\"1\">\n<div class=\"magic-16\"><span class=\"magic-17\">\u00b7 Qu\u1ea3n l\u00fd h\u00e0ng t\u1ed3n kho<br \/>\n\u00b7 Chu\u1ed7i cung \u1ee9ng<br \/>\n\u00b7 B\u00e1n l\u1ebb<\/span><\/div>\n<\/td>\n<\/tr>\n<tr>\n<td colspan=\"1\" rowspan=\"1\">\n<div class=\"magic-15\"><span class=\"magic-17\">S\u1eed d\u1ee5ng<\/span><\/div>\n<\/td>\n<td colspan=\"1\" rowspan=\"1\">\n<div class=\"magic-16\"><span class=\"magic-17\">H\u00e0ng may m\u1eb7c, qu\u1ea7n \u00e1o, t\u00fai x\u00e1ch, gi\u00e0y d\u00e9p, v.v.<\/span><\/div>\n<\/td>\n<\/tr>\n<\/tbody>\n<\/table>\n<\/div>\n<\/div>\n<div class=\"J_module\">\n<div class=\"detail-decorate-json-renderer-container\">\n<div class=\"magic-1\">\n<div class=\"magic-5\">\n<div class=\"magic-6\">\n<div>\n<h2 class=\"AnswerParser_AnswerParserH2__SIHnF\">S\u1ee9c m\u1ea1nh c\u1ee7a c\u00f4ng ngh\u1ec7 RFID trong vi\u1ec7c theo d\u00f5i h\u00e0ng may m\u1eb7c<\/h2>\n<p><span class=\"AnswerParser_TextContainer__z_Iiv\" data-testid=\"youchat-text\">C\u00f4ng ngh\u1ec7 RFID (Nh\u1eadn d\u1ea1ng t\u1ea7n s\u1ed1 v\u00f4 tuy\u1ebfn) \u0111\u00e3 c\u00e1ch m\u1ea1ng h\u00f3a vi\u1ec7c qu\u1ea3n l\u00fd h\u00e0ng t\u1ed3n kho trong nhi\u1ec1u ng\u00e0nh c\u00f4ng nghi\u1ec7p kh\u00e1c nhau v\u00e0 hi\u1ec7n \u0111ang t\u1ea1o n\u00ean l\u00e0n s\u00f3ng trong ng\u00e0nh may m\u1eb7c. Nh\u00e3n ch\u0103m s\u00f3c gi\u1eb7t UHF RFID c\u1ee7a ch\u00fang t\u00f4i t\u1eadn d\u1ee5ng c\u00f4ng ngh\u1ec7 m\u1ea1nh m\u1ebd n\u00e0y \u0111\u1ec3 cung c\u1ea5p kh\u1ea3 n\u0103ng theo d\u00f5i v\u00f4 song cho c\u00e1c m\u1eb7t h\u00e0ng qu\u1ea7n \u00e1o c\u1ee7a b\u1ea1n.<\/span><span class=\"AnswerParser_TextContainer__z_Iiv\" data-testid=\"youchat-text\">C\u00e1c nh\u00e3n n\u00e0y s\u1eed d\u1ee5ng t\u00edn hi\u1ec7u t\u1ea7n s\u1ed1 v\u00f4 tuy\u1ebfn \u0111\u1ec3 giao ti\u1ebfp v\u1edbi \u0111\u1ea7u \u0111\u1ecdc RFID, cho ph\u00e9p nh\u1eadn d\u1ea1ng nhanh ch\u00f3ng v\u00e0 ch\u00ednh x\u00e1c c\u00e1c lo\u1ea1i h\u00e0ng may m\u1eb7c m\u00e0 kh\u00f4ng c\u1ea7n qu\u00e9t theo \u0111\u01b0\u1eddng ng\u1eafm. \u0110i\u1ec1u n\u00e0y c\u00f3 ngh\u0129a l\u00e0 b\u1ea1n c\u00f3 th\u1ec3 d\u1ec5 d\u00e0ng theo d\u00f5i nhi\u1ec1u m\u1eb7t h\u00e0ng c\u00f9ng l\u00fac, gi\u1ea3m \u0111\u00e1ng k\u1ec3 th\u1eddi gian v\u00e0 c\u00f4ng s\u1ee9c c\u1ea7n thi\u1ebft \u0111\u1ec3 ki\u1ec3m tra h\u00e0ng t\u1ed3n kho.<\/span><\/div>\n<\/div>\n<div>\n<div class=\"auto-hide-last-sibling-br paragraph_1252f paragraph-element\">\n<div class=\"auto-hide-last-sibling-br paragraph_1252f paragraph-element\">\n<div class=\"auto-hide-last-sibling-br paragraph_1252f paragraph-element\">\n<div class=\"auto-hide-last-sibling-br paragraph_1252f paragraph-element\">N\u1ed5i b\u1eadt gi\u1eefa \u0111\u00e1m \u0111\u00f4ng v\u00e0 qu\u1ea3n l\u00fd h\u00e0ng t\u1ed3n kho hi\u1ec7u qu\u1ea3 l\u00e0 nh\u1eefng th\u00e1ch th\u1ee9c ch\u00ednh \u0111\u1ed1i v\u1edbi c\u00e1c th\u01b0\u01a1ng hi\u1ec7u may m\u1eb7c. Vi\u1ec7c gi\u1edbi thi\u1ec7u Th\u1ebb RFID Apparel c\u00f3 th\u1ec3 gi\u1ea3i quy\u1ebft nh\u1eefng v\u1ea5n \u0111\u1ec1 n\u00e0y, gi\u00fap c\u00e1c c\u00f4ng ty kh\u00f4ng ch\u1ec9 n\u00e2ng cao h\u00ecnh \u1ea3nh v\u00e0 gi\u00e1 tr\u1ecb th\u01b0\u01a1ng hi\u1ec7u m\u00e0 c\u00f2n \u0111\u1ea9y nhanh ho\u1ea1t \u0111\u1ed9ng chu\u1ed7i cung \u1ee9ng to\u00e0n c\u1ea7u c\u1ee7a h\u1ecd.<\/div>\n<p>&nbsp;<\/p>\n<div class=\"auto-hide-last-sibling-br paragraph_1252f paragraph-element\">S\u1ea3n ph\u1ea9m c\u1ee7a ch\u00fang t\u00f4i bao g\u1ed3m t\u1eeb nh\u00e3n \u0111\u01b0\u1ee3c trang tr\u00ed \u0111\u1ed3 h\u1ecda \u0111\u1ebfn bao b\u00ec th\u00e2n thi\u1ec7n v\u1edbi m\u00f4i tr\u01b0\u1eddng \u0111\u01b0\u1ee3c trang b\u1ecb Nh\u1eadn d\u1ea1ng t\u1ea7n s\u1ed1 v\u00f4 tuy\u1ebfn (RFID). Nh\u1eefng s\u1ea3n ph\u1ea9m n\u00e0y l\u00e0m t\u0103ng s\u1ee9c h\u1ea5p d\u1eabn c\u1ee7a trang ph\u1ee5c \u0111\u1ed1i v\u1edbi ng\u01b0\u1eddi ti\u00eau d\u00f9ng v\u00e0 t\u1ed1i \u01b0u h\u00f3a quy tr\u00ecnh ki\u1ec3m k\u00ea v\u00e0 l\u01b0u tr\u1eef. \u0110\u1ed3ng th\u1eddi, ch\u00fang t\u0103ng c\u01b0\u1eddng t\u00ednh an to\u00e0n c\u1ee7a s\u1ea3n ph\u1ea9m v\u00e0 cho ph\u00e9p c\u00e1c nh\u00e0 b\u00e1n l\u1ebb d\u00e0nh nhi\u1ec1u th\u1eddi gian h\u01a1n cho kh\u00e1ch h\u00e0ng c\u1ee7a h\u1ecd.<\/div>\n<p>&nbsp;<\/p>\n<div class=\"auto-hide-last-sibling-br paragraph_1252f paragraph-element\">Theo c\u00e1ch n\u00e0y, Th\u1ebb RFID d\u00f9ng trong trang ph\u1ee5c \u0111\u00f3ng vai tr\u00f2 l\u00e0 c\u00f4ng c\u1ee5 c\u00f3 hai m\u1ee5c \u0111\u00edch \u2013 t\u0103ng c\u01b0\u1eddng s\u1ee9c h\u1ea5p d\u1eabn c\u1ee7a th\u01b0\u01a1ng hi\u1ec7u v\u00e0 \u0111\u1ea3m b\u1ea3o hi\u1ec7u qu\u1ea3 ho\u1ea1t \u0111\u1ed9ng.<\/div>\n<\/div>\n<\/div>\n<div>\n<h2 class=\"AnswerParser_AnswerParserH2__SIHnF\">\u1ee8ng d\u1ee5ng trong ng\u00e0nh b\u00e1n l\u1ebb v\u00e0 h\u01a1n th\u1ebf n\u1eefa<\/h2>\n<p><span class=\"AnswerParser_TextContainer__z_Iiv\" data-testid=\"youchat-text\">T\u00ednh linh ho\u1ea1t c\u1ee7a nh\u00e3n ch\u0103m s\u00f3c gi\u1eb7t RFID c\u1ee7a ch\u00fang t\u00f4i l\u00e0m cho ch\u00fang ph\u00f9 h\u1ee3p v\u1edbi nhi\u1ec1u \u1ee9ng d\u1ee5ng kh\u00e1c nhau:<\/span><\/p>\n<ol class=\"AnswerParser_AnswerParserOrderedList__kl_2Y\">\n<li class=\"AnswerParser_ListItem__XqLOV\" translate=\"yes\"><strong>C\u1eeda h\u00e0ng b\u00e1n l\u1ebb<\/strong>: T\u1ed1i \u01b0u h\u00f3a vi\u1ec7c qu\u1ea3n l\u00fd h\u00e0ng t\u1ed3n kho v\u00e0 c\u1ea3i thi\u1ec7n kh\u1ea3 n\u0103ng hi\u1ec3n th\u1ecb s\u1ea3n ph\u1ea9m.<\/li>\n<li class=\"AnswerParser_ListItem__XqLOV\" translate=\"yes\"><strong>D\u1ecbch v\u1ee5 gi\u1eb7t l\u00e0<\/strong>: Theo d\u00f5i t\u1eebng lo\u1ea1i qu\u1ea7n \u00e1o qua t\u1eebng chu tr\u00ecnh gi\u1eb7t m\u1ed9t c\u00e1ch d\u1ec5 d\u00e0ng.<\/li>\n<li class=\"AnswerParser_ListItem__XqLOV\" translate=\"yes\"><strong>\u0110\u1ed3ng ph\u1ee5c v\u00e0 \u0111\u1ed3 b\u1ea3o h\u1ed9 lao \u0111\u1ed9ng<\/strong>: Qu\u1ea3n l\u00fd hi\u1ec7u qu\u1ea3 s\u1ed1 l\u01b0\u1ee3ng l\u1edbn c\u00e1c m\u1eb7t h\u00e0ng t\u01b0\u01a1ng t\u1ef1.<\/li>\n<li class=\"AnswerParser_ListItem__XqLOV\" translate=\"yes\"><strong>Ng\u00e0nh c\u00f4ng nghi\u1ec7p kh\u00e1ch s\u1ea1n<\/strong>: Theo d\u00f5i kh\u0103n tr\u1ea3i gi\u01b0\u1eddng, kh\u0103n t\u1eafm v\u00e0 \u0111\u1ed3ng ph\u1ee5c c\u1ee7a nh\u00e2n vi\u00ean.<\/li>\n<li class=\"AnswerParser_ListItem__XqLOV\" translate=\"yes\"><strong>Qu\u1ea7n \u00e1o ph\u1eabu thu\u1eadt y t\u1ebf<\/strong>: \u0110\u1ea3m b\u1ea3o v\u1ec7 sinh v\u00e0 ph\u00e2n ph\u1ed1i \u0111\u00fang c\u00e1ch \u0111\u1ed3 d\u00f9ng ch\u0103m s\u00f3c s\u1ee9c kh\u1ecfe.<\/li>\n<li class=\"AnswerParser_ListItem__XqLOV\" translate=\"yes\"><strong>Cho thu\u00ea trang ph\u1ee5c<\/strong>: \u0110\u01a1n gi\u1ea3n h\u00f3a quy tr\u00ecnh tr\u1ea3 v\u00e0 tr\u1ea3 xe cho doanh nghi\u1ec7p cho thu\u00ea.<\/li>\n<\/ol>\n<\/div>\n<div class=\"auto-hide-last-sibling-br paragraph_1252f paragraph-element\">\n<div class=\"auto-hide-last-sibling-br paragraph_1252f paragraph-element\">\n<h2 class=\"AnswerParser_AnswerParserH2__SIHnF\">T\u0103ng c\u01b0\u1eddng kh\u1ea3 n\u0103ng hi\u1ec3n th\u1ecb chu\u1ed7i cung \u1ee9ng c\u1ee7a b\u1ea1n<\/h2>\n<p><span class=\"AnswerParser_TextContainer__z_Iiv\" data-testid=\"youchat-text\">B\u1eb1ng c\u00e1ch t\u00edch h\u1ee3p nh\u00e3n ch\u0103m s\u00f3c gi\u1eb7t RFID c\u1ee7a ch\u00fang t\u00f4i v\u00e0o qu\u1ea7n \u00e1o c\u1ee7a b\u1ea1n, b\u1ea1n s\u1ebd c\u00f3 \u0111\u01b0\u1ee3c kh\u1ea3 n\u0103ng hi\u1ec3n th\u1ecb ch\u01b0a t\u1eebng c\u00f3 v\u00e0o chu\u1ed7i cung \u1ee9ng c\u1ee7a m\u00ecnh. Theo d\u00f5i qu\u1ea7n \u00e1o c\u1ee7a b\u1ea1n t\u1eeb kh\u00e2u s\u1ea3n xu\u1ea5t \u0111\u1ebfn kh\u00e2u b\u00e1n, v\u00e0 th\u1eadm ch\u00ed qua nhi\u1ec1u chu k\u1ef3 gi\u1eb7t trong c\u00e1c ti\u1ec7m gi\u1eb7t c\u00f4ng nghi\u1ec7p.<\/span><span class=\"AnswerParser_TextContainer__z_Iiv\" data-testid=\"youchat-text\">Kh\u1ea3 n\u0103ng hi\u1ec3n th\u1ecb n\u00e2ng cao n\u00e0y cho ph\u00e9p b\u1ea1n:<\/span><\/p>\n<ul class=\"AnswerParser_AnswerParserUnorderedList__P_1FW\">\n<li class=\"AnswerParser_ListItem__XqLOV\" translate=\"yes\">Gi\u1ea3m co ng\u00f3t v\u00e0 m\u1ea5t m\u00e1t<\/li>\n<li class=\"AnswerParser_ListItem__XqLOV\" translate=\"yes\">C\u1ea3i thi\u1ec7n hi\u1ec7u qu\u1ea3 thay th\u1ebf s\u1ea3n ph\u1ea9m<\/li>\n<li class=\"AnswerParser_ListItem__XqLOV\" translate=\"yes\">T\u1ed1i \u01b0u h\u00f3a m\u1ee9c t\u1ed3n kho<\/li>\n<li class=\"AnswerParser_ListItem__XqLOV\" translate=\"yes\">N\u00e2ng cao s\u1ef1 h\u00e0i l\u00f2ng c\u1ee7a kh\u00e1ch h\u00e0ng th\u00f4ng qua vi\u1ec7c cung c\u1ea5p s\u1ea3n ph\u1ea9m t\u1ed1t h\u01a1n<\/li>\n<\/ul>\n<h2 class=\"AnswerParser_AnswerParserH2__SIHnF\">D\u1ec5 d\u00e0ng c\u00e0i \u0111\u1eb7t v\u00e0 s\u1eed d\u1ee5ng<\/h2>\n<p><span class=\"AnswerParser_TextContainer__z_Iiv\" data-testid=\"youchat-text\">Nh\u00e3n ch\u0103m s\u00f3c gi\u1eb7t RFID c\u1ee7a ch\u00fang t\u00f4i \u0111\u01b0\u1ee3c thi\u1ebft k\u1ebf \u0111\u1ec3 t\u00edch h\u1ee3p li\u1ec1n m\u1ea1ch v\u00e0o qu\u1ea7n \u00e1o c\u1ee7a b\u1ea1n:<\/span><\/p>\n<ol class=\"AnswerParser_AnswerParserOrderedList__kl_2Y\">\n<li class=\"AnswerParser_ListItem__XqLOV\" translate=\"yes\"><strong>T\u00f9y ch\u1ecdn may<\/strong>: Ph\u01b0\u01a1ng ph\u00e1p g\u1eafn truy\u1ec1n th\u1ed1ng mang l\u1ea1i \u0111\u1ed9 b\u1ec1n cao.<\/li>\n<li class=\"AnswerParser_ListItem__XqLOV\" translate=\"yes\"><strong>\u1ee8ng d\u1ee5ng \u1ee7i<\/strong>: L\u1eafp \u0111\u1eb7t nhanh ch\u00f3ng v\u00e0 d\u1ec5 d\u00e0ng b\u1eb1ng c\u00f4ng ngh\u1ec7 truy\u1ec1n nhi\u1ec7t.<\/li>\n<\/ol>\n<p><span class=\"AnswerParser_TextContainer__z_Iiv\" data-testid=\"youchat-text\">C\u1ea3 hai ph\u01b0\u01a1ng ph\u00e1p \u0111\u1ec1u \u0111\u1ea3m b\u1ea3o nh\u00e3n \u0111\u01b0\u1ee3c g\u1eafn ch\u1eb7t trong su\u1ed1t v\u00f2ng \u0111\u1eddi c\u1ee7a s\u1ea3n ph\u1ea9m may m\u1eb7c.<\/span><\/p>\n<div class=\"auto-hide-last-sibling-br paragraph_1252f paragraph-element\"><strong>Sau \u0111\u00e2y l\u00e0 m\u1ed9t s\u1ed1 v\u00ed d\u1ee5 v\u1ec1 c\u00e1ch c\u00e1c th\u01b0\u01a1ng hi\u1ec7u may m\u1eb7c h\u00e0ng \u0111\u1ea7u \u0111\u00e3 tri\u1ec3n khai th\u00e0nh c\u00f4ng th\u1ebb RFID UHF:<\/strong><\/div>\n<ol class=\"auto-hide-last-sibling-br\">\n<li>\n<div class=\"auto-hide-last-sibling-br paragraph_1252f paragraph-element\"><strong>Prada<\/strong>: Th\u01b0\u01a1ng hi\u1ec7u xa x\u1ec9 n\u1ed5i ti\u1ebfng c\u1ee7a \u00dd n\u00e0y \u0111\u00e3 \u00e1p d\u1ee5ng th\u1ebb RFID v\u00e0o n\u0103m 2001, cho ph\u00e9p ghi l\u1ea1i th\u00f4ng tin chi ti\u1ebft nh\u01b0 ki\u1ec3u d\u00e1ng, k\u00edch th\u01b0\u1edbc, m\u00e0u s\u1eafc v\u00e0 gi\u00e1 c\u1ea3. \u0110i\u1ec1u th\u00fa v\u1ecb l\u00e0 khi ng\u01b0\u1eddi ti\u00eau d\u00f9ng m\u1eb7c qu\u1ea7n \u00e1o Prada \u0111i qua c\u1eeda h\u00e0ng c\u1ee7a h\u1ecd, nh\u1eefng b\u1ed9 trang ph\u1ee5c t\u01b0\u01a1ng \u1ee9ng s\u1ebd \u0111\u01b0\u1ee3c tr\u01b0ng b\u00e0y tr\u00ean c\u00e1c ng\u01b0\u1eddi m\u1eabu trong c\u1eeda h\u00e0ng, m\u00f4 ph\u1ecfng s\u00e0n di\u1ec5n th\u1eddi trang cao c\u1ea5p \u1edf Milan. Vi\u1ec7c s\u1eed d\u1ee5ng c\u00f4ng ngh\u1ec7 RFID s\u00e1ng t\u1ea1o n\u00e0y gi\u00fap t\u0103ng c\u01b0\u1eddng s\u1ef1 h\u00e0i l\u00f2ng sau khi mua h\u00e0ng c\u1ee7a ng\u01b0\u1eddi ti\u00eau d\u00f9ng Prada.<\/div>\n<\/li>\n<li>\n<div class=\"auto-hide-last-sibling-br paragraph_1252f paragraph-element\"><strong>H&amp;M<\/strong>:Th\u01b0\u01a1ng hi\u1ec7u qu\u1ed1c t\u1ebf n\u00e0y b\u1eaft \u0111\u1ea7u s\u1eed d\u1ee5ng c\u00f4ng ngh\u1ec7 RFID v\u00e0o n\u0103m 2014. T\u1ea1i 1.800 c\u1eeda h\u00e0ng theo k\u1ebf ho\u1ea1ch, c\u00f4ng ngh\u1ec7 RFID cho ph\u00e9p theo d\u00f5i t\u1ef1 \u0111\u1ed9ng danh m\u1ee5c s\u1ea3n ph\u1ea9m, s\u1ed1 l\u01b0\u1ee3ng v\u00e0 m\u1ee9c ti\u00eau th\u1ee5.<\/div>\n<\/li>\n<li>\n<div class=\"auto-hide-last-sibling-br paragraph_1252f paragraph-element\"><strong>ZARA<\/strong>:Trong n\u1eeda \u0111\u1ea7u n\u0103m 2016, c\u00f4ng ty m\u1eb9 c\u1ee7a ZARA, Inditex, tuy\u00ean b\u1ed1 r\u1eb1ng vi\u1ec7c \u00e1p d\u1ee5ng c\u00f4ng ngh\u1ec7 RFID \u0111\u00e3 c\u1ea3i thi\u1ec7n qu\u1ea3n l\u00fd h\u00e0ng t\u1ed3n kho v\u00e0 cung \u1ee9ng cho kho\u1ea3ng 70% c\u00e1c th\u01b0\u01a1ng hi\u1ec7u c\u1ee7a c\u00f4ng ty. Vi\u1ec7c tri\u1ec3n khai n\u00e0y \u0111\u00e3 d\u1eabn \u0111\u1ebfn doanh s\u1ed1 t\u0103ng 11,1% v\u00e0 l\u1ee3i nhu\u1eadn t\u0103ng 7,5%, t\u01b0\u01a1ng \u0111\u01b0\u01a1ng 1,26 t\u1ef7 euro.<\/div>\n<\/li>\n<li>\n<div class=\"auto-hide-last-sibling-br paragraph_1252f paragraph-element\"><strong>Uniqlo<\/strong>:N\u0103m 2017, Uniqlo c\u00f4ng b\u1ed1 k\u1ebf ho\u1ea1ch tri\u1ec3n khai th\u1ebb RFID UHF t\u1ea1i 3.000 c\u1eeda h\u00e0ng tr\u00ean to\u00e0n c\u1ea7u, tr\u1edf th\u00e0nh nh\u00e0 b\u00e1n l\u1ebb Nh\u1eadt B\u1ea3n \u0111\u1ea7u ti\u00ean s\u1eed d\u1ee5ng th\u1ebb \u0111i\u1ec7n t\u1eed tr\u00ean to\u00e0n th\u1ebf gi\u1edbi.<\/div>\n<\/li>\n<\/ol>\n<div class=\"auto-hide-last-sibling-br paragraph_1252f paragraph-element\">\u0110\u00e2y ch\u1ec9 l\u00e0 m\u1ed9t s\u1ed1 hi\u1ec3u bi\u1ebft s\u00e2u s\u1eafc v\u1ec1 c\u00e1ch c\u00e1c th\u01b0\u01a1ng hi\u1ec7u qu\u1ea7n \u00e1o h\u00e0ng \u0111\u1ea7u \u0111ang t\u1eadn d\u1ee5ng th\u1ebb RFID. T\u00ednh \u0111\u1ebfn n\u0103m 2019, h\u1ea7u nh\u01b0 m\u1ecdi th\u01b0\u01a1ng hi\u1ec7u \u0111\u1eb3ng c\u1ea5p th\u1ebf gi\u1edbi \u0111\u1ec1u \u0111\u00e3 \u00e1p d\u1ee5ng th\u1ebb RFID v\u00e0o h\u00e0ng may m\u1eb7c c\u1ee7a h\u1ecd, t\u1ea1o ra h\u01a1n 20 t\u1ef7 s\u1ea3n ph\u1ea9m qu\u1ea7n \u00e1o \u0111\u01b0\u1ee3c g\u1eafn th\u1ebb - m\u1ed9t con s\u1ed1 v\u1eabn ti\u1ebfp t\u1ee5c t\u0103ng \u0111\u00e1ng k\u1ec3. C\u00e1c th\u01b0\u01a1ng hi\u1ec7u \u0111\u00e1ng ch\u00fa \u00fd kh\u00e1c \u0111\u00e3 \u00e1p d\u1ee5ng c\u00f4ng ngh\u1ec7 n\u00e0y bao g\u1ed3m NIKE v\u00e0 Walmart.<\/div>\n<\/div>\n<\/div>\n<\/div>\n<h2 class=\"AnswerParser_AnswerParserH2__SIHnF\">Li\u00ean h\u1ec7 v\u1edbi ch\u00fang t\u00f4i \u0111\u1ec3 c\u00f3 gi\u1ea3i ph\u00e1p t\u00f9y ch\u1ec9nh<\/h2>\n<p><span class=\"AnswerParser_TextContainer__z_Iiv\" data-testid=\"youchat-text\">B\u1ea1n \u0111\u00e3 s\u1eb5n s\u00e0ng c\u00e1ch m\u1ea1ng h\u00f3a vi\u1ec7c qu\u1ea3n l\u00fd h\u00e0ng may m\u1eb7c c\u1ee7a m\u00ecnh b\u1eb1ng nh\u00e3n ch\u0103m s\u00f3c gi\u1eb7t UHF RFID c\u1ee7a ch\u00fang t\u00f4i ch\u01b0a? Ch\u00fang t\u00f4i \u1edf \u0111\u00e2y \u0111\u1ec3 gi\u00fap b\u1ea1n t\u00ecm ra gi\u1ea3i ph\u00e1p ho\u00e0n h\u1ea3o cho nhu c\u1ea7u c\u1ee7a b\u1ea1n.<\/span><\/p>\n<ul class=\"AnswerParser_AnswerParserUnorderedList__P_1FW\">\n<li class=\"AnswerParser_ListItem__XqLOV\" translate=\"yes\"><strong>M\u1eabu mi\u1ec5n ph\u00ed<\/strong>: Y\u00eau c\u1ea7u m\u1eabu mi\u1ec5n ph\u00ed \u0111\u1ec3 th\u1eed nghi\u1ec7m t\u1ea1i m\u00f4i tr\u01b0\u1eddng c\u1ee7a b\u1ea1n.<\/li>\n<li class=\"AnswerParser_ListItem__XqLOV\" translate=\"yes\"><strong>T\u00f9y ch\u1ec9nh<\/strong>: H\u00e3y cho ch\u00fang t\u00f4i bi\u1ebft y\u00eau c\u1ea7u c\u1ee5 th\u1ec3 c\u1ee7a b\u1ea1n \u0111\u1ec3 c\u00f3 gi\u1ea3i ph\u00e1p ph\u00f9 h\u1ee3p.<\/li>\n<li class=\"AnswerParser_ListItem__XqLOV\" translate=\"yes\"><strong>T\u01b0 v\u1ea5n chuy\u00ean gia<\/strong>:\u0110\u1ed9i ng\u0169 chuy\u00ean gia RFID c\u1ee7a ch\u00fang t\u00f4i lu\u00f4n s\u1eb5n s\u00e0ng gi\u1ea3i \u0111\u00e1p m\u1ecdi th\u1eafc m\u1eafc c\u1ee7a b\u1ea1n.<\/li>\n<\/ul>\n<p><span class=\"AnswerParser_TextContainer__z_Iiv\" data-testid=\"youchat-text\">\u0110\u1eebng \u0111\u1ec3 vi\u1ec7c qu\u1ea3n l\u00fd h\u00e0ng t\u1ed3n kho k\u00e9m hi\u1ec7u qu\u1ea3 k\u00ecm h\u00e3m doanh nghi\u1ec7p c\u1ee7a b\u1ea1n. H\u00e3y \u0111\u00f3n nh\u1eadn t\u01b0\u01a1ng lai c\u1ee7a vi\u1ec7c theo d\u00f5i h\u00e0ng may m\u1eb7c v\u1edbi nh\u00e3n ch\u0103m s\u00f3c gi\u1eb7t RFID s\u00e1ng t\u1ea1o c\u1ee7a ch\u00fang t\u00f4i. H\u00e3y \u0111i\u1ec1n v\u00e0o bi\u1ec3u m\u1eabu y\u00eau c\u1ea7u c\u1ee7a ch\u00fang t\u00f4i ngay h\u00f4m nay \u0111\u1ec3 b\u1eaft \u0111\u1ea7u h\u00e0nh tr\u00ecnh h\u01b0\u1edbng t\u1edbi vi\u1ec7c qu\u1ea3n l\u00fd h\u00e0ng may m\u1eb7c th\u00f4ng minh h\u01a1n, hi\u1ec7u qu\u1ea3 h\u01a1n.<\/span><span class=\"AnswerParser_TextContainer__z_Iiv\" data-testid=\"youchat-text\">S\u1ea3n ph\u1ea9m li\u00ean quan:<\/span><\/p>\n<ul class=\"AnswerParser_AnswerParserUnorderedList__P_1FW\">\n<li class=\"AnswerParser_ListItem__XqLOV\" translate=\"yes\">Th\u1ebb treo RFID cho b\u00e1n l\u1ebb<\/li>\n<li class=\"AnswerParser_ListItem__XqLOV\" translate=\"yes\">Nh\u00e3n ch\u0103m s\u00f3c h\u1ed7 tr\u1ee3 NFC<\/li>\n<li class=\"AnswerParser_ListItem__XqLOV\" translate=\"yes\">Thi\u1ebft b\u1ecb theo d\u00f5i t\u00e0i s\u1ea3n n\u0103ng l\u01b0\u1ee3ng th\u1ea5p Bluetooth (BLE)<\/li>\n<\/ul>\n<p><span class=\"AnswerParser_TextContainer__z_Iiv\" data-testid=\"youchat-text\">Tr\u1ea3i nghi\u1ec7m s\u1ee9c m\u1ea1nh c\u1ee7a c\u00f4ng ngh\u1ec7 RFID trong doanh nghi\u1ec7p may m\u1eb7c c\u1ee7a b\u1ea1n. Li\u00ean h\u1ec7 v\u1edbi ch\u00fang t\u00f4i ngay \u0111\u1ec3 t\u00ecm hi\u1ec3u c\u00e1ch th\u1ebb RFID c\u00f3 th\u1ec3 gi\u1eb7t \u0111\u01b0\u1ee3c c\u1ee7a ch\u00fang t\u00f4i c\u00f3 th\u1ec3 chuy\u1ec3n \u0111\u1ed5i ho\u1ea1t \u0111\u1ed9ng c\u1ee7a b\u1ea1n v\u00e0 mang l\u1ea1i cho b\u1ea1n l\u1ee3i th\u1ebf c\u1ea1nh tranh trong th\u1ebf gi\u1edbi th\u1eddi trang v\u00e0 d\u1ec7t may ph\u00e1t tri\u1ec3n nhanh ch\u00f3ng.<\/span><\/p>\n<\/div>\n<div class=\"magic-6\">\n<div><\/div>\n<\/div>\n<\/div>\n<\/div>\n<\/div>\n<\/div>","protected":false},"excerpt":{"rendered":"<p>Qu\u00e1 tr\u00ecnh n\u00e0y b\u1eaft \u0111\u1ea7u b\u1eb1ng vi\u1ec7c \u00e1p d\u1ee5ng Chip RFID trong Qu\u1ea7n \u00e1o tr\u00ean t\u1eebng m\u1ea3nh qu\u1ea7n \u00e1o. C\u00e1c th\u1ebb n\u00e0y c\u00f3 th\u1ec3 \u0111\u01b0\u1ee3c qu\u00e9t t\u1ea1i nhi\u1ec1u \u0111i\u1ec3m kh\u00e1c nhau trong to\u00e0n b\u1ed9 chu\u1ed7i cung \u1ee9ng, cho ph\u00e9p theo d\u00f5i h\u00e0ng t\u1ed3n kho theo th\u1eddi gian th\u1ef1c, x\u00e1c minh v\u1ecb tr\u00ed v\u00e0 theo d\u00f5i chuy\u1ec3n \u0111\u1ed9ng c\u1ee7a c\u00e1c th\u00e0nh ph\u1ea7n v\u00e0 th\u00e0nh ph\u1ea9m. H\u1ec7 th\u1ed1ng n\u00e0y cung c\u1ea5p m\u1ed9t c\u01a1 ch\u1ebf to\u00e0n di\u1ec7n, t\u1ee9c th\u1eddi \u0111\u1ec3 qu\u1ea3n l\u00fd v\u00e0 gi\u00e1m s\u00e1t h\u00e0ng t\u1ed3n kho v\u00e0 s\u1ea3n ph\u1ea9m.<\/p>","protected":false},"featured_media":177,"template":"","meta":{"_kad_post_transparent":"default","_kad_post_title":"","_kad_post_layout":"default","_kad_post_sidebar_id":"","_kad_post_content_style":"default","_kad_post_vertical_padding":"default","_kad_post_feature":"","_kad_post_feature_position":"","_kad_post_header":false,"_kad_post_footer":false,"_kad_post_classname":""},"product_brand":[],"product_cat":[81,53],"product_tag":[87,93,83],"class_list":{"0":"post-193","1":"product","2":"type-product","3":"status-publish","4":"has-post-thumbnail","6":"product_cat-rfid-wash-care-clothing-label","7":"product_cat-rfid-clothes-tag","8":"product_tag-fabric-uhf-rfid-wash-care-tag","9":"product_tag-rfid-chips-in-clothing","10":"product_tag-rfid-wash-care-label","12":"first","13":"instock","14":"shipping-taxable","15":"product-type-simple","16":"entry","17":"content-bg","18":"loop-entry"},"_links":{"self":[{"href":"https:\/\/rfid-laundry-tag.com\/vi\/wp-json\/wp\/v2\/product\/193","targetHints":{"allow":["GET"]}}],"collection":[{"href":"https:\/\/rfid-laundry-tag.com\/vi\/wp-json\/wp\/v2\/product"}],"about":[{"href":"https:\/\/rfid-laundry-tag.com\/vi\/wp-json\/wp\/v2\/types\/product"}],"version-history":[{"count":2,"href":"https:\/\/rfid-laundry-tag.com\/vi\/wp-json\/wp\/v2\/product\/193\/revisions"}],"predecessor-version":[{"id":2652,"href":"https:\/\/rfid-laundry-tag.com\/vi\/wp-json\/wp\/v2\/product\/193\/revisions\/2652"}],"wp:featuredmedia":[{"embeddable":true,"href":"https:\/\/rfid-laundry-tag.com\/vi\/wp-json\/wp\/v2\/media\/177"}],"wp:attachment":[{"href":"https:\/\/rfid-laundry-tag.com\/vi\/wp-json\/wp\/v2\/media?parent=193"}],"wp:term":[{"taxonomy":"product_brand","embeddable":true,"href":"https:\/\/rfid-laundry-tag.com\/vi\/wp-json\/wp\/v2\/product_brand?post=193"},{"taxonomy":"product_cat","embeddable":true,"href":"https:\/\/rfid-laundry-tag.com\/vi\/wp-json\/wp\/v2\/product_cat?post=193"},{"taxonomy":"product_tag","embeddable":true,"href":"https:\/\/rfid-laundry-tag.com\/vi\/wp-json\/wp\/v2\/product_tag?post=193"}],"curies":[{"name":"wp","href":"https:\/\/api.w.org\/{rel}","templated":true}]}}