{"id":192,"date":"2024-06-16T05:58:44","date_gmt":"2024-06-16T05:58:44","guid":{"rendered":"https:\/\/rfid-laundry-tag.com\/?post_type=product&#038;p=192"},"modified":"2024-06-16T06:39:29","modified_gmt":"2024-06-16T06:39:29","slug":"uhf-rfid-paper-tags","status":"publish","type":"product","link":"https:\/\/rfid-laundry-tag.com\/vi\/uhf-rfid-paper-tags\/","title":{"rendered":"Th\u1ebb gi\u1ea5y RFID UHF"},"content":{"rendered":"<table class=\"has-title all magic-1\">\n<tbody>\n<tr>\n<td colspan=\"1\" rowspan=\"1\">\n<div class=\"magic-2\" data-spm-anchor-id=\"a2700.details.0.i84.7cea6afbA2IkLB\">T\u00ean m\u1eb7t h\u00e0ng<\/div>\n<\/td>\n<td colspan=\"1\" rowspan=\"1\">\n<div class=\"magic-3\">Th\u1ebb gi\u1ea5y RFID UHF<\/div>\n<\/td>\n<\/tr>\n<tr>\n<td colspan=\"1\" rowspan=\"1\">\n<div class=\"magic-2\">K\u00edch c\u1ee1<\/div>\n<\/td>\n<td colspan=\"1\" rowspan=\"1\">\n<div class=\"magic-3\">90x40mm ho\u1eb7c t\u00f9y ch\u1ec9nh<\/div>\n<\/td>\n<\/tr>\n<tr>\n<td colspan=\"1\" rowspan=\"1\">\n<div class=\"magic-2\">T\u00ednh th\u01b0\u1eddng xuy\u00ean<\/div>\n<\/td>\n<td colspan=\"1\" rowspan=\"1\">\n<div class=\"magic-3\">860-960mhz<\/div>\n<\/td>\n<\/tr>\n<tr>\n<td colspan=\"1\" rowspan=\"1\">\n<div class=\"magic-2\">Lo\u1ea1i IC (chip)<\/div>\n<\/td>\n<td colspan=\"1\" rowspan=\"1\">\n<div class=\"magic-3\">NXP Ucode 8 ho\u1eb7c 9<\/div>\n<\/td>\n<\/tr>\n<tr>\n<td colspan=\"1\" rowspan=\"1\">\n<div class=\"magic-2\">Giao th\u1ee9c<\/div>\n<\/td>\n<td colspan=\"1\" rowspan=\"1\">\n<div class=\"magic-3\">ISO18000 6C<\/div>\n<\/td>\n<\/tr>\n<tr>\n<td colspan=\"1\" rowspan=\"1\">\n<div class=\"magic-4\">K\u00fd \u1ee9c<\/div>\n<\/td>\n<td colspan=\"1\" rowspan=\"1\">\n<div class=\"magic-3\">EPC 96 bit<\/div>\n<\/td>\n<\/tr>\n<tr>\n<td colspan=\"1\" rowspan=\"1\">\n<div class=\"magic-2\">V\u1eadt li\u1ec7u<\/div>\n<\/td>\n<td colspan=\"1\" rowspan=\"1\">\n<div class=\"magic-3\">Gi\u1ea5y.PET, V.V.<\/div>\n<\/td>\n<\/tr>\n<tr>\n<td colspan=\"1\" rowspan=\"1\">\n<div class=\"magic-2\">In \u1ea5n<\/div>\n<\/td>\n<td colspan=\"1\" rowspan=\"1\">\n<div class=\"magic-3\" data-spm-anchor-id=\"a2700.details.0.i85.7cea6afbA2IkLB\">Logo, m\u00e3 qr, m\u00e3 v\u1ea1ch, s\u1ed1 s\u00ea-ri<\/div>\n<\/td>\n<\/tr>\n<tr>\n<td colspan=\"1\" rowspan=\"1\">\n<div class=\"magic-2\">Nhi\u1ec7t \u0111\u1ed9 ho\u1ea1t \u0111\u1ed9ng<\/div>\n<\/td>\n<td colspan=\"1\" rowspan=\"1\">\n<div class=\"magic-3\">-30 \u00b0C \u2013 +80 \u00b0C<\/div>\n<\/td>\n<\/tr>\n<tr>\n<td colspan=\"1\" rowspan=\"1\">\n<div class=\"magic-2\">Kho\u1ea3ng c\u00e1ch \u0111\u1ecdc<\/div>\n<\/td>\n<td colspan=\"1\" rowspan=\"1\">\n<div class=\"magic-3\">L\u00ean \u0111\u1ebfn 15m<\/div>\n<\/td>\n<\/tr>\n<tr>\n<td colspan=\"1\" rowspan=\"1\">\n<div class=\"magic-5\">Ph\u1ee5 l\u1ee5c cho<\/div>\n<\/td>\n<td colspan=\"1\" rowspan=\"1\">\n<div class=\"magic-3\">V\u1ea3i lanh v\u00e0 qu\u1ea7n \u00e1o<\/div>\n<\/td>\n<\/tr>\n<tr>\n<td colspan=\"1\" rowspan=\"1\">\n<div class=\"magic-4\">X\u1ebfp h\u1ea1ng IP<\/div>\n<\/td>\n<td colspan=\"1\" rowspan=\"1\">\n<div class=\"magic-3\">IP67<\/div>\n<\/td>\n<\/tr>\n<tr>\n<td colspan=\"1\" rowspan=\"1\">\n<div class=\"magic-4\">M\u00e0u s\u1eafc<\/div>\n<\/td>\n<td colspan=\"1\" rowspan=\"1\">\n<div class=\"magic-3\">Tr\u1eafng<\/div>\n<\/td>\n<\/tr>\n<\/tbody>\n<\/table>\n<div class=\"auto-hide-last-sibling-br paragraph_1252f paragraph-element\">\n<div><\/div>\n<div class=\"auto-hide-last-sibling-br paragraph_1252f paragraph-element\">Th\u1ebb gi\u1ea5y RFID UHF l\u00e0 m\u1ed9t ph\u1ea7n kh\u00f4ng th\u1ec3 thi\u1ebfu trong ng\u00e0nh b\u00e1n l\u1ebb, cung c\u1ea5p c\u00e1c gi\u1ea3i ph\u00e1p qu\u1ea3n l\u00fd h\u00e0ng t\u1ed3n kho to\u00e0n di\u1ec7n, ch\u1ed1ng tr\u1ed9m v\u00e0 c\u1ea3i ti\u1ebfn quy tr\u00ecnh chu\u1ed7i cung \u1ee9ng.<\/div>\n<p><br class=\"container_e695a wrapper_ad07b undefined\" \/><\/p>\n<div class=\"auto-hide-last-sibling-br paragraph_1252f paragraph-element\">Trong n\u1ed7 l\u1ef1c n\u00e2ng cao chi\u1ebfn l\u01b0\u1ee3c qu\u1ea3n l\u00fd h\u00e0ng t\u1ed3n kho, c\u00e1c nh\u00e0 b\u00e1n l\u1ebb g\u1eafn th\u1ebb RFID v\u00e0o t\u1eebng m\u1eb7t h\u00e0ng qu\u1ea7n \u00e1o. Nh\u1eefng th\u1ebb n\u00e0y t\u01b0\u01a1ng th\u00edch v\u1edbi \u0111\u1ea7u \u0111\u1ecdc RFID. Ch\u00fang c\u00f3 th\u1ec3 \u0111\u01b0\u1ee3c qu\u00e9t nhanh ch\u00f3ng v\u00e0 ch\u00ednh x\u00e1c, gi\u00fap t\u0103ng \u0111\u00e1ng k\u1ec3 c\u1ea3 t\u1ed1c \u0111\u1ed9 v\u00e0 hi\u1ec7u qu\u1ea3 c\u1ee7a vi\u1ec7c \u0111\u00e1nh gi\u00e1 h\u00e0ng t\u1ed3n kho.<\/div>\n<\/div>\n<p>&nbsp;<\/p>\n<div class=\"auto-hide-last-sibling-br paragraph_1252f paragraph-element\">Sau \u0111\u00e2y l\u00e0 m\u1ed9t s\u1ed1 l\u1ee3i \u00edch \u0111\u00e1ng ch\u00fa \u00fd khi s\u1eed d\u1ee5ng th\u1ebb qu\u1ea7n \u00e1o RFID:<\/div>\n<div class=\"auto-hide-last-sibling-br paragraph_1252f paragraph-element\">Ph\u00f2ng ng\u1eeba m\u1ea5t m\u00e1t: C\u00e1c th\u1ebb n\u00e0y cung c\u1ea5p bi\u1ec7n ph\u00e1p ph\u00f2ng ng\u1eeba tr\u1ed9m c\u1eafp m\u1ea1nh m\u1ebd. N\u1ebfu m\u1ed9t m\u1eb7t h\u00e0ng \u0111\u01b0\u1ee3c g\u1eafn th\u1ebb di chuy\u1ec3n qua l\u1ed1i ra m\u00e0 kh\u00f4ng b\u1ecb v\u00f4 hi\u1ec7u h\u00f3a, b\u00e1o \u0111\u1ed9ng s\u1ebd \u0111\u01b0\u1ee3c k\u00edch ho\u1ea1t, th\u00f4ng b\u00e1o cho nh\u00e2n vi\u00ean c\u1eeda h\u00e0ng v\u1ec1 m\u1ed9t s\u1ef1 c\u1ed1 tr\u1ed9m c\u1eafp c\u00f3 th\u1ec3 x\u1ea3y ra.<\/div>\n<div class=\"auto-hide-last-sibling-br paragraph_1252f paragraph-element\"><\/div>\n<div><\/div>\n<div>\n<div class=\"auto-hide-last-sibling-br paragraph_1252f paragraph-element\">Th\u1ebb treo gi\u1ea5y RFID UHF c\u00f3 ti\u1ec1m n\u0103ng th\u00fa v\u1ecb trong vi\u1ec7c c\u00e1ch m\u1ea1ng h\u00f3a ho\u1ea1t \u0111\u1ed9ng trong c\u00e1c ng\u00e0nh nh\u01b0 Qu\u1ea3n l\u00fd b\u00e1n l\u1ebb h\u00e0ng may m\u1eb7c, Qu\u1ea3n l\u00fd h\u00e0ng t\u1ed3n kho h\u00e0ng may m\u1eb7c v\u00e0 Qu\u1ea3n l\u00fd chu\u1ed7i cung \u1ee9ng h\u00e0ng may m\u1eb7c.<\/div>\n<p>&nbsp;<\/p>\n<div class=\"auto-hide-last-sibling-br paragraph_1252f paragraph-element\"><\/div>\n<\/div>\n<p>&nbsp;<\/p>\n<p>&nbsp;<\/p>","protected":false},"excerpt":{"rendered":"<div class=\"auto-hide-last-sibling-br paragraph_1252f paragraph-element\">\n<div class=\"auto-hide-last-sibling-br paragraph_1252f paragraph-element\">\n<div class=\"auto-hide-last-sibling-br paragraph_1252f paragraph-element\">Th\u1ebb gi\u1ea5y RFID UHF \u0111\u00f3ng vai tr\u00f2 l\u00e0 c\u00f4ng c\u1ee5 mang t\u00ednh c\u00e1ch m\u1ea1ng trong vi\u1ec7c h\u1ee3p l\u00fd h\u00f3a vi\u1ec7c ki\u1ec3m so\u00e1t h\u00e0ng t\u1ed3n kho, \u0111\u1eb7c bi\u1ec7t l\u00e0 trong ng\u00e0nh may m\u1eb7c. C\u00e1c nh\u00e0 b\u00e1n l\u1ebb v\u00e0 nh\u00e0 s\u1ea3n xu\u1ea5t h\u00e0ng may m\u1eb7c th\u1ea5y nh\u1eefng th\u1ebb n\u00e0y \u0111\u1eb7c bi\u1ec7t c\u00f3 l\u1ee3i v\u00ec ch\u00fang t\u1ea1o \u0111i\u1ec1u ki\u1ec7n cho m\u1ed9t h\u1ec7 th\u1ed1ng theo d\u00f5i hi\u1ec7u qu\u1ea3.<\/div>\n<div class=\"auto-hide-last-sibling-br paragraph_1252f paragraph-element\">Nh\u1eefng th\u1ebb n\u00e0y, bao g\u1ed3m m\u1ed9t chip RFID UHF trung t\u00e2m \u0111\u01b0\u1ee3c b\u1ecdc trong gi\u1ea5y, cho ph\u00e9p qu\u00e9t h\u00e0ng t\u1ed3n kho t\u1eeb xa, gi\u00fap \u0111\u01a1n gi\u1ea3n h\u00f3a \u0111\u00e1ng k\u1ec3 quy tr\u00ecnh qu\u1ea3n l\u00fd h\u00e0ng t\u1ed3n kho. Ch\u00fang t\u00f4i cung c\u1ea5p nh\u1eefng th\u1ebb n\u00e0y v\u1edbi nhi\u1ec1u ki\u1ec3u d\u00e1ng v\u00e0 k\u00edch c\u1ee1 kh\u00e1c nhau, ph\u00f9 h\u1ee3p v\u1edbi nhu c\u1ea7u ri\u00eang c\u1ee7a t\u1eebng kh\u00e1ch h\u00e0ng.<\/div>\n<\/div>\n<\/div>","protected":false},"featured_media":194,"template":"","meta":{"_kad_post_transparent":"default","_kad_post_title":"","_kad_post_layout":"default","_kad_post_sidebar_id":"","_kad_post_content_style":"default","_kad_post_vertical_padding":"default","_kad_post_feature":"","_kad_post_feature_position":"","_kad_post_header":false,"_kad_post_footer":false,"_kad_post_classname":""},"product_brand":[],"product_cat":[53],"product_tag":[92,89,91,94],"class_list":{"0":"post-192","1":"product","2":"type-product","3":"status-publish","4":"has-post-thumbnail","6":"product_cat-rfid-clothes-tag","7":"product_tag-paper-rfid-clothes-tag","8":"product_tag-rfid-clothing-tags","9":"product_tag-uhf-rfid-paper-hang-tags","10":"product_tag-uhf-rfid-paper-tags","12":"first","13":"instock","14":"shipping-taxable","15":"product-type-simple","16":"entry","17":"content-bg","18":"loop-entry"},"_links":{"self":[{"href":"https:\/\/rfid-laundry-tag.com\/vi\/wp-json\/wp\/v2\/product\/192","targetHints":{"allow":["GET"]}}],"collection":[{"href":"https:\/\/rfid-laundry-tag.com\/vi\/wp-json\/wp\/v2\/product"}],"about":[{"href":"https:\/\/rfid-laundry-tag.com\/vi\/wp-json\/wp\/v2\/types\/product"}],"version-history":[{"count":0,"href":"https:\/\/rfid-laundry-tag.com\/vi\/wp-json\/wp\/v2\/product\/192\/revisions"}],"wp:featuredmedia":[{"embeddable":true,"href":"https:\/\/rfid-laundry-tag.com\/vi\/wp-json\/wp\/v2\/media\/194"}],"wp:attachment":[{"href":"https:\/\/rfid-laundry-tag.com\/vi\/wp-json\/wp\/v2\/media?parent=192"}],"wp:term":[{"taxonomy":"product_brand","embeddable":true,"href":"https:\/\/rfid-laundry-tag.com\/vi\/wp-json\/wp\/v2\/product_brand?post=192"},{"taxonomy":"product_cat","embeddable":true,"href":"https:\/\/rfid-laundry-tag.com\/vi\/wp-json\/wp\/v2\/product_cat?post=192"},{"taxonomy":"product_tag","embeddable":true,"href":"https:\/\/rfid-laundry-tag.com\/vi\/wp-json\/wp\/v2\/product_tag?post=192"}],"curies":[{"name":"wp","href":"https:\/\/api.w.org\/{rel}","templated":true}]}}