{"id":190,"date":"2024-06-16T05:17:47","date_gmt":"2024-06-16T05:17:47","guid":{"rendered":"https:\/\/rfid-laundry-tag.com\/?post_type=product&#038;p=190"},"modified":"2024-07-06T08:07:23","modified_gmt":"2024-07-06T08:07:23","slug":"paper-rfid-clothes-tag","status":"publish","type":"product","link":"https:\/\/rfid-laundry-tag.com\/vi\/paper-rfid-clothes-tag\/","title":{"rendered":"Th\u1ebb qu\u1ea7n \u00e1o RFID gi\u1ea5y"},"content":{"rendered":"<table class=\"has-title all magic-1\">\n<tbody>\n<tr>\n<td colspan=\"1\" rowspan=\"1\">\n<div class=\"magic-2\" data-spm-anchor-id=\"a2700.details.0.i84.7cea6afbA2IkLB\">T\u00ean m\u1eb7t h\u00e0ng<\/div>\n<\/td>\n<td colspan=\"1\" rowspan=\"1\">\n<div class=\"magic-3\">Th\u1ebb qu\u1ea7n \u00e1o RFID gi\u1ea5y<\/div>\n<\/td>\n<\/tr>\n<tr>\n<td colspan=\"1\" rowspan=\"1\">\n<div class=\"magic-2\">K\u00edch c\u1ee1<\/div>\n<\/td>\n<td colspan=\"1\" rowspan=\"1\">\n<div class=\"magic-3\">90x40mm ho\u1eb7c t\u00f9y ch\u1ec9nh<\/div>\n<\/td>\n<\/tr>\n<tr>\n<td colspan=\"1\" rowspan=\"1\">\n<div class=\"magic-2\">T\u00ednh th\u01b0\u1eddng xuy\u00ean<\/div>\n<\/td>\n<td colspan=\"1\" rowspan=\"1\">\n<div class=\"magic-3\">860-960mhz<\/div>\n<\/td>\n<\/tr>\n<tr>\n<td colspan=\"1\" rowspan=\"1\">\n<div class=\"magic-2\">Lo\u1ea1i IC (chip)<\/div>\n<\/td>\n<td colspan=\"1\" rowspan=\"1\">\n<div class=\"magic-3\">NXP Ucode 8 ho\u1eb7c 9<\/div>\n<\/td>\n<\/tr>\n<tr>\n<td colspan=\"1\" rowspan=\"1\">\n<div class=\"magic-2\">Giao th\u1ee9c<\/div>\n<\/td>\n<td colspan=\"1\" rowspan=\"1\">\n<div class=\"magic-3\">ISO18000 6C<\/div>\n<\/td>\n<\/tr>\n<tr>\n<td colspan=\"1\" rowspan=\"1\">\n<div class=\"magic-4\">K\u00fd \u1ee9c<\/div>\n<\/td>\n<td colspan=\"1\" rowspan=\"1\">\n<div class=\"magic-3\">EPC 96 bit<\/div>\n<\/td>\n<\/tr>\n<tr>\n<td colspan=\"1\" rowspan=\"1\">\n<div class=\"magic-2\">V\u1eadt li\u1ec7u<\/div>\n<\/td>\n<td colspan=\"1\" rowspan=\"1\">\n<div class=\"magic-3\">Gi\u1ea5y.PET, V.V.<\/div>\n<\/td>\n<\/tr>\n<tr>\n<td colspan=\"1\" rowspan=\"1\">\n<div class=\"magic-2\">In \u1ea5n<\/div>\n<\/td>\n<td colspan=\"1\" rowspan=\"1\">\n<div class=\"magic-3\" data-spm-anchor-id=\"a2700.details.0.i85.7cea6afbA2IkLB\">Logo, m\u00e3 qr, m\u00e3 v\u1ea1ch, s\u1ed1 s\u00ea-ri<\/div>\n<\/td>\n<\/tr>\n<tr>\n<td colspan=\"1\" rowspan=\"1\">\n<div class=\"magic-2\">Nhi\u1ec7t \u0111\u1ed9 ho\u1ea1t \u0111\u1ed9ng<\/div>\n<\/td>\n<td colspan=\"1\" rowspan=\"1\">\n<div class=\"magic-3\">-30 \u00b0C \u2013 +80 \u00b0C<\/div>\n<\/td>\n<\/tr>\n<tr>\n<td colspan=\"1\" rowspan=\"1\">\n<div class=\"magic-2\">Kho\u1ea3ng c\u00e1ch \u0111\u1ecdc<\/div>\n<\/td>\n<td colspan=\"1\" rowspan=\"1\">\n<div class=\"magic-3\">L\u00ean \u0111\u1ebfn 15m<\/div>\n<\/td>\n<\/tr>\n<tr>\n<td colspan=\"1\" rowspan=\"1\">\n<div class=\"magic-5\">Ph\u1ee5 l\u1ee5c cho<\/div>\n<\/td>\n<td colspan=\"1\" rowspan=\"1\">\n<div class=\"magic-3\">V\u1ea3i lanh v\u00e0 qu\u1ea7n \u00e1o<\/div>\n<\/td>\n<\/tr>\n<tr>\n<td colspan=\"1\" rowspan=\"1\">\n<div class=\"magic-4\">X\u1ebfp h\u1ea1ng IP<\/div>\n<\/td>\n<td colspan=\"1\" rowspan=\"1\">\n<div class=\"magic-3\">IP67<\/div>\n<\/td>\n<\/tr>\n<tr>\n<td colspan=\"1\" rowspan=\"1\">\n<div class=\"magic-4\">M\u00e0u s\u1eafc<\/div>\n<\/td>\n<td colspan=\"1\" rowspan=\"1\">\n<div class=\"magic-3\">Tr\u1eafng<\/div>\n<\/td>\n<\/tr>\n<\/tbody>\n<\/table>\n<div><\/div>\n<div>\u0110\u01b0\u1ee3c l\u00e0m t\u1eeb gi\u1ea5y v\u1edbi chip RFID UHF \u1edf gi\u1eefa, nh\u1eefng th\u1ebb n\u00e0y h\u1ed7 tr\u1ee3 qu\u00e9t t\u1eeb xa. Hi\u1ec7n c\u00f3 nhi\u1ec1u ki\u1ec3u d\u00e1ng v\u00e0 k\u00edch th\u01b0\u1edbc, th\u1ebb RFID c\u1ee7a ch\u00fang t\u00f4i c\u0169ng c\u00f3 th\u1ec3 \u0111\u01b0\u1ee3c trang tr\u00ed b\u1eb1ng t\u00e1c ph\u1ea9m ngh\u1ec7 thu\u1eadt c\u00e1 nh\u00e2n. T\u00ednh n\u0103ng n\u00e0y cho ph\u00e9p th\u1ebb \u0111\u00f3ng vai tr\u00f2 l\u00e0 ph\u01b0\u01a1ng ti\u1ec7n x\u00e2y d\u1ef1ng th\u01b0\u01a1ng hi\u1ec7u m\u00e0 kh\u00f4ng \u1ea3nh h\u01b0\u1edfng \u0111\u1ebfn m\u1ee5c \u0111\u00edch c\u1ed1t l\u00f5i c\u1ee7a ch\u00fang.<\/div>\n<div><\/div>\n<div class=\"auto-hide-last-sibling-br paragraph_1252f paragraph-element\">Th\u1ebb qu\u1ea7n \u00e1o RFID \u0111\u00f3ng vai tr\u00f2 quan tr\u1ecdng trong ng\u00e0nh b\u00e1n l\u1ebb, th\u1ef1c hi\u1ec7n nhi\u1ec1u ch\u1ee9c n\u0103ng t\u1eeb qu\u1ea3n l\u00fd h\u00e0ng t\u1ed3n kho v\u00e0 ph\u00f2ng ch\u1ed1ng tr\u1ed9m c\u1eafp \u0111\u1ebfn t\u1ed1i \u01b0u h\u00f3a chu\u1ed7i cung \u1ee9ng.<\/div>\n<p>&nbsp;<\/p>\n<div class=\"auto-hide-last-sibling-br paragraph_1252f paragraph-element\">\u0110\u1ec3 qu\u1ea3n l\u00fd h\u00e0ng t\u1ed3n kho hi\u1ec7u qu\u1ea3 h\u01a1n, c\u00e1c nh\u00e0 b\u00e1n l\u1ebb g\u1eafn th\u1ebb RFID v\u00e0o t\u1eebng m\u1eb7t h\u00e0ng qu\u1ea7n \u00e1o. Nh\u1eefng th\u1ebb n\u00e0y c\u00f3 th\u1ec3 \u0111\u01b0\u1ee3c qu\u00e9t nhanh ch\u00f3ng v\u00e0 ch\u00ednh x\u00e1c b\u1eb1ng \u0111\u1ea7u \u0111\u1ecdc RFID, c\u1ea3i thi\u1ec7n \u0111\u00e1ng k\u1ec3 t\u1ed1c \u0111\u1ed9 v\u00e0 hi\u1ec7u qu\u1ea3 c\u1ee7a vi\u1ec7c ki\u1ec3m k\u00ea h\u00e0ng t\u1ed3n kho.<\/div>\n<p>&nbsp;<\/p>\n<div class=\"auto-hide-last-sibling-br paragraph_1252f paragraph-element\">Sau \u0111\u00e2y l\u00e0 m\u1ed9t s\u1ed1 l\u1ee3i \u00edch \u0111\u00e1ng ch\u00fa \u00fd khi s\u1eed d\u1ee5ng th\u1ebb qu\u1ea7n \u00e1o RFID:<\/div>\n<div class=\"auto-hide-last-sibling-br paragraph_1252f paragraph-element\">Ph\u00f2ng ng\u1eeba m\u1ea5t m\u00e1t: C\u00e1c th\u1ebb n\u00e0y cung c\u1ea5p bi\u1ec7n ph\u00e1p ph\u00f2ng ng\u1eeba tr\u1ed9m c\u1eafp m\u1ea1nh m\u1ebd. N\u1ebfu m\u1ed9t m\u1eb7t h\u00e0ng \u0111\u01b0\u1ee3c g\u1eafn th\u1ebb di chuy\u1ec3n qua l\u1ed1i ra m\u00e0 kh\u00f4ng b\u1ecb v\u00f4 hi\u1ec7u h\u00f3a, b\u00e1o \u0111\u1ed9ng s\u1ebd \u0111\u01b0\u1ee3c k\u00edch ho\u1ea1t, th\u00f4ng b\u00e1o cho nh\u00e2n vi\u00ean c\u1eeda h\u00e0ng v\u1ec1 m\u1ed9t s\u1ef1 c\u1ed1 tr\u1ed9m c\u1eafp c\u00f3 th\u1ec3 x\u1ea3y ra.<\/div>\n<p>&nbsp;<\/p>\n<div class=\"auto-hide-last-sibling-br paragraph_1252f paragraph-element\">T\u1ed1i \u01b0u h\u00f3a chu\u1ed7i cung \u1ee9ng: Kh\u1ea3 n\u0103ng hi\u1ec3n th\u1ecb v\u00e0 theo d\u00f5i c\u00e1c m\u1eb7t h\u00e0ng qu\u1ea7n \u00e1o t\u1ed1t h\u01a1n trong to\u00e0n b\u1ed9 chu\u1ed7i cung \u1ee9ng \u0111\u1ea1t \u0111\u01b0\u1ee3c b\u1eb1ng c\u00e1ch s\u1eed d\u1ee5ng th\u1ebb RFID. Vi\u1ec7c gi\u00e1m s\u00e1t theo th\u1eddi gian th\u1ef1c n\u00e0y cho ph\u00e9p c\u00e1c nh\u00e0 s\u1ea3n xu\u1ea5t, nh\u00e0 ph\u00e2n ph\u1ed1i v\u00e0 nh\u00e0 b\u00e1n l\u1ebb c\u1ea3i thi\u1ec7n h\u1eadu c\u1ea7n v\u00e0 ki\u1ec3m so\u00e1t h\u00e0ng t\u1ed3n kho.<\/div>\n<div class=\"auto-hide-last-sibling-br paragraph_1252f paragraph-element\">V\u1ecb tr\u00ed g\u1eafn th\u1ebb: T\u00ednh linh ho\u1ea1t l\u00e0 m\u1ed9t \u0111i\u1ec3m c\u1ed9ng l\u1edbn c\u1ee7a th\u1ebb RFID. Ch\u00fang c\u00f3 th\u1ec3 \u0111\u01b0\u1ee3c kh\u00e2u v\u00e0o qu\u1ea7n \u00e1o, ch\u00e8n v\u00e0o nh\u00e3n ho\u1eb7c th\u1ebb treo ho\u1eb7c t\u00edch h\u1ee3p v\u00e0o th\u1ebb b\u1ea3o m\u1eadt chuy\u00ean d\u1ee5ng.<\/div>\n<div class=\"auto-hide-last-sibling-br paragraph_1252f paragraph-element\">C\u00e1c bi\u1ebfn th\u1ec3 th\u1ebb: Th\u1ebb RFID c\u00f3 nhi\u1ec1u bi\u1ebfn th\u1ec3 kh\u00e1c nhau, bao g\u1ed3m th\u1ebb th\u1ee5 \u0111\u1ed9ng v\u00e0 th\u1ebb ch\u1ee7 \u0111\u1ed9ng. Th\u1ebb th\u1ee5 \u0111\u1ed9ng ph\u1ee5 thu\u1ed9c v\u00e0o n\u0103ng l\u01b0\u1ee3ng t\u1eeb \u0111\u1ea7u \u0111\u1ecdc RFID \u0111\u1ec3 truy\u1ec1n d\u1eef li\u1ec7u. Ng\u01b0\u1ee3c l\u1ea1i, th\u1ebb ch\u1ee7 \u0111\u1ed9ng c\u00f3 ngu\u1ed3n \u0111i\u1ec7n ri\u00eang, cho ph\u00e9p ch\u00fang truy\u1ec1n d\u1eef li\u1ec7u tr\u00ean kho\u1ea3ng c\u00e1ch xa h\u01a1n.<\/div>\n<div class=\"auto-hide-last-sibling-br paragraph_1252f paragraph-element\">B\u1ea3o m\u1eadt d\u1eef li\u1ec7u: Quy\u1ec1n ri\u00eang t\u01b0 c\u1ee7a kh\u00e1ch h\u00e0ng l\u00e0 \u01b0u ti\u00ean h\u00e0ng \u0111\u1ea7u v\u1edbi h\u1ec7 th\u1ed1ng RFID. \u0110\u1ec3 ng\u0103n ch\u1eb7n truy c\u1eadp tr\u00e1i ph\u00e9p v\u00e0o th\u00f4ng tin nh\u1ea1y c\u1ea3m, c\u00e1c giao th\u1ee9c m\u00e3 h\u00f3a v\u00e0 x\u00e1c th\u1ef1c th\u01b0\u1eddng \u0111\u01b0\u1ee3c s\u1eed d\u1ee5ng.<\/div>\n<div><\/div>\n<div>\n<div class=\"auto-hide-last-sibling-br paragraph_1252f paragraph-element\">Th\u1ebb treo gi\u1ea5y RFID UHF c\u00f3 ti\u1ec1m n\u0103ng th\u00fa v\u1ecb trong vi\u1ec7c c\u00e1ch m\u1ea1ng h\u00f3a ho\u1ea1t \u0111\u1ed9ng trong c\u00e1c ng\u00e0nh nh\u01b0 Qu\u1ea3n l\u00fd b\u00e1n l\u1ebb h\u00e0ng may m\u1eb7c, Qu\u1ea3n l\u00fd h\u00e0ng t\u1ed3n kho h\u00e0ng may m\u1eb7c v\u00e0 Qu\u1ea3n l\u00fd chu\u1ed7i cung \u1ee9ng h\u00e0ng may m\u1eb7c.<\/div>\n<p>&nbsp;<\/p>\n<div class=\"auto-hide-last-sibling-br paragraph_1252f paragraph-element\">Vi\u1ec7c tri\u1ec3n khai c\u00e1c th\u1ebb n\u00e0y d\u1eabn \u0111\u1ebfn s\u1ef1 b\u00f9ng n\u1ed5 v\u1ec1 hi\u1ec7u qu\u1ea3 \u2013 b\u1ea1n kh\u00f4ng c\u00f2n c\u1ea7n ph\u1ea3i ph\u00e2n b\u1ed5 gi\u1edd th\u1ee7 c\u00f4ng \u0111\u1ec3 ki\u1ec3m k\u00ea h\u00e0ng t\u1ed3n kho ho\u1eb7c theo d\u00f5i l\u00f4 h\u00e0ng. C\u00f4ng ngh\u1ec7 RFID th\u1ef1c hi\u1ec7n \u0111i\u1ec1u \u0111\u00f3 cho b\u1ea1n, ch\u00ednh x\u00e1c v\u00e0 nhanh ch\u00f3ng, cho ph\u00e9p nh\u00f3m c\u1ee7a b\u1ea1n t\u1eadp trung v\u00e0o c\u00e1c nhi\u1ec7m v\u1ee5 quan tr\u1ecdng kh\u00e1c.<\/div>\n<p>&nbsp;<\/p>\n<div class=\"auto-hide-last-sibling-br paragraph_1252f paragraph-element\">\u0110\u1ed9 ch\u00ednh x\u00e1c \u0111\u01b0\u1ee3c c\u1ea3i thi\u1ec7n l\u00e0 m\u1ed9t l\u1ee3i th\u1ebf quan tr\u1ecdng kh\u00e1c c\u1ee7a th\u1ebb RFID c\u1ee7a ch\u00fang t\u00f4i. R\u1ee7i ro do l\u1ed7i c\u1ee7a con ng\u01b0\u1eddi trong qu\u00e1 tr\u00ecnh theo d\u00f5i th\u1ee7 c\u00f4ng v\u00e0 nh\u1eadp d\u1eef li\u1ec7u \u0111\u01b0\u1ee3c h\u1ea1n ch\u1ebf hi\u1ec7u qu\u1ea3 v\u1edbi c\u00e1c th\u1ebb t\u1ef1 \u0111\u1ed9ng n\u00e0y. \u0110\u1ed9 ch\u00ednh x\u00e1c \u0111\u01b0\u1ee3c c\u1ea3i thi\u1ec7n trong qu\u00e1 tr\u00ecnh thu th\u1eadp d\u1eef li\u1ec7u d\u1eabn \u0111\u1ebfn nh\u1eefng hi\u1ec3u bi\u1ebft ch\u00ednh x\u00e1c h\u01a1n, h\u1ed7 tr\u1ee3 vi\u1ec7c ra quy\u1ebft \u0111\u1ecbnh hi\u1ec7u qu\u1ea3 trong ho\u1ea1t \u0111\u1ed9ng kinh doanh c\u1ee7a b\u1ea1n.<\/div>\n<p>&nbsp;<\/p>\n<div class=\"auto-hide-last-sibling-br paragraph_1252f paragraph-element\">Hi\u1ec7u qu\u1ea3 v\u00e0 \u0111\u1ed9 ch\u00ednh x\u00e1c cao h\u01a1n c\u00f9ng nhau h\u1ee3p l\u00fd h\u00f3a ho\u1ea1t \u0111\u1ed9ng c\u1ee7a b\u1ea1n v\u00e0 d\u1eabn \u0111\u1ebfn l\u1ee3i nhu\u1eadn t\u0103ng l\u00ean. B\u1eb1ng c\u00e1ch \u0111\u1ea7u t\u01b0 v\u00e0o Th\u1ebb treo gi\u1ea5y RFID UHF c\u1ee7a ch\u00fang t\u00f4i, b\u1ea1n kh\u00f4ng ch\u1ec9 c\u1ea3i thi\u1ec7n hi\u1ec7u qu\u1ea3 ho\u1ea1t \u0111\u1ed9ng hi\u1ec7n t\u1ea1i m\u00e0 c\u00f2n \u0111\u1ea3m b\u1ea3o t\u0103ng tr\u01b0\u1edfng b\u1ec1n v\u1eefng, c\u00f3 l\u1ee3i nhu\u1eadn cho doanh nghi\u1ec7p c\u1ee7a b\u1ea1n trong th\u1eddi gian d\u00e0i.<\/div>\n<\/div>\n<p>&nbsp;<\/p>\n<p>&nbsp;<\/p>","protected":false},"excerpt":{"rendered":"<div class=\"auto-hide-last-sibling-br paragraph_1252f paragraph-element\">\n<div class=\"auto-hide-last-sibling-br paragraph_1252f paragraph-element\">\u00a0Th\u1ebb gi\u1ea5y RFID qu\u1ea7n \u00e1o cung c\u1ea5p gi\u1ea3i ph\u00e1p n\u0103ng \u0111\u1ed9ng \u0111\u1ec3 theo d\u00f5i v\u00e0 ki\u1ec3m so\u00e1t h\u00e0ng t\u1ed3n kho trong ng\u00e0nh may m\u1eb7c. Ch\u1ee7 y\u1ebfu \u0111\u01b0\u1ee3c s\u1eed d\u1ee5ng trong c\u00e1c c\u1eeda h\u00e0ng b\u00e1n l\u1ebb v\u00e0 nh\u00e0 m\u00e1y may m\u1eb7c, nh\u1eefng th\u1ebb n\u00e0y cho ph\u00e9p theo d\u00f5i hi\u1ec7u qu\u1ea3 c\u00e1c m\u1eb7t h\u00e0ng may m\u1eb7c.<\/div>\n<p>&nbsp;<\/p>\n<div class=\"auto-hide-last-sibling-br paragraph_1252f paragraph-element\"><\/div>\n<\/div>","protected":false},"featured_media":191,"template":"","meta":{"_kad_post_transparent":"default","_kad_post_title":"","_kad_post_layout":"default","_kad_post_sidebar_id":"","_kad_post_content_style":"default","_kad_post_vertical_padding":"default","_kad_post_feature":"","_kad_post_feature_position":"","_kad_post_header":false,"_kad_post_footer":false,"_kad_post_classname":""},"product_brand":[],"product_cat":[53],"product_tag":[92,89,91],"class_list":{"0":"post-190","1":"product","2":"type-product","3":"status-publish","4":"has-post-thumbnail","6":"product_cat-rfid-clothes-tag","7":"product_tag-paper-rfid-clothes-tag","8":"product_tag-rfid-clothing-tags","9":"product_tag-uhf-rfid-paper-hang-tags","11":"first","12":"instock","13":"shipping-taxable","14":"product-type-simple","15":"entry","16":"content-bg","17":"loop-entry"},"_links":{"self":[{"href":"https:\/\/rfid-laundry-tag.com\/vi\/wp-json\/wp\/v2\/product\/190","targetHints":{"allow":["GET"]}}],"collection":[{"href":"https:\/\/rfid-laundry-tag.com\/vi\/wp-json\/wp\/v2\/product"}],"about":[{"href":"https:\/\/rfid-laundry-tag.com\/vi\/wp-json\/wp\/v2\/types\/product"}],"version-history":[{"count":0,"href":"https:\/\/rfid-laundry-tag.com\/vi\/wp-json\/wp\/v2\/product\/190\/revisions"}],"wp:featuredmedia":[{"embeddable":true,"href":"https:\/\/rfid-laundry-tag.com\/vi\/wp-json\/wp\/v2\/media\/191"}],"wp:attachment":[{"href":"https:\/\/rfid-laundry-tag.com\/vi\/wp-json\/wp\/v2\/media?parent=190"}],"wp:term":[{"taxonomy":"product_brand","embeddable":true,"href":"https:\/\/rfid-laundry-tag.com\/vi\/wp-json\/wp\/v2\/product_brand?post=190"},{"taxonomy":"product_cat","embeddable":true,"href":"https:\/\/rfid-laundry-tag.com\/vi\/wp-json\/wp\/v2\/product_cat?post=190"},{"taxonomy":"product_tag","embeddable":true,"href":"https:\/\/rfid-laundry-tag.com\/vi\/wp-json\/wp\/v2\/product_tag?post=190"}],"curies":[{"name":"wp","href":"https:\/\/api.w.org\/{rel}","templated":true}]}}