{"id":187,"date":"2024-06-15T17:37:43","date_gmt":"2024-06-15T17:37:43","guid":{"rendered":"https:\/\/rfid-laundry-tag.com\/?post_type=product&#038;p=187"},"modified":"2024-06-15T17:40:32","modified_gmt":"2024-06-15T17:40:32","slug":"uhf-rfid-paper-hang-tags","status":"publish","type":"product","link":"https:\/\/rfid-laundry-tag.com\/vi\/uhf-rfid-paper-hang-tags\/","title":{"rendered":"Th\u1ebb treo gi\u1ea5y RFID UHF"},"content":{"rendered":"<table class=\"has-title all magic-1\">\n<tbody>\n<tr>\n<td colspan=\"1\" rowspan=\"1\">\n<div class=\"magic-2\" data-spm-anchor-id=\"a2700.details.0.i84.7cea6afbA2IkLB\">T\u00ean m\u1eb7t h\u00e0ng<\/div>\n<\/td>\n<td colspan=\"1\" rowspan=\"1\">\n<div class=\"magic-3\">Th\u1ebb treo gi\u1ea5y RFID UHF<\/div>\n<\/td>\n<\/tr>\n<tr>\n<td colspan=\"1\" rowspan=\"1\">\n<div class=\"magic-2\">K\u00edch c\u1ee1<\/div>\n<\/td>\n<td colspan=\"1\" rowspan=\"1\">\n<div class=\"magic-3\">90x40mm ho\u1eb7c t\u00f9y ch\u1ec9nh<\/div>\n<\/td>\n<\/tr>\n<tr>\n<td colspan=\"1\" rowspan=\"1\">\n<div class=\"magic-2\">T\u00ednh th\u01b0\u1eddng xuy\u00ean<\/div>\n<\/td>\n<td colspan=\"1\" rowspan=\"1\">\n<div class=\"magic-3\">860-960mhz<\/div>\n<\/td>\n<\/tr>\n<tr>\n<td colspan=\"1\" rowspan=\"1\">\n<div class=\"magic-2\">Lo\u1ea1i IC (chip)<\/div>\n<\/td>\n<td colspan=\"1\" rowspan=\"1\">\n<div class=\"magic-3\">NXP Ucode 8 ho\u1eb7c 9<\/div>\n<\/td>\n<\/tr>\n<tr>\n<td colspan=\"1\" rowspan=\"1\">\n<div class=\"magic-2\">Giao th\u1ee9c<\/div>\n<\/td>\n<td colspan=\"1\" rowspan=\"1\">\n<div class=\"magic-3\">ISO18000 6C<\/div>\n<\/td>\n<\/tr>\n<tr>\n<td colspan=\"1\" rowspan=\"1\">\n<div class=\"magic-4\">K\u00fd \u1ee9c<\/div>\n<\/td>\n<td colspan=\"1\" rowspan=\"1\">\n<div class=\"magic-3\">EPC 96 bit<\/div>\n<\/td>\n<\/tr>\n<tr>\n<td colspan=\"1\" rowspan=\"1\">\n<div class=\"magic-2\">V\u1eadt li\u1ec7u<\/div>\n<\/td>\n<td colspan=\"1\" rowspan=\"1\">\n<div class=\"magic-3\">Gi\u1ea5y.PET, V.V.<\/div>\n<\/td>\n<\/tr>\n<tr>\n<td colspan=\"1\" rowspan=\"1\">\n<div class=\"magic-2\">In \u1ea5n<\/div>\n<\/td>\n<td colspan=\"1\" rowspan=\"1\">\n<div class=\"magic-3\" data-spm-anchor-id=\"a2700.details.0.i85.7cea6afbA2IkLB\">Logo, m\u00e3 qr, m\u00e3 v\u1ea1ch, s\u1ed1 s\u00ea-ri<\/div>\n<\/td>\n<\/tr>\n<tr>\n<td colspan=\"1\" rowspan=\"1\">\n<div class=\"magic-2\">Nhi\u1ec7t \u0111\u1ed9 ho\u1ea1t \u0111\u1ed9ng<\/div>\n<\/td>\n<td colspan=\"1\" rowspan=\"1\">\n<div class=\"magic-3\">-30 \u00b0C \u2013 +80 \u00b0C<\/div>\n<\/td>\n<\/tr>\n<tr>\n<td colspan=\"1\" rowspan=\"1\">\n<div class=\"magic-2\">Kho\u1ea3ng c\u00e1ch \u0111\u1ecdc<\/div>\n<\/td>\n<td colspan=\"1\" rowspan=\"1\">\n<div class=\"magic-3\">L\u00ean \u0111\u1ebfn 15m<\/div>\n<\/td>\n<\/tr>\n<tr>\n<td colspan=\"1\" rowspan=\"1\">\n<div class=\"magic-5\">Ph\u1ee5 l\u1ee5c cho<\/div>\n<\/td>\n<td colspan=\"1\" rowspan=\"1\">\n<div class=\"magic-3\">V\u1ea3i lanh v\u00e0 qu\u1ea7n \u00e1o<\/div>\n<\/td>\n<\/tr>\n<tr>\n<td colspan=\"1\" rowspan=\"1\">\n<div class=\"magic-4\">X\u1ebfp h\u1ea1ng IP<\/div>\n<\/td>\n<td colspan=\"1\" rowspan=\"1\">\n<div class=\"magic-3\">IP67<\/div>\n<\/td>\n<\/tr>\n<tr>\n<td colspan=\"1\" rowspan=\"1\">\n<div class=\"magic-4\">M\u00e0u s\u1eafc<\/div>\n<\/td>\n<td colspan=\"1\" rowspan=\"1\">\n<div class=\"magic-3\">Tr\u1eafng<\/div>\n<\/td>\n<\/tr>\n<\/tbody>\n<\/table>\n<p>&nbsp;<\/p>\n<p>Th\u1ebb treo gi\u1ea5y RFID UHF \u0111\u00f3ng vai tr\u00f2 l\u00e0 ph\u01b0\u01a1ng ph\u00e1p nh\u1eadn d\u1ea1ng m\u1eb7t h\u00e0ng an to\u00e0n. Ch\u00fang c\u00f3 th\u1ec3 \u0111\u01b0\u1ee3c tri\u1ec3n khai \u0111\u1ec3 ng\u0103n ch\u1eb7n h\u00e0ng gi\u1ea3 v\u00e0 ki\u1ec3m so\u00e1t quy\u1ec1n truy c\u1eadp v\u00e0o c\u00e1c khu v\u1ef1c h\u1ea1n ch\u1ebf, t\u0103ng c\u01b0\u1eddng c\u1ea3 t\u00ednh b\u1ea3o m\u1eadt v\u00e0 \u0111\u1ed9 ch\u00ednh x\u00e1c trong ho\u1ea1t \u0111\u1ed9ng kinh doanh c\u1ee7a b\u1ea1n. H\u00e3y ch\u1ecdn Th\u1ebb treo qu\u1ea7n \u00e1o RFID UHF c\u1ee7a ch\u00fang t\u00f4i \u0111\u1ec3 h\u1ee3p l\u00fd h\u00f3a vi\u1ec7c qu\u1ea3n l\u00fd h\u00e0ng t\u1ed3n kho v\u00e0 t\u0103ng c\u01b0\u1eddng b\u1ea3o m\u1eadt b\u00e1n l\u1ebb c\u1ee7a b\u1ea1n.<\/p>\n<p>V\u1edbi c\u00e1c \u1ee9ng d\u1ee5ng bao g\u1ed3m Qu\u1ea3n l\u00fd b\u00e1n l\u1ebb h\u00e0ng may m\u1eb7c, Qu\u1ea3n l\u00fd h\u00e0ng t\u1ed3n kho h\u00e0ng may m\u1eb7c v\u00e0 Qu\u1ea3n l\u00fd chu\u1ed7i cung \u1ee9ng h\u00e0ng may m\u1eb7c, Th\u1ebb treo gi\u1ea5y RFID UHF c\u1ee7a ch\u00fang t\u00f4i kh\u00f4ng ch\u1ec9 mang l\u1ea1i hi\u1ec7u qu\u1ea3 cho ho\u1ea1t \u0111\u1ed9ng c\u1ee7a b\u1ea1n m\u00e0 c\u00f2n n\u00e2ng cao \u0111\u1ed9 ch\u00ednh x\u00e1c, d\u1eabn \u0111\u1ebfn c\u1ea3i thi\u1ec7n kh\u1ea3 n\u0103ng ra quy\u1ebft \u0111\u1ecbnh v\u00e0 l\u1ee3i nhu\u1eadn.<\/p>","protected":false},"excerpt":{"rendered":"<div class=\"auto-hide-last-sibling-br paragraph_1252f paragraph-element\">Th\u1ebb treo gi\u1ea5y RFID UHF l\u00e0 gi\u1ea3i ph\u00e1p gi\u00e1 c\u1ea3 ph\u1ea3i ch\u0103ng \u0111\u1ec3 theo d\u00f5i v\u00e0 qu\u1ea3n l\u00fd h\u00e0ng t\u1ed3n kho trong ng\u00e0nh th\u1eddi trang. Nh\u1eefng th\u1ebb n\u00e0y th\u01b0\u1eddng \u0111\u01b0\u1ee3c s\u1eed d\u1ee5ng trong c\u00e1c c\u1eeda h\u00e0ng b\u00e1n l\u1ebb h\u00e0ng may m\u1eb7c v\u00e0 kho s\u1ea3n xu\u1ea5t \u0111\u1ec3 \u0111\u1ea3m b\u1ea3o theo d\u00f5i hi\u1ec7u qu\u1ea3 c\u00e1c m\u1eb7t h\u00e0ng qu\u1ea7n \u00e1o.<\/div>\n<div class=\"auto-hide-last-sibling-br paragraph_1252f paragraph-element\">C\u00e1c th\u1ebb \u0111\u01b0\u1ee3c l\u00e0m t\u1eeb gi\u1ea5y c\u00f3 chip RFID UHF \u1edf gi\u1eefa, cho ph\u00e9p \u0111\u1ecdc t\u1eeb xa. Th\u1ebb gi\u1ea5y RFID c\u1ee7a ch\u00fang t\u00f4i c\u00f3 nhi\u1ec1u h\u00ecnh d\u1ea1ng v\u00e0 k\u00edch th\u01b0\u1edbc kh\u00e1c nhau v\u00e0 c\u00f3 th\u1ec3 t\u00f9y ch\u1ec9nh theo t\u00e1c ph\u1ea9m ngh\u1ec7 thu\u1eadt mong mu\u1ed1n c\u1ee7a b\u1ea1n, mang \u0111\u1ebfn c\u01a1 h\u1ed9i x\u00e2y d\u1ef1ng th\u01b0\u01a1ng hi\u1ec7u trong khi v\u1eabn duy tr\u00ec ch\u1ee9c n\u0103ng c\u1ee7a ch\u00fang.<\/div>","protected":false},"featured_media":188,"template":"","meta":{"_kad_post_transparent":"default","_kad_post_title":"","_kad_post_layout":"default","_kad_post_sidebar_id":"","_kad_post_content_style":"default","_kad_post_vertical_padding":"default","_kad_post_feature":"","_kad_post_feature_position":"","_kad_post_header":false,"_kad_post_footer":false,"_kad_post_classname":""},"product_brand":[],"product_cat":[53],"product_tag":[89,90,91],"class_list":{"0":"post-187","1":"product","2":"type-product","3":"status-publish","4":"has-post-thumbnail","6":"product_cat-rfid-clothes-tag","7":"product_tag-rfid-clothing-tags","8":"product_tag-rfid-paper-hang-tags","9":"product_tag-uhf-rfid-paper-hang-tags","11":"first","12":"instock","13":"shipping-taxable","14":"product-type-simple","15":"entry","16":"content-bg","17":"loop-entry"},"_links":{"self":[{"href":"https:\/\/rfid-laundry-tag.com\/vi\/wp-json\/wp\/v2\/product\/187","targetHints":{"allow":["GET"]}}],"collection":[{"href":"https:\/\/rfid-laundry-tag.com\/vi\/wp-json\/wp\/v2\/product"}],"about":[{"href":"https:\/\/rfid-laundry-tag.com\/vi\/wp-json\/wp\/v2\/types\/product"}],"version-history":[{"count":1,"href":"https:\/\/rfid-laundry-tag.com\/vi\/wp-json\/wp\/v2\/product\/187\/revisions"}],"predecessor-version":[{"id":189,"href":"https:\/\/rfid-laundry-tag.com\/vi\/wp-json\/wp\/v2\/product\/187\/revisions\/189"}],"wp:featuredmedia":[{"embeddable":true,"href":"https:\/\/rfid-laundry-tag.com\/vi\/wp-json\/wp\/v2\/media\/188"}],"wp:attachment":[{"href":"https:\/\/rfid-laundry-tag.com\/vi\/wp-json\/wp\/v2\/media?parent=187"}],"wp:term":[{"taxonomy":"product_brand","embeddable":true,"href":"https:\/\/rfid-laundry-tag.com\/vi\/wp-json\/wp\/v2\/product_brand?post=187"},{"taxonomy":"product_cat","embeddable":true,"href":"https:\/\/rfid-laundry-tag.com\/vi\/wp-json\/wp\/v2\/product_cat?post=187"},{"taxonomy":"product_tag","embeddable":true,"href":"https:\/\/rfid-laundry-tag.com\/vi\/wp-json\/wp\/v2\/product_tag?post=187"}],"curies":[{"name":"wp","href":"https:\/\/api.w.org\/{rel}","templated":true}]}}