{"id":185,"date":"2024-06-15T17:36:34","date_gmt":"2024-06-15T17:36:34","guid":{"rendered":"https:\/\/rfid-laundry-tag.com\/?post_type=product&#038;p=185"},"modified":"2024-06-15T17:36:34","modified_gmt":"2024-06-15T17:36:34","slug":"uhf-paper-rfid-clothing-label-tags","status":"publish","type":"product","link":"https:\/\/rfid-laundry-tag.com\/vi\/uhf-paper-rfid-clothing-label-tags\/","title":{"rendered":"Th\u1ebb nh\u00e3n qu\u1ea7n \u00e1o RFID gi\u1ea5y UHF"},"content":{"rendered":"<table class=\"has-title all magic-1\">\n<tbody>\n<tr>\n<td colspan=\"1\" rowspan=\"1\">\n<div class=\"magic-2\" data-spm-anchor-id=\"a2700.details.0.i84.7cea6afbA2IkLB\">T\u00ean m\u1eb7t h\u00e0ng<\/div>\n<\/td>\n<td colspan=\"1\" rowspan=\"1\">\n<div class=\"magic-3\">Th\u1ebb nh\u00e3n qu\u1ea7n \u00e1o RFID gi\u1ea5y UHF<\/div>\n<\/td>\n<\/tr>\n<tr>\n<td colspan=\"1\" rowspan=\"1\">\n<div class=\"magic-2\">K\u00edch c\u1ee1<\/div>\n<\/td>\n<td colspan=\"1\" rowspan=\"1\">\n<div class=\"magic-3\">90x40mm ho\u1eb7c t\u00f9y ch\u1ec9nh<\/div>\n<\/td>\n<\/tr>\n<tr>\n<td colspan=\"1\" rowspan=\"1\">\n<div class=\"magic-2\">T\u00ednh th\u01b0\u1eddng xuy\u00ean<\/div>\n<\/td>\n<td colspan=\"1\" rowspan=\"1\">\n<div class=\"magic-3\">860-960mhz<\/div>\n<\/td>\n<\/tr>\n<tr>\n<td colspan=\"1\" rowspan=\"1\">\n<div class=\"magic-2\">Lo\u1ea1i IC (chip)<\/div>\n<\/td>\n<td colspan=\"1\" rowspan=\"1\">\n<div class=\"magic-3\">NXP Ucode 8 ho\u1eb7c 9<\/div>\n<\/td>\n<\/tr>\n<tr>\n<td colspan=\"1\" rowspan=\"1\">\n<div class=\"magic-2\">Giao th\u1ee9c<\/div>\n<\/td>\n<td colspan=\"1\" rowspan=\"1\">\n<div class=\"magic-3\">ISO18000 6C<\/div>\n<\/td>\n<\/tr>\n<tr>\n<td colspan=\"1\" rowspan=\"1\">\n<div class=\"magic-4\">K\u00fd \u1ee9c<\/div>\n<\/td>\n<td colspan=\"1\" rowspan=\"1\">\n<div class=\"magic-3\">EPC 96 bit<\/div>\n<\/td>\n<\/tr>\n<tr>\n<td colspan=\"1\" rowspan=\"1\">\n<div class=\"magic-2\">V\u1eadt li\u1ec7u<\/div>\n<\/td>\n<td colspan=\"1\" rowspan=\"1\">\n<div class=\"magic-3\">Gi\u1ea5y.PET, V.V.<\/div>\n<\/td>\n<\/tr>\n<tr>\n<td colspan=\"1\" rowspan=\"1\">\n<div class=\"magic-2\">In \u1ea5n<\/div>\n<\/td>\n<td colspan=\"1\" rowspan=\"1\">\n<div class=\"magic-3\" data-spm-anchor-id=\"a2700.details.0.i85.7cea6afbA2IkLB\">Logo, m\u00e3 qr, m\u00e3 v\u1ea1ch, s\u1ed1 s\u00ea-ri<\/div>\n<\/td>\n<\/tr>\n<tr>\n<td colspan=\"1\" rowspan=\"1\">\n<div class=\"magic-2\">Nhi\u1ec7t \u0111\u1ed9 ho\u1ea1t \u0111\u1ed9ng<\/div>\n<\/td>\n<td colspan=\"1\" rowspan=\"1\">\n<div class=\"magic-3\">-30 \u00b0C \u2013 +80 \u00b0C<\/div>\n<\/td>\n<\/tr>\n<tr>\n<td colspan=\"1\" rowspan=\"1\">\n<div class=\"magic-2\">Kho\u1ea3ng c\u00e1ch \u0111\u1ecdc<\/div>\n<\/td>\n<td colspan=\"1\" rowspan=\"1\">\n<div class=\"magic-3\">L\u00ean \u0111\u1ebfn 15m<\/div>\n<\/td>\n<\/tr>\n<tr>\n<td colspan=\"1\" rowspan=\"1\">\n<div class=\"magic-5\">Ph\u1ee5 l\u1ee5c cho<\/div>\n<\/td>\n<td colspan=\"1\" rowspan=\"1\">\n<div class=\"magic-3\">V\u1ea3i lanh v\u00e0 qu\u1ea7n \u00e1o<\/div>\n<\/td>\n<\/tr>\n<tr>\n<td colspan=\"1\" rowspan=\"1\">\n<div class=\"magic-4\">X\u1ebfp h\u1ea1ng IP<\/div>\n<\/td>\n<td colspan=\"1\" rowspan=\"1\">\n<div class=\"magic-3\">IP67<\/div>\n<\/td>\n<\/tr>\n<tr>\n<td colspan=\"1\" rowspan=\"1\">\n<div class=\"magic-4\">M\u00e0u s\u1eafc<\/div>\n<\/td>\n<td colspan=\"1\" rowspan=\"1\">\n<div class=\"magic-3\">Tr\u1eafng<\/div>\n<\/td>\n<\/tr>\n<\/tbody>\n<\/table>\n<p>&nbsp;<\/p>\n<p><strong>Th\u1ebb treo qu\u1ea7n \u00e1o RFID UHF<\/strong> \u0111\u00f3ng vai tr\u00f2 l\u00e0 ph\u01b0\u01a1ng ph\u00e1p nh\u1eadn d\u1ea1ng m\u1eb7t h\u00e0ng an to\u00e0n. Ch\u00fang c\u00f3 th\u1ec3 \u0111\u01b0\u1ee3c tri\u1ec3n khai \u0111\u1ec3 ng\u0103n ch\u1eb7n h\u00e0ng gi\u1ea3 v\u00e0 ki\u1ec3m so\u00e1t quy\u1ec1n truy c\u1eadp v\u00e0o c\u00e1c khu v\u1ef1c h\u1ea1n ch\u1ebf, t\u0103ng c\u01b0\u1eddng c\u1ea3 t\u00ednh b\u1ea3o m\u1eadt v\u00e0 \u0111\u1ed9 ch\u00ednh x\u00e1c trong ho\u1ea1t \u0111\u1ed9ng kinh doanh c\u1ee7a b\u1ea1n. H\u00e3y ch\u1ecdn Th\u1ebb treo qu\u1ea7n \u00e1o RFID UHF c\u1ee7a ch\u00fang t\u00f4i \u0111\u1ec3 h\u1ee3p l\u00fd h\u00f3a vi\u1ec7c qu\u1ea3n l\u00fd h\u00e0ng t\u1ed3n kho v\u00e0 t\u0103ng c\u01b0\u1eddng b\u1ea3o m\u1eadt b\u00e1n l\u1ebb c\u1ee7a b\u1ea1n.<\/p>\n<p>V\u1edbi nhi\u1ec1u \u1ee9ng d\u1ee5ng m\u1edf r\u1ed9ng sang Theo d\u00f5i t\u00e0i s\u1ea3n, Qu\u1ea3n l\u00fd h\u00e0ng t\u1ed3n kho may m\u1eb7c, Chu\u1ed7i cung \u1ee9ng qu\u1ea7n \u00e1o v\u00e0 Qu\u1ea3n l\u00fd b\u00e1n l\u1ebb h\u00e0ng may m\u1eb7c, Th\u1ebb treo gi\u1ea5y RFID UHF c\u1ee7a ch\u00fang t\u00f4i c\u00f3 th\u1ec3 c\u1ea3i thi\u1ec7n \u0111\u00e1ng k\u1ec3 kh\u1ea3 n\u0103ng theo d\u00f5i v\u00e0 truy v\u1ebft c\u1ee7a b\u1ea1n, t\u1eeb \u0111\u00f3 t\u1ed1i \u01b0u h\u00f3a ho\u1ea1t \u0111\u1ed9ng kinh doanh c\u1ee7a b\u1ea1n.<\/p>","protected":false},"excerpt":{"rendered":"<p>Th\u1ebb nh\u00e3n qu\u1ea7n \u00e1o RFID gi\u1ea5y UHF l\u00e0 lo\u1ea1i th\u1ebb nh\u1ecf \u0111\u01b0\u1ee3c thi\u1ebft k\u1ebf \u0111\u1eb7c bi\u1ec7t \u0111\u1ec3 theo d\u00f5i qu\u1ea7n \u00e1o v\u00e0 h\u00e0ng may m\u1eb7c. Ch\u00fang k\u1ebft h\u1ee3p c\u00f4ng ngh\u1ec7 RFID t\u1ea7n s\u1ed1 c\u1ef1c cao (UHF), \u0111\u1ea3m b\u1ea3o hi\u1ec7u su\u1ea5t theo d\u00f5i t\u1ed1i \u01b0u. Th\u1ebb treo qu\u1ea7n \u00e1o RFID UHF \u0111\u01b0\u1ee3c thi\u1ebft k\u1ebf ri\u00eang cho ng\u00e0nh b\u00e1n l\u1ebb th\u1eddi trang. Nh\u1eefng th\u1ebb treo gi\u1ea5y RFID n\u00e0y, c\u00f3 chip RFID (Nh\u1eadn d\u1ea1ng t\u1ea7n s\u1ed1 v\u00f4 tuy\u1ebfn) \u0111\u01b0\u1ee3c g\u1eafn v\u00e0o c\u00e1c m\u1eb7t h\u00e0ng qu\u1ea7n \u00e1o, cho ph\u00e9p ch\u00fang \u0111\u01b0\u1ee3c qu\u00e9t b\u1eb1ng \u0111\u1ea7u \u0111\u1ecdc RFID UHF.<\/p>\n<div class=\"auto-hide-last-sibling-br paragraph_1252f paragraph-element\">C\u00e1c th\u1ebb n\u00e0y \u0111\u00f3ng vai tr\u00f2 quan tr\u1ecdng trong vi\u1ec7c theo d\u00f5i v\u00e0 qu\u1ea3n l\u00fd h\u00e0ng t\u1ed3n kho t\u1ea1i c\u00e1c c\u1eeda h\u00e0ng b\u00e1n l\u1ebb, kho h\u00e0ng v\u00e0 trung t\u00e2m ph\u00e2n ph\u1ed1i. Ch\u00fang cung c\u1ea5p kh\u1ea3 n\u0103ng theo d\u00f5i h\u00e0ng t\u1ed3n kho theo th\u1eddi gian th\u1ef1c, gi\u00fap c\u00e1c doanh nghi\u1ec7p b\u00e1n l\u1ebb gi\u00e1m s\u00e1t ch\u00ednh x\u00e1c m\u1ee9c h\u00e0ng t\u1ed3n kho, gi\u1ea3m thi\u1ec3u c\u00e1c tr\u01b0\u1eddng h\u1ee3p h\u1ebft h\u00e0ng v\u00e0 cu\u1ed1i c\u00f9ng l\u00e0 th\u00fac \u0111\u1ea9y doanh s\u1ed1.<\/div>","protected":false},"featured_media":186,"template":"","meta":{"_kad_post_transparent":"default","_kad_post_title":"","_kad_post_layout":"default","_kad_post_sidebar_id":"","_kad_post_content_style":"default","_kad_post_vertical_padding":"default","_kad_post_feature":"","_kad_post_feature_position":"","_kad_post_header":false,"_kad_post_footer":false,"_kad_post_classname":""},"product_brand":[],"product_cat":[53],"product_tag":[89,90,88],"class_list":{"0":"post-185","1":"product","2":"type-product","3":"status-publish","4":"has-post-thumbnail","6":"product_cat-rfid-clothes-tag","7":"product_tag-rfid-clothing-tags","8":"product_tag-rfid-paper-hang-tags","9":"product_tag-uhf-paper-rfid-clothing-label-tags","11":"first","12":"instock","13":"shipping-taxable","14":"product-type-simple","15":"entry","16":"content-bg","17":"loop-entry"},"_links":{"self":[{"href":"https:\/\/rfid-laundry-tag.com\/vi\/wp-json\/wp\/v2\/product\/185","targetHints":{"allow":["GET"]}}],"collection":[{"href":"https:\/\/rfid-laundry-tag.com\/vi\/wp-json\/wp\/v2\/product"}],"about":[{"href":"https:\/\/rfid-laundry-tag.com\/vi\/wp-json\/wp\/v2\/types\/product"}],"version-history":[{"count":0,"href":"https:\/\/rfid-laundry-tag.com\/vi\/wp-json\/wp\/v2\/product\/185\/revisions"}],"wp:featuredmedia":[{"embeddable":true,"href":"https:\/\/rfid-laundry-tag.com\/vi\/wp-json\/wp\/v2\/media\/186"}],"wp:attachment":[{"href":"https:\/\/rfid-laundry-tag.com\/vi\/wp-json\/wp\/v2\/media?parent=185"}],"wp:term":[{"taxonomy":"product_brand","embeddable":true,"href":"https:\/\/rfid-laundry-tag.com\/vi\/wp-json\/wp\/v2\/product_brand?post=185"},{"taxonomy":"product_cat","embeddable":true,"href":"https:\/\/rfid-laundry-tag.com\/vi\/wp-json\/wp\/v2\/product_cat?post=185"},{"taxonomy":"product_tag","embeddable":true,"href":"https:\/\/rfid-laundry-tag.com\/vi\/wp-json\/wp\/v2\/product_tag?post=185"}],"curies":[{"name":"wp","href":"https:\/\/api.w.org\/{rel}","templated":true}]}}