{"id":183,"date":"2024-06-15T17:11:39","date_gmt":"2024-06-15T17:11:39","guid":{"rendered":"https:\/\/rfid-laundry-tag.com\/?post_type=product&#038;p=183"},"modified":"2024-06-15T17:22:58","modified_gmt":"2024-06-15T17:22:58","slug":"fabric-uhf-rfid-wash-care-tag","status":"publish","type":"product","link":"https:\/\/rfid-laundry-tag.com\/vi\/fabric-uhf-rfid-wash-care-tag\/","title":{"rendered":"Th\u1ebb ch\u0103m s\u00f3c gi\u1eb7t UHF RFID b\u1eb1ng v\u1ea3i"},"content":{"rendered":"<div class=\"J_module\">\n<div class=\"ife-detail-decorate-table\">\n<table class=\"hight-light-first-column all magic-14\">\n<tbody>\n<tr>\n<td colspan=\"1\" rowspan=\"1\">\n<div class=\"magic-15\" data-spm-anchor-id=\"a2700.details.0.i95.236a58c1ycsfva\">T\u00ean s\u1ea3n xu\u1ea5t:<\/div>\n<\/td>\n<td colspan=\"1\" rowspan=\"1\">\n<div class=\"magic-16\">Th\u1ebb ch\u0103m s\u00f3c gi\u1eb7t UHF RFID b\u1eb1ng v\u1ea3i<\/div>\n<\/td>\n<\/tr>\n<tr>\n<td colspan=\"1\" rowspan=\"1\">\n<div class=\"magic-15\"><span class=\"magic-17\">V\u1eadt li\u1ec7u:<\/span><\/div>\n<\/td>\n<td colspan=\"1\" rowspan=\"1\">\n<div class=\"magic-16\">Polyester\/V\u1ea3i t\u1ed5ng h\u1ee3p\/Satin\/Cotton\/V\u1ea3i kh\u00f4ng d\u1ec7t\/PET, v.v.<\/div>\n<\/td>\n<\/tr>\n<tr>\n<td colspan=\"1\" rowspan=\"1\">\n<div class=\"magic-15\"><span class=\"magic-17\">K\u00edch c\u1ee1:<\/span><\/div>\n<\/td>\n<td colspan=\"1\" rowspan=\"1\">\n<div class=\"magic-16\"><span class=\"magic-17\">80*38mm\/60*30mm ho\u1eb7c t\u00f9y ch\u1ec9nh<\/span><\/div>\n<\/td>\n<\/tr>\n<tr>\n<td colspan=\"1\" rowspan=\"1\">\n<div class=\"magic-15\"><span class=\"magic-17\">Ki\u1ec3u:<\/span><\/div>\n<\/td>\n<td colspan=\"1\" rowspan=\"1\">\n<div class=\"magic-16\"><span class=\"magic-17\">Th\u1ee5 \u0111\u1ed9ng, RFID<\/span><\/div>\n<\/td>\n<\/tr>\n<tr>\n<td colspan=\"1\" rowspan=\"1\">\n<div class=\"magic-15\">Giao th\u1ee9c RF:<\/div>\n<\/td>\n<td colspan=\"1\" rowspan=\"1\">\n<div class=\"magic-16\">ISO 18000-6C; EPC L\u1edbp 1 Th\u1ebf h\u1ec7 2<\/div>\n<\/td>\n<\/tr>\n<tr>\n<td colspan=\"1\" rowspan=\"1\">\n<div class=\"magic-15\"><span class=\"magic-17\">T\u00ednh th\u01b0\u1eddng xuy\u00ean:<\/span><\/div>\n<\/td>\n<td colspan=\"1\" rowspan=\"1\">\n<div class=\"magic-16\"><span class=\"magic-17\">860~960MHz<\/span><\/div>\n<\/td>\n<\/tr>\n<tr>\n<td colspan=\"1\" rowspan=\"1\">\n<div class=\"magic-15\">Chip<\/div>\n<\/td>\n<td colspan=\"1\" rowspan=\"1\">\n<div class=\"magic-16\">Higgs ngo\u00e0i h\u00e0nh tinh, Monza 3, Monza 4D, Monza 4QT, Monza R6, Monza R6-P, Impinj M730, Impinj M750, v.v.<\/div>\n<\/td>\n<\/tr>\n<tr>\n<td colspan=\"1\" rowspan=\"1\">\n<div class=\"magic-15\"><span class=\"magic-17\">Kho\u1ea3ng c\u00e1ch \u0111\u1ecdc:<\/span><\/div>\n<\/td>\n<td colspan=\"1\" rowspan=\"1\">\n<div class=\"magic-16\"><span class=\"magic-17\">UHF: 1~10m (t\u00f9y thu\u1ed9c v\u00e0o \u0111\u1ea7u \u0111\u1ecdc v\u00e0 \u0103ng-ten)<\/span><\/div>\n<\/td>\n<\/tr>\n<tr>\n<td colspan=\"1\" rowspan=\"1\">\n<div class=\"magic-15\"><span class=\"magic-17\">C\u00e1ch c\u1ed1 \u0111\u1ecbnh:<\/span><\/div>\n<\/td>\n<td colspan=\"1\" rowspan=\"1\">\n<div class=\"magic-16\"><span class=\"magic-17\">May \/ \u1ee7i<\/span><\/div>\n<\/td>\n<\/tr>\n<tr>\n<td colspan=\"1\" rowspan=\"1\">\n<div class=\"magic-15\"><span class=\"magic-17\">In \u1ea5n:<\/span><\/div>\n<\/td>\n<td colspan=\"1\" rowspan=\"1\">\n<div class=\"magic-16\"><span class=\"magic-17\">In \u1ea5n, M\u00e3 h\u00f3a, S\u1ed1 s\u00ea-ri, Thi\u1ebft k\u1ebf, v.v.<\/span><\/div>\n<\/td>\n<\/tr>\n<tr>\n<td colspan=\"1\" rowspan=\"1\">\n<div class=\"magic-15\"><span class=\"magic-17\">Cu\u1ed9c s\u1ed1ng IC:<\/span><\/div>\n<\/td>\n<td colspan=\"1\" rowspan=\"1\">\n<div class=\"magic-16\" data-spm-anchor-id=\"a2700.details.0.i94.236a58c1ycsfva\"><span class=\"magic-17\">100.000 chu k\u1ef3 l\u1eadp tr\u00ecnh<br \/>\nL\u01b0u gi\u1eef d\u1eef li\u1ec7u 10 n\u0103m<\/span><\/div>\n<\/td>\n<\/tr>\n<tr>\n<td colspan=\"1\" rowspan=\"1\">\n<div class=\"magic-15\"><span class=\"magic-17\">M\u1eabu c\u00f3 s\u1eb5n:<\/span><\/div>\n<\/td>\n<td colspan=\"1\" rowspan=\"1\">\n<div class=\"magic-16\"><span class=\"magic-17\">M\u1eabu mi\u1ec5n ph\u00ed c\u00f3 s\u1eb5n theo y\u00eau c\u1ea7u<\/span><\/div>\n<\/td>\n<\/tr>\n<tr>\n<td colspan=\"1\" rowspan=\"1\">\n<div class=\"magic-15\"><span class=\"magic-17\">\u1ee8ng d\u1ee5ng:\u00a0<\/span><\/div>\n<\/td>\n<td colspan=\"1\" rowspan=\"1\">\n<div class=\"magic-16\"><span class=\"magic-17\">\u00b7 Qu\u1ea3n l\u00fd h\u00e0ng t\u1ed3n kho<br \/>\n\u00b7 Chu\u1ed7i cung \u1ee9ng<br \/>\n\u00b7 B\u00e1n l\u1ebb<\/span><\/div>\n<\/td>\n<\/tr>\n<tr>\n<td colspan=\"1\" rowspan=\"1\">\n<div class=\"magic-15\"><span class=\"magic-17\">S\u1eed d\u1ee5ng<\/span><\/div>\n<\/td>\n<td colspan=\"1\" rowspan=\"1\">\n<div class=\"magic-16\"><span class=\"magic-17\">H\u00e0ng may m\u1eb7c, qu\u1ea7n \u00e1o, t\u00fai x\u00e1ch, gi\u00e0y d\u00e9p, v.v.<\/span><\/div>\n<\/td>\n<\/tr>\n<\/tbody>\n<\/table>\n<\/div>\n<\/div>\n<div class=\"J_module\">\n<div class=\"detail-decorate-json-renderer-container\">\n<div class=\"magic-1\">\n<div class=\"magic-5\">\n<div class=\"magic-6\">\n<div><\/div>\n<\/div>\n<div>\n<div class=\"auto-hide-last-sibling-br paragraph_1252f paragraph-element\">\n<div class=\"auto-hide-last-sibling-br paragraph_1252f paragraph-element\">\n<div class=\"auto-hide-last-sibling-br paragraph_1252f paragraph-element\">\n<div class=\"auto-hide-last-sibling-br paragraph_1252f paragraph-element\">C\u1ee7a ch\u00fang t\u00f4i<strong> Th\u1ebb ch\u0103m s\u00f3c gi\u1eb7t UHF RFID b\u1eb1ng v\u1ea3i<\/strong> l\u00e0 gi\u1ea3i ph\u00e1p mang t\u00ednh c\u00e1ch m\u1ea1ng k\u1ebft h\u1ee3p nh\u00e3n ch\u0103m s\u00f3c qu\u1ea7n \u00e1o truy\u1ec1n th\u1ed1ng v\u1edbi c\u00f4ng ngh\u1ec7 RFID ti\u00ean ti\u1ebfn. \u0110\u01b0\u1ee3c thi\u1ebft k\u1ebf \u0111\u1ec3 tu\u00e2n th\u1ee7 c\u00e1c ti\u00eau chu\u1ea9n ISO18000-6C EPC Class 1 Gen2, c\u00e1c th\u1ebb n\u00e0y bao g\u1ed3m l\u1edbp ph\u1ee7 RFID UHF 860-960 MHz th\u1ee5 \u0111\u1ed9ng.<\/div>\n<p><br class=\"container_e695a wrapper_ad07b undefined\" \/><\/p>\n<div class=\"auto-hide-last-sibling-br paragraph_1252f paragraph-element\"><strong>\u0110i\u1ec3m n\u1ed5i b\u1eadt:<\/strong><\/div>\n<p><br class=\"container_e695a wrapper_ad07b undefined\" \/><\/p>\n<ol class=\"auto-hide-last-sibling-br\">\n<li>Nhi\u1ec1u lo\u1ea1i v\u1eadt li\u1ec7u: Nh\u1eefng th\u1ebb n\u00e0y c\u00f3 th\u1ec3 \u0111\u01b0\u1ee3c l\u00e0m t\u1eeb nhi\u1ec1u lo\u1ea1i v\u1eadt li\u1ec7u, bao g\u1ed3m v\u1ea3i d\u1ec7t \u0111\u1ebfn ruy b\u0103ng, mang l\u1ea1i s\u1ef1 linh ho\u1ea1t trong thi\u1ebft k\u1ebf v\u00e0 s\u1eed d\u1ee5ng.<\/li>\n<li>\u0110\u1ed9 b\u1ec1n: M\u1ed9t \u0111\u1eb7c t\u00ednh c\u01a1 b\u1ea3n c\u1ee7a c\u00e1c th\u1ebb n\u00e0y l\u00e0 kh\u1ea3 n\u0103ng ph\u1ee5c h\u1ed3i. Ch\u00fang c\u00f3 kh\u1ea3 n\u0103ng ch\u1ed1ng \u1ee7i v\u00e0 gi\u1eb7t, \u0111\u1ea3m b\u1ea3o hi\u1ec7u su\u1ea5t v\u00e0 kh\u1ea3 n\u0103ng \u0111\u1ecdc li\u00ean t\u1ee5c, ngay c\u1ea3 sau nhi\u1ec1u chu k\u1ef3 gi\u1eb7t.<\/li>\n<li>In b\u1ec1 m\u1eb7t: Ch\u00fang t\u00f4i c\u00f3 th\u1ec3 in tr\u00ean b\u1ec1 m\u1eb7t c\u1ee7a c\u00e1c nh\u00e3n n\u00e0y cho ph\u00e9p ch\u00fang hi\u1ec3n th\u1ecb th\u00f4ng tin th\u00f4ng th\u01b0\u1eddng nh\u01b0 h\u01b0\u1edbng d\u1eabn ch\u0103m s\u00f3c, k\u00edch th\u01b0\u1edbc, th\u00e0nh ph\u1ea7n v\u1ea3i, t\u00ean th\u01b0\u01a1ng hi\u1ec7u, v.v.<\/li>\n<li>T\u00ednh linh ho\u1ea1t v\u1ec1 k\u00edch th\u01b0\u1edbc v\u00e0 bao b\u00ec: Th\u1ebb ch\u0103m s\u00f3c RFID c\u1ee7a ch\u00fang t\u00f4i c\u00f3 nhi\u1ec1u k\u00edch c\u1ee1 kh\u00e1c nhau \u0111\u1ec3 ph\u00f9 h\u1ee3p v\u1edbi nhi\u1ec1u ki\u1ec3u qu\u1ea7n \u00e1o v\u00e0 nhu c\u1ea7u s\u1eed d\u1ee5ng kh\u00e1c nhau. Ch\u00fang c\u0169ng cung c\u1ea5p c\u00e1c t\u00f9y ch\u1ecdn bao b\u00ec linh ho\u1ea1t cho nhi\u1ec1u \u1ee9ng d\u1ee5ng.<\/li>\n<li>May tr\u00ean qu\u1ea7n \u00e1o: Khi c\u00e1c th\u1ebb RFID n\u00e0y \u0111\u01b0\u1ee3c may tr\u00ean qu\u1ea7n \u00e1o, ch\u00fang s\u1ebd thay th\u1ebf hi\u1ec7u qu\u1ea3 c\u00e1c nh\u00e3n gi\u1eb7t th\u00f4ng th\u01b0\u1eddng. Ch\u00fang s\u1ebd \u0111\u01b0\u1ee3c g\u1eafn ch\u1eb7t v\u00e0o qu\u1ea7n \u00e1o trong su\u1ed1t th\u1eddi gian s\u1eed d\u1ee5ng, cung c\u1ea5p kh\u1ea3 n\u0103ng theo d\u00f5i v\u00e0 qu\u1ea3n l\u00fd hi\u1ec7u qu\u1ea3 l\u00e2u d\u00e0i.<\/li>\n<\/ol>\n<p><br class=\"container_e695a wrapper_ad07b undefined\" \/><\/p>\n<div class=\"auto-hide-last-sibling-br paragraph_1252f paragraph-element\"><strong>Thu\u1eadn l\u1ee3i:<\/strong><\/div>\n<p><br class=\"container_e695a wrapper_ad07b undefined\" \/><\/p>\n<ul class=\"auto-hide-last-sibling-br\">\n<li>Ch\u00fang t\u00f4i c\u00f3 kinh nghi\u1ec7m s\u00e2u r\u1ed9ng trong s\u1ea3n xu\u1ea5t RFID, \u0111\u1ea3m b\u1ea3o cung c\u1ea5p c\u00e1c gi\u1ea3i ph\u00e1p s\u1ea3n ph\u1ea9m ph\u00f9 h\u1ee3p cho kh\u00e1ch h\u00e0ng.<\/li>\n<li>Ch\u00fang t\u00f4i cam k\u1ebft th\u1ef1c hi\u1ec7n \u0111\u01a1n h\u00e0ng nhanh ch\u00f3ng, ngay c\u1ea3 \u0111\u1ed1i v\u1edbi nh\u1eefng \u0111\u01a1n h\u00e0ng c\u00f3 s\u1ed1 l\u01b0\u1ee3ng l\u1edbn.<\/li>\n<li>Ch\u00fang t\u00f4i l\u00e0 chuy\u00ean gia trong vi\u1ec7c qu\u1ea3n l\u00fd c\u00e1c quy tr\u00ecnh d\u1eef li\u1ec7u bi\u1ebfn \u0111\u1ed5i, bao g\u1ed3m m\u00e3 QR, m\u00e3 v\u1ea1ch, \u0111\u00e1nh s\u1ed1 tu\u1ea7n t\u1ef1 v\u00e0 m\u00e3 h\u00f3a chip.<\/li>\n<li>Ch\u00fang t\u00f4i \u0111\u00e1p \u1ee9ng c\u00e1c y\u00eau c\u1ea7u ri\u00eang bi\u1ec7t c\u1ee7a kh\u00e1ch h\u00e0ng, cung c\u1ea5p nhi\u1ec1u lo\u1ea1i nh\u00e3n ch\u0103m s\u00f3c RFID t\u1eeb v\u1ea3i satin si\u00eau m\u1ec1m v\u00e0 v\u1ea3i nylon b\u1ec1n ch\u1eafc \u0111\u1ebfn v\u1ea3i taffeta b\u00f3ng, l\u1ee5a sang tr\u1ecdng v\u00e0 th\u1eadm ch\u00ed c\u1ea3 nh\u00e3n gi\u1eb7t ch\u1ed1ng th\u1ea5m n\u01b0\u1edbc.<\/li>\n<\/ul>\n<\/div>\n<\/div>\n<p>&nbsp;<\/p>\n<\/div>\n<\/div>\n<div class=\"magic-6\">\n<div><\/div>\n<\/div>\n<\/div>\n<\/div>\n<\/div>\n<\/div>","protected":false},"excerpt":{"rendered":"<p>Th\u1ebb ch\u0103m s\u00f3c gi\u1eb7t RFID UHF b\u1eb1ng v\u1ea3i \u0111\u01b0\u1ee3c thi\u1ebft k\u1ebf \u0111\u1ec3 t\u1ed3n t\u1ea1i trong su\u1ed1t v\u00f2ng \u0111\u1eddi c\u1ee7a m\u1ed9t s\u1ea3n ph\u1ea9m may m\u1eb7c, cung c\u1ea5p kh\u1ea3 n\u0103ng theo d\u00f5i hi\u1ec7u qu\u1ea3 t\u1eebng m\u1eb7t h\u00e0ng t\u1eeb kh\u00e2u s\u1ea3n xu\u1ea5t \u0111\u1ebfn l\u01b0u kho, b\u00e1n h\u00e0ng v\u00e0 th\u1eadm ch\u00ed c\u00f3 th\u1ec3 l\u00e0 sau khi b\u00e1n. Kh\u1ea3 n\u0103ng ch\u1ed1ng ch\u1ecbu tuy\u1ec7t v\u1eddi v\u1edbi c\u00e1c chu k\u1ef3 gi\u1eb7t, \u1ee7i v\u00e0 hao m\u00f2n h\u00e0ng ng\u00e0y khi\u1ebfn nh\u1eefng nh\u00e3n RFID n\u00e0y tr\u1edf th\u00e0nh gi\u1ea3i ph\u00e1p m\u1ea1nh m\u1ebd cho nh\u1eefng th\u00e1ch th\u1ee9c v\u1ec1 h\u00e0ng t\u1ed3n kho truy\u1ec1n th\u1ed1ng.<\/p>","protected":false},"featured_media":184,"template":"","meta":{"_kad_post_transparent":"default","_kad_post_title":"","_kad_post_layout":"default","_kad_post_sidebar_id":"","_kad_post_content_style":"default","_kad_post_vertical_padding":"default","_kad_post_feature":"","_kad_post_feature_position":"","_kad_post_header":false,"_kad_post_footer":false,"_kad_post_classname":""},"product_brand":[],"product_cat":[81],"product_tag":[87,85,83],"class_list":{"0":"post-183","1":"product","2":"type-product","3":"status-publish","4":"has-post-thumbnail","6":"product_cat-rfid-wash-care-clothing-label","7":"product_tag-fabric-uhf-rfid-wash-care-tag","8":"product_tag-laundry-rfid-wash-care-label","9":"product_tag-rfid-wash-care-label","11":"first","12":"instock","13":"shipping-taxable","14":"product-type-simple","15":"entry","16":"content-bg","17":"loop-entry"},"_links":{"self":[{"href":"https:\/\/rfid-laundry-tag.com\/vi\/wp-json\/wp\/v2\/product\/183","targetHints":{"allow":["GET"]}}],"collection":[{"href":"https:\/\/rfid-laundry-tag.com\/vi\/wp-json\/wp\/v2\/product"}],"about":[{"href":"https:\/\/rfid-laundry-tag.com\/vi\/wp-json\/wp\/v2\/types\/product"}],"version-history":[{"count":0,"href":"https:\/\/rfid-laundry-tag.com\/vi\/wp-json\/wp\/v2\/product\/183\/revisions"}],"wp:featuredmedia":[{"embeddable":true,"href":"https:\/\/rfid-laundry-tag.com\/vi\/wp-json\/wp\/v2\/media\/184"}],"wp:attachment":[{"href":"https:\/\/rfid-laundry-tag.com\/vi\/wp-json\/wp\/v2\/media?parent=183"}],"wp:term":[{"taxonomy":"product_brand","embeddable":true,"href":"https:\/\/rfid-laundry-tag.com\/vi\/wp-json\/wp\/v2\/product_brand?post=183"},{"taxonomy":"product_cat","embeddable":true,"href":"https:\/\/rfid-laundry-tag.com\/vi\/wp-json\/wp\/v2\/product_cat?post=183"},{"taxonomy":"product_tag","embeddable":true,"href":"https:\/\/rfid-laundry-tag.com\/vi\/wp-json\/wp\/v2\/product_tag?post=183"}],"curies":[{"name":"wp","href":"https:\/\/api.w.org\/{rel}","templated":true}]}}