{"id":181,"date":"2024-06-15T17:00:44","date_gmt":"2024-06-15T17:00:44","guid":{"rendered":"https:\/\/rfid-laundry-tag.com\/?post_type=product&#038;p=181"},"modified":"2024-08-14T15:40:24","modified_gmt":"2024-08-14T15:40:24","slug":"satin-uhf-rfid-wash-label","status":"publish","type":"product","link":"https:\/\/rfid-laundry-tag.com\/vi\/satin-uhf-rfid-wash-label\/","title":{"rendered":"Nh\u00e3n r\u1eeda RFID UHF Satin"},"content":{"rendered":"<div class=\"J_module\">\n<div class=\"ife-detail-decorate-table\">\n<table class=\"hight-light-first-column all magic-14\">\n<tbody>\n<tr>\n<td colspan=\"1\" rowspan=\"1\">\n<div class=\"magic-15\" data-spm-anchor-id=\"a2700.details.0.i95.236a58c1ycsfva\">T\u00ean s\u1ea3n xu\u1ea5t:<\/div>\n<\/td>\n<td colspan=\"1\" rowspan=\"1\">\n<div class=\"magic-16\">Nh\u00e3n r\u1eeda RFID UHF Satin<\/div>\n<\/td>\n<\/tr>\n<tr>\n<td colspan=\"1\" rowspan=\"1\">\n<div class=\"magic-15\"><span class=\"magic-17\">V\u1eadt li\u1ec7u:<\/span><\/div>\n<\/td>\n<td colspan=\"1\" rowspan=\"1\">\n<div class=\"magic-16\">Polyester\/V\u1ea3i t\u1ed5ng h\u1ee3p\/Satin\/Cotton\/V\u1ea3i kh\u00f4ng d\u1ec7t\/PET, v.v.<\/div>\n<\/td>\n<\/tr>\n<tr>\n<td colspan=\"1\" rowspan=\"1\">\n<div class=\"magic-15\"><span class=\"magic-17\">K\u00edch c\u1ee1:<\/span><\/div>\n<\/td>\n<td colspan=\"1\" rowspan=\"1\">\n<div class=\"magic-16\"><span class=\"magic-17\">80*38mm\/60*30mm ho\u1eb7c t\u00f9y ch\u1ec9nh<\/span><\/div>\n<\/td>\n<\/tr>\n<tr>\n<td colspan=\"1\" rowspan=\"1\">\n<div class=\"magic-15\"><span class=\"magic-17\">Ki\u1ec3u:<\/span><\/div>\n<\/td>\n<td colspan=\"1\" rowspan=\"1\">\n<div class=\"magic-16\"><span class=\"magic-17\">Th\u1ee5 \u0111\u1ed9ng, RFID<\/span><\/div>\n<\/td>\n<\/tr>\n<tr>\n<td colspan=\"1\" rowspan=\"1\">\n<div class=\"magic-15\">Giao th\u1ee9c RF:<\/div>\n<\/td>\n<td colspan=\"1\" rowspan=\"1\">\n<div class=\"magic-16\">ISO 18000-6C; EPC L\u1edbp 1 Th\u1ebf h\u1ec7 2<\/div>\n<\/td>\n<\/tr>\n<tr>\n<td colspan=\"1\" rowspan=\"1\">\n<div class=\"magic-15\"><span class=\"magic-17\">T\u00ednh th\u01b0\u1eddng xuy\u00ean:<\/span><\/div>\n<\/td>\n<td colspan=\"1\" rowspan=\"1\">\n<div class=\"magic-16\"><span class=\"magic-17\">860~960MHz<\/span><\/div>\n<\/td>\n<\/tr>\n<tr>\n<td colspan=\"1\" rowspan=\"1\">\n<div class=\"magic-15\">Chip<\/div>\n<\/td>\n<td colspan=\"1\" rowspan=\"1\">\n<div class=\"magic-16\">Higgs ngo\u00e0i h\u00e0nh tinh, Monza 3, Monza 4D, Monza 4QT, Monza R6, Monza R6-P, Impinj M730, Impinj M750, v.v.<\/div>\n<\/td>\n<\/tr>\n<tr>\n<td colspan=\"1\" rowspan=\"1\">\n<div class=\"magic-15\"><span class=\"magic-17\">Kho\u1ea3ng c\u00e1ch \u0111\u1ecdc:<\/span><\/div>\n<\/td>\n<td colspan=\"1\" rowspan=\"1\">\n<div class=\"magic-16\"><span class=\"magic-17\">UHF: 1~10m (t\u00f9y thu\u1ed9c v\u00e0o \u0111\u1ea7u \u0111\u1ecdc v\u00e0 \u0103ng-ten)<\/span><\/div>\n<\/td>\n<\/tr>\n<tr>\n<td colspan=\"1\" rowspan=\"1\">\n<div class=\"magic-15\"><span class=\"magic-17\">C\u00e1ch c\u1ed1 \u0111\u1ecbnh:<\/span><\/div>\n<\/td>\n<td colspan=\"1\" rowspan=\"1\">\n<div class=\"magic-16\"><span class=\"magic-17\">May \/ \u1ee7i<\/span><\/div>\n<\/td>\n<\/tr>\n<tr>\n<td colspan=\"1\" rowspan=\"1\">\n<div class=\"magic-15\"><span class=\"magic-17\">In \u1ea5n:<\/span><\/div>\n<\/td>\n<td colspan=\"1\" rowspan=\"1\">\n<div class=\"magic-16\"><span class=\"magic-17\">In \u1ea5n, M\u00e3 h\u00f3a, S\u1ed1 s\u00ea-ri, Thi\u1ebft k\u1ebf, v.v.<\/span><\/div>\n<\/td>\n<\/tr>\n<tr>\n<td colspan=\"1\" rowspan=\"1\">\n<div class=\"magic-15\"><span class=\"magic-17\">Cu\u1ed9c s\u1ed1ng IC:<\/span><\/div>\n<\/td>\n<td colspan=\"1\" rowspan=\"1\">\n<div class=\"magic-16\" data-spm-anchor-id=\"a2700.details.0.i94.236a58c1ycsfva\"><span class=\"magic-17\">100.000 chu k\u1ef3 l\u1eadp tr\u00ecnh<br \/>\nL\u01b0u gi\u1eef d\u1eef li\u1ec7u 10 n\u0103m<\/span><\/div>\n<\/td>\n<\/tr>\n<tr>\n<td colspan=\"1\" rowspan=\"1\">\n<div class=\"magic-15\"><span class=\"magic-17\">M\u1eabu c\u00f3 s\u1eb5n:<\/span><\/div>\n<\/td>\n<td colspan=\"1\" rowspan=\"1\">\n<div class=\"magic-16\"><span class=\"magic-17\">M\u1eabu mi\u1ec5n ph\u00ed c\u00f3 s\u1eb5n theo y\u00eau c\u1ea7u<\/span><\/div>\n<\/td>\n<\/tr>\n<tr>\n<td colspan=\"1\" rowspan=\"1\">\n<div class=\"magic-15\"><span class=\"magic-17\">\u1ee8ng d\u1ee5ng:\u00a0<\/span><\/div>\n<\/td>\n<td colspan=\"1\" rowspan=\"1\">\n<div class=\"magic-16\"><span class=\"magic-17\">\u00b7 Qu\u1ea3n l\u00fd h\u00e0ng t\u1ed3n kho<br \/>\n\u00b7 Chu\u1ed7i cung \u1ee9ng<br \/>\n\u00b7 B\u00e1n l\u1ebb<\/span><\/div>\n<\/td>\n<\/tr>\n<tr>\n<td colspan=\"1\" rowspan=\"1\">\n<div class=\"magic-15\"><span class=\"magic-17\">S\u1eed d\u1ee5ng<\/span><\/div>\n<\/td>\n<td colspan=\"1\" rowspan=\"1\">\n<div class=\"magic-16\"><span class=\"magic-17\">H\u00e0ng may m\u1eb7c, qu\u1ea7n \u00e1o, t\u00fai x\u00e1ch, gi\u00e0y d\u00e9p, v.v.<\/span><\/div>\n<\/td>\n<\/tr>\n<\/tbody>\n<\/table>\n<\/div>\n<\/div>\n<div class=\"J_module\">\n<div class=\"detail-decorate-json-renderer-container\">\n<div class=\"magic-1\">\n<div class=\"magic-5\">\n<div class=\"magic-6\">\n<div><\/div>\n<\/div>\n<div>\n<div class=\"auto-hide-last-sibling-br paragraph_1252f paragraph-element\">\n<div class=\"auto-hide-last-sibling-br paragraph_1252f paragraph-element\">\n<div class=\"auto-hide-last-sibling-br paragraph_1252f paragraph-element\">Nh\u00e3n gi\u1eb7t RFID UHF Satin l\u00e0 m\u1ed9t s\u00e1ng ki\u1ebfn \u0111\u1ed9t ph\u00e1 mang \u0111\u1ebfn nh\u1eefng \u0111i\u1ec1u t\u1ed1t nh\u1ea5t c\u1ee7a c\u1ea3 hai th\u1ebf gi\u1edbi: nh\u00e3n ch\u0103m s\u00f3c qu\u1ea7n \u00e1o th\u00f4ng th\u01b0\u1eddng v\u00e0 c\u00f4ng ngh\u1ec7 RFID ti\u00ean ti\u1ebfn. Nh\u1eefng nh\u00e3n n\u00e0y \u0111\u01b0\u1ee3c thi\u1ebft k\u1ebf \u0111\u1ec3 tu\u00e2n th\u1ee7 c\u00e1c ti\u00eau chu\u1ea9n ISO18000-6C EPC Class 1 Gen2 v\u00e0 bao b\u1ecdc m\u1ed9t l\u1edbp RFID th\u1ee5 \u0111\u1ed9ng UHF 860-960 MHz.<\/div>\n<div><\/div>\n<div class=\"auto-hide-last-sibling-br paragraph_1252f paragraph-element\"><strong>C\u00e1c t\u00ednh n\u0103ng ch\u00ednh c\u1ee7a Nh\u00e3n ch\u0103m s\u00f3c RFID:<\/strong><\/div>\n<ol class=\"auto-hide-last-sibling-br\">\n<li>\n<div class=\"auto-hide-last-sibling-br paragraph_1252f paragraph-element\"><strong>S\u1ef1 \u0111a d\u1ea1ng v\u1ec1 v\u1eadt li\u1ec7u:<\/strong>\u00a0Nh\u1eefng nh\u00e3n ch\u0103m s\u00f3c n\u00e0y c\u00f3 th\u1ec3 \u0111\u01b0\u1ee3c l\u00e0m t\u1eeb nhi\u1ec1u lo\u1ea1i v\u1eadt li\u1ec7u kh\u00e1c nhau, t\u1eeb v\u1ea3i d\u1ec7t \u0111\u1ebfn ruy b\u0103ng, mang l\u1ea1i s\u1ef1 linh ho\u1ea1t trong thi\u1ebft k\u1ebf v\u00e0 \u1ee9ng d\u1ee5ng.<\/div>\n<\/li>\n<li>\n<div class=\"auto-hide-last-sibling-br paragraph_1252f paragraph-element\"><strong>\u0110\u1ed9 b\u1ec1n:<\/strong>\u00a0M\u1ed9t \u0111\u1eb7c \u0111i\u1ec3m x\u00e1c \u0111\u1ecbnh c\u1ee7a c\u00e1c nh\u00e3n ch\u0103m s\u00f3c n\u00e0y l\u00e0 kh\u1ea3 n\u0103ng ph\u1ee5c h\u1ed3i c\u1ee7a ch\u00fang. Ch\u00fang c\u00f3 \u0111\u1eb7c t\u00ednh ch\u1ed1ng s\u1eaft v\u00e0 ch\u1ed1ng gi\u1eb7t, \u0111\u1ea3m b\u1ea3o ch\u00fang duy tr\u00ec hi\u1ec7u su\u1ea5t v\u00e0 kh\u1ea3 n\u0103ng \u0111\u1ecdc, ngay c\u1ea3 sau c\u00e1c chu k\u1ef3 gi\u1eb7t m\u1ea1nh.<\/div>\n<\/li>\n<li>\n<div class=\"auto-hide-last-sibling-br paragraph_1252f paragraph-element\"><strong>In b\u1ec1 m\u1eb7t:<\/strong>\u00a0Nh\u1eefng nh\u00e3n n\u00e0y c\u0169ng c\u00f3 th\u1ec3 h\u1ed7 tr\u1ee3 in b\u1ec1 m\u1eb7t, cho ph\u00e9p \u0111\u01b0a v\u00e0o nh\u1eefng th\u00f4ng tin truy\u1ec1n th\u1ed1ng th\u01b0\u1eddng th\u1ea5y tr\u00ean nh\u00e3n qu\u1ea7n \u00e1o, ch\u1eb3ng h\u1ea1n nh\u01b0 h\u01b0\u1edbng d\u1eabn ch\u0103m s\u00f3c, k\u00edch th\u01b0\u1edbc, th\u00e0nh ph\u1ea7n ch\u1ea5t li\u1ec7u, t\u00ean th\u01b0\u01a1ng hi\u1ec7u, v.v.<\/div>\n<\/li>\n<li>\n<div class=\"auto-hide-last-sibling-br paragraph_1252f paragraph-element\"><strong>T\u00ednh linh ho\u1ea1t v\u1ec1 k\u00edch th\u01b0\u1edbc v\u00e0 bao b\u00ec:<\/strong>\u00a0Nh\u00e3n ch\u0103m s\u00f3c RFID c\u00f3 nhi\u1ec1u k\u00edch c\u1ee1 kh\u00e1c nhau \u0111\u1ec3 ph\u00f9 h\u1ee3p v\u1edbi c\u00e1c m\u1eb7t h\u00e0ng qu\u1ea7n \u00e1o v\u00e0 nhu c\u1ea7u s\u1eed d\u1ee5ng kh\u00e1c nhau. Ngo\u00e0i ra, ch\u00fang c\u00f2n cung c\u1ea5p v\u1eadt li\u1ec7u \u0111\u00f3ng g\u00f3i linh ho\u1ea1t cho nhi\u1ec1u \u1ee9ng d\u1ee5ng kh\u00e1c nhau.<\/div>\n<\/li>\n<li>\n<div class=\"auto-hide-last-sibling-br paragraph_1252f paragraph-element\"><strong>May qu\u1ea7n \u00e1o:<\/strong>\u00a0Cu\u1ed1i c\u00f9ng, m\u1ed9t khi c\u00e1c nh\u00e3n RFID n\u00e0y \u0111\u01b0\u1ee3c kh\u00e2u v\u00e0o qu\u1ea7n \u00e1o, ch\u00fang c\u00f3 th\u1ec3 thay th\u1ebf hi\u1ec7u qu\u1ea3 c\u00e1c nh\u00e3n gi\u1eb7t th\u00f4ng th\u01b0\u1eddng. Ch\u00fang s\u1ebd b\u00e1m ch\u1eb7t v\u00e0o qu\u1ea7n \u00e1o mi\u1ec5n l\u00e0 ch\u00fang c\u00f2n b\u1ec1n, cho ph\u00e9p theo d\u00f5i v\u00e0 qu\u1ea3n l\u00fd hi\u1ec7u qu\u1ea3 trong th\u1eddi gian d\u00e0i.<\/div>\n<\/li>\n<\/ol>\n<div class=\"auto-hide-last-sibling-br paragraph_1252f paragraph-element\"><strong>Nh\u1eefng l\u1ee3i \u00edch:<\/strong><br class=\"container_e695a wrapper_ad07b undefined\" \/>Chuy\u00ean m\u00f4n to\u00e0n di\u1ec7n c\u1ee7a ch\u00fang t\u00f4i trong s\u1ea3n xu\u1ea5t RFID \u0111\u1ea3m b\u1ea3o c\u00e1c gi\u1ea3i ph\u00e1p s\u1ea3n ph\u1ea9m t\u00f9y ch\u1ec9nh cho kh\u00e1ch h\u00e0ng.<br class=\"container_e695a wrapper_ad07b undefined\" \/>Ch\u00fang t\u00f4i \u0111\u1ea3m b\u1ea3o ho\u00e0n th\u00e0nh \u0111\u01a1n h\u00e0ng nhanh ch\u00f3ng, ngay c\u1ea3 \u0111\u1ed1i v\u1edbi nh\u1eefng y\u00eau c\u1ea7u s\u1ed1 l\u01b0\u1ee3ng l\u1edbn.<br class=\"container_e695a wrapper_ad07b undefined\" \/>Ch\u00fang t\u00f4i chuy\u00ean x\u1eed l\u00fd c\u00e1c quy tr\u00ecnh d\u1eef li\u1ec7u bi\u1ebfn \u0111\u1ed5i, bao g\u1ed3m m\u00e3 QR, m\u00e3 v\u1ea1ch, \u0111\u00e1nh s\u1ed1 tu\u1ea7n t\u1ef1 v\u00e0 m\u00e3 h\u00f3a chip, c\u00f9ng nhi\u1ec1u quy tr\u00ecnh kh\u00e1c.<br class=\"container_e695a wrapper_ad07b undefined\" \/>Ch\u00fang t\u00f4i \u0111\u01b0\u1ee3c trang b\u1ecb \u0111\u1ec3 \u0111\u00e1p \u1ee9ng nhu c\u1ea7u ri\u00eang bi\u1ec7t c\u1ee7a kh\u00e1ch h\u00e0ng, cung c\u1ea5p nhi\u1ec1u lo\u1ea1i nh\u00e3n ch\u0103m s\u00f3c RFID. C\u00e1c s\u1ea3n ph\u1ea9m c\u1ee7a ch\u00fang t\u00f4i bao g\u1ed3m t\u1eeb nh\u00e3n ch\u0103m s\u00f3c RFID satin si\u00eau m\u1ec1m v\u00e0 nh\u00e3n ch\u0103m s\u00f3c RFID nylon ch\u1eafc ch\u1eafn, \u0111\u1ebfn nh\u00e3n ch\u0103m s\u00f3c RFID taffeta b\u00f3ng, nh\u00e3n ch\u0103m s\u00f3c RFID l\u1ee5a sang tr\u1ecdng v\u00e0 th\u1eadm ch\u00ed c\u1ea3 nh\u00e3n ch\u0103m s\u00f3c gi\u1eb7t ch\u1ed1ng th\u1ea5m n\u01b0\u1edbc.<\/div>\n<\/div>\n<p>&nbsp;<\/p>\n<\/div>\n<\/div>\n<div class=\"magic-6\">\n<div><\/div>\n<\/div>\n<\/div>\n<\/div>\n<\/div>\n<\/div>","protected":false},"excerpt":{"rendered":"<p>Nh\u00e3n gi\u1eb7t RFID UHF Satin \u0111\u01b0\u1ee3c thi\u1ebft k\u1ebf \u0111\u1ec3 s\u1eed d\u1ee5ng trong su\u1ed1t v\u00f2ng \u0111\u1eddi c\u1ee7a s\u1ea3n ph\u1ea9m may m\u1eb7c, gi\u00fap theo d\u00f5i t\u1ed1i \u01b0u t\u1eebng s\u1ea3n ph\u1ea9m t\u1eeb khi s\u1ea3n xu\u1ea5t \u0111\u1ebfn khi l\u01b0u kho v\u00e0 b\u00e1n, v\u00e0 th\u1eadm ch\u00ed c\u00f3 th\u1ec3 theo d\u00f5i sau khi mua h\u00e0ng.<\/p>","protected":false},"featured_media":182,"template":"","meta":{"_kad_post_transparent":"default","_kad_post_title":"","_kad_post_layout":"default","_kad_post_sidebar_id":"","_kad_post_content_style":"default","_kad_post_vertical_padding":"default","_kad_post_feature":"","_kad_post_feature_position":"","_kad_post_header":false,"_kad_post_footer":false,"_kad_post_classname":""},"product_brand":[],"product_cat":[81],"product_tag":[85,83,86],"class_list":{"0":"post-181","1":"product","2":"type-product","3":"status-publish","4":"has-post-thumbnail","6":"product_cat-rfid-wash-care-clothing-label","7":"product_tag-laundry-rfid-wash-care-label","8":"product_tag-rfid-wash-care-label","9":"product_tag-satin-uhf-rfid-wash-label","11":"first","12":"instock","13":"shipping-taxable","14":"product-type-simple","15":"entry","16":"content-bg","17":"loop-entry"},"_links":{"self":[{"href":"https:\/\/rfid-laundry-tag.com\/vi\/wp-json\/wp\/v2\/product\/181","targetHints":{"allow":["GET"]}}],"collection":[{"href":"https:\/\/rfid-laundry-tag.com\/vi\/wp-json\/wp\/v2\/product"}],"about":[{"href":"https:\/\/rfid-laundry-tag.com\/vi\/wp-json\/wp\/v2\/types\/product"}],"version-history":[{"count":1,"href":"https:\/\/rfid-laundry-tag.com\/vi\/wp-json\/wp\/v2\/product\/181\/revisions"}],"predecessor-version":[{"id":1298,"href":"https:\/\/rfid-laundry-tag.com\/vi\/wp-json\/wp\/v2\/product\/181\/revisions\/1298"}],"wp:featuredmedia":[{"embeddable":true,"href":"https:\/\/rfid-laundry-tag.com\/vi\/wp-json\/wp\/v2\/media\/182"}],"wp:attachment":[{"href":"https:\/\/rfid-laundry-tag.com\/vi\/wp-json\/wp\/v2\/media?parent=181"}],"wp:term":[{"taxonomy":"product_brand","embeddable":true,"href":"https:\/\/rfid-laundry-tag.com\/vi\/wp-json\/wp\/v2\/product_brand?post=181"},{"taxonomy":"product_cat","embeddable":true,"href":"https:\/\/rfid-laundry-tag.com\/vi\/wp-json\/wp\/v2\/product_cat?post=181"},{"taxonomy":"product_tag","embeddable":true,"href":"https:\/\/rfid-laundry-tag.com\/vi\/wp-json\/wp\/v2\/product_tag?post=181"}],"curies":[{"name":"wp","href":"https:\/\/api.w.org\/{rel}","templated":true}]}}