{"id":1785,"date":"2024-09-02T08:15:43","date_gmt":"2024-09-02T08:15:43","guid":{"rendered":"https:\/\/rfid-laundry-tag.com\/?post_type=product&#038;p=1785"},"modified":"2024-09-08T04:11:02","modified_gmt":"2024-09-08T04:11:02","slug":"uhf-rfid-label-tag-led-flash-light-location-for-library-management","status":"publish","type":"product","link":"https:\/\/rfid-laundry-tag.com\/vi\/uhf-rfid-label-tag-led-flash-light-location-for-library-management\/","title":{"rendered":"Th\u1ebb nh\u00e3n RFID UHF \u0110\u00e8n flash LED V\u1ecb tr\u00ed \u0111\u00e8n cho qu\u1ea3n l\u00fd th\u01b0 vi\u1ec7n"},"content":{"rendered":"<div data-elementor-type=\"product-post\" data-elementor-id=\"1785\" class=\"elementor elementor-1785\" data-elementor-settings=\"{&quot;ha_cmc_init_switcher&quot;:&quot;no&quot;}\" data-elementor-post-type=\"product\">\n\t\t\t\t<div class=\"elementor-element elementor-element-1c13a178 e-flex e-con-boxed e-con e-parent\" data-id=\"1c13a178\" data-element_type=\"container\" data-e-type=\"container\" data-settings=\"{&quot;_ha_eqh_enable&quot;:false}\">\n\t\t\t\t\t<div class=\"e-con-inner\">\n\t\t\t\t<div class=\"elementor-element elementor-element-7e836d6a elementor-widget elementor-widget-text-editor\" data-id=\"7e836d6a\" data-element_type=\"widget\" data-e-type=\"widget\" data-widget_type=\"text-editor.default\">\n\t\t\t\t<div class=\"elementor-widget-container\">\n\t\t\t\t\t\t\t\t\t<p><span style=\"color: #000000;\">Th\u1ebb nh\u00e3n RFID UHF \u0110\u00e8n LED Flash Light l\u00e0 gi\u1ea3i ph\u00e1p s\u00e1ng t\u1ea1o k\u1ebft h\u1ee3p s\u1ee9c m\u1ea1nh c\u1ee7a c\u00f4ng ngh\u1ec7 RFID v\u1edbi \u0111\u00e8n LED ch\u1ec9 b\u00e1o tr\u1ef1c quan, n\u00e2ng cao hi\u1ec7u qu\u1ea3 qu\u1ea3n l\u00fd h\u00e0ng t\u1ed3n kho v\u00e0 t\u00e0i s\u1ea3n. Nh\u1eefng nh\u00e3n n\u00e0y c\u00f3 th\u1ec3 t\u00f9y ch\u1ec9nh ho\u00e0n to\u00e0n, cho ph\u00e9p b\u1ea1n ch\u1ecdn k\u00edch th\u01b0\u1edbc, m\u00e0u \u0111\u00e8n LED v\u00e0 nhi\u1ec1u h\u01a1n n\u1eefa \u0111\u1ec3 ph\u00f9 h\u1ee3p v\u1edbi y\u00eau c\u1ea7u c\u1ee5 th\u1ec3 c\u1ee7a b\u1ea1n. V\u1edbi c\u00e1c k\u00edch th\u01b0\u1edbc c\u00f3 s\u1eb5n l\u00e0 18x75mm v\u00e0 14x96mm, c\u00f9ng \u0111\u1ed9 d\u00e0y ch\u1ec9 0,2mm, nh\u1eefng nh\u00e3n n\u00e0y \u0111\u01b0\u1ee3c ch\u1ebf t\u1ea1o t\u1eeb v\u1eadt li\u1ec7u PET ch\u1eafc ch\u1eafn, \u0111\u1ea3m b\u1ea3o \u0111\u1ed9 b\u1ec1n ngay c\u1ea3 trong m\u00f4i tr\u01b0\u1eddng kh\u1eafc nghi\u1ec7t.<\/span><\/p><p><span style=\"color: #000000;\">Ho\u1ea1t \u0111\u1ed9ng trong d\u1ea3i t\u1ea7n s\u1ed1 900-928MHz, c\u00e1c nh\u00e3n n\u00e0y cung c\u1ea5p hi\u1ec7u su\u1ea5t t\u1ed1i \u01b0u, khi\u1ebfn ch\u00fang tr\u1edf n\u00ean l\u00fd t\u01b0\u1edfng cho nhi\u1ec1u ng\u00e0nh c\u00f4ng nghi\u1ec7p kh\u00e1c nhau. C\u00e1c th\u00f4ng s\u1ed1 k\u1ef9 thu\u1eadt b\u1ed9 nh\u1edb bao g\u1ed3m TID 96 bit, EPC 160 bit v\u00e0 USER 1312 bit, cung c\u1ea5p kh\u1ea3 n\u0103ng l\u01b0u tr\u1eef d\u1eef li\u1ec7u d\u1ed3i d\u00e0o cho m\u1ee5c \u0111\u00edch theo d\u00f5i v\u00e0 nh\u1eadn d\u1ea1ng. \u0110\u01b0\u1ee3c thi\u1ebft k\u1ebf \u0111\u1ec3 ch\u1ecbu \u0111\u01b0\u1ee3c nhi\u1ec7t \u0111\u1ed9 ho\u1ea1t \u0111\u1ed9ng t\u1eeb -20\u00b0C \u0111\u1ebfn 70\u00b0C, \u0110\u00e8n LED Flash Tag RFID UHF n\u00e0y ph\u00f9 h\u1ee3p v\u1edbi nhi\u1ec1u \u1ee9ng d\u1ee5ng, bao g\u1ed3m theo d\u00f5i t\u00e0i s\u1ea3n, qu\u1ea3n l\u00fd h\u00e0ng t\u1ed3n kho, v.v.<\/span><\/p><table class=\"all magic-10\"><tbody><tr><td colspan=\"1\" rowspan=\"1\"><div class=\"magic-11\" data-spm-anchor-id=\"a2700.details.0.i38.105812c6mFAirA\"><span style=\"color: #000000;\">Chip<\/span><\/div><\/td><td colspan=\"1\" rowspan=\"1\"><div class=\"magic-12\"><span style=\"color: #000000;\">T\u00f9y ch\u1ec9nh<\/span><\/div><\/td><\/tr><tr><td colspan=\"1\" rowspan=\"1\"><div class=\"magic-11\" data-spm-anchor-id=\"a2700.details.0.i47.105812c6mFAirA\"><span style=\"color: #000000;\">K\u00edch th\u01b0\u1edbc<\/span><\/div><\/td><td colspan=\"1\" rowspan=\"1\"><div class=\"magic-12\"><span style=\"color: #000000;\">18*75mm, 14*96mm,100*10mm<\/span><\/div><\/td><\/tr><tr><td colspan=\"1\" rowspan=\"1\"><div class=\"magic-11\"><span style=\"color: #000000;\">\u0110\u1ed9 d\u00e0y<\/span><\/div><\/td><td colspan=\"1\" rowspan=\"1\"><div class=\"magic-12\"><span style=\"color: #000000;\">0,2mm<\/span><\/div><\/td><\/tr><tr><td colspan=\"1\" rowspan=\"1\"><div class=\"magic-11\"><span style=\"color: #000000;\">V\u1eadt li\u1ec7u<\/span><\/div><\/td><td colspan=\"1\" rowspan=\"1\"><div class=\"magic-12\"><span style=\"color: #000000;\">TH\u00da C\u01afNG<\/span><\/div><\/td><\/tr><tr><td colspan=\"1\" rowspan=\"1\"><div class=\"magic-11\"><span style=\"color: #000000;\">X\u1ebfp h\u1ea1ng IP<\/span><\/div><\/td><td colspan=\"1\" rowspan=\"1\"><div class=\"magic-12\"><span style=\"color: #000000;\">Kh\u00f4ng c\u00f3<\/span><\/div><\/td><\/tr><tr><td colspan=\"1\" rowspan=\"1\"><div class=\"magic-11\"><span style=\"color: #000000;\">Nhi\u1ec7t \u0111\u1ed9 \u1ee9ng d\u1ee5ng<\/span><\/div><\/td><td colspan=\"1\" rowspan=\"1\"><div class=\"magic-12\"><span style=\"color: #000000;\">-20~70\u2103<\/span><\/div><\/td><\/tr><tr><td colspan=\"1\" rowspan=\"1\"><div class=\"magic-11\"><span style=\"color: #000000;\">Nhi\u1ec7t \u0111\u1ed9 ho\u1ea1t \u0111\u1ed9ng<\/span><\/div><\/td><td colspan=\"1\" rowspan=\"1\"><div class=\"magic-12\"><span style=\"color: #000000;\">-20~70\u2103<\/span><\/div><\/td><\/tr><tr><td colspan=\"1\" rowspan=\"1\"><div class=\"magic-11\"><span style=\"color: #000000;\">K\u00fd \u1ee9c<\/span><\/div><\/td><td colspan=\"1\" rowspan=\"1\"><div class=\"magic-12\"><span style=\"color: #000000;\">TID 96 bit; EPC 160 bit; NG\u01af\u1edcI D\u00d9NG 1312 bit<\/span><\/div><\/td><\/tr><tr><td colspan=\"1\" rowspan=\"1\"><div class=\"magic-11\"><span style=\"color: #000000;\">D\u1ea3i t\u1ea7n s\u1ed1 v\u1edbi hi\u1ec7u su\u1ea5t t\u1ed1t nh\u1ea5t<\/span><\/div><\/td><td colspan=\"1\" rowspan=\"1\"><div class=\"magic-12\"><span style=\"color: #000000;\">900-928MHz (T\u00f9y ch\u1ec9nh)<\/span><\/div><\/td><\/tr><tr><td colspan=\"1\" rowspan=\"1\"><div class=\"magic-11\"><span style=\"color: #000000;\">Cu\u1ed9c s\u1ed1ng IC<\/span><\/div><\/td><td colspan=\"1\" rowspan=\"1\" data-spm-anchor-id=\"a2700.details.0.i45.105812c6mFAirA\"><div class=\"magic-12\" data-spm-anchor-id=\"a2700.details.0.i39.105812c6mFAirA\"><span style=\"color: #000000;\">\u0110\u1ed9 b\u1ec1n ghi 100.000 chu k\u1ef3<\/span><br \/><span style=\"color: #000000;\">L\u01b0u gi\u1eef ng\u00e0y th\u00e1ng trong 10 n\u0103m<\/span><\/div><\/td><\/tr><tr><td colspan=\"1\" rowspan=\"1\"><div class=\"magic-11\"><span style=\"color: #000000;\">Giao th\u1ee9c<\/span><\/div><\/td><td colspan=\"1\" rowspan=\"1\"><div class=\"magic-12\" data-spm-anchor-id=\"a2700.details.0.i46.105812c6mFAirA\"><span style=\"color: #000000;\">Ti\u00eau chu\u1ea9n ISO\/IEC 18000-6C<\/span><\/div><\/td><\/tr><\/tbody><\/table><p><a href=\"https:\/\/rfid-laundry-tag.com\/vi\/san-pham\/uhf-rfid-label-tag-led-flash-light-location-for-library-management\/\"><img fetchpriority=\"high\" decoding=\"async\" class=\"alignnone size-full wp-image-1795\" src=\"https:\/\/rfid-laundry-tag.com\/wp-content\/uploads\/2024\/09\/4_H368fba2542f847448067aa52a880c6fdM.jpg\" alt=\"\" width=\"750\" height=\"750\" srcset=\"https:\/\/rfid-laundry-tag.com\/wp-content\/uploads\/2024\/09\/4_H368fba2542f847448067aa52a880c6fdM.jpg 750w, https:\/\/rfid-laundry-tag.com\/wp-content\/uploads\/2024\/09\/4_H368fba2542f847448067aa52a880c6fdM-300x300.jpg 300w, https:\/\/rfid-laundry-tag.com\/wp-content\/uploads\/2024\/09\/4_H368fba2542f847448067aa52a880c6fdM-150x150.jpg 150w, https:\/\/rfid-laundry-tag.com\/wp-content\/uploads\/2024\/09\/4_H368fba2542f847448067aa52a880c6fdM-12x12.jpg 12w, https:\/\/rfid-laundry-tag.com\/wp-content\/uploads\/2024\/09\/4_H368fba2542f847448067aa52a880c6fdM-600x600.jpg 600w, https:\/\/rfid-laundry-tag.com\/wp-content\/uploads\/2024\/09\/4_H368fba2542f847448067aa52a880c6fdM-100x100.jpg 100w\" sizes=\"(max-width: 750px) 100vw, 750px\" \/><\/a><\/p><p><span style=\"color: #000000;\">T\u00ednh n\u0103ng LED \u0111\u1ed9c \u0111\u00e1o b\u1ed5 sung th\u00e0nh ph\u1ea7n tr\u1ef1c quan v\u00e0o th\u1ebb RFID, cho ph\u00e9p nh\u1eadn d\u1ea1ng nhanh ch\u00f3ng v\u00e0 d\u1ec5 d\u00e0ng, t\u0103ng t\u1ed1c \u0111\u00e1ng k\u1ec3 c\u00e1c quy tr\u00ecnh c\u1ea7n x\u00e1c nh\u1eadn tr\u1ef1c quan nhanh ch\u00f3ng. C\u00e1c nh\u00e3n t\u01b0\u01a1ng th\u00edch v\u1edbi c\u00e1c giao th\u1ee9c ISO\/IEC 18000-6C, \u0111\u1ea3m b\u1ea3o t\u00edch h\u1ee3p li\u1ec1n m\u1ea1ch v\u1edbi c\u00e1c h\u1ec7 th\u1ed1ng RFID hi\u1ec7n c\u00f3. V\u1edbi \u0111\u1ed9 b\u1ec1n ghi 100.000 chu k\u1ef3 v\u00e0 l\u01b0u gi\u1eef d\u1eef li\u1ec7u l\u00ean \u0111\u1ebfn 10 n\u0103m, c\u00e1c nh\u00e3n n\u00e0y cung c\u1ea5p gi\u1ea3i ph\u00e1p \u0111\u00e1ng tin c\u1eady v\u00e0 l\u00e2u d\u00e0i cho nhu c\u1ea7u theo d\u00f5i c\u1ee7a b\u1ea1n. Cho d\u00f9 b\u1ea1n c\u1ea7n qu\u1ea3n l\u00fd h\u00e0ng t\u1ed3n kho, theo d\u00f5i t\u00e0i s\u1ea3n hay tri\u1ec3n khai h\u1ec7 th\u1ed1ng nh\u1eadn d\u1ea1ng hi\u1ec7u qu\u1ea3 h\u01a1n, Nh\u00e3n LED RFID \u0111\u1ec1u cung c\u1ea5p gi\u1ea3i ph\u00e1p linh ho\u1ea1t v\u00e0 m\u1ea1nh m\u1ebd ph\u00f9 h\u1ee3p v\u1edbi nhu c\u1ea7u c\u1ee7a b\u1ea1n.<\/span><\/p><p><span style=\"color: #000000;\">Nh\u00e3n LED RFID l\u00e0 nh\u00e3n d\u00e1n ti\u00ean ti\u1ebfn t\u00edch h\u1ee3p c\u00f4ng ngh\u1ec7 RFID v\u1edbi \u0111\u00e8n LED ch\u1ec9 th\u1ecb tr\u1ef1c quan, cung c\u1ea5p gi\u1ea3i ph\u00e1p s\u00e1ng t\u1ea1o \u0111\u1ec3 theo d\u00f5i t\u00e0i s\u1ea3n v\u00e0 qu\u1ea3n l\u00fd h\u00e0ng t\u1ed3n kho. M\u1ed7i nh\u00e3n \u0111\u01b0\u1ee3c trang b\u1ecb b\u1ed9 ph\u00e1t \u0111\u00e1p t\u1ea7n s\u1ed1 v\u00f4 tuy\u1ebfn v\u00e0 \u0103ng-ten, cho ph\u00e9p giao ti\u1ebfp li\u1ec1n m\u1ea1ch v\u1edbi \u0111\u1ea7u \u0111\u1ecdc RF. T\u00ednh n\u0103ng n\u1ed5i b\u1eadt c\u1ee7a nh\u00e3n n\u00e0y l\u00e0 th\u00e0nh ph\u1ea7n LED, s\u00e1ng l\u00ean khi \u0111\u01b0\u1ee3c k\u00edch ho\u1ea1t, cung c\u1ea5p kh\u1ea3 n\u0103ng nh\u1eadn d\u1ea1ng tr\u1ef1c quan nhanh ch\u00f3ng v\u00e0 r\u00f5 r\u00e0ng c\u00e1c m\u1eb7t h\u00e0ng.<\/span><\/p><p><span style=\"color: #000000;\">C\u00e1c th\u1ebb LED n\u00e0y r\u1ea5t linh ho\u1ea1t v\u00e0 c\u00f3 th\u1ec3 \u0111\u01b0\u1ee3c s\u1eed d\u1ee5ng trong nhi\u1ec1u \u1ee9ng d\u1ee5ng, ch\u1eb3ng h\u1ea1n nh\u01b0 qu\u1ea3n l\u00fd h\u00e0ng t\u1ed3n kho, theo d\u00f5i t\u00e0i s\u1ea3n v\u00e0 h\u1eadu c\u1ea7n chu\u1ed7i cung \u1ee9ng. B\u1ea3n ch\u1ea5t t\u00f9y ch\u1ec9nh c\u1ee7a nh\u00e3n LED cho ph\u00e9p \u0111i\u1ec1u ch\u1ec9nh k\u00edch th\u01b0\u1edbc, m\u00e0u \u0111\u00e8n LED v\u00e0 dung l\u01b0\u1ee3ng b\u1ed9 nh\u1edb \u0111\u1ec3 ph\u00f9 h\u1ee3p v\u1edbi nhu c\u1ea7u ho\u1ea1t \u0111\u1ed9ng c\u1ee5 th\u1ec3. Cho d\u00f9 \u0111\u01b0\u1ee3c s\u1eed d\u1ee5ng trong kho, m\u00f4i tr\u01b0\u1eddng b\u00e1n l\u1ebb hay m\u00f4i tr\u01b0\u1eddng c\u00f4ng nghi\u1ec7p, c\u00e1c nh\u00e3n n\u00e0y gi\u00fap h\u1ee3p l\u00fd h\u00f3a quy tr\u00ecnh b\u1eb1ng c\u00e1ch cung c\u1ea5p ph\u01b0\u01a1ng ph\u00e1p nh\u1eadn d\u1ea1ng k\u00e9p\u2014qu\u00e9t RFID v\u00e0 x\u00e1c nh\u1eadn tr\u1ef1c quan\u2014l\u00e0m cho ch\u00fang tr\u1edf n\u00ean kh\u00f4ng th\u1ec3 thi\u1ebfu \u0111\u1ec3 c\u1ea3i thi\u1ec7n \u0111\u1ed9 ch\u00ednh x\u00e1c v\u00e0 hi\u1ec7u qu\u1ea3 trong vi\u1ec7c theo d\u00f5i c\u00e1c t\u00e0i s\u1ea3n c\u00f3 gi\u00e1 tr\u1ecb.<\/span><\/p>\t\t\t\t\t\t\t\t<\/div>\n\t\t\t\t<\/div>\n\t\t\t\t\t<\/div>\n\t\t\t\t<\/div>\n\t\t\t\t<\/div>","protected":false},"excerpt":{"rendered":"<p>Th\u1ebb nh\u00e3n RFID UHF \u0110\u00e8n LED flash c\u00f3 ch\u1ec9 b\u00e1o tr\u1ef1c quan \u0111\u1ec3 theo d\u00f5i h\u00e0ng t\u1ed3n kho hi\u1ec7u qu\u1ea3. PET b\u1ec1n, 900-928MHz, -20\u00b0C \u0111\u1ebfn 70\u00b0C, ho\u00e0n h\u1ea3o cho nhi\u1ec1u \u1ee9ng d\u1ee5ng kh\u00e1c nhau.<\/p>","protected":false},"featured_media":1786,"template":"","meta":{"_kad_post_transparent":"default","_kad_post_title":"","_kad_post_layout":"default","_kad_post_sidebar_id":"","_kad_post_content_style":"default","_kad_post_vertical_padding":"default","_kad_post_feature":"","_kad_post_feature_position":"","_kad_post_header":false,"_kad_post_footer":false,"_kad_post_classname":""},"product_brand":[],"product_cat":[54],"product_tag":[275,98,269],"class_list":{"0":"post-1785","1":"product","2":"type-product","3":"status-publish","4":"has-post-thumbnail","6":"product_cat-hot-selling-rfid-tags","7":"product_tag-led-light-rfid-label","8":"product_tag-uhf-rfid-label","9":"product_tag-uhf-rfid-label-tag-led-flash-light","11":"first","12":"instock","13":"shipping-taxable","14":"product-type-simple","15":"entry","16":"content-bg","17":"loop-entry"},"_links":{"self":[{"href":"https:\/\/rfid-laundry-tag.com\/vi\/wp-json\/wp\/v2\/product\/1785","targetHints":{"allow":["GET"]}}],"collection":[{"href":"https:\/\/rfid-laundry-tag.com\/vi\/wp-json\/wp\/v2\/product"}],"about":[{"href":"https:\/\/rfid-laundry-tag.com\/vi\/wp-json\/wp\/v2\/types\/product"}],"version-history":[{"count":5,"href":"https:\/\/rfid-laundry-tag.com\/vi\/wp-json\/wp\/v2\/product\/1785\/revisions"}],"predecessor-version":[{"id":1911,"href":"https:\/\/rfid-laundry-tag.com\/vi\/wp-json\/wp\/v2\/product\/1785\/revisions\/1911"}],"wp:featuredmedia":[{"embeddable":true,"href":"https:\/\/rfid-laundry-tag.com\/vi\/wp-json\/wp\/v2\/media\/1786"}],"wp:attachment":[{"href":"https:\/\/rfid-laundry-tag.com\/vi\/wp-json\/wp\/v2\/media?parent=1785"}],"wp:term":[{"taxonomy":"product_brand","embeddable":true,"href":"https:\/\/rfid-laundry-tag.com\/vi\/wp-json\/wp\/v2\/product_brand?post=1785"},{"taxonomy":"product_cat","embeddable":true,"href":"https:\/\/rfid-laundry-tag.com\/vi\/wp-json\/wp\/v2\/product_cat?post=1785"},{"taxonomy":"product_tag","embeddable":true,"href":"https:\/\/rfid-laundry-tag.com\/vi\/wp-json\/wp\/v2\/product_tag?post=1785"}],"curies":[{"name":"wp","href":"https:\/\/api.w.org\/{rel}","templated":true}]}}