{"id":176,"date":"2024-06-15T16:46:13","date_gmt":"2024-06-15T16:46:13","guid":{"rendered":"https:\/\/rfid-laundry-tag.com\/?post_type=product&#038;p=176"},"modified":"2024-06-15T16:46:13","modified_gmt":"2024-06-15T16:46:13","slug":"nylon-rfid-wash-care-clothing-label","status":"publish","type":"product","link":"https:\/\/rfid-laundry-tag.com\/vi\/nylon-rfid-wash-care-clothing-label\/","title":{"rendered":"Nh\u00e3n qu\u1ea7n \u00e1o ch\u0103m s\u00f3c gi\u1eb7t RFID b\u1eb1ng nylon"},"content":{"rendered":"<div class=\"J_module\">\n<div class=\"ife-detail-decorate-table\">\n<table class=\"hight-light-first-column all magic-14\">\n<tbody>\n<tr>\n<td colspan=\"1\" rowspan=\"1\">\n<div class=\"magic-15\" data-spm-anchor-id=\"a2700.details.0.i95.236a58c1ycsfva\">T\u00ean s\u1ea3n xu\u1ea5t:<\/div>\n<\/td>\n<td colspan=\"1\" rowspan=\"1\">\n<div class=\"magic-16\">Nh\u00e3n qu\u1ea7n \u00e1o ch\u0103m s\u00f3c gi\u1eb7t RFID b\u1eb1ng nylon<\/div>\n<\/td>\n<\/tr>\n<tr>\n<td colspan=\"1\" rowspan=\"1\">\n<div class=\"magic-15\"><span class=\"magic-17\">V\u1eadt li\u1ec7u:<\/span><\/div>\n<\/td>\n<td colspan=\"1\" rowspan=\"1\">\n<div class=\"magic-16\">Polyester\/V\u1ea3i t\u1ed5ng h\u1ee3p\/Satin\/Cotton\/V\u1ea3i kh\u00f4ng d\u1ec7t\/PET, v.v.<\/div>\n<\/td>\n<\/tr>\n<tr>\n<td colspan=\"1\" rowspan=\"1\">\n<div class=\"magic-15\"><span class=\"magic-17\">K\u00edch c\u1ee1:<\/span><\/div>\n<\/td>\n<td colspan=\"1\" rowspan=\"1\">\n<div class=\"magic-16\"><span class=\"magic-17\">80*38mm\/60*30mm ho\u1eb7c t\u00f9y ch\u1ec9nh<\/span><\/div>\n<\/td>\n<\/tr>\n<tr>\n<td colspan=\"1\" rowspan=\"1\">\n<div class=\"magic-15\"><span class=\"magic-17\">Ki\u1ec3u:<\/span><\/div>\n<\/td>\n<td colspan=\"1\" rowspan=\"1\">\n<div class=\"magic-16\"><span class=\"magic-17\">Th\u1ee5 \u0111\u1ed9ng, RFID<\/span><\/div>\n<\/td>\n<\/tr>\n<tr>\n<td colspan=\"1\" rowspan=\"1\">\n<div class=\"magic-15\">Giao th\u1ee9c RF:<\/div>\n<\/td>\n<td colspan=\"1\" rowspan=\"1\">\n<div class=\"magic-16\">ISO 18000-6C; EPC L\u1edbp 1 Th\u1ebf h\u1ec7 2<\/div>\n<\/td>\n<\/tr>\n<tr>\n<td colspan=\"1\" rowspan=\"1\">\n<div class=\"magic-15\"><span class=\"magic-17\">T\u00ednh th\u01b0\u1eddng xuy\u00ean:<\/span><\/div>\n<\/td>\n<td colspan=\"1\" rowspan=\"1\">\n<div class=\"magic-16\"><span class=\"magic-17\">860~960MHz<\/span><\/div>\n<\/td>\n<\/tr>\n<tr>\n<td colspan=\"1\" rowspan=\"1\">\n<div class=\"magic-15\">Chip<\/div>\n<\/td>\n<td colspan=\"1\" rowspan=\"1\">\n<div class=\"magic-16\">Impinj Monza R6\/R6-P, NXP UCODE8\/UCODE9, v.v.<\/div>\n<\/td>\n<\/tr>\n<tr>\n<td colspan=\"1\" rowspan=\"1\">\n<div class=\"magic-15\"><span class=\"magic-17\">Kho\u1ea3ng c\u00e1ch \u0111\u1ecdc:<\/span><\/div>\n<\/td>\n<td colspan=\"1\" rowspan=\"1\">\n<div class=\"magic-16\"><span class=\"magic-17\">UHF: 1~10m (t\u00f9y thu\u1ed9c v\u00e0o \u0111\u1ea7u \u0111\u1ecdc v\u00e0 \u0103ng-ten)<\/span><\/div>\n<\/td>\n<\/tr>\n<tr>\n<td colspan=\"1\" rowspan=\"1\">\n<div class=\"magic-15\"><span class=\"magic-17\">C\u00e1ch c\u1ed1 \u0111\u1ecbnh:<\/span><\/div>\n<\/td>\n<td colspan=\"1\" rowspan=\"1\">\n<div class=\"magic-16\"><span class=\"magic-17\">May \/ \u1ee7i<\/span><\/div>\n<\/td>\n<\/tr>\n<tr>\n<td colspan=\"1\" rowspan=\"1\">\n<div class=\"magic-15\"><span class=\"magic-17\">In \u1ea5n:<\/span><\/div>\n<\/td>\n<td colspan=\"1\" rowspan=\"1\">\n<div class=\"magic-16\"><span class=\"magic-17\">In \u1ea5n, M\u00e3 h\u00f3a, S\u1ed1 s\u00ea-ri, Thi\u1ebft k\u1ebf, v.v.<\/span><\/div>\n<\/td>\n<\/tr>\n<tr>\n<td colspan=\"1\" rowspan=\"1\">\n<div class=\"magic-15\"><span class=\"magic-17\">Cu\u1ed9c s\u1ed1ng IC:<\/span><\/div>\n<\/td>\n<td colspan=\"1\" rowspan=\"1\">\n<div class=\"magic-16\" data-spm-anchor-id=\"a2700.details.0.i94.236a58c1ycsfva\"><span class=\"magic-17\">100.000 chu k\u1ef3 l\u1eadp tr\u00ecnh<br \/>\nL\u01b0u gi\u1eef d\u1eef li\u1ec7u 10 n\u0103m<\/span><\/div>\n<\/td>\n<\/tr>\n<tr>\n<td colspan=\"1\" rowspan=\"1\">\n<div class=\"magic-15\"><span class=\"magic-17\">M\u1eabu c\u00f3 s\u1eb5n:<\/span><\/div>\n<\/td>\n<td colspan=\"1\" rowspan=\"1\">\n<div class=\"magic-16\"><span class=\"magic-17\">M\u1eabu mi\u1ec5n ph\u00ed c\u00f3 s\u1eb5n theo y\u00eau c\u1ea7u<\/span><\/div>\n<\/td>\n<\/tr>\n<tr>\n<td colspan=\"1\" rowspan=\"1\">\n<div class=\"magic-15\"><span class=\"magic-17\">\u1ee8ng d\u1ee5ng:\u00a0<\/span><\/div>\n<\/td>\n<td colspan=\"1\" rowspan=\"1\">\n<div class=\"magic-16\"><span class=\"magic-17\">\u00b7 Qu\u1ea3n l\u00fd h\u00e0ng t\u1ed3n kho<br \/>\n\u00b7 Chu\u1ed7i cung \u1ee9ng<br \/>\n\u00b7 B\u00e1n l\u1ebb<\/span><\/div>\n<\/td>\n<\/tr>\n<tr>\n<td colspan=\"1\" rowspan=\"1\">\n<div class=\"magic-15\"><span class=\"magic-17\">S\u1eed d\u1ee5ng<\/span><\/div>\n<\/td>\n<td colspan=\"1\" rowspan=\"1\">\n<div class=\"magic-16\"><span class=\"magic-17\">H\u00e0ng may m\u1eb7c, qu\u1ea7n \u00e1o, t\u00fai x\u00e1ch, gi\u00e0y d\u00e9p, v.v.<\/span><\/div>\n<\/td>\n<\/tr>\n<\/tbody>\n<\/table>\n<\/div>\n<\/div>\n<div class=\"J_module\">\n<div class=\"detail-decorate-json-renderer-container\">\n<div class=\"magic-1\">\n<div class=\"magic-5\">\n<div class=\"magic-6\">\n<div class=\"magic-7\"><span class=\"magic-10\">UCODE l\u00e0 th\u01b0\u01a1ng hi\u1ec7u \u0111\u00e3 \u0111\u0103ng k\u00fd c\u1ee7a NXP BV v\u00e0 \u0111\u01b0\u1ee3c s\u1eed d\u1ee5ng theo gi\u1ea5y ph\u00e9p.<\/span><\/div>\n<div><\/div>\n<\/div>\n<div>\n<div class=\"auto-hide-last-sibling-br paragraph_1252f paragraph-element\">C\u00e1c m\u1eb7t h\u00e0ng th\u1eddi trang nh\u01b0 qu\u1ea7n \u00e1o ch\u1ecbu \u1ea3nh h\u01b0\u1edfng c\u1ee7a nhi\u1ec1u y\u1ebfu t\u1ed1 t\u00e1c \u0111\u1ed9ng c\u00f3 th\u1ec3 \u1ea3nh h\u01b0\u1edfng \u0111\u1ebfn doanh s\u1ed1, bao g\u1ed3m c\u00e1c bi\u1ebfn \u0111\u1ed9ng theo m\u00f9a, v\u1ecb tr\u00ed \u0111\u1ecba l\u00fd, s\u1edf th\u00edch c\u1ee7a kh\u00e1ch h\u00e0ng, xu h\u01b0\u1edbng th\u1eddi trang v\u00e0 gi\u00e1 c\u1ea3. Vai tr\u00f2 c\u1ee7a nh\u00e3n ch\u0103m s\u00f3c RFID tr\u1edf n\u00ean quan tr\u1ecdng \u1edf \u0111\u00e2y v\u00ec ch\u00fang cho ph\u00e9p c\u00e1c c\u00f4ng ty may m\u1eb7c theo d\u00f5i \u0111\u1ed9ng l\u1ef1c b\u00e1n h\u00e0ng theo th\u1eddi gian th\u1ef1c.<\/div>\n<p><br class=\"container_e695a wrapper_ad07b undefined\" \/><\/p>\n<div class=\"auto-hide-last-sibling-br paragraph_1252f paragraph-element\">\n<div class=\"auto-hide-last-sibling-br paragraph_1252f paragraph-element\"><strong>\u0110\u1eb7c \u0111i\u1ec3m c\u1ee7a Nh\u00e3n qu\u1ea7n \u00e1o gi\u1eb7t RFID b\u1eb1ng nylon:<\/strong><\/div>\n<p><br class=\"container_e695a wrapper_ad07b undefined\" \/><\/p>\n<ol class=\"auto-hide-last-sibling-br\">\n<li>\n<div class=\"auto-hide-last-sibling-br paragraph_1252f paragraph-element\"><strong>V\u1eadt li\u1ec7u:<\/strong>\u00a0Nh\u00e3n \u0111\u01b0\u1ee3c l\u00e0m b\u1eb1ng Nylon, m\u1ed9t lo\u1ea1i v\u1eadt li\u1ec7u b\u1ec1n v\u00e0 ch\u1eafc c\u00f3 th\u1ec3 ch\u1ecbu \u0111\u01b0\u1ee3c nhi\u1ec7t \u0111\u1ed9 cao, \u00e1p su\u1ea5t v\u00e0 x\u1eed l\u00fd th\u00f4 b\u1ea1o, \u0111\u1ea3m b\u1ea3o nh\u00e3n c\u00f2n nguy\u00ean v\u1eb9n b\u1ea5t k\u1ec3 b\u1ea3n ch\u1ea5t c\u1ee7a quy tr\u00ecnh x\u1eed l\u00fd v\u00e0 gi\u1eb7t qu\u1ea7n \u00e1o.<\/div>\n<\/li>\n<li>\n<div class=\"auto-hide-last-sibling-br paragraph_1252f paragraph-element\"><strong>Theo d\u00f5i d\u1eef li\u1ec7u:<\/strong>\u00a0\u0110\u01b0\u1ee3c trang b\u1ecb c\u00f4ng ngh\u1ec7 RFID, h\u1ec7 th\u1ed1ng n\u00e0y cho ph\u00e9p theo d\u00f5i v\u00e0 thu th\u1eadp d\u1eef li\u1ec7u c\u00f3 li\u00ean quan theo th\u1eddi gian th\u1ef1c nh\u01b0 l\u1ecbch s\u1eed, v\u1ecb tr\u00ed v\u00e0 tr\u1ea1ng th\u00e1i c\u1ee7a s\u1ea3n ph\u1ea9m, cung c\u1ea5p th\u00f4ng tin chi ti\u1ebft c\u00f3 gi\u00e1 tr\u1ecb cho c\u00e1c c\u00f4ng ty may m\u1eb7c.<\/div>\n<\/li>\n<li>\n<div class=\"auto-hide-last-sibling-br paragraph_1252f paragraph-element\"><strong>Ch\u1ee9c n\u0103ng:<\/strong>\u00a0Nh\u00e3n RFID ho\u1ea1t \u0111\u1ed9ng trong nhi\u1ec1u m\u00f4i tr\u01b0\u1eddng kh\u1eafc nghi\u1ec7t v\u00e0 c\u0169ng c\u00f3 th\u1ec3 nh\u1eadn d\u1ea1ng nhi\u1ec1u th\u1ebb c\u00f9ng l\u00fac, ngay c\u1ea3 tr\u00ean c\u00e1c v\u1eadt ph\u1ea9m chuy\u1ec3n \u0111\u1ed9ng nhanh.<\/div>\n<\/li>\n<li>\n<div class=\"auto-hide-last-sibling-br paragraph_1252f paragraph-element\"><strong>S\u1ef1 ki\u00ean tr\u00ec:<\/strong>\u00a0Kh\u00f4ng gi\u1ed1ng nh\u01b0 nh\u00e3n treo truy\u1ec1n th\u1ed1ng, nh\u00e3n RFID th\u01b0\u1eddng \u0111\u01b0\u1ee3c kh\u00e2u ho\u1eb7c nh\u00fang v\u00e0o qu\u1ea7n \u00e1o, gi\u00fap gi\u1ea3m thi\u1ec3u nguy c\u01a1 nh\u00e3n b\u1ecb r\u01a1i ra trong qu\u00e1 tr\u00ecnh v\u1eadn chuy\u1ec3n ho\u1eb7c x\u1eed l\u00fd.<\/div>\n<\/li>\n<li>\n<div class=\"auto-hide-last-sibling-br paragraph_1252f paragraph-element\"><strong>Xanh v\u00e0 An to\u00e0n:<\/strong>\u00a0C\u00e1c nh\u00e3n n\u00e0y c\u00f3 m\u00e0u xanh l\u00e1 c\u00e2y v\u00e0 an to\u00e0n v\u00ec ch\u00fang \u00edt \u1ea3nh h\u01b0\u1edfng nh\u1ea5t \u0111\u1ebfn m\u00f4i tr\u01b0\u1eddng sau khi th\u1ea3i b\u1ecf.<\/div>\n<\/li>\n<\/ol>\n<p><br class=\"container_e695a wrapper_ad07b undefined\" \/><\/p>\n<div class=\"auto-hide-last-sibling-br paragraph_1252f paragraph-element\"><strong>\u1ee8ng d\u1ee5ng c\u1ee7a Nh\u00e3n qu\u1ea7n \u00e1o gi\u1eb7t RFID b\u1eb1ng nylon:<\/strong><\/div>\n<p><br class=\"container_e695a wrapper_ad07b undefined\" \/><\/p>\n<ol class=\"auto-hide-last-sibling-br\">\n<li>\n<div class=\"auto-hide-last-sibling-br paragraph_1252f paragraph-element\"><strong>Qu\u1ea3n l\u00fd h\u00e0ng t\u1ed3n kho:<\/strong>\u00a0C\u00e1c nh\u00e3n gi\u00fap theo d\u00f5i h\u00e0ng t\u1ed3n kho theo th\u1eddi gian th\u1ef1c, gi\u00fap qu\u00e1 tr\u00ecnh qu\u1ea3n l\u00fd kho tr\u1edf n\u00ean hi\u1ec7u qu\u1ea3 cho doanh nghi\u1ec7p.<\/div>\n<\/li>\n<li>\n<div class=\"auto-hide-last-sibling-br paragraph_1252f paragraph-element\"><strong>Chu\u1ed7i cung \u1ee9ng:<\/strong>\u00a0H\u1ecd gi\u00fap t\u1ed1i \u01b0u h\u00f3a to\u00e0n b\u1ed9 chu\u1ed7i cung \u1ee9ng, t\u1eeb vi\u1ec7c h\u1ee3p l\u00fd h\u00f3a quy tr\u00ecnh s\u1ea3n xu\u1ea5t \u0111\u1ebfn kho b\u00e3i v\u00e0 h\u1eadu c\u1ea7n hi\u1ec7u qu\u1ea3 h\u01a1n.<\/div>\n<\/li>\n<li>\n<div class=\"auto-hide-last-sibling-br paragraph_1252f paragraph-element\"><strong>Qu\u1ea3n l\u00fd b\u00e1n l\u1ebb:<\/strong>\u00a0Trong m\u00f4i tr\u01b0\u1eddng b\u00e1n l\u1ebb, nh\u1eefng nh\u00e3n n\u00e0y gi\u00fap c\u1ea3i thi\u1ec7n quy tr\u00ecnh thanh to\u00e1n b\u1eb1ng c\u00e1ch t\u0103ng t\u1ed1c qu\u00e1 tr\u00ecnh qu\u00e9t v\u00e0 gi\u1ea3m th\u1eddi gian ch\u1edd \u0111\u1ee3i.<\/div>\n<\/li>\n<li>\n<div class=\"auto-hide-last-sibling-br paragraph_1252f paragraph-element\"><strong>Ch\u1ed1ng tr\u1ed9m:<\/strong>\u00a0Khi k\u1ebft h\u1ee3p v\u1edbi h\u1ec7 th\u1ed1ng an ninh trong c\u1eeda h\u00e0ng, ch\u00fang c\u00f3 th\u1ec3 \u0111\u00f3ng vai tr\u00f2 l\u00e0 c\u00f4ng c\u1ee5 ch\u1ed1ng tr\u1ed9m c\u1eafp v\u1eb7t.<\/div>\n<\/li>\n<li>\n<div class=\"auto-hide-last-sibling-br paragraph_1252f paragraph-element\"><strong>T\u00ednh x\u00e1c th\u1ef1c c\u1ee7a s\u1ea3n ph\u1ea9m:<\/strong>\u00a0Nh\u00e3n c\u00f3 th\u1ec3 \u0111\u01b0\u1ee3c s\u1eed d\u1ee5ng \u0111\u1ec3 \u0111\u1ea3m b\u1ea3o v\u00e0 x\u00e1c minh t\u00ednh x\u00e1c th\u1ef1c c\u1ee7a s\u1ea3n ph\u1ea9m, do \u0111\u00f3 ng\u0103n ng\u1eeba h\u00e0ng gi\u1ea3.<\/div>\n<\/li>\n<li>\n<div class=\"auto-hide-last-sibling-br paragraph_1252f paragraph-element\"><strong>S\u1eed d\u1ee5ng c\u1ee7a ng\u01b0\u1eddi ti\u00eau d\u00f9ng:<\/strong>\u00a0\u0110\u1ed1i v\u1edbi ng\u01b0\u1eddi ti\u00eau d\u00f9ng cu\u1ed1i c\u00f9ng, nh\u1eefng nh\u00e3n n\u00e0y mang th\u00f4ng tin s\u1ea3n ph\u1ea9m v\u00e0 c\u00e1ch ch\u0103m s\u00f3c c\u00f3 gi\u00e1 tr\u1ecb. Ngo\u00e0i ra, th\u1ef1c t\u1ebf l\u00e0 nh\u00e3n s\u1ebd \u1edf l\u1ea1i v\u1edbi qu\u1ea7n \u00e1o trong su\u1ed1t th\u1eddi gian s\u1eed d\u1ee5ng cho ph\u00e9p theo d\u00f5i sau b\u00e1n h\u00e0ng t\u1ed1t h\u01a1n.<\/div>\n<\/li>\n<\/ol>\n<p><br class=\"container_e695a wrapper_ad07b undefined\" \/><\/p>\n<div class=\"auto-hide-last-sibling-br paragraph_1252f paragraph-element\">Nh\u1eefng nh\u00e3n n\u00e0y l\u00e0m thay \u0111\u1ed5i ho\u00e0n to\u00e0n c\u00e1ch th\u1ee9c x\u1eed l\u00fd h\u00e0ng may m\u1eb7c t\u1eeb n\u01a1i s\u1ea3n xu\u1ea5t \u0111\u1ebfn c\u1eeda h\u00e0ng b\u00e1n l\u1ebb v\u00e0 sau \u0111\u00f3 \u0111\u1ebfn tay ng\u01b0\u1eddi ti\u00eau d\u00f9ng, do \u0111\u00f3 tr\u1edf th\u00e0nh m\u1ed9t ph\u1ea7n kh\u00f4ng th\u1ec3 thi\u1ebfu c\u1ee7a ng\u00e0nh may m\u1eb7c.<\/div>\n<\/div>\n<\/div>\n<div class=\"magic-6\">\n<div><\/div>\n<\/div>\n<\/div>\n<\/div>\n<\/div>\n<\/div>","protected":false},"excerpt":{"rendered":"<p>Nh\u00e3n Ch\u0103m S\u00f3c Gi\u1eb7t B\u1eb1ng RFID Nylon l\u00e0 m\u1ed9t b\u01b0\u1edbc ti\u1ebfn mang t\u00ednh c\u00e1ch m\u1ea1ng trong ng\u00e0nh d\u1ec7t may. RFID, m\u1ed9t trong nh\u1eefng \u0111\u1ed9t ph\u00e1 c\u00f4ng ngh\u1ec7 \u0111\u1ea7y h\u1ee9a h\u1eb9n nh\u1ea5t, t\u1ea1o \u0111i\u1ec1u ki\u1ec7n cho nhi\u1ec1u \u1ee9ng d\u1ee5ng trong l\u0129nh v\u1ef1c n\u00e0y. N\u00f3 \u0111\u00f3ng vai tr\u00f2 quan tr\u1ecdng trong c\u00e1c quy tr\u00ecnh s\u1ea3n xu\u1ea5t, duy tr\u00ec ki\u1ec3m so\u00e1t h\u00e0ng t\u1ed3n kho, qu\u1ea3n l\u00fd kho, h\u1ee3p l\u00fd h\u00f3a ph\u00e2n ph\u1ed1i v\u00e0 h\u1eadu c\u1ea7n, cho ph\u00e9p theo d\u00f5i \u0111\u1ed1i t\u01b0\u1ee3ng t\u1ef1 \u0111\u1ed9ng v\u00e0 t\u1ed1i \u01b0u h\u00f3a qu\u1ea3n l\u00fd chu\u1ed7i cung \u1ee9ng. C\u00e1ch ti\u1ebfp c\u1eadn s\u00e1ng t\u1ea1o n\u00e0y \u0111\u00e3 c\u1ea3i thi\u1ec7n \u0111\u00e1ng k\u1ec3 hi\u1ec7u qu\u1ea3 v\u00e0 n\u0103ng su\u1ea5t trong l\u0129nh v\u1ef1c d\u1ec7t may.<\/p>","protected":false},"featured_media":177,"template":"","meta":{"_kad_post_transparent":"default","_kad_post_title":"","_kad_post_layout":"default","_kad_post_sidebar_id":"","_kad_post_content_style":"default","_kad_post_vertical_padding":"default","_kad_post_feature":"","_kad_post_feature_position":"","_kad_post_header":false,"_kad_post_footer":false,"_kad_post_classname":""},"product_brand":[],"product_cat":[81],"product_tag":[84,82,83],"class_list":{"0":"post-176","1":"product","2":"type-product","3":"status-publish","4":"has-post-thumbnail","6":"product_cat-rfid-wash-care-clothing-label","7":"product_tag-heat-transfer-laundry-rfid-wash-care-label","8":"product_tag-rfid-wash-care-clothing-label","9":"product_tag-rfid-wash-care-label","11":"first","12":"instock","13":"shipping-taxable","14":"product-type-simple","15":"entry","16":"content-bg","17":"loop-entry"},"_links":{"self":[{"href":"https:\/\/rfid-laundry-tag.com\/vi\/wp-json\/wp\/v2\/product\/176","targetHints":{"allow":["GET"]}}],"collection":[{"href":"https:\/\/rfid-laundry-tag.com\/vi\/wp-json\/wp\/v2\/product"}],"about":[{"href":"https:\/\/rfid-laundry-tag.com\/vi\/wp-json\/wp\/v2\/types\/product"}],"version-history":[{"count":0,"href":"https:\/\/rfid-laundry-tag.com\/vi\/wp-json\/wp\/v2\/product\/176\/revisions"}],"wp:featuredmedia":[{"embeddable":true,"href":"https:\/\/rfid-laundry-tag.com\/vi\/wp-json\/wp\/v2\/media\/177"}],"wp:attachment":[{"href":"https:\/\/rfid-laundry-tag.com\/vi\/wp-json\/wp\/v2\/media?parent=176"}],"wp:term":[{"taxonomy":"product_brand","embeddable":true,"href":"https:\/\/rfid-laundry-tag.com\/vi\/wp-json\/wp\/v2\/product_brand?post=176"},{"taxonomy":"product_cat","embeddable":true,"href":"https:\/\/rfid-laundry-tag.com\/vi\/wp-json\/wp\/v2\/product_cat?post=176"},{"taxonomy":"product_tag","embeddable":true,"href":"https:\/\/rfid-laundry-tag.com\/vi\/wp-json\/wp\/v2\/product_tag?post=176"}],"curies":[{"name":"wp","href":"https:\/\/api.w.org\/{rel}","templated":true}]}}