{"id":1755,"date":"2024-09-01T16:47:06","date_gmt":"2024-09-01T16:47:06","guid":{"rendered":"https:\/\/rfid-laundry-tag.com\/?post_type=product&#038;p=1755"},"modified":"2024-09-01T16:55:05","modified_gmt":"2024-09-01T16:55:05","slug":"iso18000-6c-uhf-rfid-tag-labels","status":"publish","type":"product","link":"https:\/\/rfid-laundry-tag.com\/vi\/iso18000-6c-uhf-rfid-tag-labels\/","title":{"rendered":"Nh\u00e3n th\u1ebb RFID UHF ISO18000-6C"},"content":{"rendered":"<div data-elementor-type=\"product-post\" data-elementor-id=\"1755\" class=\"elementor elementor-1755\" data-elementor-settings=\"{&quot;ha_cmc_init_switcher&quot;:&quot;no&quot;}\" data-elementor-post-type=\"product\">\n\t\t\t\t<div class=\"elementor-element elementor-element-1c13a178 e-flex e-con-boxed e-con e-parent\" data-id=\"1c13a178\" data-element_type=\"container\" data-e-type=\"container\" data-settings=\"{&quot;_ha_eqh_enable&quot;:false}\">\n\t\t\t\t\t<div class=\"e-con-inner\">\n\t\t\t\t<div class=\"elementor-element elementor-element-7e836d6a elementor-widget elementor-widget-text-editor\" data-id=\"7e836d6a\" data-element_type=\"widget\" data-e-type=\"widget\" data-widget_type=\"text-editor.default\">\n\t\t\t\t<div class=\"elementor-widget-container\">\n\t\t\t\t\t\t\t\t\t<div class=\"J_module\"><div class=\"detail-decorate-json-renderer-container\"><div class=\"magic-5\"><div class=\"magic-6\"><div class=\"magic-7\"><div class=\"magic-8\"><span style=\"color: #000000;\" data-spm-anchor-id=\"a2700.details.0.i44.1b65605fl6GjYL\">Th\u1ebb RFID UHF th\u1ee5 \u0111\u1ed9ng t\u1ea7m xa 860-960 mhz ISO18000 6C<\/span><\/div><div>\u00a0<\/div><\/div><\/div><\/div><\/div><\/div><div class=\"J_module\"><div class=\"detail-decorate-json-renderer-container\"><div class=\"magic-5\"><div class=\"magic-6\"><div class=\"magic-7\"><div class=\"magic-8\" data-spm-anchor-id=\"a2700.details.0.i40.1b65605fl6GjYL\"><span style=\"color: #000000;\"><b>Nh\u00e3n RFID<\/b> c\u00f3 th\u1ec3 \u0111\u01b0\u1ee3c \u00e1p d\u1ee5ng r\u1ed9ng r\u00e3i trong nh\u1eadn d\u1ea1ng, giao th\u00f4ng c\u00f4ng c\u1ed9ng, b\u00e1n v\u00e9 s\u1ef1 ki\u1ec7n, thu ph\u00ed \u0111i\u1ec7n t\u1eed, t\u00e0i s\u1ea3n<\/span><br \/><span style=\"color: #000000;\">qu\u1ea3n l\u00fd, th\u01b0 vi\u1ec7n v\u00e0 cho thu\u00ea, h\u1ec7 th\u1ed1ng kh\u00e1ch h\u00e0ng th\u00e2n thi\u1ebft v\u00e0 qu\u1ea3n l\u00fd ki\u1ec3m so\u00e1t ra v\u00e0o, v.v. Ch\u00fang t\u00f4i cung c\u1ea5p c\u00e1c d\u1ecbch v\u1ee5 l\u1eadp tr\u00ecnh v\u00e0 m\u00e3 h\u00f3a ph\u00f9 h\u1ee3p ch\u00ednh x\u00e1c v\u1edbi y\u00eau c\u1ea7u l\u1eadp tr\u00ecnh ho\u1eb7c m\u00e3 h\u00f3a c\u1ee7a kh\u00e1ch h\u00e0ng.<\/span><\/div><div data-spm-anchor-id=\"a2700.details.0.i40.1b65605fl6GjYL\">\u00a0<\/div><\/div><div data-spm-anchor-id=\"a2700.details.0.i40.1b65605fl6GjYL\"><table class=\"all magic-12\"><tbody><tr><td colspan=\"1\" rowspan=\"1\"><div class=\"magic-16\" data-spm-anchor-id=\"a2700.details.0.i41.1b65605fl6GjYL\"><span style=\"color: #000000;\">Lo\u1ea1i s\u1ea3n ph\u1ea9m<\/span><\/div><\/td><td colspan=\"1\" rowspan=\"1\"><div class=\"magic-17\"><span style=\"color: #000000;\">Th\u1ebb RFID UHF th\u1ee5 \u0111\u1ed9ng t\u1ea7m xa 860-960 mhz ISO18000 6C<\/span><\/div><\/td><\/tr><tr><td colspan=\"1\" rowspan=\"1\"><div class=\"magic-16\"><span style=\"color: #000000;\">Giao th\u1ee9c giao di\u1ec7n kh\u00f4ng kh\u00ed<\/span><\/div><\/td><td colspan=\"1\" rowspan=\"1\"><div class=\"magic-17\"><span style=\"color: #000000;\">EPCglobal UHF L\u1edbp 1 Th\u1ebf h\u1ec7 2 (ISO 18000-6C)<\/span><\/div><\/td><\/tr><tr><td colspan=\"1\" rowspan=\"1\"><div class=\"magic-16\"><span style=\"color: #000000;\">T\u1ea7n s\u1ed1 ho\u1ea1t \u0111\u1ed9ng<\/span><\/div><\/td><td colspan=\"1\" rowspan=\"1\"><div class=\"magic-17\"><span style=\"color: #000000;\">860~960Mhz<\/span><\/div><\/td><\/tr><tr><td colspan=\"1\" rowspan=\"1\"><div class=\"magic-16\"><span style=\"color: #000000;\">Lo\u1ea1i IC<\/span><\/div><\/td><td colspan=\"1\" rowspan=\"1\"><div class=\"magic-17\"><span style=\"color: #000000;\">Higgs-3\/Higgs-4 c\u1ee7a ng\u01b0\u1eddi ngo\u00e0i h\u00e0nh tinh<\/span><\/div><\/td><\/tr><tr><td colspan=\"1\" rowspan=\"1\"><div class=\"magic-16\"><span style=\"color: #000000;\">K\u00fd \u1ee9c<\/span><\/div><\/td><td colspan=\"1\" rowspan=\"1\"><div class=\"magic-17\"><span style=\"color: #000000;\">EPC 96-480 bit, Ng\u01b0\u1eddi d\u00f9ng 512 bit, TID 32 bit<\/span><\/div><\/td><\/tr><tr><td colspan=\"1\" rowspan=\"1\"><div class=\"magic-16\"><span style=\"color: #000000;\">N\u1ed9i dung b\u1ed9 nh\u1edb EPC<\/span><\/div><\/td><td colspan=\"1\" rowspan=\"1\"><div class=\"magic-17\"><span style=\"color: #000000;\">S\u1ed1 duy nh\u1ea5t, ng\u1eabu nhi\u00ean<\/span><\/div><\/td><\/tr><tr><td colspan=\"1\" rowspan=\"1\"><div class=\"magic-16\"><span style=\"color: #000000;\">Kho\u1ea3ng c\u00e1ch \u0111\u1ecdc t\u1ed1i \u0111a<\/span><\/div><\/td><td colspan=\"1\" rowspan=\"1\"><div class=\"magic-17\"><span style=\"color: #000000;\">&gt;3 m (10 feet)<\/span><\/div><\/td><\/tr><tr><td colspan=\"1\" rowspan=\"1\"><div class=\"magic-16\"><span style=\"color: #000000;\">V\u1eadt li\u1ec7u b\u1ec1 m\u1eb7t \u1ee9ng d\u1ee5ng<\/span><\/div><\/td><td colspan=\"1\" rowspan=\"1\"><div class=\"magic-17\"><span style=\"color: #000000;\">Th\u1ee7y tinh, Nh\u1ef1a, G\u1ed7, B\u00eca c\u1ee9ng<\/span><\/div><\/td><\/tr><tr><td colspan=\"1\" rowspan=\"1\"><div class=\"magic-16\"><span style=\"color: #000000;\">Y\u1ebfu t\u1ed1 h\u00ecnh th\u1ee9c th\u1ebb<\/span><\/div><\/td><td colspan=\"1\" rowspan=\"1\"><div class=\"magic-17\"><span style=\"color: #000000;\">Kh\u1ea3m kh\u00f4\/kh\u1ea3m \u01b0\u1edbt\/kh\u1ea3m \u01b0\u1edbt m\u00e0u tr\u1eafng (nh\u00e3n)<\/span><\/div><\/td><\/tr><tr><td colspan=\"1\" rowspan=\"1\"><div class=\"magic-16\"><span style=\"color: #000000;\">V\u1eadt li\u1ec7u th\u1ebb<\/span><\/div><\/td><td colspan=\"1\" rowspan=\"1\"><div class=\"magic-17\"><span style=\"color: #000000;\">Phim Tr\u1eafng C\u00f3 Th\u1ec3 In TT<\/span><\/div><\/td><\/tr><tr><td colspan=\"1\" rowspan=\"1\"><div class=\"magic-16\"><span style=\"color: #000000;\">Ph\u01b0\u01a1ng ph\u00e1p \u0111\u00ednh k\u00e8m<\/span><\/div><\/td><td colspan=\"1\" rowspan=\"1\"><div class=\"magic-17\"><span style=\"color: #000000;\">Keo d\u00e1n m\u1ee5c \u0111\u00edch chung ho\u1eb7c gi\u1ea5y tr\u00e1ng ph\u1ee7<\/span><\/div><\/td><\/tr><tr><td colspan=\"1\" rowspan=\"1\"><div class=\"magic-16\"><span style=\"color: #000000;\">K\u00edch th\u01b0\u1edbc \u0103ng-ten<\/span><\/div><\/td><td colspan=\"1\" rowspan=\"1\"><div class=\"magic-17\"><span style=\"color: #000000;\">70*17mm ho\u1eb7c t\u00f9y ch\u1ec9nh<\/span><\/div><\/td><\/tr><tr><td colspan=\"1\" rowspan=\"1\"><div class=\"magic-16\"><span style=\"color: #000000;\">K\u00edch th\u01b0\u1edbc kh\u1ea3m<\/span><\/div><\/td><td colspan=\"1\" rowspan=\"1\"><div class=\"magic-17\"><span style=\"color: #000000;\">83*25.4mm ho\u1eb7c t\u00f9y ch\u1ec9nh<\/span><\/div><\/td><\/tr><tr><td colspan=\"1\" rowspan=\"1\"><div class=\"magic-16\"><span style=\"color: #000000;\">C\u00e2n n\u1eb7ng<\/span><\/div><\/td><td colspan=\"1\" rowspan=\"1\"><div class=\"magic-17\"><span style=\"color: #000000;\">&lt; 1 gam<\/span><\/div><\/td><\/tr><tr><td colspan=\"1\" rowspan=\"1\"><div class=\"magic-16\"><span style=\"color: #000000;\">Nhi\u1ec7t \u0111\u1ed9 ho\u1ea1t \u0111\u1ed9ng<\/span><\/div><\/td><td colspan=\"1\" rowspan=\"1\"><div class=\"magic-17\"><span style=\"color: #000000;\">-40\u00b0 \u0111\u1ebfn +70\u00b0C<\/span><\/div><\/td><\/tr><tr><td colspan=\"1\" rowspan=\"1\"><div class=\"magic-16\"><span style=\"color: #000000;\">\u0110i\u1ec1u ki\u1ec7n l\u01b0u tr\u1eef<\/span><\/div><\/td><td colspan=\"1\" rowspan=\"1\"><div class=\"magic-17\"><span style=\"color: #000000;\">20% \u0111\u1ebfn 90% RH<\/span><\/div><\/td><\/tr><tr><td colspan=\"1\" rowspan=\"4\"><div class=\"magic-16\"><span style=\"color: #000000;\">\u1ee8ng d\u1ee5ng<\/span><\/div><\/td><td colspan=\"1\" rowspan=\"1\"><div class=\"magic-17\" data-spm-anchor-id=\"a2700.details.0.i42.1b65605fl6GjYL\"><span style=\"color: #000000;\">Th\u1ebb RFID qu\u1ea7n \u00e1o<\/span><\/div><\/td><\/tr><tr><td colspan=\"1\" rowspan=\"1\" data-spm-anchor-id=\"a2700.details.0.i45.1b65605fl6GjYL\"><div class=\"magic-17\"><span style=\"color: #000000;\">H\u1ed9p \u0111\u00f3ng g\u00f3i<\/span><\/div><\/td><\/tr><tr><td colspan=\"1\" rowspan=\"1\"><div class=\"magic-17\"><span style=\"color: #000000;\">Nh\u00e3n khay<\/span><\/div><\/td><\/tr><tr><td colspan=\"1\" rowspan=\"1\"><div class=\"magic-17\"><span style=\"color: #000000;\">Th\u1ebb ISO<\/span><\/div><\/td><\/tr><\/tbody><\/table><\/div><div class=\"magic-7\"><div data-spm-anchor-id=\"a2700.details.0.i40.1b65605fl6GjYL\">\u00a0<\/div><\/div><\/div><\/div><\/div><\/div><p><span style=\"color: #000000;\"><strong>\u0110\u1eb7c \u0111i\u1ec3m tr\u1ecdng l\u01b0\u1ee3ng<\/strong><\/span><br \/><span style=\"color: #000000;\">V\u1edbi tr\u1ecdng l\u01b0\u1ee3ng ch\u01b0a \u0111\u1ebfn 1 gram, nh\u1eefng th\u1ebb n\u00e0y nh\u1eb9 v\u00e0 kh\u00f4ng c\u1ed3ng k\u1ec1nh, r\u1ea5t l\u00fd t\u01b0\u1edfng \u0111\u1ec3 t\u00edch h\u1ee3p v\u00e0o nhi\u1ec1u lo\u1ea1i s\u1ea3n ph\u1ea9m.<\/span><\/p><p><span style=\"color: #000000;\"><strong>Ph\u1ea1m vi nhi\u1ec7t \u0111\u1ed9 ho\u1ea1t \u0111\u1ed9ng<\/strong><\/span><br \/><span style=\"color: #000000;\">C\u00e1c th\u1ebb RFID n\u00e0y \u0111\u01b0\u1ee3c thi\u1ebft k\u1ebf \u0111\u1ec3 ho\u1ea1t \u0111\u1ed9ng t\u1ed1i \u01b0u trong \u0111i\u1ec1u ki\u1ec7n kh\u1eafc nghi\u1ec7t, v\u1edbi ph\u1ea1m vi nhi\u1ec7t \u0111\u1ed9 ho\u1ea1t \u0111\u1ed9ng t\u1eeb -40\u00b0C \u0111\u1ebfn +70\u00b0C, \u0111\u1ea3m b\u1ea3o \u0111\u1ed9 tin c\u1eady trong nhi\u1ec1u m\u00f4i tr\u01b0\u1eddng kh\u00e1c nhau.<\/span><\/p><p><span style=\"color: #000000;\"><strong>\u0110i\u1ec1u ki\u1ec7n l\u01b0u tr\u1eef<\/strong><\/span><br \/><span style=\"color: #000000;\">\u0110\u1ec3 c\u00f3 hi\u1ec7u su\u1ea5t t\u1ed1i \u01b0u, c\u00e1c th\u1ebb n\u00e0y n\u00ean \u0111\u01b0\u1ee3c l\u01b0u tr\u1eef trong m\u00f4i tr\u01b0\u1eddng c\u00f3 \u0111\u1ed9 \u1ea9m t\u01b0\u01a1ng \u0111\u1ed1i t\u1eeb 20% \u0111\u1ebfn 90%.<img fetchpriority=\"high\" decoding=\"async\" class=\"alignnone size-full wp-image-1763\" src=\"https:\/\/rfid-laundry-tag.com\/wp-content\/uploads\/2024\/09\/5_He7ba546c53fb4397bb6067c599476c9cN.jpg\" alt=\"\" width=\"720\" height=\"720\" srcset=\"https:\/\/rfid-laundry-tag.com\/wp-content\/uploads\/2024\/09\/5_He7ba546c53fb4397bb6067c599476c9cN.jpg 720w, https:\/\/rfid-laundry-tag.com\/wp-content\/uploads\/2024\/09\/5_He7ba546c53fb4397bb6067c599476c9cN-300x300.jpg 300w, https:\/\/rfid-laundry-tag.com\/wp-content\/uploads\/2024\/09\/5_He7ba546c53fb4397bb6067c599476c9cN-150x150.jpg 150w, https:\/\/rfid-laundry-tag.com\/wp-content\/uploads\/2024\/09\/5_He7ba546c53fb4397bb6067c599476c9cN-12x12.jpg 12w, https:\/\/rfid-laundry-tag.com\/wp-content\/uploads\/2024\/09\/5_He7ba546c53fb4397bb6067c599476c9cN-600x600.jpg 600w, https:\/\/rfid-laundry-tag.com\/wp-content\/uploads\/2024\/09\/5_He7ba546c53fb4397bb6067c599476c9cN-100x100.jpg 100w\" sizes=\"(max-width: 720px) 100vw, 720px\" \/><\/span><\/p><p><span style=\"color: #000000;\"><strong>C\u00e1c t\u00ednh n\u0103ng b\u1ed5 sung<\/strong><\/span><\/p><ol><li><p><span style=\"color: #000000;\"><strong>C\u1ea5u h\u00ecnh ng\u01b0\u1eddi d\u00f9ng<\/strong>:V\u1edbi c\u1ea5u tr\u00fac b\u1ed9 nh\u1edb linh ho\u1ea1t, ng\u01b0\u1eddi d\u00f9ng c\u00f3 th\u1ec3 c\u1ea5u h\u00ecnh b\u1ed9 nh\u1edb c\u1ee7a th\u1ebb RFID, cho ph\u00e9p s\u1eed d\u1ee5ng c\u00e1c \u1ee9ng d\u1ee5ng t\u00f9y ch\u1ec9nh nh\u01b0 thu th\u1eadp d\u1eef li\u1ec7u kh\u00e1ch h\u00e0ng \u0111\u01b0\u1ee3c c\u00e1 nh\u00e2n h\u00f3a ho\u1eb7c theo d\u00f5i h\u00e0ng t\u1ed3n kho.<\/span><\/p><\/li><li><p><span style=\"color: #000000;\"><strong>\u0110\u1ed9 b\u1ec1n v\u00e0 s\u1ee9c \u0111\u1ec1 kh\u00e1ng<\/strong>:C\u00e1c th\u1ebb n\u00e0y \u0111\u01b0\u1ee3c thi\u1ebft k\u1ebf \u0111\u1ec3 ch\u1ed1ng l\u1ea1i c\u00e1c th\u00e1ch th\u1ee9c c\u1ee7a m\u00f4i tr\u01b0\u1eddng, \u0111\u1ea3m b\u1ea3o hi\u1ec7u su\u1ea5t l\u00e2u d\u00e0i b\u1ea5t ch\u1ea5p s\u1ef1 thay \u0111\u1ed5i v\u1ec1 nhi\u1ec7t \u0111\u1ed9 v\u00e0 \u0111\u1ed9 \u1ea9m.<\/span><\/p><\/li><li><p><span style=\"color: #000000;\"><strong>Bi\u1ec7n ph\u00e1p b\u1ea3o m\u1eadt n\u00e2ng cao<\/strong>:C\u00e1c th\u1ebb n\u00e0y c\u00f3 giao th\u1ee9c b\u1ea3o m\u1eadt ti\u00ean ti\u1ebfn gi\u00fap b\u1ea3o v\u1ec7 d\u1eef li\u1ec7u b\u00ean trong, khi\u1ebfn ch\u00fang tr\u1edf n\u00ean l\u00fd t\u01b0\u1edfng cho c\u00e1c \u1ee9ng d\u1ee5ng y\u00eau c\u1ea7u bi\u1ec7n ph\u00e1p b\u1ea3o m\u1eadt cao, ch\u1eb3ng h\u1ea1n nh\u01b0 giao d\u1ecbch t\u00e0i ch\u00ednh ho\u1eb7c h\u1ec7 th\u1ed1ng ki\u1ec3m so\u00e1t truy c\u1eadp.<\/span><\/p><\/li><\/ol>\t\t\t\t\t\t\t\t<\/div>\n\t\t\t\t<\/div>\n\t\t\t\t\t<\/div>\n\t\t\t\t<\/div>\n\t\t\t\t<\/div>","protected":false},"excerpt":{"rendered":"<p>Kh\u00e1m ph\u00e1 nh\u00e3n th\u1ebb RFID UHF ISO18000-6C \u0111a n\u0103ng \u0111\u1ec3 nh\u1eadn d\u1ea1ng v\u00e0 theo d\u00f5i hi\u1ec7u qu\u1ea3 trong c\u00e1c \u1ee9ng d\u1ee5ng v\u1eadn chuy\u1ec3n, qu\u1ea3n l\u00fd t\u00e0i s\u1ea3n v\u00e0 ki\u1ec3m so\u00e1t ra v\u00e0o.<\/p>","protected":false},"featured_media":1756,"template":"","meta":{"_kad_post_transparent":"default","_kad_post_title":"","_kad_post_layout":"default","_kad_post_sidebar_id":"","_kad_post_content_style":"default","_kad_post_vertical_padding":"default","_kad_post_feature":"","_kad_post_feature_position":"","_kad_post_header":false,"_kad_post_footer":false,"_kad_post_classname":""},"product_brand":[],"product_cat":[54],"product_tag":[265,264,98],"class_list":{"0":"post-1755","1":"product","2":"type-product","3":"status-publish","4":"has-post-thumbnail","6":"product_cat-hot-selling-rfid-tags","7":"product_tag-iso18000-6c-uhf-rfid-tags","8":"product_tag-iso18000-6c-uhf-rfid-tags-labels","9":"product_tag-uhf-rfid-label","11":"first","12":"instock","13":"shipping-taxable","14":"product-type-simple","15":"entry","16":"content-bg","17":"loop-entry"},"_links":{"self":[{"href":"https:\/\/rfid-laundry-tag.com\/vi\/wp-json\/wp\/v2\/product\/1755","targetHints":{"allow":["GET"]}}],"collection":[{"href":"https:\/\/rfid-laundry-tag.com\/vi\/wp-json\/wp\/v2\/product"}],"about":[{"href":"https:\/\/rfid-laundry-tag.com\/vi\/wp-json\/wp\/v2\/types\/product"}],"version-history":[{"count":5,"href":"https:\/\/rfid-laundry-tag.com\/vi\/wp-json\/wp\/v2\/product\/1755\/revisions"}],"predecessor-version":[{"id":1769,"href":"https:\/\/rfid-laundry-tag.com\/vi\/wp-json\/wp\/v2\/product\/1755\/revisions\/1769"}],"wp:featuredmedia":[{"embeddable":true,"href":"https:\/\/rfid-laundry-tag.com\/vi\/wp-json\/wp\/v2\/media\/1756"}],"wp:attachment":[{"href":"https:\/\/rfid-laundry-tag.com\/vi\/wp-json\/wp\/v2\/media?parent=1755"}],"wp:term":[{"taxonomy":"product_brand","embeddable":true,"href":"https:\/\/rfid-laundry-tag.com\/vi\/wp-json\/wp\/v2\/product_brand?post=1755"},{"taxonomy":"product_cat","embeddable":true,"href":"https:\/\/rfid-laundry-tag.com\/vi\/wp-json\/wp\/v2\/product_cat?post=1755"},{"taxonomy":"product_tag","embeddable":true,"href":"https:\/\/rfid-laundry-tag.com\/vi\/wp-json\/wp\/v2\/product_tag?post=1755"}],"curies":[{"name":"wp","href":"https:\/\/api.w.org\/{rel}","templated":true}]}}