{"id":171,"date":"2024-06-15T13:49:12","date_gmt":"2024-06-15T13:49:12","guid":{"rendered":"https:\/\/rfid-laundry-tag.com\/?post_type=product&#038;p=171"},"modified":"2024-06-15T14:14:22","modified_gmt":"2024-06-15T14:14:22","slug":"uhf-rfid-silicone-washing-labels","status":"publish","type":"product","link":"https:\/\/rfid-laundry-tag.com\/vi\/uhf-rfid-silicone-washing-labels\/","title":{"rendered":"Nh\u00e3n r\u1eeda silicon RFID UHF"},"content":{"rendered":"<table style=\"border-collapse: collapse; width: 711px; height: 751px;\" border=\"0\" width=\"537\" cellspacing=\"0\" cellpadding=\"0\">\n<tbody>\n<tr style=\"height: 14.40pt;\">\n<td class=\"et2\" style=\"height: 14.40pt; width: 136.80pt;\" width=\"228\" height=\"24\">V\u1eadt li\u1ec7u<\/td>\n<td class=\"et2\" style=\"width: 185.40pt;\" width=\"309\">Silicon<\/td>\n<\/tr>\n<tr style=\"height: 14.40pt;\">\n<td class=\"et3\" style=\"height: 14.40pt; width: 136.80pt;\" width=\"228\" height=\"24\">K\u00edch c\u1ee1<\/td>\n<td class=\"et3\" style=\"width: 185.40pt;\" width=\"309\">55x12mm, 56x20mm, 85x27mm<\/td>\n<\/tr>\n<tr style=\"height: 14.40pt;\">\n<td class=\"et3\" style=\"height: 14.40pt; width: 136.80pt;\" width=\"228\" height=\"24\">T\u00ednh th\u01b0\u1eddng xuy\u00ean<\/td>\n<td class=\"et3\" style=\"width: 185.40pt;\" width=\"309\">860-960mhz<\/td>\n<\/tr>\n<tr style=\"height: 27.60pt;\">\n<td class=\"et3\" style=\"height: 27.60pt; width: 136.80pt;\" width=\"228\" height=\"46\">Lo\u1ea1i IC (chip)<\/td>\n<td class=\"et3\" style=\"width: 185.40pt;\" width=\"309\">U7\/U8 (Alien H3 v\u00e0 Impinj Monza R6 hi\u1ec7n c\u00f3 s\u1eb5n)<\/td>\n<\/tr>\n<tr style=\"height: 27.60pt;\">\n<td class=\"et3\" style=\"height: 27.60pt; width: 136.80pt;\" width=\"228\" height=\"46\">Giao th\u1ee9c<\/td>\n<td class=\"et3\" style=\"width: 185.40pt;\" width=\"309\">EPC To\u00e0n c\u1ea7u L\u1edbp 1 Gen2 &amp; ISO18000-6C<\/td>\n<\/tr>\n<tr style=\"height: 14.40pt;\">\n<td class=\"et3\" style=\"height: 14.40pt; width: 136.80pt;\" width=\"228\" height=\"24\">K\u00fd \u1ee9c<\/td>\n<td class=\"et3\" style=\"width: 185.40pt;\" width=\"309\">128 bit<\/td>\n<\/tr>\n<tr style=\"height: 14.40pt;\">\n<td class=\"et3\" style=\"height: 14.40pt; width: 136.80pt;\" width=\"228\" height=\"24\">Y\u1ebfu t\u1ed1 h\u00ecnh th\u1ee9c th\u1ebb<\/td>\n<td class=\"et3\" style=\"width: 185.40pt;\" width=\"309\">Linh ho\u1ea1t<\/td>\n<\/tr>\n<tr style=\"height: 14.40pt;\">\n<td class=\"et3\" style=\"height: 14.40pt; width: 136.80pt;\" width=\"228\" height=\"24\">Ch\u1ed1ng va ch\u1ea1m<\/td>\n<td class=\"et3\" style=\"width: 185.40pt;\" width=\"309\">\u0110\u00fang<\/td>\n<\/tr>\n<tr style=\"height: 14.40pt;\">\n<td class=\"et3\" style=\"height: 14.40pt; width: 136.80pt;\" width=\"228\" height=\"24\">Nhi\u1ec7t \u0111\u1ed9 ho\u1ea1t \u0111\u1ed9ng<\/td>\n<td class=\"et3\" style=\"width: 185.40pt;\" width=\"309\">-25 \u00b0C \/ +200 \u00b0C<\/td>\n<\/tr>\n<tr style=\"height: 14.40pt;\">\n<td class=\"et3\" style=\"height: 14.40pt; width: 136.80pt;\" width=\"228\" height=\"24\">Kho\u1ea3ng c\u00e1ch \u0111\u1ecdc<\/td>\n<td class=\"et3\" style=\"width: 185.40pt;\" width=\"309\">1-7 ph\u00fat<\/td>\n<\/tr>\n<tr style=\"height: 14.40pt;\">\n<td class=\"et3\" style=\"height: 14.40pt; width: 136.80pt;\" width=\"228\" height=\"24\">Ph\u1ee5 l\u1ee5c cho<\/td>\n<td class=\"et3\" style=\"width: 185.40pt;\" width=\"309\">V\u1ea3i lanh v\u00e0 qu\u1ea7n \u00e1o<\/td>\n<\/tr>\n<tr style=\"height: 14.40pt;\">\n<td class=\"et3\" style=\"height: 14.40pt; width: 136.80pt;\" width=\"228\" height=\"24\">X\u1ebfp h\u1ea1ng IP<\/td>\n<td class=\"et3\" style=\"width: 185.40pt;\" width=\"309\">IP68<\/td>\n<\/tr>\n<tr style=\"height: 14.40pt;\">\n<td class=\"et3\" style=\"height: 14.40pt; width: 136.80pt;\" width=\"228\" height=\"24\">M\u00e0u s\u1eafc<\/td>\n<td class=\"et3\" style=\"width: 185.40pt;\" width=\"309\">Tr\u1eafng\/Xanh ho\u1eb7c t\u00f9y ch\u1ec9nh<\/td>\n<\/tr>\n<tr style=\"height: 17.40pt;\">\n<td class=\"et4\" style=\"height: 17.40pt; width: 322.20pt;\" colspan=\"2\" width=\"537\" height=\"29\">Gi\u1eb7t gi\u0169<\/td>\n<\/tr>\n<tr style=\"height: 27.60pt;\">\n<td class=\"et3\" style=\"height: 27.60pt; width: 136.80pt;\" width=\"228\" height=\"46\">Ch\u1ecbu \u0111\u01b0\u1ee3c s\u1ef1 ti\u1ebfp x\u00fac v\u1edbi<\/td>\n<td class=\"et3\" style=\"width: 185.40pt;\" width=\"309\">n\u01b0\u1edbc v\u00e0 t\u1ea5t c\u1ea3 c\u00e1c h\u00f3a ch\u1ea5t th\u00f4ng th\u01b0\u1eddng d\u00f9ng trong gi\u1eb7t l\u00e0 th\u01b0\u01a1ng m\u1ea1i v\u00e0 gi\u1eb7t kh\u00f4<\/td>\n<\/tr>\n<tr style=\"height: 14.40pt;\">\n<td class=\"et3\" style=\"height: 14.40pt; width: 136.80pt;\" width=\"228\" height=\"24\">Chu tr\u00ecnh gi\u1eb7t<\/td>\n<td class=\"et3\" style=\"width: 185.40pt;\" width=\"309\">L\u00ean \u0111\u1ebfn 200 chu tr\u00ecnh gi\u1eb7t th\u01b0\u01a1ng m\u1ea1i<\/td>\n<\/tr>\n<tr style=\"height: 27.60pt;\">\n<td class=\"et3\" style=\"height: 27.60pt; width: 136.80pt;\" width=\"228\" height=\"46\">Gi\u1eb7t gi\u0169<\/td>\n<td class=\"et3\" style=\"width: 185.40pt;\" width=\"309\">150 \u00baC trong 15-20 ph\u00fat \u2013 150 chu k\u1ef3<\/td>\n<\/tr>\n<tr style=\"height: 27.60pt;\">\n<td class=\"et3\" style=\"height: 27.60pt; width: 136.80pt;\" width=\"228\" height=\"46\">S\u1ea5y kh\u00f4<\/td>\n<td class=\"et3\" style=\"width: 185.40pt;\" width=\"309\">95\u00b0C (T\u1ed1i \u0111a 60 ph\u00fat), 130\u00b0C (T\u1ed1i \u0111a 30 ph\u00fat)<\/td>\n<\/tr>\n<tr style=\"height: 14.40pt;\">\n<td class=\"et3\" style=\"height: 14.40pt; width: 136.80pt;\" width=\"228\" height=\"24\">Ng\u01b0\u1eddi ho\u00e0n thi\u1ec7n \u0111\u01b0\u1eddng h\u1ea7m<\/td>\n<td class=\"et3\" style=\"width: 185.40pt;\" width=\"309\">200\u00b0C trong 30 ph\u00fat<\/td>\n<\/tr>\n<tr style=\"height: 14.40pt;\">\n<td class=\"et3\" style=\"height: 14.40pt; width: 136.80pt;\" width=\"228\" height=\"24\">\u1ee6i qu\u1ea7n \u00e1o<\/td>\n<td class=\"et3\" style=\"width: 185.40pt;\" width=\"309\">250\u00b0C (T\u1ed1i \u0111a 60 gi\u00e2y)<\/td>\n<\/tr>\n<\/tbody>\n<\/table>\n<div><\/div>\n<div><\/div>\n<div class=\"auto-hide-last-sibling-br paragraph_1252f paragraph-element\"><strong>Nh\u00e3n r\u1eeda silicon RFID UHF c\u00f3 c\u00e1c t\u00ednh n\u0103ng ch\u00ednh sau:<\/strong><\/div>\n<ol class=\"auto-hide-last-sibling-br\">\n<li>\n<div class=\"auto-hide-last-sibling-br paragraph_1252f paragraph-element\">M\u1ecfng, m\u1ec1m v\u00e0 linh ho\u1ea1t: Thi\u1ebft k\u1ebf nh\u1eb9 v\u00e0 d\u1ec5 u\u1ed1n \u0111\u1ea3m b\u1ea3o v\u1eeba v\u1eb7n tho\u1ea3i m\u00e1i tr\u00ean m\u1ecdi ch\u1ea5t li\u1ec7u d\u1ec7t.<\/div>\n<\/li>\n<li>\n<div class=\"auto-hide-last-sibling-br paragraph_1252f paragraph-element\">B\u1ec1n b\u1ec9: C\u00e1c th\u1ebb n\u00e0y kh\u00f4ng th\u1ea5m n\u01b0\u1edbc v\u00e0 c\u00f3 kh\u1ea3 n\u0103ng ch\u1ed1ng l\u1ea1i c\u00e1c dung d\u1ecbch h\u00f3a h\u1ecdc, \u0111\u1ea3m b\u1ea3o ch\u00fang duy tr\u00ec \u0111\u01b0\u1ee3c ch\u1ee9c n\u0103ng b\u1ea5t k\u1ec3 m\u00f4i tr\u01b0\u1eddng n\u00e0o ch\u00fang ti\u1ebfp x\u00fac.<\/div>\n<\/li>\n<li>\n<div class=\"auto-hide-last-sibling-br paragraph_1252f paragraph-element\">\u0110\u1ed9 b\u1ec1n cao: C\u00f3 th\u1ec3 ch\u1ecbu \u0111\u01b0\u1ee3c t\u1edbi 200 chu k\u1ef3 gi\u1eb7t, s\u1ea5y, v\u1ec7 sinh v\u00e0 \u1ee7i, mang l\u1ea1i hi\u1ec7u su\u1ea5t \u1ed5n \u0111\u1ecbnh.<\/div>\n<\/li>\n<li>\n<div class=\"auto-hide-last-sibling-br paragraph_1252f paragraph-element\">Kh\u1ea3 n\u0103ng ch\u1ed1ng ch\u1ecbu \u0111\u1eb7c bi\u1ec7t: Ch\u1ecbu \u0111\u01b0\u1ee3c nhi\u1ec7t \u0111\u1ed9 cao v\u00e0 m\u00f4i tr\u01b0\u1eddng kh\u1eafc nghi\u1ec7t. Th\u1ebb gi\u1eb7t RFID, ho\u1ea1t \u0111\u1ed9ng trong d\u1ea3i t\u1ea7n s\u1ed1 860~960MHz, \u0111\u01b0\u1ee3c thi\u1ebft k\u1ebf \u0111\u1eb7c bi\u1ec7t \u0111\u1ec3 ch\u1ecbu \u0111\u01b0\u1ee3c c\u00e1c quy tr\u00ecnh gi\u1eb7t \u1edf nhi\u1ec7t \u0111\u1ed9 v\u00e0 \u00e1p su\u1ea5t cao.<\/div>\n<\/li>\n<li>\n<div class=\"auto-hide-last-sibling-br paragraph_1252f paragraph-element\">\u1ee8ng d\u1ee5ng r\u1ed9ng r\u00e3i: Th\u00edch h\u1ee3p l\u00fd t\u01b0\u1edfng \u0111\u1ec3 s\u1eed d\u1ee5ng trong nh\u1eefng \u0111i\u1ec1u ki\u1ec7n kh\u1eafc nghi\u1ec7t \u0111\u00f2i h\u1ecfi nhi\u1ec7t \u0111\u1ed9 cao, kh\u1ea3 n\u0103ng ch\u1ed1ng \u0103n m\u00f2n v\u00e0 m\u00e0i m\u00f2n nh\u01b0 ph\u00f2ng gi\u1eb7t l\u00e0 v\u00e0 gi\u1eb7t c\u00f4ng nghi\u1ec7p.<\/div>\n<\/li>\n<li>\n<div class=\"auto-hide-last-sibling-br paragraph_1252f paragraph-element\">D\u1ec5 d\u00e0ng t\u00edch h\u1ee3p: D\u1ec5 d\u00e0ng k\u1ebft h\u1ee3p v\u00e0o nhi\u1ec1u lo\u1ea1i v\u1ea3i kh\u00e1c nhau, bao g\u1ed3m \u00e1o s\u01a1 mi, qu\u1ea7n \u00e1o l\u00e0m vi\u1ec7c, ga tr\u1ea3i gi\u01b0\u1eddng v\u00e0 c\u00e1c s\u1ea3n ph\u1ea9m d\u1ec7t may kh\u00e1c.<\/div>\n<\/li>\n<li>\n<div class=\"auto-hide-last-sibling-br paragraph_1252f paragraph-element\">Nhi\u1ec1u l\u1ef1a ch\u1ecdn: Cung c\u1ea5p nhi\u1ec1u lo\u1ea1i th\u1ebb gi\u1eb7t RFID, bao g\u1ed3m th\u1ebb gi\u1eb7t RFID PPS, th\u1ebb gi\u1eb7t RFID silicone v\u00e0 th\u1ebb gi\u1eb7t v\u1ea3i RFID.<\/div>\n<\/li>\n<li>\n<div class=\"auto-hide-last-sibling-br paragraph_1252f paragraph-element\">S\u1eed d\u1ee5ng r\u1ed9ng r\u00e3i: \u0110\u01b0\u1ee3c s\u1eed d\u1ee5ng r\u1ed9ng r\u00e3i trong b\u00e1n l\u1ebb qu\u1ea7n \u00e1o, kh\u0103n tr\u1ea3i gi\u01b0\u1eddng kh\u00e1ch s\u1ea1n, gi\u1eb7t kh\u00f4 \u0111\u1ed3ng ph\u1ee5c y t\u1ebf v\u00e0 gi\u1eb7t l\u00e0 c\u00f4ng nghi\u1ec7p.<\/div>\n<\/li>\n<li>\n<div class=\"auto-hide-last-sibling-br paragraph_1252f paragraph-element\">Qu\u1ea3n l\u00fd hi\u1ec7u qu\u1ea3: C\u00f4ng ngh\u1ec7 RFID th\u1ec3 hi\u1ec7n hi\u1ec7u su\u1ea5t v\u01b0\u1ee3t tr\u1ed9i trong vi\u1ec7c qu\u1ea3n l\u00fd hi\u1ec7u qu\u1ea3, t\u1ed1i \u01b0u h\u00f3a h\u00e0ng t\u1ed3n kho v\u00e0 gi\u1ea3m thi\u1ec3u l\u1ed7i c\u1ee7a con ng\u01b0\u1eddi trong qu\u00e1 tr\u00ecnh gi\u1eb7t v\u00e0 thanh to\u00e1n.<\/div>\n<\/li>\n<\/ol>\n<div class=\"auto-hide-last-sibling-br paragraph_1252f paragraph-element\">T\u00f3m l\u1ea1i, c\u00e1c th\u1ebb n\u00e0y \u0111\u01b0\u1ee3c thi\u1ebft k\u1ebf ri\u00eang cho c\u00e1c \u0111i\u1ec1u ki\u1ec7n gi\u1eb7t gi\u0169 kh\u00f3 kh\u0103n, mang l\u1ea1i \u0111\u1ed9 b\u1ec1n, hi\u1ec7u qu\u1ea3 v\u00e0 nhi\u1ec1u \u1ee9ng d\u1ee5ng. Ch\u00fang cung c\u1ea5p gi\u1ea3i ph\u00e1p th\u00f4ng minh \u0111\u1ec3 qu\u1ea3n l\u00fd v\u00e0 theo d\u00f5i hi\u1ec7u qu\u1ea3 c\u00e1c m\u1eb7t h\u00e0ng gi\u1eb7t \u1ee7i trong nhi\u1ec1u l\u0129nh v\u1ef1c kh\u00e1c nhau.<\/div>\n<div><\/div>\n<p data-spm-anchor-id=\"a2700.details.0.i116.60201a70jOXdOd\"><strong>\u1ee8ng d\u1ee5ng :<\/strong><\/p>\n<ul>\n<li>Qu\u1ea3n l\u00fd theo d\u00f5i ch\u0103n ga g\u1ed1i \u0111\u1ec7m kh\u00e1ch s\u1ea1n<\/li>\n<li>Nh\u00e0 m\u00e1y\/nh\u00e0 kho\/kh\u00e1ch s\u1ea1n\/b\u1ec7nh vi\u1ec7n\/c\u00f4ng vi\u00ean gi\u1ea3i tr\u00ed<\/li>\n<li data-spm-anchor-id=\"a2700.details.0.i115.60201a70jOXdOd\"><span data-spm-anchor-id=\"a2700.details.0.i120.60201a70jOXdOd\">\u0110\u1ed3ng ph\u1ee5c b\u1ec7nh vi\u1ec7n<\/span><\/li>\n<li data-spm-anchor-id=\"a2700.details.0.i118.60201a70jOXdOd\">V\u1ea3i lanh\/ Pallet\/ T\u00fai v\u1ea3i<\/li>\n<li>Gi\u1eb7t kh\u00f4<\/li>\n<li>S\u1eed d\u1ee5ng trong kh\u0103n tr\u1ea3i gi\u01b0\u1eddng kh\u00e1ch s\u1ea1n\/ G\u1eafn v\u00e0o v\u1ea3i\/ Qu\u1ea7n \u00e1o b\u1ea3o h\u1ed9 lao \u0111\u1ed9ng.<\/li>\n<li>Nh\u00e0 m\u00e1y may, nh\u00e0 m\u00e1y v\u1ea3i.<\/li>\n<\/ul>\n<p>&nbsp;<\/p>","protected":false},"excerpt":{"rendered":"<p>Nh\u00e3n gi\u1eb7t b\u1eb1ng silicon RFID UHF l\u00e0 thi\u1ebft k\u1ebf nh\u00e3n \u0111\u1ed9c quy\u1ec1n c\u00f3 kh\u1ea3 n\u0103ng ch\u1ecbu \u0111\u01b0\u1ee3c c\u00e1c ph\u01b0\u01a1ng ph\u00e1p gi\u1eb7t kh\u1eafc nghi\u1ec7t. Ch\u00fang \u0111\u1eb7c bi\u1ec7t ph\u00f9 h\u1ee3p v\u1edbi qu\u1ea7n \u00e1o v\u00e0 c\u00e1c m\u1eb7t h\u00e0ng v\u1ea3i \u0111\u01b0\u1ee3c gi\u1eb7t th\u01b0\u1eddng xuy\u00ean. Nh\u1eefng nh\u00e3n n\u00e0y \u0111\u01b0\u1ee3c ch\u1ebf t\u1ea1o t\u1eeb silicon ch\u1eafc ch\u1eafn, \u0111\u1ea3m b\u1ea3o \u0111\u1ed9 b\u1ec1n. H\u01a1n n\u1eefa, ch\u00fang k\u1ebft h\u1ee3p chip RFID UHF (T\u1ea7n s\u1ed1 c\u1ef1c cao), c\u00f3 th\u1ec3 \u0111\u01b0\u1ee3c l\u1eadp tr\u00ecnh v\u1edbi d\u1eef li\u1ec7u li\u00ean quan v\u1ec1 h\u00e0ng may m\u1eb7c ho\u1eb7c h\u00e0ng d\u1ec7t may. \u0110i\u1ec1u n\u00e0y l\u00e0m cho nh\u1eefng nh\u00e3n n\u00e0y tr\u1edf th\u00e0nh m\u1ed9t l\u1ef1a ch\u1ecdn thu\u1eadn ti\u1ec7n v\u00e0 hi\u1ec7u qu\u1ea3 \u0111\u1ec3 qu\u1ea3n l\u00fd v\u00e0 theo d\u00f5i c\u00e1c m\u1eb7t h\u00e0ng gi\u1eb7t l\u00e0.<\/p>","protected":false},"featured_media":173,"template":"","meta":{"_kad_post_transparent":"default","_kad_post_title":"","_kad_post_layout":"default","_kad_post_sidebar_id":"","_kad_post_content_style":"default","_kad_post_vertical_padding":"default","_kad_post_feature":"","_kad_post_feature_position":"","_kad_post_header":false,"_kad_post_footer":false,"_kad_post_classname":""},"product_brand":[],"product_cat":[20,16],"product_tag":[63,62,61,79],"class_list":{"0":"post-171","1":"product","2":"type-product","3":"status-publish","4":"has-post-thumbnail","6":"product_cat-silicone-rfid-laundry-tag","7":"product_cat-uhf-rfid-laundry-tags","8":"product_tag-rfid-washing-tag","9":"product_tag-silicone-rfid-laundry-tag","10":"product_tag-silicone-washable-rfid-laundry-tag","11":"product_tag-uhf-rfid-silicone-washing-labels","13":"first","14":"instock","15":"shipping-taxable","16":"product-type-simple","17":"entry","18":"content-bg","19":"loop-entry"},"_links":{"self":[{"href":"https:\/\/rfid-laundry-tag.com\/vi\/wp-json\/wp\/v2\/product\/171","targetHints":{"allow":["GET"]}}],"collection":[{"href":"https:\/\/rfid-laundry-tag.com\/vi\/wp-json\/wp\/v2\/product"}],"about":[{"href":"https:\/\/rfid-laundry-tag.com\/vi\/wp-json\/wp\/v2\/types\/product"}],"version-history":[{"count":0,"href":"https:\/\/rfid-laundry-tag.com\/vi\/wp-json\/wp\/v2\/product\/171\/revisions"}],"wp:featuredmedia":[{"embeddable":true,"href":"https:\/\/rfid-laundry-tag.com\/vi\/wp-json\/wp\/v2\/media\/173"}],"wp:attachment":[{"href":"https:\/\/rfid-laundry-tag.com\/vi\/wp-json\/wp\/v2\/media?parent=171"}],"wp:term":[{"taxonomy":"product_brand","embeddable":true,"href":"https:\/\/rfid-laundry-tag.com\/vi\/wp-json\/wp\/v2\/product_brand?post=171"},{"taxonomy":"product_cat","embeddable":true,"href":"https:\/\/rfid-laundry-tag.com\/vi\/wp-json\/wp\/v2\/product_cat?post=171"},{"taxonomy":"product_tag","embeddable":true,"href":"https:\/\/rfid-laundry-tag.com\/vi\/wp-json\/wp\/v2\/product_tag?post=171"}],"curies":[{"name":"wp","href":"https:\/\/api.w.org\/{rel}","templated":true}]}}