{"id":167,"date":"2024-06-15T13:14:42","date_gmt":"2024-06-15T13:14:42","guid":{"rendered":"https:\/\/rfid-laundry-tag.com\/?post_type=product&#038;p=167"},"modified":"2024-09-26T03:38:23","modified_gmt":"2024-09-26T03:38:23","slug":"textile-uhf-rfid-linen-tags","status":"publish","type":"product","link":"https:\/\/rfid-laundry-tag.com\/vi\/textile-uhf-rfid-linen-tags\/","title":{"rendered":"Th\u1ebb v\u1ea3i UHF RFID Linen"},"content":{"rendered":"<div>\n<div class=\"auto-hide-last-sibling-br paragraph_1252f paragraph-element\">\n<table width=\"637\">\n<tbody>\n<tr>\n<td width=\"328\">T\u00ean s\u1ea3n ph\u1ea9m:<\/td>\n<td width=\"309\"><strong>Th\u1ebb v\u1ea3i UHF RFID Linen<\/strong><\/td>\n<\/tr>\n<tr>\n<td width=\"328\">Ti\u00eau chu\u1ea9n RFID:<\/td>\n<td width=\"309\">ISO\/IEC 18000-6 Lo\u1ea1i C (EPC Gen2)<\/td>\n<\/tr>\n<tr>\n<td width=\"328\">K\u00edch th\u01b0\u1edbc &amp; Tr\u1ecdng l\u01b0\u1ee3ng:<\/td>\n<td width=\"309\">70\u00d715mm, 0,6g<\/td>\n<\/tr>\n<tr>\n<td width=\"328\">Lo\u1ea1i chip:<\/td>\n<td width=\"309\">Impinj Monza 4QT, NXP U CODE 9<\/td>\n<\/tr>\n<tr>\n<td width=\"328\">B\u1ed9 nh\u1edb EPC:<\/td>\n<td width=\"309\">128 bit<\/td>\n<\/tr>\n<tr>\n<td width=\"328\">B\u1ed9 nh\u1edb ng\u01b0\u1eddi d\u00f9ng:<\/td>\n<td width=\"309\">512 bit<\/td>\n<\/tr>\n<tr>\n<td width=\"328\">Ph\u1ea1m vi \u0111\u1ecdc (2W ERP FCC):<\/td>\n<td width=\"309\">8 ph\u00fat<\/td>\n<\/tr>\n<tr>\n<td width=\"328\">Ph\u1ea1m vi \u0111\u1ecdc (2W ERP ETSI):<\/td>\n<td width=\"309\">8 ph\u00fat<\/td>\n<\/tr>\n<tr>\n<td width=\"328\">G\u1eafn th\u1ebb:<\/td>\n<td width=\"309\">May, keo d\u00e1n d\u1eadp n\u00f3ng<\/td>\n<\/tr>\n<tr>\n<td width=\"328\">Tu\u1ed5i th\u1ecd \u01b0\u1edbc t\u00ednh:<\/td>\n<td width=\"309\">200 chu k\u1ef3 gi\u1eb7t ho\u1eb7c 3 n\u0103m, t\u00f9y theo \u0111i\u1ec1u ki\u1ec7n n\u00e0o \u0111\u1ebfn tr\u01b0\u1edbc<\/td>\n<\/tr>\n<tr>\n<td width=\"328\">Ph\u01b0\u01a1ng ph\u00e1p gi\u1eb7t:<\/td>\n<td width=\"309\">Gi\u1eb7t \u1ee7i, Gi\u1eb7t kh\u00f4<\/td>\n<\/tr>\n<tr>\n<td width=\"328\">\u00c1p su\u1ea5t h\u00fat n\u01b0\u1edbc:<\/td>\n<td width=\"309\">60 thanh<\/td>\n<\/tr>\n<tr>\n<td width=\"328\">Kh\u1ea3 n\u0103ng ch\u1ed1ng n\u01b0\u1edbc:<\/td>\n<td width=\"309\">Ch\u1ed1ng n\u01b0\u1edbc<\/td>\n<\/tr>\n<tr>\n<td width=\"328\">Kh\u1ea3 n\u0103ng kh\u00e1ng h\u00f3a ch\u1ea5t:<\/td>\n<td width=\"309\">Ch\u1ea5t t\u1ea9y r\u1eeda, Ch\u1ea5t l\u00e0m m\u1ec1m, Ch\u1ea5t t\u1ea9y tr\u1eafng (Oxy\/ Clo), Ch\u1ea5t ki\u1ec1m<\/td>\n<\/tr>\n<tr>\n<td width=\"328\">L\u00e0m kh\u00f4 tr\u01b0\u1edbc trong m\u00e1y s\u1ea5y:<\/td>\n<td width=\"309\">125 \u00baC trong 15-20 ph\u00fat<\/td>\n<\/tr>\n<tr>\n<td width=\"328\">Nhi\u1ec7t \u0111\u1ed9 kh\u1eed tr\u00f9ng:<\/td>\n<td width=\"309\">135\u00b0C trong 15-20 ph\u00fat<\/td>\n<\/tr>\n<tr>\n<td width=\"328\">Nhi\u1ec7t \u0111\u1ed9 gi\u1eb7t:<\/td>\n<td width=\"309\">90\u00b0C, T\u1ed1i \u0111a 15 ph\u00fat.<\/td>\n<\/tr>\n<tr>\n<td width=\"328\">\u0110\u1ed9 \u1ea9m\/ Nhi\u1ec7t \u0111\u1ed9-Ho\u1ea1t \u0111\u1ed9ng:<\/td>\n<td width=\"309\">-20 \u0111\u1ebfn 110\u00b0C, 8 \u0111\u1ebfn 95%RH<\/td>\n<\/tr>\n<tr>\n<td width=\"328\">\u0110\u1ed9 \u1ea9m\/ Nhi\u1ec7t \u0111\u1ed9-L\u01b0u tr\u1eef:<\/td>\n<td width=\"309\">-40 \u0111\u1ebfn 110\u00b0C, 8 \u0111\u1ebfn 95%RH<\/td>\n<\/tr>\n<\/tbody>\n<\/table>\n<\/div>\n<\/div>\n<div class=\"auto-hide-last-sibling-br paragraph_1252f paragraph-element\"><\/div>\n<div>\n<div class=\"auto-hide-last-sibling-br paragraph_1252f paragraph-element\">\n<h3>C\u00e1c t\u00ednh n\u0103ng h\u00e0ng \u0111\u1ea7u c\u1ee7a th\u1ebb v\u1ea3i lanh RFID UHF<\/h3>\n<ul>\n<li><strong>\u0110\u1ed9 b\u1ec1n<\/strong>: C\u00e1c th\u1ebb \u0111\u01b0\u1ee3c ch\u1ebf t\u1ea1o \u0111\u1ec3 ch\u1ecbu \u0111\u01b0\u1ee3c c\u00e1c quy tr\u00ecnh gi\u1eb7t l\u00e0 c\u00f4ng nghi\u1ec7p. V\u1edbi kh\u1ea3 n\u0103ng ch\u1ecbu \u0111\u01b0\u1ee3c nhi\u1ec7t \u0111\u1ed9 kh\u1eafc nghi\u1ec7t, ch\u1ea5t t\u1ea9y r\u1eeda v\u00e0 \u0111i\u1ec1u ki\u1ec7n s\u1ea5y kh\u00f4, ch\u00fang \u0111\u01b0\u1ee3c thi\u1ebft k\u1ebf \u0111\u1ec3 s\u1eed d\u1ee5ng n\u1eb7ng.<\/li>\n<li><strong>C\u00f3 th\u1ec3 gi\u1eb7t \u0111\u01b0\u1ee3c thi\u00ean nhi\u00ean<\/strong>: Nh\u1eefng c\u00e1i n\u00e0y\u00a0<strong>th\u1ebb RFID c\u00f3 th\u1ec3 gi\u1eb7t \u0111\u01b0\u1ee3c<\/strong>\u00a0duy tr\u00ec t\u00ednh to\u00e0n v\u1eb9n c\u1ee7a ch\u00fang ngay c\u1ea3 sau nhi\u1ec1u l\u1ea7n gi\u1eb7t, khi\u1ebfn ch\u00fang tr\u1edf n\u00ean l\u00fd t\u01b0\u1edfng cho b\u1ea5t k\u1ef3 h\u1ec7 th\u1ed1ng qu\u1ea3n l\u00fd d\u1ec7t may n\u00e0o. Ch\u00fang c\u00f3 th\u1ec3 x\u1eed l\u00fd t\u1edbi\u00a0<strong>200 chu tr\u00ecnh gi\u1eb7t<\/strong>\u00a0m\u00e0 kh\u00f4ng l\u00e0m m\u1ea5t ch\u1ee9c n\u0103ng.<\/li>\n<li><strong>RFID hi\u1ec7u su\u1ea5t cao<\/strong>: S\u1eed d\u1ee5ng c\u00f4ng ngh\u1ec7 ti\u00ean ti\u1ebfn\u00a0<strong>C\u00f4ng ngh\u1ec7 UHF<\/strong>, c\u00e1c th\u1ebb n\u00e0y cung c\u1ea5p kho\u1ea3ng c\u00e1ch \u0111\u1ecdc m\u1ea1nh m\u1ebd, t\u1ea1o \u0111i\u1ec1u ki\u1ec7n theo d\u00f5i v\u00e0 qu\u1ea3n l\u00fd h\u00e0ng d\u1ec7t may hi\u1ec7u qu\u1ea3.<\/li>\n<\/ul>\n<\/div>\n<h3>L\u1ee3i \u00edch ch\u00ednh c\u1ee7a th\u1ebb v\u1ea3i lanh RFID<\/h3>\n<p>M\u1ed9t trong nh\u1eefng l\u1ee3i \u00edch n\u1ed5i b\u1eadt c\u1ee7a h\u00e0ng d\u1ec7t may\u00a0<strong>Th\u1ebb v\u1ea3i RFID<\/strong>\u00a0l\u00e0 kh\u1ea3 n\u0103ng c\u1ea3i thi\u1ec7n \u0111\u1ed9 ch\u00ednh x\u00e1c c\u1ee7a qu\u1ea3n l\u00fd h\u00e0ng t\u1ed3n kho. B\u1eb1ng c\u00e1ch t\u1ef1 \u0111\u1ed9ng h\u00f3a quy tr\u00ecnh theo d\u00f5i, c\u00e1c doanh nghi\u1ec7p c\u00f3 th\u1ec3 gi\u1ea3m \u0111\u00e1ng k\u1ec3 nguy c\u01a1 m\u1ea5t ho\u1eb7c th\u1ea5t l\u1ea1c c\u00e1c m\u1eb7t h\u00e0ng. H\u01a1n n\u1eefa, c\u00e1c th\u1ebb n\u00e0y t\u0103ng c\u01b0\u1eddng kh\u1ea3 n\u0103ng hi\u1ec3n th\u1ecb t\u00e0i s\u1ea3n, cho ph\u00e9p c\u00e1c c\u01a1 s\u1edf gi\u1eb7t l\u00e0 duy tr\u00ec t\u00ednh minh b\u1ea1ch trong ho\u1ea1t \u0111\u1ed9ng c\u1ee7a m\u00ecnh.<\/p>\n<p>M\u1ed9t l\u1ee3i \u00edch quan tr\u1ecdng kh\u00e1c l\u00e0 kh\u1ea3 n\u0103ng ti\u1ebft ki\u1ec7m chi ph\u00ed. V\u1edbi t\u00ednh n\u0103ng theo d\u00f5i t\u1ef1 \u0111\u1ed9ng, chi ph\u00ed lao \u0111\u1ed9ng li\u00ean quan \u0111\u1ebfn vi\u1ec7c ki\u1ec3m tra h\u00e0ng t\u1ed3n kho th\u1ee7 c\u00f4ng s\u1ebd gi\u1ea3m \u0111\u00e1ng k\u1ec3. \u0110\u1ed9 tin c\u1eady l\u00e2u d\u00e0i c\u1ee7a c\u00e1c th\u1ebb n\u00e0y c\u0169ng t\u0103ng th\u00eam gi\u00e1 tr\u1ecb, v\u00ec ch\u00fang c\u00f3 th\u1ec3 \u0111\u01b0\u1ee3c t\u00e1i s\u1eed d\u1ee5ng trong nhi\u1ec1u chu k\u1ef3 gi\u1eb7t, \u0111\u1ea3m b\u1ea3o doanh nghi\u1ec7p t\u1ed1i \u0111a h\u00f3a kho\u1ea3n \u0111\u1ea7u t\u01b0 c\u1ee7a m\u00ecnh.<\/p>\n<\/div>\n<div class=\"auto-hide-last-sibling-br paragraph_1252f paragraph-element\">\n<div data-spm-anchor-id=\"a2700.details.0.i57.23b419c7xXORP0\">\u0110\u1ed9 b\u1ec1n \u1ea5n t\u01b0\u1ee3ng n\u00e0y \u0111i k\u00e8m v\u1edbi s\u1ef1 \u0111\u1ea3m b\u1ea3o duy tr\u00ec c\u00e1c thu\u1ed9c t\u00ednh theo d\u00f5i v\u00e0 ki\u1ec3m k\u00ea \u0111\u00e1ng ch\u00fa \u00fd trong su\u1ed1t v\u00f2ng \u0111\u1eddi c\u1ee7a v\u1ea3i lanh, qu\u1ea7n \u00e1o v\u00e0 c\u00e1c m\u1eb7t h\u00e0ng d\u1ec7t may kh\u00e1c. Do \u0111\u00f3, ch\u00fang \u0111\u00f3ng vai tr\u00f2 l\u00e0 c\u00f4ng c\u1ee5 hi\u1ec7u qu\u1ea3 v\u00e0 \u0111\u00e1ng tin c\u1eady \u0111\u1ec3 \u0111\u1ea3m b\u1ea3o theo d\u00f5i li\u1ec1n m\u1ea1ch, b\u1ea3o tr\u00ec k\u1ecbp th\u1eddi v\u00e0 qu\u1ea3n l\u00fd h\u00e0ng t\u1ed3n kho hi\u1ec7u qu\u1ea3 c\u1ee7a nhi\u1ec1u lo\u1ea1i h\u00e0ng v\u1ea3i trong nhi\u1ec1u m\u00f4i tr\u01b0\u1eddng kh\u00e1c nhau, t\u1ed1i \u0111a h\u00f3a v\u00f2ng \u0111\u1eddi c\u1ee7a ch\u00fang v\u00e0 t\u1ea1o \u0111i\u1ec1u ki\u1ec7n cho c\u00e1c ho\u1ea1t \u0111\u1ed9ng tr\u01a1n tru.<\/div>\n<\/div>\n<div data-spm-anchor-id=\"a2700.details.0.i57.23b419c7xXORP0\">\n<h3>\u0110\u1ed9 b\u1ec1n v\u00e0 kh\u1ea3 n\u0103ng r\u1eeda s\u1ea1ch c\u1ee7a th\u1ebb RFID<\/h3>\n<p>Khi n\u00f3i \u0111\u1ebfn\u00a0<strong>\u0111\u1ed9 b\u1ec1n<\/strong>, Th\u1ebb RFID t\u1ef1 h\u00e0o c\u00f3 thi\u1ebft k\u1ebf m\u1ea1nh m\u1ebd c\u00f3 th\u1ec3 ch\u1ecbu \u0111\u01b0\u1ee3c nh\u1eefng th\u00e1ch th\u1ee9c do gi\u1eb7t l\u00e0 th\u01b0\u01a1ng m\u1ea1i g\u00e2y ra. V\u1edbi kh\u1ea3 n\u0103ng ch\u1ecbu \u0111\u01b0\u1ee3c nhi\u1ec7t \u0111\u1ed9 cao v\u00e0 ti\u1ebfp x\u00fac v\u1edbi h\u00f3a ch\u1ea5t m\u1ea1nh, ch\u1eb3ng h\u1ea1n nh\u01b0 thu\u1ed1c t\u1ea9y v\u00e0 ch\u1ea5t l\u00e0m m\u1ec1m v\u1ea3i, ch\u00fang \u0111\u01b0\u1ee3c t\u1ed1i \u01b0u h\u00f3a cho c\u1ea3 quy tr\u00ecnh gi\u1eb7t v\u00e0 s\u1ea5y.<\/p>\n<p>C\u00e1c\u00a0<strong>c\u00f3 th\u1ec3 gi\u1eb7t \u0111\u01b0\u1ee3c<\/strong>\u00a0c\u1ee7a nh\u1eefng th\u1ebb n\u00e0y c\u00f3 ngh\u0129a l\u00e0 ch\u00fang c\u00f3 th\u1ec3 \u0111\u01b0\u1ee3c t\u00edch h\u1ee3p li\u1ec1n m\u1ea1ch v\u00e0o c\u00e1c m\u1eb7t h\u00e0ng gi\u1eb7t \u1ee7i hi\u1ec7n c\u00f3 c\u1ee7a b\u1ea1n. Kh\u1ea3 n\u0103ng th\u00edch \u1ee9ng n\u00e0y cho ph\u00e9p d\u1ec5 d\u00e0ng g\u1eafn v\u00e0o qu\u1ea7n \u00e1o v\u00e0 v\u1ea3i lanh th\u00f4ng qua kh\u00e2u ho\u1eb7c \u1ee9ng d\u1ee5ng keo d\u00e1n, do \u0111\u00f3 tr\u00e1nh b\u1ea5t k\u1ef3 s\u1ef1 gi\u00e1n \u0111o\u1ea1n n\u00e0o \u0111\u1ed1i v\u1edbi ch\u1ee9c n\u0103ng ho\u1eb7c v\u1ebb ngo\u00e0i c\u1ee7a c\u00e1c m\u1eb7t h\u00e0ng d\u1ec7t may c\u1ee7a b\u1ea1n.<\/p>\n<\/div>\n<div data-spm-anchor-id=\"a2700.details.0.i57.23b419c7xXORP0\"><\/div>\n<h3 class=\"wp-block-heading\">C\u00e0i \u0111\u1eb7t<\/h3>\n<p><strong>G\u1eafn th\u1ebb kh\u00e2u<\/strong>: \u0110\u1ec3 kh\u00e2u v\u00e0o vi\u1ec1n v\u1ea3i. Kh\u00e2u nh\u00e3n gi\u1eb7t ra kh\u1ecfi \u0111\u01b0\u1eddng g\u1ea5p.<br \/>\n<strong>H\u00e0n nhi\u1ec7t<\/strong>: \u0110\u01b0\u1ee3c h\u00e0n nhi\u1ec7t tr\u1ef1c ti\u1ebfp l\u00ean v\u1ea3i \u1edf nhi\u1ec7t \u0111\u1ed9 +200\u00b0C (392\u00b0F), trong 12~14 gi\u00e2y.<br \/>\n<strong>Trong t\u00fai<\/strong>: \u0110\u1ec3 kh\u00e2u nh\u01b0 nh\u00e3n ch\u0103m s\u00f3c ti\u00eau chu\u1ea9n. Kh\u00e2u nh\u00e3n gi\u1eb7t ra kh\u1ecfi \u0111\u01b0\u1eddng g\u1ea5p.<\/p>\n<div class=\"auto-hide-last-sibling-br paragraph_1252f paragraph-element\">\n<h2 class=\"auto-hide-last-sibling-br paragraph_1252f paragraph-element\"><strong>C\u00f4ng d\u1ee5ng c\u1ee7a Th\u1ebb gi\u1eb7t UHF RFID b\u1eb1ng v\u1ea3i d\u1ec7t<\/strong><\/h2>\n<ol class=\"auto-hide-last-sibling-br\">\n<li>Gi\u1eb7t l\u00e0 c\u00f4ng nghi\u1ec7p: T\u1ed1i \u01b0u h\u00f3a quy tr\u00ecnh v\u1ec7 sinh v\u00e0 h\u1eadu c\u1ea7n ph\u00e2n ph\u1ed1i \u0111\u1ed3 gi\u1eb7t \u0111\u1ed3ng ph\u1ee5c.<\/li>\n<li>Ng\u00e0nh d\u1ecbch v\u1ee5 kh\u00e1ch s\u1ea1n: N\u00e2ng cao kh\u1ea3 n\u0103ng qu\u1ea3n l\u00fd h\u1ec7 th\u1ed1ng gi\u1eb7t l\u00e0 \u0111\u1ed3 d\u00f9ng v\u00e0 kh\u0103n t\u1eafm trong kh\u00e1ch s\u1ea1n.<\/li>\n<li>Ng\u00e0nh ch\u0103m s\u00f3c s\u1ee9c kh\u1ecfe: H\u1ed7 tr\u1ee3 t\u1ed5 ch\u1ee9c v\u00e0 b\u1ea3o tr\u00ec trang ph\u1ee5c b\u1ec7nh vi\u1ec7n v\u00e0 ch\u0103m s\u00f3c s\u1ee9c kh\u1ecfe.<\/li>\n<\/ol>\n<h3>Nh\u1eefng c\u00e2n nh\u1eafc v\u1ec1 m\u00f4i tr\u01b0\u1eddng<\/h3>\n<p>S\u1eed d\u1ee5ng\u00a0<strong>Th\u1ebb v\u1ea3i RFID<\/strong>\u00a0c\u0169ng g\u00f3p ph\u1ea7n v\u00e0o t\u00ednh b\u1ec1n v\u1eefng c\u1ee7a m\u00f4i tr\u01b0\u1eddng. Kh\u1ea3 n\u0103ng t\u00e1i s\u1eed d\u1ee5ng v\u00e0 theo d\u00f5i v\u1ea3i lanh gi\u00fap gi\u1ea3m thi\u1ec3u ch\u1ea5t th\u1ea3i, \u0111\u1ea3m b\u1ea3o c\u00e1c m\u1eb7t h\u00e0ng \u0111\u01b0\u1ee3c s\u1eed d\u1ee5ng hi\u1ec7u qu\u1ea3 trong su\u1ed1t v\u00f2ng \u0111\u1eddi c\u1ee7a ch\u00fang. H\u01a1n n\u1eefa, \u0111\u1ed9 b\u1ec1n c\u1ee7a c\u00e1c th\u1ebb n\u00e0y c\u00f3 ngh\u0129a l\u00e0 \u00edt ph\u1ea3i thay th\u1ebf h\u01a1n, gi\u1ea3m thi\u1ec3u d\u1ea5u ch\u00e2n m\u00f4i tr\u01b0\u1eddng li\u00ean quan \u0111\u1ebfn s\u1ea3n xu\u1ea5t v\u00e0 th\u1ea3i b\u1ecf li\u00ean t\u1ee5c.<\/p>\n<h3>C\u00e2u h\u1ecfi th\u01b0\u1eddng g\u1eb7p v\u1ec1 Th\u1ebb v\u1ea3i lanh RFID<\/h3>\n<p><strong>H: Th\u1ebb c\u00f3 th\u1ec3 ch\u1ecbu \u0111\u01b0\u1ee3c bao nhi\u00eau l\u1ea7n gi\u1eb7t?<\/strong><br \/>\nA: C\u1ee7a ch\u00fang t\u00f4i\u00a0<strong>Th\u1ebb v\u1ea3i RFID<\/strong>\u00a0\u0111\u01b0\u1ee3c thi\u1ebft k\u1ebf \u0111\u1ec3 duy tr\u00ec ch\u1ee9c n\u0103ng ngay c\u1ea3 sau khi\u00a0<strong>200 chu tr\u00ecnh gi\u1eb7t<\/strong>, l\u00e0m cho ch\u00fang c\u00f3 \u0111\u1ed9 b\u1ec1n cao khi s\u1eed d\u1ee5ng l\u00e2u d\u00e0i.<\/p>\n<p><strong>H: Nh\u00e3n m\u00e1c c\u00f3 th\u1ec3 \u0111\u01b0\u1ee3c kh\u00e2u v\u00e0o b\u1ea5t k\u1ef3 lo\u1ea1i v\u1ea3i n\u00e0o kh\u00f4ng?<\/strong><br \/>\nA: C\u00f3, c\u00e1c th\u1ebb c\u00f3 th\u1ec3 \u0111\u01b0\u1ee3c t\u00edch h\u1ee3p li\u1ec1n m\u1ea1ch v\u1edbi nhi\u1ec1u lo\u1ea1i v\u1eadt li\u1ec7u d\u1ec7t kh\u00e1c nhau, \u0111\u1ea3m b\u1ea3o ch\u00fang v\u1eabn b\u00e1m ch\u1eb7t trong su\u1ed1t qu\u00e1 tr\u00ecnh gi\u1eb7t.<\/p>\n<p><strong>H: C\u00f4ng ngh\u1ec7 RFID c\u00f3 \u0111\u00e1ng tin c\u1eady \u0111\u1ec3 theo d\u00f5i v\u1ea3i lanh kh\u00f4ng?<\/strong><br \/>\nA: Ho\u00e0n to\u00e0n \u0111\u00fang! Th\u1ebb RFID cung c\u1ea5p \u0111\u1ed9 ch\u00ednh x\u00e1c theo d\u00f5i v\u00f4 song, gi\u1ea3m thi\u1ec3u th\u1ea5t tho\u00e1t v\u00e0 h\u1ed7 tr\u1ee3 qu\u1ea3n l\u00fd h\u00e0ng t\u1ed3n kho hi\u1ec7u qu\u1ea3.<\/p>\n<h3>Ph\u1ea7n k\u1ebft lu\u1eadn<\/h3>\n<p>T\u00f3m l\u1ea1i,\u00a0<strong>Th\u1ebb v\u1ea3i UHF RFID Linen<\/strong>\u00a0\u0111\u1ea1i di\u1ec7n cho t\u01b0\u01a1ng lai c\u1ee7a qu\u1ea3n l\u00fd gi\u1eb7t l\u00e0. B\u1eb1ng c\u00e1ch t\u0103ng c\u01b0\u1eddng hi\u1ec7u qu\u1ea3 theo d\u00f5i, \u0111\u1ed9 b\u1ec1n v\u00e0 hi\u1ec7u qu\u1ea3 v\u1ec1 chi ph\u00ed, ch\u00fang \u0111\u00f3ng vai tr\u00f2 l\u00e0 c\u00f4ng c\u1ee5 quan tr\u1ecdng cho b\u1ea5t k\u1ef3 doanh nghi\u1ec7p n\u00e0o ph\u1ee5 thu\u1ed9c v\u00e0o v\u1ea3i lanh v\u00e0 h\u00e0ng may m\u1eb7c. V\u1edbi c\u00f4ng ngh\u1ec7 ti\u00ean ti\u1ebfn v\u00e0 hi\u1ec7u su\u1ea5t m\u1ea1nh m\u1ebd, c\u00e1c th\u1ebb RFID n\u00e0y \u0111\u01b0\u1ee3c thi\u1ebft k\u1ebf \u0111\u1ec3 \u0111\u00e1p \u1ee9ng nhu c\u1ea7u c\u1ee7a ho\u1ea1t \u0111\u1ed9ng gi\u1eb7t l\u00e0 hi\u1ec7n \u0111\u1ea1i.<\/p>\n<\/div>","protected":false},"excerpt":{"rendered":"<p>Th\u1ebb v\u1ea3i UHF RFID cho v\u1ea3i lanh c\u0169ng c\u00f3 th\u1ec3 \u0111\u01b0\u1ee3c g\u1ecdi l\u00e0 Th\u1ebb gi\u1eb7t v\u1ea3i RAIN RFID, \u0111\u01b0\u1ee3c thi\u1ebft k\u1ebf t\u1ec9 m\u1ec9 \u0111\u1ec3 ho\u1ea1t \u0111\u1ed9ng li\u00ean t\u1ee5c trong \u0111i\u1ec1u ki\u1ec7n kh\u1eafc nghi\u1ec7t c\u1ee7a qu\u00e1 tr\u00ecnh gi\u1eb7t gi\u0169, ch\u1eb3ng h\u1ea1n nh\u01b0 kh\u1eed tr\u00f9ng, ti\u1ebfp x\u00fac v\u1edbi nhi\u1ec7t, gi\u1eb7t, s\u1ea5y v\u00e0 \u1ee7i. Nh\u1eefng th\u1ebb n\u00e0y kh\u00f4ng ch\u1ec9 c\u00f3 kh\u1ea3 n\u0103ng ch\u1ecbu \u0111\u01b0\u1ee3c h\u00e0ng tr\u0103m chu k\u1ef3 gi\u1eb7t m\u00e0 c\u00f2n duy tr\u00ec hi\u1ec7u su\u1ea5t RFID tuy\u1ec7t v\u1eddi v\u00e0 nh\u1ea5t qu\u00e1n ngay c\u1ea3 sau v\u00f4 s\u1ed1 l\u1ea7n gi\u1eb7t.<\/p>","protected":false},"featured_media":168,"template":"","meta":{"_kad_post_transparent":"default","_kad_post_title":"","_kad_post_layout":"default","_kad_post_sidebar_id":"","_kad_post_content_style":"default","_kad_post_vertical_padding":"default","_kad_post_feature":"","_kad_post_feature_position":"","_kad_post_header":false,"_kad_post_footer":false,"_kad_post_classname":""},"product_brand":[],"product_cat":[19],"product_tag":[31,312,65,30],"class_list":{"0":"post-167","1":"product","2":"type-product","3":"status-publish","4":"has-post-thumbnail","6":"product_cat-textile-rfid-laundry-tag","7":"product_tag-rfid-tag-for-linen-laundry","8":"product_tag-rfid-tags","9":"product_tag-textile-rfid-laundry-tags","10":"product_tag-uhf-rfid-laundry-tag","12":"first","13":"instock","14":"featured","15":"shipping-taxable","16":"product-type-simple","17":"entry","18":"content-bg","19":"loop-entry"},"_links":{"self":[{"href":"https:\/\/rfid-laundry-tag.com\/vi\/wp-json\/wp\/v2\/product\/167","targetHints":{"allow":["GET"]}}],"collection":[{"href":"https:\/\/rfid-laundry-tag.com\/vi\/wp-json\/wp\/v2\/product"}],"about":[{"href":"https:\/\/rfid-laundry-tag.com\/vi\/wp-json\/wp\/v2\/types\/product"}],"version-history":[{"count":3,"href":"https:\/\/rfid-laundry-tag.com\/vi\/wp-json\/wp\/v2\/product\/167\/revisions"}],"predecessor-version":[{"id":2680,"href":"https:\/\/rfid-laundry-tag.com\/vi\/wp-json\/wp\/v2\/product\/167\/revisions\/2680"}],"wp:featuredmedia":[{"embeddable":true,"href":"https:\/\/rfid-laundry-tag.com\/vi\/wp-json\/wp\/v2\/media\/168"}],"wp:attachment":[{"href":"https:\/\/rfid-laundry-tag.com\/vi\/wp-json\/wp\/v2\/media?parent=167"}],"wp:term":[{"taxonomy":"product_brand","embeddable":true,"href":"https:\/\/rfid-laundry-tag.com\/vi\/wp-json\/wp\/v2\/product_brand?post=167"},{"taxonomy":"product_cat","embeddable":true,"href":"https:\/\/rfid-laundry-tag.com\/vi\/wp-json\/wp\/v2\/product_cat?post=167"},{"taxonomy":"product_tag","embeddable":true,"href":"https:\/\/rfid-laundry-tag.com\/vi\/wp-json\/wp\/v2\/product_tag?post=167"}],"curies":[{"name":"wp","href":"https:\/\/api.w.org\/{rel}","templated":true}]}}