{"id":1669,"date":"2024-08-31T09:24:58","date_gmt":"2024-08-31T09:24:58","guid":{"rendered":"https:\/\/rfid-laundry-tag.com\/?post_type=product&#038;p=1669"},"modified":"2024-09-16T05:07:30","modified_gmt":"2024-09-16T05:07:30","slug":"uhf-rfid-laundry-button-heat-resistant-pps-tag","status":"publish","type":"product","link":"https:\/\/rfid-laundry-tag.com\/vi\/uhf-rfid-laundry-button-heat-resistant-pps-tag\/","title":{"rendered":"N\u00fat gi\u1eb7t UHF RFID Th\u1ebb PPS ch\u1ecbu nhi\u1ec7t"},"content":{"rendered":"<div class=\"J_module\">\n<div class=\"ife-detail-decorate-table\">\n<table class=\"has-title all magic-6\">\n<tbody>\n<tr>\n<td colspan=\"1\" rowspan=\"1\">\n<div class=\"magic-7\" data-spm-anchor-id=\"a2700.details.0.i45.77607d98vZbcDU\"><span class=\"magic-8\" style=\"color: #363535;\">T\u00ean m\u1eb7t h\u00e0ng<\/span><\/div>\n<\/td>\n<td colspan=\"1\" rowspan=\"1\">\n<div class=\"magic-9\"><span class=\"magic-8\">N\u00fat gi\u1eb7t UHF RFID Th\u1ebb PPS ch\u1ecbu nhi\u1ec7t<\/span><\/div>\n<\/td>\n<\/tr>\n<tr>\n<td colspan=\"1\" rowspan=\"1\">\n<div class=\"magic-7\"><span class=\"magic-10\" data-spm-anchor-id=\"a2700.pc-decorate.0.i10.28d333330XLbTD\"><span class=\"magic-8\">V\u1eadt li\u1ec7u<\/span><\/span><\/div>\n<\/td>\n<td colspan=\"1\" rowspan=\"1\">\n<div class=\"magic-9\"><span class=\"magic-8\">PPS<\/span><\/div>\n<\/td>\n<\/tr>\n<tr>\n<td colspan=\"1\" rowspan=\"1\">\n<div class=\"magic-7\"><span class=\"magic-8\">M\u00e0u s\u1eafc<\/span><\/div>\n<\/td>\n<td colspan=\"1\" rowspan=\"1\">\n<div class=\"magic-9\"><span class=\"magic-8\">\u0110en<\/span><\/div>\n<\/td>\n<\/tr>\n<tr>\n<td colspan=\"1\" rowspan=\"1\">S\u1ed1 l\u01b0\u1ee3ng \u0111\u1eb7t h\u00e0ng t\u1ed1i thi\u1ec3u<\/td>\n<td colspan=\"1\" rowspan=\"1\">500 chi\u1ebfc<\/td>\n<\/tr>\n<tr>\n<td colspan=\"1\" rowspan=\"1\">\n<div class=\"magic-7\"><span class=\"magic-8\">Nh\u00e0 s\u1ea3n xu\u1ea5t\/Chip<\/span><\/div>\n<\/td>\n<td colspan=\"1\" rowspan=\"1\">\n<div class=\"magic-9\"><span class=\"magic-8\">NXP UCODE 8, UCODE 9, Alien H3, Higgs 9, v.v.<\/span><\/div>\n<\/td>\n<\/tr>\n<tr>\n<td colspan=\"1\" rowspan=\"1\">\n<div class=\"magic-7\"><span class=\"magic-8\">T\u00ednh th\u01b0\u1eddng xuy\u00ean<\/span><\/div>\n<\/td>\n<td colspan=\"1\" rowspan=\"1\">\n<div class=\"magic-9\"><span class=\"magic-8\">860-960MHz\/<\/span><\/div>\n<\/td>\n<\/tr>\n<tr>\n<td colspan=\"1\" rowspan=\"1\">\n<div class=\"magic-7\"><span class=\"magic-8\">K\u00fd \u1ee9c<\/span><\/div>\n<\/td>\n<td colspan=\"1\" rowspan=\"1\">\n<div class=\"magic-9\"><span class=\"magic-8\">96 Bit\/128 Bit<\/span><\/div>\n<\/td>\n<\/tr>\n<tr>\n<td colspan=\"1\" rowspan=\"1\">\n<div class=\"magic-7\"><span class=\"magic-8\">Kho\u1ea3ng c\u00e1ch \u0111\u1ecdc<\/span><\/div>\n<\/td>\n<td colspan=\"1\" rowspan=\"1\">\n<div class=\"magic-9\"><span class=\"magic-8\">1-6 ph\u00fat<\/span><\/div>\n<\/td>\n<\/tr>\n<tr>\n<td colspan=\"1\" rowspan=\"1\">\n<div class=\"magic-7\"><span class=\"magic-8\">Ch\u1ebf \u0111\u1ed9 l\u00e0m vi\u1ec7c<\/span><\/div>\n<\/td>\n<td colspan=\"1\" rowspan=\"1\">\n<div class=\"magic-9\"><span class=\"magic-8\">th\u1ee5 \u0111\u1ed9ng<\/span><\/div>\n<\/td>\n<\/tr>\n<tr>\n<td colspan=\"1\" rowspan=\"1\">\n<div class=\"magic-7\"><span class=\"magic-8\">Nhi\u1ec7t \u0111\u1ed9 l\u00e0m vi\u1ec7c<\/span><\/div>\n<\/td>\n<td colspan=\"1\" rowspan=\"1\">\n<div class=\"magic-9\"><span class=\"magic-8\">-25\u2103~+110\u2103<\/span><\/div>\n<\/td>\n<\/tr>\n<tr>\n<td colspan=\"1\" rowspan=\"1\">\n<div class=\"magic-7\"><span class=\"magic-8\">Nhi\u1ec7t \u0111\u1ed9 l\u01b0u tr\u1eef<\/span><\/div>\n<\/td>\n<td colspan=\"1\" rowspan=\"1\">\n<div class=\"magic-9\"><span class=\"magic-8\">-40\u2103~+85\u2103<\/span><\/div>\n<\/td>\n<\/tr>\n<tr>\n<td colspan=\"1\" rowspan=\"1\">\n<div class=\"magic-7\">\n<div><span class=\"magic-8\">\u00a0<\/span><\/div>\n<p><span class=\"magic-8\">Kh\u1ea3 n\u0103ng ch\u1ecbu nhi\u1ec7t \u0111\u1ed9 ng\u1eafn h\u1ea1n<\/span><\/p>\n<\/div>\n<\/td>\n<td colspan=\"1\" rowspan=\"1\">\n<div class=\"magic-9\"><span class=\"magic-8\">gi\u1eb7t: 90\u2103, 15 ph\u00fat; s\u1ea5y kh\u00f4 tr\u01b0\u1edbc b\u1eb1ng b\u1ed9 chuy\u1ec3n \u0111\u1ed5i: 180\u2103, 30 ph\u00fat, 200 l\u1ea7n; \u1ee7i: 180\u2103, 10 gi\u00e2y, 200 l\u1ea7n; cao<br \/>\nnhi\u1ec7t \u0111\u1ed9 kh\u1eed tr\u00f9ng: 135\u2103, 20 ph\u00fat<\/span><\/div>\n<\/td>\n<\/tr>\n<tr>\n<td colspan=\"1\" rowspan=\"1\">\n<div class=\"magic-7\"><span class=\"magic-8\">\u0110\u1eb7c tr\u01b0ng<\/span><\/div>\n<\/td>\n<td colspan=\"1\" rowspan=\"1\">\n<div class=\"magic-9\"><span class=\"magic-8\">kh\u00f4ng th\u1ea5m n\u01b0\u1edbc, c\u00f3 th\u1ec3 gi\u1eb7t \u0111\u01b0\u1ee3c, ch\u1ecbu \u0111\u01b0\u1ee3c nhi\u1ec7t \u0111\u1ed9 cao<\/span><\/div>\n<\/td>\n<\/tr>\n<tr>\n<td colspan=\"1\" rowspan=\"1\">\n<div class=\"magic-7\"><span class=\"magic-8\">M\u1ea1ng s\u1ed1ng<\/span><\/div>\n<\/td>\n<td colspan=\"1\" rowspan=\"1\">\n<div class=\"magic-9\"><span class=\"magic-8\">gi\u1eb7t 200 l\u1ea7n ho\u1eb7c 3 n\u0103m<\/span><\/div>\n<\/td>\n<\/tr>\n<tr>\n<td colspan=\"1\" rowspan=\"1\">\n<div class=\"magic-7\"><span class=\"magic-8\">\u1ee8ng d\u1ee5ng<\/span><\/div>\n<\/td>\n<td colspan=\"1\" rowspan=\"1\">\n<div class=\"magic-9\"><span class=\"magic-8\">qu\u1ea3n l\u00fd v\u00e0 theo d\u00f5i gi\u1eb7t l\u00e0<\/span><\/div>\n<\/td>\n<\/tr>\n<\/tbody>\n<\/table>\n<\/div>\n<\/div>\n<div class=\"J_module\">\n<div class=\"detail-decorate-json-renderer-container\">\n<div class=\"magic-1\">\n<div class=\"magic-2\">\n<div class=\"magic-3\">\n<div><\/div>\n<div class=\"magic-4\">\n<div><strong>Th\u1ebb n\u00fat RFID<\/strong><\/div>\n<div><\/div>\n<\/div>\n<\/div>\n<div>\n<div class=\"auto-hide-last-sibling-br paragraph_1252f paragraph-element\">Th\u1ebb gi\u1eb7t PPS ch\u1ecbu nhi\u1ec7t \u0111\u1ed9 cao l\u00e0 gi\u1ea3i ph\u00e1p theo d\u00f5i tuy\u1ec7t v\u1eddi cho c\u00e1c c\u01a1 s\u1edf th\u01b0\u01a1ng m\u1ea1i nh\u01b0 c\u0103ng tin v\u00e0 nh\u00e0 h\u00e0ng, n\u01a1i th\u01b0\u1eddng xuy\u00ean ph\u1ea3i x\u1eed l\u00fd kh\u1ed1i l\u01b0\u1ee3ng l\u1edbn \u0111\u1ed3 d\u00f9ng tr\u00ean b\u00e0n \u0103n.<\/div>\n<\/div>\n<\/div>\n<div id=\"featuresXsp\" class=\"features-list toggle-opacity in\">\n<div class=\"features-xsp\">\n<div class=\"collapse-mobile ste-list\">\n<div class=\"collapse-mobile ste-list\"><\/div>\n<\/div>\n<\/div>\n<\/div>\n<div class=\"magic-2\">\n<div>\n<div class=\"auto-hide-last-sibling-br paragraph_1252f paragraph-element\">\n<h4>Chi ti\u1ebft m\u1eb7t h\u00e0ng<\/h4>\n<ul>\n<li><strong>T\u00ean:<\/strong>\u00a0N\u00fat gi\u1eb7t UHF RFID Th\u1ebb PPS ch\u1ecbu nhi\u1ec7t<\/li>\n<li><strong>V\u1eadt li\u1ec7u:<\/strong>\u00a0PPS (Polyphenylene Sulfide)<\/li>\n<li><strong>M\u00e0u s\u1eafc:<\/strong>\u00a0\u0110en<\/li>\n<li><strong>S\u1ed1 l\u01b0\u1ee3ng \u0111\u1eb7t h\u00e0ng t\u1ed1i thi\u1ec3u (MOQ):<\/strong>\u00a0500 chi\u1ebfc<\/li>\n<\/ul>\n<h4>Th\u00f4ng s\u1ed1 k\u1ef9 thu\u1eadt<\/h4>\n<ul>\n<li><strong>T\u00f9y ch\u1ecdn nh\u00e0 s\u1ea3n xu\u1ea5t\/chip:<\/strong>\n<ul>\n<li>NXP UCODE 8, UCODE 8m<\/li>\n<li>NXP UCODE 9<\/li>\n<li>Ng\u01b0\u1eddi ngo\u00e0i h\u00e0nh tinh Higgs\u2122 9<\/li>\n<\/ul>\n<\/li>\n<li><strong>T\u00ednh th\u01b0\u1eddng xuy\u00ean:<\/strong>\u00a0860-960MHz<\/li>\n<li><strong>T\u00f9y ch\u1ecdn b\u1ed9 nh\u1edb:<\/strong>\n<ul>\n<li>96 Bit<\/li>\n<li>128 Bit<\/li>\n<\/ul>\n<\/li>\n<li><strong>Kho\u1ea3ng c\u00e1ch \u0111\u1ecdc:<\/strong>\u00a01-6 m\u00e9t<\/li>\n<li><strong>Ch\u1ebf \u0111\u1ed9 l\u00e0m vi\u1ec7c:<\/strong>\u00a0Th\u1ee5 \u0111\u1ed9ng<\/li>\n<li><strong>Nhi\u1ec7t \u0111\u1ed9 ho\u1ea1t \u0111\u1ed9ng:<\/strong>\u00a0-25\u00b0C \u0111\u1ebfn +110\u00b0C<\/li>\n<li><strong>Nhi\u1ec7t \u0111\u1ed9 l\u01b0u tr\u1eef:<\/strong>\u00a0-40\u00b0C \u0111\u1ebfn +85\u00b0C<\/li>\n<\/ul>\n<h4>Kh\u1ea3 n\u0103ng ch\u1ecbu nhi\u1ec7t \u0111\u1ed9 ng\u1eafn h\u1ea1n<\/h4>\n<ul>\n<li><strong>Gi\u1eb7t gi\u0169:<\/strong>\u00a090\u00b0C trong 15 ph\u00fat<\/li>\n<li><strong>B\u1ed9 chuy\u1ec3n \u0111\u1ed5i s\u1ea5y kh\u00f4 tr\u01b0\u1edbc:<\/strong>\u00a0180\u00b0C trong 30 ph\u00fat (200 chu k\u1ef3)<\/li>\n<li><strong>\u1ee6i:<\/strong>\u00a0180\u00b0C trong 10 gi\u00e2y (200 chu k\u1ef3)<\/li>\n<li><strong>Ti\u1ec7t tr\u00f9ng \u1edf nhi\u1ec7t \u0111\u1ed9 cao:<\/strong>\u00a0135\u00b0C trong 20 ph\u00fat<\/li>\n<\/ul>\n<h4>C\u00e1c t\u00ednh n\u0103ng ch\u00ednh<\/h4>\n<ul>\n<li>Kh\u00f4ng th\u1ea5m n\u01b0\u1edbc v\u00e0 c\u00f3 th\u1ec3 gi\u1eb7t \u0111\u01b0\u1ee3c<\/li>\n<li>Kh\u1ea3 n\u0103ng ch\u1ecbu nhi\u1ec7t \u0111\u1ed9 cao<\/li>\n<li>Ph\u00f9 h\u1ee3p v\u1edbi \u0111i\u1ec1u ki\u1ec7n gi\u1eb7t l\u00e0 c\u00f4ng nghi\u1ec7p<\/li>\n<li>\u0110\u01b0\u1ee3c thi\u1ebft k\u1ebf \u0111\u1ec3 c\u00f3 \u0111\u1ed9 b\u1ec1n l\u00e2u d\u00e0i: 200 l\u1ea7n gi\u1eb7t ho\u1eb7c 3 n\u0103m<\/li>\n<\/ul>\n<h4>\u1ee8ng d\u1ee5ng<\/h4>\n<ul>\n<li><strong>C\u00f4ng d\u1ee5ng ch\u00ednh:<\/strong>\u00a0Qu\u1ea3n l\u00fd v\u00e0 theo d\u00f5i gi\u1eb7t l\u00e0 trong c\u00e1c c\u01a1 s\u1edf th\u01b0\u01a1ng m\u1ea1i (v\u00ed d\u1ee5: c\u0103ng tin, nh\u00e0 h\u00e0ng)<\/li>\n<li><strong>G\u1eafn th\u1ebb \u0111a n\u0103ng:<\/strong>\u00a0C\u00f3 th\u1ec3 d\u00e1n v\u00e0o nhi\u1ec1u lo\u1ea1i v\u1ea3i kh\u00e1c nhau nh\u01b0 t\u1ea5t, \u00e1o s\u01a1 mi v\u00e0 kh\u0103n t\u1eafm \u0111\u1ec3 gi\u1ea3m thi\u1ec3u th\u1ea5t tho\u00e1t.<\/li>\n<\/ul>\n<h4>T\u00ednh n\u0103ng Chip<\/h4>\n<ul>\n<li><strong>NXP UCODE 8\/8m:<\/strong>\n<ul>\n<li>\u0110\u1ed9 nh\u1ea1y \u0111\u1ecdc: -23 dBm<\/li>\n<li>\u0110\u1ed9 nh\u1ea1y ghi: -18 dBm<\/li>\n<li>C\u00e1c ch\u1ee9c n\u0103ng s\u00e1ng t\u1ea1o \u0111\u1ec3 qu\u1ea3n l\u00fd h\u00e0ng t\u1ed3n kho<\/li>\n<\/ul>\n<\/li>\n<li><strong>NXP UCODE 9:<\/strong>\n<ul>\n<li>\u0110\u1ed9 nh\u1ea1y \u0111\u1ecdc: -24 dBm<\/li>\n<li>\u0110\u1ed9 nh\u1ea1y ghi: -22 dBm<\/li>\n<li>\u0110\u1ed9 b\u1ec1n chu k\u1ef3 ghi 100k<\/li>\n<\/ul>\n<\/li>\n<li><strong>Ng\u01b0\u1eddi ngo\u00e0i h\u00e0nh tinh Higgs\u2122 9:<\/strong>\n<ul>\n<li>1024 Bit b\u1ed9 nh\u1edb NVM\/RAM<\/li>\n<li>Tu\u00e2n th\u1ee7 GS1 Class 1 Gen 2 v\u00e0 ISO\/IEC 18000-6C<\/li>\n<\/ul>\n<\/li>\n<\/ul>\n<p>Nh\u1eefng th\u1ebb n\u00e0y cung c\u1ea5p gi\u1ea3i ph\u00e1p m\u1ea1nh m\u1ebd \u0111\u1ec3 theo d\u00f5i \u0111\u1ed3 v\u1ea3i trong c\u00e1c \u1ee9ng d\u1ee5ng gi\u1eb7t l\u00e0, \u0111\u1ea3m b\u1ea3o hi\u1ec7u su\u1ea5t cao v\u00e0 \u0111\u1ed9 b\u1ec1n trong nhi\u1ec1u m\u00f4i tr\u01b0\u1eddng kh\u1eafc nghi\u1ec7t.<\/p>\n<\/div>\n<div class=\"auto-hide-last-sibling-br paragraph_1252f paragraph-element\"><\/div>\n<\/div>\n<\/div>\n<\/div>\n<\/div>\n<\/div>","protected":false},"excerpt":{"rendered":"<p>N\u00fat gi\u1eb7t UHF RFID Th\u1ebb PPS ch\u1ecbu nhi\u1ec7t \u0111\u1ec3 theo d\u00f5i hi\u1ec7u qu\u1ea3, ch\u1ecbu \u0111\u01b0\u1ee3c nhi\u1ec7t \u0111\u1ed9 cao, kh\u00f4ng th\u1ea5m n\u01b0\u1edbc v\u00e0 l\u00fd t\u01b0\u1edfng cho vi\u1ec7c qu\u1ea3n l\u00fd gi\u1eb7t l\u00e0 th\u01b0\u01a1ng m\u1ea1i<\/p>","protected":false},"featured_media":1670,"template":"","meta":{"_kad_post_transparent":"default","_kad_post_title":"","_kad_post_layout":"default","_kad_post_sidebar_id":"","_kad_post_content_style":"default","_kad_post_vertical_padding":"default","_kad_post_feature":"","_kad_post_feature_position":"","_kad_post_header":false,"_kad_post_footer":false,"_kad_post_classname":""},"product_brand":[],"product_cat":[21,16],"product_tag":[226,35,225,30],"class_list":{"0":"post-1669","1":"product","2":"type-product","3":"status-publish","4":"has-post-thumbnail","6":"product_cat-pps-rfid-laundry-tag","7":"product_cat-uhf-rfid-laundry-tags","8":"product_tag-heat-resistant-pps-rfid-tag","9":"product_tag-rfid-button","10":"product_tag-uhf-rfid-laundry-button","11":"product_tag-uhf-rfid-laundry-tag","13":"first","14":"instock","15":"shipping-taxable","16":"product-type-simple","17":"entry","18":"content-bg","19":"loop-entry"},"_links":{"self":[{"href":"https:\/\/rfid-laundry-tag.com\/vi\/wp-json\/wp\/v2\/product\/1669","targetHints":{"allow":["GET"]}}],"collection":[{"href":"https:\/\/rfid-laundry-tag.com\/vi\/wp-json\/wp\/v2\/product"}],"about":[{"href":"https:\/\/rfid-laundry-tag.com\/vi\/wp-json\/wp\/v2\/types\/product"}],"version-history":[{"count":2,"href":"https:\/\/rfid-laundry-tag.com\/vi\/wp-json\/wp\/v2\/product\/1669\/revisions"}],"predecessor-version":[{"id":1672,"href":"https:\/\/rfid-laundry-tag.com\/vi\/wp-json\/wp\/v2\/product\/1669\/revisions\/1672"}],"wp:featuredmedia":[{"embeddable":true,"href":"https:\/\/rfid-laundry-tag.com\/vi\/wp-json\/wp\/v2\/media\/1670"}],"wp:attachment":[{"href":"https:\/\/rfid-laundry-tag.com\/vi\/wp-json\/wp\/v2\/media?parent=1669"}],"wp:term":[{"taxonomy":"product_brand","embeddable":true,"href":"https:\/\/rfid-laundry-tag.com\/vi\/wp-json\/wp\/v2\/product_brand?post=1669"},{"taxonomy":"product_cat","embeddable":true,"href":"https:\/\/rfid-laundry-tag.com\/vi\/wp-json\/wp\/v2\/product_cat?post=1669"},{"taxonomy":"product_tag","embeddable":true,"href":"https:\/\/rfid-laundry-tag.com\/vi\/wp-json\/wp\/v2\/product_tag?post=1669"}],"curies":[{"name":"wp","href":"https:\/\/api.w.org\/{rel}","templated":true}]}}