{"id":163,"date":"2024-06-15T11:55:44","date_gmt":"2024-06-15T11:55:44","guid":{"rendered":"https:\/\/rfid-laundry-tag.com\/?post_type=product&#038;p=163"},"modified":"2024-06-15T12:33:50","modified_gmt":"2024-06-15T12:33:50","slug":"laundry-tag-rfid-silicon","status":"publish","type":"product","link":"https:\/\/rfid-laundry-tag.com\/vi\/laundry-tag-rfid-silicon\/","title":{"rendered":"Th\u1ebb gi\u1eb7t RFID Silicon"},"content":{"rendered":"<table style=\"font-family: var(--global-body-font-family);\" width=\"537\">\n<tbody>\n<tr>\n<td width=\"228\">T\u00ean<\/td>\n<td width=\"309\">Th\u1ebb gi\u1eb7t RFID Silicon<\/td>\n<\/tr>\n<tr>\n<td width=\"228\">C\u00e1ch th\u1ee9c<\/td>\n<td width=\"309\">SL-01<\/td>\n<\/tr>\n<tr>\n<td width=\"228\">V\u1eadt li\u1ec7u<\/td>\n<td width=\"309\">Silicon<\/td>\n<\/tr>\n<tr>\n<td width=\"228\">M\u00e0u s\u1eafc<\/td>\n<td width=\"309\">Tr\u1eafng (Ho\u1eb7c t\u00f9y ch\u1ec9nh)<\/td>\n<\/tr>\n<tr>\n<td width=\"228\">K\u00edch c\u1ee1<\/td>\n<td width=\"309\">55mm*12mm, \u0111\u1ed9 d\u00e0y 2,5mm<\/td>\n<\/tr>\n<tr>\n<td width=\"228\">Chip<\/td>\n<td width=\"309\">915Mhz NXP U m\u00e3 9, Alien H3, H9, v.v.<\/td>\n<\/tr>\n<tr>\n<td width=\"228\">Nhi\u1ec7t \u0111\u1ed9 l\u00e0m vi\u1ec7c<\/td>\n<td width=\"309\">\u2013 25\u00baC \u0111\u1ebfn +75\u00baC<\/td>\n<\/tr>\n<tr>\n<td width=\"228\">Chu tr\u00ecnh gi\u1eb7t<\/td>\n<td width=\"309\">200 l\u1ea7n<\/td>\n<\/tr>\n<tr>\n<td width=\"228\">Kh\u00f4ng th\u1ea5m n\u01b0\u1edbc<\/td>\n<td width=\"309\">\u0110\u00fang<\/td>\n<\/tr>\n<tr>\n<td width=\"228\">Kh\u00e1ng h\u00f3a ch\u1ea5t<\/td>\n<td width=\"309\">\u0110\u00fang<\/td>\n<\/tr>\n<\/tbody>\n<\/table>\n<p data-spm-anchor-id=\"a2700.details.0.i116.60201a70jOXdOd\">\n<p data-spm-anchor-id=\"a2700.details.0.i116.60201a70jOXdOd\"><strong>\u1ee8ng d\u1ee5ng :<\/strong><\/p>\n<ol class=\"auto-hide-last-sibling-br\">\n<li>\n<div class=\"auto-hide-last-sibling-br paragraph_1252f paragraph-element\">C\u00f3 th\u1ec3 gi\u1eb7t v\u00e0 t\u00e1i s\u1eed d\u1ee5ng: Nh\u1eefng th\u1ebb n\u00e0y \u0111\u01b0\u1ee3c thi\u1ebft k\u1ebf \u0111\u1ec3 ch\u1ecbu \u0111\u01b0\u1ee3c nhi\u1ec1u chu k\u1ef3 gi\u1eb7t, do \u0111\u00f3 tr\u1edf th\u00e0nh gi\u1ea3i ph\u00e1p ti\u1ebft ki\u1ec7m chi ph\u00ed cho m\u1ee5c \u0111\u00edch s\u1eed d\u1ee5ng l\u00e2u d\u00e0i.<\/div>\n<\/li>\n<li>\n<div class=\"auto-hide-last-sibling-br paragraph_1252f paragraph-element\">D\u00e0nh cho \u0111i\u1ec1u ki\u1ec7n gi\u1eb7t gi\u0169 kh\u1eafc nghi\u1ec7t: \u0110\u01b0\u1ee3c thi\u1ebft k\u1ebf \u0111\u1eb7c bi\u1ec7t \u0111\u1ec3 ch\u1ecbu \u0111\u01b0\u1ee3c \u0111i\u1ec1u ki\u1ec7n gi\u1eb7t gi\u0169 kh\u1eafc nghi\u1ec7t.<\/div>\n<\/li>\n<li>\n<div class=\"auto-hide-last-sibling-br paragraph_1252f paragraph-element\">T\u00ednh ch\u1ea5t ch\u1ed1ng ch\u1ecbu: C\u00e1c th\u1ebb n\u00e0y c\u00f3 kh\u1ea3 n\u0103ng ch\u1ed1ng \u1ea9m, ch\u1ecbu \u0111\u01b0\u1ee3c nhi\u1ec7t \u0111\u1ed9 cao v\u00e0 ch\u1ed1ng l\u1ea1i nhi\u1ec1u lo\u1ea1i h\u00f3a ch\u1ea5t kh\u00e1c nhau, \u0111\u1ea3m b\u1ea3o ho\u1ea1t \u0111\u1ed9ng kh\u00f4ng b\u1ecb c\u1ea3n tr\u1edf trong nhi\u1ec1u \u0111i\u1ec1u ki\u1ec7n kh\u00e1c nhau.<\/div>\n<\/li>\n<li>\n<div class=\"auto-hide-last-sibling-br paragraph_1252f paragraph-element\">Ch\u1ea5t li\u1ec7u silicon th\u00e2n thi\u1ec7n v\u1edbi m\u00f4i tr\u01b0\u1eddng: \u0110\u01b0\u1ee3c l\u00e0m b\u1eb1ng silicon th\u00e2n thi\u1ec7n v\u1edbi m\u00f4i tr\u01b0\u1eddng, nh\u1eefng th\u1ebb n\u00e0y v\u00f4 h\u1ea1i v\u1edbi c\u01a1 th\u1ec3 con ng\u01b0\u1eddi v\u00e0 m\u00f4i tr\u01b0\u1eddng, ph\u00f9 h\u1ee3p v\u1edbi xu h\u01b0\u1edbng ti\u00eau d\u00f9ng c\u00f3 \u00fd th\u1ee9c v\u00e0 th\u1ef1c h\u00e0nh b\u1ec1n v\u1eefng.<\/div>\n<\/li>\n<li>\n<div class=\"auto-hide-last-sibling-br paragraph_1252f paragraph-element\">\u1ee8ng d\u1ee5ng r\u1ed9ng r\u00e3i: C\u00e1c th\u1ebb n\u00e0y c\u00f3 th\u1ec3 \u0111\u01b0\u1ee3c s\u1eed d\u1ee5ng thu\u1eadn ti\u1ec7n \u0111\u1ec3 qu\u1ea3n l\u00fd qu\u1ea7n \u00e1o, t\u0103ng c\u01b0\u1eddng ki\u1ec3m so\u00e1t an ninh v\u00e0 t\u1ed1i \u01b0u h\u00f3a ho\u1ea1t \u0111\u1ed9ng trong c\u00e1c c\u1eeda h\u00e0ng gi\u1eb7t l\u00e0 (bao g\u1ed3m c\u1ea3 ti\u1ec7m gi\u1eb7t l\u00e0 c\u00f4ng nghi\u1ec7p), mang l\u1ea1i hi\u1ec7u qu\u1ea3 v\u00e0 kh\u1ea3 n\u0103ng ki\u1ec3m so\u00e1t v\u01b0\u1ee3t tr\u1ed9i.<\/div>\n<\/li>\n<\/ol>\n<div class=\"auto-hide-last-sibling-br paragraph_1252f paragraph-element\">Th\u1ebb gi\u1eb7t \u1ee7i RFID Silicone, ho\u1ea1t \u0111\u1ed9ng trong ph\u1ea1m vi t\u1ea7n s\u1ed1 860~960MHz, \u0111\u01b0\u1ee3c thi\u1ebft k\u1ebf \u0111\u1eb7c bi\u1ec7t \u0111\u1ec3 ch\u1ecbu \u0111\u01b0\u1ee3c nhi\u1ec7t \u0111\u1ed9 cao v\u00e0 \u00e1p su\u1ea5t m\u1ea1nh th\u01b0\u1eddng th\u1ea5y trong c\u00e1c quy tr\u00ecnh gi\u1eb7t \u1ee7i. C\u00f3 th\u1ec3 s\u1eed d\u1ee5ng r\u1ed9ng r\u00e3i trong c\u00e1c m\u00f4i tr\u01b0\u1eddng kh\u1eafc nghi\u1ec7t \u0111\u00f2i h\u1ecfi kh\u1ea3 n\u0103ng ch\u1ed1ng ch\u1ecbu nhi\u1ec7t \u0111\u1ed9 cao, \u0103n m\u00f2n v\u00e0 hao m\u00f2n, \u0111\u1eb7c bi\u1ec7t l\u00e0 c\u00e1c c\u01a1 s\u1edf gi\u1eb7t \u1ee7i, ho\u1ea1t \u0111\u1ed9ng v\u1ec7 sinh c\u00f4ng nghi\u1ec7p v\u00e0 c\u00e1c ho\u1ea1t \u0111\u1ed9ng kh\u00e1c.<\/div>\n<p>&nbsp;<\/p>\n<div class=\"auto-hide-last-sibling-br paragraph_1252f paragraph-element\">Nh\u1eefng th\u1ebb gi\u1eb7t \u1ee7i RFID n\u00e0y c\u00f3 kh\u1ea3 n\u0103ng \u0111\u1ed9c \u0111\u00e1o l\u00e0 t\u00edch h\u1ee3p li\u1ec1n m\u1ea1ch v\u00e0o nhi\u1ec1u lo\u1ea1i m\u1eb7t h\u00e0ng d\u1ec7t may, bao g\u1ed3m \u00e1o s\u01a1 mi, \u0111\u1ed3ng ph\u1ee5c l\u00e0m vi\u1ec7c, kh\u0103n tr\u1ea3i gi\u01b0\u1eddng v\u00e0 c\u00e1c s\u1ea3n ph\u1ea9m v\u1ea3i kh\u00e1c. Do \u0111\u00f3, ch\u00fang cung c\u1ea5p gi\u1ea3i ph\u00e1p m\u1ea1nh m\u1ebd v\u00e0 hi\u1ec7u qu\u1ea3 \u0111\u1ec3 theo d\u00f5i v\u00e0 qu\u1ea3n l\u00fd nhi\u1ec1u lo\u1ea1i h\u00e0ng d\u1ec7t may trong nhi\u1ec1u ng\u00e0nh c\u00f4ng nghi\u1ec7p kh\u00e1c nhau.<\/div>\n<p>&nbsp;<\/p>","protected":false},"excerpt":{"rendered":"<p>Th\u1ebb gi\u1eb7t l\u00e0 silicon RFID th\u01b0\u1eddng \u0111\u01b0\u1ee3c s\u1eed d\u1ee5ng trong c\u00e1c ho\u1ea1t \u0111\u1ed9ng c\u01b0\u1eddng \u0111\u1ed9 cao nh\u01b0 quy tr\u00ecnh gi\u1eb7t l\u00e0 c\u00f4ng nghi\u1ec7p, qu\u1ea3n l\u00fd \u0111\u1ed3 v\u1ea3i kh\u00e1ch s\u1ea1n v\u00e0 theo d\u00f5i \u0111\u1ed3ng ph\u1ee5c y t\u1ebf. C\u00e1c th\u1ebb n\u00e0y \u0111\u01b0\u1ee3c bi\u1ebft \u0111\u1ebfn v\u1edbi t\u00ednh linh ho\u1ea1t v\u00e0 kh\u1ea3 n\u0103ng ch\u1ecbu nhi\u1ec7t \u0111\u1ed9 cao, \u0111\u01b0\u1ee3c thi\u1ebft k\u1ebf \u0111\u1ec3 ch\u1ecbu \u0111\u01b0\u1ee3c h\u01a1n 200 chu k\u1ef3 gi\u1eb7t, \u0111\u1ea3m b\u1ea3o hi\u1ec7u su\u1ea5t \u0111\u00e1ng tin c\u1eady ngay c\u1ea3 trong nh\u1eefng \u0111i\u1ec1u ki\u1ec7n kh\u1eaft khe nh\u1ea5t.<\/p>","protected":false},"featured_media":164,"template":"","meta":{"_kad_post_transparent":"default","_kad_post_title":"","_kad_post_layout":"default","_kad_post_sidebar_id":"","_kad_post_content_style":"default","_kad_post_vertical_padding":"default","_kad_post_feature":"","_kad_post_feature_position":"","_kad_post_header":false,"_kad_post_footer":false,"_kad_post_classname":""},"product_brand":[],"product_cat":[20,16],"product_tag":[76,62,61],"class_list":{"0":"post-163","1":"product","2":"type-product","3":"status-publish","4":"has-post-thumbnail","6":"product_cat-silicone-rfid-laundry-tag","7":"product_cat-uhf-rfid-laundry-tags","8":"product_tag-laundry-tag-rfid-silicon","9":"product_tag-silicone-rfid-laundry-tag","10":"product_tag-silicone-washable-rfid-laundry-tag","12":"first","13":"instock","14":"shipping-taxable","15":"product-type-simple","16":"entry","17":"content-bg","18":"loop-entry"},"_links":{"self":[{"href":"https:\/\/rfid-laundry-tag.com\/vi\/wp-json\/wp\/v2\/product\/163","targetHints":{"allow":["GET"]}}],"collection":[{"href":"https:\/\/rfid-laundry-tag.com\/vi\/wp-json\/wp\/v2\/product"}],"about":[{"href":"https:\/\/rfid-laundry-tag.com\/vi\/wp-json\/wp\/v2\/types\/product"}],"version-history":[{"count":0,"href":"https:\/\/rfid-laundry-tag.com\/vi\/wp-json\/wp\/v2\/product\/163\/revisions"}],"wp:featuredmedia":[{"embeddable":true,"href":"https:\/\/rfid-laundry-tag.com\/vi\/wp-json\/wp\/v2\/media\/164"}],"wp:attachment":[{"href":"https:\/\/rfid-laundry-tag.com\/vi\/wp-json\/wp\/v2\/media?parent=163"}],"wp:term":[{"taxonomy":"product_brand","embeddable":true,"href":"https:\/\/rfid-laundry-tag.com\/vi\/wp-json\/wp\/v2\/product_brand?post=163"},{"taxonomy":"product_cat","embeddable":true,"href":"https:\/\/rfid-laundry-tag.com\/vi\/wp-json\/wp\/v2\/product_cat?post=163"},{"taxonomy":"product_tag","embeddable":true,"href":"https:\/\/rfid-laundry-tag.com\/vi\/wp-json\/wp\/v2\/product_tag?post=163"}],"curies":[{"name":"wp","href":"https:\/\/api.w.org\/{rel}","templated":true}]}}