{"id":161,"date":"2024-06-15T10:09:40","date_gmt":"2024-06-15T10:09:40","guid":{"rendered":"https:\/\/rfid-laundry-tag.com\/?post_type=product&#038;p=161"},"modified":"2024-08-14T15:50:57","modified_gmt":"2024-08-14T15:50:57","slug":"iso15693-rfid-reusable-laundry-tag","status":"publish","type":"product","link":"https:\/\/rfid-laundry-tag.com\/vi\/iso15693-rfid-reusable-laundry-tag\/","title":{"rendered":"Th\u1ebb gi\u1eb7t \u1ee7i t\u00e1i s\u1eed d\u1ee5ng RFID ISO15693"},"content":{"rendered":"<div class=\"J_module\">\n<div class=\"ife-detail-decorate-table\">\n<table class=\"has-title all magic-6\">\n<tbody>\n<tr>\n<td colspan=\"1\" rowspan=\"1\">\n<div class=\"magic-7\" data-spm-anchor-id=\"a2700.details.0.i45.77607d98vZbcDU\"><span class=\"magic-8\" style=\"color: #363535;\">T\u00ean m\u1eb7t h\u00e0ng<\/span><\/div>\n<\/td>\n<td colspan=\"1\" rowspan=\"1\">\n<div class=\"magic-9\">Th\u1ebb gi\u1eb7t \u1ee7i t\u00e1i s\u1eed d\u1ee5ng RFID ISO15693<\/div>\n<\/td>\n<\/tr>\n<tr>\n<td colspan=\"1\" rowspan=\"1\">\n<div class=\"magic-7\"><span class=\"magic-10\" data-spm-anchor-id=\"a2700.pc-decorate.0.i10.28d333330XLbTD\"><span class=\"magic-8\">V\u1eadt li\u1ec7u<\/span><\/span><\/div>\n<\/td>\n<td colspan=\"1\" rowspan=\"1\">\n<div class=\"magic-9\"><span class=\"magic-8\">PPS<\/span><\/div>\n<\/td>\n<\/tr>\n<tr>\n<td colspan=\"1\" rowspan=\"1\">\n<div class=\"magic-7\"><span class=\"magic-8\">M\u00e0u s\u1eafc<\/span><\/div>\n<\/td>\n<td colspan=\"1\" rowspan=\"1\">\n<div class=\"magic-9\"><span class=\"magic-8\">\u0110en v.v.<\/span><\/div>\n<\/td>\n<\/tr>\n<tr>\n<td colspan=\"1\" rowspan=\"1\">S\u1ed1 l\u01b0\u1ee3ng \u0111\u1eb7t h\u00e0ng t\u1ed1i thi\u1ec3u<\/td>\n<td colspan=\"1\" rowspan=\"1\">500 chi\u1ebfc<\/td>\n<\/tr>\n<tr>\n<td colspan=\"1\" rowspan=\"1\">\n<div class=\"magic-7\"><span class=\"magic-8\">Nh\u00e0 s\u1ea3n xu\u1ea5t\/Chip<\/span><\/div>\n<\/td>\n<td colspan=\"1\" rowspan=\"1\">\n<div class=\"magic-9\"><span class=\"magic-8\">NXP I Code Slix; c\u00e1c t\u00f9y ch\u1ecdn kh\u00e1c: Ntag213, Ntag215, Ntag216, Mifare Ultralight ev1, v.v.<\/span><\/div>\n<\/td>\n<\/tr>\n<tr>\n<td colspan=\"1\" rowspan=\"1\">\n<div class=\"magic-7\"><span class=\"magic-8\">T\u00ednh th\u01b0\u1eddng xuy\u00ean<\/span><\/div>\n<\/td>\n<td colspan=\"1\" rowspan=\"1\">\n<div class=\"magic-9\"><span class=\"magic-8\">13,56MHz<\/span><\/div>\n<\/td>\n<\/tr>\n<tr>\n<td colspan=\"1\" rowspan=\"1\">\n<div class=\"magic-7\"><span class=\"magic-8\">K\u00fd \u1ee9c<\/span><\/div>\n<\/td>\n<td colspan=\"1\" rowspan=\"1\">\n<div class=\"magic-9\"><span class=\"magic-8\">1k Byte; B\u1ed9 nh\u1edb Chip kh\u00e1c: 144 Byte, 504 Byte, 888 Byte, 64 Byte, v.v.<\/span><\/div>\n<\/td>\n<\/tr>\n<tr>\n<td colspan=\"1\" rowspan=\"1\">\n<div class=\"magic-7\"><span class=\"magic-8\">Kho\u1ea3ng c\u00e1ch \u0111\u1ecdc<\/span><\/div>\n<\/td>\n<td colspan=\"1\" rowspan=\"1\">\n<div class=\"magic-9\"><span class=\"magic-8\">1~5cm<\/span><\/div>\n<\/td>\n<\/tr>\n<tr>\n<td colspan=\"1\" rowspan=\"1\">\n<div class=\"magic-7\"><span class=\"magic-8\">Ch\u1ebf \u0111\u1ed9 l\u00e0m vi\u1ec7c<\/span><\/div>\n<\/td>\n<td colspan=\"1\" rowspan=\"1\">\n<div class=\"magic-9\"><span class=\"magic-8\">th\u1ee5 \u0111\u1ed9ng<\/span><\/div>\n<\/td>\n<\/tr>\n<tr>\n<td colspan=\"1\" rowspan=\"1\">\n<div class=\"magic-7\"><span class=\"magic-8\">Nhi\u1ec7t \u0111\u1ed9 l\u00e0m vi\u1ec7c<\/span><\/div>\n<\/td>\n<td colspan=\"1\" rowspan=\"1\">\n<div class=\"magic-9\"><span class=\"magic-8\">-25\u2103~+110\u2103<\/span><\/div>\n<\/td>\n<\/tr>\n<tr>\n<td colspan=\"1\" rowspan=\"1\">\n<div class=\"magic-7\"><span class=\"magic-8\">Nhi\u1ec7t \u0111\u1ed9 l\u01b0u tr\u1eef<\/span><\/div>\n<\/td>\n<td colspan=\"1\" rowspan=\"1\">\n<div class=\"magic-9\"><span class=\"magic-8\">-40\u2103~+85\u2103<\/span><\/div>\n<\/td>\n<\/tr>\n<tr>\n<td colspan=\"1\" rowspan=\"1\">\n<div class=\"magic-7\">\n<div><span class=\"magic-8\">\u00a0<\/span><\/div>\n<p><span class=\"magic-8\">Kh\u1ea3 n\u0103ng ch\u1ecbu nhi\u1ec7t \u0111\u1ed9 ng\u1eafn h\u1ea1n<\/span><\/p>\n<\/div>\n<\/td>\n<td colspan=\"1\" rowspan=\"1\">\n<div class=\"magic-9\"><span class=\"magic-8\">gi\u1eb7t: 90\u2103, 15 ph\u00fat; s\u1ea5y kh\u00f4 tr\u01b0\u1edbc b\u1eb1ng b\u1ed9 chuy\u1ec3n \u0111\u1ed5i: 180\u2103, 30 ph\u00fat, 200 l\u1ea7n; \u1ee7i: 180\u2103, 10 gi\u00e2y, 200 l\u1ea7n; cao<br \/>\nnhi\u1ec7t \u0111\u1ed9 kh\u1eed tr\u00f9ng: 135\u2103, 20 ph\u00fat<\/span><\/div>\n<\/td>\n<\/tr>\n<tr>\n<td colspan=\"1\" rowspan=\"1\">\n<div class=\"magic-7\"><span class=\"magic-8\">\u0110\u1eb7c tr\u01b0ng<\/span><\/div>\n<\/td>\n<td colspan=\"1\" rowspan=\"1\">\n<div class=\"magic-9\"><span class=\"magic-8\">kh\u00f4ng th\u1ea5m n\u01b0\u1edbc, c\u00f3 th\u1ec3 gi\u1eb7t \u0111\u01b0\u1ee3c, ch\u1ecbu \u0111\u01b0\u1ee3c nhi\u1ec7t \u0111\u1ed9 cao<\/span><\/div>\n<\/td>\n<\/tr>\n<tr>\n<td colspan=\"1\" rowspan=\"1\">\n<div class=\"magic-7\"><span class=\"magic-8\">M\u1ea1ng s\u1ed1ng<\/span><\/div>\n<\/td>\n<td colspan=\"1\" rowspan=\"1\">\n<div class=\"magic-9\"><span class=\"magic-8\">gi\u1eb7t 200 l\u1ea7n ho\u1eb7c 3 n\u0103m<\/span><\/div>\n<\/td>\n<\/tr>\n<tr>\n<td colspan=\"1\" rowspan=\"1\">\n<div class=\"magic-7\"><span class=\"magic-8\">\u1ee8ng d\u1ee5ng<\/span><\/div>\n<\/td>\n<td colspan=\"1\" rowspan=\"1\">\n<div class=\"magic-9\"><span class=\"magic-8\">qu\u1ea3n l\u00fd v\u00e0 theo d\u00f5i gi\u1eb7t l\u00e0<\/span><\/div>\n<\/td>\n<\/tr>\n<\/tbody>\n<\/table>\n<\/div>\n<\/div>\n<div class=\"J_module\">\n<div class=\"detail-decorate-json-renderer-container\">\n<div class=\"magic-1\">\n<div>\n<div><\/div>\n<\/div>\n<div class=\"magic-2\">\n<div class=\"auto-hide-last-sibling-br paragraph_1252f paragraph-element\">\n<div class=\"auto-hide-last-sibling-br paragraph_1252f paragraph-element\">\n<div class=\"auto-hide-last-sibling-br paragraph_1252f paragraph-element\">Khi m\u1ed9t c\u00f4ng ty k\u1ebft lu\u1eadn r\u1eb1ng h\u1ec7 th\u1ed1ng theo d\u00f5i gi\u1eb7t \u1ee7i NFC c\u00f3 th\u1ec3 mang l\u1ea1i nh\u1eefng l\u1ee3i th\u1ebf \u0111\u00e1ng k\u1ec3, h\u00e0nh \u0111\u1ed9ng ti\u1ebfp theo l\u00e0 l\u1ef1a ch\u1ecdn Th\u1ebb gi\u1eb7t \u1ee7i t\u00e1i s\u1eed d\u1ee5ng RFID ISO15693 ph\u00f9 h\u1ee3p. Th\u1ebb gi\u1eb7t \u1ee7i NFC, c\u1ee5 th\u1ec3 l\u00e0 PPS-I Code Slix, c\u00f3 th\u1ec3 \u0111\u01b0\u1ee3c kh\u00e2u v\u00e0o b\u1ea5t k\u1ef3 m\u1eb7t h\u00e0ng qu\u1ea7n \u00e1o n\u00e0o, gi\u00fap c\u00e1c ch\u1ee9c n\u0103ng NFC ho\u1eb7c UHF c\u00f3 th\u1ec3 truy c\u1eadp b\u1ea5t k\u1ec3 v\u1ecb tr\u00ed.<\/div>\n<p>&nbsp;<\/p>\n<div class=\"auto-hide-last-sibling-br paragraph_1252f paragraph-element\">Th\u1ebb gi\u1eb7t l\u00e0 t\u00e1i s\u1eed d\u1ee5ng RFID ISO15693 \u0111\u01b0\u1ee3c s\u1eed d\u1ee5ng trong nhi\u1ec1u \u1ee9ng d\u1ee5ng nh\u01b0:<\/div>\n<ul class=\"auto-hide-last-sibling-br\">\n<li>Quy tr\u00ecnh gi\u1eb7t c\u00f4ng nghi\u1ec7p<\/li>\n<li>Qu\u1ea3n l\u00fd th\u1ed1ng nh\u1ea5t<\/li>\n<li>Gi\u00e1m s\u00e1t trang ph\u1ee5c y t\u1ebf<\/li>\n<li>Qu\u1ea3n l\u00fd qu\u1ea7n \u00e1o b\u1ea3o h\u1ed9 c\u00e1 nh\u00e2n (PPE)<\/li>\n<li>Ho\u1ea1t \u0111\u1ed9ng gi\u00e1m s\u00e1t nh\u00e2n s\u1ef1<\/li>\n<li>Qu\u1ea3n l\u00fd trang thi\u1ebft b\u1ecb ph\u00f2ng ch\u00e1y ch\u1eefa ch\u00e1y<\/li>\n<li>Gi\u00e1m s\u00e1t thi\u1ebft b\u1ecb tr\u01b0\u1ee3t tuy\u1ebft.<\/li>\n<\/ul>\n<div class=\"auto-hide-last-sibling-br paragraph_1252f paragraph-element\">C\u00e1c<strong> Th\u1ebb RFID t\u1ea7n s\u1ed1 cao th\u1ee5 \u0111\u1ed9ng ICODE SLI<\/strong> ho\u00e0n h\u1ea3o cho c\u00e1c nhi\u1ec7m v\u1ee5 nh\u01b0 quy tr\u00ecnh gi\u1eb7t l\u00e0, t\u1ea1o \u0111i\u1ec1u ki\u1ec7n cho chu\u1ed7i cung \u1ee9ng, quy \u0111\u1ecbnh h\u00e0ng t\u1ed3n kho, theo d\u00f5i t\u00e0i s\u1ea3n v\u00e0 gi\u00e1m s\u00e1t quy tr\u00ecnh. \u0110\u01b0\u1ee3c ch\u1ebf t\u1ea1o \u0111\u1ec3 ch\u1ecbu \u0111\u01b0\u1ee3c s\u1ef1 kh\u1eafc nghi\u1ec7t c\u1ee7a qu\u00e1 tr\u00ecnh \u1ee7i quay, th\u1ebb gi\u1eb7t RFID n\u00e0y c\u0169ng ch\u1ed1ng l\u1ea1i \u00e1p su\u1ea5t cao, nhi\u1ec7t \u0111\u1ed9 v\u00e0 h\u00f3a ch\u1ea5t theo y\u00eau c\u1ea7u trong theo d\u00f5i h\u00e0ng may m\u1eb7c kh\u00f4ng ti\u1ebfp x\u00fac trong ng\u00e0nh d\u1ec7t may v\u00e0 gi\u1eb7t l\u00e0.<\/div>\n<p>&nbsp;<\/p>\n<div class=\"auto-hide-last-sibling-br paragraph_1252f paragraph-element\">C\u00f3 th\u1ec3 d\u1ec5 d\u00e0ng l\u1eafp \u0111\u1eb7t l\u00ean b\u1ea5t k\u1ef3 lo\u1ea1i v\u1ea3i n\u00e0o b\u1eb1ng m\u00e1y h\u00e0n nhi\u1ec7t ti\u00eau chu\u1ea9n. B\u00ean trong l\u1edbp v\u1ecf v\u1ea3i m\u1ec1m d\u1ebbo l\u00e0 m\u1ed9t con chip kh\u00f4ng ti\u1ebfp x\u00fac nh\u1ecf g\u1ecdn, t\u0103ng kh\u1ea3 n\u0103ng ch\u1ed1ng ch\u1ecbu nhi\u1ec7t \u0111\u1ed9 cao v\u00e0 nhi\u1ec1u ph\u01b0\u01a1ng ph\u00e1p v\u1ec7 sinh chuy\u00ean s\u00e2u kh\u00e1c nhau, bao g\u1ed3m c\u1ea3 quy tr\u00ecnh gi\u1eb7t kh\u00f4.<\/div>\n<p>&nbsp;<\/p>\n<div class=\"auto-hide-last-sibling-br paragraph_1252f paragraph-element\">M\u1ed9t minh ch\u1ee9ng cho t\u00ednh linh ho\u1ea1t c\u1ee7a n\u00f3, th\u1ebb gi\u1eb7t \u1ee7i RFID m\u1ea1nh m\u1ebd n\u00e0y t\u01b0\u01a1ng th\u00edch v\u1edbi c\u1ea3 t\u1ea7n s\u1ed1 RFID t\u1ea7n s\u1ed1 th\u1ea5p (LF) v\u00e0 t\u1ea7n s\u1ed1 c\u1ef1c cao (UHF). C\u00e1c phi\u00ean b\u1ea3n th\u00edch \u1ee9ng c\u1ee7a n\u00f3 bao g\u1ed3m Th\u1ebb gi\u1eb7t \u1ee7i RFID th\u1ee5 \u0111\u1ed9ng 125 KHz cho c\u00e1c ho\u1ea1t \u0111\u1ed9ng t\u1ea7n s\u1ed1 th\u1ea5p v\u00e0 Th\u1ebb gi\u1eb7t \u1ee7i Gen 2 860 \u0111\u1ebfn 960 MHz cho c\u00e1c t\u01b0\u01a1ng t\u00e1c t\u1ea7n s\u1ed1 c\u1ef1c cao.<\/div>\n<\/div>\n<div><\/div>\n<\/div>\n<\/div>\n<div>\n<p>C\u00e1c <strong>IC ICODE SLIX<\/strong> l\u00e0 m\u1ed9t con chip chuy\u00ean d\u1ee5ng cho c\u00e1c \u1ee9ng d\u1ee5ng nh\u00e3n th\u00f4ng minh nh\u01b0 th\u01b0 vi\u1ec7n, x\u00e1c th\u1ef1c s\u1ea3n ph\u1ea9m trong c\u00e1c ng\u00e0nh c\u00f4ng nghi\u1ec7p kh\u00e1c nhau nh\u01b0 d\u01b0\u1ee3c ph\u1ea9m, thi\u1ebft b\u1ecb y t\u1ebf v\u00e0 r\u01b0\u1ee3u, c\u0169ng nh\u01b0 qu\u1ea3n l\u00fd s\u1ea3n xu\u1ea5t trong c\u00e1c l\u0129nh v\u1ef1c kh\u00e1c nhau c\u1ee7a ng\u00e0nh c\u00f4ng nghi\u1ec7p. IC n\u00e0y l\u00e0 th\u1ebf h\u1ec7 th\u1ee9 ba c\u1ee7a m\u1ed9t h\u1ecd s\u1ea3n ph\u1ea9m IC nh\u00e3n th\u00f4ng minh d\u1ef1a tr\u00ean c\u00e1c ti\u00eau chu\u1ea9n ISO ISO\/IEC 15693 v\u00e0 ISO\/IEC 18000-3, k\u00e9o d\u00e0i c\u00e2u chuy\u1ec7n th\u00e0nh c\u00f4ng c\u1ee7a NXP<sup>\u00ae<\/sup>\u00a0trong l\u0129nh v\u1ef1c h\u1ec7 th\u1ed1ng nh\u1eadn d\u1ea1ng khu v\u1ef1c l\u00e2n c\u1eadn.<\/p>\n<h3>Truy\u1ec1n d\u1eef li\u1ec7u v\u00e0 n\u0103ng l\u01b0\u1ee3ng kh\u00f4ng ti\u1ebfp x\u00fac<\/h3>\n<p>B\u1ea5t c\u1ee9 khi n\u00e0o \u0111\u01b0\u1ee3c k\u1ebft n\u1ed1i v\u1edbi m\u1ed9t lo\u1ea1i \u0103ng-ten r\u1ea5t \u0111\u01a1n gi\u1ea3n v\u00e0 d\u1ec5 s\u1ea3n xu\u1ea5t (do t\u1ea7n s\u1ed1 s\u00f3ng mang 13,56 MHz) \u0111\u01b0\u1ee3c t\u1ea1o th\u00e0nh t\u1eeb m\u1ed9t v\u00e0i cu\u1ed9n d\u00e2y \u0111\u01b0\u1ee3c in, qu\u1ea5n, kh\u1eafc ho\u1eb7c \u0111\u1ee5c l\u1ed7, IC ICODE SLIX c\u00f3 th\u1ec3 ho\u1ea1t \u0111\u1ed9ng m\u00e0 kh\u00f4ng c\u1ea7n \u0111\u01b0\u1eddng ng\u1eafm \u1edf kho\u1ea3ng c\u00e1ch l\u00ean \u0111\u1ebfn 1,5 m (chi\u1ec1u r\u1ed9ng c\u1ed5ng). Kh\u00f4ng c\u1ea7n pin. Khi nh\u00e3n th\u00f4ng minh \u0111\u01b0\u1ee3c \u0111\u1eb7t trong tr\u01b0\u1eddng c\u1ee7a \u0103ng-ten th\u1ea9m v\u1ea5n, giao di\u1ec7n truy\u1ec1n th\u00f4ng RF t\u1ed1c \u0111\u1ed9 cao cho ph\u00e9p truy\u1ec1n d\u1eef li\u1ec7u l\u00ean \u0111\u1ebfn 53 kbit\/gi\u00e2y.<\/p>\n<h3>Ch\u1ed1ng va ch\u1ea1m<\/h3>\n<p>Ch\u1ee9c n\u0103ng ch\u1ed1ng va ch\u1ea1m th\u00f4ng minh cho ph\u00e9p nhi\u1ec1u th\u1ebb ho\u1ea1t \u0111\u1ed9ng c\u00f9ng l\u00fac tr\u00ean th\u1ef1c \u0111\u1ecba. Thu\u1eadt to\u00e1n ch\u1ed1ng va ch\u1ea1m ch\u1ecdn t\u1eebng th\u1ebb ri\u00eang l\u1ebb v\u00e0 \u0111\u1ea3m b\u1ea3o th\u1ef1c hi\u1ec7n giao d\u1ecbch v\u1edbi th\u1ebb \u0111\u00e3 ch\u1ecdn \u0111\u01b0\u1ee3c th\u1ef1c hi\u1ec7n ch\u00ednh x\u00e1c m\u00e0 kh\u00f4ng l\u00e0m h\u1ecfng d\u1eef li\u1ec7u do c\u00e1c th\u1ebb kh\u00e1c tr\u00ean th\u1ef1c \u0111\u1ecba g\u00e2y ra.<\/p>\n<h3>\u0110\u1eb7c tr\u01b0ng<\/h3>\n<div id=\"featuresXsp\" class=\"features-list\">\n<div class=\"features-xsp\">\n<div class=\"collapse-mobile ste-list\">\n<h3>Giao di\u1ec7n RF ICODE SLIX (ISO\/IEC 15693)<\/h3>\n<ul class=\"boxes\">\n<li>Truy\u1ec1n d\u1eef li\u1ec7u v\u00e0 cung c\u1ea5p n\u0103ng l\u01b0\u1ee3ng kh\u00f4ng ti\u1ebfp x\u00fac (kh\u00f4ng c\u1ea7n pin)<\/li>\n<li>Kho\u1ea3ng c\u00e1ch ho\u1ea1t \u0111\u1ed9ng: l\u00ean \u0111\u1ebfn 1,5 m (t\u00f9y thu\u1ed9c v\u00e0o h\u00ecnh d\u1ea1ng \u0103ng-ten)<\/li>\n<li>T\u1ea7n s\u1ed1 ho\u1ea1t \u0111\u1ed9ng: 13,56 MHz (ISM, gi\u1ea5y ph\u00e9p to\u00e0n c\u1ea7u mi\u1ec5n ph\u00ed)<\/li>\n<li>Truy\u1ec1n d\u1eef li\u1ec7u nhanh: l\u00ean \u0111\u1ebfn 53 kbit\/gi\u00e2y<\/li>\n<li>T\u00ednh to\u00e0n v\u1eb9n d\u1eef li\u1ec7u cao: CRC 16 bit, \u0111\u00f3ng khung<\/li>\n<li>Ch\u1ed1ng va ch\u1ea1m th\u1ef1c s\u1ef1<\/li>\n<li>Gi\u00e1m s\u00e1t b\u00e0i vi\u1ebft \u0111i\u1ec7n t\u1eed \u0111\u01b0\u1ee3c b\u1ea3o v\u1ec7 b\u1eb1ng m\u1eadt kh\u1ea9u (EAS)<\/li>\n<li>M\u00e3 \u0111\u1ecbnh danh h\u1ecd \u1ee9ng d\u1ee5ng (AFI) \u0111\u01b0\u1ee3c b\u1ea3o v\u1ec7 b\u1eb1ng m\u1eadt kh\u1ea9u<\/li>\n<li>\u0110\u1ecbnh d\u1ea1ng l\u01b0u tr\u1eef d\u1eef li\u1ec7u (DSFID)<\/li>\n<li>\u0110\u1ecdc ch\u1ed1ng va ch\u1ea1m nhanh b\u1ed5 sung<\/li>\n<li>Kho\u1ea3ng c\u00e1ch ghi b\u1eb1ng kho\u1ea3ng c\u00e1ch \u0111\u1ecdc<\/li>\n<\/ul>\n<\/div>\n<div class=\"collapse-mobile ste-list\">\n<h3>B\u1ed9 nh\u1edb EEPROM<\/h3>\n<ul class=\"boxes\">\n<li>1024 bit, \u0111\u01b0\u1ee3c t\u1ed5 ch\u1ee9c th\u00e0nh 32 kh\u1ed1i, m\u1ed7i kh\u1ed1i 4 byte<\/li>\n<li>L\u01b0u gi\u1eef d\u1eef li\u1ec7u 50 n\u0103m<\/li>\n<li>\u0110\u1ed9 b\u1ec1n ghi 100000 chu k\u1ef3<\/li>\n<\/ul>\n<\/div>\n<div class=\"collapse-mobile ste-list\">\n<h3>B\u1ea3o v\u1ec7<\/h3>\n<ul class=\"boxes\">\n<li>M\u00e3 \u0111\u1ecbnh danh duy nh\u1ea5t cho m\u1ed7i thi\u1ebft b\u1ecb<\/li>\n<li>C\u01a1 ch\u1ebf kh\u00f3a cho m\u1ed7i kh\u1ed1i b\u1ed9 nh\u1edb ng\u01b0\u1eddi d\u00f9ng (b\u1ea3o v\u1ec7 ghi)<\/li>\n<li>C\u01a1 ch\u1ebf kh\u00f3a cho DSFID, AFI, EAS<\/li>\n<li>Ch\u1ee9c n\u0103ng EAS v\u00e0 AFI \u0111\u01b0\u1ee3c b\u1ea3o v\u1ec7 b\u1eb1ng m\u1eadt kh\u1ea9u (32 bit)<\/li>\n<\/ul>\n<\/div>\n<\/div>\n<\/div>\n<\/div>\n<div class=\"magic-2\">\n<div class=\"auto-hide-last-sibling-br paragraph_1252f paragraph-element\">\n<p>&nbsp;<\/p>\n<div class=\"auto-hide-last-sibling-br paragraph_1252f paragraph-element\"><\/div>\n<div class=\"auto-hide-last-sibling-br paragraph_1252f paragraph-element\"><\/div>\n<\/div>\n<\/div>\n<\/div>\n<\/div>\n<\/div>","protected":false},"excerpt":{"rendered":"<p>Th\u1ebb gi\u1eb7t l\u00e0 t\u00e1i s\u1eed d\u1ee5ng RFID \u0111\u1ea1t chu\u1ea9n ISO15693 ch\u1ecbu nhi\u1ec7t \u0111\u1ed9 cao \u0111\u01b0\u1ee3c l\u00e0m t\u1eeb v\u1eadt li\u1ec7u PPS hi\u1ec7u su\u1ea5t cao, c\u00f3 th\u1ec3 ch\u1ecbu \u0111\u01b0\u1ee3c nhi\u1ec7t \u0111\u1ed9 cao.<\/p>","protected":false},"featured_media":162,"template":"","meta":{"_kad_post_transparent":"default","_kad_post_title":"","_kad_post_layout":"default","_kad_post_sidebar_id":"","_kad_post_content_style":"default","_kad_post_vertical_padding":"default","_kad_post_feature":"","_kad_post_feature_position":"","_kad_post_header":false,"_kad_post_footer":false,"_kad_post_classname":""},"product_brand":[],"product_cat":[21,17],"product_tag":[75,37,39,45],"class_list":{"0":"post-161","1":"product","2":"type-product","3":"status-publish","4":"has-post-thumbnail","6":"product_cat-pps-rfid-laundry-tag","7":"product_cat-nfc-rfid-laundry-tag","8":"product_tag-iso15693-rfid-reusable-laundry-tag","9":"product_tag-nfc-button","10":"product_tag-nfc-laundry-tag","11":"product_tag-pps-washable-nfc-tags","13":"first","14":"instock","15":"shipping-taxable","16":"product-type-simple","17":"entry","18":"content-bg","19":"loop-entry"},"_links":{"self":[{"href":"https:\/\/rfid-laundry-tag.com\/vi\/wp-json\/wp\/v2\/product\/161","targetHints":{"allow":["GET"]}}],"collection":[{"href":"https:\/\/rfid-laundry-tag.com\/vi\/wp-json\/wp\/v2\/product"}],"about":[{"href":"https:\/\/rfid-laundry-tag.com\/vi\/wp-json\/wp\/v2\/types\/product"}],"version-history":[{"count":1,"href":"https:\/\/rfid-laundry-tag.com\/vi\/wp-json\/wp\/v2\/product\/161\/revisions"}],"predecessor-version":[{"id":1301,"href":"https:\/\/rfid-laundry-tag.com\/vi\/wp-json\/wp\/v2\/product\/161\/revisions\/1301"}],"wp:featuredmedia":[{"embeddable":true,"href":"https:\/\/rfid-laundry-tag.com\/vi\/wp-json\/wp\/v2\/media\/162"}],"wp:attachment":[{"href":"https:\/\/rfid-laundry-tag.com\/vi\/wp-json\/wp\/v2\/media?parent=161"}],"wp:term":[{"taxonomy":"product_brand","embeddable":true,"href":"https:\/\/rfid-laundry-tag.com\/vi\/wp-json\/wp\/v2\/product_brand?post=161"},{"taxonomy":"product_cat","embeddable":true,"href":"https:\/\/rfid-laundry-tag.com\/vi\/wp-json\/wp\/v2\/product_cat?post=161"},{"taxonomy":"product_tag","embeddable":true,"href":"https:\/\/rfid-laundry-tag.com\/vi\/wp-json\/wp\/v2\/product_tag?post=161"}],"curies":[{"name":"wp","href":"https:\/\/api.w.org\/{rel}","templated":true}]}}