{"id":159,"date":"2024-06-15T08:13:31","date_gmt":"2024-06-15T08:13:31","guid":{"rendered":"https:\/\/rfid-laundry-tag.com\/?post_type=product&#038;p=159"},"modified":"2024-08-14T16:18:47","modified_gmt":"2024-08-14T16:18:47","slug":"nfc-laundry-token-ntag216","status":"publish","type":"product","link":"https:\/\/rfid-laundry-tag.com\/vi\/nfc-laundry-token-ntag216\/","title":{"rendered":"Th\u1ebb gi\u1eb7t \u1ee7i NFC-NTAG216"},"content":{"rendered":"<div class=\"J_module\">\n<div class=\"ife-detail-decorate-table\">\n<table class=\"has-title all magic-6\">\n<tbody>\n<tr>\n<td colspan=\"1\" rowspan=\"1\">\n<div class=\"magic-7\" data-spm-anchor-id=\"a2700.details.0.i45.77607d98vZbcDU\"><span class=\"magic-8\" style=\"color: #363535;\">T\u00ean m\u1eb7t h\u00e0ng<\/span><\/div>\n<\/td>\n<td colspan=\"1\" rowspan=\"1\">\n<div class=\"magic-9\">Th\u1ebb gi\u1eb7t \u1ee7i NFC \u2013 NTAG216<\/div>\n<\/td>\n<\/tr>\n<tr>\n<td colspan=\"1\" rowspan=\"1\">\n<div class=\"magic-7\"><span class=\"magic-10\" data-spm-anchor-id=\"a2700.pc-decorate.0.i10.28d333330XLbTD\"><span class=\"magic-8\">V\u1eadt li\u1ec7u<\/span><\/span><\/div>\n<\/td>\n<td colspan=\"1\" rowspan=\"1\">\n<div class=\"magic-9\"><span class=\"magic-8\">PPS<\/span><\/div>\n<\/td>\n<\/tr>\n<tr>\n<td colspan=\"1\" rowspan=\"1\">\n<div class=\"magic-7\"><span class=\"magic-8\">M\u00e0u s\u1eafc<\/span><\/div>\n<\/td>\n<td colspan=\"1\" rowspan=\"1\">\n<div class=\"magic-9\"><span class=\"magic-8\">\u0110en, V\u00e0ng, v.v.<\/span><\/div>\n<\/td>\n<\/tr>\n<tr>\n<td colspan=\"1\" rowspan=\"1\">S\u1ed1 l\u01b0\u1ee3ng \u0111\u1eb7t h\u00e0ng t\u1ed1i thi\u1ec3u<\/td>\n<td colspan=\"1\" rowspan=\"1\">500 chi\u1ebfc<\/td>\n<\/tr>\n<tr>\n<td colspan=\"1\" rowspan=\"1\">\n<div class=\"magic-7\"><span class=\"magic-8\">Nh\u00e0 s\u1ea3n xu\u1ea5t\/Chip<\/span><\/div>\n<\/td>\n<td colspan=\"1\" rowspan=\"1\">\n<div class=\"magic-9\"><span class=\"magic-8\">NXP Ntag213, Ntag215, Ntag216, Mifare Ultralight ev1 v.v.<\/span><\/div>\n<\/td>\n<\/tr>\n<tr>\n<td colspan=\"1\" rowspan=\"1\">\n<div class=\"magic-7\"><span class=\"magic-8\">T\u00ednh th\u01b0\u1eddng xuy\u00ean<\/span><\/div>\n<\/td>\n<td colspan=\"1\" rowspan=\"1\">\n<div class=\"magic-9\"><span class=\"magic-8\">13,56MHz<\/span><\/div>\n<\/td>\n<\/tr>\n<tr>\n<td colspan=\"1\" rowspan=\"1\">\n<div class=\"magic-7\"><span class=\"magic-8\">K\u00fd \u1ee9c<\/span><\/div>\n<\/td>\n<td colspan=\"1\" rowspan=\"1\">\n<div class=\"magic-9\"><span class=\"magic-8\">144 Byte, 504 Byte, 888 Byte, 64 Byte, v.v.<\/span><\/div>\n<\/td>\n<\/tr>\n<tr>\n<td colspan=\"1\" rowspan=\"1\">\n<div class=\"magic-7\"><span class=\"magic-8\">Kho\u1ea3ng c\u00e1ch \u0111\u1ecdc<\/span><\/div>\n<\/td>\n<td colspan=\"1\" rowspan=\"1\">\n<div class=\"magic-9\"><span class=\"magic-8\">1~5cm<\/span><\/div>\n<\/td>\n<\/tr>\n<tr>\n<td colspan=\"1\" rowspan=\"1\">\n<div class=\"magic-7\"><span class=\"magic-8\">Ch\u1ebf \u0111\u1ed9 l\u00e0m vi\u1ec7c<\/span><\/div>\n<\/td>\n<td colspan=\"1\" rowspan=\"1\">\n<div class=\"magic-9\"><span class=\"magic-8\">th\u1ee5 \u0111\u1ed9ng<\/span><\/div>\n<\/td>\n<\/tr>\n<tr>\n<td colspan=\"1\" rowspan=\"1\">\n<div class=\"magic-7\"><span class=\"magic-8\">Nhi\u1ec7t \u0111\u1ed9 l\u00e0m vi\u1ec7c<\/span><\/div>\n<\/td>\n<td colspan=\"1\" rowspan=\"1\">\n<div class=\"magic-9\"><span class=\"magic-8\">-25\u2103~+110\u2103<\/span><\/div>\n<\/td>\n<\/tr>\n<tr>\n<td colspan=\"1\" rowspan=\"1\">\n<div class=\"magic-7\"><span class=\"magic-8\">Nhi\u1ec7t \u0111\u1ed9 l\u01b0u tr\u1eef<\/span><\/div>\n<\/td>\n<td colspan=\"1\" rowspan=\"1\">\n<div class=\"magic-9\"><span class=\"magic-8\">-40\u2103~+85\u2103<\/span><\/div>\n<\/td>\n<\/tr>\n<tr>\n<td colspan=\"1\" rowspan=\"1\">\n<div class=\"magic-7\">\n<div><span class=\"magic-8\">\u00a0<\/span><\/div>\n<p><span class=\"magic-8\">Kh\u1ea3 n\u0103ng ch\u1ecbu nhi\u1ec7t \u0111\u1ed9 ng\u1eafn h\u1ea1n<\/span><\/p>\n<\/div>\n<\/td>\n<td colspan=\"1\" rowspan=\"1\">\n<div class=\"magic-9\"><span class=\"magic-8\">gi\u1eb7t: 90\u2103, 15 ph\u00fat; s\u1ea5y kh\u00f4 tr\u01b0\u1edbc b\u1eb1ng b\u1ed9 chuy\u1ec3n \u0111\u1ed5i: 180\u2103, 30 ph\u00fat, 200 l\u1ea7n; \u1ee7i: 180\u2103, 10 gi\u00e2y, 200 l\u1ea7n; cao<br \/>\nnhi\u1ec7t \u0111\u1ed9 kh\u1eed tr\u00f9ng: 135\u2103, 20 ph\u00fat<\/span><\/div>\n<\/td>\n<\/tr>\n<tr>\n<td colspan=\"1\" rowspan=\"1\">\n<div class=\"magic-7\"><span class=\"magic-8\">\u0110\u1eb7c tr\u01b0ng<\/span><\/div>\n<\/td>\n<td colspan=\"1\" rowspan=\"1\">\n<div class=\"magic-9\"><span class=\"magic-8\">kh\u00f4ng th\u1ea5m n\u01b0\u1edbc, c\u00f3 th\u1ec3 gi\u1eb7t \u0111\u01b0\u1ee3c, ch\u1ecbu \u0111\u01b0\u1ee3c nhi\u1ec7t \u0111\u1ed9 cao<\/span><\/div>\n<\/td>\n<\/tr>\n<tr>\n<td colspan=\"1\" rowspan=\"1\">\n<div class=\"magic-7\"><span class=\"magic-8\">M\u1ea1ng s\u1ed1ng<\/span><\/div>\n<\/td>\n<td colspan=\"1\" rowspan=\"1\">\n<div class=\"magic-9\"><span class=\"magic-8\">gi\u1eb7t 200 l\u1ea7n ho\u1eb7c 3 n\u0103m<\/span><\/div>\n<\/td>\n<\/tr>\n<tr>\n<td colspan=\"1\" rowspan=\"1\">\n<div class=\"magic-7\"><span class=\"magic-8\">\u1ee8ng d\u1ee5ng<\/span><\/div>\n<\/td>\n<td colspan=\"1\" rowspan=\"1\">\n<div class=\"magic-9\"><span class=\"magic-8\">qu\u1ea3n l\u00fd v\u00e0 theo d\u00f5i gi\u1eb7t l\u00e0<\/span><\/div>\n<\/td>\n<\/tr>\n<\/tbody>\n<\/table>\n<\/div>\n<\/div>\n<div class=\"J_module\">\n<div class=\"detail-decorate-json-renderer-container\">\n<div class=\"magic-1\">\n<div>\n<div><\/div>\n<\/div>\n<div class=\"magic-2\">\n<div class=\"auto-hide-last-sibling-br paragraph_1252f paragraph-element\">\n<div class=\"auto-hide-last-sibling-br paragraph_1252f paragraph-element\">\n<p>NTAG 213, NTAG 215 v\u00e0 NTAG 216 \u0111\u00e3 \u0111\u01b0\u1ee3c ph\u00e1t tri\u1ec3n b\u1edfi NXP<sup>\u00ae<\/sup>\u00a0Ch\u1ea5t b\u00e1n d\u1eabn l\u00e0 IC th\u1ebb NFC ti\u00eau chu\u1ea9n \u0111\u01b0\u1ee3c s\u1eed d\u1ee5ng trong c\u00e1c \u1ee9ng d\u1ee5ng th\u1ecb tr\u01b0\u1eddng \u0111\u1ea1i ch\u00fang nh\u01b0 b\u00e1n l\u1ebb, ch\u01a1i game v\u00e0 \u0111i\u1ec7n t\u1eed ti\u00eau d\u00f9ng, k\u1ebft h\u1ee3p v\u1edbi c\u00e1c thi\u1ebft b\u1ecb NFC ho\u1eb7c Thi\u1ebft b\u1ecb gh\u00e9p n\u1ed1i ti\u1ec7m c\u1eadn tu\u00e2n th\u1ee7 NFC. NTAG 213, NTAG 215 v\u00e0 NTAG 216 (t\u1eeb nay tr\u1edf \u0111i, th\u01b0\u1eddng \u0111\u01b0\u1ee3c g\u1ecdi l\u00e0 NTAG 21x) \u0111\u01b0\u1ee3c thi\u1ebft k\u1ebf \u0111\u1ec3 tu\u00e2n th\u1ee7 \u0111\u1ea7y \u0111\u1ee7 c\u00e1c th\u00f4ng s\u1ed1 k\u1ef9 thu\u1eadt c\u1ee7a NFC Forum Type 2 Tag v\u00e0 ISO\/IEC14443 Type A.<\/p>\n<p>C\u00e1c \u1ee9ng d\u1ee5ng m\u1ee5c ti\u00eau bao g\u1ed3m qu\u1ea3ng c\u00e1o th\u00f4ng minh tr\u00ean ph\u01b0\u01a1ng ti\u1ec7n in \u1ea5n v\u00e0 ngo\u00e0i tr\u1eddi, \u1ee9ng d\u1ee5ng SoLoMo, x\u00e1c th\u1ef1c s\u1ea3n ph\u1ea9m, nh\u00e3n k\u1ec7 NFC v\u00e0 th\u1ebb \u0111\u1ed3ng h\u00e0nh di \u0111\u1ed9ng.<\/p>\n<p>C\u00e1c tr\u01b0\u1eddng h\u1ee3p s\u1eed d\u1ee5ng m\u1ee5c ti\u00eau bao g\u1ed3m qu\u1ea3ng c\u00e1o th\u00f4ng minh ngo\u00e0i tr\u1eddi, x\u00e1c th\u1ef1c s\u1ea3n ph\u1ea9m, th\u1ebb \u0111\u1ed3ng h\u00e0nh tr\u00ean thi\u1ebft b\u1ecb di \u0111\u1ed9ng, Bluetooth<sup>\u00ae<\/sup>\u00a0ho\u1eb7c gh\u00e9p n\u1ed1i Wi-Fi, nh\u00e3n k\u1ec7 \u0111i\u1ec7n t\u1eed v\u00e0 danh thi\u1ebfp. B\u1ed9 nh\u1edb NTAG 21x c\u0169ng c\u00f3 th\u1ec3 \u0111\u01b0\u1ee3c ph\u00e2n \u0111o\u1ea1n \u0111\u1ec3 tri\u1ec3n khai nhi\u1ec1u \u1ee9ng d\u1ee5ng c\u00f9ng m\u1ed9t l\u00fac.<\/p>\n<p>Nh\u1edd \u0111i\u1ec7n dung \u0111\u1ea7u v\u00e0o cao, IC th\u1ebb NTAG 21x \u0111\u01b0\u1ee3c thi\u1ebft k\u1ebf ri\u00eang cho c\u00e1c \u1ee9ng d\u1ee5ng y\u00eau c\u1ea7u di\u1ec7n t\u00edch nh\u1ecf m\u00e0 kh\u00f4ng \u1ea3nh h\u01b0\u1edfng \u0111\u1ebfn hi\u1ec7u su\u1ea5t. Th\u1ebb NFC nh\u1ecf c\u00f3 th\u1ec3 d\u1ec5 d\u00e0ng nh\u00fang v\u00e0o, v\u00ed d\u1ee5, nh\u00e3n s\u1ea3n ph\u1ea9m ho\u1eb7c thi\u1ebft b\u1ecb \u0111i\u1ec7n t\u1eed.<\/p>\n<p>C\u00e1c th\u00f4ng s\u1ed1 k\u1ef9 thu\u1eadt c\u01a1 v\u00e0 \u0111i\u1ec7n c\u1ee7a NTAG 21x \u0111\u01b0\u1ee3c thi\u1ebft k\u1ebf ri\u00eang \u0111\u1ec3 \u0111\u00e1p \u1ee9ng c\u00e1c y\u00eau c\u1ea7u c\u1ee7a nh\u00e0 s\u1ea3n xu\u1ea5t mi\u1ebfng d\u00e1n v\u00e0 th\u1ebb.<\/p>\n<h3>Truy\u1ec1n d\u1eef li\u1ec7u v\u00e0 n\u0103ng l\u01b0\u1ee3ng kh\u00f4ng ti\u1ebfp x\u00fac<\/h3>\n<p>Ch\u1ec9 c\u00f3 th\u1ec3 thi\u1ebft l\u1eadp k\u1ebft n\u1ed1i v\u1edbi NTAG 21x khi IC \u0111\u01b0\u1ee3c k\u1ebft n\u1ed1i v\u1edbi \u0103ng-ten.<\/p>\n<p>Khi NTAG 21x \u0111\u01b0\u1ee3c \u0111\u1eb7t trong tr\u01b0\u1eddng RF, giao di\u1ec7n truy\u1ec1n th\u00f4ng RF t\u1ed1c \u0111\u1ed9 cao cho ph\u00e9p truy\u1ec1n d\u1eef li\u1ec7u v\u1edbi t\u1ed1c \u0111\u1ed9 truy\u1ec1n 106 kbit\/gi\u00e2y.<\/p>\n<h3>Tri\u1ec3n khai \u0111\u01a1n gi\u1ea3n v\u00e0 ti\u1ec7n l\u1ee3i cho ng\u01b0\u1eddi d\u00f9ng<\/h3>\n<p>NTAG 21x cung c\u1ea5p c\u00e1c t\u00ednh n\u0103ng c\u1ee5 th\u1ec3 \u0111\u01b0\u1ee3c thi\u1ebft k\u1ebf \u0111\u1ec3 c\u1ea3i thi\u1ec7n kh\u1ea3 n\u0103ng t\u00edch h\u1ee3p v\u00e0 s\u1ef1 ti\u1ec7n l\u1ee3i cho ng\u01b0\u1eddi d\u00f9ng:<\/p>\n<ul>\n<li>Kh\u1ea3 n\u0103ng \u0111\u1ecdc nhanh cho ph\u00e9p qu\u00e9t to\u00e0n b\u1ed9 tin nh\u1eafn NDEF ch\u1ec9 b\u1eb1ng m\u1ed9t l\u1ec7nh FAST_READ, do \u0111\u00f3 gi\u1ea3m chi ph\u00ed trong m\u00f4i tr\u01b0\u1eddng s\u1ea3n xu\u1ea5t th\u00f4ng l\u01b0\u1ee3ng cao<\/li>\n<li>Hi\u1ec7u su\u1ea5t RF \u0111\u01b0\u1ee3c c\u1ea3i thi\u1ec7n cho ph\u00e9p linh ho\u1ea1t h\u01a1n trong vi\u1ec7c l\u1ef1a ch\u1ecdn h\u00ecnh d\u1ea1ng, k\u00edch th\u01b0\u1edbc v\u00e0 v\u1eadt li\u1ec7u<\/li>\n<li>T\u00f9y ch\u1ecdn \u0111\u1ed9 d\u00e0y IC 75 \u03bcm cho ph\u00e9p s\u1ea3n xu\u1ea5t c\u00e1c th\u1ebb si\u00eau m\u1ecfng, \u0111\u1ec3 t\u00edch h\u1ee3p thu\u1eadn ti\u1ec7n h\u01a1n v\u00e0o, v\u00ed d\u1ee5, t\u1ea1p ch\u00ed ho\u1eb7c th\u1ebb ch\u01a1i game<\/li>\n<\/ul>\n<h3>B\u1ea3o v\u1ec7<\/h3>\n<ul>\n<li>Nh\u00e0 s\u1ea3n xu\u1ea5t l\u1eadp tr\u00ecnh UID 7 byte cho m\u1ed7i thi\u1ebft b\u1ecb<\/li>\n<li>Container Kh\u1ea3 n\u0103ng \u0111\u01b0\u1ee3c l\u1eadp tr\u00ecnh s\u1eb5n v\u1edbi c\u00e1c bit c\u00f3 th\u1ec3 l\u1eadp tr\u00ecnh m\u1ed9t l\u1ea7n<\/li>\n<li>Ch\u1ee9c n\u0103ng kh\u00f3a ch\u1ec9 \u0111\u1ecdc c\u00f3 th\u1ec3 l\u1eadp tr\u00ecnh t\u1ea1i hi\u1ec7n tr\u01b0\u1eddng<\/li>\n<li>Ch\u1eef k\u00fd g\u1ed1c d\u1ef1a tr\u00ean ECC<\/li>\n<li>B\u1ea3o v\u1ec7 b\u1eb1ng m\u1eadt kh\u1ea9u 32-bit \u0111\u1ec3 ng\u0103n ch\u1eb7n c\u00e1c ho\u1ea1t \u0111\u1ed9ng b\u1ed9 nh\u1edb tr\u00e1i ph\u00e9p<\/li>\n<\/ul>\n<h3>Tu\u00e2n th\u1ee7 lo\u1ea1i Th\u1ebb Di\u1ec5n \u0111\u00e0n NFC 2<\/h3>\n<p>IC NTAG 21x tu\u00e2n th\u1ee7 \u0111\u1ea7y \u0111\u1ee7 th\u00f4ng s\u1ed1 k\u1ef9 thu\u1eadt c\u1ee7a NFC Forum Tag 2 v\u00e0 cho ph\u00e9p c\u1ea5u h\u00ecnh c\u1ea5u tr\u00fac d\u1eef li\u1ec7u NDEF.<\/p>\n<h3>Ch\u1ed1ng va ch\u1ea1m<\/h3>\n<p>Ch\u1ee9c n\u0103ng ch\u1ed1ng va ch\u1ea1m th\u00f4ng minh cho ph\u00e9p v\u1eadn h\u00e0nh nhi\u1ec1u th\u1ebb c\u00f9ng l\u00fac tr\u00ean th\u1ef1c \u0111\u1ecba. Thu\u1eadt to\u00e1n ch\u1ed1ng va ch\u1ea1m ch\u1ecdn t\u1eebng th\u1ebb ri\u00eang l\u1ebb v\u00e0 \u0111\u1ea3m b\u1ea3o th\u1ef1c hi\u1ec7n giao d\u1ecbch v\u1edbi th\u1ebb \u0111\u00e3 ch\u1ecdn \u0111\u01b0\u1ee3c th\u1ef1c hi\u1ec7n ch\u00ednh x\u00e1c m\u00e0 kh\u00f4ng b\u1ecb \u1ea3nh h\u01b0\u1edfng b\u1edfi th\u1ebb kh\u00e1c tr\u00ean th\u1ef1c \u0111\u1ecba.<\/p>\n<h3>\u0110\u1eb7c tr\u01b0ng<\/h3>\n<div id=\"featuresXsp\" class=\"features-list toggle-opacity in\">\n<div class=\"features-xsp\">\n<div class=\"collapse-mobile ste-list-ul\">\n<ul class=\"boxes\">\n<li>Truy\u1ec1n d\u1eef li\u1ec7u v\u00e0 cung c\u1ea5p n\u0103ng l\u01b0\u1ee3ng kh\u00f4ng ti\u1ebfp x\u00fac<\/li>\n<li>T\u1ea7n s\u1ed1 ho\u1ea1t \u0111\u1ed9ng 13,56 MHz<\/li>\n<li>Truy\u1ec1n d\u1eef li\u1ec7u 106 kbit\/gi\u00e2y<\/li>\n<li>T\u00ednh to\u00e0n v\u1eb9n d\u1eef li\u1ec7u c\u1ee7a CRC 16 bit, t\u00ednh ch\u1eb5n l\u1ebb, m\u00e3 h\u00f3a bit, \u0111\u1ebfm bit<\/li>\n<li>Kho\u1ea3ng c\u00e1ch ho\u1ea1t \u0111\u1ed9ng l\u00ean t\u1edbi 100 mm (t\u00f9y thu\u1ed9c v\u00e0o nhi\u1ec1u th\u00f4ng s\u1ed1 kh\u00e1c nhau nh\u01b0 c\u01b0\u1eddng \u0111\u1ed9 tr\u01b0\u1eddng v\u00e0 h\u00ecnh d\u1ea1ng \u0103ng-ten)<\/li>\n<li>S\u1ed1 s\u00ea-ri 7 byte (c\u1ea5p \u0111\u1ed9 x\u1ebfp t\u1ea7ng 2 theo ISO\/IEC 14443-3)<\/li>\n<li>G\u01b0\u01a1ng ASCII UID \u0111\u1ec3 t\u1ef1 \u0111\u1ed9ng tu\u1ea7n t\u1ef1 h\u00f3a c\u00e1c th\u00f4ng \u0111i\u1ec7p NDEF<\/li>\n<li>B\u1ed9 \u0111\u1ebfm NFC t\u1ef1 \u0111\u1ed9ng \u0111\u01b0\u1ee3c k\u00edch ho\u1ea1t khi c\u00f3 l\u1ec7nh \u0111\u1ecdc<\/li>\n<li>B\u1ed9 \u0111\u1ebfm NFC ASCII mirror \u0111\u1ec3 t\u1ef1 \u0111\u1ed9ng th\u00eam gi\u00e1 tr\u1ecb b\u1ed9 \u0111\u1ebfm NFC v\u00e0o tin nh\u1eafn NDEF<\/li>\n<li>Ch\u1eef k\u00fd g\u1ed1c d\u1ef1a tr\u00ean ECC<\/li>\n<li>L\u1ec7nh \u0111\u1ecdc nhanh<\/li>\n<li>Ch\u1ed1ng va ch\u1ea1m th\u1ef1c s\u1ef1<\/li>\n<li>\u0110i\u1ec7n dung \u0111\u1ea7u v\u00e0o 50 pF<\/li>\n<\/ul>\n<\/div>\n<div class=\"collapse-mobile ste-list-ul\">\n<ul class=\"boxes\">\n<li>180, 540 ho\u1eb7c 924 byte \u0111\u01b0\u1ee3c s\u1eafp x\u1ebfp th\u00e0nh 45, 135 ho\u1eb7c 231 trang v\u1edbi 4 byte cho m\u1ed7i trang<\/li>\n<li>Khu v\u1ef1c \u0110\u1ecdc\/Ghi mi\u1ec5n ph\u00ed 144, 504 ho\u1eb7c 888 byte d\u00e0nh cho ng\u01b0\u1eddi d\u00f9ng (36, 126 ho\u1eb7c 222 trang)<\/li>\n<li>B\u1ed9 ch\u1ee9a kh\u1ea3 n\u0103ng kh\u1edfi t\u1ea1o 4 byte v\u1edbi c\u00e1c bit truy c\u1eadp c\u00f3 th\u1ec3 l\u1eadp tr\u00ecnh m\u1ed9t l\u1ea7n<\/li>\n<li>Ch\u1ee9c n\u0103ng kh\u00f3a ch\u1ec9 \u0111\u1ecdc c\u00f3 th\u1ec3 l\u1eadp tr\u00ecnh t\u1ea1i ch\u1ed7 cho m\u1ed7i trang trong 16 trang \u0111\u1ea7u ti\u00ean<\/li>\n<li>Ch\u1ee9c n\u0103ng kh\u00f3a ch\u1ec9 \u0111\u1ecdc c\u00f3 th\u1ec3 l\u1eadp tr\u00ecnh t\u1ea1i ch\u1ed7 tr\u00ean 16 trang \u0111\u1ea7u ti\u00ean cho m\u1ed7i trang \u0111\u00f4i \u0111\u1ed1i v\u1edbi NTAG 213 ho\u1eb7c cho m\u1ed7i 16 trang \u0111\u1ed1i v\u1edbi NTAG 215 v\u00e0 NTAG 216<\/li>\n<li>B\u1ea3o v\u1ec7 m\u1eadt kh\u1ea9u c\u00f3 th\u1ec3 c\u1ea5u h\u00ecnh v\u1edbi gi\u1edbi h\u1ea1n t\u00f9y ch\u1ecdn v\u1ec1 s\u1ed1 l\u1ea7n th\u1eed kh\u00f4ng th\u00e0nh c\u00f4ng<\/li>\n<li>H\u1ed7 tr\u1ee3 ch\u1ed1ng r\u00e1ch cho kh\u1ea3 n\u0103ng ch\u1ee9a (CC) v\u00e0 bit kh\u00f3a<\/li>\n<li>Ki\u1ec3m tra t\u00ednh nguy\u00ean b\u1ea3n \u0111\u01b0\u1ee3c ECC h\u1ed7 tr\u1ee3<\/li>\n<li>Th\u1eddi gian l\u01b0u gi\u1eef d\u1eef li\u1ec7u l\u00e0 10 n\u0103m<\/li>\n<li>Vi\u1ebft \u0111\u1ed9 b\u1ec1n 100.000 chu k\u1ef3<\/li>\n<\/ul>\n<\/div>\n<\/div>\n<\/div>\n<\/div>\n<p>&nbsp;<\/p>\n<div class=\"auto-hide-last-sibling-br paragraph_1252f paragraph-element\"><\/div>\n<div class=\"auto-hide-last-sibling-br paragraph_1252f paragraph-element\"><\/div>\n<\/div>\n<\/div>\n<\/div>\n<\/div>\n<\/div>","protected":false},"excerpt":{"rendered":"<p>Th\u1ebb gi\u1eb7t NFC-NTAG216, c\u00f2n \u0111\u01b0\u1ee3c g\u1ecdi l\u00e0 th\u1ebb NFC c\u00f3 th\u1ec3 gi\u1eb7t b\u1eb1ng PPS, \u0111\u01b0\u1ee3c ch\u1ebf t\u1ea1o cho nh\u1eefng t\u00ecnh hu\u1ed1ng \u0111\u00f2i h\u1ecfi th\u1ebb b\u1ec1n ch\u1eafc c\u00f3 kh\u1ea3 n\u0103ng ho\u1ea1t \u0111\u1ed9ng trong m\u00f4i tr\u01b0\u1eddng kh\u1eafc nghi\u1ec7t.<\/p>","protected":false},"featured_media":160,"template":"","meta":{"_kad_post_transparent":"default","_kad_post_title":"","_kad_post_layout":"default","_kad_post_sidebar_id":"","_kad_post_content_style":"default","_kad_post_vertical_padding":"default","_kad_post_feature":"","_kad_post_feature_position":"","_kad_post_header":false,"_kad_post_footer":false,"_kad_post_classname":""},"product_brand":[],"product_cat":[21,17],"product_tag":[37,74,42,45],"class_list":{"0":"post-159","1":"product","2":"type-product","3":"status-publish","4":"has-post-thumbnail","6":"product_cat-pps-rfid-laundry-tag","7":"product_cat-nfc-rfid-laundry-tag","8":"product_tag-nfc-button","9":"product_tag-nfc-laundry-token-ntag216","10":"product_tag-pps-nfc-laundry-tag","11":"product_tag-pps-washable-nfc-tags","13":"first","14":"instock","15":"shipping-taxable","16":"product-type-simple","17":"entry","18":"content-bg","19":"loop-entry"},"_links":{"self":[{"href":"https:\/\/rfid-laundry-tag.com\/vi\/wp-json\/wp\/v2\/product\/159","targetHints":{"allow":["GET"]}}],"collection":[{"href":"https:\/\/rfid-laundry-tag.com\/vi\/wp-json\/wp\/v2\/product"}],"about":[{"href":"https:\/\/rfid-laundry-tag.com\/vi\/wp-json\/wp\/v2\/types\/product"}],"version-history":[{"count":1,"href":"https:\/\/rfid-laundry-tag.com\/vi\/wp-json\/wp\/v2\/product\/159\/revisions"}],"predecessor-version":[{"id":1317,"href":"https:\/\/rfid-laundry-tag.com\/vi\/wp-json\/wp\/v2\/product\/159\/revisions\/1317"}],"wp:featuredmedia":[{"embeddable":true,"href":"https:\/\/rfid-laundry-tag.com\/vi\/wp-json\/wp\/v2\/media\/160"}],"wp:attachment":[{"href":"https:\/\/rfid-laundry-tag.com\/vi\/wp-json\/wp\/v2\/media?parent=159"}],"wp:term":[{"taxonomy":"product_brand","embeddable":true,"href":"https:\/\/rfid-laundry-tag.com\/vi\/wp-json\/wp\/v2\/product_brand?post=159"},{"taxonomy":"product_cat","embeddable":true,"href":"https:\/\/rfid-laundry-tag.com\/vi\/wp-json\/wp\/v2\/product_cat?post=159"},{"taxonomy":"product_tag","embeddable":true,"href":"https:\/\/rfid-laundry-tag.com\/vi\/wp-json\/wp\/v2\/product_tag?post=159"}],"curies":[{"name":"wp","href":"https:\/\/api.w.org\/{rel}","templated":true}]}}